{"id":10194,"date":"2025-12-10T06:07:21","date_gmt":"2025-12-10T06:07:21","guid":{"rendered":"https:\/\/lirolight.com\/?post_type=product&#038;p=10194"},"modified":"2026-01-12T06:25:09","modified_gmt":"2026-01-12T06:25:09","slug":"liro-lite-rgbw-atomic-3000w-dmx-led-strobe-light-led-flashing-washing-strobe-light","status":"publish","type":"product","link":"https:\/\/lirolight.com\/de\/produkt\/liro-lite-rgbw-atomic-3000w-dmx-led-strobe-light-led-flashing-washing-strobe-light\/","title":{"rendered":"LiRO-LITE RGBW Atomic 3000W DMX LED Strobe Light LED Flashing Washing Strobe Light"},"content":{"rendered":"<h2 class=\"wp-block-heading\"><strong><mark style=\"background-color:#000000\" class=\"has-inline-color has-white-color\">LR-ATOLIMC 3000 LED<\/mark><\/strong><\/h2>\n\n\n\n<hr class=\"wp-block-separator has-alpha-channel-opacity\"\/>\n\n\n\n<h2 class=\"wp-block-heading\">Bilder:<\/h2>\n\n\n\n<div class=\"wp-block-columns is-layout-flex wp-container-core-columns-is-layout-28f84493 wp-block-columns-is-layout-flex\">\n<div class=\"wp-block-column is-layout-flow wp-block-column-is-layout-flow\">\n<figure class=\"wp-block-image size-full\"><img fetchpriority=\"high\" decoding=\"async\" width=\"720\" height=\"720\" src=\"https:\/\/lirolight.com\/wp-content\/uploads\/2025\/12\/2222.png\" alt=\"\" class=\"wp-image-10195\" srcset=\"https:\/\/lirolight.com\/wp-content\/uploads\/2025\/12\/2222.png 720w, https:\/\/lirolight.com\/wp-content\/uploads\/2025\/12\/2222-300x300.png 300w, https:\/\/lirolight.com\/wp-content\/uploads\/2025\/12\/2222-150x150.png 150w, https:\/\/lirolight.com\/wp-content\/uploads\/2025\/12\/2222-12x12.png 12w, https:\/\/lirolight.com\/wp-content\/uploads\/2025\/12\/2222-441x441.png 441w, https:\/\/lirolight.com\/wp-content\/uploads\/2025\/12\/2222-100x100.png 100w, https:\/\/lirolight.com\/wp-content\/uploads\/2025\/12\/2222-500x500.png 500w, https:\/\/lirolight.com\/wp-content\/uploads\/2025\/12\/2222-40x40.png 40w\" sizes=\"(max-width: 720px) 100vw, 720px\" \/><\/figure>\n<\/div>\n\n\n\n<div class=\"wp-block-column is-layout-flow wp-block-column-is-layout-flow\">\n<figure class=\"wp-block-image size-full\"><img decoding=\"async\" width=\"720\" height=\"720\" data-src=\"https:\/\/lirolight.com\/wp-content\/uploads\/2025\/12\/3333.png\" alt=\"\" class=\"wp-image-10196 lazyload\" data-srcset=\"https:\/\/lirolight.com\/wp-content\/uploads\/2025\/12\/3333.png 720w, https:\/\/lirolight.com\/wp-content\/uploads\/2025\/12\/3333-300x300.png 300w, https:\/\/lirolight.com\/wp-content\/uploads\/2025\/12\/3333-150x150.png 150w, https:\/\/lirolight.com\/wp-content\/uploads\/2025\/12\/3333-12x12.png 12w, https:\/\/lirolight.com\/wp-content\/uploads\/2025\/12\/3333-441x441.png 441w, https:\/\/lirolight.com\/wp-content\/uploads\/2025\/12\/3333-100x100.png 100w, https:\/\/lirolight.com\/wp-content\/uploads\/2025\/12\/3333-500x500.png 500w, https:\/\/lirolight.com\/wp-content\/uploads\/2025\/12\/3333-40x40.png 40w\" data-sizes=\"(max-width: 720px) 100vw, 720px\" src=\"data:image\/gif;base64,R0lGODlhAQABAAAAACH5BAEKAAEALAAAAAABAAEAAAICTAEAOw==\" style=\"--smush-placeholder-width: 720px; --smush-placeholder-aspect-ratio: 720\/720;\" \/><noscript><img decoding=\"async\" width=\"720\" height=\"720\" src=\"https:\/\/lirolight.com\/wp-content\/uploads\/2025\/12\/3333.png\" alt=\"\" class=\"wp-image-10196\" srcset=\"https:\/\/lirolight.com\/wp-content\/uploads\/2025\/12\/3333.png 720w, https:\/\/lirolight.com\/wp-content\/uploads\/2025\/12\/3333-300x300.png 300w, https:\/\/lirolight.com\/wp-content\/uploads\/2025\/12\/3333-150x150.png 150w, https:\/\/lirolight.com\/wp-content\/uploads\/2025\/12\/3333-12x12.png 12w, https:\/\/lirolight.com\/wp-content\/uploads\/2025\/12\/3333-441x441.png 441w, https:\/\/lirolight.com\/wp-content\/uploads\/2025\/12\/3333-100x100.png 100w, https:\/\/lirolight.com\/wp-content\/uploads\/2025\/12\/3333-500x500.png 500w, https:\/\/lirolight.com\/wp-content\/uploads\/2025\/12\/3333-40x40.png 40w\" sizes=\"(max-width: 720px) 100vw, 720px\" \/><\/noscript><\/figure>\n<\/div>\n<\/div>\n\n\n\n<figure class=\"wp-block-image aligncenter size-full is-resized\"><img decoding=\"async\" width=\"800\" height=\"800\" data-src=\"https:\/\/lirolight.com\/wp-content\/uploads\/2025\/12\/8.jpg\" alt=\"\" class=\"wp-image-10201 lazyload\" style=\"--smush-placeholder-width: 800px; --smush-placeholder-aspect-ratio: 800\/800;width:900px;height:auto\" data-srcset=\"https:\/\/lirolight.com\/wp-content\/uploads\/2025\/12\/8.jpg 800w, https:\/\/lirolight.com\/wp-content\/uploads\/2025\/12\/8-300x300.jpg 300w, https:\/\/lirolight.com\/wp-content\/uploads\/2025\/12\/8-150x150.jpg 150w, https:\/\/lirolight.com\/wp-content\/uploads\/2025\/12\/8-768x768.jpg 768w, https:\/\/lirolight.com\/wp-content\/uploads\/2025\/12\/8-12x12.jpg 12w, https:\/\/lirolight.com\/wp-content\/uploads\/2025\/12\/8-441x441.jpg 441w, https:\/\/lirolight.com\/wp-content\/uploads\/2025\/12\/8-100x100.jpg 100w, https:\/\/lirolight.com\/wp-content\/uploads\/2025\/12\/8-500x500.jpg 500w, https:\/\/lirolight.com\/wp-content\/uploads\/2025\/12\/8-40x40.jpg 40w\" data-sizes=\"(max-width: 800px) 100vw, 800px\" src=\"data:image\/gif;base64,R0lGODlhAQABAAAAACH5BAEKAAEALAAAAAABAAEAAAICTAEAOw==\" \/><noscript><img decoding=\"async\" width=\"800\" height=\"800\" src=\"https:\/\/lirolight.com\/wp-content\/uploads\/2025\/12\/8.jpg\" alt=\"\" class=\"wp-image-10201\" style=\"width:900px;height:auto\" srcset=\"https:\/\/lirolight.com\/wp-content\/uploads\/2025\/12\/8.jpg 800w, https:\/\/lirolight.com\/wp-content\/uploads\/2025\/12\/8-300x300.jpg 300w, https:\/\/lirolight.com\/wp-content\/uploads\/2025\/12\/8-150x150.jpg 150w, https:\/\/lirolight.com\/wp-content\/uploads\/2025\/12\/8-768x768.jpg 768w, https:\/\/lirolight.com\/wp-content\/uploads\/2025\/12\/8-12x12.jpg 12w, https:\/\/lirolight.com\/wp-content\/uploads\/2025\/12\/8-441x441.jpg 441w, https:\/\/lirolight.com\/wp-content\/uploads\/2025\/12\/8-100x100.jpg 100w, https:\/\/lirolight.com\/wp-content\/uploads\/2025\/12\/8-500x500.jpg 500w, https:\/\/lirolight.com\/wp-content\/uploads\/2025\/12\/8-40x40.jpg 40w\" sizes=\"(max-width: 800px) 100vw, 800px\" \/><\/noscript><\/figure>\n\n\n\n<hr class=\"wp-block-separator has-alpha-channel-opacity\"\/>\n\n\n\n<h2 class=\"wp-block-heading\">Spezifikation:<\/h2>\n\n\n\n<div class=\"wp-block-columns is-layout-flex wp-container-core-columns-is-layout-28f84493 wp-block-columns-is-layout-flex\">\n<div class=\"wp-block-column is-layout-flow wp-block-column-is-layout-flow\">\n<div class=\"wp-block-columns is-layout-flex wp-container-core-columns-is-layout-28f84493 wp-block-columns-is-layout-flex\">\n<div class=\"wp-block-column is-layout-flow wp-block-column-is-layout-flow\">\n<div class=\"wp-block-columns is-layout-flex wp-container-core-columns-is-layout-28f84493 wp-block-columns-is-layout-flex\">\n<div class=\"wp-block-column is-layout-flow wp-block-column-is-layout-flow\" style=\"flex-basis:33.33%\">\n<figure class=\"wp-block-image size-full\"><img loading=\"lazy\" decoding=\"async\" width=\"800\" height=\"800\" data-src=\"https:\/\/lirolight.com\/wp-content\/uploads\/2025\/12\/1-1.jpg\" alt=\"\" class=\"wp-image-10199 lazyload\" data-srcset=\"https:\/\/lirolight.com\/wp-content\/uploads\/2025\/12\/1-1.jpg 800w, https:\/\/lirolight.com\/wp-content\/uploads\/2025\/12\/1-1-300x300.jpg 300w, https:\/\/lirolight.com\/wp-content\/uploads\/2025\/12\/1-1-150x150.jpg 150w, https:\/\/lirolight.com\/wp-content\/uploads\/2025\/12\/1-1-768x768.jpg 768w, https:\/\/lirolight.com\/wp-content\/uploads\/2025\/12\/1-1-12x12.jpg 12w, https:\/\/lirolight.com\/wp-content\/uploads\/2025\/12\/1-1-441x441.jpg 441w, https:\/\/lirolight.com\/wp-content\/uploads\/2025\/12\/1-1-100x100.jpg 100w, https:\/\/lirolight.com\/wp-content\/uploads\/2025\/12\/1-1-500x500.jpg 500w, https:\/\/lirolight.com\/wp-content\/uploads\/2025\/12\/1-1-40x40.jpg 40w\" data-sizes=\"(max-width: 800px) 100vw, 800px\" src=\"data:image\/gif;base64,R0lGODlhAQABAAAAACH5BAEKAAEALAAAAAABAAEAAAICTAEAOw==\" style=\"--smush-placeholder-width: 800px; --smush-placeholder-aspect-ratio: 800\/800;\" \/><noscript><img loading=\"lazy\" decoding=\"async\" width=\"800\" height=\"800\" src=\"https:\/\/lirolight.com\/wp-content\/uploads\/2025\/12\/1-1.jpg\" alt=\"\" class=\"wp-image-10199\" srcset=\"https:\/\/lirolight.com\/wp-content\/uploads\/2025\/12\/1-1.jpg 800w, https:\/\/lirolight.com\/wp-content\/uploads\/2025\/12\/1-1-300x300.jpg 300w, https:\/\/lirolight.com\/wp-content\/uploads\/2025\/12\/1-1-150x150.jpg 150w, https:\/\/lirolight.com\/wp-content\/uploads\/2025\/12\/1-1-768x768.jpg 768w, https:\/\/lirolight.com\/wp-content\/uploads\/2025\/12\/1-1-12x12.jpg 12w, https:\/\/lirolight.com\/wp-content\/uploads\/2025\/12\/1-1-441x441.jpg 441w, https:\/\/lirolight.com\/wp-content\/uploads\/2025\/12\/1-1-100x100.jpg 100w, https:\/\/lirolight.com\/wp-content\/uploads\/2025\/12\/1-1-500x500.jpg 500w, https:\/\/lirolight.com\/wp-content\/uploads\/2025\/12\/1-1-40x40.jpg 40w\" sizes=\"(max-width: 800px) 100vw, 800px\" \/><\/noscript><\/figure>\n<\/div>\n\n\n\n<div class=\"wp-block-column is-layout-flow wp-block-column-is-layout-flow\" style=\"flex-basis:66.66%\">\n<ul class=\"wp-block-list\">\n<li><strong>Die Leuchte hat zwei LED-Arrays<\/strong><\/li>\n\n\n\n<li>Der Beam ist ein hochintensives Array, das leistungsstarke Stroboskop- und Blindeffekte erzeugt.<\/li>\n\n\n\n<li>Die Aura bietet RGB-Effekte, die die Vorderseite des Ger\u00e4ts beleuchten, um die Ausgabe zu erg\u00e4nzen oder zu kontrastieren<\/li>\n\n\n\n<li>vom Balken.<\/li>\n\n\n\n<li><strong>Stroboskop-Effekte<\/strong><\/li>\n\n\n\n<li>Der 3000 LED bietet Stroboskopeffekte mit variabler Blitzrate, Blitzdauer und -intensit\u00e4t vom Beam aus. Au\u00dferdem bietet er die folgenden vorprogrammierten Effekte<\/li>\n\n\n\n<li>Intensit\u00e4tsmodulationseffekte nach oben\/unten rampenf\u00f6rmig<\/li>\n\n\n\n<li>Zuf\u00e4llige Blitze<\/li>\n\n\n\n<li>Blitz - simuliert den sofort erkennbaren \"schmutzigen\" Blitz eines Blitzeinschlags<\/li>\n\n\n\n<li>Spikes - Lichtleistung mit geringer Intensit\u00e4t und Blitzen mit hoher Intensit\u00e4t.<\/li>\n\n\n\n<li><strong>Blinde Effekte<\/strong><\/li>\n\n\n\n<li>Um einen kontinuierlichen Blinder-Effekt zu erzielen, stellen Sie die Blitzdauer auf einen langen Wert und die Blitzrate auf einen hohen Frequenzwert ein, so dass sich die Blitze \"\u00fcberlappen\" und zu einer kontinuierlichen Lichtabgabe verschmelzen.<\/li>\n\n\n\n<li><strong>Aura RGB Farbe<\/strong><\/li>\n\n\n\n<li>Der erweiterte DMX-Modus erm\u00f6glicht die Steuerung der Aura. Sie k\u00f6nnen die Farbe der Aura mit unabh\u00e4ngiger RGB-Steuerung einstellen und auch die Gesamtintensit\u00e4t der Aura steuern. Die vier verschiedenen Dimmkurven, die in den Men\u00fcs des Ger\u00e4ts zur Verf\u00fcgung stehen, gelten sowohl f\u00fcr die Beam- als auch f\u00fcr die Aura-Dimmkurve.<\/li>\n<\/ul>\n<\/div>\n<\/div>\n<\/div>\n<\/div>\n<\/div>\n<\/div>\n\n\n\n<div class=\"wp-block-columns is-layout-flex wp-container-core-columns-is-layout-28f84493 wp-block-columns-is-layout-flex\">\n<div class=\"wp-block-column is-layout-flow wp-block-column-is-layout-flow\" style=\"flex-basis:66.66%\">\n<p>Mit dem gleichen Kanal wie Martin Atomic 3000 Strobe<br>Lichtquelle: 228x3W wei\u00dfe LEDs (Strobe) 64x 0,6w RGB LEDs (Hintergrundbeleuchtung) Array<br>LED-Lebensdauer: mindestens 50 000 Stunden<br>Aufl\u00f6sung: 8 Bit pro Farbe plus 8-Bit-Dimmung<br>Steuerungssysteme: DMX<br>DMX-Kan\u00e4le: 3\/4\/14 Kan\u00e4le<br>Einstellung: Bedienfeld mit hintergrundbeleuchtetem Monochrom-Display<br>N.G.: 7kg \/St\u00fcck<br>Verpackungsgr\u00f6\u00dfe: 50x 24x 34cm (1 Stk.\/Karton)<\/p>\n<\/div>\n\n\n\n<div class=\"wp-block-column is-layout-flow wp-block-column-is-layout-flow\" style=\"flex-basis:33.33%\">\n<figure class=\"wp-block-image size-full\"><img loading=\"lazy\" decoding=\"async\" width=\"800\" height=\"800\" data-src=\"https:\/\/lirolight.com\/wp-content\/uploads\/2025\/12\/6.jpg\" alt=\"\" class=\"wp-image-10198 lazyload\" data-srcset=\"https:\/\/lirolight.com\/wp-content\/uploads\/2025\/12\/6.jpg 800w, https:\/\/lirolight.com\/wp-content\/uploads\/2025\/12\/6-300x300.jpg 300w, https:\/\/lirolight.com\/wp-content\/uploads\/2025\/12\/6-150x150.jpg 150w, https:\/\/lirolight.com\/wp-content\/uploads\/2025\/12\/6-768x768.jpg 768w, https:\/\/lirolight.com\/wp-content\/uploads\/2025\/12\/6-12x12.jpg 12w, https:\/\/lirolight.com\/wp-content\/uploads\/2025\/12\/6-441x441.jpg 441w, https:\/\/lirolight.com\/wp-content\/uploads\/2025\/12\/6-100x100.jpg 100w, https:\/\/lirolight.com\/wp-content\/uploads\/2025\/12\/6-500x500.jpg 500w, https:\/\/lirolight.com\/wp-content\/uploads\/2025\/12\/6-40x40.jpg 40w\" data-sizes=\"(max-width: 800px) 100vw, 800px\" src=\"data:image\/gif;base64,R0lGODlhAQABAAAAACH5BAEKAAEALAAAAAABAAEAAAICTAEAOw==\" style=\"--smush-placeholder-width: 800px; --smush-placeholder-aspect-ratio: 800\/800;\" \/><noscript><img loading=\"lazy\" decoding=\"async\" width=\"800\" height=\"800\" src=\"https:\/\/lirolight.com\/wp-content\/uploads\/2025\/12\/6.jpg\" alt=\"\" class=\"wp-image-10198\" srcset=\"https:\/\/lirolight.com\/wp-content\/uploads\/2025\/12\/6.jpg 800w, https:\/\/lirolight.com\/wp-content\/uploads\/2025\/12\/6-300x300.jpg 300w, https:\/\/lirolight.com\/wp-content\/uploads\/2025\/12\/6-150x150.jpg 150w, https:\/\/lirolight.com\/wp-content\/uploads\/2025\/12\/6-768x768.jpg 768w, https:\/\/lirolight.com\/wp-content\/uploads\/2025\/12\/6-12x12.jpg 12w, https:\/\/lirolight.com\/wp-content\/uploads\/2025\/12\/6-441x441.jpg 441w, https:\/\/lirolight.com\/wp-content\/uploads\/2025\/12\/6-100x100.jpg 100w, https:\/\/lirolight.com\/wp-content\/uploads\/2025\/12\/6-500x500.jpg 500w, https:\/\/lirolight.com\/wp-content\/uploads\/2025\/12\/6-40x40.jpg 40w\" sizes=\"(max-width: 800px) 100vw, 800px\" \/><\/noscript><\/figure>\n<\/div>\n<\/div>\n\n\n\n<h2 class=\"wp-block-heading\">Parameter: <\/h2>\n\n\n\n<figure class=\"wp-block-table\"><table class=\"has-fixed-layout\"><tbody><tr><td><strong>Wasserdicht Klasse<\/strong><\/td><td>IP20<\/td><\/tr><tr><td><strong>Breite Spannung<\/strong><\/td><td>AC100-240V,50\/60Hz<\/td><\/tr><tr><td><strong>LED-Quelle<\/strong><\/td><td>228x3W wei\u00dfe LEDs (Strobe) 64x 0,6w RGB LEDs (Hintergrundbeleuchtung) Array<\/td><\/tr><tr><td><strong>Lebenserwartung<\/strong><\/td><td>60000 Stunden<\/td><\/tr><tr><td><strong>Kanal<\/strong><\/td><td>3\/4\/14 Kan\u00e4le<\/td><\/tr><tr><td><strong>Dimmer<\/strong><\/td><td>32bit 0~100% lineares Dimmen<\/td><\/tr><tr><td><strong>Stroboskop<\/strong><\/td><td>Der 3000 LED bietet Stroboskopeffekte mit variabler Blitzrate, Blitzdauer und -intensit\u00e4t vom Beam aus. Au\u00dferdem bietet er die folgenden vorprogrammierten Effekte<\/td><\/tr><tr><td><strong>Kontrolle<\/strong><\/td><td>DMX512, Master-\/Slave-Modus, Voice-Modus, Stand-Alone-Modus, selbstfahrend<\/td><\/tr><\/tbody><\/table><\/figure>\n\n\n\n<hr class=\"wp-block-separator has-alpha-channel-opacity\"\/>\n\n\n\n<h2 class=\"wp-block-heading\">Zeit der Vorstellung.<\/h2>\n\n\n\n<figure class=\"wp-block-image size-full is-resized\"><img loading=\"lazy\" decoding=\"async\" width=\"750\" height=\"964\" data-src=\"https:\/\/lirolight.com\/wp-content\/uploads\/2025\/12\/1212.png\" alt=\"\" class=\"wp-image-10202 lazyload\" style=\"--smush-placeholder-width: 750px; --smush-placeholder-aspect-ratio: 750\/964;width:900px;height:auto\" data-srcset=\"https:\/\/lirolight.com\/wp-content\/uploads\/2025\/12\/1212.png 750w, https:\/\/lirolight.com\/wp-content\/uploads\/2025\/12\/1212-233x300.png 233w, https:\/\/lirolight.com\/wp-content\/uploads\/2025\/12\/1212-9x12.png 9w, https:\/\/lirolight.com\/wp-content\/uploads\/2025\/12\/1212-441x567.png 441w, https:\/\/lirolight.com\/wp-content\/uploads\/2025\/12\/1212-300x386.png 300w, https:\/\/lirolight.com\/wp-content\/uploads\/2025\/12\/1212-150x193.png 150w, https:\/\/lirolight.com\/wp-content\/uploads\/2025\/12\/1212-389x500.png 389w, https:\/\/lirolight.com\/wp-content\/uploads\/2025\/12\/1212-31x40.png 31w\" data-sizes=\"(max-width: 750px) 100vw, 750px\" src=\"data:image\/gif;base64,R0lGODlhAQABAAAAACH5BAEKAAEALAAAAAABAAEAAAICTAEAOw==\" \/><noscript><img loading=\"lazy\" decoding=\"async\" width=\"750\" height=\"964\" src=\"https:\/\/lirolight.com\/wp-content\/uploads\/2025\/12\/1212.png\" alt=\"\" class=\"wp-image-10202\" style=\"width:900px;height:auto\" srcset=\"https:\/\/lirolight.com\/wp-content\/uploads\/2025\/12\/1212.png 750w, https:\/\/lirolight.com\/wp-content\/uploads\/2025\/12\/1212-233x300.png 233w, https:\/\/lirolight.com\/wp-content\/uploads\/2025\/12\/1212-9x12.png 9w, https:\/\/lirolight.com\/wp-content\/uploads\/2025\/12\/1212-441x567.png 441w, https:\/\/lirolight.com\/wp-content\/uploads\/2025\/12\/1212-300x386.png 300w, https:\/\/lirolight.com\/wp-content\/uploads\/2025\/12\/1212-150x193.png 150w, https:\/\/lirolight.com\/wp-content\/uploads\/2025\/12\/1212-389x500.png 389w, https:\/\/lirolight.com\/wp-content\/uploads\/2025\/12\/1212-31x40.png 31w\" sizes=\"(max-width: 750px) 100vw, 750px\" \/><\/noscript><\/figure>","protected":false},"excerpt":{"rendered":"<div class=\"QFw9Te BLojaf\">\n<div class=\"hlJJmd\">\n<div class=\"Bmcqed\" dir=\"ltr\">\n<div data-id=\"kvLWu\">\u00a0<\/div>\n<\/div>\n<\/div>\n<\/div>\n<blockquote><p>\u00a0<\/p><\/blockquote>\n<p>&nbsp;<\/p>","protected":false},"featured_media":10196,"comment_status":"open","ping_status":"closed","template":"","meta":[],"product_brand":[],"product_cat":[59,85],"product_tag":[531,108,146,78],"class_list":{"0":"post-10194","1":"product","2":"type-product","3":"status-publish","4":"has-post-thumbnail","6":"product_cat-stage-effect-light","7":"product_cat-led-strobe-light-stage-effect-light","8":"product_tag-atomic-3000w","9":"product_tag-ledstagestrobelight","10":"product_tag-ledstrobe","11":"product_tag-strobe","13":"first","14":"instock","15":"shipping-taxable","16":"product-type-simple"},"_links":{"self":[{"href":"https:\/\/lirolight.com\/de\/wp-json\/wp\/v2\/product\/10194","targetHints":{"allow":["GET"]}}],"collection":[{"href":"https:\/\/lirolight.com\/de\/wp-json\/wp\/v2\/product"}],"about":[{"href":"https:\/\/lirolight.com\/de\/wp-json\/wp\/v2\/types\/product"}],"replies":[{"embeddable":true,"href":"https:\/\/lirolight.com\/de\/wp-json\/wp\/v2\/comments?post=10194"}],"version-history":[{"count":3,"href":"https:\/\/lirolight.com\/de\/wp-json\/wp\/v2\/product\/10194\/revisions"}],"predecessor-version":[{"id":10420,"href":"https:\/\/lirolight.com\/de\/wp-json\/wp\/v2\/product\/10194\/revisions\/10420"}],"wp:featuredmedia":[{"embeddable":true,"href":"https:\/\/lirolight.com\/de\/wp-json\/wp\/v2\/media\/10196"}],"wp:attachment":[{"href":"https:\/\/lirolight.com\/de\/wp-json\/wp\/v2\/media?parent=10194"}],"wp:term":[{"taxonomy":"product_brand","embeddable":true,"href":"https:\/\/lirolight.com\/de\/wp-json\/wp\/v2\/product_brand?post=10194"},{"taxonomy":"product_cat","embeddable":true,"href":"https:\/\/lirolight.com\/de\/wp-json\/wp\/v2\/product_cat?post=10194"},{"taxonomy":"product_tag","embeddable":true,"href":"https:\/\/lirolight.com\/de\/wp-json\/wp\/v2\/product_tag?post=10194"}],"curies":[{"name":"wp","href":"https:\/\/api.w.org\/{rel}","templated":true}]}}