{"id":7393,"date":"2025-06-11T08:32:52","date_gmt":"2025-06-11T08:32:52","guid":{"rendered":"https:\/\/lirolight.com\/?post_type=product&#038;p=7393"},"modified":"2026-01-13T08:11:55","modified_gmt":"2026-01-13T08:11:55","slug":"ip66-dmx-control-strobe-pixel-line-led-wall-washing-light-waterproof-led-light-bar-strobe-with-atomization","status":"publish","type":"product","link":"https:\/\/lirolight.com\/de\/produkt\/ip66-dmx-control-strobe-pixel-line-led-wall-washing-light-waterproof-led-light-bar-strobe-with-atomization\/","title":{"rendered":"LiRO-LITE IP66 DMX Steuerung Strobe Pixel Line Led Wall Washing Light Wasserdichte LED Lichtleiste Strobe mit Atomisierung"},"content":{"rendered":"<p class=\"has-large-font-size\"><strong><mark style=\"background-color:#000000\" class=\"has-inline-color has-white-color\">LR-IP PIXEL LINE<\/mark><\/strong><\/p>\n\n\n\n<hr class=\"wp-block-separator has-alpha-channel-opacity\"\/>\n\n\n\n<h2 class=\"wp-block-heading\">Bilder:<\/h2>\n\n\n\n<figure class=\"wp-block-image size-large\"><img fetchpriority=\"high\" decoding=\"async\" width=\"1024\" height=\"1024\" src=\"https:\/\/lirolight.com\/wp-content\/uploads\/2025\/06\/\u7ec6\u82821-1024x1024.jpg\" alt=\"\" class=\"wp-image-7394\" srcset=\"https:\/\/lirolight.com\/wp-content\/uploads\/2025\/06\/\u7ec6\u82821-1024x1024.jpg 1024w, https:\/\/lirolight.com\/wp-content\/uploads\/2025\/06\/\u7ec6\u82821-300x300.jpg 300w, https:\/\/lirolight.com\/wp-content\/uploads\/2025\/06\/\u7ec6\u82821-150x150.jpg 150w, https:\/\/lirolight.com\/wp-content\/uploads\/2025\/06\/\u7ec6\u82821-768x768.jpg 768w, https:\/\/lirolight.com\/wp-content\/uploads\/2025\/06\/\u7ec6\u82821-1536x1536.jpg 1536w, https:\/\/lirolight.com\/wp-content\/uploads\/2025\/06\/\u7ec6\u82821-12x12.jpg 12w, https:\/\/lirolight.com\/wp-content\/uploads\/2025\/06\/\u7ec6\u82821-990x990.jpg 990w, https:\/\/lirolight.com\/wp-content\/uploads\/2025\/06\/\u7ec6\u82821-441x441.jpg 441w, https:\/\/lirolight.com\/wp-content\/uploads\/2025\/06\/\u7ec6\u82821-100x100.jpg 100w, https:\/\/lirolight.com\/wp-content\/uploads\/2025\/06\/\u7ec6\u82821-800x800.jpg 800w, https:\/\/lirolight.com\/wp-content\/uploads\/2025\/06\/\u7ec6\u82821-500x500.jpg 500w, https:\/\/lirolight.com\/wp-content\/uploads\/2025\/06\/\u7ec6\u82821-40x40.jpg 40w, https:\/\/lirolight.com\/wp-content\/uploads\/2025\/06\/\u7ec6\u82821.jpg 2000w\" sizes=\"(max-width: 1024px) 100vw, 1024px\" \/><\/figure>\n\n\n\n<figure class=\"wp-block-image size-full is-resized\"><img decoding=\"async\" width=\"2000\" height=\"2000\" data-src=\"https:\/\/lirolight.com\/wp-content\/uploads\/2025\/06\/\u7ec6\u82822.jpg\" alt=\"\" class=\"wp-image-7395 lazyload\" style=\"--smush-placeholder-width: 2000px; --smush-placeholder-aspect-ratio: 2000\/2000;width:852px;height:auto\" data-srcset=\"https:\/\/lirolight.com\/wp-content\/uploads\/2025\/06\/\u7ec6\u82822.jpg 2000w, https:\/\/lirolight.com\/wp-content\/uploads\/2025\/06\/\u7ec6\u82822-300x300.jpg 300w, https:\/\/lirolight.com\/wp-content\/uploads\/2025\/06\/\u7ec6\u82822-1024x1024.jpg 1024w, https:\/\/lirolight.com\/wp-content\/uploads\/2025\/06\/\u7ec6\u82822-150x150.jpg 150w, https:\/\/lirolight.com\/wp-content\/uploads\/2025\/06\/\u7ec6\u82822-768x768.jpg 768w, https:\/\/lirolight.com\/wp-content\/uploads\/2025\/06\/\u7ec6\u82822-1536x1536.jpg 1536w, https:\/\/lirolight.com\/wp-content\/uploads\/2025\/06\/\u7ec6\u82822-12x12.jpg 12w, https:\/\/lirolight.com\/wp-content\/uploads\/2025\/06\/\u7ec6\u82822-990x990.jpg 990w, https:\/\/lirolight.com\/wp-content\/uploads\/2025\/06\/\u7ec6\u82822-441x441.jpg 441w, https:\/\/lirolight.com\/wp-content\/uploads\/2025\/06\/\u7ec6\u82822-100x100.jpg 100w, https:\/\/lirolight.com\/wp-content\/uploads\/2025\/06\/\u7ec6\u82822-800x800.jpg 800w, https:\/\/lirolight.com\/wp-content\/uploads\/2025\/06\/\u7ec6\u82822-500x500.jpg 500w, https:\/\/lirolight.com\/wp-content\/uploads\/2025\/06\/\u7ec6\u82822-40x40.jpg 40w\" data-sizes=\"(max-width: 2000px) 100vw, 2000px\" src=\"data:image\/gif;base64,R0lGODlhAQABAAAAACH5BAEKAAEALAAAAAABAAEAAAICTAEAOw==\" \/><noscript><img decoding=\"async\" width=\"2000\" height=\"2000\" src=\"https:\/\/lirolight.com\/wp-content\/uploads\/2025\/06\/\u7ec6\u82822.jpg\" alt=\"\" class=\"wp-image-7395\" style=\"width:852px;height:auto\" srcset=\"https:\/\/lirolight.com\/wp-content\/uploads\/2025\/06\/\u7ec6\u82822.jpg 2000w, https:\/\/lirolight.com\/wp-content\/uploads\/2025\/06\/\u7ec6\u82822-300x300.jpg 300w, https:\/\/lirolight.com\/wp-content\/uploads\/2025\/06\/\u7ec6\u82822-1024x1024.jpg 1024w, https:\/\/lirolight.com\/wp-content\/uploads\/2025\/06\/\u7ec6\u82822-150x150.jpg 150w, https:\/\/lirolight.com\/wp-content\/uploads\/2025\/06\/\u7ec6\u82822-768x768.jpg 768w, https:\/\/lirolight.com\/wp-content\/uploads\/2025\/06\/\u7ec6\u82822-1536x1536.jpg 1536w, https:\/\/lirolight.com\/wp-content\/uploads\/2025\/06\/\u7ec6\u82822-12x12.jpg 12w, https:\/\/lirolight.com\/wp-content\/uploads\/2025\/06\/\u7ec6\u82822-990x990.jpg 990w, https:\/\/lirolight.com\/wp-content\/uploads\/2025\/06\/\u7ec6\u82822-441x441.jpg 441w, https:\/\/lirolight.com\/wp-content\/uploads\/2025\/06\/\u7ec6\u82822-100x100.jpg 100w, https:\/\/lirolight.com\/wp-content\/uploads\/2025\/06\/\u7ec6\u82822-800x800.jpg 800w, https:\/\/lirolight.com\/wp-content\/uploads\/2025\/06\/\u7ec6\u82822-500x500.jpg 500w, https:\/\/lirolight.com\/wp-content\/uploads\/2025\/06\/\u7ec6\u82822-40x40.jpg 40w\" sizes=\"(max-width: 2000px) 100vw, 2000px\" \/><\/noscript><\/figure>\n\n\n\n<div class=\"wp-block-columns is-layout-flex wp-container-core-columns-is-layout-28f84493 wp-block-columns-is-layout-flex\">\n<div class=\"wp-block-column is-layout-flow wp-block-column-is-layout-flow\"><\/div>\n\n\n\n<div class=\"wp-block-column is-layout-flow wp-block-column-is-layout-flow\"><\/div>\n<\/div>\n\n\n\n<div class=\"wp-block-columns is-layout-flex wp-container-core-columns-is-layout-28f84493 wp-block-columns-is-layout-flex\">\n<div class=\"wp-block-column is-layout-flow wp-block-column-is-layout-flow\">\n<figure class=\"wp-block-image size-large\"><img decoding=\"async\" width=\"1024\" height=\"1024\" data-src=\"https:\/\/lirolight.com\/wp-content\/uploads\/2025\/06\/\u96fe\u51852-1024x1024.jpg\" alt=\"\" class=\"wp-image-7398 lazyload\" data-srcset=\"https:\/\/lirolight.com\/wp-content\/uploads\/2025\/06\/\u96fe\u51852-1024x1024.jpg 1024w, https:\/\/lirolight.com\/wp-content\/uploads\/2025\/06\/\u96fe\u51852-300x300.jpg 300w, https:\/\/lirolight.com\/wp-content\/uploads\/2025\/06\/\u96fe\u51852-150x150.jpg 150w, https:\/\/lirolight.com\/wp-content\/uploads\/2025\/06\/\u96fe\u51852-768x768.jpg 768w, https:\/\/lirolight.com\/wp-content\/uploads\/2025\/06\/\u96fe\u51852-1536x1536.jpg 1536w, https:\/\/lirolight.com\/wp-content\/uploads\/2025\/06\/\u96fe\u51852-2048x2048.jpg 2048w, https:\/\/lirolight.com\/wp-content\/uploads\/2025\/06\/\u96fe\u51852-12x12.jpg 12w, https:\/\/lirolight.com\/wp-content\/uploads\/2025\/06\/\u96fe\u51852-990x990.jpg 990w, https:\/\/lirolight.com\/wp-content\/uploads\/2025\/06\/\u96fe\u51852-441x441.jpg 441w, https:\/\/lirolight.com\/wp-content\/uploads\/2025\/06\/\u96fe\u51852-100x100.jpg 100w, https:\/\/lirolight.com\/wp-content\/uploads\/2025\/06\/\u96fe\u51852-800x800.jpg 800w, https:\/\/lirolight.com\/wp-content\/uploads\/2025\/06\/\u96fe\u51852-500x500.jpg 500w, https:\/\/lirolight.com\/wp-content\/uploads\/2025\/06\/\u96fe\u51852-40x40.jpg 40w\" data-sizes=\"(max-width: 1024px) 100vw, 1024px\" src=\"data:image\/gif;base64,R0lGODlhAQABAAAAACH5BAEKAAEALAAAAAABAAEAAAICTAEAOw==\" style=\"--smush-placeholder-width: 1024px; --smush-placeholder-aspect-ratio: 1024\/1024;\" \/><noscript><img decoding=\"async\" width=\"1024\" height=\"1024\" src=\"https:\/\/lirolight.com\/wp-content\/uploads\/2025\/06\/\u96fe\u51852-1024x1024.jpg\" alt=\"\" class=\"wp-image-7398\" srcset=\"https:\/\/lirolight.com\/wp-content\/uploads\/2025\/06\/\u96fe\u51852-1024x1024.jpg 1024w, https:\/\/lirolight.com\/wp-content\/uploads\/2025\/06\/\u96fe\u51852-300x300.jpg 300w, https:\/\/lirolight.com\/wp-content\/uploads\/2025\/06\/\u96fe\u51852-150x150.jpg 150w, https:\/\/lirolight.com\/wp-content\/uploads\/2025\/06\/\u96fe\u51852-768x768.jpg 768w, https:\/\/lirolight.com\/wp-content\/uploads\/2025\/06\/\u96fe\u51852-1536x1536.jpg 1536w, https:\/\/lirolight.com\/wp-content\/uploads\/2025\/06\/\u96fe\u51852-2048x2048.jpg 2048w, https:\/\/lirolight.com\/wp-content\/uploads\/2025\/06\/\u96fe\u51852-12x12.jpg 12w, https:\/\/lirolight.com\/wp-content\/uploads\/2025\/06\/\u96fe\u51852-990x990.jpg 990w, https:\/\/lirolight.com\/wp-content\/uploads\/2025\/06\/\u96fe\u51852-441x441.jpg 441w, https:\/\/lirolight.com\/wp-content\/uploads\/2025\/06\/\u96fe\u51852-100x100.jpg 100w, https:\/\/lirolight.com\/wp-content\/uploads\/2025\/06\/\u96fe\u51852-800x800.jpg 800w, https:\/\/lirolight.com\/wp-content\/uploads\/2025\/06\/\u96fe\u51852-500x500.jpg 500w, https:\/\/lirolight.com\/wp-content\/uploads\/2025\/06\/\u96fe\u51852-40x40.jpg 40w\" sizes=\"(max-width: 1024px) 100vw, 1024px\" \/><\/noscript><\/figure>\n<\/div>\n\n\n\n<div class=\"wp-block-column is-layout-flow wp-block-column-is-layout-flow\">\n<figure class=\"wp-block-image size-large\"><img loading=\"lazy\" decoding=\"async\" width=\"1024\" height=\"1024\" data-src=\"https:\/\/lirolight.com\/wp-content\/uploads\/2025\/06\/\u5185\u7f6e1-1024x1024.jpg\" alt=\"\" class=\"wp-image-7399 lazyload\" data-srcset=\"https:\/\/lirolight.com\/wp-content\/uploads\/2025\/06\/\u5185\u7f6e1-1024x1024.jpg 1024w, https:\/\/lirolight.com\/wp-content\/uploads\/2025\/06\/\u5185\u7f6e1-300x300.jpg 300w, https:\/\/lirolight.com\/wp-content\/uploads\/2025\/06\/\u5185\u7f6e1-150x150.jpg 150w, https:\/\/lirolight.com\/wp-content\/uploads\/2025\/06\/\u5185\u7f6e1-768x768.jpg 768w, https:\/\/lirolight.com\/wp-content\/uploads\/2025\/06\/\u5185\u7f6e1-1536x1536.jpg 1536w, https:\/\/lirolight.com\/wp-content\/uploads\/2025\/06\/\u5185\u7f6e1-2048x2048.jpg 2048w, https:\/\/lirolight.com\/wp-content\/uploads\/2025\/06\/\u5185\u7f6e1-12x12.jpg 12w, https:\/\/lirolight.com\/wp-content\/uploads\/2025\/06\/\u5185\u7f6e1-990x990.jpg 990w, https:\/\/lirolight.com\/wp-content\/uploads\/2025\/06\/\u5185\u7f6e1-441x441.jpg 441w, https:\/\/lirolight.com\/wp-content\/uploads\/2025\/06\/\u5185\u7f6e1-100x100.jpg 100w, https:\/\/lirolight.com\/wp-content\/uploads\/2025\/06\/\u5185\u7f6e1-800x800.jpg 800w, https:\/\/lirolight.com\/wp-content\/uploads\/2025\/06\/\u5185\u7f6e1-500x500.jpg 500w, https:\/\/lirolight.com\/wp-content\/uploads\/2025\/06\/\u5185\u7f6e1-40x40.jpg 40w\" data-sizes=\"(max-width: 1024px) 100vw, 1024px\" src=\"data:image\/gif;base64,R0lGODlhAQABAAAAACH5BAEKAAEALAAAAAABAAEAAAICTAEAOw==\" style=\"--smush-placeholder-width: 1024px; --smush-placeholder-aspect-ratio: 1024\/1024;\" \/><noscript><img loading=\"lazy\" decoding=\"async\" width=\"1024\" height=\"1024\" src=\"https:\/\/lirolight.com\/wp-content\/uploads\/2025\/06\/\u5185\u7f6e1-1024x1024.jpg\" alt=\"\" class=\"wp-image-7399\" srcset=\"https:\/\/lirolight.com\/wp-content\/uploads\/2025\/06\/\u5185\u7f6e1-1024x1024.jpg 1024w, https:\/\/lirolight.com\/wp-content\/uploads\/2025\/06\/\u5185\u7f6e1-300x300.jpg 300w, https:\/\/lirolight.com\/wp-content\/uploads\/2025\/06\/\u5185\u7f6e1-150x150.jpg 150w, https:\/\/lirolight.com\/wp-content\/uploads\/2025\/06\/\u5185\u7f6e1-768x768.jpg 768w, https:\/\/lirolight.com\/wp-content\/uploads\/2025\/06\/\u5185\u7f6e1-1536x1536.jpg 1536w, https:\/\/lirolight.com\/wp-content\/uploads\/2025\/06\/\u5185\u7f6e1-2048x2048.jpg 2048w, https:\/\/lirolight.com\/wp-content\/uploads\/2025\/06\/\u5185\u7f6e1-12x12.jpg 12w, https:\/\/lirolight.com\/wp-content\/uploads\/2025\/06\/\u5185\u7f6e1-990x990.jpg 990w, https:\/\/lirolight.com\/wp-content\/uploads\/2025\/06\/\u5185\u7f6e1-441x441.jpg 441w, https:\/\/lirolight.com\/wp-content\/uploads\/2025\/06\/\u5185\u7f6e1-100x100.jpg 100w, https:\/\/lirolight.com\/wp-content\/uploads\/2025\/06\/\u5185\u7f6e1-800x800.jpg 800w, https:\/\/lirolight.com\/wp-content\/uploads\/2025\/06\/\u5185\u7f6e1-500x500.jpg 500w, https:\/\/lirolight.com\/wp-content\/uploads\/2025\/06\/\u5185\u7f6e1-40x40.jpg 40w\" sizes=\"(max-width: 1024px) 100vw, 1024px\" \/><\/noscript><\/figure>\n<\/div>\n<\/div>\n\n\n\n<figure class=\"wp-block-gallery has-nested-images columns-default is-cropped wp-block-gallery-1 is-layout-flex wp-block-gallery-is-layout-flex\">\n<figure class=\"wp-block-image size-large\"><img loading=\"lazy\" decoding=\"async\" width=\"1024\" height=\"1024\" data-id=\"7396\" data-src=\"https:\/\/lirolight.com\/wp-content\/uploads\/2025\/06\/\u51854-1024x1024.jpg\" alt=\"\" class=\"wp-image-7396 lazyload\" data-srcset=\"https:\/\/lirolight.com\/wp-content\/uploads\/2025\/06\/\u51854-1024x1024.jpg 1024w, https:\/\/lirolight.com\/wp-content\/uploads\/2025\/06\/\u51854-300x300.jpg 300w, https:\/\/lirolight.com\/wp-content\/uploads\/2025\/06\/\u51854-150x150.jpg 150w, https:\/\/lirolight.com\/wp-content\/uploads\/2025\/06\/\u51854-768x768.jpg 768w, https:\/\/lirolight.com\/wp-content\/uploads\/2025\/06\/\u51854-1536x1536.jpg 1536w, https:\/\/lirolight.com\/wp-content\/uploads\/2025\/06\/\u51854-2048x2048.jpg 2048w, https:\/\/lirolight.com\/wp-content\/uploads\/2025\/06\/\u51854-12x12.jpg 12w, https:\/\/lirolight.com\/wp-content\/uploads\/2025\/06\/\u51854-990x990.jpg 990w, https:\/\/lirolight.com\/wp-content\/uploads\/2025\/06\/\u51854-441x441.jpg 441w, https:\/\/lirolight.com\/wp-content\/uploads\/2025\/06\/\u51854-100x100.jpg 100w, https:\/\/lirolight.com\/wp-content\/uploads\/2025\/06\/\u51854-800x800.jpg 800w, https:\/\/lirolight.com\/wp-content\/uploads\/2025\/06\/\u51854-500x500.jpg 500w, https:\/\/lirolight.com\/wp-content\/uploads\/2025\/06\/\u51854-40x40.jpg 40w\" data-sizes=\"(max-width: 1024px) 100vw, 1024px\" src=\"data:image\/gif;base64,R0lGODlhAQABAAAAACH5BAEKAAEALAAAAAABAAEAAAICTAEAOw==\" style=\"--smush-placeholder-width: 1024px; --smush-placeholder-aspect-ratio: 1024\/1024;\" \/><noscript><img loading=\"lazy\" decoding=\"async\" width=\"1024\" height=\"1024\" data-id=\"7396\" src=\"https:\/\/lirolight.com\/wp-content\/uploads\/2025\/06\/\u51854-1024x1024.jpg\" alt=\"\" class=\"wp-image-7396\" srcset=\"https:\/\/lirolight.com\/wp-content\/uploads\/2025\/06\/\u51854-1024x1024.jpg 1024w, https:\/\/lirolight.com\/wp-content\/uploads\/2025\/06\/\u51854-300x300.jpg 300w, https:\/\/lirolight.com\/wp-content\/uploads\/2025\/06\/\u51854-150x150.jpg 150w, https:\/\/lirolight.com\/wp-content\/uploads\/2025\/06\/\u51854-768x768.jpg 768w, https:\/\/lirolight.com\/wp-content\/uploads\/2025\/06\/\u51854-1536x1536.jpg 1536w, https:\/\/lirolight.com\/wp-content\/uploads\/2025\/06\/\u51854-2048x2048.jpg 2048w, https:\/\/lirolight.com\/wp-content\/uploads\/2025\/06\/\u51854-12x12.jpg 12w, https:\/\/lirolight.com\/wp-content\/uploads\/2025\/06\/\u51854-990x990.jpg 990w, https:\/\/lirolight.com\/wp-content\/uploads\/2025\/06\/\u51854-441x441.jpg 441w, https:\/\/lirolight.com\/wp-content\/uploads\/2025\/06\/\u51854-100x100.jpg 100w, https:\/\/lirolight.com\/wp-content\/uploads\/2025\/06\/\u51854-800x800.jpg 800w, https:\/\/lirolight.com\/wp-content\/uploads\/2025\/06\/\u51854-500x500.jpg 500w, https:\/\/lirolight.com\/wp-content\/uploads\/2025\/06\/\u51854-40x40.jpg 40w\" sizes=\"(max-width: 1024px) 100vw, 1024px\" \/><\/noscript><\/figure>\n\n\n\n<figure class=\"wp-block-image size-large\"><img loading=\"lazy\" decoding=\"async\" width=\"1024\" height=\"1024\" data-id=\"7400\" data-src=\"https:\/\/lirolight.com\/wp-content\/uploads\/2025\/06\/\u4e2d\u767d-1024x1024.jpg\" alt=\"\" class=\"wp-image-7400 lazyload\" data-srcset=\"https:\/\/lirolight.com\/wp-content\/uploads\/2025\/06\/\u4e2d\u767d-1024x1024.jpg 1024w, https:\/\/lirolight.com\/wp-content\/uploads\/2025\/06\/\u4e2d\u767d-300x300.jpg 300w, https:\/\/lirolight.com\/wp-content\/uploads\/2025\/06\/\u4e2d\u767d-150x150.jpg 150w, https:\/\/lirolight.com\/wp-content\/uploads\/2025\/06\/\u4e2d\u767d-768x768.jpg 768w, https:\/\/lirolight.com\/wp-content\/uploads\/2025\/06\/\u4e2d\u767d-1536x1536.jpg 1536w, https:\/\/lirolight.com\/wp-content\/uploads\/2025\/06\/\u4e2d\u767d-2048x2048.jpg 2048w, https:\/\/lirolight.com\/wp-content\/uploads\/2025\/06\/\u4e2d\u767d-12x12.jpg 12w, https:\/\/lirolight.com\/wp-content\/uploads\/2025\/06\/\u4e2d\u767d-990x990.jpg 990w, https:\/\/lirolight.com\/wp-content\/uploads\/2025\/06\/\u4e2d\u767d-441x441.jpg 441w, https:\/\/lirolight.com\/wp-content\/uploads\/2025\/06\/\u4e2d\u767d-100x100.jpg 100w, https:\/\/lirolight.com\/wp-content\/uploads\/2025\/06\/\u4e2d\u767d-800x800.jpg 800w, https:\/\/lirolight.com\/wp-content\/uploads\/2025\/06\/\u4e2d\u767d-500x500.jpg 500w, https:\/\/lirolight.com\/wp-content\/uploads\/2025\/06\/\u4e2d\u767d-40x40.jpg 40w\" data-sizes=\"(max-width: 1024px) 100vw, 1024px\" src=\"data:image\/gif;base64,R0lGODlhAQABAAAAACH5BAEKAAEALAAAAAABAAEAAAICTAEAOw==\" style=\"--smush-placeholder-width: 1024px; --smush-placeholder-aspect-ratio: 1024\/1024;\" \/><noscript><img loading=\"lazy\" decoding=\"async\" width=\"1024\" height=\"1024\" data-id=\"7400\" src=\"https:\/\/lirolight.com\/wp-content\/uploads\/2025\/06\/\u4e2d\u767d-1024x1024.jpg\" alt=\"\" class=\"wp-image-7400\" srcset=\"https:\/\/lirolight.com\/wp-content\/uploads\/2025\/06\/\u4e2d\u767d-1024x1024.jpg 1024w, https:\/\/lirolight.com\/wp-content\/uploads\/2025\/06\/\u4e2d\u767d-300x300.jpg 300w, https:\/\/lirolight.com\/wp-content\/uploads\/2025\/06\/\u4e2d\u767d-150x150.jpg 150w, https:\/\/lirolight.com\/wp-content\/uploads\/2025\/06\/\u4e2d\u767d-768x768.jpg 768w, https:\/\/lirolight.com\/wp-content\/uploads\/2025\/06\/\u4e2d\u767d-1536x1536.jpg 1536w, https:\/\/lirolight.com\/wp-content\/uploads\/2025\/06\/\u4e2d\u767d-2048x2048.jpg 2048w, https:\/\/lirolight.com\/wp-content\/uploads\/2025\/06\/\u4e2d\u767d-12x12.jpg 12w, https:\/\/lirolight.com\/wp-content\/uploads\/2025\/06\/\u4e2d\u767d-990x990.jpg 990w, https:\/\/lirolight.com\/wp-content\/uploads\/2025\/06\/\u4e2d\u767d-441x441.jpg 441w, https:\/\/lirolight.com\/wp-content\/uploads\/2025\/06\/\u4e2d\u767d-100x100.jpg 100w, https:\/\/lirolight.com\/wp-content\/uploads\/2025\/06\/\u4e2d\u767d-800x800.jpg 800w, https:\/\/lirolight.com\/wp-content\/uploads\/2025\/06\/\u4e2d\u767d-500x500.jpg 500w, https:\/\/lirolight.com\/wp-content\/uploads\/2025\/06\/\u4e2d\u767d-40x40.jpg 40w\" sizes=\"(max-width: 1024px) 100vw, 1024px\" \/><\/noscript><\/figure>\n<\/figure>\n\n\n\n<h2 class=\"wp-block-heading\">Spezifikation:<\/h2>\n\n\n\n<ul class=\"wp-block-list\">\n<li><strong>Lichtquelle<\/strong><\/li>\n\n\n\n<li>672 x 0,5 W RGB-LED<\/li>\n\n\n\n<li>112 x 3W CW-LED<\/li>\n\n\n\n<li><strong>Abstrahlwinkel<\/strong><\/li>\n\n\n\n<li>RGB-Abstrahlwinkel: 101 \u00b0&nbsp;<\/li>\n\n\n\n<li>CW-Abstrahlwinkel: 108 \u00b0&nbsp;<\/li>\n\n\n\n<li><strong>Elektronischer Frost von DMX<\/strong><\/li>\n\n\n\n<li>Kann gesplei\u00dft werden<\/li>\n\n\n\n<li><strong>Kontrolle<\/strong><\/li>\n\n\n\n<li>Steuerkan\u00e4le: 7\/15\/21\/39\/112\/17\/33\/65\/68\/117\/70<\/li>\n\n\n\n<li><strong>Elektrisch und Schnittstelle<\/strong><\/li>\n\n\n\n<li>Eingangsspannung: 110-240V~50\/60Hz<\/li>\n\n\n\n<li><strong>Spezifikationen der Lampe<\/strong><\/li>\n\n\n\n<li>Dimension:100*20*20cm<\/li>\n\n\n\n<li>Nettogewicht: 12kg<\/li>\n\n\n\n<li><strong>Arbeitsumfeld<\/strong><\/li>\n\n\n\n<li>Betriebstemperatur: -20\u00b0C bis 50\u00b0C<\/li>\n\n\n\n<li>IP-Schutz: IP66<\/li>\n\n\n\n<li><strong>Installieren Sie<\/strong><\/li>\n\n\n\n<li>Kann horizontal oder vertikal installiert werden<\/li>\n\n\n\n<li>Sicherheitsseil-Anschlussloch<\/li>\n\n\n\n<li>Kann links, rechts, oben und unten gesplei\u00dft werden<\/li>\n\n\n\n<li><strong>Werkseitige Konfiguration<\/strong><\/li>\n\n\n\n<li>Benutzerhandbuch<\/li>\n\n\n\n<li>Netzkabel\/DMX-Kabel<\/li>\n\n\n\n<li>Omega<\/li>\n\n\n\n<li>Sicherheitsseil<\/li>\n<\/ul>\n\n\n\n<h2 class=\"wp-block-heading\">Parameter:<\/h2>\n\n\n\n<figure class=\"wp-block-table\"><table class=\"has-fixed-layout\"><tbody><tr><td>Breite Spannung<\/td><td>AC100-240V,50\/60Hz<\/td><\/tr><tr><td>Lebenserwartung<\/td><td>50.000 Stunden<\/td><\/tr><tr><td>Strom<\/td><td>Volle Lampenleistung: 600 W (konstant bei 500 W, Burst bei 700 W)<\/td><\/tr><tr><td>LED-Quelle<\/td><td>672 x 0,5 W RGB-LED 112 x 3 W CW-LED<\/td><\/tr><tr><td>Farbe Lichtstrahlwinkel<\/td><td>101\u00b0<\/td><\/tr><tr><td>CW-Abstrahlwinkel<\/td><td>108 \u00b0<\/td><\/tr><tr><td>DMX-Anschluss<\/td><td>3pin(5pin)XLR wasserdichte Buchse<\/td><\/tr><tr><td>Verbindungsmodus<\/td><td>DMX,RDM, Master\/Slave, Ton aktiv, Auto<\/td><\/tr><tr><td>Steckdose<\/td><td>wasserdichter Stromanschluss Eingang\/Ausgang<\/td><\/tr><tr><td>IP-Einstufung<\/td><td>IP66<\/td><\/tr><\/tbody><\/table><\/figure>\n\n\n\n<h2 class=\"wp-block-heading\"><strong>Video-Link:<\/strong><\/h2>\n\n\n\n<p><a href=\"https:\/\/www.instagram.com\/p\/DTJbUsok0F2\" target=\"_blank\" rel=\"noopener\">https:\/\/www.instagram.com\/p\/DTJbUsok0F2<\/a><\/p>","protected":false},"excerpt":{"rendered":"<p>\"Wasserdichtes RGBW LED-Stroboskoplicht mit Pixel-Linien-Matrix f\u00fcr Party-Lichtleisten\"<br \/>Merkmale des Produkts: Es ist wasserdicht, verwendet die RGBW-LED-Technologie, verf\u00fcgt \u00fcber eine Pixelzeilenmatrix zur Erzeugung komplizierter Lichteffekte und ist f\u00fcr den Einsatz in Party-Lightbars vorgesehen.<\/p>","protected":false},"featured_media":7394,"comment_status":"open","ping_status":"closed","template":"","meta":[],"product_brand":[],"product_cat":[66],"product_tag":[78],"class_list":{"0":"post-7393","1":"product","2":"type-product","3":"status-publish","4":"has-post-thumbnail","6":"product_cat-ip-strobe-bar","7":"product_tag-strobe","9":"first","10":"instock","11":"shipping-taxable","12":"product-type-simple"},"_links":{"self":[{"href":"https:\/\/lirolight.com\/de\/wp-json\/wp\/v2\/product\/7393","targetHints":{"allow":["GET"]}}],"collection":[{"href":"https:\/\/lirolight.com\/de\/wp-json\/wp\/v2\/product"}],"about":[{"href":"https:\/\/lirolight.com\/de\/wp-json\/wp\/v2\/types\/product"}],"replies":[{"embeddable":true,"href":"https:\/\/lirolight.com\/de\/wp-json\/wp\/v2\/comments?post=7393"}],"version-history":[{"count":4,"href":"https:\/\/lirolight.com\/de\/wp-json\/wp\/v2\/product\/7393\/revisions"}],"predecessor-version":[{"id":10552,"href":"https:\/\/lirolight.com\/de\/wp-json\/wp\/v2\/product\/7393\/revisions\/10552"}],"wp:featuredmedia":[{"embeddable":true,"href":"https:\/\/lirolight.com\/de\/wp-json\/wp\/v2\/media\/7394"}],"wp:attachment":[{"href":"https:\/\/lirolight.com\/de\/wp-json\/wp\/v2\/media?parent=7393"}],"wp:term":[{"taxonomy":"product_brand","embeddable":true,"href":"https:\/\/lirolight.com\/de\/wp-json\/wp\/v2\/product_brand?post=7393"},{"taxonomy":"product_cat","embeddable":true,"href":"https:\/\/lirolight.com\/de\/wp-json\/wp\/v2\/product_cat?post=7393"},{"taxonomy":"product_tag","embeddable":true,"href":"https:\/\/lirolight.com\/de\/wp-json\/wp\/v2\/product_tag?post=7393"}],"curies":[{"name":"wp","href":"https:\/\/api.w.org\/{rel}","templated":true}]}}