{"id":8206,"date":"2025-07-10T05:39:52","date_gmt":"2025-07-10T05:39:52","guid":{"rendered":"https:\/\/lirolight.com\/?post_type=product&#038;p=8206"},"modified":"2026-01-14T03:26:44","modified_gmt":"2026-01-14T03:26:44","slug":"ip65-led-waterproof-par-light-18x18w-rgbwa-uv-6in1-outdoor-led-par-can-light","status":"publish","type":"product","link":"https:\/\/lirolight.com\/de\/produkt\/ip65-led-waterproof-par-light-18x18w-rgbwa-uv-6in1-outdoor-led-par-can-light\/","title":{"rendered":"LiRO-LITE IP65 Led Wasserdicht Par Licht 18x18w Rgbwa uv 6in1 Outdoor Led Par Dose Licht"},"content":{"rendered":"<h2 class=\"wp-block-heading\"><strong><mark style=\"background-color:#000000\" class=\"has-inline-color has-white-color\">LR-W1818P<\/mark><\/strong><\/h2>\n\n\n\n<hr class=\"wp-block-separator has-alpha-channel-opacity\"\/>\n\n\n\n<h2 class=\"wp-block-heading\">Bilder:<\/h2>\n\n\n\n<div class=\"wp-block-columns is-layout-flex wp-container-core-columns-is-layout-28f84493 wp-block-columns-is-layout-flex\">\n<div class=\"wp-block-column is-layout-flow wp-block-column-is-layout-flow\">\n<figure class=\"wp-block-image size-large\"><img fetchpriority=\"high\" decoding=\"async\" width=\"1024\" height=\"1024\" src=\"https:\/\/lirolight.com\/wp-content\/uploads\/2025\/07\/DM_16057_\u526f\u672c-1024x1024.png\" alt=\"\" class=\"wp-image-8257\" srcset=\"https:\/\/lirolight.com\/wp-content\/uploads\/2025\/07\/DM_16057_\u526f\u672c-1024x1024.png 1024w, https:\/\/lirolight.com\/wp-content\/uploads\/2025\/07\/DM_16057_\u526f\u672c-300x300.png 300w, https:\/\/lirolight.com\/wp-content\/uploads\/2025\/07\/DM_16057_\u526f\u672c-150x150.png 150w, https:\/\/lirolight.com\/wp-content\/uploads\/2025\/07\/DM_16057_\u526f\u672c-768x768.png 768w, https:\/\/lirolight.com\/wp-content\/uploads\/2025\/07\/DM_16057_\u526f\u672c-1536x1536.png 1536w, https:\/\/lirolight.com\/wp-content\/uploads\/2025\/07\/DM_16057_\u526f\u672c-12x12.png 12w, https:\/\/lirolight.com\/wp-content\/uploads\/2025\/07\/DM_16057_\u526f\u672c-990x990.png 990w, https:\/\/lirolight.com\/wp-content\/uploads\/2025\/07\/DM_16057_\u526f\u672c-441x441.png 441w, https:\/\/lirolight.com\/wp-content\/uploads\/2025\/07\/DM_16057_\u526f\u672c-100x100.png 100w, https:\/\/lirolight.com\/wp-content\/uploads\/2025\/07\/DM_16057_\u526f\u672c-800x800.png 800w, https:\/\/lirolight.com\/wp-content\/uploads\/2025\/07\/DM_16057_\u526f\u672c-500x500.png 500w, https:\/\/lirolight.com\/wp-content\/uploads\/2025\/07\/DM_16057_\u526f\u672c-40x40.png 40w, https:\/\/lirolight.com\/wp-content\/uploads\/2025\/07\/DM_16057_\u526f\u672c.png 2000w\" sizes=\"(max-width: 1024px) 100vw, 1024px\" \/><\/figure>\n<\/div>\n\n\n\n<div class=\"wp-block-column is-layout-flow wp-block-column-is-layout-flow\">\n<figure class=\"wp-block-image size-full is-resized\"><img decoding=\"async\" width=\"2000\" height=\"2000\" data-src=\"https:\/\/lirolight.com\/wp-content\/uploads\/2025\/07\/DM_16056_\u526f\u672c.png\" alt=\"\" class=\"wp-image-8256 lazyload\" style=\"--smush-placeholder-width: 2000px; --smush-placeholder-aspect-ratio: 2000\/2000;width:900px;height:auto\" data-srcset=\"https:\/\/lirolight.com\/wp-content\/uploads\/2025\/07\/DM_16056_\u526f\u672c.png 2000w, https:\/\/lirolight.com\/wp-content\/uploads\/2025\/07\/DM_16056_\u526f\u672c-300x300.png 300w, https:\/\/lirolight.com\/wp-content\/uploads\/2025\/07\/DM_16056_\u526f\u672c-1024x1024.png 1024w, https:\/\/lirolight.com\/wp-content\/uploads\/2025\/07\/DM_16056_\u526f\u672c-150x150.png 150w, https:\/\/lirolight.com\/wp-content\/uploads\/2025\/07\/DM_16056_\u526f\u672c-768x768.png 768w, https:\/\/lirolight.com\/wp-content\/uploads\/2025\/07\/DM_16056_\u526f\u672c-1536x1536.png 1536w, https:\/\/lirolight.com\/wp-content\/uploads\/2025\/07\/DM_16056_\u526f\u672c-12x12.png 12w, https:\/\/lirolight.com\/wp-content\/uploads\/2025\/07\/DM_16056_\u526f\u672c-990x990.png 990w, https:\/\/lirolight.com\/wp-content\/uploads\/2025\/07\/DM_16056_\u526f\u672c-441x441.png 441w, https:\/\/lirolight.com\/wp-content\/uploads\/2025\/07\/DM_16056_\u526f\u672c-100x100.png 100w, https:\/\/lirolight.com\/wp-content\/uploads\/2025\/07\/DM_16056_\u526f\u672c-800x800.png 800w, https:\/\/lirolight.com\/wp-content\/uploads\/2025\/07\/DM_16056_\u526f\u672c-500x500.png 500w, https:\/\/lirolight.com\/wp-content\/uploads\/2025\/07\/DM_16056_\u526f\u672c-40x40.png 40w\" data-sizes=\"(max-width: 2000px) 100vw, 2000px\" src=\"data:image\/gif;base64,R0lGODlhAQABAAAAACH5BAEKAAEALAAAAAABAAEAAAICTAEAOw==\" \/><noscript><img decoding=\"async\" width=\"2000\" height=\"2000\" src=\"https:\/\/lirolight.com\/wp-content\/uploads\/2025\/07\/DM_16056_\u526f\u672c.png\" alt=\"\" class=\"wp-image-8256\" style=\"width:900px;height:auto\" srcset=\"https:\/\/lirolight.com\/wp-content\/uploads\/2025\/07\/DM_16056_\u526f\u672c.png 2000w, https:\/\/lirolight.com\/wp-content\/uploads\/2025\/07\/DM_16056_\u526f\u672c-300x300.png 300w, https:\/\/lirolight.com\/wp-content\/uploads\/2025\/07\/DM_16056_\u526f\u672c-1024x1024.png 1024w, https:\/\/lirolight.com\/wp-content\/uploads\/2025\/07\/DM_16056_\u526f\u672c-150x150.png 150w, https:\/\/lirolight.com\/wp-content\/uploads\/2025\/07\/DM_16056_\u526f\u672c-768x768.png 768w, https:\/\/lirolight.com\/wp-content\/uploads\/2025\/07\/DM_16056_\u526f\u672c-1536x1536.png 1536w, https:\/\/lirolight.com\/wp-content\/uploads\/2025\/07\/DM_16056_\u526f\u672c-12x12.png 12w, https:\/\/lirolight.com\/wp-content\/uploads\/2025\/07\/DM_16056_\u526f\u672c-990x990.png 990w, https:\/\/lirolight.com\/wp-content\/uploads\/2025\/07\/DM_16056_\u526f\u672c-441x441.png 441w, https:\/\/lirolight.com\/wp-content\/uploads\/2025\/07\/DM_16056_\u526f\u672c-100x100.png 100w, https:\/\/lirolight.com\/wp-content\/uploads\/2025\/07\/DM_16056_\u526f\u672c-800x800.png 800w, https:\/\/lirolight.com\/wp-content\/uploads\/2025\/07\/DM_16056_\u526f\u672c-500x500.png 500w, https:\/\/lirolight.com\/wp-content\/uploads\/2025\/07\/DM_16056_\u526f\u672c-40x40.png 40w\" sizes=\"(max-width: 2000px) 100vw, 2000px\" \/><\/noscript><\/figure>\n<\/div>\n\n\n\n<div class=\"wp-block-column is-layout-flow wp-block-column-is-layout-flow\">\n<figure class=\"wp-block-image size-large\"><img decoding=\"async\" width=\"1024\" height=\"1024\" data-src=\"https:\/\/lirolight.com\/wp-content\/uploads\/2025\/07\/DM_16062_\u526f\u672c-1024x1024.png\" alt=\"\" class=\"wp-image-8258 lazyload\" data-srcset=\"https:\/\/lirolight.com\/wp-content\/uploads\/2025\/07\/DM_16062_\u526f\u672c-1024x1024.png 1024w, https:\/\/lirolight.com\/wp-content\/uploads\/2025\/07\/DM_16062_\u526f\u672c-300x300.png 300w, https:\/\/lirolight.com\/wp-content\/uploads\/2025\/07\/DM_16062_\u526f\u672c-150x150.png 150w, https:\/\/lirolight.com\/wp-content\/uploads\/2025\/07\/DM_16062_\u526f\u672c-768x768.png 768w, https:\/\/lirolight.com\/wp-content\/uploads\/2025\/07\/DM_16062_\u526f\u672c-1536x1536.png 1536w, https:\/\/lirolight.com\/wp-content\/uploads\/2025\/07\/DM_16062_\u526f\u672c-12x12.png 12w, https:\/\/lirolight.com\/wp-content\/uploads\/2025\/07\/DM_16062_\u526f\u672c-990x990.png 990w, https:\/\/lirolight.com\/wp-content\/uploads\/2025\/07\/DM_16062_\u526f\u672c-441x441.png 441w, https:\/\/lirolight.com\/wp-content\/uploads\/2025\/07\/DM_16062_\u526f\u672c-100x100.png 100w, https:\/\/lirolight.com\/wp-content\/uploads\/2025\/07\/DM_16062_\u526f\u672c-800x800.png 800w, https:\/\/lirolight.com\/wp-content\/uploads\/2025\/07\/DM_16062_\u526f\u672c-500x500.png 500w, https:\/\/lirolight.com\/wp-content\/uploads\/2025\/07\/DM_16062_\u526f\u672c-40x40.png 40w, https:\/\/lirolight.com\/wp-content\/uploads\/2025\/07\/DM_16062_\u526f\u672c.png 2000w\" data-sizes=\"(max-width: 1024px) 100vw, 1024px\" src=\"data:image\/gif;base64,R0lGODlhAQABAAAAACH5BAEKAAEALAAAAAABAAEAAAICTAEAOw==\" style=\"--smush-placeholder-width: 1024px; --smush-placeholder-aspect-ratio: 1024\/1024;\" \/><noscript><img decoding=\"async\" width=\"1024\" height=\"1024\" src=\"https:\/\/lirolight.com\/wp-content\/uploads\/2025\/07\/DM_16062_\u526f\u672c-1024x1024.png\" alt=\"\" class=\"wp-image-8258\" srcset=\"https:\/\/lirolight.com\/wp-content\/uploads\/2025\/07\/DM_16062_\u526f\u672c-1024x1024.png 1024w, https:\/\/lirolight.com\/wp-content\/uploads\/2025\/07\/DM_16062_\u526f\u672c-300x300.png 300w, https:\/\/lirolight.com\/wp-content\/uploads\/2025\/07\/DM_16062_\u526f\u672c-150x150.png 150w, https:\/\/lirolight.com\/wp-content\/uploads\/2025\/07\/DM_16062_\u526f\u672c-768x768.png 768w, https:\/\/lirolight.com\/wp-content\/uploads\/2025\/07\/DM_16062_\u526f\u672c-1536x1536.png 1536w, https:\/\/lirolight.com\/wp-content\/uploads\/2025\/07\/DM_16062_\u526f\u672c-12x12.png 12w, https:\/\/lirolight.com\/wp-content\/uploads\/2025\/07\/DM_16062_\u526f\u672c-990x990.png 990w, https:\/\/lirolight.com\/wp-content\/uploads\/2025\/07\/DM_16062_\u526f\u672c-441x441.png 441w, https:\/\/lirolight.com\/wp-content\/uploads\/2025\/07\/DM_16062_\u526f\u672c-100x100.png 100w, https:\/\/lirolight.com\/wp-content\/uploads\/2025\/07\/DM_16062_\u526f\u672c-800x800.png 800w, https:\/\/lirolight.com\/wp-content\/uploads\/2025\/07\/DM_16062_\u526f\u672c-500x500.png 500w, https:\/\/lirolight.com\/wp-content\/uploads\/2025\/07\/DM_16062_\u526f\u672c-40x40.png 40w, https:\/\/lirolight.com\/wp-content\/uploads\/2025\/07\/DM_16062_\u526f\u672c.png 2000w\" sizes=\"(max-width: 1024px) 100vw, 1024px\" \/><\/noscript><\/figure>\n<\/div>\n<\/div>\n\n\n\n<h2 class=\"wp-block-heading\"><font style=\"vertical-align: inherit;\"><font style=\"vertical-align: inherit;\">Spezifikation\uff1a<\/font><\/font><\/h2>\n\n\n\n<p>Eingangsspannung: AC90-240V\/50-60 Hz<br>Nennleistung: 400 (W)<br>Die Lichtquelle: 18pcs LED 18W RGBWA UV 6in1 (kann angepasst werden)<br>Stromst\u00e4rke: 600-700mA<br>Lebensdauer: 100 Tausend Stunden<br>Projektionsabstand: 10m-30m<br>Steuerung: DMX512 Master-Slave-Steuerung, selbstfahrend, Tonsteuerung, stufenweise, Saltus-Stufen<br>Kanal: 4\/8 Kan\u00e4le (digitale Anzeige)<br>Geh\u00e4use: Aluminium-Druckgu\u00df<br>Gr\u00f6\u00dfe: L33<em>24<\/em>34cm<br>Gewicht: 5kg<br>Farbe: schwarz<br>Anschluss des Ger\u00e4ts: Dateneingang\/-ausgang, Stromeingang\/-ausgang<br>K\u00fchlsystem: K\u00fchlgebl\u00e4se<br>Zertifizierung: CE, ROHS<br>Wasserdicht : IP65<br>Arbeitsumgebung: -20\u00b0C~+40\u00b0C<\/p>\n\n\n\n<h2 class=\"wp-block-heading\">Parameter: <\/h2>\n\n\n\n<figure class=\"wp-block-table\"><table class=\"has-fixed-layout\"><tbody><tr><td>Breite Spannung<\/td><td>AC100-240V,50\/60Hz<\/td><\/tr><tr><td>Lichtquelle<\/td><td>18pcs LED 18W RGBWA UV 6in1(kann angepasst werden)<\/td><\/tr><tr><td>Dimmer<\/td><td>0-100% linear<\/td><\/tr><tr><td>Kontrollmodus<\/td><td>DMX512 Master-Slave-Steuerung, selbstfahrend, Soundsteuerung, stufenweise, Saltus-Stufen<\/td><\/tr><\/tbody><\/table><\/figure>\n\n\n\n<h2 class=\"wp-block-heading\">Merkmale:<\/h2>\n\n\n\n<p>Wasserdicht nach IP65: Diese Leuchte verf\u00fcgt \u00fcber die Schutzart IP65 und ist somit \u00e4u\u00dferst widerstandsf\u00e4hig gegen das Eindringen von Wasser und Staub. Dadurch eignet sie sich f\u00fcr den Einsatz im Au\u00dfenbereich oder in feuchten Innenr\u00e4umen und erm\u00f6glicht einen sorgenfreien Betrieb in einer Vielzahl von Umgebungen.<br>18x18W RGBWAP-LEDs: Der Scheinwerfer verf\u00fcgt \u00fcber 18 St\u00fcck 18-Watt-LEDs, die jeweils RGB-Farben (rot, gr\u00fcn, blau) sowie wei\u00dfes (W), bernsteinfarbenes (A) und violettes (P) Licht in insgesamt sechs Farben (RGBWAP) ausstrahlen k\u00f6nnen. Dies erm\u00f6glicht eine unglaubliche Vielfalt an Farbmischungen und -\u00fcberg\u00e4ngen und damit die Schaffung lebendiger und dynamischer Lichteffekte.<br>6in1-LED-Technologie: Die Bezeichnung \"6in1\" bezieht sich auf die Integration von sechs verschiedenfarbigen LEDs in den Scheinwerfer. Durch das Mischen dieser Farben kann das Licht eine nahezu unbegrenzte Palette von Farbt\u00f6nen erzeugen, was die visuelle Wirkung von B\u00fchnenauftritten insgesamt verbessert.<br>B\u00fchnenwaschbeleuchtung: Die Hauptfunktion eines B\u00fchnenwaschlichts besteht darin, B\u00fchnenhintergr\u00fcnde oder -w\u00e4nde zu beleuchten und einen breiten und gleichm\u00e4\u00dfigen Lichtkegel zu erzeugen. Durch die Anpassung der Lichtintensit\u00e4t und -farbe k\u00f6nnen Tiefe und Struktur der B\u00fchne hervorgehoben und ein fesselndes visuelles Erlebnis f\u00fcr das Publikum geschaffen werden.<br>LED-Effizienz: Durch den Einsatz von LED-Technologie bietet diese Leuchte eine hohe Energieeffizienz, eine lange Lebensdauer und einen geringen Stromverbrauch. Dies senkt nicht nur die Betriebskosten, sondern tr\u00e4gt auch zu einer nachhaltigen und umweltfreundlichen Beleuchtungsl\u00f6sung bei.<\/p>\n\n\n\n<h2 class=\"wp-block-heading\">Zeit der Vorstellung:<\/h2>\n\n\n\n<figure class=\"wp-block-image size-full is-resized\"><img loading=\"lazy\" decoding=\"async\" width=\"720\" height=\"720\" data-src=\"https:\/\/lirolight.com\/wp-content\/uploads\/2025\/07\/x2-1818.png\" alt=\"\" class=\"wp-image-8259 lazyload\" style=\"--smush-placeholder-width: 720px; --smush-placeholder-aspect-ratio: 720\/720;width:900px;height:auto\" data-srcset=\"https:\/\/lirolight.com\/wp-content\/uploads\/2025\/07\/x2-1818.png 720w, https:\/\/lirolight.com\/wp-content\/uploads\/2025\/07\/x2-1818-300x300.png 300w, https:\/\/lirolight.com\/wp-content\/uploads\/2025\/07\/x2-1818-150x150.png 150w, https:\/\/lirolight.com\/wp-content\/uploads\/2025\/07\/x2-1818-12x12.png 12w, https:\/\/lirolight.com\/wp-content\/uploads\/2025\/07\/x2-1818-441x441.png 441w, https:\/\/lirolight.com\/wp-content\/uploads\/2025\/07\/x2-1818-100x100.png 100w, https:\/\/lirolight.com\/wp-content\/uploads\/2025\/07\/x2-1818-500x500.png 500w, https:\/\/lirolight.com\/wp-content\/uploads\/2025\/07\/x2-1818-40x40.png 40w\" data-sizes=\"(max-width: 720px) 100vw, 720px\" src=\"data:image\/gif;base64,R0lGODlhAQABAAAAACH5BAEKAAEALAAAAAABAAEAAAICTAEAOw==\" \/><noscript><img loading=\"lazy\" decoding=\"async\" width=\"720\" height=\"720\" src=\"https:\/\/lirolight.com\/wp-content\/uploads\/2025\/07\/x2-1818.png\" alt=\"\" class=\"wp-image-8259\" style=\"width:900px;height:auto\" srcset=\"https:\/\/lirolight.com\/wp-content\/uploads\/2025\/07\/x2-1818.png 720w, https:\/\/lirolight.com\/wp-content\/uploads\/2025\/07\/x2-1818-300x300.png 300w, https:\/\/lirolight.com\/wp-content\/uploads\/2025\/07\/x2-1818-150x150.png 150w, https:\/\/lirolight.com\/wp-content\/uploads\/2025\/07\/x2-1818-12x12.png 12w, https:\/\/lirolight.com\/wp-content\/uploads\/2025\/07\/x2-1818-441x441.png 441w, https:\/\/lirolight.com\/wp-content\/uploads\/2025\/07\/x2-1818-100x100.png 100w, https:\/\/lirolight.com\/wp-content\/uploads\/2025\/07\/x2-1818-500x500.png 500w, https:\/\/lirolight.com\/wp-content\/uploads\/2025\/07\/x2-1818-40x40.png 40w\" sizes=\"(max-width: 720px) 100vw, 720px\" \/><\/noscript><\/figure>\n\n\n\n<div class=\"wp-block-columns is-layout-flex wp-container-core-columns-is-layout-28f84493 wp-block-columns-is-layout-flex\">\n<div class=\"wp-block-column is-layout-flow wp-block-column-is-layout-flow\">\n<figure class=\"wp-block-image size-full\"><img loading=\"lazy\" decoding=\"async\" width=\"552\" height=\"652\" data-src=\"https:\/\/lirolight.com\/wp-content\/uploads\/2025\/07\/x4-1818.png\" alt=\"\" class=\"wp-image-8262 lazyload\" data-srcset=\"https:\/\/lirolight.com\/wp-content\/uploads\/2025\/07\/x4-1818.png 552w, https:\/\/lirolight.com\/wp-content\/uploads\/2025\/07\/x4-1818-254x300.png 254w, https:\/\/lirolight.com\/wp-content\/uploads\/2025\/07\/x4-1818-10x12.png 10w, https:\/\/lirolight.com\/wp-content\/uploads\/2025\/07\/x4-1818-441x521.png 441w, https:\/\/lirolight.com\/wp-content\/uploads\/2025\/07\/x4-1818-300x354.png 300w, https:\/\/lirolight.com\/wp-content\/uploads\/2025\/07\/x4-1818-150x177.png 150w, https:\/\/lirolight.com\/wp-content\/uploads\/2025\/07\/x4-1818-423x500.png 423w, https:\/\/lirolight.com\/wp-content\/uploads\/2025\/07\/x4-1818-34x40.png 34w\" data-sizes=\"(max-width: 552px) 100vw, 552px\" src=\"data:image\/gif;base64,R0lGODlhAQABAAAAACH5BAEKAAEALAAAAAABAAEAAAICTAEAOw==\" style=\"--smush-placeholder-width: 552px; --smush-placeholder-aspect-ratio: 552\/652;\" \/><noscript><img loading=\"lazy\" decoding=\"async\" width=\"552\" height=\"652\" src=\"https:\/\/lirolight.com\/wp-content\/uploads\/2025\/07\/x4-1818.png\" alt=\"\" class=\"wp-image-8262\" srcset=\"https:\/\/lirolight.com\/wp-content\/uploads\/2025\/07\/x4-1818.png 552w, https:\/\/lirolight.com\/wp-content\/uploads\/2025\/07\/x4-1818-254x300.png 254w, https:\/\/lirolight.com\/wp-content\/uploads\/2025\/07\/x4-1818-10x12.png 10w, https:\/\/lirolight.com\/wp-content\/uploads\/2025\/07\/x4-1818-441x521.png 441w, https:\/\/lirolight.com\/wp-content\/uploads\/2025\/07\/x4-1818-300x354.png 300w, https:\/\/lirolight.com\/wp-content\/uploads\/2025\/07\/x4-1818-150x177.png 150w, https:\/\/lirolight.com\/wp-content\/uploads\/2025\/07\/x4-1818-423x500.png 423w, https:\/\/lirolight.com\/wp-content\/uploads\/2025\/07\/x4-1818-34x40.png 34w\" sizes=\"(max-width: 552px) 100vw, 552px\" \/><\/noscript><\/figure>\n<\/div>\n\n\n\n<div class=\"wp-block-column is-layout-flow wp-block-column-is-layout-flow\"><\/div>\n\n\n\n<div class=\"wp-block-column is-layout-flow wp-block-column-is-layout-flow\">\n<figure class=\"wp-block-image size-full\"><img loading=\"lazy\" decoding=\"async\" width=\"552\" height=\"640\" data-src=\"https:\/\/lirolight.com\/wp-content\/uploads\/2025\/07\/x5-1818.png\" alt=\"\" class=\"wp-image-8263 lazyload\" data-srcset=\"https:\/\/lirolight.com\/wp-content\/uploads\/2025\/07\/x5-1818.png 552w, https:\/\/lirolight.com\/wp-content\/uploads\/2025\/07\/x5-1818-259x300.png 259w, https:\/\/lirolight.com\/wp-content\/uploads\/2025\/07\/x5-1818-10x12.png 10w, https:\/\/lirolight.com\/wp-content\/uploads\/2025\/07\/x5-1818-441x511.png 441w, https:\/\/lirolight.com\/wp-content\/uploads\/2025\/07\/x5-1818-300x348.png 300w, https:\/\/lirolight.com\/wp-content\/uploads\/2025\/07\/x5-1818-150x174.png 150w, https:\/\/lirolight.com\/wp-content\/uploads\/2025\/07\/x5-1818-431x500.png 431w, https:\/\/lirolight.com\/wp-content\/uploads\/2025\/07\/x5-1818-35x40.png 35w\" data-sizes=\"(max-width: 552px) 100vw, 552px\" src=\"data:image\/gif;base64,R0lGODlhAQABAAAAACH5BAEKAAEALAAAAAABAAEAAAICTAEAOw==\" style=\"--smush-placeholder-width: 552px; --smush-placeholder-aspect-ratio: 552\/640;\" \/><noscript><img loading=\"lazy\" decoding=\"async\" width=\"552\" height=\"640\" src=\"https:\/\/lirolight.com\/wp-content\/uploads\/2025\/07\/x5-1818.png\" alt=\"\" class=\"wp-image-8263\" srcset=\"https:\/\/lirolight.com\/wp-content\/uploads\/2025\/07\/x5-1818.png 552w, https:\/\/lirolight.com\/wp-content\/uploads\/2025\/07\/x5-1818-259x300.png 259w, https:\/\/lirolight.com\/wp-content\/uploads\/2025\/07\/x5-1818-10x12.png 10w, https:\/\/lirolight.com\/wp-content\/uploads\/2025\/07\/x5-1818-441x511.png 441w, https:\/\/lirolight.com\/wp-content\/uploads\/2025\/07\/x5-1818-300x348.png 300w, https:\/\/lirolight.com\/wp-content\/uploads\/2025\/07\/x5-1818-150x174.png 150w, https:\/\/lirolight.com\/wp-content\/uploads\/2025\/07\/x5-1818-431x500.png 431w, https:\/\/lirolight.com\/wp-content\/uploads\/2025\/07\/x5-1818-35x40.png 35w\" sizes=\"(max-width: 552px) 100vw, 552px\" \/><\/noscript><\/figure>\n<\/div>\n<\/div>","protected":false},"excerpt":{"rendered":"<div class=\"QFw9Te BLojaf\">\n<div class=\"hlJJmd\">\n<div class=\"Bmcqed\" dir=\"ltr\">\n<div data-id=\"kvLWu\">\n<div data-slate-node=\"element\">Die Leuchte verf\u00fcgt \u00fcber 18 St\u00fcck 18-Watt-LEDs, die jeweils RGB-Farben (rot, gr\u00fcn, blau) sowie wei\u00dfes (W), bernsteinfarbenes (A) und violettes (P) Licht in insgesamt sechs Farben (RGBWAP) ausstrahlen k\u00f6nnen. Dies erm\u00f6glicht eine unglaubliche Vielfalt an Farbmischungen und -\u00fcberg\u00e4ngen und damit die Schaffung lebendiger und dynamischer Lichteffekte.<\/div>\n<\/div>\n<\/div>\n<\/div>\n<div class=\"cEWAef\">\u00a0<\/div>\n<div class=\"fXYY1b D5aOJc\">\u00a0<\/div>\n<div id=\"ow6\">\u00a0<\/div>\n<\/div>\n<div class=\"DVHrxd\">\u00a0<\/div>\n<div class=\"UdTY9 BwTYAc leDWne\" aria-hidden=\"true\" data-location=\"1\">\u00a0<\/div>\n<p>&nbsp;<\/p>\n<blockquote><p>\u00a0<\/p><\/blockquote>\n<p>&nbsp;<\/p>","protected":false},"featured_media":8256,"comment_status":"open","ping_status":"closed","template":"","meta":[],"product_brand":[],"product_cat":[58],"product_tag":[135,134,136],"class_list":{"0":"post-8206","1":"product","2":"type-product","3":"status-publish","4":"has-post-thumbnail","6":"product_cat-led-par-light","7":"product_tag-dj-par-light","8":"product_tag-led-par-light","9":"product_tag-pan-can","11":"first","12":"instock","13":"shipping-taxable","14":"product-type-simple"},"_links":{"self":[{"href":"https:\/\/lirolight.com\/de\/wp-json\/wp\/v2\/product\/8206","targetHints":{"allow":["GET"]}}],"collection":[{"href":"https:\/\/lirolight.com\/de\/wp-json\/wp\/v2\/product"}],"about":[{"href":"https:\/\/lirolight.com\/de\/wp-json\/wp\/v2\/types\/product"}],"replies":[{"embeddable":true,"href":"https:\/\/lirolight.com\/de\/wp-json\/wp\/v2\/comments?post=8206"}],"version-history":[{"count":4,"href":"https:\/\/lirolight.com\/de\/wp-json\/wp\/v2\/product\/8206\/revisions"}],"predecessor-version":[{"id":10598,"href":"https:\/\/lirolight.com\/de\/wp-json\/wp\/v2\/product\/8206\/revisions\/10598"}],"wp:featuredmedia":[{"embeddable":true,"href":"https:\/\/lirolight.com\/de\/wp-json\/wp\/v2\/media\/8256"}],"wp:attachment":[{"href":"https:\/\/lirolight.com\/de\/wp-json\/wp\/v2\/media?parent=8206"}],"wp:term":[{"taxonomy":"product_brand","embeddable":true,"href":"https:\/\/lirolight.com\/de\/wp-json\/wp\/v2\/product_brand?post=8206"},{"taxonomy":"product_cat","embeddable":true,"href":"https:\/\/lirolight.com\/de\/wp-json\/wp\/v2\/product_cat?post=8206"},{"taxonomy":"product_tag","embeddable":true,"href":"https:\/\/lirolight.com\/de\/wp-json\/wp\/v2\/product_tag?post=8206"}],"curies":[{"name":"wp","href":"https:\/\/api.w.org\/{rel}","templated":true}]}}