{"id":8334,"date":"2025-07-16T06:32:34","date_gmt":"2025-07-16T06:32:34","guid":{"rendered":"https:\/\/lirolight.com\/?post_type=product&#038;p=8334"},"modified":"2026-03-06T07:03:10","modified_gmt":"2026-03-06T07:03:10","slug":"led-profile-spot-light-300w-ww-cw-dmx-led-ellipsoidal-light-high-brightness-leko-cinema-church-theater-lights","status":"publish","type":"product","link":"https:\/\/lirolight.com\/de\/produkt\/led-profile-spot-light-300w-ww-cw-dmx-led-ellipsoidal-light-high-brightness-leko-cinema-church-theater-lights\/","title":{"rendered":"LiRO-LITE Led Profile Spot Light 300w WW\/CW DMX Led Ellipsoidal Light High Brightness Leko Cinema Church Theater Lights"},"content":{"rendered":"<h2 class=\"wp-block-heading\"><strong><mark style=\"background-color:#000000\" class=\"has-inline-color has-white-color\">LR-PS300<\/mark><\/strong><\/h2>\n\n\n\n<hr class=\"wp-block-separator has-alpha-channel-opacity\"\/>\n\n\n\n<h2 class=\"wp-block-heading\">Bilder:<\/h2>\n\n\n\n<div class=\"wp-block-columns is-layout-flex wp-container-core-columns-is-layout-28f84493 wp-block-columns-is-layout-flex\">\n<div class=\"wp-block-column is-layout-flow wp-block-column-is-layout-flow\">\n<div class=\"wp-block-columns is-layout-flex wp-container-core-columns-is-layout-28f84493 wp-block-columns-is-layout-flex\">\n<div class=\"wp-block-column is-layout-flow wp-block-column-is-layout-flow\">\n<figure class=\"wp-block-image size-full\"><img fetchpriority=\"high\" decoding=\"async\" width=\"2000\" height=\"2000\" src=\"https:\/\/lirolight.com\/wp-content\/uploads\/2025\/07\/2_\u526f\u672c.png\" alt=\"\" class=\"wp-image-10809\" srcset=\"https:\/\/lirolight.com\/wp-content\/uploads\/2025\/07\/2_\u526f\u672c.png 2000w, https:\/\/lirolight.com\/wp-content\/uploads\/2025\/07\/2_\u526f\u672c-300x300.png 300w, https:\/\/lirolight.com\/wp-content\/uploads\/2025\/07\/2_\u526f\u672c-1024x1024.png 1024w, https:\/\/lirolight.com\/wp-content\/uploads\/2025\/07\/2_\u526f\u672c-150x150.png 150w, https:\/\/lirolight.com\/wp-content\/uploads\/2025\/07\/2_\u526f\u672c-768x768.png 768w, https:\/\/lirolight.com\/wp-content\/uploads\/2025\/07\/2_\u526f\u672c-1536x1536.png 1536w, https:\/\/lirolight.com\/wp-content\/uploads\/2025\/07\/2_\u526f\u672c-12x12.png 12w, https:\/\/lirolight.com\/wp-content\/uploads\/2025\/07\/2_\u526f\u672c-990x990.png 990w, https:\/\/lirolight.com\/wp-content\/uploads\/2025\/07\/2_\u526f\u672c-441x441.png 441w, https:\/\/lirolight.com\/wp-content\/uploads\/2025\/07\/2_\u526f\u672c-100x100.png 100w, https:\/\/lirolight.com\/wp-content\/uploads\/2025\/07\/2_\u526f\u672c-800x800.png 800w, https:\/\/lirolight.com\/wp-content\/uploads\/2025\/07\/2_\u526f\u672c-40x40.png 40w\" sizes=\"(max-width: 2000px) 100vw, 2000px\" \/><\/figure>\n<\/div>\n\n\n\n<div class=\"wp-block-column is-layout-flow wp-block-column-is-layout-flow\">\n<figure class=\"wp-block-image size-large\"><img decoding=\"async\" width=\"1024\" height=\"1024\" data-src=\"https:\/\/lirolight.com\/wp-content\/uploads\/2025\/07\/3_\u526f\u672c-1024x1024.png\" alt=\"\" class=\"wp-image-10808 lazyload\" data-srcset=\"https:\/\/lirolight.com\/wp-content\/uploads\/2025\/07\/3_\u526f\u672c-1024x1024.png 1024w, https:\/\/lirolight.com\/wp-content\/uploads\/2025\/07\/3_\u526f\u672c-300x300.png 300w, https:\/\/lirolight.com\/wp-content\/uploads\/2025\/07\/3_\u526f\u672c-150x150.png 150w, https:\/\/lirolight.com\/wp-content\/uploads\/2025\/07\/3_\u526f\u672c-768x768.png 768w, https:\/\/lirolight.com\/wp-content\/uploads\/2025\/07\/3_\u526f\u672c-1536x1536.png 1536w, https:\/\/lirolight.com\/wp-content\/uploads\/2025\/07\/3_\u526f\u672c-12x12.png 12w, https:\/\/lirolight.com\/wp-content\/uploads\/2025\/07\/3_\u526f\u672c-990x990.png 990w, https:\/\/lirolight.com\/wp-content\/uploads\/2025\/07\/3_\u526f\u672c-441x441.png 441w, https:\/\/lirolight.com\/wp-content\/uploads\/2025\/07\/3_\u526f\u672c-100x100.png 100w, https:\/\/lirolight.com\/wp-content\/uploads\/2025\/07\/3_\u526f\u672c-800x800.png 800w, https:\/\/lirolight.com\/wp-content\/uploads\/2025\/07\/3_\u526f\u672c-40x40.png 40w, https:\/\/lirolight.com\/wp-content\/uploads\/2025\/07\/3_\u526f\u672c.png 2000w\" data-sizes=\"(max-width: 1024px) 100vw, 1024px\" src=\"data:image\/gif;base64,R0lGODlhAQABAAAAACH5BAEKAAEALAAAAAABAAEAAAICTAEAOw==\" style=\"--smush-placeholder-width: 1024px; --smush-placeholder-aspect-ratio: 1024\/1024;\" \/><noscript><img decoding=\"async\" width=\"1024\" height=\"1024\" src=\"https:\/\/lirolight.com\/wp-content\/uploads\/2025\/07\/3_\u526f\u672c-1024x1024.png\" alt=\"\" class=\"wp-image-10808\" srcset=\"https:\/\/lirolight.com\/wp-content\/uploads\/2025\/07\/3_\u526f\u672c-1024x1024.png 1024w, https:\/\/lirolight.com\/wp-content\/uploads\/2025\/07\/3_\u526f\u672c-300x300.png 300w, https:\/\/lirolight.com\/wp-content\/uploads\/2025\/07\/3_\u526f\u672c-150x150.png 150w, https:\/\/lirolight.com\/wp-content\/uploads\/2025\/07\/3_\u526f\u672c-768x768.png 768w, https:\/\/lirolight.com\/wp-content\/uploads\/2025\/07\/3_\u526f\u672c-1536x1536.png 1536w, https:\/\/lirolight.com\/wp-content\/uploads\/2025\/07\/3_\u526f\u672c-12x12.png 12w, https:\/\/lirolight.com\/wp-content\/uploads\/2025\/07\/3_\u526f\u672c-990x990.png 990w, https:\/\/lirolight.com\/wp-content\/uploads\/2025\/07\/3_\u526f\u672c-441x441.png 441w, https:\/\/lirolight.com\/wp-content\/uploads\/2025\/07\/3_\u526f\u672c-100x100.png 100w, https:\/\/lirolight.com\/wp-content\/uploads\/2025\/07\/3_\u526f\u672c-800x800.png 800w, https:\/\/lirolight.com\/wp-content\/uploads\/2025\/07\/3_\u526f\u672c-40x40.png 40w, https:\/\/lirolight.com\/wp-content\/uploads\/2025\/07\/3_\u526f\u672c.png 2000w\" sizes=\"(max-width: 1024px) 100vw, 1024px\" \/><\/noscript><\/figure>\n<\/div>\n<\/div>\n<\/div>\n<\/div>\n\n\n\n<h2 class=\"wp-block-heading\">Spezifikation:<\/h2>\n\n\n\n<p>Leistung: 300W<br>Farbtemperatur: Warmwei\u00df (WW) und Kaltwei\u00df (CW) w\u00e4hlbar (RGBW kann angepasst werden)<br>Farbwiedergabeindex (CRI): 90<br>Elektronischer Zoombereich: 15\u00b0 bis 50\u00b0<br>Dimmverfahren: 0~100% linear dimmen<br>Betriebsspannung: AC100-240V, 50\/60Hz<br>IP-Bewertung: IP20<br>Abmessungen: 320 x 285 x 440 mm<br>Gewicht: 8,5 kg<\/p>\n\n\n\n<div class=\"wp-block-columns is-layout-flex wp-container-core-columns-is-layout-28f84493 wp-block-columns-is-layout-flex\">\n<div class=\"wp-block-column is-layout-flow wp-block-column-is-layout-flow\">\n<h2 class=\"wp-block-heading\">Merkmale:<\/h2>\n<\/div>\n<\/div>\n\n\n\n<p><strong>High-Brightness-LED-Quelle<\/strong><br>Ausgestattet mit einer 300W-LED-Quelle, bietet dieser Scheinwerfer eine hohe Helligkeit und einen hohen Farbwiedergabeindex (CRI 90). Er liefert klares und gleichm\u00e4\u00dfiges Licht und eignet sich daher f\u00fcr Anwendungen wie Nahaufnahmen von Schauspielern und die Hintergrundbeleuchtung von B\u00fchnen.<br><strong>Auswahl von zwei Farbtemperaturen<\/strong><br>Unterst\u00fctzt die beiden Farbtemperaturmodi Warmwei\u00df (WW) und Kaltwei\u00df (CW). Der Benutzer kann die geeignete Temperatur je nach den Anforderungen der Szene ausw\u00e4hlen, um verschiedene Leistungs- oder Filmbed\u00fcrfnisse zu erf\u00fcllen.<br><strong>DMX-Steuerungsfunktion<\/strong><br>Der integrierte DMX512-Steuermodus erm\u00f6glicht eine einfache Einstellung der Lichtintensit\u00e4t, Farbwechsel und dynamische Effekte. Dies macht ihn ideal f\u00fcr komplexe B\u00fchnenbeleuchtungs-Setups.<br><strong>Elektronische Zoom- und Fokusfunktion<\/strong><br>In der Regel bietet es einen elektronischen Zoombereich von 15\u00b0 bis 50\u00b0. Der Benutzer kann den Abstrahlwinkel nach Bedarf einstellen. Au\u00dferdem unterst\u00fctzt es sowohl die manuelle als auch die automatische Fokussierung f\u00fcr einen flexiblen Betrieb.<br><strong>Hohe Farbwiedergabe und weicher Lichteffekt<\/strong><br>Liefert weiches und gleichm\u00e4\u00dfiges Licht mit einem hohen Farbwiedergabeindex (CRI). Diese F\u00e4higkeit gew\u00e4hrleistet die farbgetreue Wiedergabe von beleuchteten Objekten und eignet sich daher besonders f\u00fcr Anwendungen, die eine hochpr\u00e4zise Beleuchtung erfordern.<br><strong>Effizientes und stabiles K\u00fchlsystem<\/strong><br>Ausgestattet mit einem leisen Super Flower 3-L\u00fcfter und einem einzigartig effizienten K\u00fchlsystem. Dies gew\u00e4hrleistet einen stabilen Betrieb auch bei hoher Leistung und verl\u00e4ngert die Lebensdauer der Leuchte.<br><strong>Breiter Betriebstemperaturbereich<\/strong><br>Kann normalerweise in einem Umgebungstemperaturbereich von -30\u00b0C bis 50\u00b0C betrieben werden und bietet eine hohe Anpassungsf\u00e4higkeit f\u00fcr verschiedene Einsatzszenarien.<br><strong>Energieeffizient und umweltfreundlich<\/strong><br>Die LED-Quelle verbraucht wenig Strom und hat eine Lebensdauer von bis zu 50.000 Stunden. Dadurch m\u00fcssen die Leuchten seltener ausgetauscht werden und die Wartungskosten sinken.<\/p>\n\n\n\n<h2 class=\"wp-block-heading\">Zeit der Vorstellung.<\/h2>\n\n\n\n<figure class=\"wp-block-image alignwide size-full\"><img decoding=\"async\" width=\"600\" height=\"400\" data-src=\"https:\/\/lirolight.com\/wp-content\/uploads\/2025\/07\/8-1.png\" alt=\"\" class=\"wp-image-8337 lazyload\" data-srcset=\"https:\/\/lirolight.com\/wp-content\/uploads\/2025\/07\/8-1.png 600w, https:\/\/lirolight.com\/wp-content\/uploads\/2025\/07\/8-1-300x200.png 300w, https:\/\/lirolight.com\/wp-content\/uploads\/2025\/07\/8-1-18x12.png 18w, https:\/\/lirolight.com\/wp-content\/uploads\/2025\/07\/8-1-441x294.png 441w, https:\/\/lirolight.com\/wp-content\/uploads\/2025\/07\/8-1-150x100.png 150w, https:\/\/lirolight.com\/wp-content\/uploads\/2025\/07\/8-1-500x333.png 500w, https:\/\/lirolight.com\/wp-content\/uploads\/2025\/07\/8-1-60x40.png 60w\" data-sizes=\"(max-width: 600px) 100vw, 600px\" src=\"data:image\/gif;base64,R0lGODlhAQABAAAAACH5BAEKAAEALAAAAAABAAEAAAICTAEAOw==\" style=\"--smush-placeholder-width: 600px; --smush-placeholder-aspect-ratio: 600\/400;\" \/><noscript><img decoding=\"async\" width=\"600\" height=\"400\" src=\"https:\/\/lirolight.com\/wp-content\/uploads\/2025\/07\/8-1.png\" alt=\"\" class=\"wp-image-8337\" srcset=\"https:\/\/lirolight.com\/wp-content\/uploads\/2025\/07\/8-1.png 600w, https:\/\/lirolight.com\/wp-content\/uploads\/2025\/07\/8-1-300x200.png 300w, https:\/\/lirolight.com\/wp-content\/uploads\/2025\/07\/8-1-18x12.png 18w, https:\/\/lirolight.com\/wp-content\/uploads\/2025\/07\/8-1-441x294.png 441w, https:\/\/lirolight.com\/wp-content\/uploads\/2025\/07\/8-1-150x100.png 150w, https:\/\/lirolight.com\/wp-content\/uploads\/2025\/07\/8-1-500x333.png 500w, https:\/\/lirolight.com\/wp-content\/uploads\/2025\/07\/8-1-60x40.png 60w\" sizes=\"(max-width: 600px) 100vw, 600px\" \/><\/noscript><\/figure>\n\n\n\n<figure class=\"wp-block-image alignwide size-large\"><img loading=\"lazy\" decoding=\"async\" width=\"528\" height=\"1024\" data-src=\"https:\/\/lirolight.com\/wp-content\/uploads\/2025\/07\/X3-528x1024.png\" alt=\"\" class=\"wp-image-8338 lazyload\" data-srcset=\"https:\/\/lirolight.com\/wp-content\/uploads\/2025\/07\/X3-528x1024.png 528w, https:\/\/lirolight.com\/wp-content\/uploads\/2025\/07\/X3-155x300.png 155w, https:\/\/lirolight.com\/wp-content\/uploads\/2025\/07\/X3-768x1489.png 768w, https:\/\/lirolight.com\/wp-content\/uploads\/2025\/07\/X3-6x12.png 6w, https:\/\/lirolight.com\/wp-content\/uploads\/2025\/07\/X3-441x855.png 441w, https:\/\/lirolight.com\/wp-content\/uploads\/2025\/07\/X3-300x582.png 300w, https:\/\/lirolight.com\/wp-content\/uploads\/2025\/07\/X3-150x291.png 150w, https:\/\/lirolight.com\/wp-content\/uploads\/2025\/07\/X3-258x500.png 258w, https:\/\/lirolight.com\/wp-content\/uploads\/2025\/07\/X3-21x40.png 21w, https:\/\/lirolight.com\/wp-content\/uploads\/2025\/07\/X3.png 790w\" data-sizes=\"(max-width: 528px) 100vw, 528px\" src=\"data:image\/gif;base64,R0lGODlhAQABAAAAACH5BAEKAAEALAAAAAABAAEAAAICTAEAOw==\" style=\"--smush-placeholder-width: 528px; --smush-placeholder-aspect-ratio: 528\/1024;\" \/><noscript><img loading=\"lazy\" decoding=\"async\" width=\"528\" height=\"1024\" src=\"https:\/\/lirolight.com\/wp-content\/uploads\/2025\/07\/X3-528x1024.png\" alt=\"\" class=\"wp-image-8338\" srcset=\"https:\/\/lirolight.com\/wp-content\/uploads\/2025\/07\/X3-528x1024.png 528w, https:\/\/lirolight.com\/wp-content\/uploads\/2025\/07\/X3-155x300.png 155w, https:\/\/lirolight.com\/wp-content\/uploads\/2025\/07\/X3-768x1489.png 768w, https:\/\/lirolight.com\/wp-content\/uploads\/2025\/07\/X3-6x12.png 6w, https:\/\/lirolight.com\/wp-content\/uploads\/2025\/07\/X3-441x855.png 441w, https:\/\/lirolight.com\/wp-content\/uploads\/2025\/07\/X3-300x582.png 300w, https:\/\/lirolight.com\/wp-content\/uploads\/2025\/07\/X3-150x291.png 150w, https:\/\/lirolight.com\/wp-content\/uploads\/2025\/07\/X3-258x500.png 258w, https:\/\/lirolight.com\/wp-content\/uploads\/2025\/07\/X3-21x40.png 21w, https:\/\/lirolight.com\/wp-content\/uploads\/2025\/07\/X3.png 790w\" sizes=\"(max-width: 528px) 100vw, 528px\" \/><\/noscript><\/figure>\n\n\n\n<h2 class=\"wp-block-heading\">Anwendbare Szenarien:<\/h2>\n\n\n\n<p>B\u00fchnenauff\u00fchrungen: Ideal f\u00fcr Theater, Musicals, Konzerte und andere B\u00fchnenbeleuchtungen, die eine pr\u00e4zise Lichtsteuerung erfordern.<br>Kinoprojektion: Wird f\u00fcr die Zusatzbeleuchtung in Kinos verwendet, um die Qualit\u00e4t des projizierten Bildes zu verbessern.<br>Kirchenbeleuchtung: Geeignet f\u00fcr Beleuchtungsarrangements in religi\u00f6sen Einrichtungen, die eine feierliche Atmosph\u00e4re schaffen.<br>Konferenzr\u00e4ume und Studios: F\u00fcr die Beleuchtung von Moderatoren und die Beleuchtung der Augen in Fernsehstudios zur Verbesserung der Bildqualit\u00e4t.<\/p>","protected":false},"excerpt":{"rendered":"<div class=\"QFw9Te BLojaf\">\n<div class=\"hlJJmd\">\n<div class=\"Bmcqed\" dir=\"ltr\">\n<div data-id=\"kvLWu\">Dieser Scheinwerfer ist aufgrund seiner hohen Helligkeit, hohen Farbwiedergabe, multifunktionalen Steuerungsm\u00f6glichkeiten und Energieeffizienz eine ideale Wahl f\u00fcr B\u00fchnen, Kinos, Kirchen und andere Veranstaltungsorte. Die stabile Leistung und der flexible Betrieb bieten dem Benutzer eine bequeme und professionelle Beleuchtungsl\u00f6sung.<\/div>\n<\/div>\n<\/div>\n<\/div>\n<p>&nbsp;<\/p>","protected":false},"featured_media":10809,"comment_status":"open","ping_status":"closed","template":"","meta":[],"product_brand":[],"product_cat":[87,59],"product_tag":[148,149,147],"class_list":{"0":"post-8334","1":"product","2":"type-product","3":"status-publish","4":"has-post-thumbnail","6":"product_cat-led-studio-light","7":"product_cat-stage-effect-light","8":"product_tag-ledprofilelight","9":"product_tag-ledstudiolight300","10":"product_tag-stagelight","12":"first","13":"instock","14":"shipping-taxable","15":"product-type-simple"},"_links":{"self":[{"href":"https:\/\/lirolight.com\/de\/wp-json\/wp\/v2\/product\/8334","targetHints":{"allow":["GET"]}}],"collection":[{"href":"https:\/\/lirolight.com\/de\/wp-json\/wp\/v2\/product"}],"about":[{"href":"https:\/\/lirolight.com\/de\/wp-json\/wp\/v2\/types\/product"}],"replies":[{"embeddable":true,"href":"https:\/\/lirolight.com\/de\/wp-json\/wp\/v2\/comments?post=8334"}],"version-history":[{"count":6,"href":"https:\/\/lirolight.com\/de\/wp-json\/wp\/v2\/product\/8334\/revisions"}],"predecessor-version":[{"id":10810,"href":"https:\/\/lirolight.com\/de\/wp-json\/wp\/v2\/product\/8334\/revisions\/10810"}],"wp:featuredmedia":[{"embeddable":true,"href":"https:\/\/lirolight.com\/de\/wp-json\/wp\/v2\/media\/10809"}],"wp:attachment":[{"href":"https:\/\/lirolight.com\/de\/wp-json\/wp\/v2\/media?parent=8334"}],"wp:term":[{"taxonomy":"product_brand","embeddable":true,"href":"https:\/\/lirolight.com\/de\/wp-json\/wp\/v2\/product_brand?post=8334"},{"taxonomy":"product_cat","embeddable":true,"href":"https:\/\/lirolight.com\/de\/wp-json\/wp\/v2\/product_cat?post=8334"},{"taxonomy":"product_tag","embeddable":true,"href":"https:\/\/lirolight.com\/de\/wp-json\/wp\/v2\/product_tag?post=8334"}],"curies":[{"name":"wp","href":"https:\/\/api.w.org\/{rel}","templated":true}]}}