{"id":8892,"date":"2025-07-30T01:49:57","date_gmt":"2025-07-30T01:49:57","guid":{"rendered":"https:\/\/lirolight.com\/?post_type=product&#038;p=8892"},"modified":"2026-01-13T03:26:31","modified_gmt":"2026-01-13T03:26:31","slug":"liro-lite-ip65-waterproof-1820w-battery-led-city-color-light-wifi-app-18x20w-rgbwa-uv-6in1-wireless-battery-uplight-led-wall-washer","status":"publish","type":"product","link":"https:\/\/lirolight.com\/de\/produkt\/liro-lite-ip65-waterproof-1820w-battery-led-city-color-light-wifi-app-18x20w-rgbwa-uv-6in1-wireless-battery-uplight-led-wall-washer\/","title":{"rendered":"LiRO-LITE IP65 Wasserdicht 18*20w Batterie Led Stadt Farbe Licht Wifi APP 18x20w RGBWA UV 6in1 Wireless Batterie Uplight Led Wall Washer"},"content":{"rendered":"<h2 class=\"wp-block-heading\"><strong><mark style=\"background-color:#000000\" class=\"has-inline-color has-white-color\">LR-IP Batterie C1820<\/mark><\/strong><\/h2>\n\n\n\n<p>Der LiRO-LITE IP65 wasserdichte 18x20W RGBWA UV LED Wandfluter ist eine leistungsstarke, professionelle Beleuchtungsl\u00f6sung. Ausgestattet mit 18 leistungsstarken 20W 6-in-1-LEDs liefert er eine lebendige RGBWA+UV-Farbmischung f\u00fcr atemberaubende Effekte. Die Schutzart IP65 gew\u00e4hrleistet eine zuverl\u00e4ssige Leistung in jeder Umgebung, w\u00e4hrend die mitgelieferte Diffusorfolie (optional) weichere Farbt\u00f6ne erzeugt. Die Steuerung erfolgt m\u00fchelos \u00fcber die iPhone\/Android-App oder das intuitive OLED-Touch-Display. Der robuste 24.000-mAh-Akku bietet v\u00f6llige kabellose Freiheit f\u00fcr Events, Veranstaltungsorte und architektonische Beleuchtungen und macht ihn zu einer vielseitigen und zuverl\u00e4ssigen Wahl f\u00fcr dynamische Beleuchtungen.<\/p>\n\n\n\n<hr class=\"wp-block-separator has-alpha-channel-opacity\"\/>\n\n\n\n<h2 class=\"wp-block-heading\">Bilder:<\/h2>\n\n\n\n<figure class=\"wp-block-image alignwide size-full\"><img fetchpriority=\"high\" decoding=\"async\" width=\"750\" height=\"827\" src=\"https:\/\/lirolight.com\/wp-content\/uploads\/2025\/07\/IP-BATTERY-C1820-0.jpg\" alt=\"\" class=\"wp-image-8894\" srcset=\"https:\/\/lirolight.com\/wp-content\/uploads\/2025\/07\/IP-BATTERY-C1820-0.jpg 750w, https:\/\/lirolight.com\/wp-content\/uploads\/2025\/07\/IP-BATTERY-C1820-0-272x300.jpg 272w, https:\/\/lirolight.com\/wp-content\/uploads\/2025\/07\/IP-BATTERY-C1820-0-11x12.jpg 11w, https:\/\/lirolight.com\/wp-content\/uploads\/2025\/07\/IP-BATTERY-C1820-0-441x486.jpg 441w, https:\/\/lirolight.com\/wp-content\/uploads\/2025\/07\/IP-BATTERY-C1820-0-300x331.jpg 300w, https:\/\/lirolight.com\/wp-content\/uploads\/2025\/07\/IP-BATTERY-C1820-0-150x165.jpg 150w, https:\/\/lirolight.com\/wp-content\/uploads\/2025\/07\/IP-BATTERY-C1820-0-36x40.jpg 36w\" sizes=\"(max-width: 750px) 100vw, 750px\" \/><\/figure>\n\n\n\n<div class=\"wp-block-columns is-layout-flex wp-container-core-columns-is-layout-28f84493 wp-block-columns-is-layout-flex\">\n<div class=\"wp-block-column is-layout-flow wp-block-column-is-layout-flow\">\n<figure class=\"wp-block-image size-full\"><img decoding=\"async\" width=\"1280\" height=\"1280\" data-src=\"https:\/\/lirolight.com\/wp-content\/uploads\/2025\/07\/IP-BATTERY-C1820-5.jpg\" alt=\"\" class=\"wp-image-8899 lazyload\" data-srcset=\"https:\/\/lirolight.com\/wp-content\/uploads\/2025\/07\/IP-BATTERY-C1820-5.jpg 1280w, https:\/\/lirolight.com\/wp-content\/uploads\/2025\/07\/IP-BATTERY-C1820-5-300x300.jpg 300w, https:\/\/lirolight.com\/wp-content\/uploads\/2025\/07\/IP-BATTERY-C1820-5-1024x1024.jpg 1024w, https:\/\/lirolight.com\/wp-content\/uploads\/2025\/07\/IP-BATTERY-C1820-5-150x150.jpg 150w, https:\/\/lirolight.com\/wp-content\/uploads\/2025\/07\/IP-BATTERY-C1820-5-768x768.jpg 768w, https:\/\/lirolight.com\/wp-content\/uploads\/2025\/07\/IP-BATTERY-C1820-5-12x12.jpg 12w, https:\/\/lirolight.com\/wp-content\/uploads\/2025\/07\/IP-BATTERY-C1820-5-990x990.jpg 990w, https:\/\/lirolight.com\/wp-content\/uploads\/2025\/07\/IP-BATTERY-C1820-5-441x441.jpg 441w, https:\/\/lirolight.com\/wp-content\/uploads\/2025\/07\/IP-BATTERY-C1820-5-100x100.jpg 100w, https:\/\/lirolight.com\/wp-content\/uploads\/2025\/07\/IP-BATTERY-C1820-5-800x800.jpg 800w, https:\/\/lirolight.com\/wp-content\/uploads\/2025\/07\/IP-BATTERY-C1820-5-40x40.jpg 40w\" data-sizes=\"(max-width: 1280px) 100vw, 1280px\" src=\"data:image\/gif;base64,R0lGODlhAQABAAAAACH5BAEKAAEALAAAAAABAAEAAAICTAEAOw==\" style=\"--smush-placeholder-width: 1280px; --smush-placeholder-aspect-ratio: 1280\/1280;\" \/><noscript><img decoding=\"async\" width=\"1280\" height=\"1280\" src=\"https:\/\/lirolight.com\/wp-content\/uploads\/2025\/07\/IP-BATTERY-C1820-5.jpg\" alt=\"\" class=\"wp-image-8899\" srcset=\"https:\/\/lirolight.com\/wp-content\/uploads\/2025\/07\/IP-BATTERY-C1820-5.jpg 1280w, https:\/\/lirolight.com\/wp-content\/uploads\/2025\/07\/IP-BATTERY-C1820-5-300x300.jpg 300w, https:\/\/lirolight.com\/wp-content\/uploads\/2025\/07\/IP-BATTERY-C1820-5-1024x1024.jpg 1024w, https:\/\/lirolight.com\/wp-content\/uploads\/2025\/07\/IP-BATTERY-C1820-5-150x150.jpg 150w, https:\/\/lirolight.com\/wp-content\/uploads\/2025\/07\/IP-BATTERY-C1820-5-768x768.jpg 768w, https:\/\/lirolight.com\/wp-content\/uploads\/2025\/07\/IP-BATTERY-C1820-5-12x12.jpg 12w, https:\/\/lirolight.com\/wp-content\/uploads\/2025\/07\/IP-BATTERY-C1820-5-990x990.jpg 990w, https:\/\/lirolight.com\/wp-content\/uploads\/2025\/07\/IP-BATTERY-C1820-5-441x441.jpg 441w, https:\/\/lirolight.com\/wp-content\/uploads\/2025\/07\/IP-BATTERY-C1820-5-100x100.jpg 100w, https:\/\/lirolight.com\/wp-content\/uploads\/2025\/07\/IP-BATTERY-C1820-5-800x800.jpg 800w, https:\/\/lirolight.com\/wp-content\/uploads\/2025\/07\/IP-BATTERY-C1820-5-40x40.jpg 40w\" sizes=\"(max-width: 1280px) 100vw, 1280px\" \/><\/noscript><\/figure>\n<\/div>\n\n\n\n<div class=\"wp-block-column is-layout-flow wp-block-column-is-layout-flow\">\n<figure class=\"wp-block-image size-full\"><img decoding=\"async\" width=\"2560\" height=\"2560\" data-src=\"https:\/\/lirolight.com\/wp-content\/uploads\/2025\/07\/IP-BATTERY-C1820-2-scaled.jpg\" alt=\"\" class=\"wp-image-8896 lazyload\" data-srcset=\"https:\/\/lirolight.com\/wp-content\/uploads\/2025\/07\/IP-BATTERY-C1820-2-scaled.jpg 2560w, https:\/\/lirolight.com\/wp-content\/uploads\/2025\/07\/IP-BATTERY-C1820-2-300x300.jpg 300w, https:\/\/lirolight.com\/wp-content\/uploads\/2025\/07\/IP-BATTERY-C1820-2-1024x1024.jpg 1024w, https:\/\/lirolight.com\/wp-content\/uploads\/2025\/07\/IP-BATTERY-C1820-2-150x150.jpg 150w, https:\/\/lirolight.com\/wp-content\/uploads\/2025\/07\/IP-BATTERY-C1820-2-768x768.jpg 768w, https:\/\/lirolight.com\/wp-content\/uploads\/2025\/07\/IP-BATTERY-C1820-2-1536x1536.jpg 1536w, https:\/\/lirolight.com\/wp-content\/uploads\/2025\/07\/IP-BATTERY-C1820-2-2048x2048.jpg 2048w, https:\/\/lirolight.com\/wp-content\/uploads\/2025\/07\/IP-BATTERY-C1820-2-12x12.jpg 12w, https:\/\/lirolight.com\/wp-content\/uploads\/2025\/07\/IP-BATTERY-C1820-2-990x990.jpg 990w, https:\/\/lirolight.com\/wp-content\/uploads\/2025\/07\/IP-BATTERY-C1820-2-441x441.jpg 441w, https:\/\/lirolight.com\/wp-content\/uploads\/2025\/07\/IP-BATTERY-C1820-2-100x100.jpg 100w, https:\/\/lirolight.com\/wp-content\/uploads\/2025\/07\/IP-BATTERY-C1820-2-800x800.jpg 800w, https:\/\/lirolight.com\/wp-content\/uploads\/2025\/07\/IP-BATTERY-C1820-2-40x40.jpg 40w\" data-sizes=\"(max-width: 2560px) 100vw, 2560px\" src=\"data:image\/gif;base64,R0lGODlhAQABAAAAACH5BAEKAAEALAAAAAABAAEAAAICTAEAOw==\" style=\"--smush-placeholder-width: 2560px; --smush-placeholder-aspect-ratio: 2560\/2560;\" \/><noscript><img decoding=\"async\" width=\"2560\" height=\"2560\" src=\"https:\/\/lirolight.com\/wp-content\/uploads\/2025\/07\/IP-BATTERY-C1820-2-scaled.jpg\" alt=\"\" class=\"wp-image-8896\" srcset=\"https:\/\/lirolight.com\/wp-content\/uploads\/2025\/07\/IP-BATTERY-C1820-2-scaled.jpg 2560w, https:\/\/lirolight.com\/wp-content\/uploads\/2025\/07\/IP-BATTERY-C1820-2-300x300.jpg 300w, https:\/\/lirolight.com\/wp-content\/uploads\/2025\/07\/IP-BATTERY-C1820-2-1024x1024.jpg 1024w, https:\/\/lirolight.com\/wp-content\/uploads\/2025\/07\/IP-BATTERY-C1820-2-150x150.jpg 150w, https:\/\/lirolight.com\/wp-content\/uploads\/2025\/07\/IP-BATTERY-C1820-2-768x768.jpg 768w, https:\/\/lirolight.com\/wp-content\/uploads\/2025\/07\/IP-BATTERY-C1820-2-1536x1536.jpg 1536w, https:\/\/lirolight.com\/wp-content\/uploads\/2025\/07\/IP-BATTERY-C1820-2-2048x2048.jpg 2048w, https:\/\/lirolight.com\/wp-content\/uploads\/2025\/07\/IP-BATTERY-C1820-2-12x12.jpg 12w, https:\/\/lirolight.com\/wp-content\/uploads\/2025\/07\/IP-BATTERY-C1820-2-990x990.jpg 990w, https:\/\/lirolight.com\/wp-content\/uploads\/2025\/07\/IP-BATTERY-C1820-2-441x441.jpg 441w, https:\/\/lirolight.com\/wp-content\/uploads\/2025\/07\/IP-BATTERY-C1820-2-100x100.jpg 100w, https:\/\/lirolight.com\/wp-content\/uploads\/2025\/07\/IP-BATTERY-C1820-2-800x800.jpg 800w, https:\/\/lirolight.com\/wp-content\/uploads\/2025\/07\/IP-BATTERY-C1820-2-40x40.jpg 40w\" sizes=\"(max-width: 2560px) 100vw, 2560px\" \/><\/noscript><\/figure>\n<\/div>\n<\/div>\n\n\n\n<div class=\"wp-block-columns is-layout-flex wp-container-core-columns-is-layout-28f84493 wp-block-columns-is-layout-flex\">\n<div class=\"wp-block-column is-layout-flow wp-block-column-is-layout-flow\">\n<figure class=\"wp-block-image size-large\"><img loading=\"lazy\" decoding=\"async\" width=\"1024\" height=\"1024\" data-src=\"https:\/\/lirolight.com\/wp-content\/uploads\/2025\/07\/IP-BATTERY-C1820-3-1024x1024.jpg\" alt=\"\" class=\"wp-image-8897 lazyload\" data-srcset=\"https:\/\/lirolight.com\/wp-content\/uploads\/2025\/07\/IP-BATTERY-C1820-3-1024x1024.jpg 1024w, https:\/\/lirolight.com\/wp-content\/uploads\/2025\/07\/IP-BATTERY-C1820-3-300x300.jpg 300w, https:\/\/lirolight.com\/wp-content\/uploads\/2025\/07\/IP-BATTERY-C1820-3-150x150.jpg 150w, https:\/\/lirolight.com\/wp-content\/uploads\/2025\/07\/IP-BATTERY-C1820-3-768x768.jpg 768w, https:\/\/lirolight.com\/wp-content\/uploads\/2025\/07\/IP-BATTERY-C1820-3-1536x1536.jpg 1536w, https:\/\/lirolight.com\/wp-content\/uploads\/2025\/07\/IP-BATTERY-C1820-3-2048x2048.jpg 2048w, https:\/\/lirolight.com\/wp-content\/uploads\/2025\/07\/IP-BATTERY-C1820-3-12x12.jpg 12w, https:\/\/lirolight.com\/wp-content\/uploads\/2025\/07\/IP-BATTERY-C1820-3-990x990.jpg 990w, https:\/\/lirolight.com\/wp-content\/uploads\/2025\/07\/IP-BATTERY-C1820-3-441x441.jpg 441w, https:\/\/lirolight.com\/wp-content\/uploads\/2025\/07\/IP-BATTERY-C1820-3-100x100.jpg 100w, https:\/\/lirolight.com\/wp-content\/uploads\/2025\/07\/IP-BATTERY-C1820-3-800x800.jpg 800w, https:\/\/lirolight.com\/wp-content\/uploads\/2025\/07\/IP-BATTERY-C1820-3-40x40.jpg 40w\" data-sizes=\"(max-width: 1024px) 100vw, 1024px\" src=\"data:image\/gif;base64,R0lGODlhAQABAAAAACH5BAEKAAEALAAAAAABAAEAAAICTAEAOw==\" style=\"--smush-placeholder-width: 1024px; --smush-placeholder-aspect-ratio: 1024\/1024;\" \/><noscript><img loading=\"lazy\" decoding=\"async\" width=\"1024\" height=\"1024\" src=\"https:\/\/lirolight.com\/wp-content\/uploads\/2025\/07\/IP-BATTERY-C1820-3-1024x1024.jpg\" alt=\"\" class=\"wp-image-8897\" srcset=\"https:\/\/lirolight.com\/wp-content\/uploads\/2025\/07\/IP-BATTERY-C1820-3-1024x1024.jpg 1024w, https:\/\/lirolight.com\/wp-content\/uploads\/2025\/07\/IP-BATTERY-C1820-3-300x300.jpg 300w, https:\/\/lirolight.com\/wp-content\/uploads\/2025\/07\/IP-BATTERY-C1820-3-150x150.jpg 150w, https:\/\/lirolight.com\/wp-content\/uploads\/2025\/07\/IP-BATTERY-C1820-3-768x768.jpg 768w, https:\/\/lirolight.com\/wp-content\/uploads\/2025\/07\/IP-BATTERY-C1820-3-1536x1536.jpg 1536w, https:\/\/lirolight.com\/wp-content\/uploads\/2025\/07\/IP-BATTERY-C1820-3-2048x2048.jpg 2048w, https:\/\/lirolight.com\/wp-content\/uploads\/2025\/07\/IP-BATTERY-C1820-3-12x12.jpg 12w, https:\/\/lirolight.com\/wp-content\/uploads\/2025\/07\/IP-BATTERY-C1820-3-990x990.jpg 990w, https:\/\/lirolight.com\/wp-content\/uploads\/2025\/07\/IP-BATTERY-C1820-3-441x441.jpg 441w, https:\/\/lirolight.com\/wp-content\/uploads\/2025\/07\/IP-BATTERY-C1820-3-100x100.jpg 100w, https:\/\/lirolight.com\/wp-content\/uploads\/2025\/07\/IP-BATTERY-C1820-3-800x800.jpg 800w, https:\/\/lirolight.com\/wp-content\/uploads\/2025\/07\/IP-BATTERY-C1820-3-40x40.jpg 40w\" sizes=\"(max-width: 1024px) 100vw, 1024px\" \/><\/noscript><\/figure>\n<\/div>\n\n\n\n<div class=\"wp-block-column is-layout-flow wp-block-column-is-layout-flow\">\n<figure class=\"wp-block-image size-large\"><img loading=\"lazy\" decoding=\"async\" width=\"1024\" height=\"1024\" data-src=\"https:\/\/lirolight.com\/wp-content\/uploads\/2025\/07\/IP-BATTERY-C1820-4-1024x1024.jpg\" alt=\"\" class=\"wp-image-8898 lazyload\" data-srcset=\"https:\/\/lirolight.com\/wp-content\/uploads\/2025\/07\/IP-BATTERY-C1820-4-1024x1024.jpg 1024w, https:\/\/lirolight.com\/wp-content\/uploads\/2025\/07\/IP-BATTERY-C1820-4-300x300.jpg 300w, https:\/\/lirolight.com\/wp-content\/uploads\/2025\/07\/IP-BATTERY-C1820-4-150x150.jpg 150w, https:\/\/lirolight.com\/wp-content\/uploads\/2025\/07\/IP-BATTERY-C1820-4-768x768.jpg 768w, https:\/\/lirolight.com\/wp-content\/uploads\/2025\/07\/IP-BATTERY-C1820-4-1536x1536.jpg 1536w, https:\/\/lirolight.com\/wp-content\/uploads\/2025\/07\/IP-BATTERY-C1820-4-2048x2048.jpg 2048w, https:\/\/lirolight.com\/wp-content\/uploads\/2025\/07\/IP-BATTERY-C1820-4-12x12.jpg 12w, https:\/\/lirolight.com\/wp-content\/uploads\/2025\/07\/IP-BATTERY-C1820-4-990x990.jpg 990w, https:\/\/lirolight.com\/wp-content\/uploads\/2025\/07\/IP-BATTERY-C1820-4-441x441.jpg 441w, https:\/\/lirolight.com\/wp-content\/uploads\/2025\/07\/IP-BATTERY-C1820-4-100x100.jpg 100w, https:\/\/lirolight.com\/wp-content\/uploads\/2025\/07\/IP-BATTERY-C1820-4-800x800.jpg 800w, https:\/\/lirolight.com\/wp-content\/uploads\/2025\/07\/IP-BATTERY-C1820-4-40x40.jpg 40w\" data-sizes=\"(max-width: 1024px) 100vw, 1024px\" src=\"data:image\/gif;base64,R0lGODlhAQABAAAAACH5BAEKAAEALAAAAAABAAEAAAICTAEAOw==\" style=\"--smush-placeholder-width: 1024px; --smush-placeholder-aspect-ratio: 1024\/1024;\" \/><noscript><img loading=\"lazy\" decoding=\"async\" width=\"1024\" height=\"1024\" src=\"https:\/\/lirolight.com\/wp-content\/uploads\/2025\/07\/IP-BATTERY-C1820-4-1024x1024.jpg\" alt=\"\" class=\"wp-image-8898\" srcset=\"https:\/\/lirolight.com\/wp-content\/uploads\/2025\/07\/IP-BATTERY-C1820-4-1024x1024.jpg 1024w, https:\/\/lirolight.com\/wp-content\/uploads\/2025\/07\/IP-BATTERY-C1820-4-300x300.jpg 300w, https:\/\/lirolight.com\/wp-content\/uploads\/2025\/07\/IP-BATTERY-C1820-4-150x150.jpg 150w, https:\/\/lirolight.com\/wp-content\/uploads\/2025\/07\/IP-BATTERY-C1820-4-768x768.jpg 768w, https:\/\/lirolight.com\/wp-content\/uploads\/2025\/07\/IP-BATTERY-C1820-4-1536x1536.jpg 1536w, https:\/\/lirolight.com\/wp-content\/uploads\/2025\/07\/IP-BATTERY-C1820-4-2048x2048.jpg 2048w, https:\/\/lirolight.com\/wp-content\/uploads\/2025\/07\/IP-BATTERY-C1820-4-12x12.jpg 12w, https:\/\/lirolight.com\/wp-content\/uploads\/2025\/07\/IP-BATTERY-C1820-4-990x990.jpg 990w, https:\/\/lirolight.com\/wp-content\/uploads\/2025\/07\/IP-BATTERY-C1820-4-441x441.jpg 441w, https:\/\/lirolight.com\/wp-content\/uploads\/2025\/07\/IP-BATTERY-C1820-4-100x100.jpg 100w, https:\/\/lirolight.com\/wp-content\/uploads\/2025\/07\/IP-BATTERY-C1820-4-800x800.jpg 800w, https:\/\/lirolight.com\/wp-content\/uploads\/2025\/07\/IP-BATTERY-C1820-4-40x40.jpg 40w\" sizes=\"(max-width: 1024px) 100vw, 1024px\" \/><\/noscript><\/figure>\n<\/div>\n<\/div>\n\n\n\n<h2 class=\"wp-block-heading\">Spezifikation:<\/h2>\n\n\n\n<ul class=\"wp-block-list\">\n<li>Wasserdicht IP65<\/li>\n\n\n\n<li>Diffusorfolie (optional)<\/li>\n\n\n\n<li>18St\u00fcck 20W RGBWAP 6in1 LED<\/li>\n\n\n\n<li>OLED-Touch-Display<\/li>\n\n\n\n<li>Drahtlos<\/li>\n\n\n\n<li>iPhone\/Android APP-Steuerung<\/li>\n\n\n\n<li>Akku 24000MAH<\/li>\n<\/ul>\n\n\n\n<div class=\"wp-block-columns is-layout-flex wp-container-core-columns-is-layout-28f84493 wp-block-columns-is-layout-flex\">\n<div class=\"wp-block-column is-layout-flow wp-block-column-is-layout-flow\">\n<h2 class=\"wp-block-heading\"><strong>Parameter:<\/strong><\/h2>\n\n\n\n<figure class=\"wp-block-table\"><table class=\"has-fixed-layout\"><tbody><tr><td>Eingangsspannung<\/td><td>AC100-220V, 50\/60Hz<\/td><\/tr><tr><td>Strom<\/td><td>360W<\/td><\/tr><tr><td>IP<\/td><td>Wasserdicht IP65<\/td><\/tr><tr><td>Lichtquelle<\/td><td>18St\u00fcck 20W RGBWAP 6in1 LED<\/td><\/tr><tr><td>Batteriekapazit\u00e4t<\/td><td>Akku 24000MAH<\/td><\/tr><tr><td>Anzeige<\/td><td>OLED-Touch-Display<\/td><\/tr><\/tbody><\/table><\/figure>\n<\/div>\n<\/div>\n\n\n\n<div class=\"wp-block-columns is-layout-flex wp-container-core-columns-is-layout-28f84493 wp-block-columns-is-layout-flex\">\n<div class=\"wp-block-column is-layout-flow wp-block-column-is-layout-flow\">\n<h2 class=\"wp-block-heading\">Video-Link:<\/h2>\n\n\n\n<p><a href=\"https:\/\/www.instagram.com\/reel\/DP54iRJklNw\" target=\"_blank\" rel=\"noopener\">https:\/\/www.instagram.com\/reel\/DP54iRJklNw<\/a><\/p>\n<\/div>\n<\/div>","protected":false},"excerpt":{"rendered":"<div class=\"QFw9Te BLojaf\">\n<div class=\"hlJJmd\">\n<div class=\"Bmcqed\" dir=\"ltr\">\n<div data-id=\"kvLWu\">Der LiRO-LITE IP65 wasserdichte 18x20W RGBWA UV LED Wandfluter ist eine leistungsstarke, professionelle Beleuchtungsl\u00f6sung. Ausgestattet mit 18 leistungsstarken 20W 6-in-1-LEDs liefert er eine lebendige RGBWA+UV-Farbmischung f\u00fcr atemberaubende Effekte. Die Schutzart IP65 gew\u00e4hrleistet eine zuverl\u00e4ssige Leistung in jeder Umgebung, w\u00e4hrend die mitgelieferte Diffusorfolie (optional) weichere Farbt\u00f6ne erzeugt. Die Steuerung erfolgt m\u00fchelos \u00fcber die iPhone\/Android-App oder das intuitive OLED-Touch-Display. Der robuste 24.000-mAh-Akku bietet v\u00f6llige kabellose Freiheit f\u00fcr Events, Veranstaltungsorte und architektonische Beleuchtungen und macht ihn zu einer vielseitigen und zuverl\u00e4ssigen Wahl f\u00fcr dynamische Beleuchtungen.<\/div>\n<\/div>\n<\/div>\n<\/div>\n<div class=\"DVHrxd\">\u00a0<\/div>\n<div class=\"UdTY9 BwTYAc leDWne\" aria-hidden=\"true\" data-location=\"1\">\u00a0<\/div>\n<p>&nbsp;<\/p>\n<blockquote><p>\u00a0<\/p><\/blockquote>\n<p>&nbsp;<\/p>","protected":false},"featured_media":8899,"comment_status":"open","ping_status":"closed","template":"","meta":[],"product_brand":[],"product_cat":[83],"product_tag":[203,201,202,127],"class_list":{"0":"post-8892","1":"product","2":"type-product","3":"status-publish","4":"has-post-thumbnail","6":"product_cat-battery-wireless-light","7":"product_tag-battery-led-city-color","8":"product_tag-led-wall-washer","9":"product_tag-wireless-battery-uplight","10":"product_tag-wireless-uplights","12":"first","13":"instock","14":"shipping-taxable","15":"product-type-simple"},"_links":{"self":[{"href":"https:\/\/lirolight.com\/de\/wp-json\/wp\/v2\/product\/8892","targetHints":{"allow":["GET"]}}],"collection":[{"href":"https:\/\/lirolight.com\/de\/wp-json\/wp\/v2\/product"}],"about":[{"href":"https:\/\/lirolight.com\/de\/wp-json\/wp\/v2\/types\/product"}],"replies":[{"embeddable":true,"href":"https:\/\/lirolight.com\/de\/wp-json\/wp\/v2\/comments?post=8892"}],"version-history":[{"count":5,"href":"https:\/\/lirolight.com\/de\/wp-json\/wp\/v2\/product\/8892\/revisions"}],"predecessor-version":[{"id":10537,"href":"https:\/\/lirolight.com\/de\/wp-json\/wp\/v2\/product\/8892\/revisions\/10537"}],"wp:featuredmedia":[{"embeddable":true,"href":"https:\/\/lirolight.com\/de\/wp-json\/wp\/v2\/media\/8899"}],"wp:attachment":[{"href":"https:\/\/lirolight.com\/de\/wp-json\/wp\/v2\/media?parent=8892"}],"wp:term":[{"taxonomy":"product_brand","embeddable":true,"href":"https:\/\/lirolight.com\/de\/wp-json\/wp\/v2\/product_brand?post=8892"},{"taxonomy":"product_cat","embeddable":true,"href":"https:\/\/lirolight.com\/de\/wp-json\/wp\/v2\/product_cat?post=8892"},{"taxonomy":"product_tag","embeddable":true,"href":"https:\/\/lirolight.com\/de\/wp-json\/wp\/v2\/product_tag?post=8892"}],"curies":[{"name":"wp","href":"https:\/\/api.w.org\/{rel}","templated":true}]}}