{"id":9241,"date":"2025-08-08T02:58:39","date_gmt":"2025-08-08T02:58:39","guid":{"rendered":"https:\/\/lirolight.com\/?post_type=product&#038;p=9241"},"modified":"2026-01-12T08:23:45","modified_gmt":"2026-01-12T08:23:45","slug":"liro-lite-ip66-1060w-waterproof-moving-head-wash-bar-super-dotline-10x60w-rgbw-4in1-zoom-pixel-bar-moving-head-strip-light","status":"publish","type":"product","link":"https:\/\/lirolight.com\/de\/produkt\/liro-lite-ip66-1060w-waterproof-moving-head-wash-bar-super-dotline-10x60w-rgbw-4in1-zoom-pixel-bar-moving-head-strip-light\/","title":{"rendered":"LiRO-LITE IP66 10*60w Wasserdicht Moving Head Wash Bar Super Dotline 10X60W RGBW 4in1 Zoom Pixel Bar Moving Head Strip Light"},"content":{"rendered":"<h2 class=\"wp-block-heading\"><strong><mark style=\"background-color:#000000\" class=\"has-inline-color has-white-color\">LR-IP Super Dotline B1060<\/mark><\/strong><\/h2>\n\n\n\n<hr class=\"wp-block-separator has-alpha-channel-opacity\"\/>\n\n\n\n<h2 class=\"wp-block-heading\">Bilder:<br><\/h2>\n\n\n\n<figure class=\"wp-block-image size-large\"><img fetchpriority=\"high\" decoding=\"async\" width=\"1024\" height=\"556\" src=\"https:\/\/lirolight.com\/wp-content\/uploads\/2025\/08\/IP-Super-Dotline-B1060-4-1-scaled-e1768205861878-1024x556.png\" alt=\"\" class=\"wp-image-9244\" srcset=\"https:\/\/lirolight.com\/wp-content\/uploads\/2025\/08\/IP-Super-Dotline-B1060-4-1-scaled-e1768205861878-1024x556.png 1024w, https:\/\/lirolight.com\/wp-content\/uploads\/2025\/08\/IP-Super-Dotline-B1060-4-1-scaled-e1768205861878-300x163.png 300w, https:\/\/lirolight.com\/wp-content\/uploads\/2025\/08\/IP-Super-Dotline-B1060-4-1-scaled-e1768205861878-768x417.png 768w, https:\/\/lirolight.com\/wp-content\/uploads\/2025\/08\/IP-Super-Dotline-B1060-4-1-scaled-e1768205861878-1536x834.png 1536w, https:\/\/lirolight.com\/wp-content\/uploads\/2025\/08\/IP-Super-Dotline-B1060-4-1-scaled-e1768205861878-2048x1112.png 2048w, https:\/\/lirolight.com\/wp-content\/uploads\/2025\/08\/IP-Super-Dotline-B1060-4-1-scaled-e1768205861878-18x10.png 18w, https:\/\/lirolight.com\/wp-content\/uploads\/2025\/08\/IP-Super-Dotline-B1060-4-1-scaled-e1768205861878-990x538.png 990w, https:\/\/lirolight.com\/wp-content\/uploads\/2025\/08\/IP-Super-Dotline-B1060-4-1-scaled-e1768205861878-441x239.png 441w, https:\/\/lirolight.com\/wp-content\/uploads\/2025\/08\/IP-Super-Dotline-B1060-4-1-scaled-e1768205861878-800x434.png 800w, https:\/\/lirolight.com\/wp-content\/uploads\/2025\/08\/IP-Super-Dotline-B1060-4-1-scaled-e1768205861878-150x81.png 150w, https:\/\/lirolight.com\/wp-content\/uploads\/2025\/08\/IP-Super-Dotline-B1060-4-1-scaled-e1768205861878-60x33.png 60w\" sizes=\"(max-width: 1024px) 100vw, 1024px\" \/><\/figure>\n\n\n\n<figure class=\"wp-block-image size-large\"><img decoding=\"async\" width=\"1024\" height=\"437\" data-src=\"https:\/\/lirolight.com\/wp-content\/uploads\/2025\/08\/IP-Super-Dotline-B1060-2-1-scaled-e1768205898946-1024x437.png\" alt=\"\" class=\"wp-image-9096 lazyload\" data-srcset=\"https:\/\/lirolight.com\/wp-content\/uploads\/2025\/08\/IP-Super-Dotline-B1060-2-1-scaled-e1768205898946-1024x437.png 1024w, https:\/\/lirolight.com\/wp-content\/uploads\/2025\/08\/IP-Super-Dotline-B1060-2-1-scaled-e1768205898946-300x128.png 300w, https:\/\/lirolight.com\/wp-content\/uploads\/2025\/08\/IP-Super-Dotline-B1060-2-1-scaled-e1768205898946-768x328.png 768w, https:\/\/lirolight.com\/wp-content\/uploads\/2025\/08\/IP-Super-Dotline-B1060-2-1-scaled-e1768205898946-1536x655.png 1536w, https:\/\/lirolight.com\/wp-content\/uploads\/2025\/08\/IP-Super-Dotline-B1060-2-1-scaled-e1768205898946-2048x874.png 2048w, https:\/\/lirolight.com\/wp-content\/uploads\/2025\/08\/IP-Super-Dotline-B1060-2-1-scaled-e1768205898946-18x8.png 18w, https:\/\/lirolight.com\/wp-content\/uploads\/2025\/08\/IP-Super-Dotline-B1060-2-1-scaled-e1768205898946-990x422.png 990w, https:\/\/lirolight.com\/wp-content\/uploads\/2025\/08\/IP-Super-Dotline-B1060-2-1-scaled-e1768205898946-441x188.png 441w, https:\/\/lirolight.com\/wp-content\/uploads\/2025\/08\/IP-Super-Dotline-B1060-2-1-scaled-e1768205898946-800x341.png 800w, https:\/\/lirolight.com\/wp-content\/uploads\/2025\/08\/IP-Super-Dotline-B1060-2-1-scaled-e1768205898946-150x64.png 150w, https:\/\/lirolight.com\/wp-content\/uploads\/2025\/08\/IP-Super-Dotline-B1060-2-1-scaled-e1768205898946-60x26.png 60w\" data-sizes=\"(max-width: 1024px) 100vw, 1024px\" src=\"data:image\/gif;base64,R0lGODlhAQABAAAAACH5BAEKAAEALAAAAAABAAEAAAICTAEAOw==\" style=\"--smush-placeholder-width: 1024px; --smush-placeholder-aspect-ratio: 1024\/437;\" \/><noscript><img decoding=\"async\" width=\"1024\" height=\"437\" src=\"https:\/\/lirolight.com\/wp-content\/uploads\/2025\/08\/IP-Super-Dotline-B1060-2-1-scaled-e1768205898946-1024x437.png\" alt=\"\" class=\"wp-image-9096\" srcset=\"https:\/\/lirolight.com\/wp-content\/uploads\/2025\/08\/IP-Super-Dotline-B1060-2-1-scaled-e1768205898946-1024x437.png 1024w, https:\/\/lirolight.com\/wp-content\/uploads\/2025\/08\/IP-Super-Dotline-B1060-2-1-scaled-e1768205898946-300x128.png 300w, https:\/\/lirolight.com\/wp-content\/uploads\/2025\/08\/IP-Super-Dotline-B1060-2-1-scaled-e1768205898946-768x328.png 768w, https:\/\/lirolight.com\/wp-content\/uploads\/2025\/08\/IP-Super-Dotline-B1060-2-1-scaled-e1768205898946-1536x655.png 1536w, https:\/\/lirolight.com\/wp-content\/uploads\/2025\/08\/IP-Super-Dotline-B1060-2-1-scaled-e1768205898946-2048x874.png 2048w, https:\/\/lirolight.com\/wp-content\/uploads\/2025\/08\/IP-Super-Dotline-B1060-2-1-scaled-e1768205898946-18x8.png 18w, https:\/\/lirolight.com\/wp-content\/uploads\/2025\/08\/IP-Super-Dotline-B1060-2-1-scaled-e1768205898946-990x422.png 990w, https:\/\/lirolight.com\/wp-content\/uploads\/2025\/08\/IP-Super-Dotline-B1060-2-1-scaled-e1768205898946-441x188.png 441w, https:\/\/lirolight.com\/wp-content\/uploads\/2025\/08\/IP-Super-Dotline-B1060-2-1-scaled-e1768205898946-800x341.png 800w, https:\/\/lirolight.com\/wp-content\/uploads\/2025\/08\/IP-Super-Dotline-B1060-2-1-scaled-e1768205898946-150x64.png 150w, https:\/\/lirolight.com\/wp-content\/uploads\/2025\/08\/IP-Super-Dotline-B1060-2-1-scaled-e1768205898946-60x26.png 60w\" sizes=\"(max-width: 1024px) 100vw, 1024px\" \/><\/noscript><\/figure>\n\n\n\n<div class=\"wp-block-columns is-layout-flex wp-container-core-columns-is-layout-28f84493 wp-block-columns-is-layout-flex\">\n<div class=\"wp-block-column is-layout-flow wp-block-column-is-layout-flow\">\n<figure class=\"wp-block-image size-large\"><img decoding=\"async\" width=\"1024\" height=\"1024\" data-src=\"https:\/\/lirolight.com\/wp-content\/uploads\/2025\/08\/LiRO-LITE-IP66-1060w-Waterproof-Moving-head-Wash-Bar-Super-Dotline-10X60W-RGBW-4in1-Zoom-Pixel-Bar-Moving-Head-Strip-Light-1-1024x1024.png\" alt=\"\" class=\"wp-image-9246 lazyload\" data-srcset=\"https:\/\/lirolight.com\/wp-content\/uploads\/2025\/08\/LiRO-LITE-IP66-1060w-Waterproof-Moving-head-Wash-Bar-Super-Dotline-10X60W-RGBW-4in1-Zoom-Pixel-Bar-Moving-Head-Strip-Light-1-1024x1024.png 1024w, https:\/\/lirolight.com\/wp-content\/uploads\/2025\/08\/LiRO-LITE-IP66-1060w-Waterproof-Moving-head-Wash-Bar-Super-Dotline-10X60W-RGBW-4in1-Zoom-Pixel-Bar-Moving-Head-Strip-Light-1-300x300.png 300w, https:\/\/lirolight.com\/wp-content\/uploads\/2025\/08\/LiRO-LITE-IP66-1060w-Waterproof-Moving-head-Wash-Bar-Super-Dotline-10X60W-RGBW-4in1-Zoom-Pixel-Bar-Moving-Head-Strip-Light-1-150x150.png 150w, https:\/\/lirolight.com\/wp-content\/uploads\/2025\/08\/LiRO-LITE-IP66-1060w-Waterproof-Moving-head-Wash-Bar-Super-Dotline-10X60W-RGBW-4in1-Zoom-Pixel-Bar-Moving-Head-Strip-Light-1-768x768.png 768w, https:\/\/lirolight.com\/wp-content\/uploads\/2025\/08\/LiRO-LITE-IP66-1060w-Waterproof-Moving-head-Wash-Bar-Super-Dotline-10X60W-RGBW-4in1-Zoom-Pixel-Bar-Moving-Head-Strip-Light-1-1536x1536.png 1536w, https:\/\/lirolight.com\/wp-content\/uploads\/2025\/08\/LiRO-LITE-IP66-1060w-Waterproof-Moving-head-Wash-Bar-Super-Dotline-10X60W-RGBW-4in1-Zoom-Pixel-Bar-Moving-Head-Strip-Light-1-2048x2048.png 2048w, https:\/\/lirolight.com\/wp-content\/uploads\/2025\/08\/LiRO-LITE-IP66-1060w-Waterproof-Moving-head-Wash-Bar-Super-Dotline-10X60W-RGBW-4in1-Zoom-Pixel-Bar-Moving-Head-Strip-Light-1-12x12.png 12w, https:\/\/lirolight.com\/wp-content\/uploads\/2025\/08\/LiRO-LITE-IP66-1060w-Waterproof-Moving-head-Wash-Bar-Super-Dotline-10X60W-RGBW-4in1-Zoom-Pixel-Bar-Moving-Head-Strip-Light-1-990x990.png 990w, https:\/\/lirolight.com\/wp-content\/uploads\/2025\/08\/LiRO-LITE-IP66-1060w-Waterproof-Moving-head-Wash-Bar-Super-Dotline-10X60W-RGBW-4in1-Zoom-Pixel-Bar-Moving-Head-Strip-Light-1-441x441.png 441w, https:\/\/lirolight.com\/wp-content\/uploads\/2025\/08\/LiRO-LITE-IP66-1060w-Waterproof-Moving-head-Wash-Bar-Super-Dotline-10X60W-RGBW-4in1-Zoom-Pixel-Bar-Moving-Head-Strip-Light-1-100x100.png 100w, https:\/\/lirolight.com\/wp-content\/uploads\/2025\/08\/LiRO-LITE-IP66-1060w-Waterproof-Moving-head-Wash-Bar-Super-Dotline-10X60W-RGBW-4in1-Zoom-Pixel-Bar-Moving-Head-Strip-Light-1-800x800.png 800w, https:\/\/lirolight.com\/wp-content\/uploads\/2025\/08\/LiRO-LITE-IP66-1060w-Waterproof-Moving-head-Wash-Bar-Super-Dotline-10X60W-RGBW-4in1-Zoom-Pixel-Bar-Moving-Head-Strip-Light-1-40x40.png 40w\" data-sizes=\"(max-width: 1024px) 100vw, 1024px\" src=\"data:image\/gif;base64,R0lGODlhAQABAAAAACH5BAEKAAEALAAAAAABAAEAAAICTAEAOw==\" style=\"--smush-placeholder-width: 1024px; --smush-placeholder-aspect-ratio: 1024\/1024;\" \/><noscript><img decoding=\"async\" width=\"1024\" height=\"1024\" src=\"https:\/\/lirolight.com\/wp-content\/uploads\/2025\/08\/LiRO-LITE-IP66-1060w-Waterproof-Moving-head-Wash-Bar-Super-Dotline-10X60W-RGBW-4in1-Zoom-Pixel-Bar-Moving-Head-Strip-Light-1-1024x1024.png\" alt=\"\" class=\"wp-image-9246\" srcset=\"https:\/\/lirolight.com\/wp-content\/uploads\/2025\/08\/LiRO-LITE-IP66-1060w-Waterproof-Moving-head-Wash-Bar-Super-Dotline-10X60W-RGBW-4in1-Zoom-Pixel-Bar-Moving-Head-Strip-Light-1-1024x1024.png 1024w, https:\/\/lirolight.com\/wp-content\/uploads\/2025\/08\/LiRO-LITE-IP66-1060w-Waterproof-Moving-head-Wash-Bar-Super-Dotline-10X60W-RGBW-4in1-Zoom-Pixel-Bar-Moving-Head-Strip-Light-1-300x300.png 300w, https:\/\/lirolight.com\/wp-content\/uploads\/2025\/08\/LiRO-LITE-IP66-1060w-Waterproof-Moving-head-Wash-Bar-Super-Dotline-10X60W-RGBW-4in1-Zoom-Pixel-Bar-Moving-Head-Strip-Light-1-150x150.png 150w, https:\/\/lirolight.com\/wp-content\/uploads\/2025\/08\/LiRO-LITE-IP66-1060w-Waterproof-Moving-head-Wash-Bar-Super-Dotline-10X60W-RGBW-4in1-Zoom-Pixel-Bar-Moving-Head-Strip-Light-1-768x768.png 768w, https:\/\/lirolight.com\/wp-content\/uploads\/2025\/08\/LiRO-LITE-IP66-1060w-Waterproof-Moving-head-Wash-Bar-Super-Dotline-10X60W-RGBW-4in1-Zoom-Pixel-Bar-Moving-Head-Strip-Light-1-1536x1536.png 1536w, https:\/\/lirolight.com\/wp-content\/uploads\/2025\/08\/LiRO-LITE-IP66-1060w-Waterproof-Moving-head-Wash-Bar-Super-Dotline-10X60W-RGBW-4in1-Zoom-Pixel-Bar-Moving-Head-Strip-Light-1-2048x2048.png 2048w, https:\/\/lirolight.com\/wp-content\/uploads\/2025\/08\/LiRO-LITE-IP66-1060w-Waterproof-Moving-head-Wash-Bar-Super-Dotline-10X60W-RGBW-4in1-Zoom-Pixel-Bar-Moving-Head-Strip-Light-1-12x12.png 12w, https:\/\/lirolight.com\/wp-content\/uploads\/2025\/08\/LiRO-LITE-IP66-1060w-Waterproof-Moving-head-Wash-Bar-Super-Dotline-10X60W-RGBW-4in1-Zoom-Pixel-Bar-Moving-Head-Strip-Light-1-990x990.png 990w, https:\/\/lirolight.com\/wp-content\/uploads\/2025\/08\/LiRO-LITE-IP66-1060w-Waterproof-Moving-head-Wash-Bar-Super-Dotline-10X60W-RGBW-4in1-Zoom-Pixel-Bar-Moving-Head-Strip-Light-1-441x441.png 441w, https:\/\/lirolight.com\/wp-content\/uploads\/2025\/08\/LiRO-LITE-IP66-1060w-Waterproof-Moving-head-Wash-Bar-Super-Dotline-10X60W-RGBW-4in1-Zoom-Pixel-Bar-Moving-Head-Strip-Light-1-100x100.png 100w, https:\/\/lirolight.com\/wp-content\/uploads\/2025\/08\/LiRO-LITE-IP66-1060w-Waterproof-Moving-head-Wash-Bar-Super-Dotline-10X60W-RGBW-4in1-Zoom-Pixel-Bar-Moving-Head-Strip-Light-1-800x800.png 800w, https:\/\/lirolight.com\/wp-content\/uploads\/2025\/08\/LiRO-LITE-IP66-1060w-Waterproof-Moving-head-Wash-Bar-Super-Dotline-10X60W-RGBW-4in1-Zoom-Pixel-Bar-Moving-Head-Strip-Light-1-40x40.png 40w\" sizes=\"(max-width: 1024px) 100vw, 1024px\" \/><\/noscript><\/figure>\n<\/div>\n\n\n\n<div class=\"wp-block-column is-layout-flow wp-block-column-is-layout-flow\">\n<figure class=\"wp-block-image size-large\"><img loading=\"lazy\" decoding=\"async\" width=\"1024\" height=\"1024\" data-src=\"https:\/\/lirolight.com\/wp-content\/uploads\/2025\/08\/IP-Super-Dotline-B1060-3-1-1024x1024.png\" alt=\"\" class=\"wp-image-9243 lazyload\" data-srcset=\"https:\/\/lirolight.com\/wp-content\/uploads\/2025\/08\/IP-Super-Dotline-B1060-3-1-1024x1024.png 1024w, https:\/\/lirolight.com\/wp-content\/uploads\/2025\/08\/IP-Super-Dotline-B1060-3-1-300x300.png 300w, https:\/\/lirolight.com\/wp-content\/uploads\/2025\/08\/IP-Super-Dotline-B1060-3-1-150x150.png 150w, https:\/\/lirolight.com\/wp-content\/uploads\/2025\/08\/IP-Super-Dotline-B1060-3-1-768x768.png 768w, https:\/\/lirolight.com\/wp-content\/uploads\/2025\/08\/IP-Super-Dotline-B1060-3-1-1536x1536.png 1536w, https:\/\/lirolight.com\/wp-content\/uploads\/2025\/08\/IP-Super-Dotline-B1060-3-1-2048x2048.png 2048w, https:\/\/lirolight.com\/wp-content\/uploads\/2025\/08\/IP-Super-Dotline-B1060-3-1-12x12.png 12w, https:\/\/lirolight.com\/wp-content\/uploads\/2025\/08\/IP-Super-Dotline-B1060-3-1-990x990.png 990w, https:\/\/lirolight.com\/wp-content\/uploads\/2025\/08\/IP-Super-Dotline-B1060-3-1-441x441.png 441w, https:\/\/lirolight.com\/wp-content\/uploads\/2025\/08\/IP-Super-Dotline-B1060-3-1-100x100.png 100w, https:\/\/lirolight.com\/wp-content\/uploads\/2025\/08\/IP-Super-Dotline-B1060-3-1-800x800.png 800w, https:\/\/lirolight.com\/wp-content\/uploads\/2025\/08\/IP-Super-Dotline-B1060-3-1-40x40.png 40w\" data-sizes=\"(max-width: 1024px) 100vw, 1024px\" src=\"data:image\/gif;base64,R0lGODlhAQABAAAAACH5BAEKAAEALAAAAAABAAEAAAICTAEAOw==\" style=\"--smush-placeholder-width: 1024px; --smush-placeholder-aspect-ratio: 1024\/1024;\" \/><noscript><img loading=\"lazy\" decoding=\"async\" width=\"1024\" height=\"1024\" src=\"https:\/\/lirolight.com\/wp-content\/uploads\/2025\/08\/IP-Super-Dotline-B1060-3-1-1024x1024.png\" alt=\"\" class=\"wp-image-9243\" srcset=\"https:\/\/lirolight.com\/wp-content\/uploads\/2025\/08\/IP-Super-Dotline-B1060-3-1-1024x1024.png 1024w, https:\/\/lirolight.com\/wp-content\/uploads\/2025\/08\/IP-Super-Dotline-B1060-3-1-300x300.png 300w, https:\/\/lirolight.com\/wp-content\/uploads\/2025\/08\/IP-Super-Dotline-B1060-3-1-150x150.png 150w, https:\/\/lirolight.com\/wp-content\/uploads\/2025\/08\/IP-Super-Dotline-B1060-3-1-768x768.png 768w, https:\/\/lirolight.com\/wp-content\/uploads\/2025\/08\/IP-Super-Dotline-B1060-3-1-1536x1536.png 1536w, https:\/\/lirolight.com\/wp-content\/uploads\/2025\/08\/IP-Super-Dotline-B1060-3-1-2048x2048.png 2048w, https:\/\/lirolight.com\/wp-content\/uploads\/2025\/08\/IP-Super-Dotline-B1060-3-1-12x12.png 12w, https:\/\/lirolight.com\/wp-content\/uploads\/2025\/08\/IP-Super-Dotline-B1060-3-1-990x990.png 990w, https:\/\/lirolight.com\/wp-content\/uploads\/2025\/08\/IP-Super-Dotline-B1060-3-1-441x441.png 441w, https:\/\/lirolight.com\/wp-content\/uploads\/2025\/08\/IP-Super-Dotline-B1060-3-1-100x100.png 100w, https:\/\/lirolight.com\/wp-content\/uploads\/2025\/08\/IP-Super-Dotline-B1060-3-1-800x800.png 800w, https:\/\/lirolight.com\/wp-content\/uploads\/2025\/08\/IP-Super-Dotline-B1060-3-1-40x40.png 40w\" sizes=\"(max-width: 1024px) 100vw, 1024px\" \/><\/noscript><\/figure>\n<\/div>\n<\/div>\n\n\n\n<h2 class=\"wp-block-heading\">Spezifikation:<\/h2>\n\n\n\n<p>Eingangsleistung: 180-240V~ 50\/60Hz<br>Leistung: 800 W<br>Lichtquelle<br>Balkenende:<br>10 x 60W RGBW-LED<br>Stroboskop-Ende:<br>96 x 3W CW-LED<br>96 x 3W WW LED<br>96 x 0,5 W RGB-LED<br>Farbtemperatur des wei\u00dfen Lichts: 6.300K<br>Lichtstrom: 22.400 lm<br>LED-Lebenserwartung: 20.000 Stunden<br>Abstrahlwinkel: 2,8\u00b0-31\u00b0 (Strahlenende)<br>\u00d6ffnungswinkel: 5\u00b0-46\u00b0 (Strahlenende)<br>Bedienfeld: LCD-Anzeige<br>Steuerungsprotokoll: DMX512\/Master-Slave\/Auto Run\/RDM\/Manuell<br>DMX-Kanal-Modus: 7 Typen<br>Kanal-Modus: 17\/27\/99\/108\/168\/8+100\/8+160\/170 channels<br>Software-Upgrade: Software-Update \u00fcber DMX-Verbindung<br>Neigungswinkel: 202\u00b0<br>Steckdose: Stromanschluss In\/Out<br>Signaleingang\/-ausgang: dreipolige oder f\u00fcnfpolige XLR-Buchse<br>IP-Bewertung: IP66<\/p>\n\n\n\n<h2 class=\"wp-block-heading\">Parameter:<\/h2>\n\n\n\n<figure class=\"wp-block-table\"><table class=\"has-fixed-layout\"><tbody><tr><td>Breite Spannung<\/td><td>AC100-240V,50\/60Hz<\/td><\/tr><tr><td>Lebenserwartung<\/td><td>50.000 Stunden<\/td><\/tr><tr><td>Strom<\/td><td>800W<\/td><\/tr><tr><td>LED-Quelle<\/td><td>10X60W RGBW 4in1 LEDs+96 x 3W CW LED+96 x 3W WW LED+96 x 0,5W RGB LED<\/td><\/tr><tr><td>Dimmen<\/td><td>4 Dimmkurven mit 0~100% Dimmen<\/td><\/tr><tr><td>DMX-Anschluss<\/td><td>3-polig XLR<\/td><\/tr><tr><td>Arbeitstemperatur<\/td><td>0-40\u00b0C<\/td><\/tr><tr><td>Verbindungsmodus<\/td><td>DMX,RDM, Master\/Slave, Ton aktiv, Auto<\/td><\/tr><tr><td>PowerCon Eingang\/Ausgang<\/td><td>PowerCON IN<\/td><\/tr><tr><td>IP-Einstufung<\/td><td>IP66<\/td><\/tr><\/tbody><\/table><\/figure>\n\n\n\n<h2 class=\"wp-block-heading\">Video-Link:<\/h2>\n\n\n\n<p><a href=\"https:\/\/www.instagram.com\/p\/DKrEd2TJS6X\" target=\"_blank\" rel=\"noopener\">https:\/\/www.instagram.com\/p\/DKrEd2TJS6X<\/a><\/p>","protected":false},"excerpt":{"rendered":"<p>Der LiRO-LITE IP66 1060W Waterproof Moving Head Wash Bar ist eine professionelle Beleuchtungsl\u00f6sung, die f\u00fcr dynamische visuelle Effekte entwickelt wurde. Ausgestattet mit 10PCS 60W RGBW 4in1 LEDs, liefert er lebendige, vollst\u00e4ndig mischbare Farben. Der Scheinwerfer enth\u00e4lt au\u00dferdem 96 x 3W CW, 96 x 3W WW und 96 x 0,5W RGB LEDs, die satte Wei\u00dft\u00f6ne und pr\u00e4zise Farbakzente erm\u00f6glichen. Mit der individuellen LED-Steuerung k\u00f6nnen die Benutzer komplizierte Pixelmapping-Displays erstellen. Der 2,8-35\u00b0-Zoom bietet einen flexiblen Abstrahlwinkel, der sowohl breite Fl\u00e4chen als auch scharfe Projektionen erm\u00f6glicht. Die Wasserdichtigkeit nach IP66 gew\u00e4hrleistet eine zuverl\u00e4ssige Leistung im Au\u00dfenbereich, w\u00e4hrend das teilbare Design nahtlose modulare Setups erm\u00f6glicht. Er ist mit ACME-Kan\u00e4len kompatibel und eignet sich ideal f\u00fcr Gro\u00dfveranstaltungen, B\u00fchnenproduktionen und Architekturbeleuchtung.<\/p>","protected":false},"featured_media":9247,"comment_status":"open","ping_status":"closed","template":"","meta":[],"product_brand":[],"product_cat":[53],"product_tag":[281,283,284,282,73],"class_list":{"0":"post-9241","1":"product","2":"type-product","3":"status-publish","4":"has-post-thumbnail","6":"product_cat-ip-wash","7":"product_tag-1060w-waterproof-moving-head-wash-bar","8":"product_tag-10x60w-rgbw-4in1-zoom-pixel-bar","9":"product_tag-moving-head-strip-light","10":"product_tag-super-dotline","11":"product_tag-wash","13":"first","14":"instock","15":"shipping-taxable","16":"product-type-simple"},"_links":{"self":[{"href":"https:\/\/lirolight.com\/de\/wp-json\/wp\/v2\/product\/9241","targetHints":{"allow":["GET"]}}],"collection":[{"href":"https:\/\/lirolight.com\/de\/wp-json\/wp\/v2\/product"}],"about":[{"href":"https:\/\/lirolight.com\/de\/wp-json\/wp\/v2\/types\/product"}],"replies":[{"embeddable":true,"href":"https:\/\/lirolight.com\/de\/wp-json\/wp\/v2\/comments?post=9241"}],"version-history":[{"count":7,"href":"https:\/\/lirolight.com\/de\/wp-json\/wp\/v2\/product\/9241\/revisions"}],"predecessor-version":[{"id":10458,"href":"https:\/\/lirolight.com\/de\/wp-json\/wp\/v2\/product\/9241\/revisions\/10458"}],"wp:featuredmedia":[{"embeddable":true,"href":"https:\/\/lirolight.com\/de\/wp-json\/wp\/v2\/media\/9247"}],"wp:attachment":[{"href":"https:\/\/lirolight.com\/de\/wp-json\/wp\/v2\/media?parent=9241"}],"wp:term":[{"taxonomy":"product_brand","embeddable":true,"href":"https:\/\/lirolight.com\/de\/wp-json\/wp\/v2\/product_brand?post=9241"},{"taxonomy":"product_cat","embeddable":true,"href":"https:\/\/lirolight.com\/de\/wp-json\/wp\/v2\/product_cat?post=9241"},{"taxonomy":"product_tag","embeddable":true,"href":"https:\/\/lirolight.com\/de\/wp-json\/wp\/v2\/product_tag?post=9241"}],"curies":[{"name":"wp","href":"https:\/\/api.w.org\/{rel}","templated":true}]}}