{"id":10121,"date":"2025-12-08T05:55:32","date_gmt":"2025-12-08T05:55:32","guid":{"rendered":"https:\/\/lirolight.com\/?post_type=product&#038;p=10121"},"modified":"2026-01-12T06:29:14","modified_gmt":"2026-01-12T06:29:14","slug":"liro-lite-10w-rgb-moving-head-laser-light-rich-animation-effects-for-weddings-nightclubs","status":"publish","type":"product","link":"https:\/\/lirolight.com\/es\/producto\/liro-lite-10w-rgb-moving-head-laser-light-rich-animation-effects-for-weddings-nightclubs\/","title":{"rendered":"LIRO-LITE 10W RGB cabeza m\u00f3vil de luz l\u00e1ser ricos efectos de animaci\u00f3n para bodas discotecas"},"content":{"rendered":"<h2 class=\"wp-block-heading\"><strong><mark style=\"background-color:#000000\" class=\"has-inline-color has-white-color\">LR-10W RGB L\u00c1SER M\u00d3VIL<\/mark><\/strong><\/h2>\n\n\n\n<hr class=\"wp-block-separator has-alpha-channel-opacity\"\/>\n\n\n\n<div class=\"wp-block-columns is-layout-flex wp-container-core-columns-is-layout-28f84493 wp-block-columns-is-layout-flex\">\n<div class=\"wp-block-column is-layout-flow wp-block-column-is-layout-flow\">\n<div class=\"wp-block-columns is-layout-flex wp-container-core-columns-is-layout-28f84493 wp-block-columns-is-layout-flex\">\n<div class=\"wp-block-column is-layout-flow wp-block-column-is-layout-flow\">\n<figure class=\"wp-block-image aligncenter size-full is-resized\"><img fetchpriority=\"high\" decoding=\"async\" width=\"754\" height=\"1195\" src=\"https:\/\/lirolight.com\/wp-content\/uploads\/2025\/12\/\u56fe\u72474.png\" alt=\"\" class=\"wp-image-10122\" style=\"width:236px;height:auto\" srcset=\"https:\/\/lirolight.com\/wp-content\/uploads\/2025\/12\/\u56fe\u72474.png 754w, https:\/\/lirolight.com\/wp-content\/uploads\/2025\/12\/\u56fe\u72474-189x300.png 189w, https:\/\/lirolight.com\/wp-content\/uploads\/2025\/12\/\u56fe\u72474-646x1024.png 646w, https:\/\/lirolight.com\/wp-content\/uploads\/2025\/12\/\u56fe\u72474-8x12.png 8w, https:\/\/lirolight.com\/wp-content\/uploads\/2025\/12\/\u56fe\u72474-441x699.png 441w, https:\/\/lirolight.com\/wp-content\/uploads\/2025\/12\/\u56fe\u72474-300x475.png 300w, https:\/\/lirolight.com\/wp-content\/uploads\/2025\/12\/\u56fe\u72474-150x238.png 150w, https:\/\/lirolight.com\/wp-content\/uploads\/2025\/12\/\u56fe\u72474-315x500.png 315w, https:\/\/lirolight.com\/wp-content\/uploads\/2025\/12\/\u56fe\u72474-25x40.png 25w\" sizes=\"(max-width: 754px) 100vw, 754px\" \/><\/figure>\n<\/div>\n\n\n\n<div class=\"wp-block-column is-layout-flow wp-block-column-is-layout-flow\">\n<blockquote class=\"wp-block-quote is-layout-flow wp-block-quote-is-layout-flow\">\n<p>10w RGB<\/p>\n\n\n\n<p>Luz verde\/3W<\/p>\n\n\n\n<p>Luz roja 3W<\/p>\n\n\n\n<p>Luz azul 4W&nbsp;<\/p>\n\n\n\n<p>20KPPS<\/p>\n\n\n\n<p>\u00b130\u00b0<\/p>\n<\/blockquote>\n<\/div>\n<\/div>\n<\/div>\n<\/div>\n\n\n\n<h2 class=\"wp-block-heading\"><strong>Precauciones<\/strong>:<\/h2>\n\n\n\n<ol class=\"wp-block-list\">\n<li><strong>Uso seguro<\/strong>: Como equipo profesional, los dispositivos l\u00e1ser deben utilizarse de acuerdo con las normas de seguridad. Evite el contacto directo con los ojos o apuntar a materiales inflamables para garantizar la seguridad durante el uso.<\/li>\n\n\n\n<li><strong>Mantenimiento y cuidado<\/strong>: Limpie regularmente el objetivo y el exterior para evitar que el polvo y la suciedad afecten a la calidad de la luz. Asimismo, inspeccione los cables de conexi\u00f3n y los enchufes de alimentaci\u00f3n en busca de da\u00f1os.<\/li>\n\n\n\n<li><strong>Asistencia t\u00e9cnica<\/strong>: Elija marcas y comerciantes con un servicio posventa y una asistencia t\u00e9cnica fiables. En caso de que surja alg\u00fan problema durante el uso, recibir\u00e1s asistencia y asesoramiento inmediatos.<\/li>\n<\/ol>","protected":false},"excerpt":{"rendered":"<div class=\"QFw9Te BLojaf\">\n<div class=\"hlJJmd\">\n<div class=\"Bmcqed\" dir=\"ltr\">\u00a0<\/div>\n<\/div>\n<\/div>\n<div class=\"DVHrxd\">\u00a0<\/div>\n<div class=\"UdTY9 BwTYAc leDWne\" aria-hidden=\"true\" data-location=\"1\">\u00a0<\/div>\n<p>&nbsp;<\/p>\n<blockquote><p>\u00a0<\/p><\/blockquote>\n<p>&nbsp;<\/p>","protected":false},"featured_media":10123,"comment_status":"open","ping_status":"closed","template":"","meta":[],"product_brand":[],"product_cat":[56],"product_tag":[133,129,529,131,130],"class_list":{"0":"post-10121","1":"product","2":"type-product","3":"status-publish","4":"has-post-thumbnail","6":"product_cat-stage-laser-light","7":"product_tag-dj-laser-light","8":"product_tag-laser-ligt","9":"product_tag-liro-lite-10w-rgb-moving-head-laser-light-rich-animation-effects-for-weddings-nightclubs","10":"product_tag-rgb-laser-light","11":"product_tag-stage-laser-light","13":"first","14":"instock","15":"shipping-taxable","16":"product-type-simple"},"_links":{"self":[{"href":"https:\/\/lirolight.com\/es\/wp-json\/wp\/v2\/product\/10121","targetHints":{"allow":["GET"]}}],"collection":[{"href":"https:\/\/lirolight.com\/es\/wp-json\/wp\/v2\/product"}],"about":[{"href":"https:\/\/lirolight.com\/es\/wp-json\/wp\/v2\/types\/product"}],"replies":[{"embeddable":true,"href":"https:\/\/lirolight.com\/es\/wp-json\/wp\/v2\/comments?post=10121"}],"version-history":[{"count":3,"href":"https:\/\/lirolight.com\/es\/wp-json\/wp\/v2\/product\/10121\/revisions"}],"predecessor-version":[{"id":10425,"href":"https:\/\/lirolight.com\/es\/wp-json\/wp\/v2\/product\/10121\/revisions\/10425"}],"wp:featuredmedia":[{"embeddable":true,"href":"https:\/\/lirolight.com\/es\/wp-json\/wp\/v2\/media\/10123"}],"wp:attachment":[{"href":"https:\/\/lirolight.com\/es\/wp-json\/wp\/v2\/media?parent=10121"}],"wp:term":[{"taxonomy":"product_brand","embeddable":true,"href":"https:\/\/lirolight.com\/es\/wp-json\/wp\/v2\/product_brand?post=10121"},{"taxonomy":"product_cat","embeddable":true,"href":"https:\/\/lirolight.com\/es\/wp-json\/wp\/v2\/product_cat?post=10121"},{"taxonomy":"product_tag","embeddable":true,"href":"https:\/\/lirolight.com\/es\/wp-json\/wp\/v2\/product_tag?post=10121"}],"curies":[{"name":"wp","href":"https:\/\/api.w.org\/{rel}","templated":true}]}}