{"id":10194,"date":"2025-12-10T06:07:21","date_gmt":"2025-12-10T06:07:21","guid":{"rendered":"https:\/\/lirolight.com\/?post_type=product&#038;p=10194"},"modified":"2026-01-12T06:25:09","modified_gmt":"2026-01-12T06:25:09","slug":"liro-lite-rgbw-atomic-3000w-dmx-led-strobe-light-led-flashing-washing-strobe-light","status":"publish","type":"product","link":"https:\/\/lirolight.com\/es\/producto\/liro-lite-rgbw-atomic-3000w-dmx-led-strobe-light-led-flashing-washing-strobe-light\/","title":{"rendered":"Luz estrobosc\u00f3pica LED LiRO-LITE RGBW Atomic 3000W DMX Luz estrobosc\u00f3pica LED de lavado intermitente"},"content":{"rendered":"<h2 class=\"wp-block-heading\"><strong><mark style=\"background-color:#000000\" class=\"has-inline-color has-white-color\">LR-ATOLIMC 3000 LED<\/mark><\/strong><\/h2>\n\n\n\n<hr class=\"wp-block-separator has-alpha-channel-opacity\"\/>\n\n\n\n<h2 class=\"wp-block-heading\">Fotos:<\/h2>\n\n\n\n<div class=\"wp-block-columns is-layout-flex wp-container-core-columns-is-layout-28f84493 wp-block-columns-is-layout-flex\">\n<div class=\"wp-block-column is-layout-flow wp-block-column-is-layout-flow\">\n<figure class=\"wp-block-image size-full\"><img fetchpriority=\"high\" decoding=\"async\" width=\"720\" height=\"720\" src=\"https:\/\/lirolight.com\/wp-content\/uploads\/2025\/12\/2222.png\" alt=\"\" class=\"wp-image-10195\" srcset=\"https:\/\/lirolight.com\/wp-content\/uploads\/2025\/12\/2222.png 720w, https:\/\/lirolight.com\/wp-content\/uploads\/2025\/12\/2222-300x300.png 300w, https:\/\/lirolight.com\/wp-content\/uploads\/2025\/12\/2222-150x150.png 150w, https:\/\/lirolight.com\/wp-content\/uploads\/2025\/12\/2222-12x12.png 12w, https:\/\/lirolight.com\/wp-content\/uploads\/2025\/12\/2222-441x441.png 441w, https:\/\/lirolight.com\/wp-content\/uploads\/2025\/12\/2222-100x100.png 100w, https:\/\/lirolight.com\/wp-content\/uploads\/2025\/12\/2222-500x500.png 500w, https:\/\/lirolight.com\/wp-content\/uploads\/2025\/12\/2222-40x40.png 40w\" sizes=\"(max-width: 720px) 100vw, 720px\" \/><\/figure>\n<\/div>\n\n\n\n<div class=\"wp-block-column is-layout-flow wp-block-column-is-layout-flow\">\n<figure class=\"wp-block-image size-full\"><img decoding=\"async\" width=\"720\" height=\"720\" data-src=\"https:\/\/lirolight.com\/wp-content\/uploads\/2025\/12\/3333.png\" alt=\"\" class=\"wp-image-10196 lazyload\" data-srcset=\"https:\/\/lirolight.com\/wp-content\/uploads\/2025\/12\/3333.png 720w, https:\/\/lirolight.com\/wp-content\/uploads\/2025\/12\/3333-300x300.png 300w, https:\/\/lirolight.com\/wp-content\/uploads\/2025\/12\/3333-150x150.png 150w, https:\/\/lirolight.com\/wp-content\/uploads\/2025\/12\/3333-12x12.png 12w, https:\/\/lirolight.com\/wp-content\/uploads\/2025\/12\/3333-441x441.png 441w, https:\/\/lirolight.com\/wp-content\/uploads\/2025\/12\/3333-100x100.png 100w, https:\/\/lirolight.com\/wp-content\/uploads\/2025\/12\/3333-500x500.png 500w, https:\/\/lirolight.com\/wp-content\/uploads\/2025\/12\/3333-40x40.png 40w\" data-sizes=\"(max-width: 720px) 100vw, 720px\" src=\"data:image\/gif;base64,R0lGODlhAQABAAAAACH5BAEKAAEALAAAAAABAAEAAAICTAEAOw==\" style=\"--smush-placeholder-width: 720px; --smush-placeholder-aspect-ratio: 720\/720;\" \/><noscript><img decoding=\"async\" width=\"720\" height=\"720\" src=\"https:\/\/lirolight.com\/wp-content\/uploads\/2025\/12\/3333.png\" alt=\"\" class=\"wp-image-10196\" srcset=\"https:\/\/lirolight.com\/wp-content\/uploads\/2025\/12\/3333.png 720w, https:\/\/lirolight.com\/wp-content\/uploads\/2025\/12\/3333-300x300.png 300w, https:\/\/lirolight.com\/wp-content\/uploads\/2025\/12\/3333-150x150.png 150w, https:\/\/lirolight.com\/wp-content\/uploads\/2025\/12\/3333-12x12.png 12w, https:\/\/lirolight.com\/wp-content\/uploads\/2025\/12\/3333-441x441.png 441w, https:\/\/lirolight.com\/wp-content\/uploads\/2025\/12\/3333-100x100.png 100w, https:\/\/lirolight.com\/wp-content\/uploads\/2025\/12\/3333-500x500.png 500w, https:\/\/lirolight.com\/wp-content\/uploads\/2025\/12\/3333-40x40.png 40w\" sizes=\"(max-width: 720px) 100vw, 720px\" \/><\/noscript><\/figure>\n<\/div>\n<\/div>\n\n\n\n<figure class=\"wp-block-image aligncenter size-full is-resized\"><img decoding=\"async\" width=\"800\" height=\"800\" data-src=\"https:\/\/lirolight.com\/wp-content\/uploads\/2025\/12\/8.jpg\" alt=\"\" class=\"wp-image-10201 lazyload\" style=\"--smush-placeholder-width: 800px; --smush-placeholder-aspect-ratio: 800\/800;width:900px;height:auto\" data-srcset=\"https:\/\/lirolight.com\/wp-content\/uploads\/2025\/12\/8.jpg 800w, https:\/\/lirolight.com\/wp-content\/uploads\/2025\/12\/8-300x300.jpg 300w, https:\/\/lirolight.com\/wp-content\/uploads\/2025\/12\/8-150x150.jpg 150w, https:\/\/lirolight.com\/wp-content\/uploads\/2025\/12\/8-768x768.jpg 768w, https:\/\/lirolight.com\/wp-content\/uploads\/2025\/12\/8-12x12.jpg 12w, https:\/\/lirolight.com\/wp-content\/uploads\/2025\/12\/8-441x441.jpg 441w, https:\/\/lirolight.com\/wp-content\/uploads\/2025\/12\/8-100x100.jpg 100w, https:\/\/lirolight.com\/wp-content\/uploads\/2025\/12\/8-500x500.jpg 500w, https:\/\/lirolight.com\/wp-content\/uploads\/2025\/12\/8-40x40.jpg 40w\" data-sizes=\"(max-width: 800px) 100vw, 800px\" src=\"data:image\/gif;base64,R0lGODlhAQABAAAAACH5BAEKAAEALAAAAAABAAEAAAICTAEAOw==\" \/><noscript><img decoding=\"async\" width=\"800\" height=\"800\" src=\"https:\/\/lirolight.com\/wp-content\/uploads\/2025\/12\/8.jpg\" alt=\"\" class=\"wp-image-10201\" style=\"width:900px;height:auto\" srcset=\"https:\/\/lirolight.com\/wp-content\/uploads\/2025\/12\/8.jpg 800w, https:\/\/lirolight.com\/wp-content\/uploads\/2025\/12\/8-300x300.jpg 300w, https:\/\/lirolight.com\/wp-content\/uploads\/2025\/12\/8-150x150.jpg 150w, https:\/\/lirolight.com\/wp-content\/uploads\/2025\/12\/8-768x768.jpg 768w, https:\/\/lirolight.com\/wp-content\/uploads\/2025\/12\/8-12x12.jpg 12w, https:\/\/lirolight.com\/wp-content\/uploads\/2025\/12\/8-441x441.jpg 441w, https:\/\/lirolight.com\/wp-content\/uploads\/2025\/12\/8-100x100.jpg 100w, https:\/\/lirolight.com\/wp-content\/uploads\/2025\/12\/8-500x500.jpg 500w, https:\/\/lirolight.com\/wp-content\/uploads\/2025\/12\/8-40x40.jpg 40w\" sizes=\"(max-width: 800px) 100vw, 800px\" \/><\/noscript><\/figure>\n\n\n\n<hr class=\"wp-block-separator has-alpha-channel-opacity\"\/>\n\n\n\n<h2 class=\"wp-block-heading\">Especificaci\u00f3n:<\/h2>\n\n\n\n<div class=\"wp-block-columns is-layout-flex wp-container-core-columns-is-layout-28f84493 wp-block-columns-is-layout-flex\">\n<div class=\"wp-block-column is-layout-flow wp-block-column-is-layout-flow\">\n<div class=\"wp-block-columns is-layout-flex wp-container-core-columns-is-layout-28f84493 wp-block-columns-is-layout-flex\">\n<div class=\"wp-block-column is-layout-flow wp-block-column-is-layout-flow\">\n<div class=\"wp-block-columns is-layout-flex wp-container-core-columns-is-layout-28f84493 wp-block-columns-is-layout-flex\">\n<div class=\"wp-block-column is-layout-flow wp-block-column-is-layout-flow\" style=\"flex-basis:33.33%\">\n<figure class=\"wp-block-image size-full\"><img loading=\"lazy\" decoding=\"async\" width=\"800\" height=\"800\" data-src=\"https:\/\/lirolight.com\/wp-content\/uploads\/2025\/12\/1-1.jpg\" alt=\"\" class=\"wp-image-10199 lazyload\" data-srcset=\"https:\/\/lirolight.com\/wp-content\/uploads\/2025\/12\/1-1.jpg 800w, https:\/\/lirolight.com\/wp-content\/uploads\/2025\/12\/1-1-300x300.jpg 300w, https:\/\/lirolight.com\/wp-content\/uploads\/2025\/12\/1-1-150x150.jpg 150w, https:\/\/lirolight.com\/wp-content\/uploads\/2025\/12\/1-1-768x768.jpg 768w, https:\/\/lirolight.com\/wp-content\/uploads\/2025\/12\/1-1-12x12.jpg 12w, https:\/\/lirolight.com\/wp-content\/uploads\/2025\/12\/1-1-441x441.jpg 441w, https:\/\/lirolight.com\/wp-content\/uploads\/2025\/12\/1-1-100x100.jpg 100w, https:\/\/lirolight.com\/wp-content\/uploads\/2025\/12\/1-1-500x500.jpg 500w, https:\/\/lirolight.com\/wp-content\/uploads\/2025\/12\/1-1-40x40.jpg 40w\" data-sizes=\"(max-width: 800px) 100vw, 800px\" src=\"data:image\/gif;base64,R0lGODlhAQABAAAAACH5BAEKAAEALAAAAAABAAEAAAICTAEAOw==\" style=\"--smush-placeholder-width: 800px; --smush-placeholder-aspect-ratio: 800\/800;\" \/><noscript><img loading=\"lazy\" decoding=\"async\" width=\"800\" height=\"800\" src=\"https:\/\/lirolight.com\/wp-content\/uploads\/2025\/12\/1-1.jpg\" alt=\"\" class=\"wp-image-10199\" srcset=\"https:\/\/lirolight.com\/wp-content\/uploads\/2025\/12\/1-1.jpg 800w, https:\/\/lirolight.com\/wp-content\/uploads\/2025\/12\/1-1-300x300.jpg 300w, https:\/\/lirolight.com\/wp-content\/uploads\/2025\/12\/1-1-150x150.jpg 150w, https:\/\/lirolight.com\/wp-content\/uploads\/2025\/12\/1-1-768x768.jpg 768w, https:\/\/lirolight.com\/wp-content\/uploads\/2025\/12\/1-1-12x12.jpg 12w, https:\/\/lirolight.com\/wp-content\/uploads\/2025\/12\/1-1-441x441.jpg 441w, https:\/\/lirolight.com\/wp-content\/uploads\/2025\/12\/1-1-100x100.jpg 100w, https:\/\/lirolight.com\/wp-content\/uploads\/2025\/12\/1-1-500x500.jpg 500w, https:\/\/lirolight.com\/wp-content\/uploads\/2025\/12\/1-1-40x40.jpg 40w\" sizes=\"(max-width: 800px) 100vw, 800px\" \/><\/noscript><\/figure>\n<\/div>\n\n\n\n<div class=\"wp-block-column is-layout-flow wp-block-column-is-layout-flow\" style=\"flex-basis:66.66%\">\n<ul class=\"wp-block-list\">\n<li><strong>La luminaria tiene dos matrices de LED<\/strong><\/li>\n\n\n\n<li>El Beam es una matriz de alta intensidad que proporciona potentes efectos estrobosc\u00f3picos y cegadores<\/li>\n\n\n\n<li>Aura proporciona efectos RGB que iluminan la parte frontal de la luminaria para complementar o contrastar con la salida<\/li>\n\n\n\n<li>del Rayo.<\/li>\n\n\n\n<li><strong>Efectos estrobosc\u00f3picos<\/strong><\/li>\n\n\n\n<li>El 3000 LED ofrece efectos estrobosc\u00f3picos desde el haz con velocidad de destello, duraci\u00f3n del destello e intensidad variables. Tambi\u00e9n ofrece los siguientes efectos preprogramados<\/li>\n\n\n\n<li>Efectos de modulaci\u00f3n de intensidad de rampa ascendente\/descendente<\/li>\n\n\n\n<li>Destellos aleatorios<\/li>\n\n\n\n<li>Rayos: simula el destello \"sucio\" de un rayo, reconocible al instante.<\/li>\n\n\n\n<li>Picos: salida de luz de baja intensidad con destellos de alta intensidad.<\/li>\n\n\n\n<li><strong>Efectos cegadores<\/strong><\/li>\n\n\n\n<li>Para obtener un efecto cegador continuo, ajuste la duraci\u00f3n del flash a un valor largo y la frecuencia de destello a un valor de frecuencia alto para que los destellos se \"solapen\" y se fundan en una salida de luz continua.<\/li>\n\n\n\n<li><strong>Aura RGB Color<\/strong><\/li>\n\n\n\n<li>El modo DMX ampliado permite controlar el Aura. Puede ajustar el color del Aura con un control RGB independiente y tambi\u00e9n puede controlar la intensidad general del Aura. Las cuatro opciones de curva de atenuaci\u00f3n disponibles en los men\u00fas de control de la luminaria se aplican tanto a las curvas de atenuaci\u00f3n Beam como Aura.<\/li>\n<\/ul>\n<\/div>\n<\/div>\n<\/div>\n<\/div>\n<\/div>\n<\/div>\n\n\n\n<div class=\"wp-block-columns is-layout-flex wp-container-core-columns-is-layout-28f84493 wp-block-columns-is-layout-flex\">\n<div class=\"wp-block-column is-layout-flow wp-block-column-is-layout-flow\" style=\"flex-basis:66.66%\">\n<p>Con el mismo canal que el Martin Atomic 3000 Strobe<br>Fuente de luz: 228x3W LEDs blancos (Strobe ) 64x 0.6w RGB LEDs (backlight) array<br>Vida \u00fatil m\u00ednima de los LED: 50 000 horas<br>Resoluci\u00f3n:8 bits por color m\u00e1s atenuaci\u00f3n de 8 bits<br>Sistemas de control: DMX<br>Canales DMX: 3\/4\/14 Canales<br>Configuraci\u00f3n:Panel de control con pantalla monocroma retroiluminada<br>N.G: 7kgs \/pcs<br>Tama\u00f1o del embalaje: 50x 24x 34cm (1pcs \/carton)<\/p>\n<\/div>\n\n\n\n<div class=\"wp-block-column is-layout-flow wp-block-column-is-layout-flow\" style=\"flex-basis:33.33%\">\n<figure class=\"wp-block-image size-full\"><img loading=\"lazy\" decoding=\"async\" width=\"800\" height=\"800\" data-src=\"https:\/\/lirolight.com\/wp-content\/uploads\/2025\/12\/6.jpg\" alt=\"\" class=\"wp-image-10198 lazyload\" data-srcset=\"https:\/\/lirolight.com\/wp-content\/uploads\/2025\/12\/6.jpg 800w, https:\/\/lirolight.com\/wp-content\/uploads\/2025\/12\/6-300x300.jpg 300w, https:\/\/lirolight.com\/wp-content\/uploads\/2025\/12\/6-150x150.jpg 150w, https:\/\/lirolight.com\/wp-content\/uploads\/2025\/12\/6-768x768.jpg 768w, https:\/\/lirolight.com\/wp-content\/uploads\/2025\/12\/6-12x12.jpg 12w, https:\/\/lirolight.com\/wp-content\/uploads\/2025\/12\/6-441x441.jpg 441w, https:\/\/lirolight.com\/wp-content\/uploads\/2025\/12\/6-100x100.jpg 100w, https:\/\/lirolight.com\/wp-content\/uploads\/2025\/12\/6-500x500.jpg 500w, https:\/\/lirolight.com\/wp-content\/uploads\/2025\/12\/6-40x40.jpg 40w\" data-sizes=\"(max-width: 800px) 100vw, 800px\" src=\"data:image\/gif;base64,R0lGODlhAQABAAAAACH5BAEKAAEALAAAAAABAAEAAAICTAEAOw==\" style=\"--smush-placeholder-width: 800px; --smush-placeholder-aspect-ratio: 800\/800;\" \/><noscript><img loading=\"lazy\" decoding=\"async\" width=\"800\" height=\"800\" src=\"https:\/\/lirolight.com\/wp-content\/uploads\/2025\/12\/6.jpg\" alt=\"\" class=\"wp-image-10198\" srcset=\"https:\/\/lirolight.com\/wp-content\/uploads\/2025\/12\/6.jpg 800w, https:\/\/lirolight.com\/wp-content\/uploads\/2025\/12\/6-300x300.jpg 300w, https:\/\/lirolight.com\/wp-content\/uploads\/2025\/12\/6-150x150.jpg 150w, https:\/\/lirolight.com\/wp-content\/uploads\/2025\/12\/6-768x768.jpg 768w, https:\/\/lirolight.com\/wp-content\/uploads\/2025\/12\/6-12x12.jpg 12w, https:\/\/lirolight.com\/wp-content\/uploads\/2025\/12\/6-441x441.jpg 441w, https:\/\/lirolight.com\/wp-content\/uploads\/2025\/12\/6-100x100.jpg 100w, https:\/\/lirolight.com\/wp-content\/uploads\/2025\/12\/6-500x500.jpg 500w, https:\/\/lirolight.com\/wp-content\/uploads\/2025\/12\/6-40x40.jpg 40w\" sizes=\"(max-width: 800px) 100vw, 800px\" \/><\/noscript><\/figure>\n<\/div>\n<\/div>\n\n\n\n<h2 class=\"wp-block-heading\">Par\u00e1metro: <\/h2>\n\n\n\n<figure class=\"wp-block-table\"><table class=\"has-fixed-layout\"><tbody><tr><td><strong>Grado de impermeabilidad<\/strong><\/td><td>IP20<\/td><\/tr><tr><td><strong>Amplio voltaje<\/strong><\/td><td>AC100-240V,50\/60Hz<\/td><\/tr><tr><td><strong>Fuente LED<\/strong><\/td><td>228x3W LEDs blancos (Strobe ) 64x 0.6w RGB LEDs (backlight) array<\/td><\/tr><tr><td><strong>Vida \u00fatil<\/strong><\/td><td>60000 horas<\/td><\/tr><tr><td><strong>Canal<\/strong><\/td><td>3\/4\/14 Canales<\/td><\/tr><tr><td><strong>Regulador de intensidad<\/strong><\/td><td>Regulaci\u00f3n lineal de 32 bits 0~100%<\/td><\/tr><tr><td><strong>Estroboscopio<\/strong><\/td><td>El 3000 LED ofrece efectos estrobosc\u00f3picos desde el haz con velocidad de destello, duraci\u00f3n del destello e intensidad variables. Tambi\u00e9n ofrece los siguientes efectos preprogramados<\/td><\/tr><tr><td><strong>Controlar<\/strong><\/td><td>DMX512, modo maestro \/ esclavo, modo de voz, modo aut\u00f3nomo, autopropulsado<\/td><\/tr><\/tbody><\/table><\/figure>\n\n\n\n<hr class=\"wp-block-separator has-alpha-channel-opacity\"\/>\n\n\n\n<h2 class=\"wp-block-heading\">Hora del espect\u00e1culo.<\/h2>\n\n\n\n<figure class=\"wp-block-image size-full is-resized\"><img loading=\"lazy\" decoding=\"async\" width=\"750\" height=\"964\" data-src=\"https:\/\/lirolight.com\/wp-content\/uploads\/2025\/12\/1212.png\" alt=\"\" class=\"wp-image-10202 lazyload\" style=\"--smush-placeholder-width: 750px; --smush-placeholder-aspect-ratio: 750\/964;width:900px;height:auto\" data-srcset=\"https:\/\/lirolight.com\/wp-content\/uploads\/2025\/12\/1212.png 750w, https:\/\/lirolight.com\/wp-content\/uploads\/2025\/12\/1212-233x300.png 233w, https:\/\/lirolight.com\/wp-content\/uploads\/2025\/12\/1212-9x12.png 9w, https:\/\/lirolight.com\/wp-content\/uploads\/2025\/12\/1212-441x567.png 441w, https:\/\/lirolight.com\/wp-content\/uploads\/2025\/12\/1212-300x386.png 300w, https:\/\/lirolight.com\/wp-content\/uploads\/2025\/12\/1212-150x193.png 150w, https:\/\/lirolight.com\/wp-content\/uploads\/2025\/12\/1212-389x500.png 389w, https:\/\/lirolight.com\/wp-content\/uploads\/2025\/12\/1212-31x40.png 31w\" data-sizes=\"(max-width: 750px) 100vw, 750px\" src=\"data:image\/gif;base64,R0lGODlhAQABAAAAACH5BAEKAAEALAAAAAABAAEAAAICTAEAOw==\" \/><noscript><img loading=\"lazy\" decoding=\"async\" width=\"750\" height=\"964\" src=\"https:\/\/lirolight.com\/wp-content\/uploads\/2025\/12\/1212.png\" alt=\"\" class=\"wp-image-10202\" style=\"width:900px;height:auto\" srcset=\"https:\/\/lirolight.com\/wp-content\/uploads\/2025\/12\/1212.png 750w, https:\/\/lirolight.com\/wp-content\/uploads\/2025\/12\/1212-233x300.png 233w, https:\/\/lirolight.com\/wp-content\/uploads\/2025\/12\/1212-9x12.png 9w, https:\/\/lirolight.com\/wp-content\/uploads\/2025\/12\/1212-441x567.png 441w, https:\/\/lirolight.com\/wp-content\/uploads\/2025\/12\/1212-300x386.png 300w, https:\/\/lirolight.com\/wp-content\/uploads\/2025\/12\/1212-150x193.png 150w, https:\/\/lirolight.com\/wp-content\/uploads\/2025\/12\/1212-389x500.png 389w, https:\/\/lirolight.com\/wp-content\/uploads\/2025\/12\/1212-31x40.png 31w\" sizes=\"(max-width: 750px) 100vw, 750px\" \/><\/noscript><\/figure>","protected":false},"excerpt":{"rendered":"<div class=\"QFw9Te BLojaf\">\n<div class=\"hlJJmd\">\n<div class=\"Bmcqed\" dir=\"ltr\">\n<div data-id=\"kvLWu\">\u00a0<\/div>\n<\/div>\n<\/div>\n<\/div>\n<blockquote><p>\u00a0<\/p><\/blockquote>\n<p>&nbsp;<\/p>","protected":false},"featured_media":10196,"comment_status":"open","ping_status":"closed","template":"","meta":[],"product_brand":[],"product_cat":[59,85],"product_tag":[531,108,146,78],"class_list":{"0":"post-10194","1":"product","2":"type-product","3":"status-publish","4":"has-post-thumbnail","6":"product_cat-stage-effect-light","7":"product_cat-led-strobe-light-stage-effect-light","8":"product_tag-atomic-3000w","9":"product_tag-ledstagestrobelight","10":"product_tag-ledstrobe","11":"product_tag-strobe","13":"first","14":"instock","15":"shipping-taxable","16":"product-type-simple"},"_links":{"self":[{"href":"https:\/\/lirolight.com\/es\/wp-json\/wp\/v2\/product\/10194","targetHints":{"allow":["GET"]}}],"collection":[{"href":"https:\/\/lirolight.com\/es\/wp-json\/wp\/v2\/product"}],"about":[{"href":"https:\/\/lirolight.com\/es\/wp-json\/wp\/v2\/types\/product"}],"replies":[{"embeddable":true,"href":"https:\/\/lirolight.com\/es\/wp-json\/wp\/v2\/comments?post=10194"}],"version-history":[{"count":3,"href":"https:\/\/lirolight.com\/es\/wp-json\/wp\/v2\/product\/10194\/revisions"}],"predecessor-version":[{"id":10420,"href":"https:\/\/lirolight.com\/es\/wp-json\/wp\/v2\/product\/10194\/revisions\/10420"}],"wp:featuredmedia":[{"embeddable":true,"href":"https:\/\/lirolight.com\/es\/wp-json\/wp\/v2\/media\/10196"}],"wp:attachment":[{"href":"https:\/\/lirolight.com\/es\/wp-json\/wp\/v2\/media?parent=10194"}],"wp:term":[{"taxonomy":"product_brand","embeddable":true,"href":"https:\/\/lirolight.com\/es\/wp-json\/wp\/v2\/product_brand?post=10194"},{"taxonomy":"product_cat","embeddable":true,"href":"https:\/\/lirolight.com\/es\/wp-json\/wp\/v2\/product_cat?post=10194"},{"taxonomy":"product_tag","embeddable":true,"href":"https:\/\/lirolight.com\/es\/wp-json\/wp\/v2\/product_tag?post=10194"}],"curies":[{"name":"wp","href":"https:\/\/api.w.org\/{rel}","templated":true}]}}