{"id":10205,"date":"2025-12-10T06:48:29","date_gmt":"2025-12-10T06:48:29","guid":{"rendered":"https:\/\/lirolight.com\/?post_type=product&#038;p=10205"},"modified":"2026-01-12T06:07:18","modified_gmt":"2026-01-12T06:07:18","slug":"liro-lite-single-rgb-60w-led-pixel-retro-light-splicing-stage-background-light","status":"publish","type":"product","link":"https:\/\/lirolight.com\/es\/producto\/liro-lite-single-rgb-60w-led-pixel-retro-light-splicing-stage-background-light\/","title":{"rendered":"LiRO-LITE Single RGB 60W LED Pixel Retro Luz Empalme Escenario Luz de Fondo"},"content":{"rendered":"<h2 class=\"wp-block-heading\"><strong><mark style=\"background-color:#000000\" class=\"has-inline-color has-white-color\">LR-S1<\/mark><\/strong><\/h2>\n\n\n\n<hr class=\"wp-block-separator has-alpha-channel-opacity\"\/>\n\n\n\n<h2 class=\"wp-block-heading\">Fotos:<\/h2>\n\n\n\n<div class=\"wp-block-columns is-layout-flex wp-container-core-columns-is-layout-28f84493 wp-block-columns-is-layout-flex\">\n<div class=\"wp-block-column is-layout-flow wp-block-column-is-layout-flow\">\n<figure class=\"wp-block-image size-full\"><img fetchpriority=\"high\" decoding=\"async\" width=\"1000\" height=\"1000\" src=\"https:\/\/lirolight.com\/wp-content\/uploads\/2025\/12\/s1-1.png\" alt=\"\" class=\"wp-image-10208\" srcset=\"https:\/\/lirolight.com\/wp-content\/uploads\/2025\/12\/s1-1.png 1000w, https:\/\/lirolight.com\/wp-content\/uploads\/2025\/12\/s1-1-300x300.png 300w, https:\/\/lirolight.com\/wp-content\/uploads\/2025\/12\/s1-1-150x150.png 150w, https:\/\/lirolight.com\/wp-content\/uploads\/2025\/12\/s1-1-768x768.png 768w, https:\/\/lirolight.com\/wp-content\/uploads\/2025\/12\/s1-1-12x12.png 12w, https:\/\/lirolight.com\/wp-content\/uploads\/2025\/12\/s1-1-990x990.png 990w, https:\/\/lirolight.com\/wp-content\/uploads\/2025\/12\/s1-1-441x441.png 441w, https:\/\/lirolight.com\/wp-content\/uploads\/2025\/12\/s1-1-100x100.png 100w, https:\/\/lirolight.com\/wp-content\/uploads\/2025\/12\/s1-1-800x800.png 800w, https:\/\/lirolight.com\/wp-content\/uploads\/2025\/12\/s1-1-500x500.png 500w, https:\/\/lirolight.com\/wp-content\/uploads\/2025\/12\/s1-1-40x40.png 40w\" sizes=\"(max-width: 1000px) 100vw, 1000px\" \/><\/figure>\n<\/div>\n\n\n\n<div class=\"wp-block-column is-layout-flow wp-block-column-is-layout-flow\">\n<figure class=\"wp-block-image size-full\"><img decoding=\"async\" width=\"1000\" height=\"1000\" data-src=\"https:\/\/lirolight.com\/wp-content\/uploads\/2025\/12\/s1-2.png\" alt=\"\" class=\"wp-image-10207 lazyload\" data-srcset=\"https:\/\/lirolight.com\/wp-content\/uploads\/2025\/12\/s1-2.png 1000w, https:\/\/lirolight.com\/wp-content\/uploads\/2025\/12\/s1-2-300x300.png 300w, https:\/\/lirolight.com\/wp-content\/uploads\/2025\/12\/s1-2-150x150.png 150w, https:\/\/lirolight.com\/wp-content\/uploads\/2025\/12\/s1-2-768x768.png 768w, https:\/\/lirolight.com\/wp-content\/uploads\/2025\/12\/s1-2-12x12.png 12w, https:\/\/lirolight.com\/wp-content\/uploads\/2025\/12\/s1-2-990x990.png 990w, https:\/\/lirolight.com\/wp-content\/uploads\/2025\/12\/s1-2-441x441.png 441w, https:\/\/lirolight.com\/wp-content\/uploads\/2025\/12\/s1-2-100x100.png 100w, https:\/\/lirolight.com\/wp-content\/uploads\/2025\/12\/s1-2-800x800.png 800w, https:\/\/lirolight.com\/wp-content\/uploads\/2025\/12\/s1-2-500x500.png 500w, https:\/\/lirolight.com\/wp-content\/uploads\/2025\/12\/s1-2-40x40.png 40w\" data-sizes=\"(max-width: 1000px) 100vw, 1000px\" src=\"data:image\/gif;base64,R0lGODlhAQABAAAAACH5BAEKAAEALAAAAAABAAEAAAICTAEAOw==\" style=\"--smush-placeholder-width: 1000px; --smush-placeholder-aspect-ratio: 1000\/1000;\" \/><noscript><img decoding=\"async\" width=\"1000\" height=\"1000\" src=\"https:\/\/lirolight.com\/wp-content\/uploads\/2025\/12\/s1-2.png\" alt=\"\" class=\"wp-image-10207\" srcset=\"https:\/\/lirolight.com\/wp-content\/uploads\/2025\/12\/s1-2.png 1000w, https:\/\/lirolight.com\/wp-content\/uploads\/2025\/12\/s1-2-300x300.png 300w, https:\/\/lirolight.com\/wp-content\/uploads\/2025\/12\/s1-2-150x150.png 150w, https:\/\/lirolight.com\/wp-content\/uploads\/2025\/12\/s1-2-768x768.png 768w, https:\/\/lirolight.com\/wp-content\/uploads\/2025\/12\/s1-2-12x12.png 12w, https:\/\/lirolight.com\/wp-content\/uploads\/2025\/12\/s1-2-990x990.png 990w, https:\/\/lirolight.com\/wp-content\/uploads\/2025\/12\/s1-2-441x441.png 441w, https:\/\/lirolight.com\/wp-content\/uploads\/2025\/12\/s1-2-100x100.png 100w, https:\/\/lirolight.com\/wp-content\/uploads\/2025\/12\/s1-2-800x800.png 800w, https:\/\/lirolight.com\/wp-content\/uploads\/2025\/12\/s1-2-500x500.png 500w, https:\/\/lirolight.com\/wp-content\/uploads\/2025\/12\/s1-2-40x40.png 40w\" sizes=\"(max-width: 1000px) 100vw, 1000px\" \/><\/noscript><\/figure>\n<\/div>\n<\/div>\n\n\n\n<figure class=\"wp-block-image alignwide size-full\"><img decoding=\"async\" width=\"720\" height=\"720\" data-src=\"https:\/\/lirolight.com\/wp-content\/uploads\/2025\/12\/11.png\" alt=\"\" class=\"wp-image-10209 lazyload\" data-srcset=\"https:\/\/lirolight.com\/wp-content\/uploads\/2025\/12\/11.png 720w, https:\/\/lirolight.com\/wp-content\/uploads\/2025\/12\/11-300x300.png 300w, https:\/\/lirolight.com\/wp-content\/uploads\/2025\/12\/11-150x150.png 150w, https:\/\/lirolight.com\/wp-content\/uploads\/2025\/12\/11-12x12.png 12w, https:\/\/lirolight.com\/wp-content\/uploads\/2025\/12\/11-441x441.png 441w, https:\/\/lirolight.com\/wp-content\/uploads\/2025\/12\/11-100x100.png 100w, https:\/\/lirolight.com\/wp-content\/uploads\/2025\/12\/11-500x500.png 500w, https:\/\/lirolight.com\/wp-content\/uploads\/2025\/12\/11-40x40.png 40w\" data-sizes=\"(max-width: 720px) 100vw, 720px\" src=\"data:image\/gif;base64,R0lGODlhAQABAAAAACH5BAEKAAEALAAAAAABAAEAAAICTAEAOw==\" style=\"--smush-placeholder-width: 720px; --smush-placeholder-aspect-ratio: 720\/720;\" \/><noscript><img decoding=\"async\" width=\"720\" height=\"720\" src=\"https:\/\/lirolight.com\/wp-content\/uploads\/2025\/12\/11.png\" alt=\"\" class=\"wp-image-10209\" srcset=\"https:\/\/lirolight.com\/wp-content\/uploads\/2025\/12\/11.png 720w, https:\/\/lirolight.com\/wp-content\/uploads\/2025\/12\/11-300x300.png 300w, https:\/\/lirolight.com\/wp-content\/uploads\/2025\/12\/11-150x150.png 150w, https:\/\/lirolight.com\/wp-content\/uploads\/2025\/12\/11-12x12.png 12w, https:\/\/lirolight.com\/wp-content\/uploads\/2025\/12\/11-441x441.png 441w, https:\/\/lirolight.com\/wp-content\/uploads\/2025\/12\/11-100x100.png 100w, https:\/\/lirolight.com\/wp-content\/uploads\/2025\/12\/11-500x500.png 500w, https:\/\/lirolight.com\/wp-content\/uploads\/2025\/12\/11-40x40.png 40w\" sizes=\"(max-width: 720px) 100vw, 720px\" \/><\/noscript><\/figure>\n\n\n\n<h2 class=\"wp-block-heading\">Especificaci\u00f3n:<\/h2>\n\n\n\n<p>Voltaje: AC100~220V 50\/60HZ<br>Potencia: 72*0,25W (18W) + 60W<br>cuentas luminosas: 72 piezas de 5050 perlas de luz LED de tres colores + largas perlas de luz blanca<br>Modo de control: DMX512, autopropulsado, maestro-esclavo, control por voz, con funci\u00f3n RDM.<br>Canal: CH010, CH04, CH73<br>Regulaci\u00f3n: 32bit 0~100% regulaci\u00f3n lineal<br>Caracter\u00edsticas: tinte + flash + luz de relleno<br>Temperatura de trabajo: -30\u2103~50\u2103<br>Frecuencia estrobosc\u00f3pica: 1~30HZ<br>Aspecto: Metal, Negro<br>Modo de conexi\u00f3n: Entrada y salida DMX512 \/ entrada y salida de alimentaci\u00f3n.<br>Grado de protecci\u00f3n IP: IP20<\/p>\n\n\n\n<div class=\"wp-block-columns is-layout-flex wp-container-core-columns-is-layout-28f84493 wp-block-columns-is-layout-flex\">\n<div class=\"wp-block-column is-layout-flow wp-block-column-is-layout-flow\">\n<!--more-->\n<\/div>\n<\/div>","protected":false},"excerpt":{"rendered":"<div class=\"QFw9Te BLojaf\">\n<div class=\"hlJJmd\">\n<div class=\"Bmcqed\" dir=\"ltr\">\n<div data-id=\"kvLWu\">\u00a0<\/div>\n<\/div>\n<\/div>\n<\/div>\n<blockquote><p>\u00a0<\/p><\/blockquote>\n<p>&nbsp;<\/p>","protected":false},"featured_media":10208,"comment_status":"open","ping_status":"closed","template":"","meta":[],"product_brand":[],"product_cat":[86],"product_tag":[303,304,302,307,305,306],"class_list":{"0":"post-10205","1":"product","2":"type-product","3":"status-publish","4":"has-post-thumbnail","6":"product_cat-led-retro-light","7":"product_tag-infinite-rotation-light","8":"product_tag-retro-disco-light-effect","9":"product_tag-retro-maple-leaf-light","10":"product_tag-retro-pixel-stage-light","11":"product_tag-stage-strobe-light","12":"product_tag-vintage-stage-lighting","14":"first","15":"instock","16":"shipping-taxable","17":"product-type-simple"},"_links":{"self":[{"href":"https:\/\/lirolight.com\/es\/wp-json\/wp\/v2\/product\/10205","targetHints":{"allow":["GET"]}}],"collection":[{"href":"https:\/\/lirolight.com\/es\/wp-json\/wp\/v2\/product"}],"about":[{"href":"https:\/\/lirolight.com\/es\/wp-json\/wp\/v2\/types\/product"}],"replies":[{"embeddable":true,"href":"https:\/\/lirolight.com\/es\/wp-json\/wp\/v2\/comments?post=10205"}],"version-history":[{"count":4,"href":"https:\/\/lirolight.com\/es\/wp-json\/wp\/v2\/product\/10205\/revisions"}],"predecessor-version":[{"id":10417,"href":"https:\/\/lirolight.com\/es\/wp-json\/wp\/v2\/product\/10205\/revisions\/10417"}],"wp:featuredmedia":[{"embeddable":true,"href":"https:\/\/lirolight.com\/es\/wp-json\/wp\/v2\/media\/10208"}],"wp:attachment":[{"href":"https:\/\/lirolight.com\/es\/wp-json\/wp\/v2\/media?parent=10205"}],"wp:term":[{"taxonomy":"product_brand","embeddable":true,"href":"https:\/\/lirolight.com\/es\/wp-json\/wp\/v2\/product_brand?post=10205"},{"taxonomy":"product_cat","embeddable":true,"href":"https:\/\/lirolight.com\/es\/wp-json\/wp\/v2\/product_cat?post=10205"},{"taxonomy":"product_tag","embeddable":true,"href":"https:\/\/lirolight.com\/es\/wp-json\/wp\/v2\/product_tag?post=10205"}],"curies":[{"name":"wp","href":"https:\/\/api.w.org\/{rel}","templated":true}]}}