{"id":10212,"date":"2025-12-10T06:56:33","date_gmt":"2025-12-10T06:56:33","guid":{"rendered":"https:\/\/lirolight.com\/?post_type=product&#038;p=10212"},"modified":"2026-01-12T06:08:32","modified_gmt":"2026-01-12T06:08:32","slug":"liro-lite-hexagon-3x50w-led-rgbw-stage-light-design-matrix-lights-for-disco","status":"publish","type":"product","link":"https:\/\/lirolight.com\/es\/producto\/liro-lite-hexagon-3x50w-led-rgbw-stage-light-design-matrix-lights-for-disco\/","title":{"rendered":"LiRO-LITE Hexagon 3x50w LED RGBW Stage Light Dise\u00f1o Matrix Luces para Discoteca"},"content":{"rendered":"<h2 class=\"wp-block-heading\"><strong><mark style=\"background-color:#000000\" class=\"has-inline-color has-white-color\">LR-S2<\/mark><\/strong><\/h2>\n\n\n\n<hr class=\"wp-block-separator has-alpha-channel-opacity\"\/>\n\n\n\n<h2 class=\"wp-block-heading\">Fotos:<\/h2>\n\n\n\n<div class=\"wp-block-columns is-layout-flex wp-container-core-columns-is-layout-28f84493 wp-block-columns-is-layout-flex\">\n<div class=\"wp-block-column is-layout-flow wp-block-column-is-layout-flow\">\n<figure class=\"wp-block-image aligncenter size-full\"><img fetchpriority=\"high\" decoding=\"async\" width=\"800\" height=\"800\" src=\"https:\/\/lirolight.com\/wp-content\/uploads\/2025\/12\/22.png\" alt=\"\" class=\"wp-image-10213\" srcset=\"https:\/\/lirolight.com\/wp-content\/uploads\/2025\/12\/22.png 800w, https:\/\/lirolight.com\/wp-content\/uploads\/2025\/12\/22-300x300.png 300w, https:\/\/lirolight.com\/wp-content\/uploads\/2025\/12\/22-150x150.png 150w, https:\/\/lirolight.com\/wp-content\/uploads\/2025\/12\/22-768x768.png 768w, https:\/\/lirolight.com\/wp-content\/uploads\/2025\/12\/22-12x12.png 12w, https:\/\/lirolight.com\/wp-content\/uploads\/2025\/12\/22-441x441.png 441w, https:\/\/lirolight.com\/wp-content\/uploads\/2025\/12\/22-100x100.png 100w, https:\/\/lirolight.com\/wp-content\/uploads\/2025\/12\/22-500x500.png 500w, https:\/\/lirolight.com\/wp-content\/uploads\/2025\/12\/22-40x40.png 40w\" sizes=\"(max-width: 800px) 100vw, 800px\" \/><\/figure>\n<\/div>\n<\/div>\n\n\n\n<h2 class=\"wp-block-heading has-medium-font-size\">Especificaci\u00f3n:<\/h2>\n\n\n\n<p>Voltaje: AC100~220V 50\/60HZ<br>Potencia: 114 * 0,3W (35W)+3 * 50W (150W)<br>Bombillas: 114 bombillas LED 5050 tricolor+3 bombillas COB blanco c\u00e1lido<br>Modo de control: DMX512, autopropulsado, maestro-esclavo, control por voz, con funci\u00f3n RDM.<br>Canal: CH04, CH14, CH147<br>Regulaci\u00f3n: regulaci\u00f3n lineal de 32 bits 0-100%<br>Caracter\u00edsticas: Te\u00f1ido+Explosi\u00f3n+Luz auxiliar<br>Temperatura de trabajo: -30 \u00b0C~50 \u00b0C<br>Frecuencia estrobosc\u00f3pica: 1-30Hz<br>Aspecto: Metal, negro<br>M\u00e9todo de conexi\u00f3n: Entrada\/salida DMX512\/entrada\/salida de alimentaci\u00f3n.<br>Nivel IP: IP20<br>Peso neto: 6KG<\/p>\n\n\n\n<div class=\"wp-block-columns is-layout-flex wp-container-core-columns-is-layout-28f84493 wp-block-columns-is-layout-flex\">\n<div class=\"wp-block-column is-layout-flow wp-block-column-is-layout-flow\">\n<h2 class=\"wp-block-heading\">Hora del espect\u00e1culo:<\/h2>\n<\/div>\n<\/div>\n\n\n\n<div class=\"wp-block-columns is-layout-flex wp-container-core-columns-is-layout-28f84493 wp-block-columns-is-layout-flex\">\n<div class=\"wp-block-column is-layout-flow wp-block-column-is-layout-flow\">\n<figure class=\"wp-block-image alignwide size-full\"><img decoding=\"async\" width=\"750\" height=\"728\" data-src=\"https:\/\/lirolight.com\/wp-content\/uploads\/2025\/12\/14.png\" alt=\"\" class=\"wp-image-10215 lazyload\" data-srcset=\"https:\/\/lirolight.com\/wp-content\/uploads\/2025\/12\/14.png 750w, https:\/\/lirolight.com\/wp-content\/uploads\/2025\/12\/14-300x291.png 300w, https:\/\/lirolight.com\/wp-content\/uploads\/2025\/12\/14-12x12.png 12w, https:\/\/lirolight.com\/wp-content\/uploads\/2025\/12\/14-441x428.png 441w, https:\/\/lirolight.com\/wp-content\/uploads\/2025\/12\/14-150x146.png 150w, https:\/\/lirolight.com\/wp-content\/uploads\/2025\/12\/14-500x485.png 500w, https:\/\/lirolight.com\/wp-content\/uploads\/2025\/12\/14-41x40.png 41w\" data-sizes=\"(max-width: 750px) 100vw, 750px\" src=\"data:image\/gif;base64,R0lGODlhAQABAAAAACH5BAEKAAEALAAAAAABAAEAAAICTAEAOw==\" style=\"--smush-placeholder-width: 750px; --smush-placeholder-aspect-ratio: 750\/728;\" \/><noscript><img decoding=\"async\" width=\"750\" height=\"728\" src=\"https:\/\/lirolight.com\/wp-content\/uploads\/2025\/12\/14.png\" alt=\"\" class=\"wp-image-10215\" srcset=\"https:\/\/lirolight.com\/wp-content\/uploads\/2025\/12\/14.png 750w, https:\/\/lirolight.com\/wp-content\/uploads\/2025\/12\/14-300x291.png 300w, https:\/\/lirolight.com\/wp-content\/uploads\/2025\/12\/14-12x12.png 12w, https:\/\/lirolight.com\/wp-content\/uploads\/2025\/12\/14-441x428.png 441w, https:\/\/lirolight.com\/wp-content\/uploads\/2025\/12\/14-150x146.png 150w, https:\/\/lirolight.com\/wp-content\/uploads\/2025\/12\/14-500x485.png 500w, https:\/\/lirolight.com\/wp-content\/uploads\/2025\/12\/14-41x40.png 41w\" sizes=\"(max-width: 750px) 100vw, 750px\" \/><\/noscript><\/figure>\n<\/div>\n<\/div>","protected":false},"excerpt":{"rendered":"<div class=\"QFw9Te BLojaf\">\n<div class=\"hlJJmd\">\n<div class=\"Bmcqed\" dir=\"ltr\">\n<div data-id=\"kvLWu\">\u00a0<\/div>\n<\/div>\n<\/div>\n<\/div>\n<blockquote><p>\u00a0<\/p><\/blockquote>\n<p>&nbsp;<\/p>","protected":false},"featured_media":10214,"comment_status":"open","ping_status":"closed","template":"","meta":[],"product_brand":[],"product_cat":[86],"product_tag":[139,532,533,304,307,305],"class_list":{"0":"post-10212","1":"product","2":"type-product","3":"status-publish","4":"has-post-thumbnail","6":"product_cat-led-retro-light","7":"product_tag-led-retro-light","8":"product_tag-led-rgbw-stage-light","9":"product_tag-matrix-lights","10":"product_tag-retro-disco-light-effect","11":"product_tag-retro-pixel-stage-light","12":"product_tag-stage-strobe-light","14":"first","15":"instock","16":"shipping-taxable","17":"product-type-simple"},"_links":{"self":[{"href":"https:\/\/lirolight.com\/es\/wp-json\/wp\/v2\/product\/10212","targetHints":{"allow":["GET"]}}],"collection":[{"href":"https:\/\/lirolight.com\/es\/wp-json\/wp\/v2\/product"}],"about":[{"href":"https:\/\/lirolight.com\/es\/wp-json\/wp\/v2\/types\/product"}],"replies":[{"embeddable":true,"href":"https:\/\/lirolight.com\/es\/wp-json\/wp\/v2\/comments?post=10212"}],"version-history":[{"count":3,"href":"https:\/\/lirolight.com\/es\/wp-json\/wp\/v2\/product\/10212\/revisions"}],"predecessor-version":[{"id":10418,"href":"https:\/\/lirolight.com\/es\/wp-json\/wp\/v2\/product\/10212\/revisions\/10418"}],"wp:featuredmedia":[{"embeddable":true,"href":"https:\/\/lirolight.com\/es\/wp-json\/wp\/v2\/media\/10214"}],"wp:attachment":[{"href":"https:\/\/lirolight.com\/es\/wp-json\/wp\/v2\/media?parent=10212"}],"wp:term":[{"taxonomy":"product_brand","embeddable":true,"href":"https:\/\/lirolight.com\/es\/wp-json\/wp\/v2\/product_brand?post=10212"},{"taxonomy":"product_cat","embeddable":true,"href":"https:\/\/lirolight.com\/es\/wp-json\/wp\/v2\/product_cat?post=10212"},{"taxonomy":"product_tag","embeddable":true,"href":"https:\/\/lirolight.com\/es\/wp-json\/wp\/v2\/product_tag?post=10212"}],"curies":[{"name":"wp","href":"https:\/\/api.w.org\/{rel}","templated":true}]}}