{"id":10217,"date":"2025-12-10T07:37:49","date_gmt":"2025-12-10T07:37:49","guid":{"rendered":"https:\/\/lirolight.com\/?post_type=product&#038;p=10217"},"modified":"2026-01-12T06:03:35","modified_gmt":"2026-01-12T06:03:35","slug":"liro-lite-retro-effect-led-16x30w-led-triangle-light-rgbw-stage-lighting","status":"publish","type":"product","link":"https:\/\/lirolight.com\/es\/producto\/liro-lite-retro-effect-led-16x30w-led-triangle-light-rgbw-stage-lighting\/","title":{"rendered":"LiRO-LITE Efecto Retro LED 16X30W Led Tri\u00e1ngulo de Luz RGBW Iluminaci\u00f3n de Escenario"},"content":{"rendered":"<h2 class=\"wp-block-heading\"><strong><mark style=\"background-color:#000000\" class=\"has-inline-color has-white-color\">LR-T2<\/mark><\/strong><\/h2>\n\n\n\n<hr class=\"wp-block-separator has-alpha-channel-opacity\"\/>\n\n\n\n<h2 class=\"wp-block-heading\">Fotos:<\/h2>\n\n\n\n<div class=\"wp-block-columns is-layout-flex wp-container-core-columns-is-layout-28f84493 wp-block-columns-is-layout-flex\">\n<div class=\"wp-block-column is-layout-flow wp-block-column-is-layout-flow\">\n<figure class=\"wp-block-image size-full\"><img fetchpriority=\"high\" decoding=\"async\" width=\"800\" height=\"800\" src=\"https:\/\/lirolight.com\/wp-content\/uploads\/2025\/12\/2-4.png\" alt=\"\" class=\"wp-image-10218\" srcset=\"https:\/\/lirolight.com\/wp-content\/uploads\/2025\/12\/2-4.png 800w, https:\/\/lirolight.com\/wp-content\/uploads\/2025\/12\/2-4-300x300.png 300w, https:\/\/lirolight.com\/wp-content\/uploads\/2025\/12\/2-4-150x150.png 150w, https:\/\/lirolight.com\/wp-content\/uploads\/2025\/12\/2-4-768x768.png 768w, https:\/\/lirolight.com\/wp-content\/uploads\/2025\/12\/2-4-12x12.png 12w, https:\/\/lirolight.com\/wp-content\/uploads\/2025\/12\/2-4-441x441.png 441w, https:\/\/lirolight.com\/wp-content\/uploads\/2025\/12\/2-4-100x100.png 100w, https:\/\/lirolight.com\/wp-content\/uploads\/2025\/12\/2-4-500x500.png 500w, https:\/\/lirolight.com\/wp-content\/uploads\/2025\/12\/2-4-40x40.png 40w\" sizes=\"(max-width: 800px) 100vw, 800px\" \/><\/figure>\n<\/div>\n\n\n\n<div class=\"wp-block-column is-layout-flow wp-block-column-is-layout-flow\">\n<figure class=\"wp-block-image size-full is-resized\"><img decoding=\"async\" width=\"250\" height=\"250\" data-src=\"https:\/\/lirolight.com\/wp-content\/uploads\/2025\/12\/4.png\" alt=\"\" class=\"wp-image-10220 lazyload\" style=\"--smush-placeholder-width: 250px; --smush-placeholder-aspect-ratio: 250\/250;width:434px;height:auto\" data-srcset=\"https:\/\/lirolight.com\/wp-content\/uploads\/2025\/12\/4.png 250w, https:\/\/lirolight.com\/wp-content\/uploads\/2025\/12\/4-150x150.png 150w, https:\/\/lirolight.com\/wp-content\/uploads\/2025\/12\/4-12x12.png 12w, https:\/\/lirolight.com\/wp-content\/uploads\/2025\/12\/4-100x100.png 100w, https:\/\/lirolight.com\/wp-content\/uploads\/2025\/12\/4-40x40.png 40w\" data-sizes=\"(max-width: 250px) 100vw, 250px\" src=\"data:image\/gif;base64,R0lGODlhAQABAAAAACH5BAEKAAEALAAAAAABAAEAAAICTAEAOw==\" \/><noscript><img decoding=\"async\" width=\"250\" height=\"250\" src=\"https:\/\/lirolight.com\/wp-content\/uploads\/2025\/12\/4.png\" alt=\"\" class=\"wp-image-10220\" style=\"width:434px;height:auto\" srcset=\"https:\/\/lirolight.com\/wp-content\/uploads\/2025\/12\/4.png 250w, https:\/\/lirolight.com\/wp-content\/uploads\/2025\/12\/4-150x150.png 150w, https:\/\/lirolight.com\/wp-content\/uploads\/2025\/12\/4-12x12.png 12w, https:\/\/lirolight.com\/wp-content\/uploads\/2025\/12\/4-100x100.png 100w, https:\/\/lirolight.com\/wp-content\/uploads\/2025\/12\/4-40x40.png 40w\" sizes=\"(max-width: 250px) 100vw, 250px\" \/><\/noscript><\/figure>\n<\/div>\n<\/div>\n\n\n\n<h2 class=\"wp-block-heading\">Especificaci\u00f3n:<\/h2>\n\n\n\n<p>1.voltaje de entrada: AC90-240V 50-60HZ<br>2. tensi\u00f3n de salida DC28V<br>3. consumo m\u00e1ximo 4 5 0 (W)<br>4. tipo de fuente de luz LED de alta potencia<br>6. Corriente de LED: 16*30W LED+528*0,2W 5050 RGB+528*5054 BLANCO<br>(accionamiento monocrom\u00e1tico)<br>7. Frecuencia de regulaci\u00f3n: 600 Hz<br>8. Vida \u00fatil: 50.000 horas<br>9. se\u00f1al de control: DMX512\/excitaci\u00f3n musical\/programa de auto-marcha<br>10. modo de control: modo de control de una sola m\u00e1quina \/ funci\u00f3n submaster de control de sonido<br>11. n\u00famero de canal: 6 \/ 9 \/ 22 \/ 64<br>12.efecto de color: Mezcla de colores R, G, B, W<br>13. efecto de funci\u00f3n: atenuaci\u00f3n, estrobosc\u00f3pica, agua corriente, gradiente, activaci\u00f3n por sonido<\/p>\n\n\n\n<div class=\"wp-block-columns is-layout-flex wp-container-core-columns-is-layout-28f84493 wp-block-columns-is-layout-flex\">\n<div class=\"wp-block-column is-layout-flow wp-block-column-is-layout-flow\">\n<h2 class=\"wp-block-heading\">Hora del espect\u00e1culo:<\/h2>\n<\/div>\n<\/div>\n\n\n\n<div class=\"wp-block-columns is-layout-flex wp-container-core-columns-is-layout-28f84493 wp-block-columns-is-layout-flex\">\n<div class=\"wp-block-column is-layout-flow wp-block-column-is-layout-flow\">\n<figure class=\"wp-block-image alignwide size-full\"><img decoding=\"async\" width=\"717\" height=\"857\" data-src=\"https:\/\/lirolight.com\/wp-content\/uploads\/2025\/12\/1313.jpg\" alt=\"\" class=\"wp-image-10221 lazyload\" data-srcset=\"https:\/\/lirolight.com\/wp-content\/uploads\/2025\/12\/1313.jpg 717w, https:\/\/lirolight.com\/wp-content\/uploads\/2025\/12\/1313-251x300.jpg 251w, https:\/\/lirolight.com\/wp-content\/uploads\/2025\/12\/1313-10x12.jpg 10w, https:\/\/lirolight.com\/wp-content\/uploads\/2025\/12\/1313-441x527.jpg 441w, https:\/\/lirolight.com\/wp-content\/uploads\/2025\/12\/1313-300x359.jpg 300w, https:\/\/lirolight.com\/wp-content\/uploads\/2025\/12\/1313-150x179.jpg 150w, https:\/\/lirolight.com\/wp-content\/uploads\/2025\/12\/1313-418x500.jpg 418w, https:\/\/lirolight.com\/wp-content\/uploads\/2025\/12\/1313-33x40.jpg 33w\" data-sizes=\"(max-width: 717px) 100vw, 717px\" src=\"data:image\/gif;base64,R0lGODlhAQABAAAAACH5BAEKAAEALAAAAAABAAEAAAICTAEAOw==\" style=\"--smush-placeholder-width: 717px; --smush-placeholder-aspect-ratio: 717\/857;\" \/><noscript><img decoding=\"async\" width=\"717\" height=\"857\" src=\"https:\/\/lirolight.com\/wp-content\/uploads\/2025\/12\/1313.jpg\" alt=\"\" class=\"wp-image-10221\" srcset=\"https:\/\/lirolight.com\/wp-content\/uploads\/2025\/12\/1313.jpg 717w, https:\/\/lirolight.com\/wp-content\/uploads\/2025\/12\/1313-251x300.jpg 251w, https:\/\/lirolight.com\/wp-content\/uploads\/2025\/12\/1313-10x12.jpg 10w, https:\/\/lirolight.com\/wp-content\/uploads\/2025\/12\/1313-441x527.jpg 441w, https:\/\/lirolight.com\/wp-content\/uploads\/2025\/12\/1313-300x359.jpg 300w, https:\/\/lirolight.com\/wp-content\/uploads\/2025\/12\/1313-150x179.jpg 150w, https:\/\/lirolight.com\/wp-content\/uploads\/2025\/12\/1313-418x500.jpg 418w, https:\/\/lirolight.com\/wp-content\/uploads\/2025\/12\/1313-33x40.jpg 33w\" sizes=\"(max-width: 717px) 100vw, 717px\" \/><\/noscript><\/figure>\n<\/div>\n<\/div>","protected":false},"excerpt":{"rendered":"<div class=\"QFw9Te BLojaf\">\n<div class=\"hlJJmd\">\n<div class=\"Bmcqed\" dir=\"ltr\">\n<div data-id=\"kvLWu\">\u00a0<\/div>\n<\/div>\n<\/div>\n<\/div>\n<blockquote><p>\u00a0<\/p><\/blockquote>\n<p>&nbsp;<\/p>","protected":false},"featured_media":10218,"comment_status":"open","ping_status":"closed","template":"","meta":[],"product_brand":[],"product_cat":[86],"product_tag":[139,532,534,533,304,307,536,305],"class_list":{"0":"post-10217","1":"product","2":"type-product","3":"status-publish","4":"has-post-thumbnail","6":"product_cat-led-retro-light","7":"product_tag-led-retro-light","8":"product_tag-led-rgbw-stage-light","9":"product_tag-led-triangle-light","10":"product_tag-matrix-lights","11":"product_tag-retro-disco-light-effect","12":"product_tag-retro-pixel-stage-light","13":"product_tag-rgbw-stage-lighting","14":"product_tag-stage-strobe-light","16":"first","17":"instock","18":"shipping-taxable","19":"product-type-simple"},"_links":{"self":[{"href":"https:\/\/lirolight.com\/es\/wp-json\/wp\/v2\/product\/10217","targetHints":{"allow":["GET"]}}],"collection":[{"href":"https:\/\/lirolight.com\/es\/wp-json\/wp\/v2\/product"}],"about":[{"href":"https:\/\/lirolight.com\/es\/wp-json\/wp\/v2\/types\/product"}],"replies":[{"embeddable":true,"href":"https:\/\/lirolight.com\/es\/wp-json\/wp\/v2\/comments?post=10217"}],"version-history":[{"count":2,"href":"https:\/\/lirolight.com\/es\/wp-json\/wp\/v2\/product\/10217\/revisions"}],"predecessor-version":[{"id":10413,"href":"https:\/\/lirolight.com\/es\/wp-json\/wp\/v2\/product\/10217\/revisions\/10413"}],"wp:featuredmedia":[{"embeddable":true,"href":"https:\/\/lirolight.com\/es\/wp-json\/wp\/v2\/media\/10218"}],"wp:attachment":[{"href":"https:\/\/lirolight.com\/es\/wp-json\/wp\/v2\/media?parent=10217"}],"wp:term":[{"taxonomy":"product_brand","embeddable":true,"href":"https:\/\/lirolight.com\/es\/wp-json\/wp\/v2\/product_brand?post=10217"},{"taxonomy":"product_cat","embeddable":true,"href":"https:\/\/lirolight.com\/es\/wp-json\/wp\/v2\/product_cat?post=10217"},{"taxonomy":"product_tag","embeddable":true,"href":"https:\/\/lirolight.com\/es\/wp-json\/wp\/v2\/product_tag?post=10217"}],"curies":[{"name":"wp","href":"https:\/\/api.w.org\/{rel}","templated":true}]}}