{"id":7555,"date":"2025-06-13T07:58:02","date_gmt":"2025-06-13T07:58:02","guid":{"rendered":"https:\/\/lirolight.com\/?post_type=product&#038;p=7555"},"modified":"2026-01-14T02:29:55","modified_gmt":"2026-01-14T02:29:55","slug":"19x15w-big-bee-eye-k10-led-wash-zoom-moving-head-light-pixel-zoom-moving-head-stage-lights-dmx512-party-music-show-light","status":"publish","type":"product","link":"https:\/\/lirolight.com\/es\/producto\/19x15w-big-bee-eye-k10-led-wash-zoom-moving-head-light-pixel-zoom-moving-head-stage-lights-dmx512-party-music-show-light\/","title":{"rendered":"LiRO-LITE 19x15W Big Bee Eye K10 LED Wash Zoom Moving Head Light Pixel Zoom Moving Head Stage Lights DMX512 Party Music Show Light"},"content":{"rendered":"<h2 class=\"wp-block-heading\"><strong><mark style=\"background-color:#000000\" class=\"has-inline-color has-white-color\">LR-B-OJO K10<\/mark><\/strong><\/h2>\n\n\n\n<hr class=\"wp-block-separator has-alpha-channel-opacity\"\/>\n\n\n\n<h2 class=\"wp-block-heading\">Fotos:<\/h2>\n\n\n\n<figure class=\"wp-block-image size-large\"><img fetchpriority=\"high\" decoding=\"async\" width=\"1024\" height=\"1024\" src=\"https:\/\/lirolight.com\/wp-content\/uploads\/2025\/06\/1915-55_\u526f\u672c-1024x1024.png\" alt=\"\" class=\"wp-image-7556\" srcset=\"https:\/\/lirolight.com\/wp-content\/uploads\/2025\/06\/1915-55_\u526f\u672c-1024x1024.png 1024w, https:\/\/lirolight.com\/wp-content\/uploads\/2025\/06\/1915-55_\u526f\u672c-300x300.png 300w, https:\/\/lirolight.com\/wp-content\/uploads\/2025\/06\/1915-55_\u526f\u672c-150x150.png 150w, https:\/\/lirolight.com\/wp-content\/uploads\/2025\/06\/1915-55_\u526f\u672c-768x768.png 768w, https:\/\/lirolight.com\/wp-content\/uploads\/2025\/06\/1915-55_\u526f\u672c-1536x1536.png 1536w, https:\/\/lirolight.com\/wp-content\/uploads\/2025\/06\/1915-55_\u526f\u672c-12x12.png 12w, https:\/\/lirolight.com\/wp-content\/uploads\/2025\/06\/1915-55_\u526f\u672c-990x990.png 990w, https:\/\/lirolight.com\/wp-content\/uploads\/2025\/06\/1915-55_\u526f\u672c-441x441.png 441w, https:\/\/lirolight.com\/wp-content\/uploads\/2025\/06\/1915-55_\u526f\u672c-100x100.png 100w, https:\/\/lirolight.com\/wp-content\/uploads\/2025\/06\/1915-55_\u526f\u672c-800x800.png 800w, https:\/\/lirolight.com\/wp-content\/uploads\/2025\/06\/1915-55_\u526f\u672c-500x500.png 500w, https:\/\/lirolight.com\/wp-content\/uploads\/2025\/06\/1915-55_\u526f\u672c-40x40.png 40w, https:\/\/lirolight.com\/wp-content\/uploads\/2025\/06\/1915-55_\u526f\u672c.png 2000w\" sizes=\"(max-width: 1024px) 100vw, 1024px\" \/><\/figure>\n\n\n\n<div class=\"wp-block-columns is-layout-flex wp-container-core-columns-is-layout-28f84493 wp-block-columns-is-layout-flex\">\n<div class=\"wp-block-column is-layout-flow wp-block-column-is-layout-flow\">\n<figure class=\"wp-block-image size-large\"><img decoding=\"async\" width=\"1024\" height=\"1024\" data-src=\"https:\/\/lirolight.com\/wp-content\/uploads\/2025\/06\/1915-11_\u526f\u672c-1024x1024.png\" alt=\"\" class=\"wp-image-7557 lazyload\" data-srcset=\"https:\/\/lirolight.com\/wp-content\/uploads\/2025\/06\/1915-11_\u526f\u672c-1024x1024.png 1024w, https:\/\/lirolight.com\/wp-content\/uploads\/2025\/06\/1915-11_\u526f\u672c-300x300.png 300w, https:\/\/lirolight.com\/wp-content\/uploads\/2025\/06\/1915-11_\u526f\u672c-150x150.png 150w, https:\/\/lirolight.com\/wp-content\/uploads\/2025\/06\/1915-11_\u526f\u672c-768x768.png 768w, https:\/\/lirolight.com\/wp-content\/uploads\/2025\/06\/1915-11_\u526f\u672c-1536x1536.png 1536w, https:\/\/lirolight.com\/wp-content\/uploads\/2025\/06\/1915-11_\u526f\u672c-12x12.png 12w, https:\/\/lirolight.com\/wp-content\/uploads\/2025\/06\/1915-11_\u526f\u672c-990x990.png 990w, https:\/\/lirolight.com\/wp-content\/uploads\/2025\/06\/1915-11_\u526f\u672c-441x441.png 441w, https:\/\/lirolight.com\/wp-content\/uploads\/2025\/06\/1915-11_\u526f\u672c-100x100.png 100w, https:\/\/lirolight.com\/wp-content\/uploads\/2025\/06\/1915-11_\u526f\u672c-800x800.png 800w, https:\/\/lirolight.com\/wp-content\/uploads\/2025\/06\/1915-11_\u526f\u672c-500x500.png 500w, https:\/\/lirolight.com\/wp-content\/uploads\/2025\/06\/1915-11_\u526f\u672c-40x40.png 40w, https:\/\/lirolight.com\/wp-content\/uploads\/2025\/06\/1915-11_\u526f\u672c.png 2000w\" data-sizes=\"(max-width: 1024px) 100vw, 1024px\" src=\"data:image\/gif;base64,R0lGODlhAQABAAAAACH5BAEKAAEALAAAAAABAAEAAAICTAEAOw==\" style=\"--smush-placeholder-width: 1024px; --smush-placeholder-aspect-ratio: 1024\/1024;\" \/><noscript><img decoding=\"async\" width=\"1024\" height=\"1024\" src=\"https:\/\/lirolight.com\/wp-content\/uploads\/2025\/06\/1915-11_\u526f\u672c-1024x1024.png\" alt=\"\" class=\"wp-image-7557\" srcset=\"https:\/\/lirolight.com\/wp-content\/uploads\/2025\/06\/1915-11_\u526f\u672c-1024x1024.png 1024w, https:\/\/lirolight.com\/wp-content\/uploads\/2025\/06\/1915-11_\u526f\u672c-300x300.png 300w, https:\/\/lirolight.com\/wp-content\/uploads\/2025\/06\/1915-11_\u526f\u672c-150x150.png 150w, https:\/\/lirolight.com\/wp-content\/uploads\/2025\/06\/1915-11_\u526f\u672c-768x768.png 768w, https:\/\/lirolight.com\/wp-content\/uploads\/2025\/06\/1915-11_\u526f\u672c-1536x1536.png 1536w, https:\/\/lirolight.com\/wp-content\/uploads\/2025\/06\/1915-11_\u526f\u672c-12x12.png 12w, https:\/\/lirolight.com\/wp-content\/uploads\/2025\/06\/1915-11_\u526f\u672c-990x990.png 990w, https:\/\/lirolight.com\/wp-content\/uploads\/2025\/06\/1915-11_\u526f\u672c-441x441.png 441w, https:\/\/lirolight.com\/wp-content\/uploads\/2025\/06\/1915-11_\u526f\u672c-100x100.png 100w, https:\/\/lirolight.com\/wp-content\/uploads\/2025\/06\/1915-11_\u526f\u672c-800x800.png 800w, https:\/\/lirolight.com\/wp-content\/uploads\/2025\/06\/1915-11_\u526f\u672c-500x500.png 500w, https:\/\/lirolight.com\/wp-content\/uploads\/2025\/06\/1915-11_\u526f\u672c-40x40.png 40w, https:\/\/lirolight.com\/wp-content\/uploads\/2025\/06\/1915-11_\u526f\u672c.png 2000w\" sizes=\"(max-width: 1024px) 100vw, 1024px\" \/><\/noscript><\/figure>\n<\/div>\n\n\n\n<div class=\"wp-block-column is-layout-flow wp-block-column-is-layout-flow\">\n<figure class=\"wp-block-image size-full\"><img decoding=\"async\" width=\"640\" height=\"640\" data-src=\"https:\/\/lirolight.com\/wp-content\/uploads\/2025\/06\/44_\u526f\u672c.png\" alt=\"\" class=\"wp-image-7558 lazyload\" data-srcset=\"https:\/\/lirolight.com\/wp-content\/uploads\/2025\/06\/44_\u526f\u672c.png 640w, https:\/\/lirolight.com\/wp-content\/uploads\/2025\/06\/44_\u526f\u672c-300x300.png 300w, https:\/\/lirolight.com\/wp-content\/uploads\/2025\/06\/44_\u526f\u672c-150x150.png 150w, https:\/\/lirolight.com\/wp-content\/uploads\/2025\/06\/44_\u526f\u672c-12x12.png 12w, https:\/\/lirolight.com\/wp-content\/uploads\/2025\/06\/44_\u526f\u672c-441x441.png 441w, https:\/\/lirolight.com\/wp-content\/uploads\/2025\/06\/44_\u526f\u672c-100x100.png 100w, https:\/\/lirolight.com\/wp-content\/uploads\/2025\/06\/44_\u526f\u672c-500x500.png 500w, https:\/\/lirolight.com\/wp-content\/uploads\/2025\/06\/44_\u526f\u672c-40x40.png 40w\" data-sizes=\"(max-width: 640px) 100vw, 640px\" src=\"data:image\/gif;base64,R0lGODlhAQABAAAAACH5BAEKAAEALAAAAAABAAEAAAICTAEAOw==\" style=\"--smush-placeholder-width: 640px; --smush-placeholder-aspect-ratio: 640\/640;\" \/><noscript><img decoding=\"async\" width=\"640\" height=\"640\" src=\"https:\/\/lirolight.com\/wp-content\/uploads\/2025\/06\/44_\u526f\u672c.png\" alt=\"\" class=\"wp-image-7558\" srcset=\"https:\/\/lirolight.com\/wp-content\/uploads\/2025\/06\/44_\u526f\u672c.png 640w, https:\/\/lirolight.com\/wp-content\/uploads\/2025\/06\/44_\u526f\u672c-300x300.png 300w, https:\/\/lirolight.com\/wp-content\/uploads\/2025\/06\/44_\u526f\u672c-150x150.png 150w, https:\/\/lirolight.com\/wp-content\/uploads\/2025\/06\/44_\u526f\u672c-12x12.png 12w, https:\/\/lirolight.com\/wp-content\/uploads\/2025\/06\/44_\u526f\u672c-441x441.png 441w, https:\/\/lirolight.com\/wp-content\/uploads\/2025\/06\/44_\u526f\u672c-100x100.png 100w, https:\/\/lirolight.com\/wp-content\/uploads\/2025\/06\/44_\u526f\u672c-500x500.png 500w, https:\/\/lirolight.com\/wp-content\/uploads\/2025\/06\/44_\u526f\u672c-40x40.png 40w\" sizes=\"(max-width: 640px) 100vw, 640px\" \/><\/noscript><\/figure>\n<\/div>\n<\/div>\n\n\n\n<h2 class=\"wp-block-heading\">Especificaci\u00f3n:<\/h2>\n\n\n\n<ul class=\"wp-block-list\">\n<li>19*15W RGBW 4 en 1 LED Tyshine<\/li>\n\n\n\n<li>\u00c1ngulo de zoom: 4-60\u00b0<\/li>\n\n\n\n<li>Temperatura de color\uff1a2500K-8000K<\/li>\n\n\n\n<li>Pan\/Tilt: 540\/270\u00b0<\/li>\n\n\n\n<li>Modo de control: DMX512, maestro\/esclavo, modo autom\u00e1tico<\/li>\n\n\n\n<li>Peso neto: 15 kg<\/li>\n\n\n\n<li>Caja de cart\u00f3n (1 en 1):<\/li>\n\n\n\n<li>Tama\u00f1o: 59\u00d751\u00d742cm<\/li>\n\n\n\n<li>Tensi\u00f3n:AC110-240V 50\/60 Hz<\/li>\n\n\n\n<li>Consumo: 480 W<\/li>\n\n\n\n<li>Entrada y salida XLR: 3 y 5 contactos<\/li>\n<\/ul>\n\n\n\n<h2 class=\"wp-block-heading\">Par\u00e1metros:<\/h2>\n\n\n\n<figure class=\"wp-block-table\"><table class=\"has-fixed-layout\"><tbody><tr><td>Amplio voltaje<\/td><td>AC100-240V,50\/60Hz<\/td><\/tr><tr><td>Fuente<\/td><td>LED19*15W Brillo RGBW LED Tyshine<\/td><\/tr><tr><td>LED<\/td><td>Control LED individual<\/td><\/tr><tr><td>Efecto<\/td><td>Lente giratoria,Con efectos \"v\u00f3rtice\" y \"caleidoscopio<\/td><\/tr><tr><td>Temperatura de color<\/td><td>2500K-8000K<\/td><\/tr><tr><td>Regulador de intensidad<\/td><td>4 Curvas de atenuaci\u00f3n Liner<\/td><\/tr><tr><td>Sistema de refrigeraci\u00f3n<\/td><td>Ventilador de velocidad autom\u00e1tica de temperatura,Ventiladores silenciosos<\/td><\/tr><tr><td>Canal<\/td><td>21\/35\/78\/92\/97<\/td><\/tr><tr><td>\u00c1ngulo de zoom de lavado<\/td><td>4-60 grados<\/td><\/tr><tr><td>Sistema de mezcla de colores<\/td><td>sistema de mezcla lineal RGBW+CMY<\/td><\/tr><\/tbody><\/table><\/figure>\n\n\n\n<h2 class=\"wp-block-heading\">Hora del espect\u00e1culo.<\/h2>\n\n\n\n<figure class=\"wp-block-image size-large\"><img loading=\"lazy\" decoding=\"async\" width=\"1024\" height=\"682\" data-src=\"https:\/\/lirolight.com\/wp-content\/uploads\/2025\/06\/0\u4e07\u82b1\u7b52\u6548\u679c-1024x682.jpg\" alt=\"\" class=\"wp-image-7503 lazyload\" data-srcset=\"https:\/\/lirolight.com\/wp-content\/uploads\/2025\/06\/0\u4e07\u82b1\u7b52\u6548\u679c-1024x682.jpg 1024w, https:\/\/lirolight.com\/wp-content\/uploads\/2025\/06\/0\u4e07\u82b1\u7b52\u6548\u679c-300x200.jpg 300w, https:\/\/lirolight.com\/wp-content\/uploads\/2025\/06\/0\u4e07\u82b1\u7b52\u6548\u679c-768x512.jpg 768w, https:\/\/lirolight.com\/wp-content\/uploads\/2025\/06\/0\u4e07\u82b1\u7b52\u6548\u679c-1536x1023.jpg 1536w, https:\/\/lirolight.com\/wp-content\/uploads\/2025\/06\/0\u4e07\u82b1\u7b52\u6548\u679c-18x12.jpg 18w, https:\/\/lirolight.com\/wp-content\/uploads\/2025\/06\/0\u4e07\u82b1\u7b52\u6548\u679c-990x659.jpg 990w, https:\/\/lirolight.com\/wp-content\/uploads\/2025\/06\/0\u4e07\u82b1\u7b52\u6548\u679c-441x294.jpg 441w, https:\/\/lirolight.com\/wp-content\/uploads\/2025\/06\/0\u4e07\u82b1\u7b52\u6548\u679c-800x533.jpg 800w, https:\/\/lirolight.com\/wp-content\/uploads\/2025\/06\/0\u4e07\u82b1\u7b52\u6548\u679c-150x100.jpg 150w, https:\/\/lirolight.com\/wp-content\/uploads\/2025\/06\/0\u4e07\u82b1\u7b52\u6548\u679c-500x333.jpg 500w, https:\/\/lirolight.com\/wp-content\/uploads\/2025\/06\/0\u4e07\u82b1\u7b52\u6548\u679c-60x40.jpg 60w, https:\/\/lirolight.com\/wp-content\/uploads\/2025\/06\/0\u4e07\u82b1\u7b52\u6548\u679c.jpg 2048w\" data-sizes=\"(max-width: 1024px) 100vw, 1024px\" src=\"data:image\/gif;base64,R0lGODlhAQABAAAAACH5BAEKAAEALAAAAAABAAEAAAICTAEAOw==\" style=\"--smush-placeholder-width: 1024px; --smush-placeholder-aspect-ratio: 1024\/682;\" \/><noscript><img loading=\"lazy\" decoding=\"async\" width=\"1024\" height=\"682\" src=\"https:\/\/lirolight.com\/wp-content\/uploads\/2025\/06\/0\u4e07\u82b1\u7b52\u6548\u679c-1024x682.jpg\" alt=\"\" class=\"wp-image-7503\" srcset=\"https:\/\/lirolight.com\/wp-content\/uploads\/2025\/06\/0\u4e07\u82b1\u7b52\u6548\u679c-1024x682.jpg 1024w, https:\/\/lirolight.com\/wp-content\/uploads\/2025\/06\/0\u4e07\u82b1\u7b52\u6548\u679c-300x200.jpg 300w, https:\/\/lirolight.com\/wp-content\/uploads\/2025\/06\/0\u4e07\u82b1\u7b52\u6548\u679c-768x512.jpg 768w, https:\/\/lirolight.com\/wp-content\/uploads\/2025\/06\/0\u4e07\u82b1\u7b52\u6548\u679c-1536x1023.jpg 1536w, https:\/\/lirolight.com\/wp-content\/uploads\/2025\/06\/0\u4e07\u82b1\u7b52\u6548\u679c-18x12.jpg 18w, https:\/\/lirolight.com\/wp-content\/uploads\/2025\/06\/0\u4e07\u82b1\u7b52\u6548\u679c-990x659.jpg 990w, https:\/\/lirolight.com\/wp-content\/uploads\/2025\/06\/0\u4e07\u82b1\u7b52\u6548\u679c-441x294.jpg 441w, https:\/\/lirolight.com\/wp-content\/uploads\/2025\/06\/0\u4e07\u82b1\u7b52\u6548\u679c-800x533.jpg 800w, https:\/\/lirolight.com\/wp-content\/uploads\/2025\/06\/0\u4e07\u82b1\u7b52\u6548\u679c-150x100.jpg 150w, https:\/\/lirolight.com\/wp-content\/uploads\/2025\/06\/0\u4e07\u82b1\u7b52\u6548\u679c-500x333.jpg 500w, https:\/\/lirolight.com\/wp-content\/uploads\/2025\/06\/0\u4e07\u82b1\u7b52\u6548\u679c-60x40.jpg 60w, https:\/\/lirolight.com\/wp-content\/uploads\/2025\/06\/0\u4e07\u82b1\u7b52\u6548\u679c.jpg 2048w\" sizes=\"(max-width: 1024px) 100vw, 1024px\" \/><\/noscript><\/figure>\n\n\n\n<figure class=\"wp-block-image size-full is-resized\"><img loading=\"lazy\" decoding=\"async\" width=\"600\" height=\"600\" data-src=\"https:\/\/lirolight.com\/wp-content\/uploads\/2025\/06\/44444.png\" alt=\"\" class=\"wp-image-7560 lazyload\" style=\"--smush-placeholder-width: 600px; --smush-placeholder-aspect-ratio: 600\/600;width:900px;height:auto\" data-srcset=\"https:\/\/lirolight.com\/wp-content\/uploads\/2025\/06\/44444.png 600w, https:\/\/lirolight.com\/wp-content\/uploads\/2025\/06\/44444-300x300.png 300w, https:\/\/lirolight.com\/wp-content\/uploads\/2025\/06\/44444-150x150.png 150w, https:\/\/lirolight.com\/wp-content\/uploads\/2025\/06\/44444-12x12.png 12w, https:\/\/lirolight.com\/wp-content\/uploads\/2025\/06\/44444-441x441.png 441w, https:\/\/lirolight.com\/wp-content\/uploads\/2025\/06\/44444-100x100.png 100w, https:\/\/lirolight.com\/wp-content\/uploads\/2025\/06\/44444-500x500.png 500w, https:\/\/lirolight.com\/wp-content\/uploads\/2025\/06\/44444-40x40.png 40w\" data-sizes=\"(max-width: 600px) 100vw, 600px\" src=\"data:image\/gif;base64,R0lGODlhAQABAAAAACH5BAEKAAEALAAAAAABAAEAAAICTAEAOw==\" \/><noscript><img loading=\"lazy\" decoding=\"async\" width=\"600\" height=\"600\" src=\"https:\/\/lirolight.com\/wp-content\/uploads\/2025\/06\/44444.png\" alt=\"\" class=\"wp-image-7560\" style=\"width:900px;height:auto\" srcset=\"https:\/\/lirolight.com\/wp-content\/uploads\/2025\/06\/44444.png 600w, https:\/\/lirolight.com\/wp-content\/uploads\/2025\/06\/44444-300x300.png 300w, https:\/\/lirolight.com\/wp-content\/uploads\/2025\/06\/44444-150x150.png 150w, https:\/\/lirolight.com\/wp-content\/uploads\/2025\/06\/44444-12x12.png 12w, https:\/\/lirolight.com\/wp-content\/uploads\/2025\/06\/44444-441x441.png 441w, https:\/\/lirolight.com\/wp-content\/uploads\/2025\/06\/44444-100x100.png 100w, https:\/\/lirolight.com\/wp-content\/uploads\/2025\/06\/44444-500x500.png 500w, https:\/\/lirolight.com\/wp-content\/uploads\/2025\/06\/44444-40x40.png 40w\" sizes=\"(max-width: 600px) 100vw, 600px\" \/><\/noscript><\/figure>\n\n\n\n<figure class=\"wp-block-image size-large is-resized\"><img loading=\"lazy\" decoding=\"async\" width=\"776\" height=\"1024\" data-src=\"https:\/\/lirolight.com\/wp-content\/uploads\/2025\/06\/x7-e1749808164643-776x1024.jpg\" alt=\"\" class=\"wp-image-7562 lazyload\" style=\"--smush-placeholder-width: 776px; --smush-placeholder-aspect-ratio: 776\/1024;width:900px;height:auto\" data-srcset=\"https:\/\/lirolight.com\/wp-content\/uploads\/2025\/06\/x7-e1749808164643-776x1024.jpg 776w, https:\/\/lirolight.com\/wp-content\/uploads\/2025\/06\/x7-e1749808164643-227x300.jpg 227w, https:\/\/lirolight.com\/wp-content\/uploads\/2025\/06\/x7-e1749808164643-768x1014.jpg 768w, https:\/\/lirolight.com\/wp-content\/uploads\/2025\/06\/x7-e1749808164643-1163x1536.jpg 1163w, https:\/\/lirolight.com\/wp-content\/uploads\/2025\/06\/x7-e1749808164643-9x12.jpg 9w, https:\/\/lirolight.com\/wp-content\/uploads\/2025\/06\/x7-e1749808164643-990x1307.jpg 990w, https:\/\/lirolight.com\/wp-content\/uploads\/2025\/06\/x7-e1749808164643-441x582.jpg 441w, https:\/\/lirolight.com\/wp-content\/uploads\/2025\/06\/x7-e1749808164643-300x396.jpg 300w, https:\/\/lirolight.com\/wp-content\/uploads\/2025\/06\/x7-e1749808164643-800x1056.jpg 800w, https:\/\/lirolight.com\/wp-content\/uploads\/2025\/06\/x7-e1749808164643-150x198.jpg 150w, https:\/\/lirolight.com\/wp-content\/uploads\/2025\/06\/x7-e1749808164643-30x40.jpg 30w, https:\/\/lirolight.com\/wp-content\/uploads\/2025\/06\/x7-e1749808164643.jpg 1474w\" data-sizes=\"(max-width: 776px) 100vw, 776px\" src=\"data:image\/gif;base64,R0lGODlhAQABAAAAACH5BAEKAAEALAAAAAABAAEAAAICTAEAOw==\" \/><noscript><img loading=\"lazy\" decoding=\"async\" width=\"776\" height=\"1024\" src=\"https:\/\/lirolight.com\/wp-content\/uploads\/2025\/06\/x7-e1749808164643-776x1024.jpg\" alt=\"\" class=\"wp-image-7562\" style=\"width:900px;height:auto\" srcset=\"https:\/\/lirolight.com\/wp-content\/uploads\/2025\/06\/x7-e1749808164643-776x1024.jpg 776w, https:\/\/lirolight.com\/wp-content\/uploads\/2025\/06\/x7-e1749808164643-227x300.jpg 227w, https:\/\/lirolight.com\/wp-content\/uploads\/2025\/06\/x7-e1749808164643-768x1014.jpg 768w, https:\/\/lirolight.com\/wp-content\/uploads\/2025\/06\/x7-e1749808164643-1163x1536.jpg 1163w, https:\/\/lirolight.com\/wp-content\/uploads\/2025\/06\/x7-e1749808164643-9x12.jpg 9w, https:\/\/lirolight.com\/wp-content\/uploads\/2025\/06\/x7-e1749808164643-990x1307.jpg 990w, https:\/\/lirolight.com\/wp-content\/uploads\/2025\/06\/x7-e1749808164643-441x582.jpg 441w, https:\/\/lirolight.com\/wp-content\/uploads\/2025\/06\/x7-e1749808164643-300x396.jpg 300w, https:\/\/lirolight.com\/wp-content\/uploads\/2025\/06\/x7-e1749808164643-800x1056.jpg 800w, https:\/\/lirolight.com\/wp-content\/uploads\/2025\/06\/x7-e1749808164643-150x198.jpg 150w, https:\/\/lirolight.com\/wp-content\/uploads\/2025\/06\/x7-e1749808164643-30x40.jpg 30w, https:\/\/lirolight.com\/wp-content\/uploads\/2025\/06\/x7-e1749808164643.jpg 1474w\" sizes=\"(max-width: 776px) 100vw, 776px\" \/><\/noscript><\/figure>","protected":false},"excerpt":{"rendered":"<p>El Big B-EYE K10 1915 es un potente foco Led wash moving head con 19*15W LEDs RGBW, Su zoom oscila entre 4\u00b0 y 60\u00b0.La lente frontal puede girar,Con ventiladores silenciosos de velocidad autom\u00e1tica,y tiene efectos din\u00e1micos como \"vortex\" y \"caleidoscopio\".Adecuado tanto para entornos con techos bajos (peque\u00f1os teatros y estudios de TV, por ejemplo),como para espect\u00e1culos en estadios o grandes entornos.<\/p>","protected":false},"featured_media":7556,"comment_status":"open","ping_status":"closed","template":"","meta":[],"product_brand":[],"product_cat":[54],"product_tag":[73],"class_list":{"0":"post-7555","1":"product","2":"type-product","3":"status-publish","4":"has-post-thumbnail","6":"product_cat-wash-moving-head-light","7":"product_tag-wash","9":"first","10":"instock","11":"shipping-taxable","12":"product-type-simple"},"_links":{"self":[{"href":"https:\/\/lirolight.com\/es\/wp-json\/wp\/v2\/product\/7555","targetHints":{"allow":["GET"]}}],"collection":[{"href":"https:\/\/lirolight.com\/es\/wp-json\/wp\/v2\/product"}],"about":[{"href":"https:\/\/lirolight.com\/es\/wp-json\/wp\/v2\/types\/product"}],"replies":[{"embeddable":true,"href":"https:\/\/lirolight.com\/es\/wp-json\/wp\/v2\/comments?post=7555"}],"version-history":[{"count":4,"href":"https:\/\/lirolight.com\/es\/wp-json\/wp\/v2\/product\/7555\/revisions"}],"predecessor-version":[{"id":10562,"href":"https:\/\/lirolight.com\/es\/wp-json\/wp\/v2\/product\/7555\/revisions\/10562"}],"wp:featuredmedia":[{"embeddable":true,"href":"https:\/\/lirolight.com\/es\/wp-json\/wp\/v2\/media\/7556"}],"wp:attachment":[{"href":"https:\/\/lirolight.com\/es\/wp-json\/wp\/v2\/media?parent=7555"}],"wp:term":[{"taxonomy":"product_brand","embeddable":true,"href":"https:\/\/lirolight.com\/es\/wp-json\/wp\/v2\/product_brand?post=7555"},{"taxonomy":"product_cat","embeddable":true,"href":"https:\/\/lirolight.com\/es\/wp-json\/wp\/v2\/product_cat?post=7555"},{"taxonomy":"product_tag","embeddable":true,"href":"https:\/\/lirolight.com\/es\/wp-json\/wp\/v2\/product_tag?post=7555"}],"curies":[{"name":"wp","href":"https:\/\/api.w.org\/{rel}","templated":true}]}}