{"id":8000,"date":"2025-07-08T07:23:11","date_gmt":"2025-07-08T07:23:11","guid":{"rendered":"https:\/\/lirolight.com\/?post_type=product&#038;p=8000"},"modified":"2026-01-14T02:55:52","modified_gmt":"2026-01-14T02:55:52","slug":"waterproof-led-strobe-400w-dmx-rgb-stroboscoposcopic-stage-night-club-disco-wholesale-for-dj-party-event","status":"publish","type":"product","link":"https:\/\/lirolight.com\/es\/producto\/waterproof-led-strobe-400w-dmx-rgb-stroboscoposcopic-stage-night-club-disco-wholesale-for-dj-party-event\/","title":{"rendered":"LiRO-LITE Estroboscopio Led Estanco 400W DMX RGB Estroboscopios Escenario Night Club Disco Venta al por mayor para Dj Fiesta Evento"},"content":{"rendered":"<h2 class=\"wp-block-heading\"><strong><mark style=\"background-color:#000000\" class=\"has-inline-color has-white-color\">LR-IP M STROBE<\/mark><\/strong><\/h2>\n\n\n\n<hr class=\"wp-block-separator has-alpha-channel-opacity\"\/>\n\n\n\n<h2 class=\"wp-block-heading\">Fotos:<\/h2>\n\n\n\n<div class=\"wp-block-columns is-layout-flex wp-container-core-columns-is-layout-28f84493 wp-block-columns-is-layout-flex\">\n<div class=\"wp-block-column is-layout-flow wp-block-column-is-layout-flow\">\n<figure class=\"wp-block-image size-large\"><img fetchpriority=\"high\" decoding=\"async\" width=\"1024\" height=\"709\" src=\"https:\/\/lirolight.com\/wp-content\/uploads\/2025\/07\/a75fde51a2f8137e4db31eef870b265-1024x709.png\" alt=\"\" class=\"wp-image-8078\" srcset=\"https:\/\/lirolight.com\/wp-content\/uploads\/2025\/07\/a75fde51a2f8137e4db31eef870b265-1024x709.png 1024w, https:\/\/lirolight.com\/wp-content\/uploads\/2025\/07\/a75fde51a2f8137e4db31eef870b265-300x208.png 300w, https:\/\/lirolight.com\/wp-content\/uploads\/2025\/07\/a75fde51a2f8137e4db31eef870b265-768x532.png 768w, https:\/\/lirolight.com\/wp-content\/uploads\/2025\/07\/a75fde51a2f8137e4db31eef870b265-18x12.png 18w, https:\/\/lirolight.com\/wp-content\/uploads\/2025\/07\/a75fde51a2f8137e4db31eef870b265-990x686.png 990w, https:\/\/lirolight.com\/wp-content\/uploads\/2025\/07\/a75fde51a2f8137e4db31eef870b265-441x305.png 441w, https:\/\/lirolight.com\/wp-content\/uploads\/2025\/07\/a75fde51a2f8137e4db31eef870b265-800x554.png 800w, https:\/\/lirolight.com\/wp-content\/uploads\/2025\/07\/a75fde51a2f8137e4db31eef870b265-150x104.png 150w, https:\/\/lirolight.com\/wp-content\/uploads\/2025\/07\/a75fde51a2f8137e4db31eef870b265-500x346.png 500w, https:\/\/lirolight.com\/wp-content\/uploads\/2025\/07\/a75fde51a2f8137e4db31eef870b265-58x40.png 58w, https:\/\/lirolight.com\/wp-content\/uploads\/2025\/07\/a75fde51a2f8137e4db31eef870b265.png 1444w\" sizes=\"(max-width: 1024px) 100vw, 1024px\" \/><\/figure>\n<\/div>\n<\/div>\n\n\n\n<div class=\"wp-block-columns is-layout-flex wp-container-core-columns-is-layout-28f84493 wp-block-columns-is-layout-flex\">\n<div class=\"wp-block-column is-layout-flow wp-block-column-is-layout-flow\">\n<figure class=\"wp-block-image size-large\"><img decoding=\"async\" width=\"1024\" height=\"1024\" data-src=\"https:\/\/lirolight.com\/wp-content\/uploads\/2025\/07\/\u767d4-1024x1024.png\" alt=\"\" class=\"wp-image-8079 lazyload\" data-srcset=\"https:\/\/lirolight.com\/wp-content\/uploads\/2025\/07\/\u767d4-1024x1024.png 1024w, https:\/\/lirolight.com\/wp-content\/uploads\/2025\/07\/\u767d4-300x300.png 300w, https:\/\/lirolight.com\/wp-content\/uploads\/2025\/07\/\u767d4-150x150.png 150w, https:\/\/lirolight.com\/wp-content\/uploads\/2025\/07\/\u767d4-768x768.png 768w, https:\/\/lirolight.com\/wp-content\/uploads\/2025\/07\/\u767d4-1536x1536.png 1536w, https:\/\/lirolight.com\/wp-content\/uploads\/2025\/07\/\u767d4-12x12.png 12w, https:\/\/lirolight.com\/wp-content\/uploads\/2025\/07\/\u767d4-990x990.png 990w, https:\/\/lirolight.com\/wp-content\/uploads\/2025\/07\/\u767d4-441x441.png 441w, https:\/\/lirolight.com\/wp-content\/uploads\/2025\/07\/\u767d4-100x100.png 100w, https:\/\/lirolight.com\/wp-content\/uploads\/2025\/07\/\u767d4-800x800.png 800w, https:\/\/lirolight.com\/wp-content\/uploads\/2025\/07\/\u767d4-500x500.png 500w, https:\/\/lirolight.com\/wp-content\/uploads\/2025\/07\/\u767d4-40x40.png 40w, https:\/\/lirolight.com\/wp-content\/uploads\/2025\/07\/\u767d4.png 2000w\" data-sizes=\"(max-width: 1024px) 100vw, 1024px\" src=\"data:image\/gif;base64,R0lGODlhAQABAAAAACH5BAEKAAEALAAAAAABAAEAAAICTAEAOw==\" style=\"--smush-placeholder-width: 1024px; --smush-placeholder-aspect-ratio: 1024\/1024;\" \/><noscript><img decoding=\"async\" width=\"1024\" height=\"1024\" src=\"https:\/\/lirolight.com\/wp-content\/uploads\/2025\/07\/\u767d4-1024x1024.png\" alt=\"\" class=\"wp-image-8079\" srcset=\"https:\/\/lirolight.com\/wp-content\/uploads\/2025\/07\/\u767d4-1024x1024.png 1024w, https:\/\/lirolight.com\/wp-content\/uploads\/2025\/07\/\u767d4-300x300.png 300w, https:\/\/lirolight.com\/wp-content\/uploads\/2025\/07\/\u767d4-150x150.png 150w, https:\/\/lirolight.com\/wp-content\/uploads\/2025\/07\/\u767d4-768x768.png 768w, https:\/\/lirolight.com\/wp-content\/uploads\/2025\/07\/\u767d4-1536x1536.png 1536w, https:\/\/lirolight.com\/wp-content\/uploads\/2025\/07\/\u767d4-12x12.png 12w, https:\/\/lirolight.com\/wp-content\/uploads\/2025\/07\/\u767d4-990x990.png 990w, https:\/\/lirolight.com\/wp-content\/uploads\/2025\/07\/\u767d4-441x441.png 441w, https:\/\/lirolight.com\/wp-content\/uploads\/2025\/07\/\u767d4-100x100.png 100w, https:\/\/lirolight.com\/wp-content\/uploads\/2025\/07\/\u767d4-800x800.png 800w, https:\/\/lirolight.com\/wp-content\/uploads\/2025\/07\/\u767d4-500x500.png 500w, https:\/\/lirolight.com\/wp-content\/uploads\/2025\/07\/\u767d4-40x40.png 40w, https:\/\/lirolight.com\/wp-content\/uploads\/2025\/07\/\u767d4.png 2000w\" sizes=\"(max-width: 1024px) 100vw, 1024px\" \/><\/noscript><\/figure>\n<\/div>\n\n\n\n<div class=\"wp-block-column is-layout-flow wp-block-column-is-layout-flow\">\n<figure class=\"wp-block-image size-large\"><img decoding=\"async\" width=\"1024\" height=\"1024\" data-src=\"https:\/\/lirolight.com\/wp-content\/uploads\/2025\/07\/\u767d1-1024x1024.png\" alt=\"\" class=\"wp-image-8080 lazyload\" data-srcset=\"https:\/\/lirolight.com\/wp-content\/uploads\/2025\/07\/\u767d1-1024x1024.png 1024w, https:\/\/lirolight.com\/wp-content\/uploads\/2025\/07\/\u767d1-300x300.png 300w, https:\/\/lirolight.com\/wp-content\/uploads\/2025\/07\/\u767d1-150x150.png 150w, https:\/\/lirolight.com\/wp-content\/uploads\/2025\/07\/\u767d1-768x768.png 768w, https:\/\/lirolight.com\/wp-content\/uploads\/2025\/07\/\u767d1-1536x1536.png 1536w, https:\/\/lirolight.com\/wp-content\/uploads\/2025\/07\/\u767d1-12x12.png 12w, https:\/\/lirolight.com\/wp-content\/uploads\/2025\/07\/\u767d1-990x990.png 990w, https:\/\/lirolight.com\/wp-content\/uploads\/2025\/07\/\u767d1-441x441.png 441w, https:\/\/lirolight.com\/wp-content\/uploads\/2025\/07\/\u767d1-100x100.png 100w, https:\/\/lirolight.com\/wp-content\/uploads\/2025\/07\/\u767d1-800x800.png 800w, https:\/\/lirolight.com\/wp-content\/uploads\/2025\/07\/\u767d1-500x500.png 500w, https:\/\/lirolight.com\/wp-content\/uploads\/2025\/07\/\u767d1-40x40.png 40w, https:\/\/lirolight.com\/wp-content\/uploads\/2025\/07\/\u767d1.png 2000w\" data-sizes=\"(max-width: 1024px) 100vw, 1024px\" src=\"data:image\/gif;base64,R0lGODlhAQABAAAAACH5BAEKAAEALAAAAAABAAEAAAICTAEAOw==\" style=\"--smush-placeholder-width: 1024px; --smush-placeholder-aspect-ratio: 1024\/1024;\" \/><noscript><img decoding=\"async\" width=\"1024\" height=\"1024\" src=\"https:\/\/lirolight.com\/wp-content\/uploads\/2025\/07\/\u767d1-1024x1024.png\" alt=\"\" class=\"wp-image-8080\" srcset=\"https:\/\/lirolight.com\/wp-content\/uploads\/2025\/07\/\u767d1-1024x1024.png 1024w, https:\/\/lirolight.com\/wp-content\/uploads\/2025\/07\/\u767d1-300x300.png 300w, https:\/\/lirolight.com\/wp-content\/uploads\/2025\/07\/\u767d1-150x150.png 150w, https:\/\/lirolight.com\/wp-content\/uploads\/2025\/07\/\u767d1-768x768.png 768w, https:\/\/lirolight.com\/wp-content\/uploads\/2025\/07\/\u767d1-1536x1536.png 1536w, https:\/\/lirolight.com\/wp-content\/uploads\/2025\/07\/\u767d1-12x12.png 12w, https:\/\/lirolight.com\/wp-content\/uploads\/2025\/07\/\u767d1-990x990.png 990w, https:\/\/lirolight.com\/wp-content\/uploads\/2025\/07\/\u767d1-441x441.png 441w, https:\/\/lirolight.com\/wp-content\/uploads\/2025\/07\/\u767d1-100x100.png 100w, https:\/\/lirolight.com\/wp-content\/uploads\/2025\/07\/\u767d1-800x800.png 800w, https:\/\/lirolight.com\/wp-content\/uploads\/2025\/07\/\u767d1-500x500.png 500w, https:\/\/lirolight.com\/wp-content\/uploads\/2025\/07\/\u767d1-40x40.png 40w, https:\/\/lirolight.com\/wp-content\/uploads\/2025\/07\/\u767d1.png 2000w\" sizes=\"(max-width: 1024px) 100vw, 1024px\" \/><\/noscript><\/figure>\n<\/div>\n<\/div>\n\n\n\n<div class=\"wp-block-columns is-layout-flex wp-container-core-columns-is-layout-28f84493 wp-block-columns-is-layout-flex\">\n<div class=\"wp-block-column is-layout-flow wp-block-column-is-layout-flow\">\n<div class=\"wp-block-columns is-layout-flex wp-container-core-columns-is-layout-28f84493 wp-block-columns-is-layout-flex\">\n<div class=\"wp-block-column is-layout-flow wp-block-column-is-layout-flow\">\n<div class=\"wp-block-columns is-layout-flex wp-container-core-columns-is-layout-28f84493 wp-block-columns-is-layout-flex\">\n<div class=\"wp-block-column is-layout-flow wp-block-column-is-layout-flow\">\n<figure class=\"wp-block-image size-large\"><img loading=\"lazy\" decoding=\"async\" width=\"1024\" height=\"1024\" data-src=\"https:\/\/lirolight.com\/wp-content\/uploads\/2025\/07\/\u767d5-1024x1024.png\" alt=\"\" class=\"wp-image-8081 lazyload\" data-srcset=\"https:\/\/lirolight.com\/wp-content\/uploads\/2025\/07\/\u767d5-1024x1024.png 1024w, https:\/\/lirolight.com\/wp-content\/uploads\/2025\/07\/\u767d5-300x300.png 300w, https:\/\/lirolight.com\/wp-content\/uploads\/2025\/07\/\u767d5-150x150.png 150w, https:\/\/lirolight.com\/wp-content\/uploads\/2025\/07\/\u767d5-768x768.png 768w, https:\/\/lirolight.com\/wp-content\/uploads\/2025\/07\/\u767d5-1536x1536.png 1536w, https:\/\/lirolight.com\/wp-content\/uploads\/2025\/07\/\u767d5-12x12.png 12w, https:\/\/lirolight.com\/wp-content\/uploads\/2025\/07\/\u767d5-990x990.png 990w, https:\/\/lirolight.com\/wp-content\/uploads\/2025\/07\/\u767d5-441x441.png 441w, https:\/\/lirolight.com\/wp-content\/uploads\/2025\/07\/\u767d5-100x100.png 100w, https:\/\/lirolight.com\/wp-content\/uploads\/2025\/07\/\u767d5-800x800.png 800w, https:\/\/lirolight.com\/wp-content\/uploads\/2025\/07\/\u767d5-500x500.png 500w, https:\/\/lirolight.com\/wp-content\/uploads\/2025\/07\/\u767d5-40x40.png 40w, https:\/\/lirolight.com\/wp-content\/uploads\/2025\/07\/\u767d5.png 2000w\" data-sizes=\"(max-width: 1024px) 100vw, 1024px\" src=\"data:image\/gif;base64,R0lGODlhAQABAAAAACH5BAEKAAEALAAAAAABAAEAAAICTAEAOw==\" style=\"--smush-placeholder-width: 1024px; --smush-placeholder-aspect-ratio: 1024\/1024;\" \/><noscript><img loading=\"lazy\" decoding=\"async\" width=\"1024\" height=\"1024\" src=\"https:\/\/lirolight.com\/wp-content\/uploads\/2025\/07\/\u767d5-1024x1024.png\" alt=\"\" class=\"wp-image-8081\" srcset=\"https:\/\/lirolight.com\/wp-content\/uploads\/2025\/07\/\u767d5-1024x1024.png 1024w, https:\/\/lirolight.com\/wp-content\/uploads\/2025\/07\/\u767d5-300x300.png 300w, https:\/\/lirolight.com\/wp-content\/uploads\/2025\/07\/\u767d5-150x150.png 150w, https:\/\/lirolight.com\/wp-content\/uploads\/2025\/07\/\u767d5-768x768.png 768w, https:\/\/lirolight.com\/wp-content\/uploads\/2025\/07\/\u767d5-1536x1536.png 1536w, https:\/\/lirolight.com\/wp-content\/uploads\/2025\/07\/\u767d5-12x12.png 12w, https:\/\/lirolight.com\/wp-content\/uploads\/2025\/07\/\u767d5-990x990.png 990w, https:\/\/lirolight.com\/wp-content\/uploads\/2025\/07\/\u767d5-441x441.png 441w, https:\/\/lirolight.com\/wp-content\/uploads\/2025\/07\/\u767d5-100x100.png 100w, https:\/\/lirolight.com\/wp-content\/uploads\/2025\/07\/\u767d5-800x800.png 800w, https:\/\/lirolight.com\/wp-content\/uploads\/2025\/07\/\u767d5-500x500.png 500w, https:\/\/lirolight.com\/wp-content\/uploads\/2025\/07\/\u767d5-40x40.png 40w, https:\/\/lirolight.com\/wp-content\/uploads\/2025\/07\/\u767d5.png 2000w\" sizes=\"(max-width: 1024px) 100vw, 1024px\" \/><\/noscript><\/figure>\n<\/div>\n\n\n\n<div class=\"wp-block-column is-layout-flow wp-block-column-is-layout-flow\">\n<figure class=\"wp-block-image size-large\"><img loading=\"lazy\" decoding=\"async\" width=\"1024\" height=\"1024\" data-src=\"https:\/\/lirolight.com\/wp-content\/uploads\/2025\/07\/\u767d6-1024x1024.png\" alt=\"\" class=\"wp-image-8082 lazyload\" data-srcset=\"https:\/\/lirolight.com\/wp-content\/uploads\/2025\/07\/\u767d6-1024x1024.png 1024w, https:\/\/lirolight.com\/wp-content\/uploads\/2025\/07\/\u767d6-300x300.png 300w, https:\/\/lirolight.com\/wp-content\/uploads\/2025\/07\/\u767d6-150x150.png 150w, https:\/\/lirolight.com\/wp-content\/uploads\/2025\/07\/\u767d6-768x768.png 768w, https:\/\/lirolight.com\/wp-content\/uploads\/2025\/07\/\u767d6-1536x1536.png 1536w, https:\/\/lirolight.com\/wp-content\/uploads\/2025\/07\/\u767d6-12x12.png 12w, https:\/\/lirolight.com\/wp-content\/uploads\/2025\/07\/\u767d6-990x990.png 990w, https:\/\/lirolight.com\/wp-content\/uploads\/2025\/07\/\u767d6-441x441.png 441w, https:\/\/lirolight.com\/wp-content\/uploads\/2025\/07\/\u767d6-100x100.png 100w, https:\/\/lirolight.com\/wp-content\/uploads\/2025\/07\/\u767d6-800x800.png 800w, https:\/\/lirolight.com\/wp-content\/uploads\/2025\/07\/\u767d6-500x500.png 500w, https:\/\/lirolight.com\/wp-content\/uploads\/2025\/07\/\u767d6-40x40.png 40w, https:\/\/lirolight.com\/wp-content\/uploads\/2025\/07\/\u767d6.png 2000w\" data-sizes=\"(max-width: 1024px) 100vw, 1024px\" src=\"data:image\/gif;base64,R0lGODlhAQABAAAAACH5BAEKAAEALAAAAAABAAEAAAICTAEAOw==\" style=\"--smush-placeholder-width: 1024px; --smush-placeholder-aspect-ratio: 1024\/1024;\" \/><noscript><img loading=\"lazy\" decoding=\"async\" width=\"1024\" height=\"1024\" src=\"https:\/\/lirolight.com\/wp-content\/uploads\/2025\/07\/\u767d6-1024x1024.png\" alt=\"\" class=\"wp-image-8082\" srcset=\"https:\/\/lirolight.com\/wp-content\/uploads\/2025\/07\/\u767d6-1024x1024.png 1024w, https:\/\/lirolight.com\/wp-content\/uploads\/2025\/07\/\u767d6-300x300.png 300w, https:\/\/lirolight.com\/wp-content\/uploads\/2025\/07\/\u767d6-150x150.png 150w, https:\/\/lirolight.com\/wp-content\/uploads\/2025\/07\/\u767d6-768x768.png 768w, https:\/\/lirolight.com\/wp-content\/uploads\/2025\/07\/\u767d6-1536x1536.png 1536w, https:\/\/lirolight.com\/wp-content\/uploads\/2025\/07\/\u767d6-12x12.png 12w, https:\/\/lirolight.com\/wp-content\/uploads\/2025\/07\/\u767d6-990x990.png 990w, https:\/\/lirolight.com\/wp-content\/uploads\/2025\/07\/\u767d6-441x441.png 441w, https:\/\/lirolight.com\/wp-content\/uploads\/2025\/07\/\u767d6-100x100.png 100w, https:\/\/lirolight.com\/wp-content\/uploads\/2025\/07\/\u767d6-800x800.png 800w, https:\/\/lirolight.com\/wp-content\/uploads\/2025\/07\/\u767d6-500x500.png 500w, https:\/\/lirolight.com\/wp-content\/uploads\/2025\/07\/\u767d6-40x40.png 40w, https:\/\/lirolight.com\/wp-content\/uploads\/2025\/07\/\u767d6.png 2000w\" sizes=\"(max-width: 1024px) 100vw, 1024px\" \/><\/noscript><\/figure>\n<\/div>\n\n\n\n<div class=\"wp-block-column is-layout-flow wp-block-column-is-layout-flow\">\n<figure class=\"wp-block-image size-large\"><img loading=\"lazy\" decoding=\"async\" width=\"1024\" height=\"1024\" data-src=\"https:\/\/lirolight.com\/wp-content\/uploads\/2025\/07\/\u767d7-1024x1024.png\" alt=\"\" class=\"wp-image-8083 lazyload\" data-srcset=\"https:\/\/lirolight.com\/wp-content\/uploads\/2025\/07\/\u767d7-1024x1024.png 1024w, https:\/\/lirolight.com\/wp-content\/uploads\/2025\/07\/\u767d7-300x300.png 300w, https:\/\/lirolight.com\/wp-content\/uploads\/2025\/07\/\u767d7-150x150.png 150w, https:\/\/lirolight.com\/wp-content\/uploads\/2025\/07\/\u767d7-768x768.png 768w, https:\/\/lirolight.com\/wp-content\/uploads\/2025\/07\/\u767d7-1536x1536.png 1536w, https:\/\/lirolight.com\/wp-content\/uploads\/2025\/07\/\u767d7-12x12.png 12w, https:\/\/lirolight.com\/wp-content\/uploads\/2025\/07\/\u767d7-990x990.png 990w, https:\/\/lirolight.com\/wp-content\/uploads\/2025\/07\/\u767d7-441x441.png 441w, https:\/\/lirolight.com\/wp-content\/uploads\/2025\/07\/\u767d7-100x100.png 100w, https:\/\/lirolight.com\/wp-content\/uploads\/2025\/07\/\u767d7-800x800.png 800w, https:\/\/lirolight.com\/wp-content\/uploads\/2025\/07\/\u767d7-500x500.png 500w, https:\/\/lirolight.com\/wp-content\/uploads\/2025\/07\/\u767d7-40x40.png 40w, https:\/\/lirolight.com\/wp-content\/uploads\/2025\/07\/\u767d7.png 2000w\" data-sizes=\"(max-width: 1024px) 100vw, 1024px\" src=\"data:image\/gif;base64,R0lGODlhAQABAAAAACH5BAEKAAEALAAAAAABAAEAAAICTAEAOw==\" style=\"--smush-placeholder-width: 1024px; --smush-placeholder-aspect-ratio: 1024\/1024;\" \/><noscript><img loading=\"lazy\" decoding=\"async\" width=\"1024\" height=\"1024\" src=\"https:\/\/lirolight.com\/wp-content\/uploads\/2025\/07\/\u767d7-1024x1024.png\" alt=\"\" class=\"wp-image-8083\" srcset=\"https:\/\/lirolight.com\/wp-content\/uploads\/2025\/07\/\u767d7-1024x1024.png 1024w, https:\/\/lirolight.com\/wp-content\/uploads\/2025\/07\/\u767d7-300x300.png 300w, https:\/\/lirolight.com\/wp-content\/uploads\/2025\/07\/\u767d7-150x150.png 150w, https:\/\/lirolight.com\/wp-content\/uploads\/2025\/07\/\u767d7-768x768.png 768w, https:\/\/lirolight.com\/wp-content\/uploads\/2025\/07\/\u767d7-1536x1536.png 1536w, https:\/\/lirolight.com\/wp-content\/uploads\/2025\/07\/\u767d7-12x12.png 12w, https:\/\/lirolight.com\/wp-content\/uploads\/2025\/07\/\u767d7-990x990.png 990w, https:\/\/lirolight.com\/wp-content\/uploads\/2025\/07\/\u767d7-441x441.png 441w, https:\/\/lirolight.com\/wp-content\/uploads\/2025\/07\/\u767d7-100x100.png 100w, https:\/\/lirolight.com\/wp-content\/uploads\/2025\/07\/\u767d7-800x800.png 800w, https:\/\/lirolight.com\/wp-content\/uploads\/2025\/07\/\u767d7-500x500.png 500w, https:\/\/lirolight.com\/wp-content\/uploads\/2025\/07\/\u767d7-40x40.png 40w, https:\/\/lirolight.com\/wp-content\/uploads\/2025\/07\/\u767d7.png 2000w\" sizes=\"(max-width: 1024px) 100vw, 1024px\" \/><\/noscript><\/figure>\n<\/div>\n<\/div>\n<\/div>\n<\/div>\n<\/div>\n<\/div>\n\n\n\n<h2 class=\"wp-block-heading\">Tama\u00f1o:<\/h2>\n\n\n\n<figure class=\"wp-block-image size-full\"><img loading=\"lazy\" decoding=\"async\" width=\"789\" height=\"390\" data-src=\"https:\/\/lirolight.com\/wp-content\/uploads\/2025\/07\/CAD.png\" alt=\"\" class=\"wp-image-8085 lazyload\" data-srcset=\"https:\/\/lirolight.com\/wp-content\/uploads\/2025\/07\/CAD.png 789w, https:\/\/lirolight.com\/wp-content\/uploads\/2025\/07\/CAD-300x148.png 300w, https:\/\/lirolight.com\/wp-content\/uploads\/2025\/07\/CAD-768x380.png 768w, https:\/\/lirolight.com\/wp-content\/uploads\/2025\/07\/CAD-18x9.png 18w, https:\/\/lirolight.com\/wp-content\/uploads\/2025\/07\/CAD-441x218.png 441w, https:\/\/lirolight.com\/wp-content\/uploads\/2025\/07\/CAD-150x74.png 150w, https:\/\/lirolight.com\/wp-content\/uploads\/2025\/07\/CAD-500x247.png 500w, https:\/\/lirolight.com\/wp-content\/uploads\/2025\/07\/CAD-60x30.png 60w\" data-sizes=\"(max-width: 789px) 100vw, 789px\" src=\"data:image\/gif;base64,R0lGODlhAQABAAAAACH5BAEKAAEALAAAAAABAAEAAAICTAEAOw==\" style=\"--smush-placeholder-width: 789px; --smush-placeholder-aspect-ratio: 789\/390;\" \/><noscript><img loading=\"lazy\" decoding=\"async\" width=\"789\" height=\"390\" src=\"https:\/\/lirolight.com\/wp-content\/uploads\/2025\/07\/CAD.png\" alt=\"\" class=\"wp-image-8085\" srcset=\"https:\/\/lirolight.com\/wp-content\/uploads\/2025\/07\/CAD.png 789w, https:\/\/lirolight.com\/wp-content\/uploads\/2025\/07\/CAD-300x148.png 300w, https:\/\/lirolight.com\/wp-content\/uploads\/2025\/07\/CAD-768x380.png 768w, https:\/\/lirolight.com\/wp-content\/uploads\/2025\/07\/CAD-18x9.png 18w, https:\/\/lirolight.com\/wp-content\/uploads\/2025\/07\/CAD-441x218.png 441w, https:\/\/lirolight.com\/wp-content\/uploads\/2025\/07\/CAD-150x74.png 150w, https:\/\/lirolight.com\/wp-content\/uploads\/2025\/07\/CAD-500x247.png 500w, https:\/\/lirolight.com\/wp-content\/uploads\/2025\/07\/CAD-60x30.png 60w\" sizes=\"(max-width: 789px) 100vw, 789px\" \/><\/noscript><\/figure>\n\n\n\n<h2 class=\"wp-block-heading\"><font style=\"vertical-align: inherit;\"><font style=\"vertical-align: inherit;\">Especificaci\u00f3n\uff1a<\/font><\/font><\/h2>\n\n\n\n<p>Voltaje: AC100~240V 50\/60HZ<br>Potencia: 400 W<br>Cuentas de l\u00e1mpara: 864 perlas de l\u00e1mpara X0,5W 5050\/RGB, 96 perlas de l\u00e1mpara X2W 7070 de luz blanca fr\u00eda<br>M\u00e9todo de control: DMX512\u3001 Funciones de autoconducci\u00f3n y maestro-esclavo.<br>12 zonas RGB controlables por separado y 12 zonas de luz blanca fr\u00eda controlables por separado<br>Canal: CH04\u3001CH09\u3001CH48\u3001CH57\u3001<br>Regulaci\u00f3n: regulaci\u00f3n lineal de 32 bits 0~100%<br>Caracter\u00edsticas: Tinte+Flash+Strobe<br>Temperatura de trabajo: -30 \u00b0C~80 \u00b0C<br>Frecuencia estrobosc\u00f3pica: 1~30HZ<br>Aspecto: Metal, Negro<br>M\u00e9todo de conexi\u00f3n: Entrada\/salida DMX512 - Entrada\/salida de alimentaci\u00f3n.<br>Grado de protecci\u00f3n IP: IP65<\/p>\n\n\n\n<h2 class=\"wp-block-heading\">Par\u00e1metro: <\/h2>\n\n\n\n<figure class=\"wp-block-table\"><table class=\"has-fixed-layout\"><tbody><tr><td>Tensi\u00f3n de entrada: <\/td><td>AC100~240V 50 \/60 HZ<\/td><\/tr><tr><td>Cuentas de l\u00e1mpara:<\/td><td>864 piezas X0.5W 5050\/RGB bolas de l\u00e1mpara, 96 piezas X2W 7070 bolas de l\u00e1mpara de luz blanca fr\u00eda<\/td><\/tr><tr><td>M\u00e9todo de control:<\/td><td>DMX512\u3001 Funciones de autoconducci\u00f3n y maestro-esclavo.<\/td><\/tr><tr><td>Canal:<\/td><td>CH04\u3001CH09\u3001CH48\u3001CH57\u3001<\/td><\/tr><tr><td>Nivel de protecci\u00f3n: <\/td><td>IP66<\/td><\/tr><\/tbody><\/table><\/figure>\n\n\n\n<h2 class=\"wp-block-heading\">Hora del espect\u00e1culo:<\/h2>\n\n\n\n<figure class=\"wp-block-image size-full is-resized\"><img loading=\"lazy\" decoding=\"async\" width=\"750\" height=\"812\" data-src=\"https:\/\/lirolight.com\/wp-content\/uploads\/2025\/07\/x1.png\" alt=\"\" class=\"wp-image-8084 lazyload\" style=\"--smush-placeholder-width: 750px; --smush-placeholder-aspect-ratio: 750\/812;width:900px;height:auto\" data-srcset=\"https:\/\/lirolight.com\/wp-content\/uploads\/2025\/07\/x1.png 750w, https:\/\/lirolight.com\/wp-content\/uploads\/2025\/07\/x1-277x300.png 277w, https:\/\/lirolight.com\/wp-content\/uploads\/2025\/07\/x1-11x12.png 11w, https:\/\/lirolight.com\/wp-content\/uploads\/2025\/07\/x1-441x477.png 441w, https:\/\/lirolight.com\/wp-content\/uploads\/2025\/07\/x1-300x325.png 300w, https:\/\/lirolight.com\/wp-content\/uploads\/2025\/07\/x1-150x162.png 150w, https:\/\/lirolight.com\/wp-content\/uploads\/2025\/07\/x1-462x500.png 462w, https:\/\/lirolight.com\/wp-content\/uploads\/2025\/07\/x1-37x40.png 37w\" data-sizes=\"(max-width: 750px) 100vw, 750px\" src=\"data:image\/gif;base64,R0lGODlhAQABAAAAACH5BAEKAAEALAAAAAABAAEAAAICTAEAOw==\" \/><noscript><img loading=\"lazy\" decoding=\"async\" width=\"750\" height=\"812\" src=\"https:\/\/lirolight.com\/wp-content\/uploads\/2025\/07\/x1.png\" alt=\"\" class=\"wp-image-8084\" style=\"width:900px;height:auto\" srcset=\"https:\/\/lirolight.com\/wp-content\/uploads\/2025\/07\/x1.png 750w, https:\/\/lirolight.com\/wp-content\/uploads\/2025\/07\/x1-277x300.png 277w, https:\/\/lirolight.com\/wp-content\/uploads\/2025\/07\/x1-11x12.png 11w, https:\/\/lirolight.com\/wp-content\/uploads\/2025\/07\/x1-441x477.png 441w, https:\/\/lirolight.com\/wp-content\/uploads\/2025\/07\/x1-300x325.png 300w, https:\/\/lirolight.com\/wp-content\/uploads\/2025\/07\/x1-150x162.png 150w, https:\/\/lirolight.com\/wp-content\/uploads\/2025\/07\/x1-462x500.png 462w, https:\/\/lirolight.com\/wp-content\/uploads\/2025\/07\/x1-37x40.png 37w\" sizes=\"(max-width: 750px) 100vw, 750px\" \/><\/noscript><\/figure>\n\n\n\n<h2 class=\"wp-block-heading\">Enlace de v\u00eddeo:<\/h2>\n\n\n\n<p><a href=\"https:\/\/www.instagram.com\/p\/DNP8jByyall\" target=\"_blank\" rel=\"noopener\">https:\/\/www.instagram.com\/p\/DNP8jByyall<\/a><\/p>","protected":false},"excerpt":{"rendered":"<p>LR-IP M STROBE Pictures: Size: Specification\uff1a Voltage: AC100~240V 50\/60HZPower: 400WLamp beads: 864 pieces X0.5W 5050\/RGB lamp beads, 96 pieces X2W 7070 cool white light lamp beadsControl method: DMX512\u3001 Self driving and master-slave functions.12 zone RGB can be controlled separately, and 12 zone cool white light can be controlled separatelyChannel: CH04\u3001CH09\u3001CH48\u3001CH57\u3001Dimming: 32-bit 0~100% linear dimmingFeatures: Dyeing+Burst [&hellip;]<\/p>","protected":false},"featured_media":8079,"comment_status":"open","ping_status":"closed","template":"","meta":[],"product_brand":[],"product_cat":[51,66],"product_tag":[78],"class_list":{"0":"post-8000","1":"product","2":"type-product","3":"status-publish","4":"has-post-thumbnail","6":"product_cat-waterproof-series","7":"product_cat-ip-strobe-bar","8":"product_tag-strobe","10":"first","11":"instock","12":"shipping-taxable","13":"product-type-simple"},"_links":{"self":[{"href":"https:\/\/lirolight.com\/es\/wp-json\/wp\/v2\/product\/8000","targetHints":{"allow":["GET"]}}],"collection":[{"href":"https:\/\/lirolight.com\/es\/wp-json\/wp\/v2\/product"}],"about":[{"href":"https:\/\/lirolight.com\/es\/wp-json\/wp\/v2\/types\/product"}],"replies":[{"embeddable":true,"href":"https:\/\/lirolight.com\/es\/wp-json\/wp\/v2\/comments?post=8000"}],"version-history":[{"count":5,"href":"https:\/\/lirolight.com\/es\/wp-json\/wp\/v2\/product\/8000\/revisions"}],"predecessor-version":[{"id":10579,"href":"https:\/\/lirolight.com\/es\/wp-json\/wp\/v2\/product\/8000\/revisions\/10579"}],"wp:featuredmedia":[{"embeddable":true,"href":"https:\/\/lirolight.com\/es\/wp-json\/wp\/v2\/media\/8079"}],"wp:attachment":[{"href":"https:\/\/lirolight.com\/es\/wp-json\/wp\/v2\/media?parent=8000"}],"wp:term":[{"taxonomy":"product_brand","embeddable":true,"href":"https:\/\/lirolight.com\/es\/wp-json\/wp\/v2\/product_brand?post=8000"},{"taxonomy":"product_cat","embeddable":true,"href":"https:\/\/lirolight.com\/es\/wp-json\/wp\/v2\/product_cat?post=8000"},{"taxonomy":"product_tag","embeddable":true,"href":"https:\/\/lirolight.com\/es\/wp-json\/wp\/v2\/product_tag?post=8000"}],"curies":[{"name":"wp","href":"https:\/\/api.w.org\/{rel}","templated":true}]}}