{"id":8334,"date":"2025-07-16T06:32:34","date_gmt":"2025-07-16T06:32:34","guid":{"rendered":"https:\/\/lirolight.com\/?post_type=product&#038;p=8334"},"modified":"2026-03-06T07:03:10","modified_gmt":"2026-03-06T07:03:10","slug":"led-profile-spot-light-300w-ww-cw-dmx-led-ellipsoidal-light-high-brightness-leko-cinema-church-theater-lights","status":"publish","type":"product","link":"https:\/\/lirolight.com\/es\/producto\/led-profile-spot-light-300w-ww-cw-dmx-led-ellipsoidal-light-high-brightness-leko-cinema-church-theater-lights\/","title":{"rendered":"LiRO-LITE Led Profile Spot Light 300w WW\/CW DMX Led Ellipsoidal Luz Alto Brillo Leko Cine Iglesia Teatro Luces"},"content":{"rendered":"<h2 class=\"wp-block-heading\"><strong><mark style=\"background-color:#000000\" class=\"has-inline-color has-white-color\">LR-PS300<\/mark><\/strong><\/h2>\n\n\n\n<hr class=\"wp-block-separator has-alpha-channel-opacity\"\/>\n\n\n\n<h2 class=\"wp-block-heading\">Fotos:<\/h2>\n\n\n\n<div class=\"wp-block-columns is-layout-flex wp-container-core-columns-is-layout-28f84493 wp-block-columns-is-layout-flex\">\n<div class=\"wp-block-column is-layout-flow wp-block-column-is-layout-flow\">\n<div class=\"wp-block-columns is-layout-flex wp-container-core-columns-is-layout-28f84493 wp-block-columns-is-layout-flex\">\n<div class=\"wp-block-column is-layout-flow wp-block-column-is-layout-flow\">\n<figure class=\"wp-block-image size-full\"><img fetchpriority=\"high\" decoding=\"async\" width=\"2000\" height=\"2000\" src=\"https:\/\/lirolight.com\/wp-content\/uploads\/2025\/07\/2_\u526f\u672c.png\" alt=\"\" class=\"wp-image-10809\" srcset=\"https:\/\/lirolight.com\/wp-content\/uploads\/2025\/07\/2_\u526f\u672c.png 2000w, https:\/\/lirolight.com\/wp-content\/uploads\/2025\/07\/2_\u526f\u672c-300x300.png 300w, https:\/\/lirolight.com\/wp-content\/uploads\/2025\/07\/2_\u526f\u672c-1024x1024.png 1024w, https:\/\/lirolight.com\/wp-content\/uploads\/2025\/07\/2_\u526f\u672c-150x150.png 150w, https:\/\/lirolight.com\/wp-content\/uploads\/2025\/07\/2_\u526f\u672c-768x768.png 768w, https:\/\/lirolight.com\/wp-content\/uploads\/2025\/07\/2_\u526f\u672c-1536x1536.png 1536w, https:\/\/lirolight.com\/wp-content\/uploads\/2025\/07\/2_\u526f\u672c-12x12.png 12w, https:\/\/lirolight.com\/wp-content\/uploads\/2025\/07\/2_\u526f\u672c-990x990.png 990w, https:\/\/lirolight.com\/wp-content\/uploads\/2025\/07\/2_\u526f\u672c-441x441.png 441w, https:\/\/lirolight.com\/wp-content\/uploads\/2025\/07\/2_\u526f\u672c-100x100.png 100w, https:\/\/lirolight.com\/wp-content\/uploads\/2025\/07\/2_\u526f\u672c-800x800.png 800w, https:\/\/lirolight.com\/wp-content\/uploads\/2025\/07\/2_\u526f\u672c-40x40.png 40w\" sizes=\"(max-width: 2000px) 100vw, 2000px\" \/><\/figure>\n<\/div>\n\n\n\n<div class=\"wp-block-column is-layout-flow wp-block-column-is-layout-flow\">\n<figure class=\"wp-block-image size-large\"><img decoding=\"async\" width=\"1024\" height=\"1024\" data-src=\"https:\/\/lirolight.com\/wp-content\/uploads\/2025\/07\/3_\u526f\u672c-1024x1024.png\" alt=\"\" class=\"wp-image-10808 lazyload\" data-srcset=\"https:\/\/lirolight.com\/wp-content\/uploads\/2025\/07\/3_\u526f\u672c-1024x1024.png 1024w, https:\/\/lirolight.com\/wp-content\/uploads\/2025\/07\/3_\u526f\u672c-300x300.png 300w, https:\/\/lirolight.com\/wp-content\/uploads\/2025\/07\/3_\u526f\u672c-150x150.png 150w, https:\/\/lirolight.com\/wp-content\/uploads\/2025\/07\/3_\u526f\u672c-768x768.png 768w, https:\/\/lirolight.com\/wp-content\/uploads\/2025\/07\/3_\u526f\u672c-1536x1536.png 1536w, https:\/\/lirolight.com\/wp-content\/uploads\/2025\/07\/3_\u526f\u672c-12x12.png 12w, https:\/\/lirolight.com\/wp-content\/uploads\/2025\/07\/3_\u526f\u672c-990x990.png 990w, https:\/\/lirolight.com\/wp-content\/uploads\/2025\/07\/3_\u526f\u672c-441x441.png 441w, https:\/\/lirolight.com\/wp-content\/uploads\/2025\/07\/3_\u526f\u672c-100x100.png 100w, https:\/\/lirolight.com\/wp-content\/uploads\/2025\/07\/3_\u526f\u672c-800x800.png 800w, https:\/\/lirolight.com\/wp-content\/uploads\/2025\/07\/3_\u526f\u672c-40x40.png 40w, https:\/\/lirolight.com\/wp-content\/uploads\/2025\/07\/3_\u526f\u672c.png 2000w\" data-sizes=\"(max-width: 1024px) 100vw, 1024px\" src=\"data:image\/gif;base64,R0lGODlhAQABAAAAACH5BAEKAAEALAAAAAABAAEAAAICTAEAOw==\" style=\"--smush-placeholder-width: 1024px; --smush-placeholder-aspect-ratio: 1024\/1024;\" \/><noscript><img decoding=\"async\" width=\"1024\" height=\"1024\" src=\"https:\/\/lirolight.com\/wp-content\/uploads\/2025\/07\/3_\u526f\u672c-1024x1024.png\" alt=\"\" class=\"wp-image-10808\" srcset=\"https:\/\/lirolight.com\/wp-content\/uploads\/2025\/07\/3_\u526f\u672c-1024x1024.png 1024w, https:\/\/lirolight.com\/wp-content\/uploads\/2025\/07\/3_\u526f\u672c-300x300.png 300w, https:\/\/lirolight.com\/wp-content\/uploads\/2025\/07\/3_\u526f\u672c-150x150.png 150w, https:\/\/lirolight.com\/wp-content\/uploads\/2025\/07\/3_\u526f\u672c-768x768.png 768w, https:\/\/lirolight.com\/wp-content\/uploads\/2025\/07\/3_\u526f\u672c-1536x1536.png 1536w, https:\/\/lirolight.com\/wp-content\/uploads\/2025\/07\/3_\u526f\u672c-12x12.png 12w, https:\/\/lirolight.com\/wp-content\/uploads\/2025\/07\/3_\u526f\u672c-990x990.png 990w, https:\/\/lirolight.com\/wp-content\/uploads\/2025\/07\/3_\u526f\u672c-441x441.png 441w, https:\/\/lirolight.com\/wp-content\/uploads\/2025\/07\/3_\u526f\u672c-100x100.png 100w, https:\/\/lirolight.com\/wp-content\/uploads\/2025\/07\/3_\u526f\u672c-800x800.png 800w, https:\/\/lirolight.com\/wp-content\/uploads\/2025\/07\/3_\u526f\u672c-40x40.png 40w, https:\/\/lirolight.com\/wp-content\/uploads\/2025\/07\/3_\u526f\u672c.png 2000w\" sizes=\"(max-width: 1024px) 100vw, 1024px\" \/><\/noscript><\/figure>\n<\/div>\n<\/div>\n<\/div>\n<\/div>\n\n\n\n<h2 class=\"wp-block-heading\">Especificaci\u00f3n:<\/h2>\n\n\n\n<p>Potencia: 300 W<br>Temperatura de color: Blanco c\u00e1lido (WW) y blanco fr\u00edo (CW) seleccionable (RGBW personalizable)<br>\u00cdndice de reproducci\u00f3n crom\u00e1tica (IRC): 90<br>Alcance del zoom electr\u00f3nico: 15\u00b0 a 50<br>M\u00e9todo de regulaci\u00f3n: 0~100% regulaci\u00f3n lineal<br>Tensi\u00f3n de funcionamiento: AC100-240V, 50\/60Hz<br>Grado de protecci\u00f3n IP: IP20<br>Dimensiones: 320 x 285 x 440 mm<br>Peso: 8,5 kg<\/p>\n\n\n\n<div class=\"wp-block-columns is-layout-flex wp-container-core-columns-is-layout-28f84493 wp-block-columns-is-layout-flex\">\n<div class=\"wp-block-column is-layout-flow wp-block-column-is-layout-flow\">\n<h2 class=\"wp-block-heading\">Caracter\u00edsticas:<\/h2>\n<\/div>\n<\/div>\n\n\n\n<p><strong>Fuente LED de alto brillo<\/strong><br>Equipada con una fuente LED de 300 W, esta luminaria ofrece un alto brillo y un elevado \u00edndice de reproducci\u00f3n crom\u00e1tica (CRI 90). Proporciona una luz clara y uniforme, lo que la hace adecuada para aplicaciones como primeros planos de actores e iluminaci\u00f3n de fondo de escenarios.<br><strong>Selecci\u00f3n de temperatura de color dual<\/strong><br>Admite los modos de temperatura de color Blanco c\u00e1lido (WW) y Blanco fr\u00edo (CW). Los usuarios pueden seleccionar la temperatura adecuada en funci\u00f3n de los requisitos de la escena, satisfaciendo diversas necesidades de rendimiento o filmaci\u00f3n.<br><strong>Funci\u00f3n de control DMX<\/strong><br>Incorpora el modo de control DMX512, que permite ajustar f\u00e1cilmente la intensidad de la luz, los cambios de color y los efectos din\u00e1micos. Esto lo hace ideal para configuraciones complejas de iluminaci\u00f3n de escenarios.<br><strong>Zoom electr\u00f3nico y funci\u00f3n de enfoque<\/strong><br>Normalmente ofrece un rango de zoom electr\u00f3nico de 15\u00b0 a 50\u00b0. Los usuarios pueden ajustar el \u00e1ngulo del haz seg\u00fan sus necesidades. Tambi\u00e9n admite el enfoque manual y autom\u00e1tico para un funcionamiento flexible.<br><strong>Alta reproducci\u00f3n crom\u00e1tica y efecto de luz suave<\/strong><br>Proporciona una luz suave y uniforme con un alto \u00edndice de reproducci\u00f3n crom\u00e1tica (IRC). Esta capacidad garantiza la reproducci\u00f3n fiel del color de los objetos iluminados, lo que la hace especialmente adecuada para aplicaciones que requieren una iluminaci\u00f3n de alta precisi\u00f3n.<br><strong>Sistema de refrigeraci\u00f3n eficiente y estable<\/strong><br>Equipada con un ventilador silencioso Super Flower 3 y un sistema de refrigeraci\u00f3n de eficacia \u00fanica. Esto garantiza un funcionamiento estable incluso a alta potencia, alargando la vida \u00fatil de la luminaria.<br><strong>Amplia gama de temperaturas de funcionamiento<\/strong><br>Puede funcionar con normalidad en un intervalo de temperatura ambiente de -30 \u00b0C a 50 \u00b0C, lo que ofrece una gran adaptabilidad a diversos escenarios de uso.<br><strong>Eficiencia energ\u00e9tica y respeto por el medio ambiente<\/strong><br>La fuente LED consume poca energ\u00eda y tiene una vida \u00fatil de hasta 50.000 horas. Esto reduce la frecuencia de sustituci\u00f3n de las luminarias y disminuye los costes de mantenimiento.<\/p>\n\n\n\n<h2 class=\"wp-block-heading\">Hora del espect\u00e1culo.<\/h2>\n\n\n\n<figure class=\"wp-block-image alignwide size-full\"><img decoding=\"async\" width=\"600\" height=\"400\" data-src=\"https:\/\/lirolight.com\/wp-content\/uploads\/2025\/07\/8-1.png\" alt=\"\" class=\"wp-image-8337 lazyload\" data-srcset=\"https:\/\/lirolight.com\/wp-content\/uploads\/2025\/07\/8-1.png 600w, https:\/\/lirolight.com\/wp-content\/uploads\/2025\/07\/8-1-300x200.png 300w, https:\/\/lirolight.com\/wp-content\/uploads\/2025\/07\/8-1-18x12.png 18w, https:\/\/lirolight.com\/wp-content\/uploads\/2025\/07\/8-1-441x294.png 441w, https:\/\/lirolight.com\/wp-content\/uploads\/2025\/07\/8-1-150x100.png 150w, https:\/\/lirolight.com\/wp-content\/uploads\/2025\/07\/8-1-500x333.png 500w, https:\/\/lirolight.com\/wp-content\/uploads\/2025\/07\/8-1-60x40.png 60w\" data-sizes=\"(max-width: 600px) 100vw, 600px\" src=\"data:image\/gif;base64,R0lGODlhAQABAAAAACH5BAEKAAEALAAAAAABAAEAAAICTAEAOw==\" style=\"--smush-placeholder-width: 600px; --smush-placeholder-aspect-ratio: 600\/400;\" \/><noscript><img decoding=\"async\" width=\"600\" height=\"400\" src=\"https:\/\/lirolight.com\/wp-content\/uploads\/2025\/07\/8-1.png\" alt=\"\" class=\"wp-image-8337\" srcset=\"https:\/\/lirolight.com\/wp-content\/uploads\/2025\/07\/8-1.png 600w, https:\/\/lirolight.com\/wp-content\/uploads\/2025\/07\/8-1-300x200.png 300w, https:\/\/lirolight.com\/wp-content\/uploads\/2025\/07\/8-1-18x12.png 18w, https:\/\/lirolight.com\/wp-content\/uploads\/2025\/07\/8-1-441x294.png 441w, https:\/\/lirolight.com\/wp-content\/uploads\/2025\/07\/8-1-150x100.png 150w, https:\/\/lirolight.com\/wp-content\/uploads\/2025\/07\/8-1-500x333.png 500w, https:\/\/lirolight.com\/wp-content\/uploads\/2025\/07\/8-1-60x40.png 60w\" sizes=\"(max-width: 600px) 100vw, 600px\" \/><\/noscript><\/figure>\n\n\n\n<figure class=\"wp-block-image alignwide size-large\"><img loading=\"lazy\" decoding=\"async\" width=\"528\" height=\"1024\" data-src=\"https:\/\/lirolight.com\/wp-content\/uploads\/2025\/07\/X3-528x1024.png\" alt=\"\" class=\"wp-image-8338 lazyload\" data-srcset=\"https:\/\/lirolight.com\/wp-content\/uploads\/2025\/07\/X3-528x1024.png 528w, https:\/\/lirolight.com\/wp-content\/uploads\/2025\/07\/X3-155x300.png 155w, https:\/\/lirolight.com\/wp-content\/uploads\/2025\/07\/X3-768x1489.png 768w, https:\/\/lirolight.com\/wp-content\/uploads\/2025\/07\/X3-6x12.png 6w, https:\/\/lirolight.com\/wp-content\/uploads\/2025\/07\/X3-441x855.png 441w, https:\/\/lirolight.com\/wp-content\/uploads\/2025\/07\/X3-300x582.png 300w, https:\/\/lirolight.com\/wp-content\/uploads\/2025\/07\/X3-150x291.png 150w, https:\/\/lirolight.com\/wp-content\/uploads\/2025\/07\/X3-258x500.png 258w, https:\/\/lirolight.com\/wp-content\/uploads\/2025\/07\/X3-21x40.png 21w, https:\/\/lirolight.com\/wp-content\/uploads\/2025\/07\/X3.png 790w\" data-sizes=\"(max-width: 528px) 100vw, 528px\" src=\"data:image\/gif;base64,R0lGODlhAQABAAAAACH5BAEKAAEALAAAAAABAAEAAAICTAEAOw==\" style=\"--smush-placeholder-width: 528px; --smush-placeholder-aspect-ratio: 528\/1024;\" \/><noscript><img loading=\"lazy\" decoding=\"async\" width=\"528\" height=\"1024\" src=\"https:\/\/lirolight.com\/wp-content\/uploads\/2025\/07\/X3-528x1024.png\" alt=\"\" class=\"wp-image-8338\" srcset=\"https:\/\/lirolight.com\/wp-content\/uploads\/2025\/07\/X3-528x1024.png 528w, https:\/\/lirolight.com\/wp-content\/uploads\/2025\/07\/X3-155x300.png 155w, https:\/\/lirolight.com\/wp-content\/uploads\/2025\/07\/X3-768x1489.png 768w, https:\/\/lirolight.com\/wp-content\/uploads\/2025\/07\/X3-6x12.png 6w, https:\/\/lirolight.com\/wp-content\/uploads\/2025\/07\/X3-441x855.png 441w, https:\/\/lirolight.com\/wp-content\/uploads\/2025\/07\/X3-300x582.png 300w, https:\/\/lirolight.com\/wp-content\/uploads\/2025\/07\/X3-150x291.png 150w, https:\/\/lirolight.com\/wp-content\/uploads\/2025\/07\/X3-258x500.png 258w, https:\/\/lirolight.com\/wp-content\/uploads\/2025\/07\/X3-21x40.png 21w, https:\/\/lirolight.com\/wp-content\/uploads\/2025\/07\/X3.png 790w\" sizes=\"(max-width: 528px) 100vw, 528px\" \/><\/noscript><\/figure>\n\n\n\n<h2 class=\"wp-block-heading\">Escenarios aplicables:<\/h2>\n\n\n\n<p>Escenarios: Ideal para teatro, musicales, conciertos y otras necesidades de iluminaci\u00f3n esc\u00e9nica, proporcionando un control preciso de la luz.<br>Proyecci\u00f3n cinematogr\u00e1fica: Se utiliza en la iluminaci\u00f3n auxiliar de las salas de cine para mejorar la calidad de la imagen proyectada.<br>Iluminaci\u00f3n de iglesias: Adecuado para arreglos de iluminaci\u00f3n en lugares religiosos, creando una atm\u00f3sfera solemne.<br>Salas de reuniones y estudios: Se utiliza para la iluminaci\u00f3n clave de los presentadores y la iluminaci\u00f3n ocular en estudios de radiodifusi\u00f3n para mejorar la calidad de la imagen.<\/p>","protected":false},"excerpt":{"rendered":"<div class=\"QFw9Te BLojaf\">\n<div class=\"hlJJmd\">\n<div class=\"Bmcqed\" dir=\"ltr\">\n<div data-id=\"kvLWu\">Esta luminaria es una opci\u00f3n ideal para escenarios, cines, iglesias y otros lugares gracias a su gran luminosidad, alta reproducci\u00f3n crom\u00e1tica, capacidad de control multifuncional y eficiencia energ\u00e9tica. Su rendimiento estable y funcionamiento flexible proporcionan a los usuarios una soluci\u00f3n de iluminaci\u00f3n c\u00f3moda y profesional.<\/div>\n<\/div>\n<\/div>\n<\/div>\n<p>&nbsp;<\/p>","protected":false},"featured_media":10809,"comment_status":"open","ping_status":"closed","template":"","meta":[],"product_brand":[],"product_cat":[87,59],"product_tag":[148,149,147],"class_list":{"0":"post-8334","1":"product","2":"type-product","3":"status-publish","4":"has-post-thumbnail","6":"product_cat-led-studio-light","7":"product_cat-stage-effect-light","8":"product_tag-ledprofilelight","9":"product_tag-ledstudiolight300","10":"product_tag-stagelight","12":"first","13":"instock","14":"shipping-taxable","15":"product-type-simple"},"_links":{"self":[{"href":"https:\/\/lirolight.com\/es\/wp-json\/wp\/v2\/product\/8334","targetHints":{"allow":["GET"]}}],"collection":[{"href":"https:\/\/lirolight.com\/es\/wp-json\/wp\/v2\/product"}],"about":[{"href":"https:\/\/lirolight.com\/es\/wp-json\/wp\/v2\/types\/product"}],"replies":[{"embeddable":true,"href":"https:\/\/lirolight.com\/es\/wp-json\/wp\/v2\/comments?post=8334"}],"version-history":[{"count":6,"href":"https:\/\/lirolight.com\/es\/wp-json\/wp\/v2\/product\/8334\/revisions"}],"predecessor-version":[{"id":10810,"href":"https:\/\/lirolight.com\/es\/wp-json\/wp\/v2\/product\/8334\/revisions\/10810"}],"wp:featuredmedia":[{"embeddable":true,"href":"https:\/\/lirolight.com\/es\/wp-json\/wp\/v2\/media\/10809"}],"wp:attachment":[{"href":"https:\/\/lirolight.com\/es\/wp-json\/wp\/v2\/media?parent=8334"}],"wp:term":[{"taxonomy":"product_brand","embeddable":true,"href":"https:\/\/lirolight.com\/es\/wp-json\/wp\/v2\/product_brand?post=8334"},{"taxonomy":"product_cat","embeddable":true,"href":"https:\/\/lirolight.com\/es\/wp-json\/wp\/v2\/product_cat?post=8334"},{"taxonomy":"product_tag","embeddable":true,"href":"https:\/\/lirolight.com\/es\/wp-json\/wp\/v2\/product_tag?post=8334"}],"curies":[{"name":"wp","href":"https:\/\/api.w.org\/{rel}","templated":true}]}}