{"id":8566,"date":"2025-07-21T08:00:21","date_gmt":"2025-07-21T08:00:21","guid":{"rendered":"https:\/\/lirolight.com\/?post_type=product&#038;p=8566"},"modified":"2026-01-14T06:42:07","modified_gmt":"2026-01-14T06:42:07","slug":"nled-280w-beam-spot-wash-3in1-hybrid-moving-head-stage-light-for-wedding-party","status":"publish","type":"product","link":"https:\/\/lirolight.com\/es\/producto\/nled-280w-beam-spot-wash-3in1-hybrid-moving-head-stage-light-for-wedding-party\/","title":{"rendered":"LiRO-LITE NLED 280w Beam Spot Wash 3in1 Hybrid Moving Head Stage Light For Wedding Party"},"content":{"rendered":"<h2 class=\"wp-block-heading\"><strong><mark style=\"background-color:#000000\" class=\"has-inline-color has-white-color\">LR-NLED BSW280<\/mark><\/strong><\/h2>\n\n\n\n<hr class=\"wp-block-separator has-alpha-channel-opacity\"\/>\n\n\n\n<h2 class=\"wp-block-heading\"><strong>Fotos<\/strong>:<\/h2>\n\n\n\n<div class=\"wp-block-columns is-layout-flex wp-container-core-columns-is-layout-28f84493 wp-block-columns-is-layout-flex\">\n<div class=\"wp-block-column is-layout-flow wp-block-column-is-layout-flow\">\n<figure class=\"wp-block-image size-large\"><img fetchpriority=\"high\" decoding=\"async\" width=\"1024\" height=\"1024\" src=\"https:\/\/lirolight.com\/wp-content\/uploads\/2025\/07\/\u767d4-7-1024x1024.png\" alt=\"\" class=\"wp-image-10158\" srcset=\"https:\/\/lirolight.com\/wp-content\/uploads\/2025\/07\/\u767d4-7-1024x1024.png 1024w, https:\/\/lirolight.com\/wp-content\/uploads\/2025\/07\/\u767d4-7-300x300.png 300w, https:\/\/lirolight.com\/wp-content\/uploads\/2025\/07\/\u767d4-7-150x150.png 150w, https:\/\/lirolight.com\/wp-content\/uploads\/2025\/07\/\u767d4-7-768x768.png 768w, https:\/\/lirolight.com\/wp-content\/uploads\/2025\/07\/\u767d4-7-1536x1536.png 1536w, https:\/\/lirolight.com\/wp-content\/uploads\/2025\/07\/\u767d4-7-2048x2048.png 2048w, https:\/\/lirolight.com\/wp-content\/uploads\/2025\/07\/\u767d4-7-12x12.png 12w, https:\/\/lirolight.com\/wp-content\/uploads\/2025\/07\/\u767d4-7-990x990.png 990w, https:\/\/lirolight.com\/wp-content\/uploads\/2025\/07\/\u767d4-7-441x441.png 441w, https:\/\/lirolight.com\/wp-content\/uploads\/2025\/07\/\u767d4-7-100x100.png 100w, https:\/\/lirolight.com\/wp-content\/uploads\/2025\/07\/\u767d4-7-800x800.png 800w, https:\/\/lirolight.com\/wp-content\/uploads\/2025\/07\/\u767d4-7-40x40.png 40w\" sizes=\"(max-width: 1024px) 100vw, 1024px\" \/><\/figure>\n<\/div>\n\n\n\n<div class=\"wp-block-column is-layout-flow wp-block-column-is-layout-flow\">\n<figure class=\"wp-block-image size-large\"><img decoding=\"async\" width=\"1024\" height=\"1024\" data-src=\"https:\/\/lirolight.com\/wp-content\/uploads\/2025\/07\/\u767d5-8-1024x1024.png\" alt=\"\" class=\"wp-image-10159 lazyload\" data-srcset=\"https:\/\/lirolight.com\/wp-content\/uploads\/2025\/07\/\u767d5-8-1024x1024.png 1024w, https:\/\/lirolight.com\/wp-content\/uploads\/2025\/07\/\u767d5-8-300x300.png 300w, https:\/\/lirolight.com\/wp-content\/uploads\/2025\/07\/\u767d5-8-150x150.png 150w, https:\/\/lirolight.com\/wp-content\/uploads\/2025\/07\/\u767d5-8-768x768.png 768w, https:\/\/lirolight.com\/wp-content\/uploads\/2025\/07\/\u767d5-8-1536x1536.png 1536w, https:\/\/lirolight.com\/wp-content\/uploads\/2025\/07\/\u767d5-8-2048x2048.png 2048w, https:\/\/lirolight.com\/wp-content\/uploads\/2025\/07\/\u767d5-8-12x12.png 12w, https:\/\/lirolight.com\/wp-content\/uploads\/2025\/07\/\u767d5-8-990x990.png 990w, https:\/\/lirolight.com\/wp-content\/uploads\/2025\/07\/\u767d5-8-441x441.png 441w, https:\/\/lirolight.com\/wp-content\/uploads\/2025\/07\/\u767d5-8-100x100.png 100w, https:\/\/lirolight.com\/wp-content\/uploads\/2025\/07\/\u767d5-8-800x800.png 800w, https:\/\/lirolight.com\/wp-content\/uploads\/2025\/07\/\u767d5-8-40x40.png 40w\" data-sizes=\"(max-width: 1024px) 100vw, 1024px\" src=\"data:image\/gif;base64,R0lGODlhAQABAAAAACH5BAEKAAEALAAAAAABAAEAAAICTAEAOw==\" style=\"--smush-placeholder-width: 1024px; --smush-placeholder-aspect-ratio: 1024\/1024;\" \/><noscript><img decoding=\"async\" width=\"1024\" height=\"1024\" src=\"https:\/\/lirolight.com\/wp-content\/uploads\/2025\/07\/\u767d5-8-1024x1024.png\" alt=\"\" class=\"wp-image-10159\" srcset=\"https:\/\/lirolight.com\/wp-content\/uploads\/2025\/07\/\u767d5-8-1024x1024.png 1024w, https:\/\/lirolight.com\/wp-content\/uploads\/2025\/07\/\u767d5-8-300x300.png 300w, https:\/\/lirolight.com\/wp-content\/uploads\/2025\/07\/\u767d5-8-150x150.png 150w, https:\/\/lirolight.com\/wp-content\/uploads\/2025\/07\/\u767d5-8-768x768.png 768w, https:\/\/lirolight.com\/wp-content\/uploads\/2025\/07\/\u767d5-8-1536x1536.png 1536w, https:\/\/lirolight.com\/wp-content\/uploads\/2025\/07\/\u767d5-8-2048x2048.png 2048w, https:\/\/lirolight.com\/wp-content\/uploads\/2025\/07\/\u767d5-8-12x12.png 12w, https:\/\/lirolight.com\/wp-content\/uploads\/2025\/07\/\u767d5-8-990x990.png 990w, https:\/\/lirolight.com\/wp-content\/uploads\/2025\/07\/\u767d5-8-441x441.png 441w, https:\/\/lirolight.com\/wp-content\/uploads\/2025\/07\/\u767d5-8-100x100.png 100w, https:\/\/lirolight.com\/wp-content\/uploads\/2025\/07\/\u767d5-8-800x800.png 800w, https:\/\/lirolight.com\/wp-content\/uploads\/2025\/07\/\u767d5-8-40x40.png 40w\" sizes=\"(max-width: 1024px) 100vw, 1024px\" \/><\/noscript><\/figure>\n<\/div>\n<\/div>\n\n\n\n<div class=\"wp-block-columns is-layout-flex wp-container-core-columns-is-layout-28f84493 wp-block-columns-is-layout-flex\">\n<div class=\"wp-block-column is-layout-flow wp-block-column-is-layout-flow\">\n<figure class=\"wp-block-image size-full\"><img decoding=\"async\" width=\"2500\" height=\"2500\" data-src=\"https:\/\/lirolight.com\/wp-content\/uploads\/2025\/07\/\u767d7-6.png\" alt=\"\" class=\"wp-image-10161 lazyload\" data-srcset=\"https:\/\/lirolight.com\/wp-content\/uploads\/2025\/07\/\u767d7-6.png 2500w, https:\/\/lirolight.com\/wp-content\/uploads\/2025\/07\/\u767d7-6-300x300.png 300w, https:\/\/lirolight.com\/wp-content\/uploads\/2025\/07\/\u767d7-6-1024x1024.png 1024w, https:\/\/lirolight.com\/wp-content\/uploads\/2025\/07\/\u767d7-6-150x150.png 150w, https:\/\/lirolight.com\/wp-content\/uploads\/2025\/07\/\u767d7-6-768x768.png 768w, https:\/\/lirolight.com\/wp-content\/uploads\/2025\/07\/\u767d7-6-1536x1536.png 1536w, https:\/\/lirolight.com\/wp-content\/uploads\/2025\/07\/\u767d7-6-2048x2048.png 2048w, https:\/\/lirolight.com\/wp-content\/uploads\/2025\/07\/\u767d7-6-12x12.png 12w, https:\/\/lirolight.com\/wp-content\/uploads\/2025\/07\/\u767d7-6-990x990.png 990w, https:\/\/lirolight.com\/wp-content\/uploads\/2025\/07\/\u767d7-6-441x441.png 441w, https:\/\/lirolight.com\/wp-content\/uploads\/2025\/07\/\u767d7-6-100x100.png 100w, https:\/\/lirolight.com\/wp-content\/uploads\/2025\/07\/\u767d7-6-800x800.png 800w, https:\/\/lirolight.com\/wp-content\/uploads\/2025\/07\/\u767d7-6-40x40.png 40w\" data-sizes=\"(max-width: 2500px) 100vw, 2500px\" src=\"data:image\/gif;base64,R0lGODlhAQABAAAAACH5BAEKAAEALAAAAAABAAEAAAICTAEAOw==\" style=\"--smush-placeholder-width: 2500px; --smush-placeholder-aspect-ratio: 2500\/2500;\" \/><noscript><img decoding=\"async\" width=\"2500\" height=\"2500\" src=\"https:\/\/lirolight.com\/wp-content\/uploads\/2025\/07\/\u767d7-6.png\" alt=\"\" class=\"wp-image-10161\" srcset=\"https:\/\/lirolight.com\/wp-content\/uploads\/2025\/07\/\u767d7-6.png 2500w, https:\/\/lirolight.com\/wp-content\/uploads\/2025\/07\/\u767d7-6-300x300.png 300w, https:\/\/lirolight.com\/wp-content\/uploads\/2025\/07\/\u767d7-6-1024x1024.png 1024w, https:\/\/lirolight.com\/wp-content\/uploads\/2025\/07\/\u767d7-6-150x150.png 150w, https:\/\/lirolight.com\/wp-content\/uploads\/2025\/07\/\u767d7-6-768x768.png 768w, https:\/\/lirolight.com\/wp-content\/uploads\/2025\/07\/\u767d7-6-1536x1536.png 1536w, https:\/\/lirolight.com\/wp-content\/uploads\/2025\/07\/\u767d7-6-2048x2048.png 2048w, https:\/\/lirolight.com\/wp-content\/uploads\/2025\/07\/\u767d7-6-12x12.png 12w, https:\/\/lirolight.com\/wp-content\/uploads\/2025\/07\/\u767d7-6-990x990.png 990w, https:\/\/lirolight.com\/wp-content\/uploads\/2025\/07\/\u767d7-6-441x441.png 441w, https:\/\/lirolight.com\/wp-content\/uploads\/2025\/07\/\u767d7-6-100x100.png 100w, https:\/\/lirolight.com\/wp-content\/uploads\/2025\/07\/\u767d7-6-800x800.png 800w, https:\/\/lirolight.com\/wp-content\/uploads\/2025\/07\/\u767d7-6-40x40.png 40w\" sizes=\"(max-width: 2500px) 100vw, 2500px\" \/><\/noscript><\/figure>\n\n\n\n<figure class=\"wp-block-image aligncenter size-full is-resized\"><img loading=\"lazy\" decoding=\"async\" width=\"845\" height=\"429\" data-src=\"https:\/\/lirolight.com\/wp-content\/uploads\/2025\/07\/1744366702663.png\" alt=\"\" class=\"wp-image-8580 lazyload\" style=\"--smush-placeholder-width: 845px; --smush-placeholder-aspect-ratio: 845\/429;width:900px;height:auto\" data-srcset=\"https:\/\/lirolight.com\/wp-content\/uploads\/2025\/07\/1744366702663.png 845w, https:\/\/lirolight.com\/wp-content\/uploads\/2025\/07\/1744366702663-300x152.png 300w, https:\/\/lirolight.com\/wp-content\/uploads\/2025\/07\/1744366702663-768x390.png 768w, https:\/\/lirolight.com\/wp-content\/uploads\/2025\/07\/1744366702663-18x9.png 18w, https:\/\/lirolight.com\/wp-content\/uploads\/2025\/07\/1744366702663-441x224.png 441w, https:\/\/lirolight.com\/wp-content\/uploads\/2025\/07\/1744366702663-800x406.png 800w, https:\/\/lirolight.com\/wp-content\/uploads\/2025\/07\/1744366702663-150x76.png 150w, https:\/\/lirolight.com\/wp-content\/uploads\/2025\/07\/1744366702663-500x254.png 500w, https:\/\/lirolight.com\/wp-content\/uploads\/2025\/07\/1744366702663-60x30.png 60w\" data-sizes=\"(max-width: 845px) 100vw, 845px\" src=\"data:image\/gif;base64,R0lGODlhAQABAAAAACH5BAEKAAEALAAAAAABAAEAAAICTAEAOw==\" \/><noscript><img loading=\"lazy\" decoding=\"async\" width=\"845\" height=\"429\" src=\"https:\/\/lirolight.com\/wp-content\/uploads\/2025\/07\/1744366702663.png\" alt=\"\" class=\"wp-image-8580\" style=\"width:900px;height:auto\" srcset=\"https:\/\/lirolight.com\/wp-content\/uploads\/2025\/07\/1744366702663.png 845w, https:\/\/lirolight.com\/wp-content\/uploads\/2025\/07\/1744366702663-300x152.png 300w, https:\/\/lirolight.com\/wp-content\/uploads\/2025\/07\/1744366702663-768x390.png 768w, https:\/\/lirolight.com\/wp-content\/uploads\/2025\/07\/1744366702663-18x9.png 18w, https:\/\/lirolight.com\/wp-content\/uploads\/2025\/07\/1744366702663-441x224.png 441w, https:\/\/lirolight.com\/wp-content\/uploads\/2025\/07\/1744366702663-800x406.png 800w, https:\/\/lirolight.com\/wp-content\/uploads\/2025\/07\/1744366702663-150x76.png 150w, https:\/\/lirolight.com\/wp-content\/uploads\/2025\/07\/1744366702663-500x254.png 500w, https:\/\/lirolight.com\/wp-content\/uploads\/2025\/07\/1744366702663-60x30.png 60w\" sizes=\"(max-width: 845px) 100vw, 845px\" \/><\/noscript><\/figure>\n\n\n\n<div class=\"wp-block-columns is-layout-flex wp-container-core-columns-is-layout-28f84493 wp-block-columns-is-layout-flex\">\n<div class=\"wp-block-column is-layout-flow wp-block-column-is-layout-flow\"><\/div>\n\n\n\n<div class=\"wp-block-column is-layout-flow wp-block-column-is-layout-flow\"><\/div>\n<\/div>\n<\/div>\n\n\n\n<div class=\"wp-block-column is-layout-flow wp-block-column-is-layout-flow\">\n<figure class=\"wp-block-image size-full\"><img loading=\"lazy\" decoding=\"async\" width=\"2500\" height=\"2500\" data-src=\"https:\/\/lirolight.com\/wp-content\/uploads\/2025\/07\/\u767d2-7.png\" alt=\"\" class=\"wp-image-10155 lazyload\" data-srcset=\"https:\/\/lirolight.com\/wp-content\/uploads\/2025\/07\/\u767d2-7.png 2500w, https:\/\/lirolight.com\/wp-content\/uploads\/2025\/07\/\u767d2-7-300x300.png 300w, https:\/\/lirolight.com\/wp-content\/uploads\/2025\/07\/\u767d2-7-1024x1024.png 1024w, https:\/\/lirolight.com\/wp-content\/uploads\/2025\/07\/\u767d2-7-150x150.png 150w, https:\/\/lirolight.com\/wp-content\/uploads\/2025\/07\/\u767d2-7-768x768.png 768w, https:\/\/lirolight.com\/wp-content\/uploads\/2025\/07\/\u767d2-7-1536x1536.png 1536w, https:\/\/lirolight.com\/wp-content\/uploads\/2025\/07\/\u767d2-7-2048x2048.png 2048w, https:\/\/lirolight.com\/wp-content\/uploads\/2025\/07\/\u767d2-7-12x12.png 12w, https:\/\/lirolight.com\/wp-content\/uploads\/2025\/07\/\u767d2-7-990x990.png 990w, https:\/\/lirolight.com\/wp-content\/uploads\/2025\/07\/\u767d2-7-441x441.png 441w, https:\/\/lirolight.com\/wp-content\/uploads\/2025\/07\/\u767d2-7-100x100.png 100w, https:\/\/lirolight.com\/wp-content\/uploads\/2025\/07\/\u767d2-7-800x800.png 800w, https:\/\/lirolight.com\/wp-content\/uploads\/2025\/07\/\u767d2-7-40x40.png 40w\" data-sizes=\"(max-width: 2500px) 100vw, 2500px\" src=\"data:image\/gif;base64,R0lGODlhAQABAAAAACH5BAEKAAEALAAAAAABAAEAAAICTAEAOw==\" style=\"--smush-placeholder-width: 2500px; --smush-placeholder-aspect-ratio: 2500\/2500;\" \/><noscript><img loading=\"lazy\" decoding=\"async\" width=\"2500\" height=\"2500\" src=\"https:\/\/lirolight.com\/wp-content\/uploads\/2025\/07\/\u767d2-7.png\" alt=\"\" class=\"wp-image-10155\" srcset=\"https:\/\/lirolight.com\/wp-content\/uploads\/2025\/07\/\u767d2-7.png 2500w, https:\/\/lirolight.com\/wp-content\/uploads\/2025\/07\/\u767d2-7-300x300.png 300w, https:\/\/lirolight.com\/wp-content\/uploads\/2025\/07\/\u767d2-7-1024x1024.png 1024w, https:\/\/lirolight.com\/wp-content\/uploads\/2025\/07\/\u767d2-7-150x150.png 150w, https:\/\/lirolight.com\/wp-content\/uploads\/2025\/07\/\u767d2-7-768x768.png 768w, https:\/\/lirolight.com\/wp-content\/uploads\/2025\/07\/\u767d2-7-1536x1536.png 1536w, https:\/\/lirolight.com\/wp-content\/uploads\/2025\/07\/\u767d2-7-2048x2048.png 2048w, https:\/\/lirolight.com\/wp-content\/uploads\/2025\/07\/\u767d2-7-12x12.png 12w, https:\/\/lirolight.com\/wp-content\/uploads\/2025\/07\/\u767d2-7-990x990.png 990w, https:\/\/lirolight.com\/wp-content\/uploads\/2025\/07\/\u767d2-7-441x441.png 441w, https:\/\/lirolight.com\/wp-content\/uploads\/2025\/07\/\u767d2-7-100x100.png 100w, https:\/\/lirolight.com\/wp-content\/uploads\/2025\/07\/\u767d2-7-800x800.png 800w, https:\/\/lirolight.com\/wp-content\/uploads\/2025\/07\/\u767d2-7-40x40.png 40w\" sizes=\"(max-width: 2500px) 100vw, 2500px\" \/><\/noscript><\/figure>\n\n\n\n<figure class=\"wp-block-image size-full is-resized\"><img loading=\"lazy\" decoding=\"async\" width=\"659\" height=\"329\" data-src=\"https:\/\/lirolight.com\/wp-content\/uploads\/2025\/07\/1744368250085.png\" alt=\"\" class=\"wp-image-8581 lazyload\" style=\"--smush-placeholder-width: 659px; --smush-placeholder-aspect-ratio: 659\/329;width:900px;height:auto\" data-srcset=\"https:\/\/lirolight.com\/wp-content\/uploads\/2025\/07\/1744368250085.png 659w, https:\/\/lirolight.com\/wp-content\/uploads\/2025\/07\/1744368250085-300x150.png 300w, https:\/\/lirolight.com\/wp-content\/uploads\/2025\/07\/1744368250085-18x9.png 18w, https:\/\/lirolight.com\/wp-content\/uploads\/2025\/07\/1744368250085-441x220.png 441w, https:\/\/lirolight.com\/wp-content\/uploads\/2025\/07\/1744368250085-150x75.png 150w, https:\/\/lirolight.com\/wp-content\/uploads\/2025\/07\/1744368250085-500x250.png 500w, https:\/\/lirolight.com\/wp-content\/uploads\/2025\/07\/1744368250085-60x30.png 60w\" data-sizes=\"(max-width: 659px) 100vw, 659px\" src=\"data:image\/gif;base64,R0lGODlhAQABAAAAACH5BAEKAAEALAAAAAABAAEAAAICTAEAOw==\" \/><noscript><img loading=\"lazy\" decoding=\"async\" width=\"659\" height=\"329\" src=\"https:\/\/lirolight.com\/wp-content\/uploads\/2025\/07\/1744368250085.png\" alt=\"\" class=\"wp-image-8581\" style=\"width:900px;height:auto\" srcset=\"https:\/\/lirolight.com\/wp-content\/uploads\/2025\/07\/1744368250085.png 659w, https:\/\/lirolight.com\/wp-content\/uploads\/2025\/07\/1744368250085-300x150.png 300w, https:\/\/lirolight.com\/wp-content\/uploads\/2025\/07\/1744368250085-18x9.png 18w, https:\/\/lirolight.com\/wp-content\/uploads\/2025\/07\/1744368250085-441x220.png 441w, https:\/\/lirolight.com\/wp-content\/uploads\/2025\/07\/1744368250085-150x75.png 150w, https:\/\/lirolight.com\/wp-content\/uploads\/2025\/07\/1744368250085-500x250.png 500w, https:\/\/lirolight.com\/wp-content\/uploads\/2025\/07\/1744368250085-60x30.png 60w\" sizes=\"(max-width: 659px) 100vw, 659px\" \/><\/noscript><\/figure>\n<\/div>\n<\/div>\n\n\n\n<h2 class=\"wp-block-heading\">Tama\u00f1o:<\/h2>\n\n\n\n<figure class=\"wp-block-image size-large\"><img loading=\"lazy\" decoding=\"async\" width=\"903\" height=\"1024\" data-src=\"https:\/\/lirolight.com\/wp-content\/uploads\/2025\/07\/LM280\u7ebf\u6761\u56fe_00-1-903x1024.jpg\" alt=\"\" class=\"wp-image-8584 lazyload\" data-srcset=\"https:\/\/lirolight.com\/wp-content\/uploads\/2025\/07\/LM280\u7ebf\u6761\u56fe_00-1-903x1024.jpg 903w, https:\/\/lirolight.com\/wp-content\/uploads\/2025\/07\/LM280\u7ebf\u6761\u56fe_00-1-265x300.jpg 265w, https:\/\/lirolight.com\/wp-content\/uploads\/2025\/07\/LM280\u7ebf\u6761\u56fe_00-1-768x871.jpg 768w, https:\/\/lirolight.com\/wp-content\/uploads\/2025\/07\/LM280\u7ebf\u6761\u56fe_00-1-11x12.jpg 11w, https:\/\/lirolight.com\/wp-content\/uploads\/2025\/07\/LM280\u7ebf\u6761\u56fe_00-1-990x1123.jpg 990w, https:\/\/lirolight.com\/wp-content\/uploads\/2025\/07\/LM280\u7ebf\u6761\u56fe_00-1-441x500.jpg 441w, https:\/\/lirolight.com\/wp-content\/uploads\/2025\/07\/LM280\u7ebf\u6761\u56fe_00-1-300x340.jpg 300w, https:\/\/lirolight.com\/wp-content\/uploads\/2025\/07\/LM280\u7ebf\u6761\u56fe_00-1-800x907.jpg 800w, https:\/\/lirolight.com\/wp-content\/uploads\/2025\/07\/LM280\u7ebf\u6761\u56fe_00-1-150x170.jpg 150w, https:\/\/lirolight.com\/wp-content\/uploads\/2025\/07\/LM280\u7ebf\u6761\u56fe_00-1-35x40.jpg 35w, https:\/\/lirolight.com\/wp-content\/uploads\/2025\/07\/LM280\u7ebf\u6761\u56fe_00-1.jpg 1337w\" data-sizes=\"(max-width: 903px) 100vw, 903px\" src=\"data:image\/gif;base64,R0lGODlhAQABAAAAACH5BAEKAAEALAAAAAABAAEAAAICTAEAOw==\" style=\"--smush-placeholder-width: 903px; --smush-placeholder-aspect-ratio: 903\/1024;\" \/><noscript><img loading=\"lazy\" decoding=\"async\" width=\"903\" height=\"1024\" src=\"https:\/\/lirolight.com\/wp-content\/uploads\/2025\/07\/LM280\u7ebf\u6761\u56fe_00-1-903x1024.jpg\" alt=\"\" class=\"wp-image-8584\" srcset=\"https:\/\/lirolight.com\/wp-content\/uploads\/2025\/07\/LM280\u7ebf\u6761\u56fe_00-1-903x1024.jpg 903w, https:\/\/lirolight.com\/wp-content\/uploads\/2025\/07\/LM280\u7ebf\u6761\u56fe_00-1-265x300.jpg 265w, https:\/\/lirolight.com\/wp-content\/uploads\/2025\/07\/LM280\u7ebf\u6761\u56fe_00-1-768x871.jpg 768w, https:\/\/lirolight.com\/wp-content\/uploads\/2025\/07\/LM280\u7ebf\u6761\u56fe_00-1-11x12.jpg 11w, https:\/\/lirolight.com\/wp-content\/uploads\/2025\/07\/LM280\u7ebf\u6761\u56fe_00-1-990x1123.jpg 990w, https:\/\/lirolight.com\/wp-content\/uploads\/2025\/07\/LM280\u7ebf\u6761\u56fe_00-1-441x500.jpg 441w, https:\/\/lirolight.com\/wp-content\/uploads\/2025\/07\/LM280\u7ebf\u6761\u56fe_00-1-300x340.jpg 300w, https:\/\/lirolight.com\/wp-content\/uploads\/2025\/07\/LM280\u7ebf\u6761\u56fe_00-1-800x907.jpg 800w, https:\/\/lirolight.com\/wp-content\/uploads\/2025\/07\/LM280\u7ebf\u6761\u56fe_00-1-150x170.jpg 150w, https:\/\/lirolight.com\/wp-content\/uploads\/2025\/07\/LM280\u7ebf\u6761\u56fe_00-1-35x40.jpg 35w, https:\/\/lirolight.com\/wp-content\/uploads\/2025\/07\/LM280\u7ebf\u6761\u56fe_00-1.jpg 1337w\" sizes=\"(max-width: 903px) 100vw, 903px\" \/><\/noscript><\/figure>\n\n\n\n<h2 class=\"wp-block-heading\"><font style=\"vertical-align: inherit;\"><font style=\"vertical-align: inherit;\">Especificaci\u00f3n\uff1a<\/font><\/font><\/h2>\n\n\n\n<p>Tensi\u00f3n de entrada: AC110v - 240v \/ 50-60HZ<br><strong>Fuente de luz: m\u00f3dulo LED de 280 W<\/strong><br>Vida \u00fatil de la fuente luminosa: 50000 horas<br>Potencia total: 350w<br><strong>Modo de canal: 16\/24\/30ch<\/strong><br>Pan: 540 grados (exploraci\u00f3n de precisi\u00f3n de 16 bits) correcci\u00f3n electr\u00f3nica de errores<br>Inclinaci\u00f3n: 270 grados (exploraci\u00f3n de precisi\u00f3n de 16 bits) correcci\u00f3n electr\u00f3nica de errores<br>Regulaci\u00f3n : 0-100% ajuste lineal<br>Sistema de escarcha: 1 efecto de escarcha independiente, punto de luz suave y natural<br><strong>\u00c1ngulo de zoom: 2,8-32 grados<\/strong><br>Estrobosc\u00f3pico: 0-30 veces\/segundo. El efecto estrobosc\u00f3pico de velocidad regulable es ajustable.<br><strong>Color: 14 colores + luz blanca<br>Gobo fijo: 12 gobos fijos + luz blanca<br>Gobo giratorio: 7 gobos de cristal + luz blanca, cada gobo de cristal puede invertirse de forma independiente<br>Prisma : 3 prismas est\u00e1ndar, invertibles independientemente<\/strong><br>Pantalla: Pantalla LCD de 1,8 pulgadas, sistema operativo biling\u00fce chino e ingl\u00e9s, se puede invertir 180\u00b0 la visualizaci\u00f3n<br>Dispositivo \u00f3ptico: lente \u00f3ptica combinada<br>Modo de control: DMX512\/Master-Slave\/Auto Run\/RDM\/Manual<br>M\u00e9todo de refrigeraci\u00f3n: Se utiliza un ventilador de flujo axial para mejorar la refrigeraci\u00f3n<br>Material exterior: pl\u00e1stico resistente a altas temperaturas<br>Entorno de trabajo: -20 grados - 40 grados<br>L\u00ednea de se\u00f1al: l\u00ednea de se\u00f1al de entrada XLR de tres n\u00facleos, l\u00ednea de se\u00f1al de salida XLR de tres n\u00facleos<br>L\u00ednea de alimentaci\u00f3n: entrada de enchufe de aviaci\u00f3n, salida<br>Nivel de protecci\u00f3n: IP20<\/p>\n\n\n\n<h2 class=\"wp-block-heading\">Par\u00e1metro:<\/h2>\n\n\n\n<figure class=\"wp-block-table\"><table class=\"has-fixed-layout\"><tbody><tr><td>Fuente de luz<\/td><td><strong>M\u00f3dulo LED de 280 W<\/strong><\/td><\/tr><tr><td>Tensi\u00f3n de entrada (V)<\/td><td>CA 100-240 V, 50\/60 Hz<\/td><\/tr><tr><td>Clasificaci\u00f3n IP<\/td><td>IP20<\/td><\/tr><tr><td>Rueda de colores<\/td><td><strong>14 colores + luz blanca<\/strong><\/td><\/tr><tr><td>Rueda de gobos fija<\/td><td><strong>12 gobos fijos + luz blanca<\/strong><\/td><\/tr><tr><td>Rueda de gobos giratoria<\/td><td><strong>7 gobos de cristal + luz blanca, cada gobo de cristal puede invertirse independientemente<\/strong><\/td><\/tr><tr><td>Prisma<\/td><td><strong>3 prismas est\u00e1ndar, pueden invertirse independientemente<\/strong><\/td><\/tr><tr><td>Modo de control<\/td><td>DMX512\/Maestro-Esclavo\/Ejecuci\u00f3n autom\u00e1tica\/RDM\/Manual<\/td><\/tr><tr><td>Garant\u00eda<\/td><td>2 a\u00f1os<\/td><\/tr><tr><td>Servicio OEM&amp;ODM<\/td><td>24 horas en l\u00edneaSi tiene alguna idea sobre el producto, p\u00f3ngase en contacto con nosotros en cualquier momento.<\/td><\/tr><tr><td>Capacidad del proyecto<\/td><td>Tenemos m\u00e1s de 500 a\u00f1os de experiencia en ingenier\u00eda de proyectos en el extranjero.<\/td><\/tr><tr><td>Paquete<\/td><td>Disponible en caja de cart\u00f3n y flight case<\/td><\/tr><tr><td>GW<\/td><td>14.3KG<\/td><\/tr><\/tbody><\/table><\/figure>\n\n\n\n<h2 class=\"wp-block-heading\">Caracter\u00edsticas:<\/h2>\n\n\n\n<ol class=\"wp-block-list\">\n<li>Potente m\u00f3dulo LED: Equipado con un m\u00f3dulo LED de 280W, ofrece una iluminaci\u00f3n de alto brillo con una larga vida \u00fatil de 50.000 horas.<\/li>\n\n\n\n<li>Compatibilidad de canales: Con modos de canal 16\/24\/30ch, lo que garantiza una f\u00e1cil integraci\u00f3n en los sistemas de control.<\/li>\n\n\n\n<li>\u00c1ngulo de zoom: de 2,8 a 32 grados<\/li>\n<\/ol>\n\n\n\n<h2 class=\"wp-block-heading\">Enlace de v\u00eddeo:<\/h2>\n\n\n\n<p><a href=\"https:\/\/www.instagram.com\/p\/DQTopCoEpAB\" target=\"_blank\" rel=\"noopener\">https:\/\/www.instagram.com\/p\/DQTopCoEpAB<\/a><\/p>\n\n\n\n<p><a href=\"https:\/\/youtu.be\/SYkg88i30eo\" target=\"_blank\" rel=\"noopener\">https:\/\/youtu.be\/SYkg88i30eo<\/a><\/p>","protected":false},"excerpt":{"rendered":"<p>El LED BEAM SPOT WASH 280w es una maravilla de la iluminaci\u00f3n. Con su m\u00f3dulo LED de 280 W, brilla con luz propia y dura 50.000 horas. Su compatibilidad con los canales de ROBE hace que sea muy f\u00e1cil de controlar. Los amplios rangos de giro e inclinaci\u00f3n, junto con varias funciones como la atenuaci\u00f3n, el estrobo y las opciones de color, ofrecen infinitas posibilidades creativas. Tanto si ilumina el escenario de un concierto como una discoteca, sus efectos son impresionantes. La pantalla f\u00e1cil de usar y la construcci\u00f3n duradera lo convierten en una opci\u00f3n fiable para cualquier profesional de la iluminaci\u00f3n, garantizando actuaciones cautivadoras en todo momento.<\/p>\n<p>&nbsp;<\/p>\n<blockquote><p>\u00a0<\/p><\/blockquote>\n<p>&nbsp;<\/p>","protected":false},"featured_media":10163,"comment_status":"open","ping_status":"closed","template":"","meta":[],"product_brand":[],"product_cat":[61],"product_tag":[113,158,159,107,115,157,160],"class_list":{"0":"post-8566","1":"product","2":"type-product","3":"status-publish","4":"has-post-thumbnail","6":"product_cat-beam-bsw-moving-head-light","7":"product_tag-beamspotwash","8":"product_tag-bsw3in1","9":"product_tag-ledmovingheadlights","10":"product_tag-movinghead","11":"product_tag-movingheadlights","12":"product_tag-spotmovingheadlight","13":"product_tag-stagelights","15":"first","16":"instock","17":"shipping-taxable","18":"product-type-simple"},"_links":{"self":[{"href":"https:\/\/lirolight.com\/es\/wp-json\/wp\/v2\/product\/8566","targetHints":{"allow":["GET"]}}],"collection":[{"href":"https:\/\/lirolight.com\/es\/wp-json\/wp\/v2\/product"}],"about":[{"href":"https:\/\/lirolight.com\/es\/wp-json\/wp\/v2\/types\/product"}],"replies":[{"embeddable":true,"href":"https:\/\/lirolight.com\/es\/wp-json\/wp\/v2\/comments?post=8566"}],"version-history":[{"count":15,"href":"https:\/\/lirolight.com\/es\/wp-json\/wp\/v2\/product\/8566\/revisions"}],"predecessor-version":[{"id":10619,"href":"https:\/\/lirolight.com\/es\/wp-json\/wp\/v2\/product\/8566\/revisions\/10619"}],"wp:featuredmedia":[{"embeddable":true,"href":"https:\/\/lirolight.com\/es\/wp-json\/wp\/v2\/media\/10163"}],"wp:attachment":[{"href":"https:\/\/lirolight.com\/es\/wp-json\/wp\/v2\/media?parent=8566"}],"wp:term":[{"taxonomy":"product_brand","embeddable":true,"href":"https:\/\/lirolight.com\/es\/wp-json\/wp\/v2\/product_brand?post=8566"},{"taxonomy":"product_cat","embeddable":true,"href":"https:\/\/lirolight.com\/es\/wp-json\/wp\/v2\/product_cat?post=8566"},{"taxonomy":"product_tag","embeddable":true,"href":"https:\/\/lirolight.com\/es\/wp-json\/wp\/v2\/product_tag?post=8566"}],"curies":[{"name":"wp","href":"https:\/\/api.w.org\/{rel}","templated":true}]}}