{"id":8609,"date":"2025-07-22T07:09:46","date_gmt":"2025-07-22T07:09:46","guid":{"rendered":"https:\/\/lirolight.com\/?post_type=product&#038;p=8609"},"modified":"2026-01-14T06:44:39","modified_gmt":"2026-01-14T06:44:39","slug":"led-cmy-cto-cutting-moving-head-light-1000w-led-bswf-framing-beam-spot-wash-stage-light","status":"publish","type":"product","link":"https:\/\/lirolight.com\/es\/producto\/led-cmy-cto-cutting-moving-head-light-1000w-led-bswf-framing-beam-spot-wash-stage-light\/","title":{"rendered":"LiRO-LITE LED CMY CTO Cutting Moving Head Light 1000W LED BSWF Framing Beam Spot Wash Stage Light"},"content":{"rendered":"<h2 class=\"wp-block-heading\"><strong><mark style=\"background-color:#000000\" class=\"has-inline-color has-white-color\">Marco LED LR-1000<\/mark><\/strong><\/h2>\n\n\n\n<hr class=\"wp-block-separator has-alpha-channel-opacity\"\/>\n\n\n\n<h2 class=\"wp-block-heading\"><strong>Fotos<\/strong>:<\/h2>\n\n\n\n<div class=\"wp-block-columns is-layout-flex wp-container-core-columns-is-layout-28f84493 wp-block-columns-is-layout-flex\">\n<div class=\"wp-block-column is-layout-flow wp-block-column-is-layout-flow\">\n<figure class=\"wp-block-image size-large\"><img fetchpriority=\"high\" decoding=\"async\" width=\"1024\" height=\"1024\" src=\"https:\/\/lirolight.com\/wp-content\/uploads\/2025\/07\/1-7-1024x1024.jpg\" alt=\"\" class=\"wp-image-8610\" srcset=\"https:\/\/lirolight.com\/wp-content\/uploads\/2025\/07\/1-7-1024x1024.jpg 1024w, https:\/\/lirolight.com\/wp-content\/uploads\/2025\/07\/1-7-300x300.jpg 300w, https:\/\/lirolight.com\/wp-content\/uploads\/2025\/07\/1-7-150x150.jpg 150w, https:\/\/lirolight.com\/wp-content\/uploads\/2025\/07\/1-7-768x768.jpg 768w, https:\/\/lirolight.com\/wp-content\/uploads\/2025\/07\/1-7-12x12.jpg 12w, https:\/\/lirolight.com\/wp-content\/uploads\/2025\/07\/1-7-990x990.jpg 990w, https:\/\/lirolight.com\/wp-content\/uploads\/2025\/07\/1-7-441x441.jpg 441w, https:\/\/lirolight.com\/wp-content\/uploads\/2025\/07\/1-7-100x100.jpg 100w, https:\/\/lirolight.com\/wp-content\/uploads\/2025\/07\/1-7-800x800.jpg 800w, https:\/\/lirolight.com\/wp-content\/uploads\/2025\/07\/1-7-40x40.jpg 40w, https:\/\/lirolight.com\/wp-content\/uploads\/2025\/07\/1-7.jpg 1500w\" sizes=\"(max-width: 1024px) 100vw, 1024px\" \/><\/figure>\n<\/div>\n\n\n\n<div class=\"wp-block-column is-layout-flow wp-block-column-is-layout-flow\">\n<figure class=\"wp-block-image size-large\"><img decoding=\"async\" width=\"1024\" height=\"1024\" data-src=\"https:\/\/lirolight.com\/wp-content\/uploads\/2025\/07\/3-6-1024x1024.jpg\" alt=\"\" class=\"wp-image-8612 lazyload\" data-srcset=\"https:\/\/lirolight.com\/wp-content\/uploads\/2025\/07\/3-6-1024x1024.jpg 1024w, https:\/\/lirolight.com\/wp-content\/uploads\/2025\/07\/3-6-300x300.jpg 300w, https:\/\/lirolight.com\/wp-content\/uploads\/2025\/07\/3-6-150x150.jpg 150w, https:\/\/lirolight.com\/wp-content\/uploads\/2025\/07\/3-6-768x768.jpg 768w, https:\/\/lirolight.com\/wp-content\/uploads\/2025\/07\/3-6-1536x1536.jpg 1536w, https:\/\/lirolight.com\/wp-content\/uploads\/2025\/07\/3-6-2048x2048.jpg 2048w, https:\/\/lirolight.com\/wp-content\/uploads\/2025\/07\/3-6-12x12.jpg 12w, https:\/\/lirolight.com\/wp-content\/uploads\/2025\/07\/3-6-990x990.jpg 990w, https:\/\/lirolight.com\/wp-content\/uploads\/2025\/07\/3-6-441x441.jpg 441w, https:\/\/lirolight.com\/wp-content\/uploads\/2025\/07\/3-6-100x100.jpg 100w, https:\/\/lirolight.com\/wp-content\/uploads\/2025\/07\/3-6-800x800.jpg 800w, https:\/\/lirolight.com\/wp-content\/uploads\/2025\/07\/3-6-40x40.jpg 40w\" data-sizes=\"(max-width: 1024px) 100vw, 1024px\" src=\"data:image\/gif;base64,R0lGODlhAQABAAAAACH5BAEKAAEALAAAAAABAAEAAAICTAEAOw==\" style=\"--smush-placeholder-width: 1024px; --smush-placeholder-aspect-ratio: 1024\/1024;\" \/><noscript><img decoding=\"async\" width=\"1024\" height=\"1024\" src=\"https:\/\/lirolight.com\/wp-content\/uploads\/2025\/07\/3-6-1024x1024.jpg\" alt=\"\" class=\"wp-image-8612\" srcset=\"https:\/\/lirolight.com\/wp-content\/uploads\/2025\/07\/3-6-1024x1024.jpg 1024w, https:\/\/lirolight.com\/wp-content\/uploads\/2025\/07\/3-6-300x300.jpg 300w, https:\/\/lirolight.com\/wp-content\/uploads\/2025\/07\/3-6-150x150.jpg 150w, https:\/\/lirolight.com\/wp-content\/uploads\/2025\/07\/3-6-768x768.jpg 768w, https:\/\/lirolight.com\/wp-content\/uploads\/2025\/07\/3-6-1536x1536.jpg 1536w, https:\/\/lirolight.com\/wp-content\/uploads\/2025\/07\/3-6-2048x2048.jpg 2048w, https:\/\/lirolight.com\/wp-content\/uploads\/2025\/07\/3-6-12x12.jpg 12w, https:\/\/lirolight.com\/wp-content\/uploads\/2025\/07\/3-6-990x990.jpg 990w, https:\/\/lirolight.com\/wp-content\/uploads\/2025\/07\/3-6-441x441.jpg 441w, https:\/\/lirolight.com\/wp-content\/uploads\/2025\/07\/3-6-100x100.jpg 100w, https:\/\/lirolight.com\/wp-content\/uploads\/2025\/07\/3-6-800x800.jpg 800w, https:\/\/lirolight.com\/wp-content\/uploads\/2025\/07\/3-6-40x40.jpg 40w\" sizes=\"(max-width: 1024px) 100vw, 1024px\" \/><\/noscript><\/figure>\n<\/div>\n<\/div>\n\n\n\n<div class=\"wp-block-columns is-layout-flex wp-container-core-columns-is-layout-28f84493 wp-block-columns-is-layout-flex\">\n<div class=\"wp-block-column is-layout-flow wp-block-column-is-layout-flow\">\n<figure class=\"wp-block-image size-large\"><img decoding=\"async\" width=\"1024\" height=\"1024\" data-src=\"https:\/\/lirolight.com\/wp-content\/uploads\/2025\/07\/2-4-1024x1024.jpg\" alt=\"\" class=\"wp-image-8611 lazyload\" data-srcset=\"https:\/\/lirolight.com\/wp-content\/uploads\/2025\/07\/2-4-1024x1024.jpg 1024w, https:\/\/lirolight.com\/wp-content\/uploads\/2025\/07\/2-4-300x300.jpg 300w, https:\/\/lirolight.com\/wp-content\/uploads\/2025\/07\/2-4-150x150.jpg 150w, https:\/\/lirolight.com\/wp-content\/uploads\/2025\/07\/2-4-768x768.jpg 768w, https:\/\/lirolight.com\/wp-content\/uploads\/2025\/07\/2-4-12x12.jpg 12w, https:\/\/lirolight.com\/wp-content\/uploads\/2025\/07\/2-4-990x990.jpg 990w, https:\/\/lirolight.com\/wp-content\/uploads\/2025\/07\/2-4-441x441.jpg 441w, https:\/\/lirolight.com\/wp-content\/uploads\/2025\/07\/2-4-100x100.jpg 100w, https:\/\/lirolight.com\/wp-content\/uploads\/2025\/07\/2-4-800x800.jpg 800w, https:\/\/lirolight.com\/wp-content\/uploads\/2025\/07\/2-4-40x40.jpg 40w, https:\/\/lirolight.com\/wp-content\/uploads\/2025\/07\/2-4.jpg 1500w\" data-sizes=\"(max-width: 1024px) 100vw, 1024px\" src=\"data:image\/gif;base64,R0lGODlhAQABAAAAACH5BAEKAAEALAAAAAABAAEAAAICTAEAOw==\" style=\"--smush-placeholder-width: 1024px; --smush-placeholder-aspect-ratio: 1024\/1024;\" \/><noscript><img decoding=\"async\" width=\"1024\" height=\"1024\" src=\"https:\/\/lirolight.com\/wp-content\/uploads\/2025\/07\/2-4-1024x1024.jpg\" alt=\"\" class=\"wp-image-8611\" srcset=\"https:\/\/lirolight.com\/wp-content\/uploads\/2025\/07\/2-4-1024x1024.jpg 1024w, https:\/\/lirolight.com\/wp-content\/uploads\/2025\/07\/2-4-300x300.jpg 300w, https:\/\/lirolight.com\/wp-content\/uploads\/2025\/07\/2-4-150x150.jpg 150w, https:\/\/lirolight.com\/wp-content\/uploads\/2025\/07\/2-4-768x768.jpg 768w, https:\/\/lirolight.com\/wp-content\/uploads\/2025\/07\/2-4-12x12.jpg 12w, https:\/\/lirolight.com\/wp-content\/uploads\/2025\/07\/2-4-990x990.jpg 990w, https:\/\/lirolight.com\/wp-content\/uploads\/2025\/07\/2-4-441x441.jpg 441w, https:\/\/lirolight.com\/wp-content\/uploads\/2025\/07\/2-4-100x100.jpg 100w, https:\/\/lirolight.com\/wp-content\/uploads\/2025\/07\/2-4-800x800.jpg 800w, https:\/\/lirolight.com\/wp-content\/uploads\/2025\/07\/2-4-40x40.jpg 40w, https:\/\/lirolight.com\/wp-content\/uploads\/2025\/07\/2-4.jpg 1500w\" sizes=\"(max-width: 1024px) 100vw, 1024px\" \/><\/noscript><\/figure>\n<\/div>\n\n\n\n<div class=\"wp-block-column is-layout-flow wp-block-column-is-layout-flow\">\n<figure class=\"wp-block-image size-large\"><img loading=\"lazy\" decoding=\"async\" width=\"1024\" height=\"1024\" data-src=\"https:\/\/lirolight.com\/wp-content\/uploads\/2025\/07\/4-3-1024x1024.jpg\" alt=\"\" class=\"wp-image-8613 lazyload\" data-srcset=\"https:\/\/lirolight.com\/wp-content\/uploads\/2025\/07\/4-3-1024x1024.jpg 1024w, https:\/\/lirolight.com\/wp-content\/uploads\/2025\/07\/4-3-300x300.jpg 300w, https:\/\/lirolight.com\/wp-content\/uploads\/2025\/07\/4-3-150x150.jpg 150w, https:\/\/lirolight.com\/wp-content\/uploads\/2025\/07\/4-3-768x768.jpg 768w, https:\/\/lirolight.com\/wp-content\/uploads\/2025\/07\/4-3-12x12.jpg 12w, https:\/\/lirolight.com\/wp-content\/uploads\/2025\/07\/4-3-990x990.jpg 990w, https:\/\/lirolight.com\/wp-content\/uploads\/2025\/07\/4-3-441x441.jpg 441w, https:\/\/lirolight.com\/wp-content\/uploads\/2025\/07\/4-3-100x100.jpg 100w, https:\/\/lirolight.com\/wp-content\/uploads\/2025\/07\/4-3-800x800.jpg 800w, https:\/\/lirolight.com\/wp-content\/uploads\/2025\/07\/4-3-40x40.jpg 40w, https:\/\/lirolight.com\/wp-content\/uploads\/2025\/07\/4-3.jpg 1500w\" data-sizes=\"(max-width: 1024px) 100vw, 1024px\" src=\"data:image\/gif;base64,R0lGODlhAQABAAAAACH5BAEKAAEALAAAAAABAAEAAAICTAEAOw==\" style=\"--smush-placeholder-width: 1024px; --smush-placeholder-aspect-ratio: 1024\/1024;\" \/><noscript><img loading=\"lazy\" decoding=\"async\" width=\"1024\" height=\"1024\" src=\"https:\/\/lirolight.com\/wp-content\/uploads\/2025\/07\/4-3-1024x1024.jpg\" alt=\"\" class=\"wp-image-8613\" srcset=\"https:\/\/lirolight.com\/wp-content\/uploads\/2025\/07\/4-3-1024x1024.jpg 1024w, https:\/\/lirolight.com\/wp-content\/uploads\/2025\/07\/4-3-300x300.jpg 300w, https:\/\/lirolight.com\/wp-content\/uploads\/2025\/07\/4-3-150x150.jpg 150w, https:\/\/lirolight.com\/wp-content\/uploads\/2025\/07\/4-3-768x768.jpg 768w, https:\/\/lirolight.com\/wp-content\/uploads\/2025\/07\/4-3-12x12.jpg 12w, https:\/\/lirolight.com\/wp-content\/uploads\/2025\/07\/4-3-990x990.jpg 990w, https:\/\/lirolight.com\/wp-content\/uploads\/2025\/07\/4-3-441x441.jpg 441w, https:\/\/lirolight.com\/wp-content\/uploads\/2025\/07\/4-3-100x100.jpg 100w, https:\/\/lirolight.com\/wp-content\/uploads\/2025\/07\/4-3-800x800.jpg 800w, https:\/\/lirolight.com\/wp-content\/uploads\/2025\/07\/4-3-40x40.jpg 40w, https:\/\/lirolight.com\/wp-content\/uploads\/2025\/07\/4-3.jpg 1500w\" sizes=\"(max-width: 1024px) 100vw, 1024px\" \/><\/noscript><\/figure>\n<\/div>\n<\/div>\n\n\n\n<figure class=\"wp-block-image size-full is-resized\"><img loading=\"lazy\" decoding=\"async\" width=\"2092\" height=\"661\" data-src=\"https:\/\/lirolight.com\/wp-content\/uploads\/2025\/07\/1744619893130.png\" alt=\"\" class=\"wp-image-8614 lazyload\" style=\"--smush-placeholder-width: 2092px; --smush-placeholder-aspect-ratio: 2092\/661;width:900px;height:auto\" data-srcset=\"https:\/\/lirolight.com\/wp-content\/uploads\/2025\/07\/1744619893130.png 2092w, https:\/\/lirolight.com\/wp-content\/uploads\/2025\/07\/1744619893130-300x95.png 300w, https:\/\/lirolight.com\/wp-content\/uploads\/2025\/07\/1744619893130-1024x324.png 1024w, https:\/\/lirolight.com\/wp-content\/uploads\/2025\/07\/1744619893130-768x243.png 768w, https:\/\/lirolight.com\/wp-content\/uploads\/2025\/07\/1744619893130-1536x485.png 1536w, https:\/\/lirolight.com\/wp-content\/uploads\/2025\/07\/1744619893130-2048x647.png 2048w, https:\/\/lirolight.com\/wp-content\/uploads\/2025\/07\/1744619893130-18x6.png 18w, https:\/\/lirolight.com\/wp-content\/uploads\/2025\/07\/1744619893130-990x313.png 990w, https:\/\/lirolight.com\/wp-content\/uploads\/2025\/07\/1744619893130-441x139.png 441w, https:\/\/lirolight.com\/wp-content\/uploads\/2025\/07\/1744619893130-800x253.png 800w, https:\/\/lirolight.com\/wp-content\/uploads\/2025\/07\/1744619893130-150x47.png 150w, https:\/\/lirolight.com\/wp-content\/uploads\/2025\/07\/1744619893130-60x19.png 60w\" data-sizes=\"(max-width: 2092px) 100vw, 2092px\" src=\"data:image\/gif;base64,R0lGODlhAQABAAAAACH5BAEKAAEALAAAAAABAAEAAAICTAEAOw==\" \/><noscript><img loading=\"lazy\" decoding=\"async\" width=\"2092\" height=\"661\" src=\"https:\/\/lirolight.com\/wp-content\/uploads\/2025\/07\/1744619893130.png\" alt=\"\" class=\"wp-image-8614\" style=\"width:900px;height:auto\" srcset=\"https:\/\/lirolight.com\/wp-content\/uploads\/2025\/07\/1744619893130.png 2092w, https:\/\/lirolight.com\/wp-content\/uploads\/2025\/07\/1744619893130-300x95.png 300w, https:\/\/lirolight.com\/wp-content\/uploads\/2025\/07\/1744619893130-1024x324.png 1024w, https:\/\/lirolight.com\/wp-content\/uploads\/2025\/07\/1744619893130-768x243.png 768w, https:\/\/lirolight.com\/wp-content\/uploads\/2025\/07\/1744619893130-1536x485.png 1536w, https:\/\/lirolight.com\/wp-content\/uploads\/2025\/07\/1744619893130-2048x647.png 2048w, https:\/\/lirolight.com\/wp-content\/uploads\/2025\/07\/1744619893130-18x6.png 18w, https:\/\/lirolight.com\/wp-content\/uploads\/2025\/07\/1744619893130-990x313.png 990w, https:\/\/lirolight.com\/wp-content\/uploads\/2025\/07\/1744619893130-441x139.png 441w, https:\/\/lirolight.com\/wp-content\/uploads\/2025\/07\/1744619893130-800x253.png 800w, https:\/\/lirolight.com\/wp-content\/uploads\/2025\/07\/1744619893130-150x47.png 150w, https:\/\/lirolight.com\/wp-content\/uploads\/2025\/07\/1744619893130-60x19.png 60w\" sizes=\"(max-width: 2092px) 100vw, 2092px\" \/><\/noscript><\/figure>\n\n\n\n<h2 class=\"wp-block-heading\"><font style=\"vertical-align: inherit;\"><font style=\"vertical-align: inherit;\">Especificaci\u00f3n\uff1a<\/font><\/font><\/h2>\n\n\n\n<p><strong>Especificaci\u00f3n de la fuente de luz: M\u00f3dulo LED de 1000 W<\/strong><br>Vida \u00fatil de la fuente luminosa: 20000 horas<br><strong>\u00c1ngulo de zoom: zoom lineal electr\u00f3nico de 5-50 grados<\/strong><br>\u00cdndice de reproducci\u00f3n crom\u00e1tica: modo de visualizaci\u00f3n ajustable, modo est\u00e1ndar Ra &gt;70, modo de visualizaci\u00f3n alto &gt;90<br>Sistema de mezcla de color: Sistema independiente de mezcla de colores CMY<br>Ajuste de la temperatura de color: Correcci\u00f3n de temperatura de color CTO (7200-3200K)<br>Temperatura de color de la fuente de luz: 7000K<br><strong>Placa de color: 4 colores+arco iris<br>Gobo fijo : 9 gobos fijos+blanco, que pueden cambiar de velocidad y agitaci\u00f3n<br>Gobo giratorio: 6 gobos opcionales (enchufables), fluctuaci\u00f3n de velocidad variable y rotaci\u00f3n bidireccional<br>Bandeja de efectos: S\u00faper deslumbrante simulaci\u00f3n de llamas din\u00e1micas, gorgoteo de agua y otros efectos din\u00e1micos.<\/strong><br>Prisma: prismas de 4 facetas, con rotaci\u00f3n bidireccional independiente<br>Panor\u00e1mica\/inclinaci\u00f3n: 540\u00b0\/270\u00b0, retorno autom\u00e1tico y ajuste de precisi\u00f3n de 16 bits<br><strong>Sistema de corte: 4 piezas de corte independientes, cada pieza se puede cerrar individualmente la luz, se puede girar 90 \u00b0<\/strong><br>Regulaci\u00f3n: 0-100% ajuste lineal<br>Estrobosc\u00f3pico: Estrobosc\u00f3pico electr\u00f3nico r\u00e1pido de 0-25Hz<br>Escarcha: 1 escarcha independiente,0-100% atomizaci\u00f3n lineal, punto de luz natural suave<br>Tensi\u00f3n de entrada: AC90V-240V \/50Hz-60Hz<br>Modo de canal: 39CH<br>Protocolo de control: Protocolo est\u00e1ndar DMX512<br>Interfaz de se\u00f1al: Entrada\/salida de se\u00f1al XLR de 3 n\u00facleos+5 n\u00facleos<br>Modo de visualizaci\u00f3n: Pantalla t\u00e1ctil LCD, puede invertir 180\u00b0 la visualizaci\u00f3n<br>Ahorro de energ\u00eda: Entra autom\u00e1ticamente en estado de reposo cuando se desconecta la se\u00f1al, lo que supone seguridad y ahorro de energ\u00eda<br>Actualizaci\u00f3n de software: el software se puede actualizar a trav\u00e9s del cable de se\u00f1al DMX<br>Sistema de refrigeraci\u00f3n: sistema de refrigeraci\u00f3n eficiente, ventilador de velocidad inteligente, sensor de temperatura integrado, sistema de refrigeraci\u00f3n autom\u00e1tico<br>Aspecto del producto: ign\u00edfugo, resistente a altas temperaturas, con abrazaderas plegables<br>Peso neto: 34KG<br>Tama\u00f1o del producto: 42,6x<em>28.9<\/em>x75.1CM<br>Nivel de protecci\u00f3n: IP20<\/p>\n\n\n\n<h2 class=\"wp-block-heading\">Par\u00e1metro:<\/h2>\n\n\n\n<figure class=\"wp-block-table\"><table class=\"has-fixed-layout\"><tbody><tr><td>Fuente de luz<\/td><td><strong><strong>M\u00f3dulo LED 1000w<\/strong><\/strong><\/td><\/tr><tr><td>Tensi\u00f3n de entrada (V)<\/td><td>CA 100-240 V, 50\/60 Hz<\/td><\/tr><tr><td>Clasificaci\u00f3n IP<\/td><td>IP20<\/td><\/tr><tr><td>\u00c1ngulo de zoom<\/td><td>zoom lineal electr\u00f3nico 5-50 grados<\/td><\/tr><tr><td>Rueda de colores<\/td><td><strong><strong>4 colores+arco iris<\/strong><\/strong><\/td><\/tr><tr><td>Rueda de gobos fija<\/td><td><strong><strong><strong>9 gobos fijos+blanco, que pueden cambiar de velocidad y agitaci\u00f3n<\/strong><\/strong><\/strong><\/td><\/tr><tr><td>Rueda de gobos giratoria<\/td><td><strong><strong><strong>6 gobos opcionales (enchufables), fluctuaci\u00f3n de velocidad variable y rotaci\u00f3n bidireccional<\/strong><\/strong><\/strong><\/td><\/tr><tr><td>Sistema de corte<\/td><td><strong>4 piezas de corte independientes, cada pieza se puede cerrar individualmente la luz, se puede girar 90<\/strong><\/td><\/tr><tr><td>Prisma<\/td><td><strong><strong>Prismas de 4 facetas, con rotaci\u00f3n bidireccional independiente<\/strong><\/strong><\/td><\/tr><tr><td>Modo de control<\/td><td>DMX512\/Maestro-Esclavo\/Ejecuci\u00f3n autom\u00e1tica\/RDM\/Manual<\/td><\/tr><tr><td>Garant\u00eda<\/td><td>2 a\u00f1os<\/td><\/tr><tr><td>Servicio OEM&amp;ODM<\/td><td>24 horas en l\u00edneaSi tiene alguna idea sobre el producto, p\u00f3ngase en contacto con nosotros en cualquier momento.<\/td><\/tr><tr><td>Capacidad del proyecto<\/td><td>Tenemos m\u00e1s de 500 a\u00f1os de experiencia en ingenier\u00eda de proyectos en el extranjero.<\/td><\/tr><tr><td>Paquete<\/td><td>Disponible en caja de cart\u00f3n y flight case<\/td><\/tr><tr><td>GW<\/td><td>34KG<\/td><\/tr><\/tbody><\/table><\/figure>\n\n\n\n<h2 class=\"wp-block-heading\">Escenarios de aplicaci\u00f3n:<\/h2>\n\n\n\n<p>Es adecuado para teatros, representaciones esc\u00e9nicas, grandes conciertos, estudios de televisi\u00f3n, iluminaci\u00f3n de grandes eventos y otros lugares que requieran efectos de iluminaci\u00f3n din\u00e1micos y cambiantes.<\/p>\n\n\n\n<h2 class=\"wp-block-heading\">Enlace de v\u00eddeo:<\/h2>\n\n\n\n<figure class=\"wp-block-embed is-type-video is-provider-youtube wp-block-embed-youtube wp-embed-aspect-16-9 wp-has-aspect-ratio\"><div class=\"wp-block-embed__wrapper\">\n<div class=\"video-container\"><iframe title=\"1000 LED Frame Light demo video #LIRO-LITE #ledmovingheadlight  #1000LEDFrame #stagelight\" width=\"1170\" height=\"658\" data-src=\"https:\/\/www.youtube.com\/embed\/iejNdnyK9cc?feature=oembed\" frameborder=\"0\" allow=\"accelerometer; autoplay; clipboard-write; encrypted-media; gyroscope; picture-in-picture; web-share\" referrerpolicy=\"strict-origin-when-cross-origin\" allowfullscreen src=\"data:image\/gif;base64,R0lGODlhAQABAAAAACH5BAEKAAEALAAAAAABAAEAAAICTAEAOw==\" class=\"lazyload\" data-load-mode=\"1\"><\/iframe><\/div>\n<\/div><\/figure>\n\n\n\n<p><\/p>","protected":false},"excerpt":{"rendered":"<p>LiRO-LITE 1000W Frame utiliza una fuente de luz de m\u00f3dulo LED, una vers\u00e1til luz de escenario 4 en 1 que combina las funcionalidades de haz, spot, wash y encuadre. Incorpora un zoom lineal electr\u00f3nico de 5,5\u00b0 a 50\u00b0, mezcla de colores CMY+CTO y ruedas dobles para efectos de color y arco iris. Equipado con 2 ruedas de gobos, un obturador de 4 hojas con movimiento independiente y una rueda de efectos din\u00e1micos. El prisma de 4 facetas aumenta la versatilidad. Ideal para actuaciones sobre el escenario, esta luz ofrece efectos visuales impresionantes y un control preciso, garantizando que su espect\u00e1culo destaque con colores vibrantes y patrones din\u00e1micos. Eleve su actuaci\u00f3n con esta soluci\u00f3n de iluminaci\u00f3n potente y flexible.<\/p>\n<p>&nbsp;<\/p>\n<blockquote><p>\u00a0<\/p><\/blockquote>\n<p>&nbsp;<\/p>","protected":false},"featured_media":8610,"comment_status":"open","ping_status":"closed","template":"","meta":[],"product_brand":[],"product_cat":[61],"product_tag":[166,167,168,159,107,115,157,160],"class_list":{"0":"post-8609","1":"product","2":"type-product","3":"status-publish","4":"has-post-thumbnail","6":"product_cat-beam-bsw-moving-head-light","7":"product_tag-bswf4in1movingheadlight","8":"product_tag-bswfcuttinglight","9":"product_tag-bswfmovinghead","10":"product_tag-ledmovingheadlights","11":"product_tag-movinghead","12":"product_tag-movingheadlights","13":"product_tag-spotmovingheadlight","14":"product_tag-stagelights","16":"first","17":"instock","18":"shipping-taxable","19":"product-type-simple"},"_links":{"self":[{"href":"https:\/\/lirolight.com\/es\/wp-json\/wp\/v2\/product\/8609","targetHints":{"allow":["GET"]}}],"collection":[{"href":"https:\/\/lirolight.com\/es\/wp-json\/wp\/v2\/product"}],"about":[{"href":"https:\/\/lirolight.com\/es\/wp-json\/wp\/v2\/types\/product"}],"replies":[{"embeddable":true,"href":"https:\/\/lirolight.com\/es\/wp-json\/wp\/v2\/comments?post=8609"}],"version-history":[{"count":5,"href":"https:\/\/lirolight.com\/es\/wp-json\/wp\/v2\/product\/8609\/revisions"}],"predecessor-version":[{"id":10622,"href":"https:\/\/lirolight.com\/es\/wp-json\/wp\/v2\/product\/8609\/revisions\/10622"}],"wp:featuredmedia":[{"embeddable":true,"href":"https:\/\/lirolight.com\/es\/wp-json\/wp\/v2\/media\/8610"}],"wp:attachment":[{"href":"https:\/\/lirolight.com\/es\/wp-json\/wp\/v2\/media?parent=8609"}],"wp:term":[{"taxonomy":"product_brand","embeddable":true,"href":"https:\/\/lirolight.com\/es\/wp-json\/wp\/v2\/product_brand?post=8609"},{"taxonomy":"product_cat","embeddable":true,"href":"https:\/\/lirolight.com\/es\/wp-json\/wp\/v2\/product_cat?post=8609"},{"taxonomy":"product_tag","embeddable":true,"href":"https:\/\/lirolight.com\/es\/wp-json\/wp\/v2\/product_tag?post=8609"}],"curies":[{"name":"wp","href":"https:\/\/api.w.org\/{rel}","templated":true}]}}