{"id":8617,"date":"2025-07-22T07:55:49","date_gmt":"2025-07-22T07:55:49","guid":{"rendered":"https:\/\/lirolight.com\/?post_type=product&#038;p=8617"},"modified":"2026-01-14T06:46:09","modified_gmt":"2026-01-14T06:46:09","slug":"liro-lite-bulb-beam-light-300w-moving-head-light-dmx512-sharpy-beam-nightclub-stage-lighting-for-wedding-concert","status":"publish","type":"product","link":"https:\/\/lirolight.com\/es\/producto\/liro-lite-bulb-beam-light-300w-moving-head-light-dmx512-sharpy-beam-nightclub-stage-lighting-for-wedding-concert\/","title":{"rendered":"LiRO-LITE Bombilla 300W Cabeza Movil DMX512 Sharpy Beam Iluminacion Escenario Nightclub para Boda Concierto"},"content":{"rendered":"<h2 class=\"wp-block-heading\"><strong><mark style=\"background-color:#000000\" class=\"has-inline-color has-white-color\">LR-BEAM 300<\/mark><\/strong><\/h2>\n\n\n\n<hr class=\"wp-block-separator has-alpha-channel-opacity\"\/>\n\n\n\n<h2 class=\"wp-block-heading\"><strong>Fotos<\/strong>:<\/h2>\n\n\n\n<div class=\"wp-block-columns is-layout-flex wp-container-core-columns-is-layout-28f84493 wp-block-columns-is-layout-flex\">\n<div class=\"wp-block-column is-layout-flow wp-block-column-is-layout-flow\">\n<figure class=\"wp-block-image size-full\"><img fetchpriority=\"high\" decoding=\"async\" width=\"2000\" height=\"2000\" src=\"https:\/\/lirolight.com\/wp-content\/uploads\/2025\/07\/\u5fae\u4fe1\u56fe\u7247_20250723162456.jpg\" alt=\"\" class=\"wp-image-8705\" srcset=\"https:\/\/lirolight.com\/wp-content\/uploads\/2025\/07\/\u5fae\u4fe1\u56fe\u7247_20250723162456.jpg 2000w, https:\/\/lirolight.com\/wp-content\/uploads\/2025\/07\/\u5fae\u4fe1\u56fe\u7247_20250723162456-300x300.jpg 300w, https:\/\/lirolight.com\/wp-content\/uploads\/2025\/07\/\u5fae\u4fe1\u56fe\u7247_20250723162456-1024x1024.jpg 1024w, https:\/\/lirolight.com\/wp-content\/uploads\/2025\/07\/\u5fae\u4fe1\u56fe\u7247_20250723162456-150x150.jpg 150w, https:\/\/lirolight.com\/wp-content\/uploads\/2025\/07\/\u5fae\u4fe1\u56fe\u7247_20250723162456-768x768.jpg 768w, https:\/\/lirolight.com\/wp-content\/uploads\/2025\/07\/\u5fae\u4fe1\u56fe\u7247_20250723162456-1536x1536.jpg 1536w, https:\/\/lirolight.com\/wp-content\/uploads\/2025\/07\/\u5fae\u4fe1\u56fe\u7247_20250723162456-12x12.jpg 12w, https:\/\/lirolight.com\/wp-content\/uploads\/2025\/07\/\u5fae\u4fe1\u56fe\u7247_20250723162456-990x990.jpg 990w, https:\/\/lirolight.com\/wp-content\/uploads\/2025\/07\/\u5fae\u4fe1\u56fe\u7247_20250723162456-441x441.jpg 441w, https:\/\/lirolight.com\/wp-content\/uploads\/2025\/07\/\u5fae\u4fe1\u56fe\u7247_20250723162456-100x100.jpg 100w, https:\/\/lirolight.com\/wp-content\/uploads\/2025\/07\/\u5fae\u4fe1\u56fe\u7247_20250723162456-800x800.jpg 800w, https:\/\/lirolight.com\/wp-content\/uploads\/2025\/07\/\u5fae\u4fe1\u56fe\u7247_20250723162456-40x40.jpg 40w\" sizes=\"(max-width: 2000px) 100vw, 2000px\" \/><\/figure>\n<\/div>\n\n\n\n<div class=\"wp-block-column is-layout-flow wp-block-column-is-layout-flow\">\n<figure class=\"wp-block-image size-full\"><img decoding=\"async\" width=\"2000\" height=\"2000\" data-src=\"https:\/\/lirolight.com\/wp-content\/uploads\/2025\/07\/3-9.jpg\" alt=\"\" class=\"wp-image-8708 lazyload\" data-srcset=\"https:\/\/lirolight.com\/wp-content\/uploads\/2025\/07\/3-9.jpg 2000w, https:\/\/lirolight.com\/wp-content\/uploads\/2025\/07\/3-9-300x300.jpg 300w, https:\/\/lirolight.com\/wp-content\/uploads\/2025\/07\/3-9-1024x1024.jpg 1024w, https:\/\/lirolight.com\/wp-content\/uploads\/2025\/07\/3-9-150x150.jpg 150w, https:\/\/lirolight.com\/wp-content\/uploads\/2025\/07\/3-9-768x768.jpg 768w, https:\/\/lirolight.com\/wp-content\/uploads\/2025\/07\/3-9-1536x1536.jpg 1536w, https:\/\/lirolight.com\/wp-content\/uploads\/2025\/07\/3-9-12x12.jpg 12w, https:\/\/lirolight.com\/wp-content\/uploads\/2025\/07\/3-9-990x990.jpg 990w, https:\/\/lirolight.com\/wp-content\/uploads\/2025\/07\/3-9-441x441.jpg 441w, https:\/\/lirolight.com\/wp-content\/uploads\/2025\/07\/3-9-100x100.jpg 100w, https:\/\/lirolight.com\/wp-content\/uploads\/2025\/07\/3-9-800x800.jpg 800w, https:\/\/lirolight.com\/wp-content\/uploads\/2025\/07\/3-9-40x40.jpg 40w\" data-sizes=\"(max-width: 2000px) 100vw, 2000px\" src=\"data:image\/gif;base64,R0lGODlhAQABAAAAACH5BAEKAAEALAAAAAABAAEAAAICTAEAOw==\" style=\"--smush-placeholder-width: 2000px; --smush-placeholder-aspect-ratio: 2000\/2000;\" \/><noscript><img decoding=\"async\" width=\"2000\" height=\"2000\" src=\"https:\/\/lirolight.com\/wp-content\/uploads\/2025\/07\/3-9.jpg\" alt=\"\" class=\"wp-image-8708\" srcset=\"https:\/\/lirolight.com\/wp-content\/uploads\/2025\/07\/3-9.jpg 2000w, https:\/\/lirolight.com\/wp-content\/uploads\/2025\/07\/3-9-300x300.jpg 300w, https:\/\/lirolight.com\/wp-content\/uploads\/2025\/07\/3-9-1024x1024.jpg 1024w, https:\/\/lirolight.com\/wp-content\/uploads\/2025\/07\/3-9-150x150.jpg 150w, https:\/\/lirolight.com\/wp-content\/uploads\/2025\/07\/3-9-768x768.jpg 768w, https:\/\/lirolight.com\/wp-content\/uploads\/2025\/07\/3-9-1536x1536.jpg 1536w, https:\/\/lirolight.com\/wp-content\/uploads\/2025\/07\/3-9-12x12.jpg 12w, https:\/\/lirolight.com\/wp-content\/uploads\/2025\/07\/3-9-990x990.jpg 990w, https:\/\/lirolight.com\/wp-content\/uploads\/2025\/07\/3-9-441x441.jpg 441w, https:\/\/lirolight.com\/wp-content\/uploads\/2025\/07\/3-9-100x100.jpg 100w, https:\/\/lirolight.com\/wp-content\/uploads\/2025\/07\/3-9-800x800.jpg 800w, https:\/\/lirolight.com\/wp-content\/uploads\/2025\/07\/3-9-40x40.jpg 40w\" sizes=\"(max-width: 2000px) 100vw, 2000px\" \/><\/noscript><\/figure>\n<\/div>\n<\/div>\n\n\n\n<div class=\"wp-block-columns is-layout-flex wp-container-core-columns-is-layout-28f84493 wp-block-columns-is-layout-flex\">\n<div class=\"wp-block-column is-layout-flow wp-block-column-is-layout-flow\">\n<figure class=\"wp-block-image size-full\"><img decoding=\"async\" width=\"2000\" height=\"2000\" data-src=\"https:\/\/lirolight.com\/wp-content\/uploads\/2025\/07\/b300-4.jpg\" alt=\"\" class=\"wp-image-8715 lazyload\" data-srcset=\"https:\/\/lirolight.com\/wp-content\/uploads\/2025\/07\/b300-4.jpg 2000w, https:\/\/lirolight.com\/wp-content\/uploads\/2025\/07\/b300-4-300x300.jpg 300w, https:\/\/lirolight.com\/wp-content\/uploads\/2025\/07\/b300-4-1024x1024.jpg 1024w, https:\/\/lirolight.com\/wp-content\/uploads\/2025\/07\/b300-4-150x150.jpg 150w, https:\/\/lirolight.com\/wp-content\/uploads\/2025\/07\/b300-4-768x768.jpg 768w, https:\/\/lirolight.com\/wp-content\/uploads\/2025\/07\/b300-4-1536x1536.jpg 1536w, https:\/\/lirolight.com\/wp-content\/uploads\/2025\/07\/b300-4-12x12.jpg 12w, https:\/\/lirolight.com\/wp-content\/uploads\/2025\/07\/b300-4-990x990.jpg 990w, https:\/\/lirolight.com\/wp-content\/uploads\/2025\/07\/b300-4-441x441.jpg 441w, https:\/\/lirolight.com\/wp-content\/uploads\/2025\/07\/b300-4-100x100.jpg 100w, https:\/\/lirolight.com\/wp-content\/uploads\/2025\/07\/b300-4-800x800.jpg 800w, https:\/\/lirolight.com\/wp-content\/uploads\/2025\/07\/b300-4-40x40.jpg 40w\" data-sizes=\"(max-width: 2000px) 100vw, 2000px\" src=\"data:image\/gif;base64,R0lGODlhAQABAAAAACH5BAEKAAEALAAAAAABAAEAAAICTAEAOw==\" style=\"--smush-placeholder-width: 2000px; --smush-placeholder-aspect-ratio: 2000\/2000;\" \/><noscript><img decoding=\"async\" width=\"2000\" height=\"2000\" src=\"https:\/\/lirolight.com\/wp-content\/uploads\/2025\/07\/b300-4.jpg\" alt=\"\" class=\"wp-image-8715\" srcset=\"https:\/\/lirolight.com\/wp-content\/uploads\/2025\/07\/b300-4.jpg 2000w, https:\/\/lirolight.com\/wp-content\/uploads\/2025\/07\/b300-4-300x300.jpg 300w, https:\/\/lirolight.com\/wp-content\/uploads\/2025\/07\/b300-4-1024x1024.jpg 1024w, https:\/\/lirolight.com\/wp-content\/uploads\/2025\/07\/b300-4-150x150.jpg 150w, https:\/\/lirolight.com\/wp-content\/uploads\/2025\/07\/b300-4-768x768.jpg 768w, https:\/\/lirolight.com\/wp-content\/uploads\/2025\/07\/b300-4-1536x1536.jpg 1536w, https:\/\/lirolight.com\/wp-content\/uploads\/2025\/07\/b300-4-12x12.jpg 12w, https:\/\/lirolight.com\/wp-content\/uploads\/2025\/07\/b300-4-990x990.jpg 990w, https:\/\/lirolight.com\/wp-content\/uploads\/2025\/07\/b300-4-441x441.jpg 441w, https:\/\/lirolight.com\/wp-content\/uploads\/2025\/07\/b300-4-100x100.jpg 100w, https:\/\/lirolight.com\/wp-content\/uploads\/2025\/07\/b300-4-800x800.jpg 800w, https:\/\/lirolight.com\/wp-content\/uploads\/2025\/07\/b300-4-40x40.jpg 40w\" sizes=\"(max-width: 2000px) 100vw, 2000px\" \/><\/noscript><\/figure>\n<\/div>\n\n\n\n<div class=\"wp-block-column is-layout-flow wp-block-column-is-layout-flow\">\n<figure class=\"wp-block-image size-full\"><img loading=\"lazy\" decoding=\"async\" width=\"2000\" height=\"2000\" data-src=\"https:\/\/lirolight.com\/wp-content\/uploads\/2025\/07\/b300-6.jpg\" alt=\"\" class=\"wp-image-8719 lazyload\" data-srcset=\"https:\/\/lirolight.com\/wp-content\/uploads\/2025\/07\/b300-6.jpg 2000w, https:\/\/lirolight.com\/wp-content\/uploads\/2025\/07\/b300-6-300x300.jpg 300w, https:\/\/lirolight.com\/wp-content\/uploads\/2025\/07\/b300-6-1024x1024.jpg 1024w, https:\/\/lirolight.com\/wp-content\/uploads\/2025\/07\/b300-6-150x150.jpg 150w, https:\/\/lirolight.com\/wp-content\/uploads\/2025\/07\/b300-6-768x768.jpg 768w, https:\/\/lirolight.com\/wp-content\/uploads\/2025\/07\/b300-6-1536x1536.jpg 1536w, https:\/\/lirolight.com\/wp-content\/uploads\/2025\/07\/b300-6-12x12.jpg 12w, https:\/\/lirolight.com\/wp-content\/uploads\/2025\/07\/b300-6-990x990.jpg 990w, https:\/\/lirolight.com\/wp-content\/uploads\/2025\/07\/b300-6-441x441.jpg 441w, https:\/\/lirolight.com\/wp-content\/uploads\/2025\/07\/b300-6-100x100.jpg 100w, https:\/\/lirolight.com\/wp-content\/uploads\/2025\/07\/b300-6-800x800.jpg 800w, https:\/\/lirolight.com\/wp-content\/uploads\/2025\/07\/b300-6-40x40.jpg 40w\" data-sizes=\"(max-width: 2000px) 100vw, 2000px\" src=\"data:image\/gif;base64,R0lGODlhAQABAAAAACH5BAEKAAEALAAAAAABAAEAAAICTAEAOw==\" style=\"--smush-placeholder-width: 2000px; --smush-placeholder-aspect-ratio: 2000\/2000;\" \/><noscript><img loading=\"lazy\" decoding=\"async\" width=\"2000\" height=\"2000\" src=\"https:\/\/lirolight.com\/wp-content\/uploads\/2025\/07\/b300-6.jpg\" alt=\"\" class=\"wp-image-8719\" srcset=\"https:\/\/lirolight.com\/wp-content\/uploads\/2025\/07\/b300-6.jpg 2000w, https:\/\/lirolight.com\/wp-content\/uploads\/2025\/07\/b300-6-300x300.jpg 300w, https:\/\/lirolight.com\/wp-content\/uploads\/2025\/07\/b300-6-1024x1024.jpg 1024w, https:\/\/lirolight.com\/wp-content\/uploads\/2025\/07\/b300-6-150x150.jpg 150w, https:\/\/lirolight.com\/wp-content\/uploads\/2025\/07\/b300-6-768x768.jpg 768w, https:\/\/lirolight.com\/wp-content\/uploads\/2025\/07\/b300-6-1536x1536.jpg 1536w, https:\/\/lirolight.com\/wp-content\/uploads\/2025\/07\/b300-6-12x12.jpg 12w, https:\/\/lirolight.com\/wp-content\/uploads\/2025\/07\/b300-6-990x990.jpg 990w, https:\/\/lirolight.com\/wp-content\/uploads\/2025\/07\/b300-6-441x441.jpg 441w, https:\/\/lirolight.com\/wp-content\/uploads\/2025\/07\/b300-6-100x100.jpg 100w, https:\/\/lirolight.com\/wp-content\/uploads\/2025\/07\/b300-6-800x800.jpg 800w, https:\/\/lirolight.com\/wp-content\/uploads\/2025\/07\/b300-6-40x40.jpg 40w\" sizes=\"(max-width: 2000px) 100vw, 2000px\" \/><\/noscript><\/figure>\n<\/div>\n<\/div>\n\n\n\n<h2 class=\"wp-block-heading\"><font style=\"vertical-align: inherit;\"><font style=\"vertical-align: inherit;\">Especificaci\u00f3n\uff1a<\/font><\/font><\/h2>\n\n\n\n<p>Tensi\u00f3n: 110-240 V, 50\/60 Hz<br><strong>L\u00e1mpara: L\u00e1mpara original MSD Sliver 300w<\/strong><br>Potencia: 450W (CE,ISO9000 fuente de alimentaci\u00f3n est\u00e1ndar)<br><strong>Canal: 16\/20 canales<\/strong><br>Pan: 540\u00b0(16bit scan) correcci\u00f3n electr\u00f3nica<br>Inclinaci\u00f3n: 250\u00b0 (exploraci\u00f3n de 16 bits) correcci\u00f3n electr\u00f3nica<br><strong>Rueda de colores: 14 colores + luz blanca, con efecto arco iris giratorio, una rueda de seis colores, efecto arco iris<br>Rueda de gobos: 17 gobos + blanco, con rotaci\u00f3n y agitaci\u00f3n<\/strong><br>Estrobosc\u00f3pico: hasta 13 veces por segundo, con funci\u00f3n aleatoria, de impulsos<br>Regulaci\u00f3n :0-100% lineal<br><strong>Prisma: Efecto prisma, uno de 16 prismas,48 prismas, los prismas se pueden seleccionar<\/strong><br>Escarcha: 0-100% lineal<br>Enfoque electr\u00f3nico<br>Funci\u00f3n especial:<br>Apague el obturador 5 segundos, la potencia de la l\u00e1mpara se reduce autom\u00e1ticamente 35% para prolongar la vida \u00fatil de la l\u00e1mpara<br>Velocidad del ventilador inferior a 500RPM, l\u00e1mpara apagada para proteger<br>Clase IP: IP20<br>Protecci\u00f3n contra sobrecalentamiento<br>Tama\u00f1o de la luz:32.1\u00d723.6\u00d753.8cm<br>PESO NETO: 15 KG<\/p>\n\n\n\n<h2 class=\"wp-block-heading\">Par\u00e1metro:<\/h2>\n\n\n\n<figure class=\"wp-block-table\"><table class=\"has-fixed-layout\"><tbody><tr><td>Fuente de luz<\/td><td><strong><strong><strong>L\u00e1mpara original MSD Sliver 300w<\/strong><\/strong><\/strong><\/td><\/tr><tr><td>Tensi\u00f3n de entrada (V)<\/td><td>110-240 V, 50\/60 Hz<\/td><\/tr><tr><td>Clasificaci\u00f3n IP<\/td><td>IP20<\/td><\/tr><tr><td>Rueda de colores<\/td><td><strong><strong><strong>14 colores + luz blanca, con efecto arco iris giratorio, una rueda de seis colores, efecto arco iris<\/strong><\/strong><\/strong><\/td><\/tr><tr><td>Rueda de gobos<\/td><td><strong>17 Gobo + blanco, con rotaci\u00f3n y agitaci\u00f3n<\/strong><\/td><\/tr><tr><td>Prisma<\/td><td><strong><strong><strong>Efecto prisma, un prisma de 16, 48 prismas, los prismas se pueden seleccionar<\/strong><\/strong><\/strong><\/td><\/tr><tr><td>Modo de control<\/td><td>DMX512\/Maestro-Esclavo\/Ejecuci\u00f3n autom\u00e1tica\/RDM\/Manual<\/td><\/tr><tr><td>Garant\u00eda<\/td><td>2 a\u00f1os<\/td><\/tr><tr><td>Servicio OEM&amp;ODM<\/td><td>24 horas en l\u00edneaSi tiene alguna idea sobre el producto, p\u00f3ngase en contacto con nosotros en cualquier momento.<\/td><\/tr><tr><td>Capacidad del proyecto<\/td><td>Tenemos m\u00e1s de 500 a\u00f1os de experiencia en ingenier\u00eda de proyectos en el extranjero.<\/td><\/tr><tr><td>Paquete<\/td><td>Disponible en caja de cart\u00f3n y flight case<\/td><\/tr><tr><td>GW<\/td><td>15KG<\/td><\/tr><\/tbody><\/table><\/figure>\n\n\n\n<figure class=\"wp-block-image size-full is-resized\"><img loading=\"lazy\" decoding=\"async\" width=\"800\" height=\"374\" data-src=\"https:\/\/lirolight.com\/wp-content\/uploads\/2025\/07\/333-1.jpg\" alt=\"\" class=\"wp-image-8622 lazyload\" style=\"--smush-placeholder-width: 800px; --smush-placeholder-aspect-ratio: 800\/374;width:900px;height:auto\" data-srcset=\"https:\/\/lirolight.com\/wp-content\/uploads\/2025\/07\/333-1.jpg 800w, https:\/\/lirolight.com\/wp-content\/uploads\/2025\/07\/333-1-300x140.jpg 300w, https:\/\/lirolight.com\/wp-content\/uploads\/2025\/07\/333-1-768x359.jpg 768w, https:\/\/lirolight.com\/wp-content\/uploads\/2025\/07\/333-1-18x8.jpg 18w, https:\/\/lirolight.com\/wp-content\/uploads\/2025\/07\/333-1-441x206.jpg 441w, https:\/\/lirolight.com\/wp-content\/uploads\/2025\/07\/333-1-150x70.jpg 150w, https:\/\/lirolight.com\/wp-content\/uploads\/2025\/07\/333-1-60x28.jpg 60w\" data-sizes=\"(max-width: 800px) 100vw, 800px\" src=\"data:image\/gif;base64,R0lGODlhAQABAAAAACH5BAEKAAEALAAAAAABAAEAAAICTAEAOw==\" \/><noscript><img loading=\"lazy\" decoding=\"async\" width=\"800\" height=\"374\" src=\"https:\/\/lirolight.com\/wp-content\/uploads\/2025\/07\/333-1.jpg\" alt=\"\" class=\"wp-image-8622\" style=\"width:900px;height:auto\" srcset=\"https:\/\/lirolight.com\/wp-content\/uploads\/2025\/07\/333-1.jpg 800w, https:\/\/lirolight.com\/wp-content\/uploads\/2025\/07\/333-1-300x140.jpg 300w, https:\/\/lirolight.com\/wp-content\/uploads\/2025\/07\/333-1-768x359.jpg 768w, https:\/\/lirolight.com\/wp-content\/uploads\/2025\/07\/333-1-18x8.jpg 18w, https:\/\/lirolight.com\/wp-content\/uploads\/2025\/07\/333-1-441x206.jpg 441w, https:\/\/lirolight.com\/wp-content\/uploads\/2025\/07\/333-1-150x70.jpg 150w, https:\/\/lirolight.com\/wp-content\/uploads\/2025\/07\/333-1-60x28.jpg 60w\" sizes=\"(max-width: 800px) 100vw, 800px\" \/><\/noscript><\/figure>\n\n\n\n<figure class=\"wp-block-image size-full is-resized\"><img loading=\"lazy\" decoding=\"async\" width=\"658\" height=\"465\" data-src=\"https:\/\/lirolight.com\/wp-content\/uploads\/2025\/07\/1703732980858.png\" alt=\"\" class=\"wp-image-8623 lazyload\" style=\"--smush-placeholder-width: 658px; --smush-placeholder-aspect-ratio: 658\/465;width:900px;height:auto\" data-srcset=\"https:\/\/lirolight.com\/wp-content\/uploads\/2025\/07\/1703732980858.png 658w, https:\/\/lirolight.com\/wp-content\/uploads\/2025\/07\/1703732980858-300x212.png 300w, https:\/\/lirolight.com\/wp-content\/uploads\/2025\/07\/1703732980858-18x12.png 18w, https:\/\/lirolight.com\/wp-content\/uploads\/2025\/07\/1703732980858-441x312.png 441w, https:\/\/lirolight.com\/wp-content\/uploads\/2025\/07\/1703732980858-150x106.png 150w, https:\/\/lirolight.com\/wp-content\/uploads\/2025\/07\/1703732980858-57x40.png 57w\" data-sizes=\"(max-width: 658px) 100vw, 658px\" src=\"data:image\/gif;base64,R0lGODlhAQABAAAAACH5BAEKAAEALAAAAAABAAEAAAICTAEAOw==\" \/><noscript><img loading=\"lazy\" decoding=\"async\" width=\"658\" height=\"465\" src=\"https:\/\/lirolight.com\/wp-content\/uploads\/2025\/07\/1703732980858.png\" alt=\"\" class=\"wp-image-8623\" style=\"width:900px;height:auto\" srcset=\"https:\/\/lirolight.com\/wp-content\/uploads\/2025\/07\/1703732980858.png 658w, https:\/\/lirolight.com\/wp-content\/uploads\/2025\/07\/1703732980858-300x212.png 300w, https:\/\/lirolight.com\/wp-content\/uploads\/2025\/07\/1703732980858-18x12.png 18w, https:\/\/lirolight.com\/wp-content\/uploads\/2025\/07\/1703732980858-441x312.png 441w, https:\/\/lirolight.com\/wp-content\/uploads\/2025\/07\/1703732980858-150x106.png 150w, https:\/\/lirolight.com\/wp-content\/uploads\/2025\/07\/1703732980858-57x40.png 57w\" sizes=\"(max-width: 658px) 100vw, 658px\" \/><\/noscript><\/figure>\n\n\n\n<h2 class=\"wp-block-heading\">Escenarios de aplicaci\u00f3n:<\/h2>\n\n\n\n<p>Es adecuado para teatros, representaciones esc\u00e9nicas, grandes conciertos, estudios de televisi\u00f3n, iluminaci\u00f3n de grandes eventos y otros lugares que requieran efectos de iluminaci\u00f3n din\u00e1micos y cambiantes.<\/p>","protected":false},"excerpt":{"rendered":"<p>La l\u00e1mpara de cabeza m\u00f3vil Beam 300w es un potente accesorio de iluminaci\u00f3n. Su uso de un Original Philips MSD Sliver 300w L\u00e1mpara con un \u00e1ngulo de haz estrecho 2 \u00b0 sugiere,mismos canales con sharpy 7r 230, es capaz de ofrecer una iluminaci\u00f3n precisa e intensa, perfecta para crear efectos visuales dram\u00e1ticos.<\/p>\n<p>&nbsp;<\/p>\n<blockquote><p>\u00a0<\/p><\/blockquote>\n<p>&nbsp;<\/p>","protected":false},"featured_media":8705,"comment_status":"open","ping_status":"closed","template":"","meta":[],"product_brand":[],"product_cat":[61],"product_tag":[169,152,170,107,115,172,160],"class_list":{"0":"post-8617","1":"product","2":"type-product","3":"status-publish","4":"has-post-thumbnail","6":"product_cat-beam-bsw-moving-head-light","7":"product_tag-beamlights","8":"product_tag-beammovingheadlight","9":"product_tag-beamstagelight","10":"product_tag-movinghead","11":"product_tag-movingheadlights","12":"product_tag-sharpybeamlight","13":"product_tag-stagelights","15":"first","16":"instock","17":"shipping-taxable","18":"product-type-simple"},"_links":{"self":[{"href":"https:\/\/lirolight.com\/es\/wp-json\/wp\/v2\/product\/8617","targetHints":{"allow":["GET"]}}],"collection":[{"href":"https:\/\/lirolight.com\/es\/wp-json\/wp\/v2\/product"}],"about":[{"href":"https:\/\/lirolight.com\/es\/wp-json\/wp\/v2\/types\/product"}],"replies":[{"embeddable":true,"href":"https:\/\/lirolight.com\/es\/wp-json\/wp\/v2\/comments?post=8617"}],"version-history":[{"count":5,"href":"https:\/\/lirolight.com\/es\/wp-json\/wp\/v2\/product\/8617\/revisions"}],"predecessor-version":[{"id":10624,"href":"https:\/\/lirolight.com\/es\/wp-json\/wp\/v2\/product\/8617\/revisions\/10624"}],"wp:featuredmedia":[{"embeddable":true,"href":"https:\/\/lirolight.com\/es\/wp-json\/wp\/v2\/media\/8705"}],"wp:attachment":[{"href":"https:\/\/lirolight.com\/es\/wp-json\/wp\/v2\/media?parent=8617"}],"wp:term":[{"taxonomy":"product_brand","embeddable":true,"href":"https:\/\/lirolight.com\/es\/wp-json\/wp\/v2\/product_brand?post=8617"},{"taxonomy":"product_cat","embeddable":true,"href":"https:\/\/lirolight.com\/es\/wp-json\/wp\/v2\/product_cat?post=8617"},{"taxonomy":"product_tag","embeddable":true,"href":"https:\/\/lirolight.com\/es\/wp-json\/wp\/v2\/product_tag?post=8617"}],"curies":[{"name":"wp","href":"https:\/\/api.w.org\/{rel}","templated":true}]}}