{"id":8726,"date":"2025-07-24T03:21:37","date_gmt":"2025-07-24T03:21:37","guid":{"rendered":"https:\/\/lirolight.com\/?post_type=product&#038;p=8726"},"modified":"2026-01-14T06:55:56","modified_gmt":"2026-01-14T06:55:56","slug":"liro-lite-stage-dmx-control-disco-laser-light-6-eyes-single-red-light-moving-head-stage-laser-light","status":"publish","type":"product","link":"https:\/\/lirolight.com\/es\/producto\/liro-lite-stage-dmx-control-disco-laser-light-6-eyes-single-red-light-moving-head-stage-laser-light\/","title":{"rendered":"LiRO-LITE Stage DMX Control Disco Laser Light 6 Eyes Single Red Light Moving Head Stage Laser Light"},"content":{"rendered":"<h2 class=\"wp-block-heading\"><strong><mark style=\"background-color:#000000\" class=\"has-inline-color has-white-color\">L\u00c1SER DE OJOS LR-6<\/mark><\/strong><\/h2>\n\n\n\n<hr class=\"wp-block-separator has-alpha-channel-opacity\"\/>\n\n\n\n<h2 class=\"wp-block-heading\"><strong>Fotos:<\/strong>:<\/h2>\n\n\n\n<div class=\"wp-block-columns is-layout-flex wp-container-core-columns-is-layout-28f84493 wp-block-columns-is-layout-flex\">\n<div class=\"wp-block-column is-layout-flow wp-block-column-is-layout-flow\">\n<figure class=\"wp-block-image size-full\"><img fetchpriority=\"high\" decoding=\"async\" width=\"720\" height=\"720\" src=\"https:\/\/lirolight.com\/wp-content\/uploads\/2025\/07\/3-2.png\" alt=\"\" class=\"wp-image-8728\" srcset=\"https:\/\/lirolight.com\/wp-content\/uploads\/2025\/07\/3-2.png 720w, https:\/\/lirolight.com\/wp-content\/uploads\/2025\/07\/3-2-300x300.png 300w, https:\/\/lirolight.com\/wp-content\/uploads\/2025\/07\/3-2-150x150.png 150w, https:\/\/lirolight.com\/wp-content\/uploads\/2025\/07\/3-2-12x12.png 12w, https:\/\/lirolight.com\/wp-content\/uploads\/2025\/07\/3-2-441x441.png 441w, https:\/\/lirolight.com\/wp-content\/uploads\/2025\/07\/3-2-100x100.png 100w, https:\/\/lirolight.com\/wp-content\/uploads\/2025\/07\/3-2-40x40.png 40w\" sizes=\"(max-width: 720px) 100vw, 720px\" \/><\/figure>\n<\/div>\n\n\n\n<div class=\"wp-block-column is-layout-flow wp-block-column-is-layout-flow\">\n<figure class=\"wp-block-image size-full\"><img decoding=\"async\" width=\"720\" height=\"720\" data-src=\"https:\/\/lirolight.com\/wp-content\/uploads\/2025\/07\/6.png\" alt=\"\" class=\"wp-image-8731 lazyload\" data-srcset=\"https:\/\/lirolight.com\/wp-content\/uploads\/2025\/07\/6.png 720w, https:\/\/lirolight.com\/wp-content\/uploads\/2025\/07\/6-300x300.png 300w, https:\/\/lirolight.com\/wp-content\/uploads\/2025\/07\/6-150x150.png 150w, https:\/\/lirolight.com\/wp-content\/uploads\/2025\/07\/6-12x12.png 12w, https:\/\/lirolight.com\/wp-content\/uploads\/2025\/07\/6-441x441.png 441w, https:\/\/lirolight.com\/wp-content\/uploads\/2025\/07\/6-100x100.png 100w, https:\/\/lirolight.com\/wp-content\/uploads\/2025\/07\/6-40x40.png 40w\" data-sizes=\"(max-width: 720px) 100vw, 720px\" src=\"data:image\/gif;base64,R0lGODlhAQABAAAAACH5BAEKAAEALAAAAAABAAEAAAICTAEAOw==\" style=\"--smush-placeholder-width: 720px; --smush-placeholder-aspect-ratio: 720\/720;\" \/><noscript><img decoding=\"async\" width=\"720\" height=\"720\" src=\"https:\/\/lirolight.com\/wp-content\/uploads\/2025\/07\/6.png\" alt=\"\" class=\"wp-image-8731\" srcset=\"https:\/\/lirolight.com\/wp-content\/uploads\/2025\/07\/6.png 720w, https:\/\/lirolight.com\/wp-content\/uploads\/2025\/07\/6-300x300.png 300w, https:\/\/lirolight.com\/wp-content\/uploads\/2025\/07\/6-150x150.png 150w, https:\/\/lirolight.com\/wp-content\/uploads\/2025\/07\/6-12x12.png 12w, https:\/\/lirolight.com\/wp-content\/uploads\/2025\/07\/6-441x441.png 441w, https:\/\/lirolight.com\/wp-content\/uploads\/2025\/07\/6-100x100.png 100w, https:\/\/lirolight.com\/wp-content\/uploads\/2025\/07\/6-40x40.png 40w\" sizes=\"(max-width: 720px) 100vw, 720px\" \/><\/noscript><\/figure>\n<\/div>\n\n\n\n<div class=\"wp-block-column is-layout-flow wp-block-column-is-layout-flow\">\n<figure class=\"wp-block-image size-full\"><img decoding=\"async\" width=\"720\" height=\"720\" data-src=\"https:\/\/lirolight.com\/wp-content\/uploads\/2025\/07\/4-2.png\" alt=\"\" class=\"wp-image-8729 lazyload\" data-srcset=\"https:\/\/lirolight.com\/wp-content\/uploads\/2025\/07\/4-2.png 720w, https:\/\/lirolight.com\/wp-content\/uploads\/2025\/07\/4-2-300x300.png 300w, https:\/\/lirolight.com\/wp-content\/uploads\/2025\/07\/4-2-150x150.png 150w, https:\/\/lirolight.com\/wp-content\/uploads\/2025\/07\/4-2-12x12.png 12w, https:\/\/lirolight.com\/wp-content\/uploads\/2025\/07\/4-2-441x441.png 441w, https:\/\/lirolight.com\/wp-content\/uploads\/2025\/07\/4-2-100x100.png 100w, https:\/\/lirolight.com\/wp-content\/uploads\/2025\/07\/4-2-40x40.png 40w\" data-sizes=\"(max-width: 720px) 100vw, 720px\" src=\"data:image\/gif;base64,R0lGODlhAQABAAAAACH5BAEKAAEALAAAAAABAAEAAAICTAEAOw==\" style=\"--smush-placeholder-width: 720px; --smush-placeholder-aspect-ratio: 720\/720;\" \/><noscript><img decoding=\"async\" width=\"720\" height=\"720\" src=\"https:\/\/lirolight.com\/wp-content\/uploads\/2025\/07\/4-2.png\" alt=\"\" class=\"wp-image-8729\" srcset=\"https:\/\/lirolight.com\/wp-content\/uploads\/2025\/07\/4-2.png 720w, https:\/\/lirolight.com\/wp-content\/uploads\/2025\/07\/4-2-300x300.png 300w, https:\/\/lirolight.com\/wp-content\/uploads\/2025\/07\/4-2-150x150.png 150w, https:\/\/lirolight.com\/wp-content\/uploads\/2025\/07\/4-2-12x12.png 12w, https:\/\/lirolight.com\/wp-content\/uploads\/2025\/07\/4-2-441x441.png 441w, https:\/\/lirolight.com\/wp-content\/uploads\/2025\/07\/4-2-100x100.png 100w, https:\/\/lirolight.com\/wp-content\/uploads\/2025\/07\/4-2-40x40.png 40w\" sizes=\"(max-width: 720px) 100vw, 720px\" \/><\/noscript><\/figure>\n<\/div>\n<\/div>\n\n\n\n<h2 class=\"wp-block-heading\"><font style=\"vertical-align: inherit;\"><font style=\"vertical-align: inherit;\">Especificaci\u00f3n\uff1a<\/font><\/font><\/h2>\n\n\n\n<p>Especificaciones del producto:<br>Tensi\u00f3n nominal: AC110V\uff5eAC230V\u00b110% Frecuencia nominal: 50Hz\uff5e60Hz<br>Potencia nominal: 150 W<br>Color del l\u00e1ser: Rojo \u00fanico<br>Potencia del l\u00e1ser: R 3W<br>Fuente de luz l\u00e1ser: 500mw\/638nm X6<br>Patr\u00f3n l\u00e1ser: una variedad de patrones de efecto de haz grueso<br>Se\u00f1al de modulaci\u00f3n l\u00e1ser: Se\u00f1al de modulaci\u00f3n TTL<br>Modo de control: Control de se\u00f1al DMX512, modo autopropulsado, modo de control por voz, maestro-esclavo<br>Canal de control: 11\/23 CH<br>Exploraci\u00f3n del eje X: 0-270 grados<br>Exploraci\u00f3n del eje Y: 0-135 grados<br>Ajuste fino de los ejes X\/Y 0-270 grados<br>Sistema de exploraci\u00f3n: motor paso a paso<br>\u00c1ngulo de barrido del motor: \u00b125 grados<br>Entorno de trabajo: interior<\/p>\n\n\n\n<h2 class=\"wp-block-heading has-medium-font-size\">Par\u00e1metro:<\/h2>\n\n\n\n<figure class=\"wp-block-table\"><table class=\"has-fixed-layout\"><tbody><tr><td>Fuente l\u00e1ser<\/td><td>500mw\/638nm X6<\/td><\/tr><tr><td>Tensi\u00f3n de entrada (V)<\/td><td>AC110V\uff5eAC230V 50Hz\uff5e60Hz<\/td><\/tr><tr><td>Clasificaci\u00f3n IP<\/td><td>IP20<\/td><\/tr><tr><td>Exploraci\u00f3n del eje X<\/td><td>0-270 grados<\/td><\/tr><tr><td>Exploraci\u00f3n del eje Y<\/td><td>0-135 grados<\/td><\/tr><tr><td>\u00c1ngulo de barrido del motor<\/td><td> \u00b125 grados<\/td><\/tr><\/tbody><\/table><\/figure>","protected":false},"excerpt":{"rendered":"<p>La luz l\u00e1ser roja LiRO-LITE de 6 ojos es un accesorio de iluminaci\u00f3n esc\u00e9nica din\u00e1mico dise\u00f1ado para actuaciones vibrantes. Gracias a su capacidad de giro e inclinaci\u00f3n, crea patrones y movimientos fascinantes. Las opciones RGB personalizables permiten a los usuarios cambiar entre los colores rojo, verde y azul, mejorando la versatilidad para diferentes eventos. Ideal para discotecas, conciertos y espect\u00e1culos teatrales, esta luz l\u00e1ser emite haces de alta intensidad que cautivan al p\u00fablico. Sus funciones avanzadas garantizan una integraci\u00f3n perfecta con los sistemas de control DMX, ofreciendo ajustes precisos para una sincronizaci\u00f3n perfecta con la m\u00fasica y las actuaciones. Experimente la emoci\u00f3n de un espect\u00e1culo de iluminaci\u00f3n totalmente personalizable e interactivo.<\/p>\n<p>&nbsp;<\/p>\n<blockquote><p>\u00a0<\/p><\/blockquote>\n<p>&nbsp;<\/p>","protected":false},"featured_media":8727,"comment_status":"open","ping_status":"closed","template":"","meta":[],"product_brand":[],"product_cat":[56],"product_tag":[176,175,178,177,160],"class_list":{"0":"post-8726","1":"product","2":"type-product","3":"status-publish","4":"has-post-thumbnail","6":"product_cat-stage-laser-light","7":"product_tag-lasermovingheadlight","8":"product_tag-lasetlight","9":"product_tag-rgblaser","10":"product_tag-stagelaserlight","11":"product_tag-stagelights","13":"first","14":"instock","15":"shipping-taxable","16":"product-type-simple"},"_links":{"self":[{"href":"https:\/\/lirolight.com\/es\/wp-json\/wp\/v2\/product\/8726","targetHints":{"allow":["GET"]}}],"collection":[{"href":"https:\/\/lirolight.com\/es\/wp-json\/wp\/v2\/product"}],"about":[{"href":"https:\/\/lirolight.com\/es\/wp-json\/wp\/v2\/types\/product"}],"replies":[{"embeddable":true,"href":"https:\/\/lirolight.com\/es\/wp-json\/wp\/v2\/comments?post=8726"}],"version-history":[{"count":5,"href":"https:\/\/lirolight.com\/es\/wp-json\/wp\/v2\/product\/8726\/revisions"}],"predecessor-version":[{"id":10631,"href":"https:\/\/lirolight.com\/es\/wp-json\/wp\/v2\/product\/8726\/revisions\/10631"}],"wp:featuredmedia":[{"embeddable":true,"href":"https:\/\/lirolight.com\/es\/wp-json\/wp\/v2\/media\/8727"}],"wp:attachment":[{"href":"https:\/\/lirolight.com\/es\/wp-json\/wp\/v2\/media?parent=8726"}],"wp:term":[{"taxonomy":"product_brand","embeddable":true,"href":"https:\/\/lirolight.com\/es\/wp-json\/wp\/v2\/product_brand?post=8726"},{"taxonomy":"product_cat","embeddable":true,"href":"https:\/\/lirolight.com\/es\/wp-json\/wp\/v2\/product_cat?post=8726"},{"taxonomy":"product_tag","embeddable":true,"href":"https:\/\/lirolight.com\/es\/wp-json\/wp\/v2\/product_tag?post=8726"}],"curies":[{"name":"wp","href":"https:\/\/api.w.org\/{rel}","templated":true}]}}