{"id":8735,"date":"2025-07-24T07:43:12","date_gmt":"2025-07-24T07:43:12","guid":{"rendered":"https:\/\/lirolight.com\/?post_type=product&#038;p=8735"},"modified":"2026-01-14T06:57:57","modified_gmt":"2026-01-14T06:57:57","slug":"liro-lite-8-eyes-laser-stage-laser-light-red-rgb-single-laser-moving-head-laser-strips-for-night-club","status":"publish","type":"product","link":"https:\/\/lirolight.com\/es\/producto\/liro-lite-8-eyes-laser-stage-laser-light-red-rgb-single-laser-moving-head-laser-strips-for-night-club\/","title":{"rendered":"LiRO-LITE 8 Ojos L\u00e1ser Escenario Luz L\u00e1ser Rojo\/RGB \u00danico L\u00e1ser Cabeza M\u00f3vil Tiras L\u00e1ser para Discoteca"},"content":{"rendered":"<h2 class=\"wp-block-heading\"><strong><mark style=\"background-color:#000000\" class=\"has-inline-color has-white-color\">L\u00c1SER DE OJOS LR-8<\/mark><\/strong><\/h2>\n\n\n\n<hr class=\"wp-block-separator has-alpha-channel-opacity\"\/>\n\n\n\n<h2 class=\"wp-block-heading\"><strong>Fotos:<\/strong><\/h2>\n\n\n\n<figure class=\"wp-block-image size-full is-resized\"><img fetchpriority=\"high\" decoding=\"async\" width=\"720\" height=\"720\" src=\"https:\/\/lirolight.com\/wp-content\/uploads\/2025\/07\/XQ2.png\" alt=\"\" class=\"wp-image-8744\" style=\"width:900px;height:auto\" srcset=\"https:\/\/lirolight.com\/wp-content\/uploads\/2025\/07\/XQ2.png 720w, https:\/\/lirolight.com\/wp-content\/uploads\/2025\/07\/XQ2-300x300.png 300w, https:\/\/lirolight.com\/wp-content\/uploads\/2025\/07\/XQ2-150x150.png 150w, https:\/\/lirolight.com\/wp-content\/uploads\/2025\/07\/XQ2-12x12.png 12w, https:\/\/lirolight.com\/wp-content\/uploads\/2025\/07\/XQ2-441x441.png 441w, https:\/\/lirolight.com\/wp-content\/uploads\/2025\/07\/XQ2-100x100.png 100w, https:\/\/lirolight.com\/wp-content\/uploads\/2025\/07\/XQ2-40x40.png 40w\" sizes=\"(max-width: 720px) 100vw, 720px\" \/><\/figure>\n\n\n\n<h2 class=\"wp-block-heading\"><font style=\"vertical-align: inherit;\"><font style=\"vertical-align: inherit;\">Especificaci\u00f3n\uff1a<\/font><\/font><\/h2>\n\n\n\n<p>Tensi\u00f3n nominal: AC110V\uff5eAC230V\u00b110\uff05<br>Frecuencia nominal: 50Hz\uff5e60Hz<br>Potencia nominal: 120 W<br>Color del l\u00e1ser: Rojo \u00fanico<br>Potencia del l\u00e1ser: R4W<br>Fuente l\u00e1ser: R500mw\/638nm X8<br>Patr\u00f3n l\u00e1ser: una variedad de patrones de efecto de haz grueso<br>Se\u00f1al de modulaci\u00f3n l\u00e1ser: Se\u00f1al de modulaci\u00f3n TTL<br>Modo de control: Control de se\u00f1al DMX-512, modo autopropulsado, modo de control por voz,<br>Canal de control: 7\/15 CH<br>Exploraci\u00f3n eje Y: 0-180 grados Sistema de exploraci\u00f3n: motor paso a paso<br>\u00c1ngulo de exploraci\u00f3n: \u00b125 grados<br>Sistema de refrigeraci\u00f3n: sistema de refrigeraci\u00f3n forzada por ventilador<br>Entorno de trabajo: interior<\/p>\n\n\n\n<h2 class=\"wp-block-heading\">Par\u00e1metro:<\/h2>\n\n\n\n<figure class=\"wp-block-table\"><table class=\"has-fixed-layout\"><tbody><tr><td>Fuente l\u00e1ser<\/td><td>R500mw\/638nm X8<\/td><\/tr><tr><td>Tensi\u00f3n de entrada (V)<\/td><td>AC110V\uff5eAC230V\u00b110\uff05 50Hz\uff5e60Hz<\/td><\/tr><tr><td>Clasificaci\u00f3n IP<\/td><td>IP20<\/td><\/tr><tr><td>Exploraci\u00f3n del eje X<\/td><td>0-270 grados<\/td><\/tr><tr><td>Exploraci\u00f3n del eje Y<\/td><td>0-135 grados<\/td><\/tr><tr><td>\u00c1ngulo de barrido del motor<\/td><td> \u00b125 grados<\/td><\/tr><\/tbody><\/table><\/figure>\n\n\n\n<div class=\"wp-block-columns is-layout-flex wp-container-core-columns-is-layout-28f84493 wp-block-columns-is-layout-flex\">\n<div class=\"wp-block-column is-layout-flow wp-block-column-is-layout-flow\">\n<h2 class=\"wp-block-heading\">Hora del espect\u00e1culo:<\/h2>\n<\/div>\n<\/div>\n\n\n\n<div class=\"wp-block-columns is-layout-flex wp-container-core-columns-is-layout-28f84493 wp-block-columns-is-layout-flex\">\n<div class=\"wp-block-column is-layout-flow wp-block-column-is-layout-flow\">\n<figure class=\"wp-block-image size-full\"><img decoding=\"async\" width=\"400\" height=\"400\" data-src=\"https:\/\/lirolight.com\/wp-content\/uploads\/2025\/07\/7-3.jpg\" alt=\"\" class=\"wp-image-8741 lazyload\" data-srcset=\"https:\/\/lirolight.com\/wp-content\/uploads\/2025\/07\/7-3.jpg 400w, https:\/\/lirolight.com\/wp-content\/uploads\/2025\/07\/7-3-300x300.jpg 300w, https:\/\/lirolight.com\/wp-content\/uploads\/2025\/07\/7-3-150x150.jpg 150w, https:\/\/lirolight.com\/wp-content\/uploads\/2025\/07\/7-3-12x12.jpg 12w, https:\/\/lirolight.com\/wp-content\/uploads\/2025\/07\/7-3-100x100.jpg 100w, https:\/\/lirolight.com\/wp-content\/uploads\/2025\/07\/7-3-40x40.jpg 40w\" data-sizes=\"(max-width: 400px) 100vw, 400px\" src=\"data:image\/gif;base64,R0lGODlhAQABAAAAACH5BAEKAAEALAAAAAABAAEAAAICTAEAOw==\" style=\"--smush-placeholder-width: 400px; --smush-placeholder-aspect-ratio: 400\/400;\" \/><noscript><img decoding=\"async\" width=\"400\" height=\"400\" src=\"https:\/\/lirolight.com\/wp-content\/uploads\/2025\/07\/7-3.jpg\" alt=\"\" class=\"wp-image-8741\" srcset=\"https:\/\/lirolight.com\/wp-content\/uploads\/2025\/07\/7-3.jpg 400w, https:\/\/lirolight.com\/wp-content\/uploads\/2025\/07\/7-3-300x300.jpg 300w, https:\/\/lirolight.com\/wp-content\/uploads\/2025\/07\/7-3-150x150.jpg 150w, https:\/\/lirolight.com\/wp-content\/uploads\/2025\/07\/7-3-12x12.jpg 12w, https:\/\/lirolight.com\/wp-content\/uploads\/2025\/07\/7-3-100x100.jpg 100w, https:\/\/lirolight.com\/wp-content\/uploads\/2025\/07\/7-3-40x40.jpg 40w\" sizes=\"(max-width: 400px) 100vw, 400px\" \/><\/noscript><\/figure>\n<\/div>\n\n\n\n<div class=\"wp-block-column is-layout-flow wp-block-column-is-layout-flow\">\n<figure class=\"wp-block-image size-full\"><img decoding=\"async\" width=\"400\" height=\"400\" data-src=\"https:\/\/lirolight.com\/wp-content\/uploads\/2025\/07\/8.jpg\" alt=\"\" class=\"wp-image-8742 lazyload\" data-srcset=\"https:\/\/lirolight.com\/wp-content\/uploads\/2025\/07\/8.jpg 400w, https:\/\/lirolight.com\/wp-content\/uploads\/2025\/07\/8-300x300.jpg 300w, https:\/\/lirolight.com\/wp-content\/uploads\/2025\/07\/8-150x150.jpg 150w, https:\/\/lirolight.com\/wp-content\/uploads\/2025\/07\/8-12x12.jpg 12w, https:\/\/lirolight.com\/wp-content\/uploads\/2025\/07\/8-100x100.jpg 100w, https:\/\/lirolight.com\/wp-content\/uploads\/2025\/07\/8-40x40.jpg 40w\" data-sizes=\"(max-width: 400px) 100vw, 400px\" src=\"data:image\/gif;base64,R0lGODlhAQABAAAAACH5BAEKAAEALAAAAAABAAEAAAICTAEAOw==\" style=\"--smush-placeholder-width: 400px; --smush-placeholder-aspect-ratio: 400\/400;\" \/><noscript><img decoding=\"async\" width=\"400\" height=\"400\" src=\"https:\/\/lirolight.com\/wp-content\/uploads\/2025\/07\/8.jpg\" alt=\"\" class=\"wp-image-8742\" srcset=\"https:\/\/lirolight.com\/wp-content\/uploads\/2025\/07\/8.jpg 400w, https:\/\/lirolight.com\/wp-content\/uploads\/2025\/07\/8-300x300.jpg 300w, https:\/\/lirolight.com\/wp-content\/uploads\/2025\/07\/8-150x150.jpg 150w, https:\/\/lirolight.com\/wp-content\/uploads\/2025\/07\/8-12x12.jpg 12w, https:\/\/lirolight.com\/wp-content\/uploads\/2025\/07\/8-100x100.jpg 100w, https:\/\/lirolight.com\/wp-content\/uploads\/2025\/07\/8-40x40.jpg 40w\" sizes=\"(max-width: 400px) 100vw, 400px\" \/><\/noscript><\/figure>\n<\/div>\n\n\n\n<div class=\"wp-block-column is-layout-flow wp-block-column-is-layout-flow\">\n<figure class=\"wp-block-image size-full\"><img loading=\"lazy\" decoding=\"async\" width=\"400\" height=\"400\" data-src=\"https:\/\/lirolight.com\/wp-content\/uploads\/2025\/07\/9-3.jpg\" alt=\"\" class=\"wp-image-8743 lazyload\" data-srcset=\"https:\/\/lirolight.com\/wp-content\/uploads\/2025\/07\/9-3.jpg 400w, https:\/\/lirolight.com\/wp-content\/uploads\/2025\/07\/9-3-300x300.jpg 300w, https:\/\/lirolight.com\/wp-content\/uploads\/2025\/07\/9-3-150x150.jpg 150w, https:\/\/lirolight.com\/wp-content\/uploads\/2025\/07\/9-3-12x12.jpg 12w, https:\/\/lirolight.com\/wp-content\/uploads\/2025\/07\/9-3-100x100.jpg 100w, https:\/\/lirolight.com\/wp-content\/uploads\/2025\/07\/9-3-40x40.jpg 40w\" data-sizes=\"(max-width: 400px) 100vw, 400px\" src=\"data:image\/gif;base64,R0lGODlhAQABAAAAACH5BAEKAAEALAAAAAABAAEAAAICTAEAOw==\" style=\"--smush-placeholder-width: 400px; --smush-placeholder-aspect-ratio: 400\/400;\" \/><noscript><img loading=\"lazy\" decoding=\"async\" width=\"400\" height=\"400\" src=\"https:\/\/lirolight.com\/wp-content\/uploads\/2025\/07\/9-3.jpg\" alt=\"\" class=\"wp-image-8743\" srcset=\"https:\/\/lirolight.com\/wp-content\/uploads\/2025\/07\/9-3.jpg 400w, https:\/\/lirolight.com\/wp-content\/uploads\/2025\/07\/9-3-300x300.jpg 300w, https:\/\/lirolight.com\/wp-content\/uploads\/2025\/07\/9-3-150x150.jpg 150w, https:\/\/lirolight.com\/wp-content\/uploads\/2025\/07\/9-3-12x12.jpg 12w, https:\/\/lirolight.com\/wp-content\/uploads\/2025\/07\/9-3-100x100.jpg 100w, https:\/\/lirolight.com\/wp-content\/uploads\/2025\/07\/9-3-40x40.jpg 40w\" sizes=\"(max-width: 400px) 100vw, 400px\" \/><\/noscript><\/figure>\n<\/div>\n<\/div>","protected":false},"excerpt":{"rendered":"<p>La luz l\u00e1ser de escenario LiRO-LITE 8 Eyes es una soluci\u00f3n de iluminaci\u00f3n din\u00e1mica y vers\u00e1til para discotecas. Con una tensi\u00f3n nominal de AC110V\uff5eAC230V\u00b110\uff05 y una potencia de 120W, funciona eficazmente en diversos entornos. Emite un \u00fanico haz l\u00e1ser rojo con una fuente l\u00e1ser 8x R500mw\/638nm y ofrece efectos RGB personalizables. Controlado mediante DMX-512, autopropulsado o modos de voz, cuenta con un canal de control de 7\/15 CH. Su motor paso a paso permite un barrido del eje Y de 0-180\u00b0 y un \u00e1ngulo de barrido de \u00b125\u00b0. Equipado con refrigeraci\u00f3n por ventilador, es perfecto para su uso en interiores, creando cautivadores espect\u00e1culos de luz.<\/p>\n<p>&nbsp;<\/p>\n<blockquote><p>\u00a0<\/p><\/blockquote>\n<p>&nbsp;<\/p>","protected":false},"featured_media":8739,"comment_status":"open","ping_status":"closed","template":"","meta":[],"product_brand":[],"product_cat":[56],"product_tag":[179,176,175,178,177,160],"class_list":{"0":"post-8735","1":"product","2":"type-product","3":"status-publish","4":"has-post-thumbnail","6":"product_cat-stage-laser-light","7":"product_tag-8eyeslaser","8":"product_tag-lasermovingheadlight","9":"product_tag-lasetlight","10":"product_tag-rgblaser","11":"product_tag-stagelaserlight","12":"product_tag-stagelights","14":"first","15":"instock","16":"shipping-taxable","17":"product-type-simple"},"_links":{"self":[{"href":"https:\/\/lirolight.com\/es\/wp-json\/wp\/v2\/product\/8735","targetHints":{"allow":["GET"]}}],"collection":[{"href":"https:\/\/lirolight.com\/es\/wp-json\/wp\/v2\/product"}],"about":[{"href":"https:\/\/lirolight.com\/es\/wp-json\/wp\/v2\/types\/product"}],"replies":[{"embeddable":true,"href":"https:\/\/lirolight.com\/es\/wp-json\/wp\/v2\/comments?post=8735"}],"version-history":[{"count":4,"href":"https:\/\/lirolight.com\/es\/wp-json\/wp\/v2\/product\/8735\/revisions"}],"predecessor-version":[{"id":10633,"href":"https:\/\/lirolight.com\/es\/wp-json\/wp\/v2\/product\/8735\/revisions\/10633"}],"wp:featuredmedia":[{"embeddable":true,"href":"https:\/\/lirolight.com\/es\/wp-json\/wp\/v2\/media\/8739"}],"wp:attachment":[{"href":"https:\/\/lirolight.com\/es\/wp-json\/wp\/v2\/media?parent=8735"}],"wp:term":[{"taxonomy":"product_brand","embeddable":true,"href":"https:\/\/lirolight.com\/es\/wp-json\/wp\/v2\/product_brand?post=8735"},{"taxonomy":"product_cat","embeddable":true,"href":"https:\/\/lirolight.com\/es\/wp-json\/wp\/v2\/product_cat?post=8735"},{"taxonomy":"product_tag","embeddable":true,"href":"https:\/\/lirolight.com\/es\/wp-json\/wp\/v2\/product_tag?post=8735"}],"curies":[{"name":"wp","href":"https:\/\/api.w.org\/{rel}","templated":true}]}}