{"id":8883,"date":"2025-07-30T01:35:09","date_gmt":"2025-07-30T01:35:09","guid":{"rendered":"https:\/\/lirolight.com\/?post_type=product&#038;p=8883"},"modified":"2026-01-13T03:38:38","modified_gmt":"2026-01-13T03:38:38","slug":"liro-lite-9x18w-par-led-battery-powered-wireless-dmx-stage-wash-up-light-rgbwauv-led-wireless-par-light-remote-control-uplights","status":"publish","type":"product","link":"https:\/\/lirolight.com\/es\/producto\/liro-lite-9x18w-par-led-battery-powered-wireless-dmx-stage-wash-up-light-rgbwauv-led-wireless-par-light-remote-control-uplights\/","title":{"rendered":"LiRO-LITE 9X18w Par Led Bater\u00eda Inal\u00e1mbrico Dmx Etapa Lavar Luz RGBWA+Uv Led Inal\u00e1mbrico Par Luz Control Remoto Uplights"},"content":{"rendered":"<h2 class=\"wp-block-heading\"><strong><mark style=\"background-color:#000000\" class=\"has-inline-color has-white-color\">Bater\u00eda LR-IP C918<\/mark><\/strong><\/h2>\n\n\n\n<p>Esta luz PAR inal\u00e1mbrica alimentada por bater\u00eda 9x18W RGBAW UV es una soluci\u00f3n vers\u00e1til de lavado de escenario, que ofrece una mezcla de colores vibrantes RGBAW+UV para efectos de iluminaci\u00f3n din\u00e1micos. Con una bater\u00eda de 13200 mAh, proporciona 20 horas de uso con un solo color, 3 horas con todos los LED encendidos y 7 horas en modo autom\u00e1tico. La carga en 5 horas garantiza una r\u00e1pida disponibilidad, mientras que el DMX inal\u00e1mbrico y el control remoto permiten un funcionamiento flexible y sin cables. Ideal para eventos, fiestas o actuaciones, este uplight port\u00e1til proporciona una iluminaci\u00f3n profesional sin limitaciones de potencia, por lo que es perfecto para las necesidades de iluminaci\u00f3n sobre la marcha.<\/p>\n\n\n\n<hr class=\"wp-block-separator has-alpha-channel-opacity\"\/>\n\n\n\n<h2 class=\"wp-block-heading\">Fotos:<\/h2>\n\n\n\n<figure class=\"wp-block-image aligncenter size-full\"><img fetchpriority=\"high\" decoding=\"async\" width=\"650\" height=\"650\" src=\"https:\/\/lirolight.com\/wp-content\/uploads\/2025\/07\/Battery-C918-2.jpg\" alt=\"\" class=\"wp-image-8885\" srcset=\"https:\/\/lirolight.com\/wp-content\/uploads\/2025\/07\/Battery-C918-2.jpg 650w, https:\/\/lirolight.com\/wp-content\/uploads\/2025\/07\/Battery-C918-2-300x300.jpg 300w, https:\/\/lirolight.com\/wp-content\/uploads\/2025\/07\/Battery-C918-2-150x150.jpg 150w, https:\/\/lirolight.com\/wp-content\/uploads\/2025\/07\/Battery-C918-2-12x12.jpg 12w, https:\/\/lirolight.com\/wp-content\/uploads\/2025\/07\/Battery-C918-2-441x441.jpg 441w, https:\/\/lirolight.com\/wp-content\/uploads\/2025\/07\/Battery-C918-2-100x100.jpg 100w, https:\/\/lirolight.com\/wp-content\/uploads\/2025\/07\/Battery-C918-2-40x40.jpg 40w\" sizes=\"(max-width: 650px) 100vw, 650px\" \/><\/figure>\n\n\n\n<div class=\"wp-block-columns is-layout-flex wp-container-core-columns-is-layout-28f84493 wp-block-columns-is-layout-flex\">\n<div class=\"wp-block-column is-layout-flow wp-block-column-is-layout-flow\">\n<div class=\"wp-block-columns is-layout-flex wp-container-core-columns-is-layout-28f84493 wp-block-columns-is-layout-flex\">\n<div class=\"wp-block-column is-layout-flow wp-block-column-is-layout-flow\">\n<figure class=\"wp-block-image size-full\"><img decoding=\"async\" width=\"650\" height=\"650\" data-src=\"https:\/\/lirolight.com\/wp-content\/uploads\/2025\/07\/Battery-C918-1.jpg\" alt=\"\" class=\"wp-image-8884 lazyload\" data-srcset=\"https:\/\/lirolight.com\/wp-content\/uploads\/2025\/07\/Battery-C918-1.jpg 650w, https:\/\/lirolight.com\/wp-content\/uploads\/2025\/07\/Battery-C918-1-300x300.jpg 300w, https:\/\/lirolight.com\/wp-content\/uploads\/2025\/07\/Battery-C918-1-150x150.jpg 150w, https:\/\/lirolight.com\/wp-content\/uploads\/2025\/07\/Battery-C918-1-12x12.jpg 12w, https:\/\/lirolight.com\/wp-content\/uploads\/2025\/07\/Battery-C918-1-441x441.jpg 441w, https:\/\/lirolight.com\/wp-content\/uploads\/2025\/07\/Battery-C918-1-100x100.jpg 100w, https:\/\/lirolight.com\/wp-content\/uploads\/2025\/07\/Battery-C918-1-40x40.jpg 40w\" data-sizes=\"(max-width: 650px) 100vw, 650px\" src=\"data:image\/gif;base64,R0lGODlhAQABAAAAACH5BAEKAAEALAAAAAABAAEAAAICTAEAOw==\" style=\"--smush-placeholder-width: 650px; --smush-placeholder-aspect-ratio: 650\/650;\" \/><noscript><img decoding=\"async\" width=\"650\" height=\"650\" src=\"https:\/\/lirolight.com\/wp-content\/uploads\/2025\/07\/Battery-C918-1.jpg\" alt=\"\" class=\"wp-image-8884\" srcset=\"https:\/\/lirolight.com\/wp-content\/uploads\/2025\/07\/Battery-C918-1.jpg 650w, https:\/\/lirolight.com\/wp-content\/uploads\/2025\/07\/Battery-C918-1-300x300.jpg 300w, https:\/\/lirolight.com\/wp-content\/uploads\/2025\/07\/Battery-C918-1-150x150.jpg 150w, https:\/\/lirolight.com\/wp-content\/uploads\/2025\/07\/Battery-C918-1-12x12.jpg 12w, https:\/\/lirolight.com\/wp-content\/uploads\/2025\/07\/Battery-C918-1-441x441.jpg 441w, https:\/\/lirolight.com\/wp-content\/uploads\/2025\/07\/Battery-C918-1-100x100.jpg 100w, https:\/\/lirolight.com\/wp-content\/uploads\/2025\/07\/Battery-C918-1-40x40.jpg 40w\" sizes=\"(max-width: 650px) 100vw, 650px\" \/><\/noscript><\/figure>\n<\/div>\n\n\n\n<div class=\"wp-block-column is-layout-flow wp-block-column-is-layout-flow\">\n<figure class=\"wp-block-image size-full\"><img decoding=\"async\" width=\"650\" height=\"650\" data-src=\"https:\/\/lirolight.com\/wp-content\/uploads\/2025\/07\/Battery-C918-3.jpg\" alt=\"\" class=\"wp-image-8886 lazyload\" data-srcset=\"https:\/\/lirolight.com\/wp-content\/uploads\/2025\/07\/Battery-C918-3.jpg 650w, https:\/\/lirolight.com\/wp-content\/uploads\/2025\/07\/Battery-C918-3-300x300.jpg 300w, https:\/\/lirolight.com\/wp-content\/uploads\/2025\/07\/Battery-C918-3-150x150.jpg 150w, https:\/\/lirolight.com\/wp-content\/uploads\/2025\/07\/Battery-C918-3-12x12.jpg 12w, https:\/\/lirolight.com\/wp-content\/uploads\/2025\/07\/Battery-C918-3-441x441.jpg 441w, https:\/\/lirolight.com\/wp-content\/uploads\/2025\/07\/Battery-C918-3-100x100.jpg 100w, https:\/\/lirolight.com\/wp-content\/uploads\/2025\/07\/Battery-C918-3-40x40.jpg 40w\" data-sizes=\"(max-width: 650px) 100vw, 650px\" src=\"data:image\/gif;base64,R0lGODlhAQABAAAAACH5BAEKAAEALAAAAAABAAEAAAICTAEAOw==\" style=\"--smush-placeholder-width: 650px; --smush-placeholder-aspect-ratio: 650\/650;\" \/><noscript><img decoding=\"async\" width=\"650\" height=\"650\" src=\"https:\/\/lirolight.com\/wp-content\/uploads\/2025\/07\/Battery-C918-3.jpg\" alt=\"\" class=\"wp-image-8886\" srcset=\"https:\/\/lirolight.com\/wp-content\/uploads\/2025\/07\/Battery-C918-3.jpg 650w, https:\/\/lirolight.com\/wp-content\/uploads\/2025\/07\/Battery-C918-3-300x300.jpg 300w, https:\/\/lirolight.com\/wp-content\/uploads\/2025\/07\/Battery-C918-3-150x150.jpg 150w, https:\/\/lirolight.com\/wp-content\/uploads\/2025\/07\/Battery-C918-3-12x12.jpg 12w, https:\/\/lirolight.com\/wp-content\/uploads\/2025\/07\/Battery-C918-3-441x441.jpg 441w, https:\/\/lirolight.com\/wp-content\/uploads\/2025\/07\/Battery-C918-3-100x100.jpg 100w, https:\/\/lirolight.com\/wp-content\/uploads\/2025\/07\/Battery-C918-3-40x40.jpg 40w\" sizes=\"(max-width: 650px) 100vw, 650px\" \/><\/noscript><\/figure>\n<\/div>\n<\/div>\n<\/div>\n<\/div>\n\n\n\n<h2 class=\"wp-block-heading\">Especificaci\u00f3n:<\/h2>\n\n\n\n<ul class=\"wp-block-list\">\n<li>Aplicaci\u00f3n WIFI<\/li>\n\n\n\n<li>9x18W RGBAW UV<\/li>\n\n\n\n<li>Inal\u00e1mbrico alimentado por bater\u00eda<\/li>\n\n\n\n<li>Capacidad de la bater\u00eda:13200MAH<\/li>\n\n\n\n<li>Tiempo de carga:5 horas<\/li>\n\n\n\n<li>Tiempo de uso de la bater\u00eda:<\/li>\n\n\n\n<li>Un color:20 horas,<\/li>\n\n\n\n<li>Encendido de todos los LED: 3 horas<\/li>\n\n\n\n<li>Modo de funcionamiento autom\u00e1tico: 7 horas<\/li>\n<\/ul>\n\n\n\n<div class=\"wp-block-columns is-layout-flex wp-container-core-columns-is-layout-28f84493 wp-block-columns-is-layout-flex\">\n<div class=\"wp-block-column is-layout-flow wp-block-column-is-layout-flow\">\n<h2 class=\"wp-block-heading\"><strong>Par\u00e1metro:<\/strong><\/h2>\n\n\n\n<figure class=\"wp-block-table\"><table class=\"has-fixed-layout\"><tbody><tr><td>Consumo de energ\u00eda<\/td><td>120W<\/td><\/tr><tr><td>Carcasa<\/td><td>Cuerpo totalmente de aluminio, mejor disipaci\u00f3n del calor<\/td><\/tr><tr><td>Vida \u00fatil de los leds<\/td><td>50000 horas<\/td><\/tr><tr><td>\u00c1ngulo LED<\/td><td>25\/40 grados<\/td><\/tr><tr><td>Color<\/td><td>16,7 millones de tipos de cambio de color<\/td><\/tr><tr><td>Canales de control<\/td><td>Canal 6\/11DMX<\/td><\/tr><tr><td>Men\u00fa de funcionamiento<\/td><td>Pantalla LED digital de 4 d\u00edgitos<\/td><\/tr><tr><td>Capacidad de la bater\u00eda<\/td><td>13200MAH<\/td><\/tr><\/tbody><\/table><\/figure>\n<\/div>\n<\/div>\n\n\n\n<h2 class=\"wp-block-heading\">Hora del espect\u00e1culo:<\/h2>\n\n\n\n<div class=\"wp-block-columns is-layout-flex wp-container-core-columns-is-layout-28f84493 wp-block-columns-is-layout-flex\">\n<div class=\"wp-block-column is-layout-flow wp-block-column-is-layout-flow\">\n<figure class=\"wp-block-image alignwide size-large\"><img loading=\"lazy\" decoding=\"async\" width=\"1024\" height=\"1024\" data-src=\"https:\/\/lirolight.com\/wp-content\/uploads\/2025\/07\/Battery-C918-6-1024x1024.jpg\" alt=\"\" class=\"wp-image-8889 lazyload\" data-srcset=\"https:\/\/lirolight.com\/wp-content\/uploads\/2025\/07\/Battery-C918-6-1024x1024.jpg 1024w, https:\/\/lirolight.com\/wp-content\/uploads\/2025\/07\/Battery-C918-6-300x300.jpg 300w, https:\/\/lirolight.com\/wp-content\/uploads\/2025\/07\/Battery-C918-6-150x150.jpg 150w, https:\/\/lirolight.com\/wp-content\/uploads\/2025\/07\/Battery-C918-6-768x768.jpg 768w, https:\/\/lirolight.com\/wp-content\/uploads\/2025\/07\/Battery-C918-6-12x12.jpg 12w, https:\/\/lirolight.com\/wp-content\/uploads\/2025\/07\/Battery-C918-6-990x990.jpg 990w, https:\/\/lirolight.com\/wp-content\/uploads\/2025\/07\/Battery-C918-6-441x441.jpg 441w, https:\/\/lirolight.com\/wp-content\/uploads\/2025\/07\/Battery-C918-6-100x100.jpg 100w, https:\/\/lirolight.com\/wp-content\/uploads\/2025\/07\/Battery-C918-6-800x800.jpg 800w, https:\/\/lirolight.com\/wp-content\/uploads\/2025\/07\/Battery-C918-6-40x40.jpg 40w, https:\/\/lirolight.com\/wp-content\/uploads\/2025\/07\/Battery-C918-6.jpg 1200w\" data-sizes=\"(max-width: 1024px) 100vw, 1024px\" src=\"data:image\/gif;base64,R0lGODlhAQABAAAAACH5BAEKAAEALAAAAAABAAEAAAICTAEAOw==\" style=\"--smush-placeholder-width: 1024px; --smush-placeholder-aspect-ratio: 1024\/1024;\" \/><noscript><img loading=\"lazy\" decoding=\"async\" width=\"1024\" height=\"1024\" src=\"https:\/\/lirolight.com\/wp-content\/uploads\/2025\/07\/Battery-C918-6-1024x1024.jpg\" alt=\"\" class=\"wp-image-8889\" srcset=\"https:\/\/lirolight.com\/wp-content\/uploads\/2025\/07\/Battery-C918-6-1024x1024.jpg 1024w, https:\/\/lirolight.com\/wp-content\/uploads\/2025\/07\/Battery-C918-6-300x300.jpg 300w, https:\/\/lirolight.com\/wp-content\/uploads\/2025\/07\/Battery-C918-6-150x150.jpg 150w, https:\/\/lirolight.com\/wp-content\/uploads\/2025\/07\/Battery-C918-6-768x768.jpg 768w, https:\/\/lirolight.com\/wp-content\/uploads\/2025\/07\/Battery-C918-6-12x12.jpg 12w, https:\/\/lirolight.com\/wp-content\/uploads\/2025\/07\/Battery-C918-6-990x990.jpg 990w, https:\/\/lirolight.com\/wp-content\/uploads\/2025\/07\/Battery-C918-6-441x441.jpg 441w, https:\/\/lirolight.com\/wp-content\/uploads\/2025\/07\/Battery-C918-6-100x100.jpg 100w, https:\/\/lirolight.com\/wp-content\/uploads\/2025\/07\/Battery-C918-6-800x800.jpg 800w, https:\/\/lirolight.com\/wp-content\/uploads\/2025\/07\/Battery-C918-6-40x40.jpg 40w, https:\/\/lirolight.com\/wp-content\/uploads\/2025\/07\/Battery-C918-6.jpg 1200w\" sizes=\"(max-width: 1024px) 100vw, 1024px\" \/><\/noscript><\/figure>\n<\/div>\n<\/div>","protected":false},"excerpt":{"rendered":"<div class=\"QFw9Te BLojaf\">\n<div class=\"hlJJmd\">\n<div class=\"Bmcqed\" dir=\"ltr\">\n<div data-id=\"kvLWu\">Esta luz PAR inal\u00e1mbrica alimentada por bater\u00eda 9x18W RGBAW UV es una soluci\u00f3n vers\u00e1til de lavado de escenario, que ofrece una mezcla de colores vibrantes RGBAW+UV para efectos de iluminaci\u00f3n din\u00e1micos. Con una bater\u00eda de 13200 mAh, proporciona 20 horas de uso con un solo color, 3 horas con todos los LED encendidos y 7 horas en modo autom\u00e1tico. La carga en 5 horas garantiza una r\u00e1pida disponibilidad, mientras que el DMX inal\u00e1mbrico y el control remoto permiten un funcionamiento flexible y sin cables. Ideal para eventos, fiestas o actuaciones, este uplight port\u00e1til proporciona una iluminaci\u00f3n profesional sin limitaciones de potencia, por lo que es perfecto para las necesidades de iluminaci\u00f3n sobre la marcha.<\/div>\n<\/div>\n<\/div>\n<\/div>\n<div class=\"DVHrxd\">\u00a0<\/div>\n<div class=\"UdTY9 BwTYAc leDWne\" aria-hidden=\"true\" data-location=\"1\">\u00a0<\/div>\n<p>&nbsp;<\/p>\n<blockquote><p>\u00a0<\/p><\/blockquote>\n<p>&nbsp;<\/p>","protected":false},"featured_media":8885,"comment_status":"open","ping_status":"closed","template":"","meta":[],"product_brand":[],"product_cat":[83],"product_tag":[128,197,196,199,200,198,126,182,127],"class_list":{"0":"post-8883","1":"product","2":"type-product","3":"status-publish","4":"has-post-thumbnail","6":"product_cat-battery-wireless-light","7":"product_tag-battery-par-lights-rgba-uv","8":"product_tag-battery-powered-pan-can","9":"product_tag-led-uplights","10":"product_tag-led-wireless-par-light","11":"product_tag-remote-control-uplights","12":"product_tag-stage-wash-up-light","13":"product_tag-uplights","14":"product_tag-wireless-dmx-uplights","15":"product_tag-wireless-uplights","17":"first","18":"instock","19":"shipping-taxable","20":"product-type-simple"},"_links":{"self":[{"href":"https:\/\/lirolight.com\/es\/wp-json\/wp\/v2\/product\/8883","targetHints":{"allow":["GET"]}}],"collection":[{"href":"https:\/\/lirolight.com\/es\/wp-json\/wp\/v2\/product"}],"about":[{"href":"https:\/\/lirolight.com\/es\/wp-json\/wp\/v2\/types\/product"}],"replies":[{"embeddable":true,"href":"https:\/\/lirolight.com\/es\/wp-json\/wp\/v2\/comments?post=8883"}],"version-history":[{"count":5,"href":"https:\/\/lirolight.com\/es\/wp-json\/wp\/v2\/product\/8883\/revisions"}],"predecessor-version":[{"id":10541,"href":"https:\/\/lirolight.com\/es\/wp-json\/wp\/v2\/product\/8883\/revisions\/10541"}],"wp:featuredmedia":[{"embeddable":true,"href":"https:\/\/lirolight.com\/es\/wp-json\/wp\/v2\/media\/8885"}],"wp:attachment":[{"href":"https:\/\/lirolight.com\/es\/wp-json\/wp\/v2\/media?parent=8883"}],"wp:term":[{"taxonomy":"product_brand","embeddable":true,"href":"https:\/\/lirolight.com\/es\/wp-json\/wp\/v2\/product_brand?post=8883"},{"taxonomy":"product_cat","embeddable":true,"href":"https:\/\/lirolight.com\/es\/wp-json\/wp\/v2\/product_cat?post=8883"},{"taxonomy":"product_tag","embeddable":true,"href":"https:\/\/lirolight.com\/es\/wp-json\/wp\/v2\/product_tag?post=8883"}],"curies":[{"name":"wp","href":"https:\/\/api.w.org\/{rel}","templated":true}]}}