{"id":8998,"date":"2025-07-30T03:39:53","date_gmt":"2025-07-30T03:39:53","guid":{"rendered":"https:\/\/lirolight.com\/?post_type=product&#038;p=8998"},"modified":"2026-01-13T02:12:59","modified_gmt":"2026-01-13T02:12:59","slug":"liro-lite-ip65-360-battery-powered-wireless-led-pixel-tube-rgbwa-5in1-pixel-remote-control-led-tube-for-dj-night-club-wedding-decoration","status":"publish","type":"product","link":"https:\/\/lirolight.com\/es\/producto\/liro-lite-ip65-360-battery-powered-wireless-led-pixel-tube-rgbwa-5in1-pixel-remote-control-led-tube-for-dj-night-club-wedding-decoration\/","title":{"rendered":"LiRO-LITE IP65 360 Accionado por bater\u00eda Inal\u00e1mbrico Led Pixel Tubo RGBWA 5en1 Pixel Control Remoto LED Tubo Para DJ Night Club Decoraci\u00f3n de Bodas"},"content":{"rendered":"<h2 class=\"wp-block-heading\"><strong><mark style=\"background-color:#000000\" class=\"has-inline-color has-white-color\">Bater\u00eda LR-IP P360<\/mark><\/strong><\/h2>\n\n\n\n<p>Este tubo de p\u00edxeles de 360\u00b0 resistente al agua IP65 es la soluci\u00f3n de iluminaci\u00f3n inal\u00e1mbrica definitiva para DJ, discotecas y bodas. Con 32 p\u00edxeles RGBWA vibrantes, ofrece una iluminaci\u00f3n impresionante de 360 grados para conseguir efectos uniformes y llamativos. El control se realiza sin esfuerzo a trav\u00e9s de DMX inal\u00e1mbrico, una aplicaci\u00f3n m\u00f3vil o un mando a distancia, mientras que la compatibilidad con DMX512 permite una programaci\u00f3n precisa y profesional. Alimentado por una bater\u00eda de 9600mAh de larga duraci\u00f3n, ofrece total libertad de cables tanto para eventos en interiores como en exteriores. Este vers\u00e1til tubo crea atm\u00f3sferas din\u00e1micas y envolventes para cualquier celebraci\u00f3n.<\/p>\n\n\n\n<hr class=\"wp-block-separator has-alpha-channel-opacity\"\/>\n\n\n\n<h2 class=\"wp-block-heading\">Fotos:<\/h2>\n\n\n\n<figure class=\"wp-block-image size-full\"><img fetchpriority=\"high\" decoding=\"async\" width=\"800\" height=\"800\" src=\"https:\/\/lirolight.com\/wp-content\/uploads\/2025\/07\/IP-Battery-P360-1.png\" alt=\"\" class=\"wp-image-9004\" srcset=\"https:\/\/lirolight.com\/wp-content\/uploads\/2025\/07\/IP-Battery-P360-1.png 800w, https:\/\/lirolight.com\/wp-content\/uploads\/2025\/07\/IP-Battery-P360-1-300x300.png 300w, https:\/\/lirolight.com\/wp-content\/uploads\/2025\/07\/IP-Battery-P360-1-150x150.png 150w, https:\/\/lirolight.com\/wp-content\/uploads\/2025\/07\/IP-Battery-P360-1-768x768.png 768w, https:\/\/lirolight.com\/wp-content\/uploads\/2025\/07\/IP-Battery-P360-1-12x12.png 12w, https:\/\/lirolight.com\/wp-content\/uploads\/2025\/07\/IP-Battery-P360-1-441x441.png 441w, https:\/\/lirolight.com\/wp-content\/uploads\/2025\/07\/IP-Battery-P360-1-100x100.png 100w, https:\/\/lirolight.com\/wp-content\/uploads\/2025\/07\/IP-Battery-P360-1-40x40.png 40w\" sizes=\"(max-width: 800px) 100vw, 800px\" \/><\/figure>\n\n\n\n<div class=\"wp-block-columns is-layout-flex wp-container-core-columns-is-layout-28f84493 wp-block-columns-is-layout-flex\">\n<div class=\"wp-block-column is-layout-flow wp-block-column-is-layout-flow\">\n<div class=\"wp-block-columns is-layout-flex wp-container-core-columns-is-layout-28f84493 wp-block-columns-is-layout-flex\">\n<div class=\"wp-block-column is-layout-flow wp-block-column-is-layout-flow\">\n<div class=\"wp-block-columns is-layout-flex wp-container-core-columns-is-layout-28f84493 wp-block-columns-is-layout-flex\">\n<div class=\"wp-block-column is-layout-flow wp-block-column-is-layout-flow\">\n<figure class=\"wp-block-image size-full\"><img decoding=\"async\" width=\"900\" height=\"900\" data-src=\"https:\/\/lirolight.com\/wp-content\/uploads\/2025\/07\/IP-Battery-P360-3-1.jpg\" alt=\"\" class=\"wp-image-9006 lazyload\" data-srcset=\"https:\/\/lirolight.com\/wp-content\/uploads\/2025\/07\/IP-Battery-P360-3-1.jpg 900w, https:\/\/lirolight.com\/wp-content\/uploads\/2025\/07\/IP-Battery-P360-3-1-300x300.jpg 300w, https:\/\/lirolight.com\/wp-content\/uploads\/2025\/07\/IP-Battery-P360-3-1-150x150.jpg 150w, https:\/\/lirolight.com\/wp-content\/uploads\/2025\/07\/IP-Battery-P360-3-1-768x768.jpg 768w, https:\/\/lirolight.com\/wp-content\/uploads\/2025\/07\/IP-Battery-P360-3-1-12x12.jpg 12w, https:\/\/lirolight.com\/wp-content\/uploads\/2025\/07\/IP-Battery-P360-3-1-441x441.jpg 441w, https:\/\/lirolight.com\/wp-content\/uploads\/2025\/07\/IP-Battery-P360-3-1-100x100.jpg 100w, https:\/\/lirolight.com\/wp-content\/uploads\/2025\/07\/IP-Battery-P360-3-1-800x800.jpg 800w, https:\/\/lirolight.com\/wp-content\/uploads\/2025\/07\/IP-Battery-P360-3-1-40x40.jpg 40w\" data-sizes=\"(max-width: 900px) 100vw, 900px\" src=\"data:image\/gif;base64,R0lGODlhAQABAAAAACH5BAEKAAEALAAAAAABAAEAAAICTAEAOw==\" style=\"--smush-placeholder-width: 900px; --smush-placeholder-aspect-ratio: 900\/900;\" \/><noscript><img decoding=\"async\" width=\"900\" height=\"900\" src=\"https:\/\/lirolight.com\/wp-content\/uploads\/2025\/07\/IP-Battery-P360-3-1.jpg\" alt=\"\" class=\"wp-image-9006\" srcset=\"https:\/\/lirolight.com\/wp-content\/uploads\/2025\/07\/IP-Battery-P360-3-1.jpg 900w, https:\/\/lirolight.com\/wp-content\/uploads\/2025\/07\/IP-Battery-P360-3-1-300x300.jpg 300w, https:\/\/lirolight.com\/wp-content\/uploads\/2025\/07\/IP-Battery-P360-3-1-150x150.jpg 150w, https:\/\/lirolight.com\/wp-content\/uploads\/2025\/07\/IP-Battery-P360-3-1-768x768.jpg 768w, https:\/\/lirolight.com\/wp-content\/uploads\/2025\/07\/IP-Battery-P360-3-1-12x12.jpg 12w, https:\/\/lirolight.com\/wp-content\/uploads\/2025\/07\/IP-Battery-P360-3-1-441x441.jpg 441w, https:\/\/lirolight.com\/wp-content\/uploads\/2025\/07\/IP-Battery-P360-3-1-100x100.jpg 100w, https:\/\/lirolight.com\/wp-content\/uploads\/2025\/07\/IP-Battery-P360-3-1-800x800.jpg 800w, https:\/\/lirolight.com\/wp-content\/uploads\/2025\/07\/IP-Battery-P360-3-1-40x40.jpg 40w\" sizes=\"(max-width: 900px) 100vw, 900px\" \/><\/noscript><\/figure>\n<\/div>\n\n\n\n<div class=\"wp-block-column is-layout-flow wp-block-column-is-layout-flow\">\n<figure class=\"wp-block-image size-full\"><img decoding=\"async\" width=\"900\" height=\"900\" data-src=\"https:\/\/lirolight.com\/wp-content\/uploads\/2025\/07\/IP-Battery-P360-2.png\" alt=\"\" class=\"wp-image-9005 lazyload\" data-srcset=\"https:\/\/lirolight.com\/wp-content\/uploads\/2025\/07\/IP-Battery-P360-2.png 900w, https:\/\/lirolight.com\/wp-content\/uploads\/2025\/07\/IP-Battery-P360-2-300x300.png 300w, https:\/\/lirolight.com\/wp-content\/uploads\/2025\/07\/IP-Battery-P360-2-150x150.png 150w, https:\/\/lirolight.com\/wp-content\/uploads\/2025\/07\/IP-Battery-P360-2-768x768.png 768w, https:\/\/lirolight.com\/wp-content\/uploads\/2025\/07\/IP-Battery-P360-2-12x12.png 12w, https:\/\/lirolight.com\/wp-content\/uploads\/2025\/07\/IP-Battery-P360-2-441x441.png 441w, https:\/\/lirolight.com\/wp-content\/uploads\/2025\/07\/IP-Battery-P360-2-100x100.png 100w, https:\/\/lirolight.com\/wp-content\/uploads\/2025\/07\/IP-Battery-P360-2-800x800.png 800w, https:\/\/lirolight.com\/wp-content\/uploads\/2025\/07\/IP-Battery-P360-2-40x40.png 40w\" data-sizes=\"(max-width: 900px) 100vw, 900px\" src=\"data:image\/gif;base64,R0lGODlhAQABAAAAACH5BAEKAAEALAAAAAABAAEAAAICTAEAOw==\" style=\"--smush-placeholder-width: 900px; --smush-placeholder-aspect-ratio: 900\/900;\" \/><noscript><img decoding=\"async\" width=\"900\" height=\"900\" src=\"https:\/\/lirolight.com\/wp-content\/uploads\/2025\/07\/IP-Battery-P360-2.png\" alt=\"\" class=\"wp-image-9005\" srcset=\"https:\/\/lirolight.com\/wp-content\/uploads\/2025\/07\/IP-Battery-P360-2.png 900w, https:\/\/lirolight.com\/wp-content\/uploads\/2025\/07\/IP-Battery-P360-2-300x300.png 300w, https:\/\/lirolight.com\/wp-content\/uploads\/2025\/07\/IP-Battery-P360-2-150x150.png 150w, https:\/\/lirolight.com\/wp-content\/uploads\/2025\/07\/IP-Battery-P360-2-768x768.png 768w, https:\/\/lirolight.com\/wp-content\/uploads\/2025\/07\/IP-Battery-P360-2-12x12.png 12w, https:\/\/lirolight.com\/wp-content\/uploads\/2025\/07\/IP-Battery-P360-2-441x441.png 441w, https:\/\/lirolight.com\/wp-content\/uploads\/2025\/07\/IP-Battery-P360-2-100x100.png 100w, https:\/\/lirolight.com\/wp-content\/uploads\/2025\/07\/IP-Battery-P360-2-800x800.png 800w, https:\/\/lirolight.com\/wp-content\/uploads\/2025\/07\/IP-Battery-P360-2-40x40.png 40w\" sizes=\"(max-width: 900px) 100vw, 900px\" \/><\/noscript><\/figure>\n<\/div>\n\n\n\n<div class=\"wp-block-column is-layout-flow wp-block-column-is-layout-flow\">\n<figure class=\"wp-block-image size-full\"><img loading=\"lazy\" decoding=\"async\" width=\"900\" height=\"900\" data-src=\"https:\/\/lirolight.com\/wp-content\/uploads\/2025\/07\/IP-Battery-P360-4.jpg\" alt=\"\" class=\"wp-image-9007 lazyload\" data-srcset=\"https:\/\/lirolight.com\/wp-content\/uploads\/2025\/07\/IP-Battery-P360-4.jpg 900w, https:\/\/lirolight.com\/wp-content\/uploads\/2025\/07\/IP-Battery-P360-4-300x300.jpg 300w, https:\/\/lirolight.com\/wp-content\/uploads\/2025\/07\/IP-Battery-P360-4-150x150.jpg 150w, https:\/\/lirolight.com\/wp-content\/uploads\/2025\/07\/IP-Battery-P360-4-768x768.jpg 768w, https:\/\/lirolight.com\/wp-content\/uploads\/2025\/07\/IP-Battery-P360-4-12x12.jpg 12w, https:\/\/lirolight.com\/wp-content\/uploads\/2025\/07\/IP-Battery-P360-4-441x441.jpg 441w, https:\/\/lirolight.com\/wp-content\/uploads\/2025\/07\/IP-Battery-P360-4-100x100.jpg 100w, https:\/\/lirolight.com\/wp-content\/uploads\/2025\/07\/IP-Battery-P360-4-800x800.jpg 800w, https:\/\/lirolight.com\/wp-content\/uploads\/2025\/07\/IP-Battery-P360-4-40x40.jpg 40w\" data-sizes=\"(max-width: 900px) 100vw, 900px\" src=\"data:image\/gif;base64,R0lGODlhAQABAAAAACH5BAEKAAEALAAAAAABAAEAAAICTAEAOw==\" style=\"--smush-placeholder-width: 900px; --smush-placeholder-aspect-ratio: 900\/900;\" \/><noscript><img loading=\"lazy\" decoding=\"async\" width=\"900\" height=\"900\" src=\"https:\/\/lirolight.com\/wp-content\/uploads\/2025\/07\/IP-Battery-P360-4.jpg\" alt=\"\" class=\"wp-image-9007\" srcset=\"https:\/\/lirolight.com\/wp-content\/uploads\/2025\/07\/IP-Battery-P360-4.jpg 900w, https:\/\/lirolight.com\/wp-content\/uploads\/2025\/07\/IP-Battery-P360-4-300x300.jpg 300w, https:\/\/lirolight.com\/wp-content\/uploads\/2025\/07\/IP-Battery-P360-4-150x150.jpg 150w, https:\/\/lirolight.com\/wp-content\/uploads\/2025\/07\/IP-Battery-P360-4-768x768.jpg 768w, https:\/\/lirolight.com\/wp-content\/uploads\/2025\/07\/IP-Battery-P360-4-12x12.jpg 12w, https:\/\/lirolight.com\/wp-content\/uploads\/2025\/07\/IP-Battery-P360-4-441x441.jpg 441w, https:\/\/lirolight.com\/wp-content\/uploads\/2025\/07\/IP-Battery-P360-4-100x100.jpg 100w, https:\/\/lirolight.com\/wp-content\/uploads\/2025\/07\/IP-Battery-P360-4-800x800.jpg 800w, https:\/\/lirolight.com\/wp-content\/uploads\/2025\/07\/IP-Battery-P360-4-40x40.jpg 40w\" sizes=\"(max-width: 900px) 100vw, 900px\" \/><\/noscript><\/figure>\n<\/div>\n<\/div>\n<\/div>\n<\/div>\n<\/div>\n<\/div>\n\n\n\n<figure class=\"wp-block-image alignwide size-full\"><img loading=\"lazy\" decoding=\"async\" width=\"650\" height=\"650\" data-src=\"https:\/\/lirolight.com\/wp-content\/uploads\/2025\/07\/IP-Battery-P360-5.jpg\" alt=\"\" class=\"wp-image-9008 lazyload\" data-srcset=\"https:\/\/lirolight.com\/wp-content\/uploads\/2025\/07\/IP-Battery-P360-5.jpg 650w, https:\/\/lirolight.com\/wp-content\/uploads\/2025\/07\/IP-Battery-P360-5-300x300.jpg 300w, https:\/\/lirolight.com\/wp-content\/uploads\/2025\/07\/IP-Battery-P360-5-150x150.jpg 150w, https:\/\/lirolight.com\/wp-content\/uploads\/2025\/07\/IP-Battery-P360-5-12x12.jpg 12w, https:\/\/lirolight.com\/wp-content\/uploads\/2025\/07\/IP-Battery-P360-5-441x441.jpg 441w, https:\/\/lirolight.com\/wp-content\/uploads\/2025\/07\/IP-Battery-P360-5-100x100.jpg 100w, https:\/\/lirolight.com\/wp-content\/uploads\/2025\/07\/IP-Battery-P360-5-40x40.jpg 40w\" data-sizes=\"(max-width: 650px) 100vw, 650px\" src=\"data:image\/gif;base64,R0lGODlhAQABAAAAACH5BAEKAAEALAAAAAABAAEAAAICTAEAOw==\" style=\"--smush-placeholder-width: 650px; --smush-placeholder-aspect-ratio: 650\/650;\" \/><noscript><img loading=\"lazy\" decoding=\"async\" width=\"650\" height=\"650\" src=\"https:\/\/lirolight.com\/wp-content\/uploads\/2025\/07\/IP-Battery-P360-5.jpg\" alt=\"\" class=\"wp-image-9008\" srcset=\"https:\/\/lirolight.com\/wp-content\/uploads\/2025\/07\/IP-Battery-P360-5.jpg 650w, https:\/\/lirolight.com\/wp-content\/uploads\/2025\/07\/IP-Battery-P360-5-300x300.jpg 300w, https:\/\/lirolight.com\/wp-content\/uploads\/2025\/07\/IP-Battery-P360-5-150x150.jpg 150w, https:\/\/lirolight.com\/wp-content\/uploads\/2025\/07\/IP-Battery-P360-5-12x12.jpg 12w, https:\/\/lirolight.com\/wp-content\/uploads\/2025\/07\/IP-Battery-P360-5-441x441.jpg 441w, https:\/\/lirolight.com\/wp-content\/uploads\/2025\/07\/IP-Battery-P360-5-100x100.jpg 100w, https:\/\/lirolight.com\/wp-content\/uploads\/2025\/07\/IP-Battery-P360-5-40x40.jpg 40w\" sizes=\"(max-width: 650px) 100vw, 650px\" \/><\/noscript><\/figure>\n\n\n\n<h2 class=\"wp-block-heading\">Especificaci\u00f3n:<\/h2>\n\n\n\n<ul class=\"wp-block-list\">\n<li>Impermeable IP65<\/li>\n\n\n\n<li>RGBWA 5en1<\/li>\n\n\n\n<li>Bater\u00eda 9600MAH<\/li>\n\n\n\n<li>1435mm * 50mm<\/li>\n\n\n\n<li>32 p\u00edxeles<\/li>\n\n\n\n<li>360\u00b0<\/li>\n\n\n\n<li>Control APP<\/li>\n<\/ul>\n\n\n\n<div class=\"wp-block-columns is-layout-flex wp-container-core-columns-is-layout-28f84493 wp-block-columns-is-layout-flex\">\n<div class=\"wp-block-column is-layout-flow wp-block-column-is-layout-flow\">\n<p class=\"has-medium-font-size\"><strong>Par\u00e1metro:<\/strong>\u200b<\/p>\n\n\n\n<figure class=\"wp-block-table\"><table class=\"has-fixed-layout\"><tbody><tr><td><strong>Fuente de luz<\/strong><\/td><td>LED<\/td><\/tr><tr><td><strong>M\u00e9todo de control<\/strong><\/td><td>DMX inal\u00e1mbrico, control por app, mando a distancia, etc.<\/td><\/tr><tr><td><strong>Clasificaci\u00f3n IP<\/strong><\/td><td>IP65<\/td><\/tr><tr><td><strong>Bater\u00eda<\/strong><\/td><td>9600MAH<\/td><\/tr><tr><td><strong>Color<\/strong><\/td><td>RGBWA 5en1<\/td><\/tr><tr><td><strong>Tama\u00f1o de la caja<\/strong><\/td><td>150*27*19<\/td><\/tr><\/tbody><\/table><\/figure>\n<\/div>\n<\/div>\n\n\n\n<hr class=\"wp-block-separator has-alpha-channel-opacity\"\/>\n\n\n\n<div class=\"wp-block-columns is-layout-flex wp-container-core-columns-is-layout-28f84493 wp-block-columns-is-layout-flex\">\n<div class=\"wp-block-column is-layout-flow wp-block-column-is-layout-flow\">\n<h2 class=\"wp-block-heading\">Hora del espect\u00e1culo:<\/h2>\n<\/div>\n<\/div>\n\n\n\n<figure class=\"wp-block-image alignwide size-full\"><img loading=\"lazy\" decoding=\"async\" width=\"750\" height=\"954\" data-src=\"https:\/\/lirolight.com\/wp-content\/uploads\/2025\/07\/IP-Battery-P360-x1.jpg\" alt=\"\" class=\"wp-image-9009 lazyload\" data-srcset=\"https:\/\/lirolight.com\/wp-content\/uploads\/2025\/07\/IP-Battery-P360-x1.jpg 750w, https:\/\/lirolight.com\/wp-content\/uploads\/2025\/07\/IP-Battery-P360-x1-236x300.jpg 236w, https:\/\/lirolight.com\/wp-content\/uploads\/2025\/07\/IP-Battery-P360-x1-9x12.jpg 9w, https:\/\/lirolight.com\/wp-content\/uploads\/2025\/07\/IP-Battery-P360-x1-441x561.jpg 441w, https:\/\/lirolight.com\/wp-content\/uploads\/2025\/07\/IP-Battery-P360-x1-300x382.jpg 300w, https:\/\/lirolight.com\/wp-content\/uploads\/2025\/07\/IP-Battery-P360-x1-150x191.jpg 150w, https:\/\/lirolight.com\/wp-content\/uploads\/2025\/07\/IP-Battery-P360-x1-31x40.jpg 31w\" data-sizes=\"(max-width: 750px) 100vw, 750px\" src=\"data:image\/gif;base64,R0lGODlhAQABAAAAACH5BAEKAAEALAAAAAABAAEAAAICTAEAOw==\" style=\"--smush-placeholder-width: 750px; --smush-placeholder-aspect-ratio: 750\/954;\" \/><noscript><img loading=\"lazy\" decoding=\"async\" width=\"750\" height=\"954\" src=\"https:\/\/lirolight.com\/wp-content\/uploads\/2025\/07\/IP-Battery-P360-x1.jpg\" alt=\"\" class=\"wp-image-9009\" srcset=\"https:\/\/lirolight.com\/wp-content\/uploads\/2025\/07\/IP-Battery-P360-x1.jpg 750w, https:\/\/lirolight.com\/wp-content\/uploads\/2025\/07\/IP-Battery-P360-x1-236x300.jpg 236w, https:\/\/lirolight.com\/wp-content\/uploads\/2025\/07\/IP-Battery-P360-x1-9x12.jpg 9w, https:\/\/lirolight.com\/wp-content\/uploads\/2025\/07\/IP-Battery-P360-x1-441x561.jpg 441w, https:\/\/lirolight.com\/wp-content\/uploads\/2025\/07\/IP-Battery-P360-x1-300x382.jpg 300w, https:\/\/lirolight.com\/wp-content\/uploads\/2025\/07\/IP-Battery-P360-x1-150x191.jpg 150w, https:\/\/lirolight.com\/wp-content\/uploads\/2025\/07\/IP-Battery-P360-x1-31x40.jpg 31w\" sizes=\"(max-width: 750px) 100vw, 750px\" \/><\/noscript><\/figure>\n\n\n\n<h2 class=\"wp-block-heading\">Enlace de v\u00eddeo:<\/h2>\n\n\n\n<p><a href=\"https:\/\/www.instagram.com\/reel\/DMzpgfTyDXT\" target=\"_blank\" rel=\"noopener\">https:\/\/www.instagram.com\/reel\/DMzpgfTyDXT<\/a><\/p>\n\n\n\n<p><a href=\"https:\/\/www.instagram.com\/reel\/C8JA3nwJ957\" target=\"_blank\" rel=\"noopener\">https:\/\/www.instagram.com\/reel\/C8JA3nwJ957<\/a><\/p>","protected":false},"excerpt":{"rendered":"<div class=\"QFw9Te BLojaf\">\n<div class=\"hlJJmd\">\n<div class=\"Bmcqed\" dir=\"ltr\">\n<div data-id=\"kvLWu\">Este tubo de p\u00edxeles de 360\u00b0 resistente al agua IP65 es la soluci\u00f3n de iluminaci\u00f3n inal\u00e1mbrica definitiva para DJ, discotecas y bodas. Con 32 p\u00edxeles RGBWA vibrantes, ofrece una iluminaci\u00f3n impresionante de 360 grados para conseguir efectos uniformes y llamativos. El control se realiza sin esfuerzo a trav\u00e9s de DMX inal\u00e1mbrico, una aplicaci\u00f3n m\u00f3vil o un mando a distancia, mientras que la compatibilidad con DMX512 permite una programaci\u00f3n precisa y profesional. Alimentado por una bater\u00eda de 9600mAh de larga duraci\u00f3n, ofrece total libertad de cables tanto para eventos en interiores como en exteriores. Este vers\u00e1til tubo crea atm\u00f3sferas din\u00e1micas y envolventes para cualquier celebraci\u00f3n.<\/div>\n<\/div>\n<\/div>\n<\/div>\n<div class=\"DVHrxd\">\u00a0<\/div>\n<div class=\"UdTY9 BwTYAc leDWne\" aria-hidden=\"true\" data-location=\"1\">\u00a0<\/div>\n<p>&nbsp;<\/p>\n<blockquote><p>\u00a0<\/p><\/blockquote>\n<p>&nbsp;<\/p>","protected":false},"featured_media":9008,"comment_status":"open","ping_status":"closed","template":"","meta":[],"product_brand":[],"product_cat":[83],"product_tag":[217,214,216,215],"class_list":{"0":"post-8998","1":"product","2":"type-product","3":"status-publish","4":"has-post-thumbnail","6":"product_cat-battery-wireless-light","7":"product_tag-360-battery-powered-tube-par","8":"product_tag-led-tube","9":"product_tag-pixel-remote-control-led-tube","10":"product_tag-wireless-led-pixel-tube","12":"first","13":"instock","14":"shipping-taxable","15":"product-type-simple"},"_links":{"self":[{"href":"https:\/\/lirolight.com\/es\/wp-json\/wp\/v2\/product\/8998","targetHints":{"allow":["GET"]}}],"collection":[{"href":"https:\/\/lirolight.com\/es\/wp-json\/wp\/v2\/product"}],"about":[{"href":"https:\/\/lirolight.com\/es\/wp-json\/wp\/v2\/types\/product"}],"replies":[{"embeddable":true,"href":"https:\/\/lirolight.com\/es\/wp-json\/wp\/v2\/comments?post=8998"}],"version-history":[{"count":4,"href":"https:\/\/lirolight.com\/es\/wp-json\/wp\/v2\/product\/8998\/revisions"}],"predecessor-version":[{"id":10520,"href":"https:\/\/lirolight.com\/es\/wp-json\/wp\/v2\/product\/8998\/revisions\/10520"}],"wp:featuredmedia":[{"embeddable":true,"href":"https:\/\/lirolight.com\/es\/wp-json\/wp\/v2\/media\/9008"}],"wp:attachment":[{"href":"https:\/\/lirolight.com\/es\/wp-json\/wp\/v2\/media?parent=8998"}],"wp:term":[{"taxonomy":"product_brand","embeddable":true,"href":"https:\/\/lirolight.com\/es\/wp-json\/wp\/v2\/product_brand?post=8998"},{"taxonomy":"product_cat","embeddable":true,"href":"https:\/\/lirolight.com\/es\/wp-json\/wp\/v2\/product_cat?post=8998"},{"taxonomy":"product_tag","embeddable":true,"href":"https:\/\/lirolight.com\/es\/wp-json\/wp\/v2\/product_tag?post=8998"}],"curies":[{"name":"wp","href":"https:\/\/api.w.org\/{rel}","templated":true}]}}