{"id":9241,"date":"2025-08-08T02:58:39","date_gmt":"2025-08-08T02:58:39","guid":{"rendered":"https:\/\/lirolight.com\/?post_type=product&#038;p=9241"},"modified":"2026-01-12T08:23:45","modified_gmt":"2026-01-12T08:23:45","slug":"liro-lite-ip66-1060w-waterproof-moving-head-wash-bar-super-dotline-10x60w-rgbw-4in1-zoom-pixel-bar-moving-head-strip-light","status":"publish","type":"product","link":"https:\/\/lirolight.com\/es\/producto\/liro-lite-ip66-1060w-waterproof-moving-head-wash-bar-super-dotline-10x60w-rgbw-4in1-zoom-pixel-bar-moving-head-strip-light\/","title":{"rendered":"LiRO-LITE IP66 10*60w Impermeable Cabezal M\u00f3vil Wash Bar Super Dotline 10X60W RGBW 4en1 Zoom Pixel Bar Cabezal M\u00f3vil Strip Light"},"content":{"rendered":"<h2 class=\"wp-block-heading\"><strong><mark style=\"background-color:#000000\" class=\"has-inline-color has-white-color\">LR-IP Super Dotline B1060<\/mark><\/strong><\/h2>\n\n\n\n<hr class=\"wp-block-separator has-alpha-channel-opacity\"\/>\n\n\n\n<h2 class=\"wp-block-heading\">Fotos:<br><\/h2>\n\n\n\n<figure class=\"wp-block-image size-large\"><img fetchpriority=\"high\" decoding=\"async\" width=\"1024\" height=\"556\" src=\"https:\/\/lirolight.com\/wp-content\/uploads\/2025\/08\/IP-Super-Dotline-B1060-4-1-scaled-e1768205861878-1024x556.png\" alt=\"\" class=\"wp-image-9244\" srcset=\"https:\/\/lirolight.com\/wp-content\/uploads\/2025\/08\/IP-Super-Dotline-B1060-4-1-scaled-e1768205861878-1024x556.png 1024w, https:\/\/lirolight.com\/wp-content\/uploads\/2025\/08\/IP-Super-Dotline-B1060-4-1-scaled-e1768205861878-300x163.png 300w, https:\/\/lirolight.com\/wp-content\/uploads\/2025\/08\/IP-Super-Dotline-B1060-4-1-scaled-e1768205861878-768x417.png 768w, https:\/\/lirolight.com\/wp-content\/uploads\/2025\/08\/IP-Super-Dotline-B1060-4-1-scaled-e1768205861878-1536x834.png 1536w, https:\/\/lirolight.com\/wp-content\/uploads\/2025\/08\/IP-Super-Dotline-B1060-4-1-scaled-e1768205861878-2048x1112.png 2048w, https:\/\/lirolight.com\/wp-content\/uploads\/2025\/08\/IP-Super-Dotline-B1060-4-1-scaled-e1768205861878-18x10.png 18w, https:\/\/lirolight.com\/wp-content\/uploads\/2025\/08\/IP-Super-Dotline-B1060-4-1-scaled-e1768205861878-990x538.png 990w, https:\/\/lirolight.com\/wp-content\/uploads\/2025\/08\/IP-Super-Dotline-B1060-4-1-scaled-e1768205861878-441x239.png 441w, https:\/\/lirolight.com\/wp-content\/uploads\/2025\/08\/IP-Super-Dotline-B1060-4-1-scaled-e1768205861878-800x434.png 800w, https:\/\/lirolight.com\/wp-content\/uploads\/2025\/08\/IP-Super-Dotline-B1060-4-1-scaled-e1768205861878-150x81.png 150w, https:\/\/lirolight.com\/wp-content\/uploads\/2025\/08\/IP-Super-Dotline-B1060-4-1-scaled-e1768205861878-60x33.png 60w\" sizes=\"(max-width: 1024px) 100vw, 1024px\" \/><\/figure>\n\n\n\n<figure class=\"wp-block-image size-large\"><img decoding=\"async\" width=\"1024\" height=\"437\" data-src=\"https:\/\/lirolight.com\/wp-content\/uploads\/2025\/08\/IP-Super-Dotline-B1060-2-1-scaled-e1768205898946-1024x437.png\" alt=\"\" class=\"wp-image-9096 lazyload\" data-srcset=\"https:\/\/lirolight.com\/wp-content\/uploads\/2025\/08\/IP-Super-Dotline-B1060-2-1-scaled-e1768205898946-1024x437.png 1024w, https:\/\/lirolight.com\/wp-content\/uploads\/2025\/08\/IP-Super-Dotline-B1060-2-1-scaled-e1768205898946-300x128.png 300w, https:\/\/lirolight.com\/wp-content\/uploads\/2025\/08\/IP-Super-Dotline-B1060-2-1-scaled-e1768205898946-768x328.png 768w, https:\/\/lirolight.com\/wp-content\/uploads\/2025\/08\/IP-Super-Dotline-B1060-2-1-scaled-e1768205898946-1536x655.png 1536w, https:\/\/lirolight.com\/wp-content\/uploads\/2025\/08\/IP-Super-Dotline-B1060-2-1-scaled-e1768205898946-2048x874.png 2048w, https:\/\/lirolight.com\/wp-content\/uploads\/2025\/08\/IP-Super-Dotline-B1060-2-1-scaled-e1768205898946-18x8.png 18w, https:\/\/lirolight.com\/wp-content\/uploads\/2025\/08\/IP-Super-Dotline-B1060-2-1-scaled-e1768205898946-990x422.png 990w, https:\/\/lirolight.com\/wp-content\/uploads\/2025\/08\/IP-Super-Dotline-B1060-2-1-scaled-e1768205898946-441x188.png 441w, https:\/\/lirolight.com\/wp-content\/uploads\/2025\/08\/IP-Super-Dotline-B1060-2-1-scaled-e1768205898946-800x341.png 800w, https:\/\/lirolight.com\/wp-content\/uploads\/2025\/08\/IP-Super-Dotline-B1060-2-1-scaled-e1768205898946-150x64.png 150w, https:\/\/lirolight.com\/wp-content\/uploads\/2025\/08\/IP-Super-Dotline-B1060-2-1-scaled-e1768205898946-60x26.png 60w\" data-sizes=\"(max-width: 1024px) 100vw, 1024px\" src=\"data:image\/gif;base64,R0lGODlhAQABAAAAACH5BAEKAAEALAAAAAABAAEAAAICTAEAOw==\" style=\"--smush-placeholder-width: 1024px; --smush-placeholder-aspect-ratio: 1024\/437;\" \/><noscript><img decoding=\"async\" width=\"1024\" height=\"437\" src=\"https:\/\/lirolight.com\/wp-content\/uploads\/2025\/08\/IP-Super-Dotline-B1060-2-1-scaled-e1768205898946-1024x437.png\" alt=\"\" class=\"wp-image-9096\" srcset=\"https:\/\/lirolight.com\/wp-content\/uploads\/2025\/08\/IP-Super-Dotline-B1060-2-1-scaled-e1768205898946-1024x437.png 1024w, https:\/\/lirolight.com\/wp-content\/uploads\/2025\/08\/IP-Super-Dotline-B1060-2-1-scaled-e1768205898946-300x128.png 300w, https:\/\/lirolight.com\/wp-content\/uploads\/2025\/08\/IP-Super-Dotline-B1060-2-1-scaled-e1768205898946-768x328.png 768w, https:\/\/lirolight.com\/wp-content\/uploads\/2025\/08\/IP-Super-Dotline-B1060-2-1-scaled-e1768205898946-1536x655.png 1536w, https:\/\/lirolight.com\/wp-content\/uploads\/2025\/08\/IP-Super-Dotline-B1060-2-1-scaled-e1768205898946-2048x874.png 2048w, https:\/\/lirolight.com\/wp-content\/uploads\/2025\/08\/IP-Super-Dotline-B1060-2-1-scaled-e1768205898946-18x8.png 18w, https:\/\/lirolight.com\/wp-content\/uploads\/2025\/08\/IP-Super-Dotline-B1060-2-1-scaled-e1768205898946-990x422.png 990w, https:\/\/lirolight.com\/wp-content\/uploads\/2025\/08\/IP-Super-Dotline-B1060-2-1-scaled-e1768205898946-441x188.png 441w, https:\/\/lirolight.com\/wp-content\/uploads\/2025\/08\/IP-Super-Dotline-B1060-2-1-scaled-e1768205898946-800x341.png 800w, https:\/\/lirolight.com\/wp-content\/uploads\/2025\/08\/IP-Super-Dotline-B1060-2-1-scaled-e1768205898946-150x64.png 150w, https:\/\/lirolight.com\/wp-content\/uploads\/2025\/08\/IP-Super-Dotline-B1060-2-1-scaled-e1768205898946-60x26.png 60w\" sizes=\"(max-width: 1024px) 100vw, 1024px\" \/><\/noscript><\/figure>\n\n\n\n<div class=\"wp-block-columns is-layout-flex wp-container-core-columns-is-layout-28f84493 wp-block-columns-is-layout-flex\">\n<div class=\"wp-block-column is-layout-flow wp-block-column-is-layout-flow\">\n<figure class=\"wp-block-image size-large\"><img decoding=\"async\" width=\"1024\" height=\"1024\" data-src=\"https:\/\/lirolight.com\/wp-content\/uploads\/2025\/08\/LiRO-LITE-IP66-1060w-Waterproof-Moving-head-Wash-Bar-Super-Dotline-10X60W-RGBW-4in1-Zoom-Pixel-Bar-Moving-Head-Strip-Light-1-1024x1024.png\" alt=\"\" class=\"wp-image-9246 lazyload\" data-srcset=\"https:\/\/lirolight.com\/wp-content\/uploads\/2025\/08\/LiRO-LITE-IP66-1060w-Waterproof-Moving-head-Wash-Bar-Super-Dotline-10X60W-RGBW-4in1-Zoom-Pixel-Bar-Moving-Head-Strip-Light-1-1024x1024.png 1024w, https:\/\/lirolight.com\/wp-content\/uploads\/2025\/08\/LiRO-LITE-IP66-1060w-Waterproof-Moving-head-Wash-Bar-Super-Dotline-10X60W-RGBW-4in1-Zoom-Pixel-Bar-Moving-Head-Strip-Light-1-300x300.png 300w, https:\/\/lirolight.com\/wp-content\/uploads\/2025\/08\/LiRO-LITE-IP66-1060w-Waterproof-Moving-head-Wash-Bar-Super-Dotline-10X60W-RGBW-4in1-Zoom-Pixel-Bar-Moving-Head-Strip-Light-1-150x150.png 150w, https:\/\/lirolight.com\/wp-content\/uploads\/2025\/08\/LiRO-LITE-IP66-1060w-Waterproof-Moving-head-Wash-Bar-Super-Dotline-10X60W-RGBW-4in1-Zoom-Pixel-Bar-Moving-Head-Strip-Light-1-768x768.png 768w, https:\/\/lirolight.com\/wp-content\/uploads\/2025\/08\/LiRO-LITE-IP66-1060w-Waterproof-Moving-head-Wash-Bar-Super-Dotline-10X60W-RGBW-4in1-Zoom-Pixel-Bar-Moving-Head-Strip-Light-1-1536x1536.png 1536w, https:\/\/lirolight.com\/wp-content\/uploads\/2025\/08\/LiRO-LITE-IP66-1060w-Waterproof-Moving-head-Wash-Bar-Super-Dotline-10X60W-RGBW-4in1-Zoom-Pixel-Bar-Moving-Head-Strip-Light-1-2048x2048.png 2048w, https:\/\/lirolight.com\/wp-content\/uploads\/2025\/08\/LiRO-LITE-IP66-1060w-Waterproof-Moving-head-Wash-Bar-Super-Dotline-10X60W-RGBW-4in1-Zoom-Pixel-Bar-Moving-Head-Strip-Light-1-12x12.png 12w, https:\/\/lirolight.com\/wp-content\/uploads\/2025\/08\/LiRO-LITE-IP66-1060w-Waterproof-Moving-head-Wash-Bar-Super-Dotline-10X60W-RGBW-4in1-Zoom-Pixel-Bar-Moving-Head-Strip-Light-1-990x990.png 990w, https:\/\/lirolight.com\/wp-content\/uploads\/2025\/08\/LiRO-LITE-IP66-1060w-Waterproof-Moving-head-Wash-Bar-Super-Dotline-10X60W-RGBW-4in1-Zoom-Pixel-Bar-Moving-Head-Strip-Light-1-441x441.png 441w, https:\/\/lirolight.com\/wp-content\/uploads\/2025\/08\/LiRO-LITE-IP66-1060w-Waterproof-Moving-head-Wash-Bar-Super-Dotline-10X60W-RGBW-4in1-Zoom-Pixel-Bar-Moving-Head-Strip-Light-1-100x100.png 100w, https:\/\/lirolight.com\/wp-content\/uploads\/2025\/08\/LiRO-LITE-IP66-1060w-Waterproof-Moving-head-Wash-Bar-Super-Dotline-10X60W-RGBW-4in1-Zoom-Pixel-Bar-Moving-Head-Strip-Light-1-800x800.png 800w, https:\/\/lirolight.com\/wp-content\/uploads\/2025\/08\/LiRO-LITE-IP66-1060w-Waterproof-Moving-head-Wash-Bar-Super-Dotline-10X60W-RGBW-4in1-Zoom-Pixel-Bar-Moving-Head-Strip-Light-1-40x40.png 40w\" data-sizes=\"(max-width: 1024px) 100vw, 1024px\" src=\"data:image\/gif;base64,R0lGODlhAQABAAAAACH5BAEKAAEALAAAAAABAAEAAAICTAEAOw==\" style=\"--smush-placeholder-width: 1024px; --smush-placeholder-aspect-ratio: 1024\/1024;\" \/><noscript><img decoding=\"async\" width=\"1024\" height=\"1024\" src=\"https:\/\/lirolight.com\/wp-content\/uploads\/2025\/08\/LiRO-LITE-IP66-1060w-Waterproof-Moving-head-Wash-Bar-Super-Dotline-10X60W-RGBW-4in1-Zoom-Pixel-Bar-Moving-Head-Strip-Light-1-1024x1024.png\" alt=\"\" class=\"wp-image-9246\" srcset=\"https:\/\/lirolight.com\/wp-content\/uploads\/2025\/08\/LiRO-LITE-IP66-1060w-Waterproof-Moving-head-Wash-Bar-Super-Dotline-10X60W-RGBW-4in1-Zoom-Pixel-Bar-Moving-Head-Strip-Light-1-1024x1024.png 1024w, https:\/\/lirolight.com\/wp-content\/uploads\/2025\/08\/LiRO-LITE-IP66-1060w-Waterproof-Moving-head-Wash-Bar-Super-Dotline-10X60W-RGBW-4in1-Zoom-Pixel-Bar-Moving-Head-Strip-Light-1-300x300.png 300w, https:\/\/lirolight.com\/wp-content\/uploads\/2025\/08\/LiRO-LITE-IP66-1060w-Waterproof-Moving-head-Wash-Bar-Super-Dotline-10X60W-RGBW-4in1-Zoom-Pixel-Bar-Moving-Head-Strip-Light-1-150x150.png 150w, https:\/\/lirolight.com\/wp-content\/uploads\/2025\/08\/LiRO-LITE-IP66-1060w-Waterproof-Moving-head-Wash-Bar-Super-Dotline-10X60W-RGBW-4in1-Zoom-Pixel-Bar-Moving-Head-Strip-Light-1-768x768.png 768w, https:\/\/lirolight.com\/wp-content\/uploads\/2025\/08\/LiRO-LITE-IP66-1060w-Waterproof-Moving-head-Wash-Bar-Super-Dotline-10X60W-RGBW-4in1-Zoom-Pixel-Bar-Moving-Head-Strip-Light-1-1536x1536.png 1536w, https:\/\/lirolight.com\/wp-content\/uploads\/2025\/08\/LiRO-LITE-IP66-1060w-Waterproof-Moving-head-Wash-Bar-Super-Dotline-10X60W-RGBW-4in1-Zoom-Pixel-Bar-Moving-Head-Strip-Light-1-2048x2048.png 2048w, https:\/\/lirolight.com\/wp-content\/uploads\/2025\/08\/LiRO-LITE-IP66-1060w-Waterproof-Moving-head-Wash-Bar-Super-Dotline-10X60W-RGBW-4in1-Zoom-Pixel-Bar-Moving-Head-Strip-Light-1-12x12.png 12w, https:\/\/lirolight.com\/wp-content\/uploads\/2025\/08\/LiRO-LITE-IP66-1060w-Waterproof-Moving-head-Wash-Bar-Super-Dotline-10X60W-RGBW-4in1-Zoom-Pixel-Bar-Moving-Head-Strip-Light-1-990x990.png 990w, https:\/\/lirolight.com\/wp-content\/uploads\/2025\/08\/LiRO-LITE-IP66-1060w-Waterproof-Moving-head-Wash-Bar-Super-Dotline-10X60W-RGBW-4in1-Zoom-Pixel-Bar-Moving-Head-Strip-Light-1-441x441.png 441w, https:\/\/lirolight.com\/wp-content\/uploads\/2025\/08\/LiRO-LITE-IP66-1060w-Waterproof-Moving-head-Wash-Bar-Super-Dotline-10X60W-RGBW-4in1-Zoom-Pixel-Bar-Moving-Head-Strip-Light-1-100x100.png 100w, https:\/\/lirolight.com\/wp-content\/uploads\/2025\/08\/LiRO-LITE-IP66-1060w-Waterproof-Moving-head-Wash-Bar-Super-Dotline-10X60W-RGBW-4in1-Zoom-Pixel-Bar-Moving-Head-Strip-Light-1-800x800.png 800w, https:\/\/lirolight.com\/wp-content\/uploads\/2025\/08\/LiRO-LITE-IP66-1060w-Waterproof-Moving-head-Wash-Bar-Super-Dotline-10X60W-RGBW-4in1-Zoom-Pixel-Bar-Moving-Head-Strip-Light-1-40x40.png 40w\" sizes=\"(max-width: 1024px) 100vw, 1024px\" \/><\/noscript><\/figure>\n<\/div>\n\n\n\n<div class=\"wp-block-column is-layout-flow wp-block-column-is-layout-flow\">\n<figure class=\"wp-block-image size-large\"><img loading=\"lazy\" decoding=\"async\" width=\"1024\" height=\"1024\" data-src=\"https:\/\/lirolight.com\/wp-content\/uploads\/2025\/08\/IP-Super-Dotline-B1060-3-1-1024x1024.png\" alt=\"\" class=\"wp-image-9243 lazyload\" data-srcset=\"https:\/\/lirolight.com\/wp-content\/uploads\/2025\/08\/IP-Super-Dotline-B1060-3-1-1024x1024.png 1024w, https:\/\/lirolight.com\/wp-content\/uploads\/2025\/08\/IP-Super-Dotline-B1060-3-1-300x300.png 300w, https:\/\/lirolight.com\/wp-content\/uploads\/2025\/08\/IP-Super-Dotline-B1060-3-1-150x150.png 150w, https:\/\/lirolight.com\/wp-content\/uploads\/2025\/08\/IP-Super-Dotline-B1060-3-1-768x768.png 768w, https:\/\/lirolight.com\/wp-content\/uploads\/2025\/08\/IP-Super-Dotline-B1060-3-1-1536x1536.png 1536w, https:\/\/lirolight.com\/wp-content\/uploads\/2025\/08\/IP-Super-Dotline-B1060-3-1-2048x2048.png 2048w, https:\/\/lirolight.com\/wp-content\/uploads\/2025\/08\/IP-Super-Dotline-B1060-3-1-12x12.png 12w, https:\/\/lirolight.com\/wp-content\/uploads\/2025\/08\/IP-Super-Dotline-B1060-3-1-990x990.png 990w, https:\/\/lirolight.com\/wp-content\/uploads\/2025\/08\/IP-Super-Dotline-B1060-3-1-441x441.png 441w, https:\/\/lirolight.com\/wp-content\/uploads\/2025\/08\/IP-Super-Dotline-B1060-3-1-100x100.png 100w, https:\/\/lirolight.com\/wp-content\/uploads\/2025\/08\/IP-Super-Dotline-B1060-3-1-800x800.png 800w, https:\/\/lirolight.com\/wp-content\/uploads\/2025\/08\/IP-Super-Dotline-B1060-3-1-40x40.png 40w\" data-sizes=\"(max-width: 1024px) 100vw, 1024px\" src=\"data:image\/gif;base64,R0lGODlhAQABAAAAACH5BAEKAAEALAAAAAABAAEAAAICTAEAOw==\" style=\"--smush-placeholder-width: 1024px; --smush-placeholder-aspect-ratio: 1024\/1024;\" \/><noscript><img loading=\"lazy\" decoding=\"async\" width=\"1024\" height=\"1024\" src=\"https:\/\/lirolight.com\/wp-content\/uploads\/2025\/08\/IP-Super-Dotline-B1060-3-1-1024x1024.png\" alt=\"\" class=\"wp-image-9243\" srcset=\"https:\/\/lirolight.com\/wp-content\/uploads\/2025\/08\/IP-Super-Dotline-B1060-3-1-1024x1024.png 1024w, https:\/\/lirolight.com\/wp-content\/uploads\/2025\/08\/IP-Super-Dotline-B1060-3-1-300x300.png 300w, https:\/\/lirolight.com\/wp-content\/uploads\/2025\/08\/IP-Super-Dotline-B1060-3-1-150x150.png 150w, https:\/\/lirolight.com\/wp-content\/uploads\/2025\/08\/IP-Super-Dotline-B1060-3-1-768x768.png 768w, https:\/\/lirolight.com\/wp-content\/uploads\/2025\/08\/IP-Super-Dotline-B1060-3-1-1536x1536.png 1536w, https:\/\/lirolight.com\/wp-content\/uploads\/2025\/08\/IP-Super-Dotline-B1060-3-1-2048x2048.png 2048w, https:\/\/lirolight.com\/wp-content\/uploads\/2025\/08\/IP-Super-Dotline-B1060-3-1-12x12.png 12w, https:\/\/lirolight.com\/wp-content\/uploads\/2025\/08\/IP-Super-Dotline-B1060-3-1-990x990.png 990w, https:\/\/lirolight.com\/wp-content\/uploads\/2025\/08\/IP-Super-Dotline-B1060-3-1-441x441.png 441w, https:\/\/lirolight.com\/wp-content\/uploads\/2025\/08\/IP-Super-Dotline-B1060-3-1-100x100.png 100w, https:\/\/lirolight.com\/wp-content\/uploads\/2025\/08\/IP-Super-Dotline-B1060-3-1-800x800.png 800w, https:\/\/lirolight.com\/wp-content\/uploads\/2025\/08\/IP-Super-Dotline-B1060-3-1-40x40.png 40w\" sizes=\"(max-width: 1024px) 100vw, 1024px\" \/><\/noscript><\/figure>\n<\/div>\n<\/div>\n\n\n\n<h2 class=\"wp-block-heading\">Especificaci\u00f3n:<\/h2>\n\n\n\n<p>Potencia de entrada: 180-240V~ 50\/60Hz<br>Potencia: 800 W<br>Fuente de luz<br>Extremo de la viga:<br>10 x 60W RGBW LED<br>Fin de la luz estrobosc\u00f3pica:<br>96 x 3W CW LED<br>96 x 3W WW LED<br>96 LED RGB de 0,5 W<br>Temperatura de color de la luz blanca: 6.300K<br>Flujo luminoso: 22.400 lm<br>Vida \u00fatil de los LED: 20.000 horas<br>\u00c1ngulo del haz: 2,8\u00b0-31\u00b0 (extremo del haz)<br>\u00c1ngulo del punto: 5\u00b0-46\u00b0 (extremo del haz)<br>Panel de mandos: Pantalla LCD<br>Protocolo de control: DMX512\/Maestro-Esclavo\/Auto Run\/RDM\/Manual<br>Modo de canal DMX: 7 tipos<br>Modo de canales: 17\/27\/99\/108\/168\/8+100\/8+160\/170 channels<br>Actualizaci\u00f3n de software: Actualiza el software a trav\u00e9s de la conexi\u00f3n DMX<br>\u00c1ngulo de inclinaci\u00f3n: 202<br>Toma de corriente: Conector de alimentaci\u00f3n de entrada\/salida<br>Entrada\/salida de se\u00f1al: toma XLR de tres o cinco patillas<br>Clasificaci\u00f3n IP: IP66<\/p>\n\n\n\n<h2 class=\"wp-block-heading\">Par\u00e1metros:<\/h2>\n\n\n\n<figure class=\"wp-block-table\"><table class=\"has-fixed-layout\"><tbody><tr><td>Amplio voltaje<\/td><td>AC100-240V,50\/60Hz<\/td><\/tr><tr><td>Vida \u00fatil<\/td><td>50.000 horas<\/td><\/tr><tr><td>Potencia<\/td><td>800W<\/td><\/tr><tr><td>Fuente LED<\/td><td>10X60W RGBW 4en1 LED+96 x 3W CW LED+96 x 3W WW LED+96 x 0.5W RGB LED<\/td><\/tr><tr><td>Regulaci\u00f3n<\/td><td>4 curvas de regulaci\u00f3n con regulaci\u00f3n 0~100%<\/td><\/tr><tr><td>Conector DMX<\/td><td>XLR de 3 clavijas<\/td><\/tr><tr><td>Temperatura de trabajo<\/td><td>0-40\u00b0C<\/td><\/tr><tr><td>Modo de conexi\u00f3n<\/td><td>DMX,RDM, maestro\/esclavo, sonido activo, autom\u00e1tico<\/td><\/tr><tr><td>Entrada\/Salida PowerCon<\/td><td>Entrada PowerCON<\/td><\/tr><tr><td>Grado de protecci\u00f3n IP<\/td><td>IP66<\/td><\/tr><\/tbody><\/table><\/figure>\n\n\n\n<h2 class=\"wp-block-heading\">Enlace de v\u00eddeo:<\/h2>\n\n\n\n<p><a href=\"https:\/\/www.instagram.com\/p\/DKrEd2TJS6X\" target=\"_blank\" rel=\"noopener\">https:\/\/www.instagram.com\/p\/DKrEd2TJS6X<\/a><\/p>","protected":false},"excerpt":{"rendered":"<p>LiRO-LITE IP66 1060W Waterproof Moving Head Wash Bar es una soluci\u00f3n de iluminaci\u00f3n profesional dise\u00f1ada para efectos visuales din\u00e1micos. Equipado con 10PCS 60W RGBW 4in1 LEDs, ofrece colores vibrantes, totalmente mezclables. La luminaria tambi\u00e9n incluye 96 x 3W CW, 96 x 3W WW y 96 x 0,5W LED RGB, que permiten obtener tonos blancos intensos y acentos de color precisos. Con el control individual de los LED, los usuarios pueden crear intrincadas pantallas con mapa de p\u00edxeles. El zoom de 2,8-35\u00b0 ofrece \u00e1ngulos de haz flexibles tanto para lavados amplios como para proyecciones n\u00edtidas. Su grado de impermeabilidad IP66 garantiza un rendimiento fiable en exteriores, mientras que el dise\u00f1o empalmable permite configuraciones modulares sin fisuras. Compatible con canales ACME, es ideal para eventos a gran escala, producciones esc\u00e9nicas e iluminaci\u00f3n arquitect\u00f3nica.<\/p>","protected":false},"featured_media":9247,"comment_status":"open","ping_status":"closed","template":"","meta":[],"product_brand":[],"product_cat":[53],"product_tag":[281,283,284,282,73],"class_list":{"0":"post-9241","1":"product","2":"type-product","3":"status-publish","4":"has-post-thumbnail","6":"product_cat-ip-wash","7":"product_tag-1060w-waterproof-moving-head-wash-bar","8":"product_tag-10x60w-rgbw-4in1-zoom-pixel-bar","9":"product_tag-moving-head-strip-light","10":"product_tag-super-dotline","11":"product_tag-wash","13":"first","14":"instock","15":"shipping-taxable","16":"product-type-simple"},"_links":{"self":[{"href":"https:\/\/lirolight.com\/es\/wp-json\/wp\/v2\/product\/9241","targetHints":{"allow":["GET"]}}],"collection":[{"href":"https:\/\/lirolight.com\/es\/wp-json\/wp\/v2\/product"}],"about":[{"href":"https:\/\/lirolight.com\/es\/wp-json\/wp\/v2\/types\/product"}],"replies":[{"embeddable":true,"href":"https:\/\/lirolight.com\/es\/wp-json\/wp\/v2\/comments?post=9241"}],"version-history":[{"count":7,"href":"https:\/\/lirolight.com\/es\/wp-json\/wp\/v2\/product\/9241\/revisions"}],"predecessor-version":[{"id":10458,"href":"https:\/\/lirolight.com\/es\/wp-json\/wp\/v2\/product\/9241\/revisions\/10458"}],"wp:featuredmedia":[{"embeddable":true,"href":"https:\/\/lirolight.com\/es\/wp-json\/wp\/v2\/media\/9247"}],"wp:attachment":[{"href":"https:\/\/lirolight.com\/es\/wp-json\/wp\/v2\/media?parent=9241"}],"wp:term":[{"taxonomy":"product_brand","embeddable":true,"href":"https:\/\/lirolight.com\/es\/wp-json\/wp\/v2\/product_brand?post=9241"},{"taxonomy":"product_cat","embeddable":true,"href":"https:\/\/lirolight.com\/es\/wp-json\/wp\/v2\/product_cat?post=9241"},{"taxonomy":"product_tag","embeddable":true,"href":"https:\/\/lirolight.com\/es\/wp-json\/wp\/v2\/product_tag?post=9241"}],"curies":[{"name":"wp","href":"https:\/\/api.w.org\/{rel}","templated":true}]}}