{"id":9283,"date":"2025-08-12T06:47:22","date_gmt":"2025-08-12T06:47:22","guid":{"rendered":"https:\/\/lirolight.com\/?post_type=product&#038;p=9283"},"modified":"2026-01-12T08:26:18","modified_gmt":"2026-01-12T08:26:18","slug":"liro-lite-6x100w-cob-retro-light-led-hexaline-bar-light-led-flash-strobe-stage-light-with-rgb-auxiliary-light-backlight","status":"publish","type":"product","link":"https:\/\/lirolight.com\/es\/producto\/liro-lite-6x100w-cob-retro-light-led-hexaline-bar-light-led-flash-strobe-stage-light-with-rgb-auxiliary-light-backlight\/","title":{"rendered":"LiRO-LITE 6x100W COB Retro Light LED Hexaline Bar Light Led Flash Strobe Stage Light with RGB Auxiliary Light Backlight"},"content":{"rendered":"<h2 class=\"wp-block-heading\"><strong><mark style=\"background-color:#000000\" class=\"has-inline-color has-white-color\">LR-P2 RGB<\/mark><\/strong><\/h2>\n\n\n\n<hr class=\"wp-block-separator has-alpha-channel-opacity\"\/>\n\n\n\n<h2 class=\"wp-block-heading\">Fotos:<\/h2>\n\n\n\n<figure class=\"wp-block-image aligncenter size-full\"><img fetchpriority=\"high\" decoding=\"async\" width=\"960\" height=\"960\" src=\"https:\/\/lirolight.com\/wp-content\/uploads\/2025\/08\/LiRO-LITE-6x100W-COB-Retro-Light-LED-Hexaline-Bar-Light-Led-Strobe-Stage-Light-with-RGB-Auxiliary-Light-Backlight-5.png\" alt=\"\" class=\"wp-image-9291\" srcset=\"https:\/\/lirolight.com\/wp-content\/uploads\/2025\/08\/LiRO-LITE-6x100W-COB-Retro-Light-LED-Hexaline-Bar-Light-Led-Strobe-Stage-Light-with-RGB-Auxiliary-Light-Backlight-5.png 960w, https:\/\/lirolight.com\/wp-content\/uploads\/2025\/08\/LiRO-LITE-6x100W-COB-Retro-Light-LED-Hexaline-Bar-Light-Led-Strobe-Stage-Light-with-RGB-Auxiliary-Light-Backlight-5-300x300.png 300w, https:\/\/lirolight.com\/wp-content\/uploads\/2025\/08\/LiRO-LITE-6x100W-COB-Retro-Light-LED-Hexaline-Bar-Light-Led-Strobe-Stage-Light-with-RGB-Auxiliary-Light-Backlight-5-150x150.png 150w, https:\/\/lirolight.com\/wp-content\/uploads\/2025\/08\/LiRO-LITE-6x100W-COB-Retro-Light-LED-Hexaline-Bar-Light-Led-Strobe-Stage-Light-with-RGB-Auxiliary-Light-Backlight-5-768x768.png 768w, https:\/\/lirolight.com\/wp-content\/uploads\/2025\/08\/LiRO-LITE-6x100W-COB-Retro-Light-LED-Hexaline-Bar-Light-Led-Strobe-Stage-Light-with-RGB-Auxiliary-Light-Backlight-5-12x12.png 12w, https:\/\/lirolight.com\/wp-content\/uploads\/2025\/08\/LiRO-LITE-6x100W-COB-Retro-Light-LED-Hexaline-Bar-Light-Led-Strobe-Stage-Light-with-RGB-Auxiliary-Light-Backlight-5-441x441.png 441w, https:\/\/lirolight.com\/wp-content\/uploads\/2025\/08\/LiRO-LITE-6x100W-COB-Retro-Light-LED-Hexaline-Bar-Light-Led-Strobe-Stage-Light-with-RGB-Auxiliary-Light-Backlight-5-100x100.png 100w, https:\/\/lirolight.com\/wp-content\/uploads\/2025\/08\/LiRO-LITE-6x100W-COB-Retro-Light-LED-Hexaline-Bar-Light-Led-Strobe-Stage-Light-with-RGB-Auxiliary-Light-Backlight-5-800x800.png 800w, https:\/\/lirolight.com\/wp-content\/uploads\/2025\/08\/LiRO-LITE-6x100W-COB-Retro-Light-LED-Hexaline-Bar-Light-Led-Strobe-Stage-Light-with-RGB-Auxiliary-Light-Backlight-5-40x40.png 40w\" sizes=\"(max-width: 960px) 100vw, 960px\" \/><\/figure>\n\n\n\n<figure class=\"wp-block-image aligncenter size-full\"><img decoding=\"async\" width=\"2429\" height=\"1822\" data-src=\"https:\/\/lirolight.com\/wp-content\/uploads\/2025\/08\/LiRO-LITE-6x100W-COB-Retro-Light-LED-Hexaline-Bar-Light-Led-Strobe-Stage-Light-with-RGB-Auxiliary-Light-Backlight-7.jpg\" alt=\"\" class=\"wp-image-9293 lazyload\" data-srcset=\"https:\/\/lirolight.com\/wp-content\/uploads\/2025\/08\/LiRO-LITE-6x100W-COB-Retro-Light-LED-Hexaline-Bar-Light-Led-Strobe-Stage-Light-with-RGB-Auxiliary-Light-Backlight-7.jpg 2429w, https:\/\/lirolight.com\/wp-content\/uploads\/2025\/08\/LiRO-LITE-6x100W-COB-Retro-Light-LED-Hexaline-Bar-Light-Led-Strobe-Stage-Light-with-RGB-Auxiliary-Light-Backlight-7-300x225.jpg 300w, https:\/\/lirolight.com\/wp-content\/uploads\/2025\/08\/LiRO-LITE-6x100W-COB-Retro-Light-LED-Hexaline-Bar-Light-Led-Strobe-Stage-Light-with-RGB-Auxiliary-Light-Backlight-7-1024x768.jpg 1024w, https:\/\/lirolight.com\/wp-content\/uploads\/2025\/08\/LiRO-LITE-6x100W-COB-Retro-Light-LED-Hexaline-Bar-Light-Led-Strobe-Stage-Light-with-RGB-Auxiliary-Light-Backlight-7-768x576.jpg 768w, https:\/\/lirolight.com\/wp-content\/uploads\/2025\/08\/LiRO-LITE-6x100W-COB-Retro-Light-LED-Hexaline-Bar-Light-Led-Strobe-Stage-Light-with-RGB-Auxiliary-Light-Backlight-7-1536x1152.jpg 1536w, https:\/\/lirolight.com\/wp-content\/uploads\/2025\/08\/LiRO-LITE-6x100W-COB-Retro-Light-LED-Hexaline-Bar-Light-Led-Strobe-Stage-Light-with-RGB-Auxiliary-Light-Backlight-7-2048x1536.jpg 2048w, https:\/\/lirolight.com\/wp-content\/uploads\/2025\/08\/LiRO-LITE-6x100W-COB-Retro-Light-LED-Hexaline-Bar-Light-Led-Strobe-Stage-Light-with-RGB-Auxiliary-Light-Backlight-7-16x12.jpg 16w, https:\/\/lirolight.com\/wp-content\/uploads\/2025\/08\/LiRO-LITE-6x100W-COB-Retro-Light-LED-Hexaline-Bar-Light-Led-Strobe-Stage-Light-with-RGB-Auxiliary-Light-Backlight-7-990x743.jpg 990w, https:\/\/lirolight.com\/wp-content\/uploads\/2025\/08\/LiRO-LITE-6x100W-COB-Retro-Light-LED-Hexaline-Bar-Light-Led-Strobe-Stage-Light-with-RGB-Auxiliary-Light-Backlight-7-441x331.jpg 441w, https:\/\/lirolight.com\/wp-content\/uploads\/2025\/08\/LiRO-LITE-6x100W-COB-Retro-Light-LED-Hexaline-Bar-Light-Led-Strobe-Stage-Light-with-RGB-Auxiliary-Light-Backlight-7-800x600.jpg 800w, https:\/\/lirolight.com\/wp-content\/uploads\/2025\/08\/LiRO-LITE-6x100W-COB-Retro-Light-LED-Hexaline-Bar-Light-Led-Strobe-Stage-Light-with-RGB-Auxiliary-Light-Backlight-7-150x113.jpg 150w, https:\/\/lirolight.com\/wp-content\/uploads\/2025\/08\/LiRO-LITE-6x100W-COB-Retro-Light-LED-Hexaline-Bar-Light-Led-Strobe-Stage-Light-with-RGB-Auxiliary-Light-Backlight-7-53x40.jpg 53w\" data-sizes=\"(max-width: 2429px) 100vw, 2429px\" src=\"data:image\/gif;base64,R0lGODlhAQABAAAAACH5BAEKAAEALAAAAAABAAEAAAICTAEAOw==\" style=\"--smush-placeholder-width: 2429px; --smush-placeholder-aspect-ratio: 2429\/1822;\" \/><noscript><img decoding=\"async\" width=\"2429\" height=\"1822\" src=\"https:\/\/lirolight.com\/wp-content\/uploads\/2025\/08\/LiRO-LITE-6x100W-COB-Retro-Light-LED-Hexaline-Bar-Light-Led-Strobe-Stage-Light-with-RGB-Auxiliary-Light-Backlight-7.jpg\" alt=\"\" class=\"wp-image-9293\" srcset=\"https:\/\/lirolight.com\/wp-content\/uploads\/2025\/08\/LiRO-LITE-6x100W-COB-Retro-Light-LED-Hexaline-Bar-Light-Led-Strobe-Stage-Light-with-RGB-Auxiliary-Light-Backlight-7.jpg 2429w, https:\/\/lirolight.com\/wp-content\/uploads\/2025\/08\/LiRO-LITE-6x100W-COB-Retro-Light-LED-Hexaline-Bar-Light-Led-Strobe-Stage-Light-with-RGB-Auxiliary-Light-Backlight-7-300x225.jpg 300w, https:\/\/lirolight.com\/wp-content\/uploads\/2025\/08\/LiRO-LITE-6x100W-COB-Retro-Light-LED-Hexaline-Bar-Light-Led-Strobe-Stage-Light-with-RGB-Auxiliary-Light-Backlight-7-1024x768.jpg 1024w, https:\/\/lirolight.com\/wp-content\/uploads\/2025\/08\/LiRO-LITE-6x100W-COB-Retro-Light-LED-Hexaline-Bar-Light-Led-Strobe-Stage-Light-with-RGB-Auxiliary-Light-Backlight-7-768x576.jpg 768w, https:\/\/lirolight.com\/wp-content\/uploads\/2025\/08\/LiRO-LITE-6x100W-COB-Retro-Light-LED-Hexaline-Bar-Light-Led-Strobe-Stage-Light-with-RGB-Auxiliary-Light-Backlight-7-1536x1152.jpg 1536w, https:\/\/lirolight.com\/wp-content\/uploads\/2025\/08\/LiRO-LITE-6x100W-COB-Retro-Light-LED-Hexaline-Bar-Light-Led-Strobe-Stage-Light-with-RGB-Auxiliary-Light-Backlight-7-2048x1536.jpg 2048w, https:\/\/lirolight.com\/wp-content\/uploads\/2025\/08\/LiRO-LITE-6x100W-COB-Retro-Light-LED-Hexaline-Bar-Light-Led-Strobe-Stage-Light-with-RGB-Auxiliary-Light-Backlight-7-16x12.jpg 16w, https:\/\/lirolight.com\/wp-content\/uploads\/2025\/08\/LiRO-LITE-6x100W-COB-Retro-Light-LED-Hexaline-Bar-Light-Led-Strobe-Stage-Light-with-RGB-Auxiliary-Light-Backlight-7-990x743.jpg 990w, https:\/\/lirolight.com\/wp-content\/uploads\/2025\/08\/LiRO-LITE-6x100W-COB-Retro-Light-LED-Hexaline-Bar-Light-Led-Strobe-Stage-Light-with-RGB-Auxiliary-Light-Backlight-7-441x331.jpg 441w, https:\/\/lirolight.com\/wp-content\/uploads\/2025\/08\/LiRO-LITE-6x100W-COB-Retro-Light-LED-Hexaline-Bar-Light-Led-Strobe-Stage-Light-with-RGB-Auxiliary-Light-Backlight-7-800x600.jpg 800w, https:\/\/lirolight.com\/wp-content\/uploads\/2025\/08\/LiRO-LITE-6x100W-COB-Retro-Light-LED-Hexaline-Bar-Light-Led-Strobe-Stage-Light-with-RGB-Auxiliary-Light-Backlight-7-150x113.jpg 150w, https:\/\/lirolight.com\/wp-content\/uploads\/2025\/08\/LiRO-LITE-6x100W-COB-Retro-Light-LED-Hexaline-Bar-Light-Led-Strobe-Stage-Light-with-RGB-Auxiliary-Light-Backlight-7-53x40.jpg 53w\" sizes=\"(max-width: 2429px) 100vw, 2429px\" \/><\/noscript><\/figure>\n\n\n\n<h2 class=\"wp-block-heading\">Especificaci\u00f3n:<\/h2>\n\n\n\n<p>Voltaje: AC100-240V, 50\/60HZ<br>Potencia: 600 W<br>Fuente de luz: 6*100w LEDs brillantes+144 LEDs RGB 3IN1<br>Vida \u00fatil de la fuente luminosa: 100.000 horas<br>Temperatura de color: 3200K-5600K<br>Funci\u00f3n: cada haz de l\u00e1mpara COB puede controlarse individualmente<br>Programas integrados: efectos de color, atenuaci\u00f3n, estrobosc\u00f3picos y de persecuci\u00f3n<br>Regulaci\u00f3n: 0-100% ajuste lineal<br>Estrobosc\u00f3pico: 0-20 veces\/seg<br>Canal DMX: 3\/5\/10 canales opcionales<br>Modo de control: DMX512, control maestro-esclavo, autopropulsado, modo de control por voz<br>Nivel de protecci\u00f3n: IP20<\/p>\n\n\n\n<h2 class=\"wp-block-heading\"><strong>Par\u00e1metro:<\/strong><\/h2>\n\n\n\n<figure class=\"wp-block-table\"><table class=\"has-fixed-layout\"><tbody><tr><td>Potencia<\/td><td>600W<\/td><\/tr><tr><td>N\u00famero de cuentas luminosas<\/td><td>6*100w LED brillantes+144 LED RGB 3IN1<\/td><\/tr><tr><td>tipo de perla luminosa<\/td><td>Baliza luminosa RGB tres en uno + baliza luminosa integrada<\/td><\/tr><tr><td>Estroboscopio<\/td><td>0-20 veces\/segundo<\/td><\/tr><tr><td>N\u00famero de canales de control DMX<\/td><td>3\/5\/10 canales opcionales<\/td><\/tr><tr><td>Conector DMX<\/td><td>XLR de 3 clavijas<\/td><\/tr><\/tbody><\/table><\/figure>\n\n\n\n<div class=\"wp-block-columns is-layout-flex wp-container-core-columns-is-layout-28f84493 wp-block-columns-is-layout-flex\">\n<div class=\"wp-block-column is-layout-flow wp-block-column-is-layout-flow\">\n<h2 class=\"wp-block-heading\">Hora del espect\u00e1culo:<\/h2>\n<\/div>\n<\/div>\n\n\n\n<figure class=\"wp-block-image aligncenter size-full\"><img decoding=\"async\" width=\"800\" height=\"600\" data-src=\"https:\/\/lirolight.com\/wp-content\/uploads\/2025\/08\/LiRO-LITE-6x100W-COB-Retro-Light-LED-Hexaline-Bar-Light-Led-Strobe-Stage-Light-with-RGB-Auxiliary-Light-Backlight-x3.png\" alt=\"\" class=\"wp-image-9285 lazyload\" data-srcset=\"https:\/\/lirolight.com\/wp-content\/uploads\/2025\/08\/LiRO-LITE-6x100W-COB-Retro-Light-LED-Hexaline-Bar-Light-Led-Strobe-Stage-Light-with-RGB-Auxiliary-Light-Backlight-x3.png 800w, https:\/\/lirolight.com\/wp-content\/uploads\/2025\/08\/LiRO-LITE-6x100W-COB-Retro-Light-LED-Hexaline-Bar-Light-Led-Strobe-Stage-Light-with-RGB-Auxiliary-Light-Backlight-x3-300x225.png 300w, https:\/\/lirolight.com\/wp-content\/uploads\/2025\/08\/LiRO-LITE-6x100W-COB-Retro-Light-LED-Hexaline-Bar-Light-Led-Strobe-Stage-Light-with-RGB-Auxiliary-Light-Backlight-x3-768x576.png 768w, https:\/\/lirolight.com\/wp-content\/uploads\/2025\/08\/LiRO-LITE-6x100W-COB-Retro-Light-LED-Hexaline-Bar-Light-Led-Strobe-Stage-Light-with-RGB-Auxiliary-Light-Backlight-x3-16x12.png 16w, https:\/\/lirolight.com\/wp-content\/uploads\/2025\/08\/LiRO-LITE-6x100W-COB-Retro-Light-LED-Hexaline-Bar-Light-Led-Strobe-Stage-Light-with-RGB-Auxiliary-Light-Backlight-x3-441x331.png 441w, https:\/\/lirolight.com\/wp-content\/uploads\/2025\/08\/LiRO-LITE-6x100W-COB-Retro-Light-LED-Hexaline-Bar-Light-Led-Strobe-Stage-Light-with-RGB-Auxiliary-Light-Backlight-x3-150x113.png 150w, https:\/\/lirolight.com\/wp-content\/uploads\/2025\/08\/LiRO-LITE-6x100W-COB-Retro-Light-LED-Hexaline-Bar-Light-Led-Strobe-Stage-Light-with-RGB-Auxiliary-Light-Backlight-x3-53x40.png 53w\" data-sizes=\"(max-width: 800px) 100vw, 800px\" src=\"data:image\/gif;base64,R0lGODlhAQABAAAAACH5BAEKAAEALAAAAAABAAEAAAICTAEAOw==\" style=\"--smush-placeholder-width: 800px; --smush-placeholder-aspect-ratio: 800\/600;\" \/><noscript><img decoding=\"async\" width=\"800\" height=\"600\" src=\"https:\/\/lirolight.com\/wp-content\/uploads\/2025\/08\/LiRO-LITE-6x100W-COB-Retro-Light-LED-Hexaline-Bar-Light-Led-Strobe-Stage-Light-with-RGB-Auxiliary-Light-Backlight-x3.png\" alt=\"\" class=\"wp-image-9285\" srcset=\"https:\/\/lirolight.com\/wp-content\/uploads\/2025\/08\/LiRO-LITE-6x100W-COB-Retro-Light-LED-Hexaline-Bar-Light-Led-Strobe-Stage-Light-with-RGB-Auxiliary-Light-Backlight-x3.png 800w, https:\/\/lirolight.com\/wp-content\/uploads\/2025\/08\/LiRO-LITE-6x100W-COB-Retro-Light-LED-Hexaline-Bar-Light-Led-Strobe-Stage-Light-with-RGB-Auxiliary-Light-Backlight-x3-300x225.png 300w, https:\/\/lirolight.com\/wp-content\/uploads\/2025\/08\/LiRO-LITE-6x100W-COB-Retro-Light-LED-Hexaline-Bar-Light-Led-Strobe-Stage-Light-with-RGB-Auxiliary-Light-Backlight-x3-768x576.png 768w, https:\/\/lirolight.com\/wp-content\/uploads\/2025\/08\/LiRO-LITE-6x100W-COB-Retro-Light-LED-Hexaline-Bar-Light-Led-Strobe-Stage-Light-with-RGB-Auxiliary-Light-Backlight-x3-16x12.png 16w, https:\/\/lirolight.com\/wp-content\/uploads\/2025\/08\/LiRO-LITE-6x100W-COB-Retro-Light-LED-Hexaline-Bar-Light-Led-Strobe-Stage-Light-with-RGB-Auxiliary-Light-Backlight-x3-441x331.png 441w, https:\/\/lirolight.com\/wp-content\/uploads\/2025\/08\/LiRO-LITE-6x100W-COB-Retro-Light-LED-Hexaline-Bar-Light-Led-Strobe-Stage-Light-with-RGB-Auxiliary-Light-Backlight-x3-150x113.png 150w, https:\/\/lirolight.com\/wp-content\/uploads\/2025\/08\/LiRO-LITE-6x100W-COB-Retro-Light-LED-Hexaline-Bar-Light-Led-Strobe-Stage-Light-with-RGB-Auxiliary-Light-Backlight-x3-53x40.png 53w\" sizes=\"(max-width: 800px) 100vw, 800px\" \/><\/noscript><\/figure>","protected":false},"excerpt":{"rendered":"<div class=\"QFw9Te BLojaf\">\n<div class=\"hlJJmd\">\n<div class=\"Bmcqed\" dir=\"ltr\">\n<div data-id=\"kvLWu\">La 6x100W COB Retro Light Hexaline Bar es un potente accesorio de iluminaci\u00f3n para escenarios de 600W, con seis LED brillantes de 100W y 144 LED auxiliares RGB 3 en 1 para una retroiluminaci\u00f3n vers\u00e1til. Con una vida \u00fatil de los LED de 100.000 horas y una temperatura de color ajustable (3200K-5600K), ofrece efectos de iluminaci\u00f3n flexibles. Cada LED COB se puede controlar individualmente y admite programas integrados como efectos de color, atenuaci\u00f3n lineal 0-100%, estrobosc\u00f3pica 0-20Hz y efectos de persecuci\u00f3n. Proporciona m\u00faltiples modos de control: DMX512 (3\/5\/10 canales opcionales), maestro-esclavo, autopropulsado y control por voz. Dise\u00f1ado para uso en interiores (IP20), funciona con AC100-240V, 50\/60Hz, ideal para actuaciones din\u00e1micas en escenarios.<\/div>\n<\/div>\n<\/div>\n<\/div>\n<blockquote><p>\u00a0<\/p><\/blockquote>\n<p>&nbsp;<\/p>","protected":false},"featured_media":9291,"comment_status":"open","ping_status":"closed","template":"","meta":[],"product_brand":[],"product_cat":[86],"product_tag":[297,301,298,269,300],"class_list":{"0":"post-9283","1":"product","2":"type-product","3":"status-publish","4":"has-post-thumbnail","6":"product_cat-led-retro-light","7":"product_tag-6x100w-cob-retro-light","8":"product_tag-led-flash-strobe-lighting","9":"product_tag-led-hexaline-bar-light","10":"product_tag-retro-stage-strobe-light","11":"product_tag-rgb-auxiliary-light-backlight","13":"first","14":"instock","15":"shipping-taxable","16":"product-type-simple"},"_links":{"self":[{"href":"https:\/\/lirolight.com\/es\/wp-json\/wp\/v2\/product\/9283","targetHints":{"allow":["GET"]}}],"collection":[{"href":"https:\/\/lirolight.com\/es\/wp-json\/wp\/v2\/product"}],"about":[{"href":"https:\/\/lirolight.com\/es\/wp-json\/wp\/v2\/types\/product"}],"replies":[{"embeddable":true,"href":"https:\/\/lirolight.com\/es\/wp-json\/wp\/v2\/comments?post=9283"}],"version-history":[{"count":5,"href":"https:\/\/lirolight.com\/es\/wp-json\/wp\/v2\/product\/9283\/revisions"}],"predecessor-version":[{"id":10461,"href":"https:\/\/lirolight.com\/es\/wp-json\/wp\/v2\/product\/9283\/revisions\/10461"}],"wp:featuredmedia":[{"embeddable":true,"href":"https:\/\/lirolight.com\/es\/wp-json\/wp\/v2\/media\/9291"}],"wp:attachment":[{"href":"https:\/\/lirolight.com\/es\/wp-json\/wp\/v2\/media?parent=9283"}],"wp:term":[{"taxonomy":"product_brand","embeddable":true,"href":"https:\/\/lirolight.com\/es\/wp-json\/wp\/v2\/product_brand?post=9283"},{"taxonomy":"product_cat","embeddable":true,"href":"https:\/\/lirolight.com\/es\/wp-json\/wp\/v2\/product_cat?post=9283"},{"taxonomy":"product_tag","embeddable":true,"href":"https:\/\/lirolight.com\/es\/wp-json\/wp\/v2\/product_tag?post=9283"}],"curies":[{"name":"wp","href":"https:\/\/api.w.org\/{rel}","templated":true}]}}