{"id":10113,"date":"2025-12-08T05:40:43","date_gmt":"2025-12-08T05:40:43","guid":{"rendered":"https:\/\/lirolight.com\/?post_type=product&#038;p=10113"},"modified":"2026-01-12T06:29:45","modified_gmt":"2026-01-12T06:29:45","slug":"liro-lite-5w-rgb-animation-laser-light-dmx-full-color-laser-lights-for-dj-disco-nightclub","status":"publish","type":"product","link":"https:\/\/lirolight.com\/fr\/produit\/liro-lite-5w-rgb-animation-laser-light-dmx-full-color-laser-lights-for-dj-disco-nightclub\/","title":{"rendered":"LIRO-LITE 5W RGB Animation Laser Light Dmx Full Color Laser Lights for Dj Disco Nightclub"},"content":{"rendered":"<h2 class=\"wp-block-heading\"><strong><mark style=\"background-color:#000000\" class=\"has-inline-color has-white-color\">LR-5W RGB LASER<\/mark><\/strong><\/h2>\n\n\n\n<hr class=\"wp-block-separator has-alpha-channel-opacity\"\/>\n\n\n\n<div class=\"wp-block-columns is-layout-flex wp-container-core-columns-is-layout-28f84493 wp-block-columns-is-layout-flex\">\n<div class=\"wp-block-column is-layout-flow wp-block-column-is-layout-flow\">\n<div class=\"wp-block-columns is-layout-flex wp-container-core-columns-is-layout-28f84493 wp-block-columns-is-layout-flex\">\n<div class=\"wp-block-column is-layout-flow wp-block-column-is-layout-flow\">\n<figure class=\"wp-block-image size-full\"><img fetchpriority=\"high\" decoding=\"async\" width=\"975\" height=\"879\" src=\"https:\/\/lirolight.com\/wp-content\/uploads\/2025\/12\/\u56fe\u72473.png\" alt=\"\" class=\"wp-image-10114\" srcset=\"https:\/\/lirolight.com\/wp-content\/uploads\/2025\/12\/\u56fe\u72473.png 975w, https:\/\/lirolight.com\/wp-content\/uploads\/2025\/12\/\u56fe\u72473-300x270.png 300w, https:\/\/lirolight.com\/wp-content\/uploads\/2025\/12\/\u56fe\u72473-768x692.png 768w, https:\/\/lirolight.com\/wp-content\/uploads\/2025\/12\/\u56fe\u72473-13x12.png 13w, https:\/\/lirolight.com\/wp-content\/uploads\/2025\/12\/\u56fe\u72473-441x398.png 441w, https:\/\/lirolight.com\/wp-content\/uploads\/2025\/12\/\u56fe\u72473-800x721.png 800w, https:\/\/lirolight.com\/wp-content\/uploads\/2025\/12\/\u56fe\u72473-150x135.png 150w, https:\/\/lirolight.com\/wp-content\/uploads\/2025\/12\/\u56fe\u72473-500x451.png 500w, https:\/\/lirolight.com\/wp-content\/uploads\/2025\/12\/\u56fe\u72473-44x40.png 44w\" sizes=\"(max-width: 975px) 100vw, 975px\" \/><\/figure>\n<\/div>\n\n\n\n<div class=\"wp-block-column is-layout-flow wp-block-column-is-layout-flow\">\n<blockquote class=\"wp-block-quote is-layout-flow wp-block-quote-is-layout-flow\">\n<p>5w RGB<\/p>\n\n\n\n<p>Feu vert\/1200MW<\/p>\n\n\n\n<p>Red Light 1300MW<\/p>\n\n\n\n<p>Lumi\u00e8re bleue 2500MW<\/p>\n\n\n\n<p>15KPPS<\/p>\n\n\n\n<p>25\u00b0<\/p>\n<\/blockquote>\n<\/div>\n<\/div>\n<\/div>\n<\/div>\n\n\n\n<h2 class=\"wp-block-heading\">Heure du spectacle :<\/h2>\n\n\n\n<figure class=\"wp-block-image size-full is-resized\"><img decoding=\"async\" width=\"1794\" height=\"1080\" data-src=\"https:\/\/lirolight.com\/wp-content\/uploads\/2025\/07\/10w.jpg\" alt=\"\" class=\"wp-image-8245 lazyload\" style=\"--smush-placeholder-width: 1794px; --smush-placeholder-aspect-ratio: 1794\/1080;width:900px;height:auto\" data-srcset=\"https:\/\/lirolight.com\/wp-content\/uploads\/2025\/07\/10w.jpg 1794w, https:\/\/lirolight.com\/wp-content\/uploads\/2025\/07\/10w-300x181.jpg 300w, https:\/\/lirolight.com\/wp-content\/uploads\/2025\/07\/10w-1024x616.jpg 1024w, https:\/\/lirolight.com\/wp-content\/uploads\/2025\/07\/10w-768x462.jpg 768w, https:\/\/lirolight.com\/wp-content\/uploads\/2025\/07\/10w-1536x925.jpg 1536w, https:\/\/lirolight.com\/wp-content\/uploads\/2025\/07\/10w-18x12.jpg 18w, https:\/\/lirolight.com\/wp-content\/uploads\/2025\/07\/10w-990x596.jpg 990w, https:\/\/lirolight.com\/wp-content\/uploads\/2025\/07\/10w-441x265.jpg 441w, https:\/\/lirolight.com\/wp-content\/uploads\/2025\/07\/10w-800x482.jpg 800w, https:\/\/lirolight.com\/wp-content\/uploads\/2025\/07\/10w-150x90.jpg 150w, https:\/\/lirolight.com\/wp-content\/uploads\/2025\/07\/10w-500x301.jpg 500w, https:\/\/lirolight.com\/wp-content\/uploads\/2025\/07\/10w-60x36.jpg 60w\" data-sizes=\"(max-width: 1794px) 100vw, 1794px\" src=\"data:image\/gif;base64,R0lGODlhAQABAAAAACH5BAEKAAEALAAAAAABAAEAAAICTAEAOw==\" \/><noscript><img decoding=\"async\" width=\"1794\" height=\"1080\" src=\"https:\/\/lirolight.com\/wp-content\/uploads\/2025\/07\/10w.jpg\" alt=\"\" class=\"wp-image-8245\" style=\"width:900px;height:auto\" srcset=\"https:\/\/lirolight.com\/wp-content\/uploads\/2025\/07\/10w.jpg 1794w, https:\/\/lirolight.com\/wp-content\/uploads\/2025\/07\/10w-300x181.jpg 300w, https:\/\/lirolight.com\/wp-content\/uploads\/2025\/07\/10w-1024x616.jpg 1024w, https:\/\/lirolight.com\/wp-content\/uploads\/2025\/07\/10w-768x462.jpg 768w, https:\/\/lirolight.com\/wp-content\/uploads\/2025\/07\/10w-1536x925.jpg 1536w, https:\/\/lirolight.com\/wp-content\/uploads\/2025\/07\/10w-18x12.jpg 18w, https:\/\/lirolight.com\/wp-content\/uploads\/2025\/07\/10w-990x596.jpg 990w, https:\/\/lirolight.com\/wp-content\/uploads\/2025\/07\/10w-441x265.jpg 441w, https:\/\/lirolight.com\/wp-content\/uploads\/2025\/07\/10w-800x482.jpg 800w, https:\/\/lirolight.com\/wp-content\/uploads\/2025\/07\/10w-150x90.jpg 150w, https:\/\/lirolight.com\/wp-content\/uploads\/2025\/07\/10w-500x301.jpg 500w, https:\/\/lirolight.com\/wp-content\/uploads\/2025\/07\/10w-60x36.jpg 60w\" sizes=\"(max-width: 1794px) 100vw, 1794px\" \/><\/noscript><\/figure>\n\n\n\n<figure class=\"wp-block-image size-full is-resized\"><img decoding=\"async\" width=\"1794\" height=\"1080\" data-src=\"https:\/\/lirolight.com\/wp-content\/uploads\/2025\/07\/10w1.jpg\" alt=\"\" class=\"wp-image-8246 lazyload\" style=\"--smush-placeholder-width: 1794px; --smush-placeholder-aspect-ratio: 1794\/1080;width:900px;height:auto\" data-srcset=\"https:\/\/lirolight.com\/wp-content\/uploads\/2025\/07\/10w1.jpg 1794w, https:\/\/lirolight.com\/wp-content\/uploads\/2025\/07\/10w1-300x181.jpg 300w, https:\/\/lirolight.com\/wp-content\/uploads\/2025\/07\/10w1-1024x616.jpg 1024w, https:\/\/lirolight.com\/wp-content\/uploads\/2025\/07\/10w1-768x462.jpg 768w, https:\/\/lirolight.com\/wp-content\/uploads\/2025\/07\/10w1-1536x925.jpg 1536w, https:\/\/lirolight.com\/wp-content\/uploads\/2025\/07\/10w1-18x12.jpg 18w, https:\/\/lirolight.com\/wp-content\/uploads\/2025\/07\/10w1-990x596.jpg 990w, https:\/\/lirolight.com\/wp-content\/uploads\/2025\/07\/10w1-441x265.jpg 441w, https:\/\/lirolight.com\/wp-content\/uploads\/2025\/07\/10w1-800x482.jpg 800w, https:\/\/lirolight.com\/wp-content\/uploads\/2025\/07\/10w1-150x90.jpg 150w, https:\/\/lirolight.com\/wp-content\/uploads\/2025\/07\/10w1-500x301.jpg 500w, https:\/\/lirolight.com\/wp-content\/uploads\/2025\/07\/10w1-60x36.jpg 60w\" data-sizes=\"(max-width: 1794px) 100vw, 1794px\" src=\"data:image\/gif;base64,R0lGODlhAQABAAAAACH5BAEKAAEALAAAAAABAAEAAAICTAEAOw==\" \/><noscript><img decoding=\"async\" width=\"1794\" height=\"1080\" src=\"https:\/\/lirolight.com\/wp-content\/uploads\/2025\/07\/10w1.jpg\" alt=\"\" class=\"wp-image-8246\" style=\"width:900px;height:auto\" srcset=\"https:\/\/lirolight.com\/wp-content\/uploads\/2025\/07\/10w1.jpg 1794w, https:\/\/lirolight.com\/wp-content\/uploads\/2025\/07\/10w1-300x181.jpg 300w, https:\/\/lirolight.com\/wp-content\/uploads\/2025\/07\/10w1-1024x616.jpg 1024w, https:\/\/lirolight.com\/wp-content\/uploads\/2025\/07\/10w1-768x462.jpg 768w, https:\/\/lirolight.com\/wp-content\/uploads\/2025\/07\/10w1-1536x925.jpg 1536w, https:\/\/lirolight.com\/wp-content\/uploads\/2025\/07\/10w1-18x12.jpg 18w, https:\/\/lirolight.com\/wp-content\/uploads\/2025\/07\/10w1-990x596.jpg 990w, https:\/\/lirolight.com\/wp-content\/uploads\/2025\/07\/10w1-441x265.jpg 441w, https:\/\/lirolight.com\/wp-content\/uploads\/2025\/07\/10w1-800x482.jpg 800w, https:\/\/lirolight.com\/wp-content\/uploads\/2025\/07\/10w1-150x90.jpg 150w, https:\/\/lirolight.com\/wp-content\/uploads\/2025\/07\/10w1-500x301.jpg 500w, https:\/\/lirolight.com\/wp-content\/uploads\/2025\/07\/10w1-60x36.jpg 60w\" sizes=\"(max-width: 1794px) 100vw, 1794px\" \/><\/noscript><\/figure>\n\n\n\n<h2 class=\"wp-block-heading\"><strong>Pr\u00e9cautions<\/strong>:<\/h2>\n\n\n\n<ol class=\"wp-block-list\">\n<li><strong>Utilisation s\u00fbre<\/strong>: En tant qu'\u00e9quipement professionnel, les appareils laser doivent \u00eatre utilis\u00e9s conform\u00e9ment aux r\u00e8gles de s\u00e9curit\u00e9. \u00c9vitez le contact direct avec les yeux ou de pointer des mat\u00e9riaux inflammables pour garantir la s\u00e9curit\u00e9 pendant l'utilisation.<\/li>\n\n\n\n<li><strong>Maintenance et entretien<\/strong>: Nettoyez r\u00e9guli\u00e8rement l'objectif et l'ext\u00e9rieur de l'appareil pour \u00e9viter que la poussi\u00e8re et la salet\u00e9 n'affectent la qualit\u00e9 de la lumi\u00e8re. Inspectez \u00e9galement les c\u00e2bles de connexion et les fiches d'alimentation pour v\u00e9rifier qu'ils ne sont pas endommag\u00e9s.<\/li>\n\n\n\n<li><strong>Support technique<\/strong>: Choisissez des marques et des commer\u00e7ants offrant un service apr\u00e8s-vente et une assistance technique fiables. Une assistance et des conseils rapides peuvent \u00eatre obtenus en cas de probl\u00e8me pendant l'utilisation.<\/li>\n<\/ol>","protected":false},"excerpt":{"rendered":"<div class=\"QFw9Te BLojaf\">\n<div class=\"hlJJmd\">\n<div class=\"Bmcqed\" dir=\"ltr\">\u00a0<\/div>\n<\/div>\n<\/div>\n<div class=\"DVHrxd\">\u00a0<\/div>\n<div class=\"UdTY9 BwTYAc leDWne\" aria-hidden=\"true\" data-location=\"1\">\u00a0<\/div>\n<p>&nbsp;<\/p>\n<blockquote><p>\u00a0<\/p><\/blockquote>\n<p>&nbsp;<\/p>","protected":false},"featured_media":10114,"comment_status":"open","ping_status":"closed","template":"","meta":[],"product_brand":[],"product_cat":[56],"product_tag":[526,133,129,132,131,130],"class_list":{"0":"post-10113","1":"product","2":"type-product","3":"status-publish","4":"has-post-thumbnail","6":"product_cat-stage-laser-light","7":"product_tag-5w-rgb-animation-laser-light","8":"product_tag-dj-laser-light","9":"product_tag-laser-ligt","10":"product_tag-laser-rgb-10w","11":"product_tag-rgb-laser-light","12":"product_tag-stage-laser-light","14":"first","15":"instock","16":"shipping-taxable","17":"product-type-simple"},"_links":{"self":[{"href":"https:\/\/lirolight.com\/fr\/wp-json\/wp\/v2\/product\/10113","targetHints":{"allow":["GET"]}}],"collection":[{"href":"https:\/\/lirolight.com\/fr\/wp-json\/wp\/v2\/product"}],"about":[{"href":"https:\/\/lirolight.com\/fr\/wp-json\/wp\/v2\/types\/product"}],"replies":[{"embeddable":true,"href":"https:\/\/lirolight.com\/fr\/wp-json\/wp\/v2\/comments?post=10113"}],"version-history":[{"count":4,"href":"https:\/\/lirolight.com\/fr\/wp-json\/wp\/v2\/product\/10113\/revisions"}],"predecessor-version":[{"id":10426,"href":"https:\/\/lirolight.com\/fr\/wp-json\/wp\/v2\/product\/10113\/revisions\/10426"}],"wp:featuredmedia":[{"embeddable":true,"href":"https:\/\/lirolight.com\/fr\/wp-json\/wp\/v2\/media\/10114"}],"wp:attachment":[{"href":"https:\/\/lirolight.com\/fr\/wp-json\/wp\/v2\/media?parent=10113"}],"wp:term":[{"taxonomy":"product_brand","embeddable":true,"href":"https:\/\/lirolight.com\/fr\/wp-json\/wp\/v2\/product_brand?post=10113"},{"taxonomy":"product_cat","embeddable":true,"href":"https:\/\/lirolight.com\/fr\/wp-json\/wp\/v2\/product_cat?post=10113"},{"taxonomy":"product_tag","embeddable":true,"href":"https:\/\/lirolight.com\/fr\/wp-json\/wp\/v2\/product_tag?post=10113"}],"curies":[{"name":"wp","href":"https:\/\/api.w.org\/{rel}","templated":true}]}}