{"id":10194,"date":"2025-12-10T06:07:21","date_gmt":"2025-12-10T06:07:21","guid":{"rendered":"https:\/\/lirolight.com\/?post_type=product&#038;p=10194"},"modified":"2026-01-12T06:25:09","modified_gmt":"2026-01-12T06:25:09","slug":"liro-lite-rgbw-atomic-3000w-dmx-led-strobe-light-led-flashing-washing-strobe-light","status":"publish","type":"product","link":"https:\/\/lirolight.com\/fr\/produit\/liro-lite-rgbw-atomic-3000w-dmx-led-strobe-light-led-flashing-washing-strobe-light\/","title":{"rendered":"LiRO-LITE RGBW Atomic 3000W DMX LED Strobe Light LED Flashing Washing Strobe Light"},"content":{"rendered":"<h2 class=\"wp-block-heading\"><strong><mark style=\"background-color:#000000\" class=\"has-inline-color has-white-color\">LR-ATOLIMC 3000 LED<\/mark><\/strong><\/h2>\n\n\n\n<hr class=\"wp-block-separator has-alpha-channel-opacity\"\/>\n\n\n\n<h2 class=\"wp-block-heading\">Photos :<\/h2>\n\n\n\n<div class=\"wp-block-columns is-layout-flex wp-container-core-columns-is-layout-28f84493 wp-block-columns-is-layout-flex\">\n<div class=\"wp-block-column is-layout-flow wp-block-column-is-layout-flow\">\n<figure class=\"wp-block-image size-full\"><img fetchpriority=\"high\" decoding=\"async\" width=\"720\" height=\"720\" src=\"https:\/\/lirolight.com\/wp-content\/uploads\/2025\/12\/2222.png\" alt=\"\" class=\"wp-image-10195\" srcset=\"https:\/\/lirolight.com\/wp-content\/uploads\/2025\/12\/2222.png 720w, https:\/\/lirolight.com\/wp-content\/uploads\/2025\/12\/2222-300x300.png 300w, https:\/\/lirolight.com\/wp-content\/uploads\/2025\/12\/2222-150x150.png 150w, https:\/\/lirolight.com\/wp-content\/uploads\/2025\/12\/2222-12x12.png 12w, https:\/\/lirolight.com\/wp-content\/uploads\/2025\/12\/2222-441x441.png 441w, https:\/\/lirolight.com\/wp-content\/uploads\/2025\/12\/2222-100x100.png 100w, https:\/\/lirolight.com\/wp-content\/uploads\/2025\/12\/2222-500x500.png 500w, https:\/\/lirolight.com\/wp-content\/uploads\/2025\/12\/2222-40x40.png 40w\" sizes=\"(max-width: 720px) 100vw, 720px\" \/><\/figure>\n<\/div>\n\n\n\n<div class=\"wp-block-column is-layout-flow wp-block-column-is-layout-flow\">\n<figure class=\"wp-block-image size-full\"><img decoding=\"async\" width=\"720\" height=\"720\" data-src=\"https:\/\/lirolight.com\/wp-content\/uploads\/2025\/12\/3333.png\" alt=\"\" class=\"wp-image-10196 lazyload\" data-srcset=\"https:\/\/lirolight.com\/wp-content\/uploads\/2025\/12\/3333.png 720w, https:\/\/lirolight.com\/wp-content\/uploads\/2025\/12\/3333-300x300.png 300w, https:\/\/lirolight.com\/wp-content\/uploads\/2025\/12\/3333-150x150.png 150w, https:\/\/lirolight.com\/wp-content\/uploads\/2025\/12\/3333-12x12.png 12w, https:\/\/lirolight.com\/wp-content\/uploads\/2025\/12\/3333-441x441.png 441w, https:\/\/lirolight.com\/wp-content\/uploads\/2025\/12\/3333-100x100.png 100w, https:\/\/lirolight.com\/wp-content\/uploads\/2025\/12\/3333-500x500.png 500w, https:\/\/lirolight.com\/wp-content\/uploads\/2025\/12\/3333-40x40.png 40w\" data-sizes=\"(max-width: 720px) 100vw, 720px\" src=\"data:image\/gif;base64,R0lGODlhAQABAAAAACH5BAEKAAEALAAAAAABAAEAAAICTAEAOw==\" style=\"--smush-placeholder-width: 720px; --smush-placeholder-aspect-ratio: 720\/720;\" \/><noscript><img decoding=\"async\" width=\"720\" height=\"720\" src=\"https:\/\/lirolight.com\/wp-content\/uploads\/2025\/12\/3333.png\" alt=\"\" class=\"wp-image-10196\" srcset=\"https:\/\/lirolight.com\/wp-content\/uploads\/2025\/12\/3333.png 720w, https:\/\/lirolight.com\/wp-content\/uploads\/2025\/12\/3333-300x300.png 300w, https:\/\/lirolight.com\/wp-content\/uploads\/2025\/12\/3333-150x150.png 150w, https:\/\/lirolight.com\/wp-content\/uploads\/2025\/12\/3333-12x12.png 12w, https:\/\/lirolight.com\/wp-content\/uploads\/2025\/12\/3333-441x441.png 441w, https:\/\/lirolight.com\/wp-content\/uploads\/2025\/12\/3333-100x100.png 100w, https:\/\/lirolight.com\/wp-content\/uploads\/2025\/12\/3333-500x500.png 500w, https:\/\/lirolight.com\/wp-content\/uploads\/2025\/12\/3333-40x40.png 40w\" sizes=\"(max-width: 720px) 100vw, 720px\" \/><\/noscript><\/figure>\n<\/div>\n<\/div>\n\n\n\n<figure class=\"wp-block-image aligncenter size-full is-resized\"><img decoding=\"async\" width=\"800\" height=\"800\" data-src=\"https:\/\/lirolight.com\/wp-content\/uploads\/2025\/12\/8.jpg\" alt=\"\" class=\"wp-image-10201 lazyload\" style=\"--smush-placeholder-width: 800px; --smush-placeholder-aspect-ratio: 800\/800;width:900px;height:auto\" data-srcset=\"https:\/\/lirolight.com\/wp-content\/uploads\/2025\/12\/8.jpg 800w, https:\/\/lirolight.com\/wp-content\/uploads\/2025\/12\/8-300x300.jpg 300w, https:\/\/lirolight.com\/wp-content\/uploads\/2025\/12\/8-150x150.jpg 150w, https:\/\/lirolight.com\/wp-content\/uploads\/2025\/12\/8-768x768.jpg 768w, https:\/\/lirolight.com\/wp-content\/uploads\/2025\/12\/8-12x12.jpg 12w, https:\/\/lirolight.com\/wp-content\/uploads\/2025\/12\/8-441x441.jpg 441w, https:\/\/lirolight.com\/wp-content\/uploads\/2025\/12\/8-100x100.jpg 100w, https:\/\/lirolight.com\/wp-content\/uploads\/2025\/12\/8-500x500.jpg 500w, https:\/\/lirolight.com\/wp-content\/uploads\/2025\/12\/8-40x40.jpg 40w\" data-sizes=\"(max-width: 800px) 100vw, 800px\" src=\"data:image\/gif;base64,R0lGODlhAQABAAAAACH5BAEKAAEALAAAAAABAAEAAAICTAEAOw==\" \/><noscript><img decoding=\"async\" width=\"800\" height=\"800\" src=\"https:\/\/lirolight.com\/wp-content\/uploads\/2025\/12\/8.jpg\" alt=\"\" class=\"wp-image-10201\" style=\"width:900px;height:auto\" srcset=\"https:\/\/lirolight.com\/wp-content\/uploads\/2025\/12\/8.jpg 800w, https:\/\/lirolight.com\/wp-content\/uploads\/2025\/12\/8-300x300.jpg 300w, https:\/\/lirolight.com\/wp-content\/uploads\/2025\/12\/8-150x150.jpg 150w, https:\/\/lirolight.com\/wp-content\/uploads\/2025\/12\/8-768x768.jpg 768w, https:\/\/lirolight.com\/wp-content\/uploads\/2025\/12\/8-12x12.jpg 12w, https:\/\/lirolight.com\/wp-content\/uploads\/2025\/12\/8-441x441.jpg 441w, https:\/\/lirolight.com\/wp-content\/uploads\/2025\/12\/8-100x100.jpg 100w, https:\/\/lirolight.com\/wp-content\/uploads\/2025\/12\/8-500x500.jpg 500w, https:\/\/lirolight.com\/wp-content\/uploads\/2025\/12\/8-40x40.jpg 40w\" sizes=\"(max-width: 800px) 100vw, 800px\" \/><\/noscript><\/figure>\n\n\n\n<hr class=\"wp-block-separator has-alpha-channel-opacity\"\/>\n\n\n\n<h2 class=\"wp-block-heading\">Sp\u00e9cification :<\/h2>\n\n\n\n<div class=\"wp-block-columns is-layout-flex wp-container-core-columns-is-layout-28f84493 wp-block-columns-is-layout-flex\">\n<div class=\"wp-block-column is-layout-flow wp-block-column-is-layout-flow\">\n<div class=\"wp-block-columns is-layout-flex wp-container-core-columns-is-layout-28f84493 wp-block-columns-is-layout-flex\">\n<div class=\"wp-block-column is-layout-flow wp-block-column-is-layout-flow\">\n<div class=\"wp-block-columns is-layout-flex wp-container-core-columns-is-layout-28f84493 wp-block-columns-is-layout-flex\">\n<div class=\"wp-block-column is-layout-flow wp-block-column-is-layout-flow\" style=\"flex-basis:33.33%\">\n<figure class=\"wp-block-image size-full\"><img loading=\"lazy\" decoding=\"async\" width=\"800\" height=\"800\" data-src=\"https:\/\/lirolight.com\/wp-content\/uploads\/2025\/12\/1-1.jpg\" alt=\"\" class=\"wp-image-10199 lazyload\" data-srcset=\"https:\/\/lirolight.com\/wp-content\/uploads\/2025\/12\/1-1.jpg 800w, https:\/\/lirolight.com\/wp-content\/uploads\/2025\/12\/1-1-300x300.jpg 300w, https:\/\/lirolight.com\/wp-content\/uploads\/2025\/12\/1-1-150x150.jpg 150w, https:\/\/lirolight.com\/wp-content\/uploads\/2025\/12\/1-1-768x768.jpg 768w, https:\/\/lirolight.com\/wp-content\/uploads\/2025\/12\/1-1-12x12.jpg 12w, https:\/\/lirolight.com\/wp-content\/uploads\/2025\/12\/1-1-441x441.jpg 441w, https:\/\/lirolight.com\/wp-content\/uploads\/2025\/12\/1-1-100x100.jpg 100w, https:\/\/lirolight.com\/wp-content\/uploads\/2025\/12\/1-1-500x500.jpg 500w, https:\/\/lirolight.com\/wp-content\/uploads\/2025\/12\/1-1-40x40.jpg 40w\" data-sizes=\"(max-width: 800px) 100vw, 800px\" src=\"data:image\/gif;base64,R0lGODlhAQABAAAAACH5BAEKAAEALAAAAAABAAEAAAICTAEAOw==\" style=\"--smush-placeholder-width: 800px; --smush-placeholder-aspect-ratio: 800\/800;\" \/><noscript><img loading=\"lazy\" decoding=\"async\" width=\"800\" height=\"800\" src=\"https:\/\/lirolight.com\/wp-content\/uploads\/2025\/12\/1-1.jpg\" alt=\"\" class=\"wp-image-10199\" srcset=\"https:\/\/lirolight.com\/wp-content\/uploads\/2025\/12\/1-1.jpg 800w, https:\/\/lirolight.com\/wp-content\/uploads\/2025\/12\/1-1-300x300.jpg 300w, https:\/\/lirolight.com\/wp-content\/uploads\/2025\/12\/1-1-150x150.jpg 150w, https:\/\/lirolight.com\/wp-content\/uploads\/2025\/12\/1-1-768x768.jpg 768w, https:\/\/lirolight.com\/wp-content\/uploads\/2025\/12\/1-1-12x12.jpg 12w, https:\/\/lirolight.com\/wp-content\/uploads\/2025\/12\/1-1-441x441.jpg 441w, https:\/\/lirolight.com\/wp-content\/uploads\/2025\/12\/1-1-100x100.jpg 100w, https:\/\/lirolight.com\/wp-content\/uploads\/2025\/12\/1-1-500x500.jpg 500w, https:\/\/lirolight.com\/wp-content\/uploads\/2025\/12\/1-1-40x40.jpg 40w\" sizes=\"(max-width: 800px) 100vw, 800px\" \/><\/noscript><\/figure>\n<\/div>\n\n\n\n<div class=\"wp-block-column is-layout-flow wp-block-column-is-layout-flow\" style=\"flex-basis:66.66%\">\n<ul class=\"wp-block-list\">\n<li><strong>Le projecteur est \u00e9quip\u00e9 de deux matrices de LED<\/strong><\/li>\n\n\n\n<li>Le faisceau est une matrice \u00e0 haute intensit\u00e9 qui produit des effets stroboscopiques et aveuglants puissants.<\/li>\n\n\n\n<li>L'Aura offre des effets RVB qui \u00e9clairent l'avant de l'appareil pour compl\u00e9ter ou contraster avec la sortie.<\/li>\n\n\n\n<li>de la poutre.<\/li>\n\n\n\n<li><strong>Effets stroboscopiques<\/strong><\/li>\n\n\n\n<li>Le 3000 LED offre des effets stroboscopiques \u00e0 partir du faisceau avec une vitesse, une dur\u00e9e et une intensit\u00e9 d'\u00e9clair variables. Il offre \u00e9galement les effets pr\u00e9programm\u00e9s suivants<\/li>\n\n\n\n<li>Effets de modulation de l'intensit\u00e9 de la rampe vers le haut ou vers le bas<\/li>\n\n\n\n<li>Clignotements al\u00e9atoires<\/li>\n\n\n\n<li>\u00c9clair - simule l'\u00e9clair \"sale\" instantan\u00e9ment reconnaissable d'un coup de foudre.<\/li>\n\n\n\n<li>Pointes - lumi\u00e8re de faible intensit\u00e9 accompagn\u00e9e d'\u00e9clairs de forte intensit\u00e9.<\/li>\n\n\n\n<li><strong>Effets Blinder<\/strong><\/li>\n\n\n\n<li>Pour obtenir un effet d'aveuglement continu, r\u00e9glez la dur\u00e9e de l'\u00e9clair sur une valeur longue et la fr\u00e9quence de l'\u00e9clair sur une valeur \u00e9lev\u00e9e de mani\u00e8re \u00e0 ce que les \u00e9clairs se \"chevauchent\" et se fondent dans une \u00e9mission de lumi\u00e8re continue.<\/li>\n\n\n\n<li><strong>Aura RGB Color<\/strong><\/li>\n\n\n\n<li>Le mode DMX \u00e9tendu permet de contr\u00f4ler l'Aura. Vous pouvez d\u00e9finir la couleur de l'Aura avec un contr\u00f4le RVB ind\u00e9pendant et vous pouvez \u00e9galement contr\u00f4ler l'intensit\u00e9 globale de l'Aura. Les quatre options de courbe de gradation disponibles dans les menus de contr\u00f4le du projecteur s'appliquent \u00e0 la fois aux courbes de gradation Beam et Aura.<\/li>\n<\/ul>\n<\/div>\n<\/div>\n<\/div>\n<\/div>\n<\/div>\n<\/div>\n\n\n\n<div class=\"wp-block-columns is-layout-flex wp-container-core-columns-is-layout-28f84493 wp-block-columns-is-layout-flex\">\n<div class=\"wp-block-column is-layout-flow wp-block-column-is-layout-flow\" style=\"flex-basis:66.66%\">\n<p>Avec le m\u00eame canal que Martin Atomic 3000 Strobe<br>Source lumineuse : 228 LED blanches de 3 W (stroboscope) 64 LED RVB de 0,6 W (r\u00e9tro\u00e9clairage)<br>Dur\u00e9e de vie minimale des LED : 50 000 heures<br>R\u00e9solution : 8 bits par couleur et 8 bits pour la gradation<br>Syst\u00e8mes de contr\u00f4le : DMX<br>Canaux DMX : 3\/4\/14 canaux<br>R\u00e9glage:Panneau de commande avec \u00e9cran monochrome r\u00e9tro\u00e9clair\u00e9<br>N.G. : 7kgs \/pcs<br>Taille de l'emballage : 50x 24x 34cm (1pcs \/carton)<\/p>\n<\/div>\n\n\n\n<div class=\"wp-block-column is-layout-flow wp-block-column-is-layout-flow\" style=\"flex-basis:33.33%\">\n<figure class=\"wp-block-image size-full\"><img loading=\"lazy\" decoding=\"async\" width=\"800\" height=\"800\" data-src=\"https:\/\/lirolight.com\/wp-content\/uploads\/2025\/12\/6.jpg\" alt=\"\" class=\"wp-image-10198 lazyload\" data-srcset=\"https:\/\/lirolight.com\/wp-content\/uploads\/2025\/12\/6.jpg 800w, https:\/\/lirolight.com\/wp-content\/uploads\/2025\/12\/6-300x300.jpg 300w, https:\/\/lirolight.com\/wp-content\/uploads\/2025\/12\/6-150x150.jpg 150w, https:\/\/lirolight.com\/wp-content\/uploads\/2025\/12\/6-768x768.jpg 768w, https:\/\/lirolight.com\/wp-content\/uploads\/2025\/12\/6-12x12.jpg 12w, https:\/\/lirolight.com\/wp-content\/uploads\/2025\/12\/6-441x441.jpg 441w, https:\/\/lirolight.com\/wp-content\/uploads\/2025\/12\/6-100x100.jpg 100w, https:\/\/lirolight.com\/wp-content\/uploads\/2025\/12\/6-500x500.jpg 500w, https:\/\/lirolight.com\/wp-content\/uploads\/2025\/12\/6-40x40.jpg 40w\" data-sizes=\"(max-width: 800px) 100vw, 800px\" src=\"data:image\/gif;base64,R0lGODlhAQABAAAAACH5BAEKAAEALAAAAAABAAEAAAICTAEAOw==\" style=\"--smush-placeholder-width: 800px; --smush-placeholder-aspect-ratio: 800\/800;\" \/><noscript><img loading=\"lazy\" decoding=\"async\" width=\"800\" height=\"800\" src=\"https:\/\/lirolight.com\/wp-content\/uploads\/2025\/12\/6.jpg\" alt=\"\" class=\"wp-image-10198\" srcset=\"https:\/\/lirolight.com\/wp-content\/uploads\/2025\/12\/6.jpg 800w, https:\/\/lirolight.com\/wp-content\/uploads\/2025\/12\/6-300x300.jpg 300w, https:\/\/lirolight.com\/wp-content\/uploads\/2025\/12\/6-150x150.jpg 150w, https:\/\/lirolight.com\/wp-content\/uploads\/2025\/12\/6-768x768.jpg 768w, https:\/\/lirolight.com\/wp-content\/uploads\/2025\/12\/6-12x12.jpg 12w, https:\/\/lirolight.com\/wp-content\/uploads\/2025\/12\/6-441x441.jpg 441w, https:\/\/lirolight.com\/wp-content\/uploads\/2025\/12\/6-100x100.jpg 100w, https:\/\/lirolight.com\/wp-content\/uploads\/2025\/12\/6-500x500.jpg 500w, https:\/\/lirolight.com\/wp-content\/uploads\/2025\/12\/6-40x40.jpg 40w\" sizes=\"(max-width: 800px) 100vw, 800px\" \/><\/noscript><\/figure>\n<\/div>\n<\/div>\n\n\n\n<h2 class=\"wp-block-heading\">Param\u00e8tre : <\/h2>\n\n\n\n<figure class=\"wp-block-table\"><table class=\"has-fixed-layout\"><tbody><tr><td><strong>Niveau d'\u00e9tanch\u00e9it\u00e9<\/strong><\/td><td>IP20<\/td><\/tr><tr><td><strong>Tension large<\/strong><\/td><td>AC100-240V, 50\/60Hz<\/td><\/tr><tr><td><strong>Source LED<\/strong><\/td><td>228 LED blanches de 3 W (Strobe) 64 LED RVB de 0,6 W (r\u00e9tro-\u00e9clairage)<\/td><\/tr><tr><td><strong>Dur\u00e9e de vie<\/strong><\/td><td>60000 heures<\/td><\/tr><tr><td><strong>Cha\u00eene<\/strong><\/td><td>3\/4\/14 Cha\u00eenes<\/td><\/tr><tr><td><strong>Variateur<\/strong><\/td><td>32bit 0~100% gradation lin\u00e9aire<\/td><\/tr><tr><td><strong>Strobe<\/strong><\/td><td>Le 3000 LED offre des effets stroboscopiques \u00e0 partir du faisceau avec une vitesse, une dur\u00e9e et une intensit\u00e9 d'\u00e9clair variables. Il offre \u00e9galement les effets pr\u00e9programm\u00e9s suivants<\/td><\/tr><tr><td><strong>Contr\u00f4le<\/strong><\/td><td>DMX512, mode ma\u00eetre\/esclave, mode vocal, mode autonome, autopropuls\u00e9<\/td><\/tr><\/tbody><\/table><\/figure>\n\n\n\n<hr class=\"wp-block-separator has-alpha-channel-opacity\"\/>\n\n\n\n<h2 class=\"wp-block-heading\">Heure du spectacle.<\/h2>\n\n\n\n<figure class=\"wp-block-image size-full is-resized\"><img loading=\"lazy\" decoding=\"async\" width=\"750\" height=\"964\" data-src=\"https:\/\/lirolight.com\/wp-content\/uploads\/2025\/12\/1212.png\" alt=\"\" class=\"wp-image-10202 lazyload\" style=\"--smush-placeholder-width: 750px; --smush-placeholder-aspect-ratio: 750\/964;width:900px;height:auto\" data-srcset=\"https:\/\/lirolight.com\/wp-content\/uploads\/2025\/12\/1212.png 750w, https:\/\/lirolight.com\/wp-content\/uploads\/2025\/12\/1212-233x300.png 233w, https:\/\/lirolight.com\/wp-content\/uploads\/2025\/12\/1212-9x12.png 9w, https:\/\/lirolight.com\/wp-content\/uploads\/2025\/12\/1212-441x567.png 441w, https:\/\/lirolight.com\/wp-content\/uploads\/2025\/12\/1212-300x386.png 300w, https:\/\/lirolight.com\/wp-content\/uploads\/2025\/12\/1212-150x193.png 150w, https:\/\/lirolight.com\/wp-content\/uploads\/2025\/12\/1212-389x500.png 389w, https:\/\/lirolight.com\/wp-content\/uploads\/2025\/12\/1212-31x40.png 31w\" data-sizes=\"(max-width: 750px) 100vw, 750px\" src=\"data:image\/gif;base64,R0lGODlhAQABAAAAACH5BAEKAAEALAAAAAABAAEAAAICTAEAOw==\" \/><noscript><img loading=\"lazy\" decoding=\"async\" width=\"750\" height=\"964\" src=\"https:\/\/lirolight.com\/wp-content\/uploads\/2025\/12\/1212.png\" alt=\"\" class=\"wp-image-10202\" style=\"width:900px;height:auto\" srcset=\"https:\/\/lirolight.com\/wp-content\/uploads\/2025\/12\/1212.png 750w, https:\/\/lirolight.com\/wp-content\/uploads\/2025\/12\/1212-233x300.png 233w, https:\/\/lirolight.com\/wp-content\/uploads\/2025\/12\/1212-9x12.png 9w, https:\/\/lirolight.com\/wp-content\/uploads\/2025\/12\/1212-441x567.png 441w, https:\/\/lirolight.com\/wp-content\/uploads\/2025\/12\/1212-300x386.png 300w, https:\/\/lirolight.com\/wp-content\/uploads\/2025\/12\/1212-150x193.png 150w, https:\/\/lirolight.com\/wp-content\/uploads\/2025\/12\/1212-389x500.png 389w, https:\/\/lirolight.com\/wp-content\/uploads\/2025\/12\/1212-31x40.png 31w\" sizes=\"(max-width: 750px) 100vw, 750px\" \/><\/noscript><\/figure>","protected":false},"excerpt":{"rendered":"<div class=\"QFw9Te BLojaf\">\n<div class=\"hlJJmd\">\n<div class=\"Bmcqed\" dir=\"ltr\">\n<div data-id=\"kvLWu\">\u00a0<\/div>\n<\/div>\n<\/div>\n<\/div>\n<blockquote><p>\u00a0<\/p><\/blockquote>\n<p>&nbsp;<\/p>","protected":false},"featured_media":10196,"comment_status":"open","ping_status":"closed","template":"","meta":[],"product_brand":[],"product_cat":[59,85],"product_tag":[531,108,146,78],"class_list":{"0":"post-10194","1":"product","2":"type-product","3":"status-publish","4":"has-post-thumbnail","6":"product_cat-stage-effect-light","7":"product_cat-led-strobe-light-stage-effect-light","8":"product_tag-atomic-3000w","9":"product_tag-ledstagestrobelight","10":"product_tag-ledstrobe","11":"product_tag-strobe","13":"first","14":"instock","15":"shipping-taxable","16":"product-type-simple"},"_links":{"self":[{"href":"https:\/\/lirolight.com\/fr\/wp-json\/wp\/v2\/product\/10194","targetHints":{"allow":["GET"]}}],"collection":[{"href":"https:\/\/lirolight.com\/fr\/wp-json\/wp\/v2\/product"}],"about":[{"href":"https:\/\/lirolight.com\/fr\/wp-json\/wp\/v2\/types\/product"}],"replies":[{"embeddable":true,"href":"https:\/\/lirolight.com\/fr\/wp-json\/wp\/v2\/comments?post=10194"}],"version-history":[{"count":3,"href":"https:\/\/lirolight.com\/fr\/wp-json\/wp\/v2\/product\/10194\/revisions"}],"predecessor-version":[{"id":10420,"href":"https:\/\/lirolight.com\/fr\/wp-json\/wp\/v2\/product\/10194\/revisions\/10420"}],"wp:featuredmedia":[{"embeddable":true,"href":"https:\/\/lirolight.com\/fr\/wp-json\/wp\/v2\/media\/10196"}],"wp:attachment":[{"href":"https:\/\/lirolight.com\/fr\/wp-json\/wp\/v2\/media?parent=10194"}],"wp:term":[{"taxonomy":"product_brand","embeddable":true,"href":"https:\/\/lirolight.com\/fr\/wp-json\/wp\/v2\/product_brand?post=10194"},{"taxonomy":"product_cat","embeddable":true,"href":"https:\/\/lirolight.com\/fr\/wp-json\/wp\/v2\/product_cat?post=10194"},{"taxonomy":"product_tag","embeddable":true,"href":"https:\/\/lirolight.com\/fr\/wp-json\/wp\/v2\/product_tag?post=10194"}],"curies":[{"name":"wp","href":"https:\/\/api.w.org\/{rel}","templated":true}]}}