{"id":10246,"date":"2025-12-18T05:48:49","date_gmt":"2025-12-18T05:48:49","guid":{"rendered":"https:\/\/lirolight.com\/?post_type=product&#038;p=10246"},"modified":"2026-01-12T05:56:50","modified_gmt":"2026-01-12T05:56:50","slug":"liro-lite-super-sky-beam-ip65-waterproof-420w-380w-sharpy-beam-moving-head-stage-lighting","status":"publish","type":"product","link":"https:\/\/lirolight.com\/fr\/produit\/liro-lite-super-sky-beam-ip65-waterproof-420w-380w-sharpy-beam-moving-head-stage-lighting\/","title":{"rendered":"LiRO-LITE Super Sky Beam IP65 Waterproof 420W 380W Sharpy Beam Moving Head Stage Lighting"},"content":{"rendered":"<h2 class=\"wp-block-heading\"><strong><mark style=\"background-color:#000000\" class=\"has-inline-color has-white-color\">LR-IP BEAM420 PRO<\/mark><\/strong><\/h2>\n\n\n\n<div class=\"wp-block-columns is-layout-flex wp-container-core-columns-is-layout-28f84493 wp-block-columns-is-layout-flex\">\n<div class=\"wp-block-column is-layout-flow wp-block-column-is-layout-flow\">\n<p>Le projecteur \u00e9tanche 420W est dot\u00e9 d'une lentille de 180 mm de diam\u00e8tre, en aluminium moul\u00e9 sous pression 100%, \u00e9mettant un faisceau puissant et cibl\u00e9 avec une ampoule Philips 420w pour une luminosit\u00e9 exceptionnelle. Id\u00e9al pour les \u00e9v\u00e9nements et les installations en ext\u00e9rieur, il est con\u00e7u pour r\u00e9sister aux conditions m\u00e9t\u00e9orologiques difficiles.<\/p>\n<\/div>\n<\/div>\n\n\n\n<hr class=\"wp-block-separator has-alpha-channel-opacity\"\/>\n\n\n\n<h2 class=\"wp-block-heading\">Photos :<\/h2>\n\n\n\n<div class=\"wp-block-columns is-layout-flex wp-container-core-columns-is-layout-28f84493 wp-block-columns-is-layout-flex\">\n<div class=\"wp-block-column is-layout-flow wp-block-column-is-layout-flow\">\n<figure class=\"wp-block-image size-large\"><img fetchpriority=\"high\" decoding=\"async\" width=\"1024\" height=\"1024\" src=\"https:\/\/lirolight.com\/wp-content\/uploads\/2025\/12\/ipbeam380pro-6-1024x1024.jpg\" alt=\"\" class=\"wp-image-10253\" srcset=\"https:\/\/lirolight.com\/wp-content\/uploads\/2025\/12\/ipbeam380pro-6-1024x1024.jpg 1024w, https:\/\/lirolight.com\/wp-content\/uploads\/2025\/12\/ipbeam380pro-6-300x300.jpg 300w, https:\/\/lirolight.com\/wp-content\/uploads\/2025\/12\/ipbeam380pro-6-150x150.jpg 150w, https:\/\/lirolight.com\/wp-content\/uploads\/2025\/12\/ipbeam380pro-6-768x768.jpg 768w, https:\/\/lirolight.com\/wp-content\/uploads\/2025\/12\/ipbeam380pro-6-1536x1536.jpg 1536w, https:\/\/lirolight.com\/wp-content\/uploads\/2025\/12\/ipbeam380pro-6-12x12.jpg 12w, https:\/\/lirolight.com\/wp-content\/uploads\/2025\/12\/ipbeam380pro-6-990x990.jpg 990w, https:\/\/lirolight.com\/wp-content\/uploads\/2025\/12\/ipbeam380pro-6-441x441.jpg 441w, https:\/\/lirolight.com\/wp-content\/uploads\/2025\/12\/ipbeam380pro-6-100x100.jpg 100w, https:\/\/lirolight.com\/wp-content\/uploads\/2025\/12\/ipbeam380pro-6-800x800.jpg 800w, https:\/\/lirolight.com\/wp-content\/uploads\/2025\/12\/ipbeam380pro-6-40x40.jpg 40w, https:\/\/lirolight.com\/wp-content\/uploads\/2025\/12\/ipbeam380pro-6.jpg 2000w\" sizes=\"(max-width: 1024px) 100vw, 1024px\" \/><\/figure>\n<\/div>\n\n\n\n<div class=\"wp-block-column is-layout-flow wp-block-column-is-layout-flow\">\n<figure class=\"wp-block-image size-large\"><img decoding=\"async\" width=\"1024\" height=\"1024\" data-src=\"https:\/\/lirolight.com\/wp-content\/uploads\/2025\/12\/ipbeam380pro-2-1024x1024.jpg\" alt=\"\" class=\"wp-image-10255 lazyload\" data-srcset=\"https:\/\/lirolight.com\/wp-content\/uploads\/2025\/12\/ipbeam380pro-2-1024x1024.jpg 1024w, https:\/\/lirolight.com\/wp-content\/uploads\/2025\/12\/ipbeam380pro-2-300x300.jpg 300w, https:\/\/lirolight.com\/wp-content\/uploads\/2025\/12\/ipbeam380pro-2-150x150.jpg 150w, https:\/\/lirolight.com\/wp-content\/uploads\/2025\/12\/ipbeam380pro-2-768x768.jpg 768w, https:\/\/lirolight.com\/wp-content\/uploads\/2025\/12\/ipbeam380pro-2-1536x1536.jpg 1536w, https:\/\/lirolight.com\/wp-content\/uploads\/2025\/12\/ipbeam380pro-2-12x12.jpg 12w, https:\/\/lirolight.com\/wp-content\/uploads\/2025\/12\/ipbeam380pro-2-990x990.jpg 990w, https:\/\/lirolight.com\/wp-content\/uploads\/2025\/12\/ipbeam380pro-2-441x441.jpg 441w, https:\/\/lirolight.com\/wp-content\/uploads\/2025\/12\/ipbeam380pro-2-100x100.jpg 100w, https:\/\/lirolight.com\/wp-content\/uploads\/2025\/12\/ipbeam380pro-2-800x800.jpg 800w, https:\/\/lirolight.com\/wp-content\/uploads\/2025\/12\/ipbeam380pro-2-40x40.jpg 40w, https:\/\/lirolight.com\/wp-content\/uploads\/2025\/12\/ipbeam380pro-2.jpg 2000w\" data-sizes=\"(max-width: 1024px) 100vw, 1024px\" src=\"data:image\/gif;base64,R0lGODlhAQABAAAAACH5BAEKAAEALAAAAAABAAEAAAICTAEAOw==\" style=\"--smush-placeholder-width: 1024px; --smush-placeholder-aspect-ratio: 1024\/1024;\" \/><noscript><img decoding=\"async\" width=\"1024\" height=\"1024\" src=\"https:\/\/lirolight.com\/wp-content\/uploads\/2025\/12\/ipbeam380pro-2-1024x1024.jpg\" alt=\"\" class=\"wp-image-10255\" srcset=\"https:\/\/lirolight.com\/wp-content\/uploads\/2025\/12\/ipbeam380pro-2-1024x1024.jpg 1024w, https:\/\/lirolight.com\/wp-content\/uploads\/2025\/12\/ipbeam380pro-2-300x300.jpg 300w, https:\/\/lirolight.com\/wp-content\/uploads\/2025\/12\/ipbeam380pro-2-150x150.jpg 150w, https:\/\/lirolight.com\/wp-content\/uploads\/2025\/12\/ipbeam380pro-2-768x768.jpg 768w, https:\/\/lirolight.com\/wp-content\/uploads\/2025\/12\/ipbeam380pro-2-1536x1536.jpg 1536w, https:\/\/lirolight.com\/wp-content\/uploads\/2025\/12\/ipbeam380pro-2-12x12.jpg 12w, https:\/\/lirolight.com\/wp-content\/uploads\/2025\/12\/ipbeam380pro-2-990x990.jpg 990w, https:\/\/lirolight.com\/wp-content\/uploads\/2025\/12\/ipbeam380pro-2-441x441.jpg 441w, https:\/\/lirolight.com\/wp-content\/uploads\/2025\/12\/ipbeam380pro-2-100x100.jpg 100w, https:\/\/lirolight.com\/wp-content\/uploads\/2025\/12\/ipbeam380pro-2-800x800.jpg 800w, https:\/\/lirolight.com\/wp-content\/uploads\/2025\/12\/ipbeam380pro-2-40x40.jpg 40w, https:\/\/lirolight.com\/wp-content\/uploads\/2025\/12\/ipbeam380pro-2.jpg 2000w\" sizes=\"(max-width: 1024px) 100vw, 1024px\" \/><\/noscript><\/figure>\n<\/div>\n<\/div>\n\n\n\n<div class=\"wp-block-columns is-layout-flex wp-container-core-columns-is-layout-28f84493 wp-block-columns-is-layout-flex\">\n<div class=\"wp-block-column is-layout-flow wp-block-column-is-layout-flow\">\n<figure class=\"wp-block-image size-large\"><img decoding=\"async\" width=\"1024\" height=\"1024\" data-src=\"https:\/\/lirolight.com\/wp-content\/uploads\/2025\/12\/ipbeam380pro-3-1024x1024.jpg\" alt=\"\" class=\"wp-image-10256 lazyload\" data-srcset=\"https:\/\/lirolight.com\/wp-content\/uploads\/2025\/12\/ipbeam380pro-3-1024x1024.jpg 1024w, https:\/\/lirolight.com\/wp-content\/uploads\/2025\/12\/ipbeam380pro-3-300x300.jpg 300w, https:\/\/lirolight.com\/wp-content\/uploads\/2025\/12\/ipbeam380pro-3-150x150.jpg 150w, https:\/\/lirolight.com\/wp-content\/uploads\/2025\/12\/ipbeam380pro-3-768x768.jpg 768w, https:\/\/lirolight.com\/wp-content\/uploads\/2025\/12\/ipbeam380pro-3-1536x1536.jpg 1536w, https:\/\/lirolight.com\/wp-content\/uploads\/2025\/12\/ipbeam380pro-3-12x12.jpg 12w, https:\/\/lirolight.com\/wp-content\/uploads\/2025\/12\/ipbeam380pro-3-990x990.jpg 990w, https:\/\/lirolight.com\/wp-content\/uploads\/2025\/12\/ipbeam380pro-3-441x441.jpg 441w, https:\/\/lirolight.com\/wp-content\/uploads\/2025\/12\/ipbeam380pro-3-100x100.jpg 100w, https:\/\/lirolight.com\/wp-content\/uploads\/2025\/12\/ipbeam380pro-3-800x800.jpg 800w, https:\/\/lirolight.com\/wp-content\/uploads\/2025\/12\/ipbeam380pro-3-40x40.jpg 40w, https:\/\/lirolight.com\/wp-content\/uploads\/2025\/12\/ipbeam380pro-3.jpg 2000w\" data-sizes=\"(max-width: 1024px) 100vw, 1024px\" src=\"data:image\/gif;base64,R0lGODlhAQABAAAAACH5BAEKAAEALAAAAAABAAEAAAICTAEAOw==\" style=\"--smush-placeholder-width: 1024px; --smush-placeholder-aspect-ratio: 1024\/1024;\" \/><noscript><img decoding=\"async\" width=\"1024\" height=\"1024\" src=\"https:\/\/lirolight.com\/wp-content\/uploads\/2025\/12\/ipbeam380pro-3-1024x1024.jpg\" alt=\"\" class=\"wp-image-10256\" srcset=\"https:\/\/lirolight.com\/wp-content\/uploads\/2025\/12\/ipbeam380pro-3-1024x1024.jpg 1024w, https:\/\/lirolight.com\/wp-content\/uploads\/2025\/12\/ipbeam380pro-3-300x300.jpg 300w, https:\/\/lirolight.com\/wp-content\/uploads\/2025\/12\/ipbeam380pro-3-150x150.jpg 150w, https:\/\/lirolight.com\/wp-content\/uploads\/2025\/12\/ipbeam380pro-3-768x768.jpg 768w, https:\/\/lirolight.com\/wp-content\/uploads\/2025\/12\/ipbeam380pro-3-1536x1536.jpg 1536w, https:\/\/lirolight.com\/wp-content\/uploads\/2025\/12\/ipbeam380pro-3-12x12.jpg 12w, https:\/\/lirolight.com\/wp-content\/uploads\/2025\/12\/ipbeam380pro-3-990x990.jpg 990w, https:\/\/lirolight.com\/wp-content\/uploads\/2025\/12\/ipbeam380pro-3-441x441.jpg 441w, https:\/\/lirolight.com\/wp-content\/uploads\/2025\/12\/ipbeam380pro-3-100x100.jpg 100w, https:\/\/lirolight.com\/wp-content\/uploads\/2025\/12\/ipbeam380pro-3-800x800.jpg 800w, https:\/\/lirolight.com\/wp-content\/uploads\/2025\/12\/ipbeam380pro-3-40x40.jpg 40w, https:\/\/lirolight.com\/wp-content\/uploads\/2025\/12\/ipbeam380pro-3.jpg 2000w\" sizes=\"(max-width: 1024px) 100vw, 1024px\" \/><\/noscript><\/figure>\n<\/div>\n\n\n\n<div class=\"wp-block-column is-layout-flow wp-block-column-is-layout-flow\">\n<figure class=\"wp-block-image size-large\"><img loading=\"lazy\" decoding=\"async\" width=\"1024\" height=\"1024\" data-src=\"https:\/\/lirolight.com\/wp-content\/uploads\/2025\/12\/ipbeam380pro-5-1024x1024.jpg\" alt=\"\" class=\"wp-image-10259 lazyload\" data-srcset=\"https:\/\/lirolight.com\/wp-content\/uploads\/2025\/12\/ipbeam380pro-5-1024x1024.jpg 1024w, https:\/\/lirolight.com\/wp-content\/uploads\/2025\/12\/ipbeam380pro-5-300x300.jpg 300w, https:\/\/lirolight.com\/wp-content\/uploads\/2025\/12\/ipbeam380pro-5-150x150.jpg 150w, https:\/\/lirolight.com\/wp-content\/uploads\/2025\/12\/ipbeam380pro-5-768x768.jpg 768w, https:\/\/lirolight.com\/wp-content\/uploads\/2025\/12\/ipbeam380pro-5-1536x1536.jpg 1536w, https:\/\/lirolight.com\/wp-content\/uploads\/2025\/12\/ipbeam380pro-5-12x12.jpg 12w, https:\/\/lirolight.com\/wp-content\/uploads\/2025\/12\/ipbeam380pro-5-990x990.jpg 990w, https:\/\/lirolight.com\/wp-content\/uploads\/2025\/12\/ipbeam380pro-5-441x441.jpg 441w, https:\/\/lirolight.com\/wp-content\/uploads\/2025\/12\/ipbeam380pro-5-100x100.jpg 100w, https:\/\/lirolight.com\/wp-content\/uploads\/2025\/12\/ipbeam380pro-5-800x800.jpg 800w, https:\/\/lirolight.com\/wp-content\/uploads\/2025\/12\/ipbeam380pro-5-40x40.jpg 40w, https:\/\/lirolight.com\/wp-content\/uploads\/2025\/12\/ipbeam380pro-5.jpg 2000w\" data-sizes=\"(max-width: 1024px) 100vw, 1024px\" src=\"data:image\/gif;base64,R0lGODlhAQABAAAAACH5BAEKAAEALAAAAAABAAEAAAICTAEAOw==\" style=\"--smush-placeholder-width: 1024px; --smush-placeholder-aspect-ratio: 1024\/1024;\" \/><noscript><img loading=\"lazy\" decoding=\"async\" width=\"1024\" height=\"1024\" src=\"https:\/\/lirolight.com\/wp-content\/uploads\/2025\/12\/ipbeam380pro-5-1024x1024.jpg\" alt=\"\" class=\"wp-image-10259\" srcset=\"https:\/\/lirolight.com\/wp-content\/uploads\/2025\/12\/ipbeam380pro-5-1024x1024.jpg 1024w, https:\/\/lirolight.com\/wp-content\/uploads\/2025\/12\/ipbeam380pro-5-300x300.jpg 300w, https:\/\/lirolight.com\/wp-content\/uploads\/2025\/12\/ipbeam380pro-5-150x150.jpg 150w, https:\/\/lirolight.com\/wp-content\/uploads\/2025\/12\/ipbeam380pro-5-768x768.jpg 768w, https:\/\/lirolight.com\/wp-content\/uploads\/2025\/12\/ipbeam380pro-5-1536x1536.jpg 1536w, https:\/\/lirolight.com\/wp-content\/uploads\/2025\/12\/ipbeam380pro-5-12x12.jpg 12w, https:\/\/lirolight.com\/wp-content\/uploads\/2025\/12\/ipbeam380pro-5-990x990.jpg 990w, https:\/\/lirolight.com\/wp-content\/uploads\/2025\/12\/ipbeam380pro-5-441x441.jpg 441w, https:\/\/lirolight.com\/wp-content\/uploads\/2025\/12\/ipbeam380pro-5-100x100.jpg 100w, https:\/\/lirolight.com\/wp-content\/uploads\/2025\/12\/ipbeam380pro-5-800x800.jpg 800w, https:\/\/lirolight.com\/wp-content\/uploads\/2025\/12\/ipbeam380pro-5-40x40.jpg 40w, https:\/\/lirolight.com\/wp-content\/uploads\/2025\/12\/ipbeam380pro-5.jpg 2000w\" sizes=\"(max-width: 1024px) 100vw, 1024px\" \/><\/noscript><\/figure>\n<\/div>\n<\/div>\n\n\n\n<h2 class=\"wp-block-heading\"><font style=\"vertical-align: inherit;\"><font style=\"vertical-align: inherit;\">Sp\u00e9cification\uff1a<\/font><\/font><\/h2>\n\n\n\n<p>Tension : AC100V-235V 50-60Hz<br>Syst\u00e8me de source lumineuse : 420 (Philips)<br>Temp\u00e9rature de couleur : 7900\u00b1500K<br>Couleur : 14+effet arc-en-ciel+fonction d'atomisation<br>Gobo : 13 motifs fixes+1 lumi\u00e8re blanche<br>Syst\u00e8me de mise au point : mise au point \u00e9lectronique<br>Atomisation : \u00c9quip\u00e9 d'une fonction d'atomisation, il permet d'obtenir un effet d'\u00e9clairage doux.<br>Strobe : Effet stroboscopique ind\u00e9pendant, 0,5-20 fois\/seconde, vitesse r\u00e9glable<br>Moteur : Le syst\u00e8me Pan\/Tilt utilise un moteur triphas\u00e9, qui garantit une grande stabilit\u00e9 de la vitesse et un angle de positionnement pr\u00e9cis de la lampe !<br>Courbe de gradation : 0% -100% gradation lin\u00e9aire, lisse sans scintillement<br>Angle du faisceau : 0-2 \u00b0<br>Deux canaux : 16 canaux ou 20 canaux<br>Diam\u00e8tre de l'objectif : 180 mm<br>Indice d'\u00e9tanch\u00e9it\u00e9 : IP65<br>Mode de contr\u00f4le 1 : DMX 512<br>\u00c9cran d'affichage : \u00c9cran d'affichage LCD, adaptable \u00e0 diff\u00e9rentes positions d'installation, orientable \u00e0 180\u00b0.<br>Horizontal et vertical : utilisation de moteurs triphas\u00e9s de haute pr\u00e9cision, positionnement pr\u00e9cis, fonctionnement souple et correction automatique du positionnement N<br>Horizontal : rotation de 540 \u00b0, r\u00e9solution 8\/16 bits, avec r\u00e9glage fin<br>Vertical : rotation de 270 \u00b0, r\u00e9solution 8\/16 bits, avec r\u00e9glage fin.<br>La coque est fabriqu\u00e9e en aluminium moul\u00e9 sous pression.<br>Taille du corps de lampe 695<em>390<\/em>326mm<br>Poids net : 25KG<\/p>\n\n\n\n<h2 class=\"wp-block-heading\">Param\u00e8tre : <\/h2>\n\n\n\n<figure class=\"wp-block-table\"><table class=\"has-fixed-layout\"><tbody><tr><td>Nom du produit<\/td><td>Lampe frontale mobile \u00e0 faisceau \u00e9tanche<\/td><\/tr><tr><td>Puissance<\/td><td><strong>Ampoule Philips 420W\/ 380W<\/strong><\/td><\/tr><tr><td>Tension d'entr\u00e9e (V)<\/td><td>AC 100-240V, 50\/60Hz<\/td><\/tr><tr><td>Indice IP<\/td><td>IP65<\/td><\/tr><tr><td>Angle du faisceau<\/td><td>0-2 \u00b0<\/td><\/tr><tr><td>roue des couleurs<\/td><td>14+effet arc-en-ciel+fonction d'atomisation<\/td><\/tr><tr><td>Roue de gobos<\/td><td>13 motifs fixes+1 lumi\u00e8re blanche<\/td><\/tr><tr><td>Mode de contr\u00f4le<\/td><td>DMX512\/RDM<\/td><\/tr><tr><td>Application<\/td><td>Spectacles, sc\u00e8ne, projet de tourisme culturel<\/td><\/tr><tr><td>Garantie<\/td><td>2 ans<\/td><\/tr><tr><td>Poids net<\/td><td>25KG<\/td><\/tr><\/tbody><\/table><\/figure>\n\n\n\n<h2 class=\"wp-block-heading\">Heure du spectacle :<\/h2>\n\n\n\n<figure class=\"wp-block-image size-large\"><img loading=\"lazy\" decoding=\"async\" width=\"1024\" height=\"519\" data-src=\"https:\/\/lirolight.com\/wp-content\/uploads\/2025\/07\/144-1024x519.jpg\" alt=\"\" class=\"wp-image-8646 lazyload\" data-srcset=\"https:\/\/lirolight.com\/wp-content\/uploads\/2025\/07\/144-1024x519.jpg 1024w, https:\/\/lirolight.com\/wp-content\/uploads\/2025\/07\/144-300x152.jpg 300w, https:\/\/lirolight.com\/wp-content\/uploads\/2025\/07\/144-768x389.jpg 768w, https:\/\/lirolight.com\/wp-content\/uploads\/2025\/07\/144-1536x779.jpg 1536w, https:\/\/lirolight.com\/wp-content\/uploads\/2025\/07\/144-18x9.jpg 18w, https:\/\/lirolight.com\/wp-content\/uploads\/2025\/07\/144-990x502.jpg 990w, https:\/\/lirolight.com\/wp-content\/uploads\/2025\/07\/144-441x224.jpg 441w, https:\/\/lirolight.com\/wp-content\/uploads\/2025\/07\/144-800x406.jpg 800w, https:\/\/lirolight.com\/wp-content\/uploads\/2025\/07\/144-150x76.jpg 150w, https:\/\/lirolight.com\/wp-content\/uploads\/2025\/07\/144-60x30.jpg 60w, https:\/\/lirolight.com\/wp-content\/uploads\/2025\/07\/144.jpg 1556w\" data-sizes=\"(max-width: 1024px) 100vw, 1024px\" src=\"data:image\/gif;base64,R0lGODlhAQABAAAAACH5BAEKAAEALAAAAAABAAEAAAICTAEAOw==\" style=\"--smush-placeholder-width: 1024px; --smush-placeholder-aspect-ratio: 1024\/519;\" \/><noscript><img loading=\"lazy\" decoding=\"async\" width=\"1024\" height=\"519\" src=\"https:\/\/lirolight.com\/wp-content\/uploads\/2025\/07\/144-1024x519.jpg\" alt=\"\" class=\"wp-image-8646\" srcset=\"https:\/\/lirolight.com\/wp-content\/uploads\/2025\/07\/144-1024x519.jpg 1024w, https:\/\/lirolight.com\/wp-content\/uploads\/2025\/07\/144-300x152.jpg 300w, https:\/\/lirolight.com\/wp-content\/uploads\/2025\/07\/144-768x389.jpg 768w, https:\/\/lirolight.com\/wp-content\/uploads\/2025\/07\/144-1536x779.jpg 1536w, https:\/\/lirolight.com\/wp-content\/uploads\/2025\/07\/144-18x9.jpg 18w, https:\/\/lirolight.com\/wp-content\/uploads\/2025\/07\/144-990x502.jpg 990w, https:\/\/lirolight.com\/wp-content\/uploads\/2025\/07\/144-441x224.jpg 441w, https:\/\/lirolight.com\/wp-content\/uploads\/2025\/07\/144-800x406.jpg 800w, https:\/\/lirolight.com\/wp-content\/uploads\/2025\/07\/144-150x76.jpg 150w, https:\/\/lirolight.com\/wp-content\/uploads\/2025\/07\/144-60x30.jpg 60w, https:\/\/lirolight.com\/wp-content\/uploads\/2025\/07\/144.jpg 1556w\" sizes=\"(max-width: 1024px) 100vw, 1024px\" \/><\/noscript><\/figure>\n\n\n\n<figure class=\"wp-block-image size-large\"><img loading=\"lazy\" decoding=\"async\" width=\"1024\" height=\"768\" data-src=\"https:\/\/lirolight.com\/wp-content\/uploads\/2025\/12\/sc9-1024x768.jpg\" alt=\"\" class=\"wp-image-10404 lazyload\" data-srcset=\"https:\/\/lirolight.com\/wp-content\/uploads\/2025\/12\/sc9-1024x768.jpg 1024w, https:\/\/lirolight.com\/wp-content\/uploads\/2025\/12\/sc9-300x225.jpg 300w, https:\/\/lirolight.com\/wp-content\/uploads\/2025\/12\/sc9-768x576.jpg 768w, https:\/\/lirolight.com\/wp-content\/uploads\/2025\/12\/sc9-1536x1152.jpg 1536w, https:\/\/lirolight.com\/wp-content\/uploads\/2025\/12\/sc9-2048x1536.jpg 2048w, https:\/\/lirolight.com\/wp-content\/uploads\/2025\/12\/sc9-16x12.jpg 16w, https:\/\/lirolight.com\/wp-content\/uploads\/2025\/12\/sc9-990x743.jpg 990w, https:\/\/lirolight.com\/wp-content\/uploads\/2025\/12\/sc9-441x331.jpg 441w, https:\/\/lirolight.com\/wp-content\/uploads\/2025\/12\/sc9-800x600.jpg 800w, https:\/\/lirolight.com\/wp-content\/uploads\/2025\/12\/sc9-150x113.jpg 150w, https:\/\/lirolight.com\/wp-content\/uploads\/2025\/12\/sc9-500x375.jpg 500w, https:\/\/lirolight.com\/wp-content\/uploads\/2025\/12\/sc9-53x40.jpg 53w\" data-sizes=\"(max-width: 1024px) 100vw, 1024px\" src=\"data:image\/gif;base64,R0lGODlhAQABAAAAACH5BAEKAAEALAAAAAABAAEAAAICTAEAOw==\" style=\"--smush-placeholder-width: 1024px; --smush-placeholder-aspect-ratio: 1024\/768;\" \/><noscript><img loading=\"lazy\" decoding=\"async\" width=\"1024\" height=\"768\" src=\"https:\/\/lirolight.com\/wp-content\/uploads\/2025\/12\/sc9-1024x768.jpg\" alt=\"\" class=\"wp-image-10404\" srcset=\"https:\/\/lirolight.com\/wp-content\/uploads\/2025\/12\/sc9-1024x768.jpg 1024w, https:\/\/lirolight.com\/wp-content\/uploads\/2025\/12\/sc9-300x225.jpg 300w, https:\/\/lirolight.com\/wp-content\/uploads\/2025\/12\/sc9-768x576.jpg 768w, https:\/\/lirolight.com\/wp-content\/uploads\/2025\/12\/sc9-1536x1152.jpg 1536w, https:\/\/lirolight.com\/wp-content\/uploads\/2025\/12\/sc9-2048x1536.jpg 2048w, https:\/\/lirolight.com\/wp-content\/uploads\/2025\/12\/sc9-16x12.jpg 16w, https:\/\/lirolight.com\/wp-content\/uploads\/2025\/12\/sc9-990x743.jpg 990w, https:\/\/lirolight.com\/wp-content\/uploads\/2025\/12\/sc9-441x331.jpg 441w, https:\/\/lirolight.com\/wp-content\/uploads\/2025\/12\/sc9-800x600.jpg 800w, https:\/\/lirolight.com\/wp-content\/uploads\/2025\/12\/sc9-150x113.jpg 150w, https:\/\/lirolight.com\/wp-content\/uploads\/2025\/12\/sc9-500x375.jpg 500w, https:\/\/lirolight.com\/wp-content\/uploads\/2025\/12\/sc9-53x40.jpg 53w\" sizes=\"(max-width: 1024px) 100vw, 1024px\" \/><\/noscript><\/figure>\n\n\n\n<figure class=\"wp-block-image size-large\"><img loading=\"lazy\" decoding=\"async\" width=\"1024\" height=\"576\" data-src=\"https:\/\/lirolight.com\/wp-content\/uploads\/2025\/12\/qz4-1024x576.jpg\" alt=\"\" class=\"wp-image-10405 lazyload\" data-srcset=\"https:\/\/lirolight.com\/wp-content\/uploads\/2025\/12\/qz4-1024x576.jpg 1024w, https:\/\/lirolight.com\/wp-content\/uploads\/2025\/12\/qz4-300x169.jpg 300w, https:\/\/lirolight.com\/wp-content\/uploads\/2025\/12\/qz4-768x432.jpg 768w, https:\/\/lirolight.com\/wp-content\/uploads\/2025\/12\/qz4-1536x864.jpg 1536w, https:\/\/lirolight.com\/wp-content\/uploads\/2025\/12\/qz4-18x10.jpg 18w, https:\/\/lirolight.com\/wp-content\/uploads\/2025\/12\/qz4-990x557.jpg 990w, https:\/\/lirolight.com\/wp-content\/uploads\/2025\/12\/qz4-441x248.jpg 441w, https:\/\/lirolight.com\/wp-content\/uploads\/2025\/12\/qz4-800x450.jpg 800w, https:\/\/lirolight.com\/wp-content\/uploads\/2025\/12\/qz4-150x84.jpg 150w, https:\/\/lirolight.com\/wp-content\/uploads\/2025\/12\/qz4-500x281.jpg 500w, https:\/\/lirolight.com\/wp-content\/uploads\/2025\/12\/qz4-60x34.jpg 60w, https:\/\/lirolight.com\/wp-content\/uploads\/2025\/12\/qz4.jpg 1920w\" data-sizes=\"(max-width: 1024px) 100vw, 1024px\" src=\"data:image\/gif;base64,R0lGODlhAQABAAAAACH5BAEKAAEALAAAAAABAAEAAAICTAEAOw==\" style=\"--smush-placeholder-width: 1024px; --smush-placeholder-aspect-ratio: 1024\/576;\" \/><noscript><img loading=\"lazy\" decoding=\"async\" width=\"1024\" height=\"576\" src=\"https:\/\/lirolight.com\/wp-content\/uploads\/2025\/12\/qz4-1024x576.jpg\" alt=\"\" class=\"wp-image-10405\" srcset=\"https:\/\/lirolight.com\/wp-content\/uploads\/2025\/12\/qz4-1024x576.jpg 1024w, https:\/\/lirolight.com\/wp-content\/uploads\/2025\/12\/qz4-300x169.jpg 300w, https:\/\/lirolight.com\/wp-content\/uploads\/2025\/12\/qz4-768x432.jpg 768w, https:\/\/lirolight.com\/wp-content\/uploads\/2025\/12\/qz4-1536x864.jpg 1536w, https:\/\/lirolight.com\/wp-content\/uploads\/2025\/12\/qz4-18x10.jpg 18w, https:\/\/lirolight.com\/wp-content\/uploads\/2025\/12\/qz4-990x557.jpg 990w, https:\/\/lirolight.com\/wp-content\/uploads\/2025\/12\/qz4-441x248.jpg 441w, https:\/\/lirolight.com\/wp-content\/uploads\/2025\/12\/qz4-800x450.jpg 800w, https:\/\/lirolight.com\/wp-content\/uploads\/2025\/12\/qz4-150x84.jpg 150w, https:\/\/lirolight.com\/wp-content\/uploads\/2025\/12\/qz4-500x281.jpg 500w, https:\/\/lirolight.com\/wp-content\/uploads\/2025\/12\/qz4-60x34.jpg 60w, https:\/\/lirolight.com\/wp-content\/uploads\/2025\/12\/qz4.jpg 1920w\" sizes=\"(max-width: 1024px) 100vw, 1024px\" \/><\/noscript><\/figure>\n\n\n\n<h2 class=\"wp-block-heading\">Lien vid\u00e9o :<\/h2>\n\n\n\n<p><a href=\"https:\/\/www.instagram.com\/p\/C6qHu-3J0kI\" target=\"_blank\" rel=\"noopener\">https:\/\/www.instagram.com\/p\/C6qHu-3J0kI<\/a><\/p>","protected":false},"excerpt":{"rendered":"<p>Le projecteur \u00e9tanche 420W est dot\u00e9 d'une lentille de 180 mm de diam\u00e8tre, en aluminium moul\u00e9 sous pression 100%, \u00e9mettant un faisceau puissant et cibl\u00e9 avec une ampoule Philips 420w pour une luminosit\u00e9 exceptionnelle. Id\u00e9al pour les \u00e9v\u00e9nements et les installations en ext\u00e9rieur, il est con\u00e7u pour r\u00e9sister aux conditions m\u00e9t\u00e9orologiques difficiles.<\/p>\n<p>&nbsp;<\/p>\n<blockquote><p>\u00a0<\/p><\/blockquote>\n<p>&nbsp;<\/p>","protected":false},"featured_media":10253,"comment_status":"open","ping_status":"closed","template":"","meta":[],"product_brand":[],"product_cat":[51,64],"product_tag":[74,107,115,539,160,538],"class_list":{"0":"post-10246","1":"product","2":"type-product","3":"status-publish","4":"has-post-thumbnail","6":"product_cat-waterproof-series","7":"product_cat-ip-beam-bsw","8":"product_tag-beam","9":"product_tag-movinghead","10":"product_tag-movingheadlights","11":"product_tag-sharpy-beam-moving-head","12":"product_tag-stagelights","13":"product_tag-super-sky-beam","15":"first","16":"instock","17":"shipping-taxable","18":"product-type-simple"},"_links":{"self":[{"href":"https:\/\/lirolight.com\/fr\/wp-json\/wp\/v2\/product\/10246","targetHints":{"allow":["GET"]}}],"collection":[{"href":"https:\/\/lirolight.com\/fr\/wp-json\/wp\/v2\/product"}],"about":[{"href":"https:\/\/lirolight.com\/fr\/wp-json\/wp\/v2\/types\/product"}],"replies":[{"embeddable":true,"href":"https:\/\/lirolight.com\/fr\/wp-json\/wp\/v2\/comments?post=10246"}],"version-history":[{"count":4,"href":"https:\/\/lirolight.com\/fr\/wp-json\/wp\/v2\/product\/10246\/revisions"}],"predecessor-version":[{"id":10406,"href":"https:\/\/lirolight.com\/fr\/wp-json\/wp\/v2\/product\/10246\/revisions\/10406"}],"wp:featuredmedia":[{"embeddable":true,"href":"https:\/\/lirolight.com\/fr\/wp-json\/wp\/v2\/media\/10253"}],"wp:attachment":[{"href":"https:\/\/lirolight.com\/fr\/wp-json\/wp\/v2\/media?parent=10246"}],"wp:term":[{"taxonomy":"product_brand","embeddable":true,"href":"https:\/\/lirolight.com\/fr\/wp-json\/wp\/v2\/product_brand?post=10246"},{"taxonomy":"product_cat","embeddable":true,"href":"https:\/\/lirolight.com\/fr\/wp-json\/wp\/v2\/product_cat?post=10246"},{"taxonomy":"product_tag","embeddable":true,"href":"https:\/\/lirolight.com\/fr\/wp-json\/wp\/v2\/product_tag?post=10246"}],"curies":[{"name":"wp","href":"https:\/\/api.w.org\/{rel}","templated":true}]}}