{"id":7301,"date":"2025-06-10T09:28:36","date_gmt":"2025-06-10T09:28:36","guid":{"rendered":"https:\/\/lirolight.com\/?post_type=product&#038;p=7301"},"modified":"2026-01-22T07:01:12","modified_gmt":"2026-01-22T07:01:12","slug":"ip66-outdoor-1940w-rgbw-rgb-led-strips-waterproof-wash-zoom-moving-head-light-for-stage-event","status":"publish","type":"product","link":"https:\/\/lirolight.com\/fr\/produit\/ip66-outdoor-1940w-rgbw-rgb-led-strips-waterproof-wash-zoom-moving-head-light-for-stage-event\/","title":{"rendered":"LiRO-LITE IP66 Outdoor 19*40W RGBW + RGB Led strips Waterproof Wash Zoom Moving Head Light for Stage Event"},"content":{"rendered":"<h2 class=\"wp-block-heading has-text-align-left\"><strong><mark style=\"background-color:#000000\" class=\"has-inline-color has-white-color\">LR-IP WASH B-EYE K15 <\/mark><\/strong><\/h2>\n\n\n\n<hr class=\"wp-block-separator has-alpha-channel-opacity\"\/>\n\n\n\n<h2 class=\"wp-block-heading\">Photos :<\/h2>\n\n\n\n<div class=\"wp-block-columns is-layout-flex wp-container-core-columns-is-layout-28f84493 wp-block-columns-is-layout-flex\">\n<div class=\"wp-block-column is-layout-flow wp-block-column-is-layout-flow\">\n<figure class=\"wp-block-image size-large\"><img fetchpriority=\"high\" decoding=\"async\" width=\"1024\" height=\"1024\" src=\"https:\/\/lirolight.com\/wp-content\/uploads\/2025\/06\/\u767d4-1-1024x1024.png\" alt=\"\" class=\"wp-image-7292\" srcset=\"https:\/\/lirolight.com\/wp-content\/uploads\/2025\/06\/\u767d4-1-1024x1024.png 1024w, https:\/\/lirolight.com\/wp-content\/uploads\/2025\/06\/\u767d4-1-300x300.png 300w, https:\/\/lirolight.com\/wp-content\/uploads\/2025\/06\/\u767d4-1-150x150.png 150w, https:\/\/lirolight.com\/wp-content\/uploads\/2025\/06\/\u767d4-1-768x768.png 768w, https:\/\/lirolight.com\/wp-content\/uploads\/2025\/06\/\u767d4-1-1536x1536.png 1536w, https:\/\/lirolight.com\/wp-content\/uploads\/2025\/06\/\u767d4-1-12x12.png 12w, https:\/\/lirolight.com\/wp-content\/uploads\/2025\/06\/\u767d4-1-990x990.png 990w, https:\/\/lirolight.com\/wp-content\/uploads\/2025\/06\/\u767d4-1-441x441.png 441w, https:\/\/lirolight.com\/wp-content\/uploads\/2025\/06\/\u767d4-1-100x100.png 100w, https:\/\/lirolight.com\/wp-content\/uploads\/2025\/06\/\u767d4-1-800x800.png 800w, https:\/\/lirolight.com\/wp-content\/uploads\/2025\/06\/\u767d4-1-500x500.png 500w, https:\/\/lirolight.com\/wp-content\/uploads\/2025\/06\/\u767d4-1-40x40.png 40w, https:\/\/lirolight.com\/wp-content\/uploads\/2025\/06\/\u767d4-1.png 2000w\" sizes=\"(max-width: 1024px) 100vw, 1024px\" \/><\/figure>\n<\/div>\n\n\n\n<div class=\"wp-block-column is-layout-flow wp-block-column-is-layout-flow\">\n<figure class=\"wp-block-image size-large\"><img decoding=\"async\" width=\"1024\" height=\"1024\" data-src=\"https:\/\/lirolight.com\/wp-content\/uploads\/2025\/06\/\u767d2-2-1024x1024.png\" alt=\"\" class=\"wp-image-7293 lazyload\" data-srcset=\"https:\/\/lirolight.com\/wp-content\/uploads\/2025\/06\/\u767d2-2-1024x1024.png 1024w, https:\/\/lirolight.com\/wp-content\/uploads\/2025\/06\/\u767d2-2-300x300.png 300w, https:\/\/lirolight.com\/wp-content\/uploads\/2025\/06\/\u767d2-2-150x150.png 150w, https:\/\/lirolight.com\/wp-content\/uploads\/2025\/06\/\u767d2-2-768x768.png 768w, https:\/\/lirolight.com\/wp-content\/uploads\/2025\/06\/\u767d2-2-1536x1536.png 1536w, https:\/\/lirolight.com\/wp-content\/uploads\/2025\/06\/\u767d2-2-12x12.png 12w, https:\/\/lirolight.com\/wp-content\/uploads\/2025\/06\/\u767d2-2-990x990.png 990w, https:\/\/lirolight.com\/wp-content\/uploads\/2025\/06\/\u767d2-2-441x441.png 441w, https:\/\/lirolight.com\/wp-content\/uploads\/2025\/06\/\u767d2-2-100x100.png 100w, https:\/\/lirolight.com\/wp-content\/uploads\/2025\/06\/\u767d2-2-800x800.png 800w, https:\/\/lirolight.com\/wp-content\/uploads\/2025\/06\/\u767d2-2-500x500.png 500w, https:\/\/lirolight.com\/wp-content\/uploads\/2025\/06\/\u767d2-2-40x40.png 40w, https:\/\/lirolight.com\/wp-content\/uploads\/2025\/06\/\u767d2-2.png 2000w\" data-sizes=\"(max-width: 1024px) 100vw, 1024px\" src=\"data:image\/gif;base64,R0lGODlhAQABAAAAACH5BAEKAAEALAAAAAABAAEAAAICTAEAOw==\" style=\"--smush-placeholder-width: 1024px; --smush-placeholder-aspect-ratio: 1024\/1024;\" \/><noscript><img decoding=\"async\" width=\"1024\" height=\"1024\" src=\"https:\/\/lirolight.com\/wp-content\/uploads\/2025\/06\/\u767d2-2-1024x1024.png\" alt=\"\" class=\"wp-image-7293\" srcset=\"https:\/\/lirolight.com\/wp-content\/uploads\/2025\/06\/\u767d2-2-1024x1024.png 1024w, https:\/\/lirolight.com\/wp-content\/uploads\/2025\/06\/\u767d2-2-300x300.png 300w, https:\/\/lirolight.com\/wp-content\/uploads\/2025\/06\/\u767d2-2-150x150.png 150w, https:\/\/lirolight.com\/wp-content\/uploads\/2025\/06\/\u767d2-2-768x768.png 768w, https:\/\/lirolight.com\/wp-content\/uploads\/2025\/06\/\u767d2-2-1536x1536.png 1536w, https:\/\/lirolight.com\/wp-content\/uploads\/2025\/06\/\u767d2-2-12x12.png 12w, https:\/\/lirolight.com\/wp-content\/uploads\/2025\/06\/\u767d2-2-990x990.png 990w, https:\/\/lirolight.com\/wp-content\/uploads\/2025\/06\/\u767d2-2-441x441.png 441w, https:\/\/lirolight.com\/wp-content\/uploads\/2025\/06\/\u767d2-2-100x100.png 100w, https:\/\/lirolight.com\/wp-content\/uploads\/2025\/06\/\u767d2-2-800x800.png 800w, https:\/\/lirolight.com\/wp-content\/uploads\/2025\/06\/\u767d2-2-500x500.png 500w, https:\/\/lirolight.com\/wp-content\/uploads\/2025\/06\/\u767d2-2-40x40.png 40w, https:\/\/lirolight.com\/wp-content\/uploads\/2025\/06\/\u767d2-2.png 2000w\" sizes=\"(max-width: 1024px) 100vw, 1024px\" \/><\/noscript><\/figure>\n<\/div>\n<\/div>\n\n\n\n<div class=\"wp-block-columns is-layout-flex wp-container-core-columns-is-layout-28f84493 wp-block-columns-is-layout-flex\">\n<div class=\"wp-block-column is-layout-flow wp-block-column-is-layout-flow\">\n<figure class=\"wp-block-image size-large\"><img decoding=\"async\" width=\"1024\" height=\"1024\" data-src=\"https:\/\/lirolight.com\/wp-content\/uploads\/2025\/06\/\u767d6-1024x1024.png\" alt=\"\" class=\"wp-image-7287 lazyload\" data-srcset=\"https:\/\/lirolight.com\/wp-content\/uploads\/2025\/06\/\u767d6-1024x1024.png 1024w, https:\/\/lirolight.com\/wp-content\/uploads\/2025\/06\/\u767d6-300x300.png 300w, https:\/\/lirolight.com\/wp-content\/uploads\/2025\/06\/\u767d6-150x150.png 150w, https:\/\/lirolight.com\/wp-content\/uploads\/2025\/06\/\u767d6-768x768.png 768w, https:\/\/lirolight.com\/wp-content\/uploads\/2025\/06\/\u767d6-1536x1536.png 1536w, https:\/\/lirolight.com\/wp-content\/uploads\/2025\/06\/\u767d6-12x12.png 12w, https:\/\/lirolight.com\/wp-content\/uploads\/2025\/06\/\u767d6-990x990.png 990w, https:\/\/lirolight.com\/wp-content\/uploads\/2025\/06\/\u767d6-441x441.png 441w, https:\/\/lirolight.com\/wp-content\/uploads\/2025\/06\/\u767d6-100x100.png 100w, https:\/\/lirolight.com\/wp-content\/uploads\/2025\/06\/\u767d6-800x800.png 800w, https:\/\/lirolight.com\/wp-content\/uploads\/2025\/06\/\u767d6-40x40.png 40w, https:\/\/lirolight.com\/wp-content\/uploads\/2025\/06\/\u767d6.png 2000w\" data-sizes=\"(max-width: 1024px) 100vw, 1024px\" src=\"data:image\/gif;base64,R0lGODlhAQABAAAAACH5BAEKAAEALAAAAAABAAEAAAICTAEAOw==\" style=\"--smush-placeholder-width: 1024px; --smush-placeholder-aspect-ratio: 1024\/1024;\" \/><noscript><img decoding=\"async\" width=\"1024\" height=\"1024\" src=\"https:\/\/lirolight.com\/wp-content\/uploads\/2025\/06\/\u767d6-1024x1024.png\" alt=\"\" class=\"wp-image-7287\" srcset=\"https:\/\/lirolight.com\/wp-content\/uploads\/2025\/06\/\u767d6-1024x1024.png 1024w, https:\/\/lirolight.com\/wp-content\/uploads\/2025\/06\/\u767d6-300x300.png 300w, https:\/\/lirolight.com\/wp-content\/uploads\/2025\/06\/\u767d6-150x150.png 150w, https:\/\/lirolight.com\/wp-content\/uploads\/2025\/06\/\u767d6-768x768.png 768w, https:\/\/lirolight.com\/wp-content\/uploads\/2025\/06\/\u767d6-1536x1536.png 1536w, https:\/\/lirolight.com\/wp-content\/uploads\/2025\/06\/\u767d6-12x12.png 12w, https:\/\/lirolight.com\/wp-content\/uploads\/2025\/06\/\u767d6-990x990.png 990w, https:\/\/lirolight.com\/wp-content\/uploads\/2025\/06\/\u767d6-441x441.png 441w, https:\/\/lirolight.com\/wp-content\/uploads\/2025\/06\/\u767d6-100x100.png 100w, https:\/\/lirolight.com\/wp-content\/uploads\/2025\/06\/\u767d6-800x800.png 800w, https:\/\/lirolight.com\/wp-content\/uploads\/2025\/06\/\u767d6-40x40.png 40w, https:\/\/lirolight.com\/wp-content\/uploads\/2025\/06\/\u767d6.png 2000w\" sizes=\"(max-width: 1024px) 100vw, 1024px\" \/><\/noscript><\/figure>\n<\/div>\n\n\n\n<div class=\"wp-block-column is-layout-flow wp-block-column-is-layout-flow\">\n<figure class=\"wp-block-image size-large\"><img loading=\"lazy\" decoding=\"async\" width=\"1024\" height=\"1024\" data-src=\"https:\/\/lirolight.com\/wp-content\/uploads\/2025\/06\/\u767d24-1024x1024.png\" alt=\"\" class=\"wp-image-7290 lazyload\" data-srcset=\"https:\/\/lirolight.com\/wp-content\/uploads\/2025\/06\/\u767d24-1024x1024.png 1024w, https:\/\/lirolight.com\/wp-content\/uploads\/2025\/06\/\u767d24-300x300.png 300w, https:\/\/lirolight.com\/wp-content\/uploads\/2025\/06\/\u767d24-150x150.png 150w, https:\/\/lirolight.com\/wp-content\/uploads\/2025\/06\/\u767d24-768x768.png 768w, https:\/\/lirolight.com\/wp-content\/uploads\/2025\/06\/\u767d24-1536x1536.png 1536w, https:\/\/lirolight.com\/wp-content\/uploads\/2025\/06\/\u767d24-12x12.png 12w, https:\/\/lirolight.com\/wp-content\/uploads\/2025\/06\/\u767d24-990x990.png 990w, https:\/\/lirolight.com\/wp-content\/uploads\/2025\/06\/\u767d24-441x441.png 441w, https:\/\/lirolight.com\/wp-content\/uploads\/2025\/06\/\u767d24-100x100.png 100w, https:\/\/lirolight.com\/wp-content\/uploads\/2025\/06\/\u767d24-800x800.png 800w, https:\/\/lirolight.com\/wp-content\/uploads\/2025\/06\/\u767d24-40x40.png 40w, https:\/\/lirolight.com\/wp-content\/uploads\/2025\/06\/\u767d24.png 2000w\" data-sizes=\"(max-width: 1024px) 100vw, 1024px\" src=\"data:image\/gif;base64,R0lGODlhAQABAAAAACH5BAEKAAEALAAAAAABAAEAAAICTAEAOw==\" style=\"--smush-placeholder-width: 1024px; --smush-placeholder-aspect-ratio: 1024\/1024;\" \/><noscript><img loading=\"lazy\" decoding=\"async\" width=\"1024\" height=\"1024\" src=\"https:\/\/lirolight.com\/wp-content\/uploads\/2025\/06\/\u767d24-1024x1024.png\" alt=\"\" class=\"wp-image-7290\" srcset=\"https:\/\/lirolight.com\/wp-content\/uploads\/2025\/06\/\u767d24-1024x1024.png 1024w, https:\/\/lirolight.com\/wp-content\/uploads\/2025\/06\/\u767d24-300x300.png 300w, https:\/\/lirolight.com\/wp-content\/uploads\/2025\/06\/\u767d24-150x150.png 150w, https:\/\/lirolight.com\/wp-content\/uploads\/2025\/06\/\u767d24-768x768.png 768w, https:\/\/lirolight.com\/wp-content\/uploads\/2025\/06\/\u767d24-1536x1536.png 1536w, https:\/\/lirolight.com\/wp-content\/uploads\/2025\/06\/\u767d24-12x12.png 12w, https:\/\/lirolight.com\/wp-content\/uploads\/2025\/06\/\u767d24-990x990.png 990w, https:\/\/lirolight.com\/wp-content\/uploads\/2025\/06\/\u767d24-441x441.png 441w, https:\/\/lirolight.com\/wp-content\/uploads\/2025\/06\/\u767d24-100x100.png 100w, https:\/\/lirolight.com\/wp-content\/uploads\/2025\/06\/\u767d24-800x800.png 800w, https:\/\/lirolight.com\/wp-content\/uploads\/2025\/06\/\u767d24-40x40.png 40w, https:\/\/lirolight.com\/wp-content\/uploads\/2025\/06\/\u767d24.png 2000w\" sizes=\"(max-width: 1024px) 100vw, 1024px\" \/><\/noscript><\/figure>\n<\/div>\n\n\n\n<div class=\"wp-block-column is-layout-flow wp-block-column-is-layout-flow\">\n<figure class=\"wp-block-image size-large\"><img loading=\"lazy\" decoding=\"async\" width=\"1024\" height=\"1024\" data-src=\"https:\/\/lirolight.com\/wp-content\/uploads\/2025\/06\/\u767d22-1-1024x1024.png\" alt=\"\" class=\"wp-image-7294 lazyload\" data-srcset=\"https:\/\/lirolight.com\/wp-content\/uploads\/2025\/06\/\u767d22-1-1024x1024.png 1024w, https:\/\/lirolight.com\/wp-content\/uploads\/2025\/06\/\u767d22-1-300x300.png 300w, https:\/\/lirolight.com\/wp-content\/uploads\/2025\/06\/\u767d22-1-150x150.png 150w, https:\/\/lirolight.com\/wp-content\/uploads\/2025\/06\/\u767d22-1-768x768.png 768w, https:\/\/lirolight.com\/wp-content\/uploads\/2025\/06\/\u767d22-1-1536x1536.png 1536w, https:\/\/lirolight.com\/wp-content\/uploads\/2025\/06\/\u767d22-1-12x12.png 12w, https:\/\/lirolight.com\/wp-content\/uploads\/2025\/06\/\u767d22-1-990x990.png 990w, https:\/\/lirolight.com\/wp-content\/uploads\/2025\/06\/\u767d22-1-441x441.png 441w, https:\/\/lirolight.com\/wp-content\/uploads\/2025\/06\/\u767d22-1-100x100.png 100w, https:\/\/lirolight.com\/wp-content\/uploads\/2025\/06\/\u767d22-1-800x800.png 800w, https:\/\/lirolight.com\/wp-content\/uploads\/2025\/06\/\u767d22-1-500x500.png 500w, https:\/\/lirolight.com\/wp-content\/uploads\/2025\/06\/\u767d22-1-40x40.png 40w, https:\/\/lirolight.com\/wp-content\/uploads\/2025\/06\/\u767d22-1.png 2000w\" data-sizes=\"(max-width: 1024px) 100vw, 1024px\" src=\"data:image\/gif;base64,R0lGODlhAQABAAAAACH5BAEKAAEALAAAAAABAAEAAAICTAEAOw==\" style=\"--smush-placeholder-width: 1024px; --smush-placeholder-aspect-ratio: 1024\/1024;\" \/><noscript><img loading=\"lazy\" decoding=\"async\" width=\"1024\" height=\"1024\" src=\"https:\/\/lirolight.com\/wp-content\/uploads\/2025\/06\/\u767d22-1-1024x1024.png\" alt=\"\" class=\"wp-image-7294\" srcset=\"https:\/\/lirolight.com\/wp-content\/uploads\/2025\/06\/\u767d22-1-1024x1024.png 1024w, https:\/\/lirolight.com\/wp-content\/uploads\/2025\/06\/\u767d22-1-300x300.png 300w, https:\/\/lirolight.com\/wp-content\/uploads\/2025\/06\/\u767d22-1-150x150.png 150w, https:\/\/lirolight.com\/wp-content\/uploads\/2025\/06\/\u767d22-1-768x768.png 768w, https:\/\/lirolight.com\/wp-content\/uploads\/2025\/06\/\u767d22-1-1536x1536.png 1536w, https:\/\/lirolight.com\/wp-content\/uploads\/2025\/06\/\u767d22-1-12x12.png 12w, https:\/\/lirolight.com\/wp-content\/uploads\/2025\/06\/\u767d22-1-990x990.png 990w, https:\/\/lirolight.com\/wp-content\/uploads\/2025\/06\/\u767d22-1-441x441.png 441w, https:\/\/lirolight.com\/wp-content\/uploads\/2025\/06\/\u767d22-1-100x100.png 100w, https:\/\/lirolight.com\/wp-content\/uploads\/2025\/06\/\u767d22-1-800x800.png 800w, https:\/\/lirolight.com\/wp-content\/uploads\/2025\/06\/\u767d22-1-500x500.png 500w, https:\/\/lirolight.com\/wp-content\/uploads\/2025\/06\/\u767d22-1-40x40.png 40w, https:\/\/lirolight.com\/wp-content\/uploads\/2025\/06\/\u767d22-1.png 2000w\" sizes=\"(max-width: 1024px) 100vw, 1024px\" \/><\/noscript><\/figure>\n<\/div>\n<\/div>\n\n\n\n<h2 class=\"wp-block-heading\"><font style=\"vertical-align: inherit;\"><font style=\"vertical-align: inherit;\">Sp\u00e9cification\uff1a<\/font><\/font><\/h2>\n\n\n\n<p>Voltage : AC90-240v 50-60HZ<br>Puissance nominale : 760W<br>Source lumineuse : perles de lampe LED haute luminosit\u00e9 19X40W (4-en-1 RGBW)<br>Angle de rayonnement : 5-55\u00b0.<br>Strobe : 1-25 fois\/seconde avec plusieurs effets stroboscopiques<br>Gradation : 0-100% gradation lin\u00e9aire.<br>Canal : 7 modes de canaux int\u00e9gr\u00e9s 21\/35\/78\/92\/97\/30\/42\/106CH<br>Contr\u00f4le : DMX512, automoteur, commande vocale, RDM.<br>Balayage horizontal : 540 degr\u00e9s + r\u00e9glage fin 16 bits,<br>Balayage vertical : 250 degr\u00e9s + r\u00e9glage fin sur 16 bits<br>Affichage : Affichage en chinois et en anglais<br>Taille de l'emballage en carton (un dans un) : 65<em>37<\/em>53cm<br>Poids net : 19,8 kg<br>Poids brut : 23,4 kg&nbsp;<\/p>\n\n\n\n<h2 class=\"wp-block-heading\">Caract\u00e9ristiques :<\/h2>\n\n\n\n<ol class=\"wp-block-list\">\n<li>Chaque cordon lumineux peut \u00eatre contr\u00f4l\u00e9 individuellement.<\/li>\n\n\n\n<li>Le design unique en nid d'abeille de la lentille peut \u00eatre tourn\u00e9 \u00e0 l'infini pour produire une vari\u00e9t\u00e9 d'effets oniriques.<\/li>\n\n\n\n<li>L'\u00e9cran d'affichage peut pivoter automatiquement de 180\u00b0 pour s'adapter aux diff\u00e9rents angles d'installation.<\/li>\n\n\n\n<li>Il int\u00e8gre de multiples effets tels que la focalisation, le faisceau, la teinture et le motif.<\/li>\n\n\n\n<li>Fonction de m\u00e9morisation de la position de balayage, qui peut \u00eatre r\u00e9initialis\u00e9e automatiquement.<\/li>\n\n\n\n<li>Gr\u00e2ce au refroidissement par ventilateur et \u00e0 la fonction de d\u00e9tection automatique de la temp\u00e9rature, le syst\u00e8me s'arr\u00eate automatiquement pour prot\u00e9ger la lampe lorsqu'il d\u00e9tecte une temp\u00e9rature trop \u00e9lev\u00e9e.<\/li>\n<\/ol>\n\n\n\n<h2 class=\"wp-block-heading\">Heure du spectacle :<\/h2>\n\n\n\n<figure class=\"wp-block-image size-large\"><img loading=\"lazy\" decoding=\"async\" width=\"1024\" height=\"893\" data-src=\"https:\/\/lirolight.com\/wp-content\/uploads\/2025\/06\/\u5fae\u4fe1\u56fe\u7247_2025021914365011-1024x893.png\" alt=\"\" class=\"wp-image-7295 lazyload\" data-srcset=\"https:\/\/lirolight.com\/wp-content\/uploads\/2025\/06\/\u5fae\u4fe1\u56fe\u7247_2025021914365011-1024x893.png 1024w, https:\/\/lirolight.com\/wp-content\/uploads\/2025\/06\/\u5fae\u4fe1\u56fe\u7247_2025021914365011-300x262.png 300w, https:\/\/lirolight.com\/wp-content\/uploads\/2025\/06\/\u5fae\u4fe1\u56fe\u7247_2025021914365011-768x669.png 768w, https:\/\/lirolight.com\/wp-content\/uploads\/2025\/06\/\u5fae\u4fe1\u56fe\u7247_2025021914365011-1536x1339.png 1536w, https:\/\/lirolight.com\/wp-content\/uploads\/2025\/06\/\u5fae\u4fe1\u56fe\u7247_2025021914365011-2048x1785.png 2048w, https:\/\/lirolight.com\/wp-content\/uploads\/2025\/06\/\u5fae\u4fe1\u56fe\u7247_2025021914365011-14x12.png 14w, https:\/\/lirolight.com\/wp-content\/uploads\/2025\/06\/\u5fae\u4fe1\u56fe\u7247_2025021914365011-990x863.png 990w, https:\/\/lirolight.com\/wp-content\/uploads\/2025\/06\/\u5fae\u4fe1\u56fe\u7247_2025021914365011-441x384.png 441w, https:\/\/lirolight.com\/wp-content\/uploads\/2025\/06\/\u5fae\u4fe1\u56fe\u7247_2025021914365011-800x697.png 800w, https:\/\/lirolight.com\/wp-content\/uploads\/2025\/06\/\u5fae\u4fe1\u56fe\u7247_2025021914365011-150x131.png 150w, https:\/\/lirolight.com\/wp-content\/uploads\/2025\/06\/\u5fae\u4fe1\u56fe\u7247_2025021914365011-500x436.png 500w, https:\/\/lirolight.com\/wp-content\/uploads\/2025\/06\/\u5fae\u4fe1\u56fe\u7247_2025021914365011-46x40.png 46w\" data-sizes=\"(max-width: 1024px) 100vw, 1024px\" src=\"data:image\/gif;base64,R0lGODlhAQABAAAAACH5BAEKAAEALAAAAAABAAEAAAICTAEAOw==\" style=\"--smush-placeholder-width: 1024px; --smush-placeholder-aspect-ratio: 1024\/893;\" \/><noscript><img loading=\"lazy\" decoding=\"async\" width=\"1024\" height=\"893\" src=\"https:\/\/lirolight.com\/wp-content\/uploads\/2025\/06\/\u5fae\u4fe1\u56fe\u7247_2025021914365011-1024x893.png\" alt=\"\" class=\"wp-image-7295\" srcset=\"https:\/\/lirolight.com\/wp-content\/uploads\/2025\/06\/\u5fae\u4fe1\u56fe\u7247_2025021914365011-1024x893.png 1024w, https:\/\/lirolight.com\/wp-content\/uploads\/2025\/06\/\u5fae\u4fe1\u56fe\u7247_2025021914365011-300x262.png 300w, https:\/\/lirolight.com\/wp-content\/uploads\/2025\/06\/\u5fae\u4fe1\u56fe\u7247_2025021914365011-768x669.png 768w, https:\/\/lirolight.com\/wp-content\/uploads\/2025\/06\/\u5fae\u4fe1\u56fe\u7247_2025021914365011-1536x1339.png 1536w, https:\/\/lirolight.com\/wp-content\/uploads\/2025\/06\/\u5fae\u4fe1\u56fe\u7247_2025021914365011-2048x1785.png 2048w, https:\/\/lirolight.com\/wp-content\/uploads\/2025\/06\/\u5fae\u4fe1\u56fe\u7247_2025021914365011-14x12.png 14w, https:\/\/lirolight.com\/wp-content\/uploads\/2025\/06\/\u5fae\u4fe1\u56fe\u7247_2025021914365011-990x863.png 990w, https:\/\/lirolight.com\/wp-content\/uploads\/2025\/06\/\u5fae\u4fe1\u56fe\u7247_2025021914365011-441x384.png 441w, https:\/\/lirolight.com\/wp-content\/uploads\/2025\/06\/\u5fae\u4fe1\u56fe\u7247_2025021914365011-800x697.png 800w, https:\/\/lirolight.com\/wp-content\/uploads\/2025\/06\/\u5fae\u4fe1\u56fe\u7247_2025021914365011-150x131.png 150w, https:\/\/lirolight.com\/wp-content\/uploads\/2025\/06\/\u5fae\u4fe1\u56fe\u7247_2025021914365011-500x436.png 500w, https:\/\/lirolight.com\/wp-content\/uploads\/2025\/06\/\u5fae\u4fe1\u56fe\u7247_2025021914365011-46x40.png 46w\" sizes=\"(max-width: 1024px) 100vw, 1024px\" \/><\/noscript><\/figure>\n\n\n\n<h2 class=\"wp-block-heading\">Lien vid\u00e9o :<\/h2>\n\n\n\n<p><a href=\"https:\/\/www.instagram.com\/p\/DOIpd7lkg4_\" target=\"_blank\" rel=\"noopener\">https:\/\/www.instagram.com\/p\/DOIpd7lkg4_<\/a><\/p>","protected":false},"excerpt":{"rendered":"<p>Le B-EYE 1940 IP est un projecteur ext\u00e9rieur puissant \u00e0 t\u00eate mobile avec 19 LED RGBW de 40 W, offrant un angle de zoom de 4 \u00e0 45\u00b0. Sa plage de temp\u00e9rature de couleur est de 2500 K \u00e0 10000 K, et il a des effets dynamiques tels que le \"vortex\" et le \"kal\u00e9idoscope\". Coque en alliage de magn\u00e9sium pour une meilleure dissipation de la chaleur<\/p>\n<p>&nbsp;<\/p>","protected":false},"featured_media":7293,"comment_status":"open","ping_status":"closed","template":"","meta":[],"product_brand":[],"product_cat":[51,53],"product_tag":[],"class_list":{"0":"post-7301","1":"product","2":"type-product","3":"status-publish","4":"has-post-thumbnail","6":"product_cat-waterproof-series","7":"product_cat-ip-wash","9":"first","10":"instock","11":"shipping-taxable","12":"product-type-simple"},"_links":{"self":[{"href":"https:\/\/lirolight.com\/fr\/wp-json\/wp\/v2\/product\/7301","targetHints":{"allow":["GET"]}}],"collection":[{"href":"https:\/\/lirolight.com\/fr\/wp-json\/wp\/v2\/product"}],"about":[{"href":"https:\/\/lirolight.com\/fr\/wp-json\/wp\/v2\/types\/product"}],"replies":[{"embeddable":true,"href":"https:\/\/lirolight.com\/fr\/wp-json\/wp\/v2\/comments?post=7301"}],"version-history":[{"count":7,"href":"https:\/\/lirolight.com\/fr\/wp-json\/wp\/v2\/product\/7301\/revisions"}],"predecessor-version":[{"id":10647,"href":"https:\/\/lirolight.com\/fr\/wp-json\/wp\/v2\/product\/7301\/revisions\/10647"}],"wp:featuredmedia":[{"embeddable":true,"href":"https:\/\/lirolight.com\/fr\/wp-json\/wp\/v2\/media\/7293"}],"wp:attachment":[{"href":"https:\/\/lirolight.com\/fr\/wp-json\/wp\/v2\/media?parent=7301"}],"wp:term":[{"taxonomy":"product_brand","embeddable":true,"href":"https:\/\/lirolight.com\/fr\/wp-json\/wp\/v2\/product_brand?post=7301"},{"taxonomy":"product_cat","embeddable":true,"href":"https:\/\/lirolight.com\/fr\/wp-json\/wp\/v2\/product_cat?post=7301"},{"taxonomy":"product_tag","embeddable":true,"href":"https:\/\/lirolight.com\/fr\/wp-json\/wp\/v2\/product_tag?post=7301"}],"curies":[{"name":"wp","href":"https:\/\/api.w.org\/{rel}","templated":true}]}}