{"id":7467,"date":"2025-06-12T10:55:47","date_gmt":"2025-06-12T10:55:47","guid":{"rendered":"https:\/\/lirolight.com\/?post_type=product&#038;p=7467"},"modified":"2026-01-14T02:11:31","modified_gmt":"2026-01-14T02:11:31","slug":"outdoor-waterproof-curtain-light-72pcs4w-disco-bar-club-ip66-led-wall-washer-rgbw-4in1-stage-background-light-bar","status":"publish","type":"product","link":"https:\/\/lirolight.com\/fr\/produit\/outdoor-waterproof-curtain-light-72pcs4w-disco-bar-club-ip66-led-wall-washer-rgbw-4in1-stage-background-light-bar\/","title":{"rendered":"LiRO-LITE Outdoor Waterproof Curtain Light 72PCS*4W Disco Bar Club IP66 LED Wall Washer RGBW 4in1 Stage Background Light Bar"},"content":{"rendered":"<h2 class=\"wp-block-heading\">IP CURTAIN BAR<\/h2>\n\n\n\n<hr class=\"wp-block-separator has-alpha-channel-opacity\"\/>\n\n\n\n<h2 class=\"wp-block-heading\">Photos :<\/h2>\n\n\n\n<figure class=\"wp-block-image size-large\"><img fetchpriority=\"high\" decoding=\"async\" width=\"1024\" height=\"1024\" src=\"https:\/\/lirolight.com\/wp-content\/uploads\/2025\/06\/7-2-1024x1024.jpg\" alt=\"\" class=\"wp-image-7468\" srcset=\"https:\/\/lirolight.com\/wp-content\/uploads\/2025\/06\/7-2-1024x1024.jpg 1024w, https:\/\/lirolight.com\/wp-content\/uploads\/2025\/06\/7-2-300x300.jpg 300w, https:\/\/lirolight.com\/wp-content\/uploads\/2025\/06\/7-2-150x150.jpg 150w, https:\/\/lirolight.com\/wp-content\/uploads\/2025\/06\/7-2-768x768.jpg 768w, https:\/\/lirolight.com\/wp-content\/uploads\/2025\/06\/7-2-12x12.jpg 12w, https:\/\/lirolight.com\/wp-content\/uploads\/2025\/06\/7-2-990x990.jpg 990w, https:\/\/lirolight.com\/wp-content\/uploads\/2025\/06\/7-2-441x441.jpg 441w, https:\/\/lirolight.com\/wp-content\/uploads\/2025\/06\/7-2-100x100.jpg 100w, https:\/\/lirolight.com\/wp-content\/uploads\/2025\/06\/7-2-800x800.jpg 800w, https:\/\/lirolight.com\/wp-content\/uploads\/2025\/06\/7-2-500x500.jpg 500w, https:\/\/lirolight.com\/wp-content\/uploads\/2025\/06\/7-2-40x40.jpg 40w, https:\/\/lirolight.com\/wp-content\/uploads\/2025\/06\/7-2.jpg 1500w\" sizes=\"(max-width: 1024px) 100vw, 1024px\" \/><\/figure>\n\n\n\n<figure class=\"wp-block-image size-full is-resized\"><img decoding=\"async\" width=\"1500\" height=\"1500\" data-src=\"https:\/\/lirolight.com\/wp-content\/uploads\/2025\/06\/6-1.jpg\" alt=\"\" class=\"wp-image-7469 lazyload\" style=\"--smush-placeholder-width: 1500px; --smush-placeholder-aspect-ratio: 1500\/1500;width:852px;height:auto\" data-srcset=\"https:\/\/lirolight.com\/wp-content\/uploads\/2025\/06\/6-1.jpg 1500w, https:\/\/lirolight.com\/wp-content\/uploads\/2025\/06\/6-1-300x300.jpg 300w, https:\/\/lirolight.com\/wp-content\/uploads\/2025\/06\/6-1-1024x1024.jpg 1024w, https:\/\/lirolight.com\/wp-content\/uploads\/2025\/06\/6-1-150x150.jpg 150w, https:\/\/lirolight.com\/wp-content\/uploads\/2025\/06\/6-1-768x768.jpg 768w, https:\/\/lirolight.com\/wp-content\/uploads\/2025\/06\/6-1-12x12.jpg 12w, https:\/\/lirolight.com\/wp-content\/uploads\/2025\/06\/6-1-990x990.jpg 990w, https:\/\/lirolight.com\/wp-content\/uploads\/2025\/06\/6-1-441x441.jpg 441w, https:\/\/lirolight.com\/wp-content\/uploads\/2025\/06\/6-1-100x100.jpg 100w, https:\/\/lirolight.com\/wp-content\/uploads\/2025\/06\/6-1-800x800.jpg 800w, https:\/\/lirolight.com\/wp-content\/uploads\/2025\/06\/6-1-500x500.jpg 500w, https:\/\/lirolight.com\/wp-content\/uploads\/2025\/06\/6-1-40x40.jpg 40w\" data-sizes=\"(max-width: 1500px) 100vw, 1500px\" src=\"data:image\/gif;base64,R0lGODlhAQABAAAAACH5BAEKAAEALAAAAAABAAEAAAICTAEAOw==\" \/><noscript><img decoding=\"async\" width=\"1500\" height=\"1500\" src=\"https:\/\/lirolight.com\/wp-content\/uploads\/2025\/06\/6-1.jpg\" alt=\"\" class=\"wp-image-7469\" style=\"width:852px;height:auto\" srcset=\"https:\/\/lirolight.com\/wp-content\/uploads\/2025\/06\/6-1.jpg 1500w, https:\/\/lirolight.com\/wp-content\/uploads\/2025\/06\/6-1-300x300.jpg 300w, https:\/\/lirolight.com\/wp-content\/uploads\/2025\/06\/6-1-1024x1024.jpg 1024w, https:\/\/lirolight.com\/wp-content\/uploads\/2025\/06\/6-1-150x150.jpg 150w, https:\/\/lirolight.com\/wp-content\/uploads\/2025\/06\/6-1-768x768.jpg 768w, https:\/\/lirolight.com\/wp-content\/uploads\/2025\/06\/6-1-12x12.jpg 12w, https:\/\/lirolight.com\/wp-content\/uploads\/2025\/06\/6-1-990x990.jpg 990w, https:\/\/lirolight.com\/wp-content\/uploads\/2025\/06\/6-1-441x441.jpg 441w, https:\/\/lirolight.com\/wp-content\/uploads\/2025\/06\/6-1-100x100.jpg 100w, https:\/\/lirolight.com\/wp-content\/uploads\/2025\/06\/6-1-800x800.jpg 800w, https:\/\/lirolight.com\/wp-content\/uploads\/2025\/06\/6-1-500x500.jpg 500w, https:\/\/lirolight.com\/wp-content\/uploads\/2025\/06\/6-1-40x40.jpg 40w\" sizes=\"(max-width: 1500px) 100vw, 1500px\" \/><\/noscript><\/figure>\n\n\n\n<figure class=\"wp-block-image size-large is-resized\"><img decoding=\"async\" width=\"1024\" height=\"1024\" data-src=\"https:\/\/lirolight.com\/wp-content\/uploads\/2025\/06\/5-1-1024x1024.jpg\" alt=\"\" class=\"wp-image-7470 lazyload\" style=\"--smush-placeholder-width: 1024px; --smush-placeholder-aspect-ratio: 1024\/1024;width:857px;height:auto\" data-srcset=\"https:\/\/lirolight.com\/wp-content\/uploads\/2025\/06\/5-1-1024x1024.jpg 1024w, https:\/\/lirolight.com\/wp-content\/uploads\/2025\/06\/5-1-300x300.jpg 300w, https:\/\/lirolight.com\/wp-content\/uploads\/2025\/06\/5-1-150x150.jpg 150w, https:\/\/lirolight.com\/wp-content\/uploads\/2025\/06\/5-1-768x768.jpg 768w, https:\/\/lirolight.com\/wp-content\/uploads\/2025\/06\/5-1-12x12.jpg 12w, https:\/\/lirolight.com\/wp-content\/uploads\/2025\/06\/5-1-990x990.jpg 990w, https:\/\/lirolight.com\/wp-content\/uploads\/2025\/06\/5-1-441x441.jpg 441w, https:\/\/lirolight.com\/wp-content\/uploads\/2025\/06\/5-1-100x100.jpg 100w, https:\/\/lirolight.com\/wp-content\/uploads\/2025\/06\/5-1-800x800.jpg 800w, https:\/\/lirolight.com\/wp-content\/uploads\/2025\/06\/5-1-500x500.jpg 500w, https:\/\/lirolight.com\/wp-content\/uploads\/2025\/06\/5-1-40x40.jpg 40w, https:\/\/lirolight.com\/wp-content\/uploads\/2025\/06\/5-1.jpg 1500w\" data-sizes=\"(max-width: 1024px) 100vw, 1024px\" src=\"data:image\/gif;base64,R0lGODlhAQABAAAAACH5BAEKAAEALAAAAAABAAEAAAICTAEAOw==\" \/><noscript><img decoding=\"async\" width=\"1024\" height=\"1024\" src=\"https:\/\/lirolight.com\/wp-content\/uploads\/2025\/06\/5-1-1024x1024.jpg\" alt=\"\" class=\"wp-image-7470\" style=\"width:857px;height:auto\" srcset=\"https:\/\/lirolight.com\/wp-content\/uploads\/2025\/06\/5-1-1024x1024.jpg 1024w, https:\/\/lirolight.com\/wp-content\/uploads\/2025\/06\/5-1-300x300.jpg 300w, https:\/\/lirolight.com\/wp-content\/uploads\/2025\/06\/5-1-150x150.jpg 150w, https:\/\/lirolight.com\/wp-content\/uploads\/2025\/06\/5-1-768x768.jpg 768w, https:\/\/lirolight.com\/wp-content\/uploads\/2025\/06\/5-1-12x12.jpg 12w, https:\/\/lirolight.com\/wp-content\/uploads\/2025\/06\/5-1-990x990.jpg 990w, https:\/\/lirolight.com\/wp-content\/uploads\/2025\/06\/5-1-441x441.jpg 441w, https:\/\/lirolight.com\/wp-content\/uploads\/2025\/06\/5-1-100x100.jpg 100w, https:\/\/lirolight.com\/wp-content\/uploads\/2025\/06\/5-1-800x800.jpg 800w, https:\/\/lirolight.com\/wp-content\/uploads\/2025\/06\/5-1-500x500.jpg 500w, https:\/\/lirolight.com\/wp-content\/uploads\/2025\/06\/5-1-40x40.jpg 40w, https:\/\/lirolight.com\/wp-content\/uploads\/2025\/06\/5-1.jpg 1500w\" sizes=\"(max-width: 1024px) 100vw, 1024px\" \/><\/noscript><\/figure>\n\n\n\n<div class=\"wp-block-columns is-layout-flex wp-container-core-columns-is-layout-28f84493 wp-block-columns-is-layout-flex\">\n<div class=\"wp-block-column is-layout-flow wp-block-column-is-layout-flow\">\n<figure class=\"wp-block-image size-large\"><img loading=\"lazy\" decoding=\"async\" width=\"1024\" height=\"1024\" data-src=\"https:\/\/lirolight.com\/wp-content\/uploads\/2025\/06\/C23-1024x1024.jpg\" alt=\"\" class=\"wp-image-7471 lazyload\" data-srcset=\"https:\/\/lirolight.com\/wp-content\/uploads\/2025\/06\/C23-1024x1024.jpg 1024w, https:\/\/lirolight.com\/wp-content\/uploads\/2025\/06\/C23-300x300.jpg 300w, https:\/\/lirolight.com\/wp-content\/uploads\/2025\/06\/C23-150x150.jpg 150w, https:\/\/lirolight.com\/wp-content\/uploads\/2025\/06\/C23-768x768.jpg 768w, https:\/\/lirolight.com\/wp-content\/uploads\/2025\/06\/C23-1536x1536.jpg 1536w, https:\/\/lirolight.com\/wp-content\/uploads\/2025\/06\/C23-12x12.jpg 12w, https:\/\/lirolight.com\/wp-content\/uploads\/2025\/06\/C23-990x990.jpg 990w, https:\/\/lirolight.com\/wp-content\/uploads\/2025\/06\/C23-441x441.jpg 441w, https:\/\/lirolight.com\/wp-content\/uploads\/2025\/06\/C23-100x100.jpg 100w, https:\/\/lirolight.com\/wp-content\/uploads\/2025\/06\/C23-800x800.jpg 800w, https:\/\/lirolight.com\/wp-content\/uploads\/2025\/06\/C23-500x500.jpg 500w, https:\/\/lirolight.com\/wp-content\/uploads\/2025\/06\/C23-40x40.jpg 40w, https:\/\/lirolight.com\/wp-content\/uploads\/2025\/06\/C23.jpg 2000w\" data-sizes=\"(max-width: 1024px) 100vw, 1024px\" src=\"data:image\/gif;base64,R0lGODlhAQABAAAAACH5BAEKAAEALAAAAAABAAEAAAICTAEAOw==\" style=\"--smush-placeholder-width: 1024px; --smush-placeholder-aspect-ratio: 1024\/1024;\" \/><noscript><img loading=\"lazy\" decoding=\"async\" width=\"1024\" height=\"1024\" src=\"https:\/\/lirolight.com\/wp-content\/uploads\/2025\/06\/C23-1024x1024.jpg\" alt=\"\" class=\"wp-image-7471\" srcset=\"https:\/\/lirolight.com\/wp-content\/uploads\/2025\/06\/C23-1024x1024.jpg 1024w, https:\/\/lirolight.com\/wp-content\/uploads\/2025\/06\/C23-300x300.jpg 300w, https:\/\/lirolight.com\/wp-content\/uploads\/2025\/06\/C23-150x150.jpg 150w, https:\/\/lirolight.com\/wp-content\/uploads\/2025\/06\/C23-768x768.jpg 768w, https:\/\/lirolight.com\/wp-content\/uploads\/2025\/06\/C23-1536x1536.jpg 1536w, https:\/\/lirolight.com\/wp-content\/uploads\/2025\/06\/C23-12x12.jpg 12w, https:\/\/lirolight.com\/wp-content\/uploads\/2025\/06\/C23-990x990.jpg 990w, https:\/\/lirolight.com\/wp-content\/uploads\/2025\/06\/C23-441x441.jpg 441w, https:\/\/lirolight.com\/wp-content\/uploads\/2025\/06\/C23-100x100.jpg 100w, https:\/\/lirolight.com\/wp-content\/uploads\/2025\/06\/C23-800x800.jpg 800w, https:\/\/lirolight.com\/wp-content\/uploads\/2025\/06\/C23-500x500.jpg 500w, https:\/\/lirolight.com\/wp-content\/uploads\/2025\/06\/C23-40x40.jpg 40w, https:\/\/lirolight.com\/wp-content\/uploads\/2025\/06\/C23.jpg 2000w\" sizes=\"(max-width: 1024px) 100vw, 1024px\" \/><\/noscript><\/figure>\n<\/div>\n<\/div>\n\n\n\n<h2 class=\"wp-block-heading\">Sp\u00e9cification :<\/h2>\n\n\n\n<ul class=\"wp-block-list\">\n<li><strong>Source lumineuse<\/strong><\/li>\n\n\n\n<li>72x4W RGBW LED<\/li>\n\n\n\n<li>Angle du faisceau : 3\u00b0.&nbsp;<\/li>\n\n\n\n<li>Syst\u00e8me optique : syst\u00e8me optique \u00e0 petit angle et \u00e0 haute transparence<\/li>\n\n\n\n<li><strong>Contr\u00f4le et programme<\/strong><\/li>\n\n\n\n<li>4 boutons tactiles<\/li>\n\n\n\n<li>Panneau de commande : \u00c9cran d'affichage OLED<\/li>\n\n\n\n<li>Mode de contr\u00f4le : DMX512, RDM<\/li>\n\n\n\n<li>Mode de canal DMX : 4<\/li>\n\n\n\n<li>Canaux de contr\u00f4le : 9\/41\/144\/153<\/li>\n\n\n\n<li>Mise \u00e0 jour du logiciel : mise \u00e0 jour du logiciel par le biais d'une connexion DMX<\/li>\n\n\n\n<li><strong>\u00c9lectricit\u00e9 et interface<\/strong><\/li>\n\n\n\n<li>Tension d'entr\u00e9e : 110-240V~50\/60Hz<\/li>\n\n\n\n<li>Puissance : 400 W<\/li>\n\n\n\n<li>Prise d'alimentation : connecteur d'alimentation \u00e9tanche entr\u00e9e\/sortie<\/li>\n\n\n\n<li>Interface de signal : Entr\u00e9e\/sortie de la prise \u00e9tanche XLR \u00e0 3 broches (5 broches)<\/li>\n\n\n\n<li>Dimention:100.2*14.2*9cm<\/li>\n\n\n\n<li>Poids net :8kg<\/li>\n\n\n\n<li>Taux de protection : IP66<\/li>\n\n\n\n<li><strong>Installer<\/strong><\/li>\n\n\n\n<li>Peut \u00eatre install\u00e9 horizontalement ou verticalement<\/li>\n\n\n\n<li>Trou de connexion du c\u00e2ble de s\u00e9curit\u00e9<\/li>\n\n\n\n<li>Peut \u00eatre cousu \u00e0 gauche et \u00e0 droite<\/li>\n\n\n\n<li><strong>Accessoires en option<\/strong><\/li>\n\n\n\n<li>Pi\u00e8ces de jonction sup\u00e9rieures et inf\u00e9rieures<\/li>\n\n\n\n<li><strong>Filtre de diffusion\uff08Optionnel, veuillez nous contacter si n\u00e9cessaire\uff09<\/strong><\/li>\n\n\n\n<li>Cadre permanent<\/li>\n<\/ul>\n\n\n\n<h2 class=\"wp-block-heading\">Param\u00e8tres :<\/h2>\n\n\n\n<figure class=\"wp-block-table\"><table class=\"has-fixed-layout\"><tbody><tr><td>Tension large<\/td><td>AC100-240V, 50\/60Hz<\/td><\/tr><tr><td>Dur\u00e9e de vie<\/td><td>50 000 heures<\/td><\/tr><tr><td>Source LED<\/td><td>72x4W RGBW LED<\/td><\/tr><tr><td>Angle du faisceau<\/td><td>3\u00b0<\/td><\/tr><tr><td>Canaux DMX<\/td><td>9\/41\/144\/153<\/td><\/tr><tr><td>Connecteur DMX<\/td><td>Prise \u00e9tanche XLR \u00e0 3 broches (5 broches)<\/td><\/tr><tr><td>Mode de connexion<\/td><td>DMX, RDM, ma\u00eetre\/esclave, son actif, auto<\/td><\/tr><tr><td>Prise de courant<\/td><td>connecteur d'alimentation \u00e9tanche entr\u00e9e\/sortie<\/td><\/tr><tr><td>Indice de protection IP<\/td><td>IP66<\/td><\/tr><\/tbody><\/table><\/figure>\n\n\n\n<h2 class=\"wp-block-heading\">Heure du spectacle.<\/h2>\n\n\n\n<figure class=\"wp-block-image size-large\"><img loading=\"lazy\" decoding=\"async\" width=\"1024\" height=\"683\" data-src=\"https:\/\/lirolight.com\/wp-content\/uploads\/2025\/06\/111-1024x683.jpg\" alt=\"\" class=\"wp-image-7472 lazyload\" data-srcset=\"https:\/\/lirolight.com\/wp-content\/uploads\/2025\/06\/111-1024x683.jpg 1024w, https:\/\/lirolight.com\/wp-content\/uploads\/2025\/06\/111-300x200.jpg 300w, https:\/\/lirolight.com\/wp-content\/uploads\/2025\/06\/111-768x512.jpg 768w, https:\/\/lirolight.com\/wp-content\/uploads\/2025\/06\/111-1536x1024.jpg 1536w, https:\/\/lirolight.com\/wp-content\/uploads\/2025\/06\/111-18x12.jpg 18w, https:\/\/lirolight.com\/wp-content\/uploads\/2025\/06\/111-990x660.jpg 990w, https:\/\/lirolight.com\/wp-content\/uploads\/2025\/06\/111-441x294.jpg 441w, https:\/\/lirolight.com\/wp-content\/uploads\/2025\/06\/111-800x533.jpg 800w, https:\/\/lirolight.com\/wp-content\/uploads\/2025\/06\/111-150x100.jpg 150w, https:\/\/lirolight.com\/wp-content\/uploads\/2025\/06\/111-500x333.jpg 500w, https:\/\/lirolight.com\/wp-content\/uploads\/2025\/06\/111-60x40.jpg 60w, https:\/\/lirolight.com\/wp-content\/uploads\/2025\/06\/111.jpg 2048w\" data-sizes=\"(max-width: 1024px) 100vw, 1024px\" src=\"data:image\/gif;base64,R0lGODlhAQABAAAAACH5BAEKAAEALAAAAAABAAEAAAICTAEAOw==\" style=\"--smush-placeholder-width: 1024px; --smush-placeholder-aspect-ratio: 1024\/683;\" \/><noscript><img loading=\"lazy\" decoding=\"async\" width=\"1024\" height=\"683\" src=\"https:\/\/lirolight.com\/wp-content\/uploads\/2025\/06\/111-1024x683.jpg\" alt=\"\" class=\"wp-image-7472\" srcset=\"https:\/\/lirolight.com\/wp-content\/uploads\/2025\/06\/111-1024x683.jpg 1024w, https:\/\/lirolight.com\/wp-content\/uploads\/2025\/06\/111-300x200.jpg 300w, https:\/\/lirolight.com\/wp-content\/uploads\/2025\/06\/111-768x512.jpg 768w, https:\/\/lirolight.com\/wp-content\/uploads\/2025\/06\/111-1536x1024.jpg 1536w, https:\/\/lirolight.com\/wp-content\/uploads\/2025\/06\/111-18x12.jpg 18w, https:\/\/lirolight.com\/wp-content\/uploads\/2025\/06\/111-990x660.jpg 990w, https:\/\/lirolight.com\/wp-content\/uploads\/2025\/06\/111-441x294.jpg 441w, https:\/\/lirolight.com\/wp-content\/uploads\/2025\/06\/111-800x533.jpg 800w, https:\/\/lirolight.com\/wp-content\/uploads\/2025\/06\/111-150x100.jpg 150w, https:\/\/lirolight.com\/wp-content\/uploads\/2025\/06\/111-500x333.jpg 500w, https:\/\/lirolight.com\/wp-content\/uploads\/2025\/06\/111-60x40.jpg 60w, https:\/\/lirolight.com\/wp-content\/uploads\/2025\/06\/111.jpg 2048w\" sizes=\"(max-width: 1024px) 100vw, 1024px\" \/><\/noscript><\/figure>\n\n\n\n<figure class=\"wp-block-image size-large\"><img loading=\"lazy\" decoding=\"async\" width=\"1024\" height=\"683\" data-src=\"https:\/\/lirolight.com\/wp-content\/uploads\/2025\/06\/114-1024x683.jpg\" alt=\"\" class=\"wp-image-7473 lazyload\" data-srcset=\"https:\/\/lirolight.com\/wp-content\/uploads\/2025\/06\/114-1024x683.jpg 1024w, https:\/\/lirolight.com\/wp-content\/uploads\/2025\/06\/114-300x200.jpg 300w, https:\/\/lirolight.com\/wp-content\/uploads\/2025\/06\/114-768x512.jpg 768w, https:\/\/lirolight.com\/wp-content\/uploads\/2025\/06\/114-1536x1024.jpg 1536w, https:\/\/lirolight.com\/wp-content\/uploads\/2025\/06\/114-18x12.jpg 18w, https:\/\/lirolight.com\/wp-content\/uploads\/2025\/06\/114-990x660.jpg 990w, https:\/\/lirolight.com\/wp-content\/uploads\/2025\/06\/114-441x294.jpg 441w, https:\/\/lirolight.com\/wp-content\/uploads\/2025\/06\/114-800x533.jpg 800w, https:\/\/lirolight.com\/wp-content\/uploads\/2025\/06\/114-150x100.jpg 150w, https:\/\/lirolight.com\/wp-content\/uploads\/2025\/06\/114-500x333.jpg 500w, https:\/\/lirolight.com\/wp-content\/uploads\/2025\/06\/114-60x40.jpg 60w, https:\/\/lirolight.com\/wp-content\/uploads\/2025\/06\/114.jpg 2048w\" data-sizes=\"(max-width: 1024px) 100vw, 1024px\" src=\"data:image\/gif;base64,R0lGODlhAQABAAAAACH5BAEKAAEALAAAAAABAAEAAAICTAEAOw==\" style=\"--smush-placeholder-width: 1024px; --smush-placeholder-aspect-ratio: 1024\/683;\" \/><noscript><img loading=\"lazy\" decoding=\"async\" width=\"1024\" height=\"683\" src=\"https:\/\/lirolight.com\/wp-content\/uploads\/2025\/06\/114-1024x683.jpg\" alt=\"\" class=\"wp-image-7473\" srcset=\"https:\/\/lirolight.com\/wp-content\/uploads\/2025\/06\/114-1024x683.jpg 1024w, https:\/\/lirolight.com\/wp-content\/uploads\/2025\/06\/114-300x200.jpg 300w, https:\/\/lirolight.com\/wp-content\/uploads\/2025\/06\/114-768x512.jpg 768w, https:\/\/lirolight.com\/wp-content\/uploads\/2025\/06\/114-1536x1024.jpg 1536w, https:\/\/lirolight.com\/wp-content\/uploads\/2025\/06\/114-18x12.jpg 18w, https:\/\/lirolight.com\/wp-content\/uploads\/2025\/06\/114-990x660.jpg 990w, https:\/\/lirolight.com\/wp-content\/uploads\/2025\/06\/114-441x294.jpg 441w, https:\/\/lirolight.com\/wp-content\/uploads\/2025\/06\/114-800x533.jpg 800w, https:\/\/lirolight.com\/wp-content\/uploads\/2025\/06\/114-150x100.jpg 150w, https:\/\/lirolight.com\/wp-content\/uploads\/2025\/06\/114-500x333.jpg 500w, https:\/\/lirolight.com\/wp-content\/uploads\/2025\/06\/114-60x40.jpg 60w, https:\/\/lirolight.com\/wp-content\/uploads\/2025\/06\/114.jpg 2048w\" sizes=\"(max-width: 1024px) 100vw, 1024px\" \/><\/noscript><\/figure>\n\n\n\n<figure class=\"wp-block-image size-large\"><img loading=\"lazy\" decoding=\"async\" width=\"1024\" height=\"683\" data-src=\"https:\/\/lirolight.com\/wp-content\/uploads\/2025\/06\/115-1024x683.jpg\" alt=\"\" class=\"wp-image-7474 lazyload\" data-srcset=\"https:\/\/lirolight.com\/wp-content\/uploads\/2025\/06\/115-1024x683.jpg 1024w, https:\/\/lirolight.com\/wp-content\/uploads\/2025\/06\/115-300x200.jpg 300w, https:\/\/lirolight.com\/wp-content\/uploads\/2025\/06\/115-768x512.jpg 768w, https:\/\/lirolight.com\/wp-content\/uploads\/2025\/06\/115-18x12.jpg 18w, https:\/\/lirolight.com\/wp-content\/uploads\/2025\/06\/115-990x660.jpg 990w, https:\/\/lirolight.com\/wp-content\/uploads\/2025\/06\/115-441x294.jpg 441w, https:\/\/lirolight.com\/wp-content\/uploads\/2025\/06\/115-800x533.jpg 800w, https:\/\/lirolight.com\/wp-content\/uploads\/2025\/06\/115-150x100.jpg 150w, https:\/\/lirolight.com\/wp-content\/uploads\/2025\/06\/115-500x333.jpg 500w, https:\/\/lirolight.com\/wp-content\/uploads\/2025\/06\/115-60x40.jpg 60w, https:\/\/lirolight.com\/wp-content\/uploads\/2025\/06\/115.jpg 1440w\" data-sizes=\"(max-width: 1024px) 100vw, 1024px\" src=\"data:image\/gif;base64,R0lGODlhAQABAAAAACH5BAEKAAEALAAAAAABAAEAAAICTAEAOw==\" style=\"--smush-placeholder-width: 1024px; --smush-placeholder-aspect-ratio: 1024\/683;\" \/><noscript><img loading=\"lazy\" decoding=\"async\" width=\"1024\" height=\"683\" src=\"https:\/\/lirolight.com\/wp-content\/uploads\/2025\/06\/115-1024x683.jpg\" alt=\"\" class=\"wp-image-7474\" srcset=\"https:\/\/lirolight.com\/wp-content\/uploads\/2025\/06\/115-1024x683.jpg 1024w, https:\/\/lirolight.com\/wp-content\/uploads\/2025\/06\/115-300x200.jpg 300w, https:\/\/lirolight.com\/wp-content\/uploads\/2025\/06\/115-768x512.jpg 768w, https:\/\/lirolight.com\/wp-content\/uploads\/2025\/06\/115-18x12.jpg 18w, https:\/\/lirolight.com\/wp-content\/uploads\/2025\/06\/115-990x660.jpg 990w, https:\/\/lirolight.com\/wp-content\/uploads\/2025\/06\/115-441x294.jpg 441w, https:\/\/lirolight.com\/wp-content\/uploads\/2025\/06\/115-800x533.jpg 800w, https:\/\/lirolight.com\/wp-content\/uploads\/2025\/06\/115-150x100.jpg 150w, https:\/\/lirolight.com\/wp-content\/uploads\/2025\/06\/115-500x333.jpg 500w, https:\/\/lirolight.com\/wp-content\/uploads\/2025\/06\/115-60x40.jpg 60w, https:\/\/lirolight.com\/wp-content\/uploads\/2025\/06\/115.jpg 1440w\" sizes=\"(max-width: 1024px) 100vw, 1024px\" \/><\/noscript><\/figure>","protected":false},"excerpt":{"rendered":"<p>La barre de rideau IP est un rideau lumineux ext\u00e9rieur \u00e9tanche de grande puissance, \u00e9quip\u00e9 de 72 LED RGBW de 4 W avec un angle de rayonnement pr\u00e9cis de 3 \u00b0. Le joint d'\u00e9pissure int\u00e9gr\u00e9 facilite l'assemblage et l'expansion, permettant aux utilisateurs de connecter plusieurs unit\u00e9s pour former un rideau lumineux plus grand et plus coh\u00e9rent.<\/p>","protected":false},"featured_media":7468,"comment_status":"open","ping_status":"closed","template":"","meta":[],"product_brand":[],"product_cat":[66],"product_tag":[78],"class_list":{"0":"post-7467","1":"product","2":"type-product","3":"status-publish","4":"has-post-thumbnail","6":"product_cat-ip-strobe-bar","7":"product_tag-strobe","9":"first","10":"instock","11":"shipping-taxable","12":"product-type-simple"},"_links":{"self":[{"href":"https:\/\/lirolight.com\/fr\/wp-json\/wp\/v2\/product\/7467","targetHints":{"allow":["GET"]}}],"collection":[{"href":"https:\/\/lirolight.com\/fr\/wp-json\/wp\/v2\/product"}],"about":[{"href":"https:\/\/lirolight.com\/fr\/wp-json\/wp\/v2\/types\/product"}],"replies":[{"embeddable":true,"href":"https:\/\/lirolight.com\/fr\/wp-json\/wp\/v2\/comments?post=7467"}],"version-history":[{"count":3,"href":"https:\/\/lirolight.com\/fr\/wp-json\/wp\/v2\/product\/7467\/revisions"}],"predecessor-version":[{"id":10553,"href":"https:\/\/lirolight.com\/fr\/wp-json\/wp\/v2\/product\/7467\/revisions\/10553"}],"wp:featuredmedia":[{"embeddable":true,"href":"https:\/\/lirolight.com\/fr\/wp-json\/wp\/v2\/media\/7468"}],"wp:attachment":[{"href":"https:\/\/lirolight.com\/fr\/wp-json\/wp\/v2\/media?parent=7467"}],"wp:term":[{"taxonomy":"product_brand","embeddable":true,"href":"https:\/\/lirolight.com\/fr\/wp-json\/wp\/v2\/product_brand?post=7467"},{"taxonomy":"product_cat","embeddable":true,"href":"https:\/\/lirolight.com\/fr\/wp-json\/wp\/v2\/product_cat?post=7467"},{"taxonomy":"product_tag","embeddable":true,"href":"https:\/\/lirolight.com\/fr\/wp-json\/wp\/v2\/product_tag?post=7467"}],"curies":[{"name":"wp","href":"https:\/\/api.w.org\/{rel}","templated":true}]}}