{"id":7630,"date":"2025-06-17T08:36:05","date_gmt":"2025-06-17T08:36:05","guid":{"rendered":"https:\/\/lirolight.com\/?post_type=product&#038;p=7630"},"modified":"2026-01-14T02:38:44","modified_gmt":"2026-01-14T02:38:44","slug":"5x5-25pcs12w-matrix-rgbw-4in1-led-wash-moving-head-light-wall-washer-led-moving-head-matrix-stage-light","status":"publish","type":"product","link":"https:\/\/lirolight.com\/fr\/produit\/5x5-25pcs12w-matrix-rgbw-4in1-led-wash-moving-head-light-wall-washer-led-moving-head-matrix-stage-light\/","title":{"rendered":"LiRO-LITE 5\u00d75 25pcs*12W Matrix RGBW 4in1 Led Wash Moving Head Light Wall Washer LED Moving Head Matrix Stage Light\u00a0"},"content":{"rendered":"<h2 class=\"wp-block-heading\"><strong><mark style=\"background-color:#000000\" class=\"has-inline-color has-white-color\">LR-WASH Matrix25<\/mark><\/strong><\/h2>\n\n\n\n<div class=\"wp-block-columns is-layout-flex wp-container-core-columns-is-layout-28f84493 wp-block-columns-is-layout-flex\">\n<div class=\"wp-block-column is-layout-flow wp-block-column-is-layout-flow\">\n<p>1. chaque LED est contr\u00f4lable individuellement pour offrir plus d'options de conception.<br>2. mouvement Pan\/Tilt illimit\u00e9 et super rapide pour un effet plus dynamique.&nbsp;<br>3. tr\u00e8s faible bruit avec 117 canaux pour une exp\u00e9rience sans pr\u00e9c\u00e9dent.<br>4. l'excellent faisceau de lumi\u00e8re et l'effet de lumi\u00e8re pour les grands \u00e9v\u00e9nements et les clubs de haut niveau, les bars, etc.<\/p>\n<\/div>\n<\/div>\n\n\n\n<hr class=\"wp-block-separator has-alpha-channel-opacity\"\/>\n\n\n\n<h2 class=\"wp-block-heading\">Photos :<\/h2>\n\n\n\n<div class=\"wp-block-columns is-layout-flex wp-container-core-columns-is-layout-28f84493 wp-block-columns-is-layout-flex\">\n<div class=\"wp-block-column is-layout-flow wp-block-column-is-layout-flow\">\n<div class=\"wp-block-columns is-layout-flex wp-container-core-columns-is-layout-28f84493 wp-block-columns-is-layout-flex\">\n<div class=\"wp-block-column is-layout-flow wp-block-column-is-layout-flow\" style=\"flex-basis:66.66%\">\n<figure class=\"wp-block-image size-full\"><img fetchpriority=\"high\" decoding=\"async\" width=\"1000\" height=\"1000\" src=\"https:\/\/lirolight.com\/wp-content\/uploads\/2025\/06\/\u539f\u56fe1.png\" alt=\"\" class=\"wp-image-7631\" srcset=\"https:\/\/lirolight.com\/wp-content\/uploads\/2025\/06\/\u539f\u56fe1.png 1000w, https:\/\/lirolight.com\/wp-content\/uploads\/2025\/06\/\u539f\u56fe1-300x300.png 300w, https:\/\/lirolight.com\/wp-content\/uploads\/2025\/06\/\u539f\u56fe1-150x150.png 150w, https:\/\/lirolight.com\/wp-content\/uploads\/2025\/06\/\u539f\u56fe1-768x768.png 768w, https:\/\/lirolight.com\/wp-content\/uploads\/2025\/06\/\u539f\u56fe1-12x12.png 12w, https:\/\/lirolight.com\/wp-content\/uploads\/2025\/06\/\u539f\u56fe1-990x990.png 990w, https:\/\/lirolight.com\/wp-content\/uploads\/2025\/06\/\u539f\u56fe1-441x441.png 441w, https:\/\/lirolight.com\/wp-content\/uploads\/2025\/06\/\u539f\u56fe1-100x100.png 100w, https:\/\/lirolight.com\/wp-content\/uploads\/2025\/06\/\u539f\u56fe1-800x800.png 800w, https:\/\/lirolight.com\/wp-content\/uploads\/2025\/06\/\u539f\u56fe1-500x500.png 500w, https:\/\/lirolight.com\/wp-content\/uploads\/2025\/06\/\u539f\u56fe1-40x40.png 40w\" sizes=\"(max-width: 1000px) 100vw, 1000px\" \/><\/figure>\n<\/div>\n\n\n\n<div class=\"wp-block-column is-layout-flow wp-block-column-is-layout-flow\" style=\"flex-basis:33.33%\">\n<figure class=\"wp-block-image size-full\"><img decoding=\"async\" width=\"450\" height=\"338\" data-src=\"https:\/\/lirolight.com\/wp-content\/uploads\/2025\/06\/2-2.jpg\" alt=\"\" class=\"wp-image-7632 lazyload\" data-srcset=\"https:\/\/lirolight.com\/wp-content\/uploads\/2025\/06\/2-2.jpg 450w, https:\/\/lirolight.com\/wp-content\/uploads\/2025\/06\/2-2-300x225.jpg 300w, https:\/\/lirolight.com\/wp-content\/uploads\/2025\/06\/2-2-16x12.jpg 16w, https:\/\/lirolight.com\/wp-content\/uploads\/2025\/06\/2-2-441x331.jpg 441w, https:\/\/lirolight.com\/wp-content\/uploads\/2025\/06\/2-2-150x113.jpg 150w, https:\/\/lirolight.com\/wp-content\/uploads\/2025\/06\/2-2-53x40.jpg 53w\" data-sizes=\"(max-width: 450px) 100vw, 450px\" src=\"data:image\/gif;base64,R0lGODlhAQABAAAAACH5BAEKAAEALAAAAAABAAEAAAICTAEAOw==\" style=\"--smush-placeholder-width: 450px; --smush-placeholder-aspect-ratio: 450\/338;\" \/><noscript><img decoding=\"async\" width=\"450\" height=\"338\" src=\"https:\/\/lirolight.com\/wp-content\/uploads\/2025\/06\/2-2.jpg\" alt=\"\" class=\"wp-image-7632\" srcset=\"https:\/\/lirolight.com\/wp-content\/uploads\/2025\/06\/2-2.jpg 450w, https:\/\/lirolight.com\/wp-content\/uploads\/2025\/06\/2-2-300x225.jpg 300w, https:\/\/lirolight.com\/wp-content\/uploads\/2025\/06\/2-2-16x12.jpg 16w, https:\/\/lirolight.com\/wp-content\/uploads\/2025\/06\/2-2-441x331.jpg 441w, https:\/\/lirolight.com\/wp-content\/uploads\/2025\/06\/2-2-150x113.jpg 150w, https:\/\/lirolight.com\/wp-content\/uploads\/2025\/06\/2-2-53x40.jpg 53w\" sizes=\"(max-width: 450px) 100vw, 450px\" \/><\/noscript><\/figure>\n\n\n\n<p><strong><strong>Le Matrix 25*12W Wash est un projecteur LED puissant et compact avec 25 LED de 12W, offrant un m\u00e9lange de couleurs vibrantes et une large couverture, parfait pour l'\u00e9clairage de sc\u00e8nes et d'\u00e9v\u00e9nements.<\/strong><\/strong><\/p>\n\n\n\n<figure class=\"wp-block-image size-full\"><img decoding=\"async\" width=\"428\" height=\"321\" data-src=\"https:\/\/lirolight.com\/wp-content\/uploads\/2025\/06\/4-3.jpg\" alt=\"\" class=\"wp-image-7633 lazyload\" data-srcset=\"https:\/\/lirolight.com\/wp-content\/uploads\/2025\/06\/4-3.jpg 428w, https:\/\/lirolight.com\/wp-content\/uploads\/2025\/06\/4-3-300x225.jpg 300w, https:\/\/lirolight.com\/wp-content\/uploads\/2025\/06\/4-3-16x12.jpg 16w, https:\/\/lirolight.com\/wp-content\/uploads\/2025\/06\/4-3-150x113.jpg 150w, https:\/\/lirolight.com\/wp-content\/uploads\/2025\/06\/4-3-53x40.jpg 53w\" data-sizes=\"(max-width: 428px) 100vw, 428px\" src=\"data:image\/gif;base64,R0lGODlhAQABAAAAACH5BAEKAAEALAAAAAABAAEAAAICTAEAOw==\" style=\"--smush-placeholder-width: 428px; --smush-placeholder-aspect-ratio: 428\/321;\" \/><noscript><img decoding=\"async\" width=\"428\" height=\"321\" src=\"https:\/\/lirolight.com\/wp-content\/uploads\/2025\/06\/4-3.jpg\" alt=\"\" class=\"wp-image-7633\" srcset=\"https:\/\/lirolight.com\/wp-content\/uploads\/2025\/06\/4-3.jpg 428w, https:\/\/lirolight.com\/wp-content\/uploads\/2025\/06\/4-3-300x225.jpg 300w, https:\/\/lirolight.com\/wp-content\/uploads\/2025\/06\/4-3-16x12.jpg 16w, https:\/\/lirolight.com\/wp-content\/uploads\/2025\/06\/4-3-150x113.jpg 150w, https:\/\/lirolight.com\/wp-content\/uploads\/2025\/06\/4-3-53x40.jpg 53w\" sizes=\"(max-width: 428px) 100vw, 428px\" \/><\/noscript><\/figure>\n<\/div>\n<\/div>\n<\/div>\n<\/div>\n\n\n\n<h2 class=\"wp-block-heading\">Sp\u00e9cification :<\/h2>\n\n\n\n<ul class=\"wp-block-list\">\n<li>Tension : AC90-260V, 50-60Hz<\/li>\n\n\n\n<li>Puissance : 400W<\/li>\n\n\n\n<li>Source LED : 25 LED CREE RGBW 4 en 1 de 12W<\/li>\n\n\n\n<li>Canal : 19\/29\/117 trois modes de canaux<\/li>\n\n\n\n<li>Contr\u00f4le : DMX\/Ma\u00eetre-esclave\/Auto\/Son activ\u00e9<\/li>\n\n\n\n<li>Pan : Illimit\u00e9+16 bit fin<\/li>\n\n\n\n<li>Inclinaison : Illimit\u00e9+16 bits fin<\/li>\n\n\n\n<li>Angle du faisceau : 7\u00b0.<\/li>\n\n\n\n<li>Variateur : 0-100% gradation lin\u00e9aire<\/li>\n\n\n\n<li>Strobe : 0-25 Hz<\/li>\n<\/ul>\n\n\n\n<h2 class=\"wp-block-heading\">Param\u00e8tres :<\/h2>\n\n\n\n<figure class=\"wp-block-table\"><table class=\"has-fixed-layout\"><tbody><tr><td><strong>Tension large<\/strong><\/td><td>AC100-240V, 50\/60Hz<\/td><\/tr><tr><td><strong>Source<\/strong><\/td><td>25 LED CREE RGBW 4 en 1 de 12W<\/td><\/tr><tr><td><strong>Puissance<\/strong><\/td><td>400W<\/td><\/tr><tr><td><strong>Contr\u00f4le<\/strong><\/td><td>DMX\/Ma\u00eetre-esclave\/Auto\/Son activ\u00e9<\/td><\/tr><tr><td><strong>Pan<\/strong><\/td><td>Illimit\u00e9+16 bit fin<\/td><\/tr><tr><td><strong>Inclinaison<\/strong><\/td><td>Illimit\u00e9+16 bit fin<\/td><\/tr><tr><td><strong>Variateur<\/strong><\/td><td>0-100% gradation lin\u00e9aire<\/td><\/tr><tr><td><strong>Cha\u00eene<\/strong><\/td><td>9\/29\/117 trois modes de canaux<\/td><\/tr><tr><td><strong>Angle du faisceau<\/strong><\/td><td>7\u00b0<\/td><\/tr><tr><td><strong>Strobe<\/strong><\/td><td>0-25 Hz<\/td><\/tr><\/tbody><\/table><\/figure>\n\n\n\n<h2 class=\"wp-block-heading\">Heure du spectacle :<\/h2>\n\n\n\n<div class=\"wp-block-columns is-layout-flex wp-container-core-columns-is-layout-28f84493 wp-block-columns-is-layout-flex\">\n<div class=\"wp-block-column is-layout-flow wp-block-column-is-layout-flow\">\n<figure class=\"wp-block-image size-large\"><img loading=\"lazy\" decoding=\"async\" width=\"1024\" height=\"694\" data-src=\"https:\/\/lirolight.com\/wp-content\/uploads\/2025\/06\/M2-1024x694.jpg\" alt=\"\" class=\"wp-image-7641 lazyload\" data-srcset=\"https:\/\/lirolight.com\/wp-content\/uploads\/2025\/06\/M2-1024x694.jpg 1024w, https:\/\/lirolight.com\/wp-content\/uploads\/2025\/06\/M2-300x203.jpg 300w, https:\/\/lirolight.com\/wp-content\/uploads\/2025\/06\/M2-768x520.jpg 768w, https:\/\/lirolight.com\/wp-content\/uploads\/2025\/06\/M2-1536x1041.jpg 1536w, https:\/\/lirolight.com\/wp-content\/uploads\/2025\/06\/M2-18x12.jpg 18w, https:\/\/lirolight.com\/wp-content\/uploads\/2025\/06\/M2-990x671.jpg 990w, https:\/\/lirolight.com\/wp-content\/uploads\/2025\/06\/M2-441x299.jpg 441w, https:\/\/lirolight.com\/wp-content\/uploads\/2025\/06\/M2-800x542.jpg 800w, https:\/\/lirolight.com\/wp-content\/uploads\/2025\/06\/M2-150x102.jpg 150w, https:\/\/lirolight.com\/wp-content\/uploads\/2025\/06\/M2-500x339.jpg 500w, https:\/\/lirolight.com\/wp-content\/uploads\/2025\/06\/M2-60x40.jpg 60w, https:\/\/lirolight.com\/wp-content\/uploads\/2025\/06\/M2.jpg 1594w\" data-sizes=\"(max-width: 1024px) 100vw, 1024px\" src=\"data:image\/gif;base64,R0lGODlhAQABAAAAACH5BAEKAAEALAAAAAABAAEAAAICTAEAOw==\" style=\"--smush-placeholder-width: 1024px; --smush-placeholder-aspect-ratio: 1024\/694;\" \/><noscript><img loading=\"lazy\" decoding=\"async\" width=\"1024\" height=\"694\" src=\"https:\/\/lirolight.com\/wp-content\/uploads\/2025\/06\/M2-1024x694.jpg\" alt=\"\" class=\"wp-image-7641\" srcset=\"https:\/\/lirolight.com\/wp-content\/uploads\/2025\/06\/M2-1024x694.jpg 1024w, https:\/\/lirolight.com\/wp-content\/uploads\/2025\/06\/M2-300x203.jpg 300w, https:\/\/lirolight.com\/wp-content\/uploads\/2025\/06\/M2-768x520.jpg 768w, https:\/\/lirolight.com\/wp-content\/uploads\/2025\/06\/M2-1536x1041.jpg 1536w, https:\/\/lirolight.com\/wp-content\/uploads\/2025\/06\/M2-18x12.jpg 18w, https:\/\/lirolight.com\/wp-content\/uploads\/2025\/06\/M2-990x671.jpg 990w, https:\/\/lirolight.com\/wp-content\/uploads\/2025\/06\/M2-441x299.jpg 441w, https:\/\/lirolight.com\/wp-content\/uploads\/2025\/06\/M2-800x542.jpg 800w, https:\/\/lirolight.com\/wp-content\/uploads\/2025\/06\/M2-150x102.jpg 150w, https:\/\/lirolight.com\/wp-content\/uploads\/2025\/06\/M2-500x339.jpg 500w, https:\/\/lirolight.com\/wp-content\/uploads\/2025\/06\/M2-60x40.jpg 60w, https:\/\/lirolight.com\/wp-content\/uploads\/2025\/06\/M2.jpg 1594w\" sizes=\"(max-width: 1024px) 100vw, 1024px\" \/><\/noscript><\/figure>\n<\/div>\n<\/div>","protected":false},"excerpt":{"rendered":"<p>Le Mac Aura Wash 1915 est un wash compact et puissant \u00e0 LED avec un contr\u00f4le avanc\u00e9 du zoom et du faisceau, avec un r\u00e9tro\u00e9clairage RGB. Il a un effet de bonbon. Il convient \u00e0 diverses performances sc\u00e9niques, bo\u00eetes de nuit, bars, concerts, th\u00e9\u00e2tres et autres lieux.<\/p>","protected":false},"featured_media":7631,"comment_status":"open","ping_status":"closed","template":"","meta":[],"product_brand":[],"product_cat":[54],"product_tag":[73],"class_list":{"0":"post-7630","1":"product","2":"type-product","3":"status-publish","4":"has-post-thumbnail","6":"product_cat-wash-moving-head-light","7":"product_tag-wash","9":"first","10":"instock","11":"shipping-taxable","12":"product-type-simple"},"_links":{"self":[{"href":"https:\/\/lirolight.com\/fr\/wp-json\/wp\/v2\/product\/7630","targetHints":{"allow":["GET"]}}],"collection":[{"href":"https:\/\/lirolight.com\/fr\/wp-json\/wp\/v2\/product"}],"about":[{"href":"https:\/\/lirolight.com\/fr\/wp-json\/wp\/v2\/types\/product"}],"replies":[{"embeddable":true,"href":"https:\/\/lirolight.com\/fr\/wp-json\/wp\/v2\/comments?post=7630"}],"version-history":[{"count":7,"href":"https:\/\/lirolight.com\/fr\/wp-json\/wp\/v2\/product\/7630\/revisions"}],"predecessor-version":[{"id":10569,"href":"https:\/\/lirolight.com\/fr\/wp-json\/wp\/v2\/product\/7630\/revisions\/10569"}],"wp:featuredmedia":[{"embeddable":true,"href":"https:\/\/lirolight.com\/fr\/wp-json\/wp\/v2\/media\/7631"}],"wp:attachment":[{"href":"https:\/\/lirolight.com\/fr\/wp-json\/wp\/v2\/media?parent=7630"}],"wp:term":[{"taxonomy":"product_brand","embeddable":true,"href":"https:\/\/lirolight.com\/fr\/wp-json\/wp\/v2\/product_brand?post=7630"},{"taxonomy":"product_cat","embeddable":true,"href":"https:\/\/lirolight.com\/fr\/wp-json\/wp\/v2\/product_cat?post=7630"},{"taxonomy":"product_tag","embeddable":true,"href":"https:\/\/lirolight.com\/fr\/wp-json\/wp\/v2\/product_tag?post=7630"}],"curies":[{"name":"wp","href":"https:\/\/api.w.org\/{rel}","templated":true}]}}