{"id":7643,"date":"2025-06-17T08:55:41","date_gmt":"2025-06-17T08:55:41","guid":{"rendered":"https:\/\/lirolight.com\/?post_type=product&#038;p=7643"},"modified":"2026-01-14T02:39:57","modified_gmt":"2026-01-14T02:39:57","slug":"professional-380w-20r-sharpy-dmx-beam-380-watt-moving-head-light-outdoor-beam-moving-head-stage-light","status":"publish","type":"product","link":"https:\/\/lirolight.com\/fr\/produit\/professional-380w-20r-sharpy-dmx-beam-380-watt-moving-head-light-outdoor-beam-moving-head-stage-light\/","title":{"rendered":"LiRO-LITE Professional 380W 20r Sharpy DMX Beam 380 Watt Moving Head Light Outdoor Beam Moving Head Stage Light"},"content":{"rendered":"<h2 class=\"wp-block-heading\"><strong><mark style=\"background-color:#000000\" class=\"has-inline-color has-white-color\">LR-IP BEAM380 PRO<\/mark><\/strong><\/h2>\n\n\n\n<hr class=\"wp-block-separator has-alpha-channel-opacity\"\/>\n\n\n\n<h2 class=\"wp-block-heading\">Photos :<\/h2>\n\n\n\n<div class=\"wp-block-columns is-layout-flex wp-container-core-columns-is-layout-28f84493 wp-block-columns-is-layout-flex\">\n<div class=\"wp-block-column is-layout-flow wp-block-column-is-layout-flow\">\n<div class=\"wp-block-columns is-layout-flex wp-container-core-columns-is-layout-28f84493 wp-block-columns-is-layout-flex\">\n<div class=\"wp-block-column is-layout-flow wp-block-column-is-layout-flow\" style=\"flex-basis:66.66%\">\n<figure class=\"wp-block-image size-large\"><img fetchpriority=\"high\" decoding=\"async\" width=\"1024\" height=\"1024\" src=\"https:\/\/lirolight.com\/wp-content\/uploads\/2025\/06\/DM_15979_\u526f\u672c-1-1024x1024.png\" alt=\"\" class=\"wp-image-7645\" srcset=\"https:\/\/lirolight.com\/wp-content\/uploads\/2025\/06\/DM_15979_\u526f\u672c-1-1024x1024.png 1024w, https:\/\/lirolight.com\/wp-content\/uploads\/2025\/06\/DM_15979_\u526f\u672c-1-300x300.png 300w, https:\/\/lirolight.com\/wp-content\/uploads\/2025\/06\/DM_15979_\u526f\u672c-1-150x150.png 150w, https:\/\/lirolight.com\/wp-content\/uploads\/2025\/06\/DM_15979_\u526f\u672c-1-768x768.png 768w, https:\/\/lirolight.com\/wp-content\/uploads\/2025\/06\/DM_15979_\u526f\u672c-1-12x12.png 12w, https:\/\/lirolight.com\/wp-content\/uploads\/2025\/06\/DM_15979_\u526f\u672c-1-990x990.png 990w, https:\/\/lirolight.com\/wp-content\/uploads\/2025\/06\/DM_15979_\u526f\u672c-1-441x441.png 441w, https:\/\/lirolight.com\/wp-content\/uploads\/2025\/06\/DM_15979_\u526f\u672c-1-100x100.png 100w, https:\/\/lirolight.com\/wp-content\/uploads\/2025\/06\/DM_15979_\u526f\u672c-1-800x800.png 800w, https:\/\/lirolight.com\/wp-content\/uploads\/2025\/06\/DM_15979_\u526f\u672c-1-500x500.png 500w, https:\/\/lirolight.com\/wp-content\/uploads\/2025\/06\/DM_15979_\u526f\u672c-1-40x40.png 40w, https:\/\/lirolight.com\/wp-content\/uploads\/2025\/06\/DM_15979_\u526f\u672c-1.png 1072w\" sizes=\"(max-width: 1024px) 100vw, 1024px\" \/><\/figure>\n<\/div>\n\n\n\n<div class=\"wp-block-column is-layout-flow wp-block-column-is-layout-flow\" style=\"flex-basis:33.33%\">\n<p>Ce projecteur \u00e9tanche de 380 W est dot\u00e9 d'une lentille de 200 mm de diam\u00e8tre et \u00e9met un faisceau puissant et cibl\u00e9 gr\u00e2ce \u00e0 une ampoule Philips MSD380 qui lui conf\u00e8re une luminosit\u00e9 exceptionnelle. Id\u00e9al pour les \u00e9v\u00e9nements et les installations en ext\u00e9rieur, il est con\u00e7u pour r\u00e9sister aux conditions m\u00e9t\u00e9orologiques difficiles.<\/p>\n\n\n\n<figure class=\"wp-block-image size-large\"><img decoding=\"async\" width=\"1024\" height=\"768\" data-src=\"https:\/\/lirolight.com\/wp-content\/uploads\/2025\/06\/photobank-2-1024x768.jpg\" alt=\"\" class=\"wp-image-7651 lazyload\" data-srcset=\"https:\/\/lirolight.com\/wp-content\/uploads\/2025\/06\/photobank-2-1024x768.jpg 1024w, https:\/\/lirolight.com\/wp-content\/uploads\/2025\/06\/photobank-2-300x225.jpg 300w, https:\/\/lirolight.com\/wp-content\/uploads\/2025\/06\/photobank-2-768x576.jpg 768w, https:\/\/lirolight.com\/wp-content\/uploads\/2025\/06\/photobank-2-16x12.jpg 16w, https:\/\/lirolight.com\/wp-content\/uploads\/2025\/06\/photobank-2-990x743.jpg 990w, https:\/\/lirolight.com\/wp-content\/uploads\/2025\/06\/photobank-2-441x331.jpg 441w, https:\/\/lirolight.com\/wp-content\/uploads\/2025\/06\/photobank-2-800x600.jpg 800w, https:\/\/lirolight.com\/wp-content\/uploads\/2025\/06\/photobank-2-150x113.jpg 150w, https:\/\/lirolight.com\/wp-content\/uploads\/2025\/06\/photobank-2-500x375.jpg 500w, https:\/\/lirolight.com\/wp-content\/uploads\/2025\/06\/photobank-2-53x40.jpg 53w, https:\/\/lirolight.com\/wp-content\/uploads\/2025\/06\/photobank-2.jpg 1333w\" data-sizes=\"(max-width: 1024px) 100vw, 1024px\" src=\"data:image\/gif;base64,R0lGODlhAQABAAAAACH5BAEKAAEALAAAAAABAAEAAAICTAEAOw==\" style=\"--smush-placeholder-width: 1024px; --smush-placeholder-aspect-ratio: 1024\/768;\" \/><noscript><img decoding=\"async\" width=\"1024\" height=\"768\" src=\"https:\/\/lirolight.com\/wp-content\/uploads\/2025\/06\/photobank-2-1024x768.jpg\" alt=\"\" class=\"wp-image-7651\" srcset=\"https:\/\/lirolight.com\/wp-content\/uploads\/2025\/06\/photobank-2-1024x768.jpg 1024w, https:\/\/lirolight.com\/wp-content\/uploads\/2025\/06\/photobank-2-300x225.jpg 300w, https:\/\/lirolight.com\/wp-content\/uploads\/2025\/06\/photobank-2-768x576.jpg 768w, https:\/\/lirolight.com\/wp-content\/uploads\/2025\/06\/photobank-2-16x12.jpg 16w, https:\/\/lirolight.com\/wp-content\/uploads\/2025\/06\/photobank-2-990x743.jpg 990w, https:\/\/lirolight.com\/wp-content\/uploads\/2025\/06\/photobank-2-441x331.jpg 441w, https:\/\/lirolight.com\/wp-content\/uploads\/2025\/06\/photobank-2-800x600.jpg 800w, https:\/\/lirolight.com\/wp-content\/uploads\/2025\/06\/photobank-2-150x113.jpg 150w, https:\/\/lirolight.com\/wp-content\/uploads\/2025\/06\/photobank-2-500x375.jpg 500w, https:\/\/lirolight.com\/wp-content\/uploads\/2025\/06\/photobank-2-53x40.jpg 53w, https:\/\/lirolight.com\/wp-content\/uploads\/2025\/06\/photobank-2.jpg 1333w\" sizes=\"(max-width: 1024px) 100vw, 1024px\" \/><\/noscript><\/figure>\n<\/div>\n<\/div>\n<\/div>\n<\/div>\n\n\n\n<div class=\"wp-block-columns is-layout-flex wp-container-core-columns-is-layout-28f84493 wp-block-columns-is-layout-flex\">\n<div class=\"wp-block-column is-layout-flow wp-block-column-is-layout-flow\">\n<figure class=\"wp-block-image size-large\"><img decoding=\"async\" width=\"1024\" height=\"1024\" data-src=\"https:\/\/lirolight.com\/wp-content\/uploads\/2025\/06\/DM_15973_\u526f\u672c-1024x1024.png\" alt=\"\" class=\"wp-image-7649 lazyload\" data-srcset=\"https:\/\/lirolight.com\/wp-content\/uploads\/2025\/06\/DM_15973_\u526f\u672c-1024x1024.png 1024w, https:\/\/lirolight.com\/wp-content\/uploads\/2025\/06\/DM_15973_\u526f\u672c-300x300.png 300w, https:\/\/lirolight.com\/wp-content\/uploads\/2025\/06\/DM_15973_\u526f\u672c-150x150.png 150w, https:\/\/lirolight.com\/wp-content\/uploads\/2025\/06\/DM_15973_\u526f\u672c-768x768.png 768w, https:\/\/lirolight.com\/wp-content\/uploads\/2025\/06\/DM_15973_\u526f\u672c-1536x1536.png 1536w, https:\/\/lirolight.com\/wp-content\/uploads\/2025\/06\/DM_15973_\u526f\u672c-12x12.png 12w, https:\/\/lirolight.com\/wp-content\/uploads\/2025\/06\/DM_15973_\u526f\u672c-990x990.png 990w, https:\/\/lirolight.com\/wp-content\/uploads\/2025\/06\/DM_15973_\u526f\u672c-441x441.png 441w, https:\/\/lirolight.com\/wp-content\/uploads\/2025\/06\/DM_15973_\u526f\u672c-100x100.png 100w, https:\/\/lirolight.com\/wp-content\/uploads\/2025\/06\/DM_15973_\u526f\u672c-800x800.png 800w, https:\/\/lirolight.com\/wp-content\/uploads\/2025\/06\/DM_15973_\u526f\u672c-500x500.png 500w, https:\/\/lirolight.com\/wp-content\/uploads\/2025\/06\/DM_15973_\u526f\u672c-40x40.png 40w, https:\/\/lirolight.com\/wp-content\/uploads\/2025\/06\/DM_15973_\u526f\u672c.png 2000w\" data-sizes=\"(max-width: 1024px) 100vw, 1024px\" src=\"data:image\/gif;base64,R0lGODlhAQABAAAAACH5BAEKAAEALAAAAAABAAEAAAICTAEAOw==\" style=\"--smush-placeholder-width: 1024px; --smush-placeholder-aspect-ratio: 1024\/1024;\" \/><noscript><img decoding=\"async\" width=\"1024\" height=\"1024\" src=\"https:\/\/lirolight.com\/wp-content\/uploads\/2025\/06\/DM_15973_\u526f\u672c-1024x1024.png\" alt=\"\" class=\"wp-image-7649\" srcset=\"https:\/\/lirolight.com\/wp-content\/uploads\/2025\/06\/DM_15973_\u526f\u672c-1024x1024.png 1024w, https:\/\/lirolight.com\/wp-content\/uploads\/2025\/06\/DM_15973_\u526f\u672c-300x300.png 300w, https:\/\/lirolight.com\/wp-content\/uploads\/2025\/06\/DM_15973_\u526f\u672c-150x150.png 150w, https:\/\/lirolight.com\/wp-content\/uploads\/2025\/06\/DM_15973_\u526f\u672c-768x768.png 768w, https:\/\/lirolight.com\/wp-content\/uploads\/2025\/06\/DM_15973_\u526f\u672c-1536x1536.png 1536w, https:\/\/lirolight.com\/wp-content\/uploads\/2025\/06\/DM_15973_\u526f\u672c-12x12.png 12w, https:\/\/lirolight.com\/wp-content\/uploads\/2025\/06\/DM_15973_\u526f\u672c-990x990.png 990w, https:\/\/lirolight.com\/wp-content\/uploads\/2025\/06\/DM_15973_\u526f\u672c-441x441.png 441w, https:\/\/lirolight.com\/wp-content\/uploads\/2025\/06\/DM_15973_\u526f\u672c-100x100.png 100w, https:\/\/lirolight.com\/wp-content\/uploads\/2025\/06\/DM_15973_\u526f\u672c-800x800.png 800w, https:\/\/lirolight.com\/wp-content\/uploads\/2025\/06\/DM_15973_\u526f\u672c-500x500.png 500w, https:\/\/lirolight.com\/wp-content\/uploads\/2025\/06\/DM_15973_\u526f\u672c-40x40.png 40w, https:\/\/lirolight.com\/wp-content\/uploads\/2025\/06\/DM_15973_\u526f\u672c.png 2000w\" sizes=\"(max-width: 1024px) 100vw, 1024px\" \/><\/noscript><\/figure>\n<\/div>\n\n\n\n<div class=\"wp-block-column is-layout-flow wp-block-column-is-layout-flow\">\n<figure class=\"wp-block-image size-large\"><img loading=\"lazy\" decoding=\"async\" width=\"1024\" height=\"1024\" data-src=\"https:\/\/lirolight.com\/wp-content\/uploads\/2025\/06\/DM_15978_\u526f\u672c-1024x1024.png\" alt=\"\" class=\"wp-image-7650 lazyload\" data-srcset=\"https:\/\/lirolight.com\/wp-content\/uploads\/2025\/06\/DM_15978_\u526f\u672c-1024x1024.png 1024w, https:\/\/lirolight.com\/wp-content\/uploads\/2025\/06\/DM_15978_\u526f\u672c-300x300.png 300w, https:\/\/lirolight.com\/wp-content\/uploads\/2025\/06\/DM_15978_\u526f\u672c-150x150.png 150w, https:\/\/lirolight.com\/wp-content\/uploads\/2025\/06\/DM_15978_\u526f\u672c-768x768.png 768w, https:\/\/lirolight.com\/wp-content\/uploads\/2025\/06\/DM_15978_\u526f\u672c-12x12.png 12w, https:\/\/lirolight.com\/wp-content\/uploads\/2025\/06\/DM_15978_\u526f\u672c-990x990.png 990w, https:\/\/lirolight.com\/wp-content\/uploads\/2025\/06\/DM_15978_\u526f\u672c-441x441.png 441w, https:\/\/lirolight.com\/wp-content\/uploads\/2025\/06\/DM_15978_\u526f\u672c-100x100.png 100w, https:\/\/lirolight.com\/wp-content\/uploads\/2025\/06\/DM_15978_\u526f\u672c-800x800.png 800w, https:\/\/lirolight.com\/wp-content\/uploads\/2025\/06\/DM_15978_\u526f\u672c-500x500.png 500w, https:\/\/lirolight.com\/wp-content\/uploads\/2025\/06\/DM_15978_\u526f\u672c-40x40.png 40w, https:\/\/lirolight.com\/wp-content\/uploads\/2025\/06\/DM_15978_\u526f\u672c.png 1072w\" data-sizes=\"(max-width: 1024px) 100vw, 1024px\" src=\"data:image\/gif;base64,R0lGODlhAQABAAAAACH5BAEKAAEALAAAAAABAAEAAAICTAEAOw==\" style=\"--smush-placeholder-width: 1024px; --smush-placeholder-aspect-ratio: 1024\/1024;\" \/><noscript><img loading=\"lazy\" decoding=\"async\" width=\"1024\" height=\"1024\" src=\"https:\/\/lirolight.com\/wp-content\/uploads\/2025\/06\/DM_15978_\u526f\u672c-1024x1024.png\" alt=\"\" class=\"wp-image-7650\" srcset=\"https:\/\/lirolight.com\/wp-content\/uploads\/2025\/06\/DM_15978_\u526f\u672c-1024x1024.png 1024w, https:\/\/lirolight.com\/wp-content\/uploads\/2025\/06\/DM_15978_\u526f\u672c-300x300.png 300w, https:\/\/lirolight.com\/wp-content\/uploads\/2025\/06\/DM_15978_\u526f\u672c-150x150.png 150w, https:\/\/lirolight.com\/wp-content\/uploads\/2025\/06\/DM_15978_\u526f\u672c-768x768.png 768w, https:\/\/lirolight.com\/wp-content\/uploads\/2025\/06\/DM_15978_\u526f\u672c-12x12.png 12w, https:\/\/lirolight.com\/wp-content\/uploads\/2025\/06\/DM_15978_\u526f\u672c-990x990.png 990w, https:\/\/lirolight.com\/wp-content\/uploads\/2025\/06\/DM_15978_\u526f\u672c-441x441.png 441w, https:\/\/lirolight.com\/wp-content\/uploads\/2025\/06\/DM_15978_\u526f\u672c-100x100.png 100w, https:\/\/lirolight.com\/wp-content\/uploads\/2025\/06\/DM_15978_\u526f\u672c-800x800.png 800w, https:\/\/lirolight.com\/wp-content\/uploads\/2025\/06\/DM_15978_\u526f\u672c-500x500.png 500w, https:\/\/lirolight.com\/wp-content\/uploads\/2025\/06\/DM_15978_\u526f\u672c-40x40.png 40w, https:\/\/lirolight.com\/wp-content\/uploads\/2025\/06\/DM_15978_\u526f\u672c.png 1072w\" sizes=\"(max-width: 1024px) 100vw, 1024px\" \/><\/noscript><\/figure>\n<\/div>\n<\/div>\n\n\n\n<h2 class=\"wp-block-heading\"><font style=\"vertical-align: inherit;\"><font style=\"vertical-align: inherit;\">Sp\u00e9cification\uff1a<\/font><\/font><\/h2>\n\n\n\n<p>Tension large : AC100V-240V 50-60Hz<br>Puissance d'entra\u00eenement \u00e0 large tension : 600W<br>Source de la lampe : Ampoule originale 420W\/ 380W<br>Diam\u00e8tre de l'objectif : 200 mm<br>Indice d'\u00e9tanch\u00e9it\u00e9 : IP65<br>Temp\u00e9rature de couleur : 8000K<br>Syst\u00e8me de couleurs : 14+ couleurs+blanc, effet arc-en-ciel + fonction d'atomisation<br>Syst\u00e8me de gobos : 17 gobos fixes +1 blanc<br>Syst\u00e8me de mise au point : mise au point \u00e9lectronique<br>Atomisation : la fonction d'atomisation permet d'obtenir un effet de lumi\u00e8re douce.<br>Stroboscopie ; effet stroboscopique ind\u00e9pendant du double moteur, 0,5-20 fois\/SEC, vitesse r\u00e9glable<br>Moteur : Moteur triphas\u00e9 Pan\/Tilt, pour une grande stabilit\u00e9 de la vitesse rapide et lente de la lampe, et un positionnement pr\u00e9cis de l'angle.<br>Courbe de gradation : 0%-100% gradation lin\u00e9aire, douce et sans scintillement<br>Angle du faisceau : 2-5\u00b0.<br>Cha\u00eenes : 17 canaux<br>Mode de contr\u00f4le 1 : DMX 512, autoguidage, autoguidage des machines ma\u00eetre et esclave, fonction RDM, vous pouvez utiliser un contr\u00f4le \u00e9tendu.<br>Code d'adresse de la t\u00e9l\u00e9commande de contr\u00f4le du syst\u00e8me.<br>Syst\u00e8me de prismes : 16 prismes et (8+16+24) prismes (les prismes peuvent \u00eatre configur\u00e9s en fonction des besoins du client).<br>Affichage : Affichage LCD, adapt\u00e9 \u00e0 diff\u00e9rentes positions d'installation, orientable \u00e0 180\u00b0.<br>Panoramique et inclinaison : utilisation d'un moteur triphas\u00e9 de haute pr\u00e9cision, positionnement pr\u00e9cis, fonctionnement souple, correction automatique du positionnement.<br>Panoramique : Rotation de 540\u00b0, r\u00e9solution 8\/16Bit, avec Pan fin<br>Inclinaison : rotation de 270\u00b0, r\u00e9solution 8\/16 bits, avec inclinaison fine<br>Syst\u00e8me de dissipation de la chaleur : Utilisation de la m\u00e9thode physique de la chaleur du ventilateur, utilisation de la m\u00e9thode du syst\u00e8me de convection de l'air, utilisation d'un logiciel pour l'analyse et l'\u00e9valuation du syst\u00e8me de dissipation de la chaleur.<br>calculer le flux de chaleur de la lampe, r\u00e9soudre rapidement le probl\u00e8me de la chaleur interne du corps, prolonger le temps de d\u00e9croissance de la lumi\u00e8re de la source lumineuse, assurer la s\u00e9curit\u00e9 de l'utilisateur.<br>la dur\u00e9e de vie de la lampe, et concevoir un syst\u00e8me de dissipation de la chaleur \u00e0 faible bruit avec une excellente performance de l'entra\u00eenement du ventilateur et un bruit extr\u00eamement faible.<br>Mode d'installation : \u00e0 l'endroit\/\u00e0 l'envers<br>Taille du corps l\u00e9ger : 359<em>403<\/em>703mm<br>taille de l'emballage en carton : 54<em>57.5<\/em>73<br>Poids net : 28KG<br>Poids brut 30KG<\/p>\n\n\n\n<h2 class=\"wp-block-heading\">Param\u00e8tre : <\/h2>\n\n\n\n<figure class=\"wp-block-table\"><table class=\"has-fixed-layout\"><tbody><tr><td>Nom du produit<\/td><td>Lampe frontale mobile \u00e0 faisceau \u00e9tanche<\/td><\/tr><tr><td>Puissance<\/td><td><strong>Ampoule d'origine 420W\/ 380W<\/strong><\/td><\/tr><tr><td>Tension d'entr\u00e9e (V)<\/td><td>AC 100-240V, 50\/60Hz<\/td><\/tr><tr><td>Indice IP<\/td><td>IP65<\/td><\/tr><tr><td>roue des couleurs<\/td><td>14 couleurs +couleur+ lumi\u00e8re blanche<\/td><\/tr><tr><td>roue codeuse<\/td><td>17 + 1 mod\u00e8le fixe blanc<\/td><\/tr><tr><td>Prisme<\/td><td>8 prisme, rotation, fonction macro<\/td><\/tr><tr><td>Mode de contr\u00f4le<\/td><td>Commande vocale, programme int\u00e9gr\u00e9, ma\u00eetre-esclave, contr\u00f4le du signal DMX512<\/td><\/tr><tr><td>Application<\/td><td>Spectacles, sc\u00e8ne, projet de tourisme culturel<\/td><\/tr><tr><td>Garantie<\/td><td>2 ans<\/td><\/tr><tr><td>Service OEM&amp;ODM<\/td><td>24 heures en ligneSi vous avez des questions sur le produit, n'h\u00e9sitez pas \u00e0 nous contacter \u00e0 tout moment.<\/td><\/tr><tr><td>Capacit\u00e9 du projet<\/td><td>Nous avons plus de 500 ans d'exp\u00e9rience dans l'ing\u00e9nierie de projets \u00e0 l'\u00e9tranger.<\/td><\/tr><tr><td>Paquet<\/td><td>Carton et flight case disponibles<\/td><\/tr><tr><td>Taille de l'emballage<\/td><td>49*41*77cm<\/td><\/tr><tr><td>GW<\/td><td>28KG<\/td><\/tr><\/tbody><\/table><\/figure>\n\n\n\n<h2 class=\"wp-block-heading\">Heure du spectacle :<\/h2>\n\n\n\n<figure class=\"wp-block-image size-large\"><img loading=\"lazy\" decoding=\"async\" width=\"1024\" height=\"576\" data-src=\"https:\/\/lirolight.com\/wp-content\/uploads\/2025\/06\/X2-1-1024x576.jpg\" alt=\"\" class=\"wp-image-7646 lazyload\" data-srcset=\"https:\/\/lirolight.com\/wp-content\/uploads\/2025\/06\/X2-1-1024x576.jpg 1024w, https:\/\/lirolight.com\/wp-content\/uploads\/2025\/06\/X2-1-300x169.jpg 300w, https:\/\/lirolight.com\/wp-content\/uploads\/2025\/06\/X2-1-768x432.jpg 768w, https:\/\/lirolight.com\/wp-content\/uploads\/2025\/06\/X2-1-1536x864.jpg 1536w, https:\/\/lirolight.com\/wp-content\/uploads\/2025\/06\/X2-1-2048x1152.jpg 2048w, https:\/\/lirolight.com\/wp-content\/uploads\/2025\/06\/X2-1-18x10.jpg 18w, https:\/\/lirolight.com\/wp-content\/uploads\/2025\/06\/X2-1-990x557.jpg 990w, https:\/\/lirolight.com\/wp-content\/uploads\/2025\/06\/X2-1-441x248.jpg 441w, https:\/\/lirolight.com\/wp-content\/uploads\/2025\/06\/X2-1-800x450.jpg 800w, https:\/\/lirolight.com\/wp-content\/uploads\/2025\/06\/X2-1-150x84.jpg 150w, https:\/\/lirolight.com\/wp-content\/uploads\/2025\/06\/X2-1-500x281.jpg 500w, https:\/\/lirolight.com\/wp-content\/uploads\/2025\/06\/X2-1-60x34.jpg 60w\" data-sizes=\"(max-width: 1024px) 100vw, 1024px\" src=\"data:image\/gif;base64,R0lGODlhAQABAAAAACH5BAEKAAEALAAAAAABAAEAAAICTAEAOw==\" style=\"--smush-placeholder-width: 1024px; --smush-placeholder-aspect-ratio: 1024\/576;\" \/><noscript><img loading=\"lazy\" decoding=\"async\" width=\"1024\" height=\"576\" src=\"https:\/\/lirolight.com\/wp-content\/uploads\/2025\/06\/X2-1-1024x576.jpg\" alt=\"\" class=\"wp-image-7646\" srcset=\"https:\/\/lirolight.com\/wp-content\/uploads\/2025\/06\/X2-1-1024x576.jpg 1024w, https:\/\/lirolight.com\/wp-content\/uploads\/2025\/06\/X2-1-300x169.jpg 300w, https:\/\/lirolight.com\/wp-content\/uploads\/2025\/06\/X2-1-768x432.jpg 768w, https:\/\/lirolight.com\/wp-content\/uploads\/2025\/06\/X2-1-1536x864.jpg 1536w, https:\/\/lirolight.com\/wp-content\/uploads\/2025\/06\/X2-1-2048x1152.jpg 2048w, https:\/\/lirolight.com\/wp-content\/uploads\/2025\/06\/X2-1-18x10.jpg 18w, https:\/\/lirolight.com\/wp-content\/uploads\/2025\/06\/X2-1-990x557.jpg 990w, https:\/\/lirolight.com\/wp-content\/uploads\/2025\/06\/X2-1-441x248.jpg 441w, https:\/\/lirolight.com\/wp-content\/uploads\/2025\/06\/X2-1-800x450.jpg 800w, https:\/\/lirolight.com\/wp-content\/uploads\/2025\/06\/X2-1-150x84.jpg 150w, https:\/\/lirolight.com\/wp-content\/uploads\/2025\/06\/X2-1-500x281.jpg 500w, https:\/\/lirolight.com\/wp-content\/uploads\/2025\/06\/X2-1-60x34.jpg 60w\" sizes=\"(max-width: 1024px) 100vw, 1024px\" \/><\/noscript><\/figure>\n\n\n\n<figure class=\"wp-block-image size-large\"><img loading=\"lazy\" decoding=\"async\" width=\"1024\" height=\"539\" data-src=\"https:\/\/lirolight.com\/wp-content\/uploads\/2025\/06\/11-1-1024x539.jpg\" alt=\"\" class=\"wp-image-7647 lazyload\" data-srcset=\"https:\/\/lirolight.com\/wp-content\/uploads\/2025\/06\/11-1-1024x539.jpg 1024w, https:\/\/lirolight.com\/wp-content\/uploads\/2025\/06\/11-1-300x158.jpg 300w, https:\/\/lirolight.com\/wp-content\/uploads\/2025\/06\/11-1-768x404.jpg 768w, https:\/\/lirolight.com\/wp-content\/uploads\/2025\/06\/11-1-18x9.jpg 18w, https:\/\/lirolight.com\/wp-content\/uploads\/2025\/06\/11-1-990x521.jpg 990w, https:\/\/lirolight.com\/wp-content\/uploads\/2025\/06\/11-1-441x232.jpg 441w, https:\/\/lirolight.com\/wp-content\/uploads\/2025\/06\/11-1-800x421.jpg 800w, https:\/\/lirolight.com\/wp-content\/uploads\/2025\/06\/11-1-150x79.jpg 150w, https:\/\/lirolight.com\/wp-content\/uploads\/2025\/06\/11-1-500x263.jpg 500w, https:\/\/lirolight.com\/wp-content\/uploads\/2025\/06\/11-1-60x32.jpg 60w, https:\/\/lirolight.com\/wp-content\/uploads\/2025\/06\/11-1.jpg 1278w\" data-sizes=\"(max-width: 1024px) 100vw, 1024px\" src=\"data:image\/gif;base64,R0lGODlhAQABAAAAACH5BAEKAAEALAAAAAABAAEAAAICTAEAOw==\" style=\"--smush-placeholder-width: 1024px; --smush-placeholder-aspect-ratio: 1024\/539;\" \/><noscript><img loading=\"lazy\" decoding=\"async\" width=\"1024\" height=\"539\" src=\"https:\/\/lirolight.com\/wp-content\/uploads\/2025\/06\/11-1-1024x539.jpg\" alt=\"\" class=\"wp-image-7647\" srcset=\"https:\/\/lirolight.com\/wp-content\/uploads\/2025\/06\/11-1-1024x539.jpg 1024w, https:\/\/lirolight.com\/wp-content\/uploads\/2025\/06\/11-1-300x158.jpg 300w, https:\/\/lirolight.com\/wp-content\/uploads\/2025\/06\/11-1-768x404.jpg 768w, https:\/\/lirolight.com\/wp-content\/uploads\/2025\/06\/11-1-18x9.jpg 18w, https:\/\/lirolight.com\/wp-content\/uploads\/2025\/06\/11-1-990x521.jpg 990w, https:\/\/lirolight.com\/wp-content\/uploads\/2025\/06\/11-1-441x232.jpg 441w, https:\/\/lirolight.com\/wp-content\/uploads\/2025\/06\/11-1-800x421.jpg 800w, https:\/\/lirolight.com\/wp-content\/uploads\/2025\/06\/11-1-150x79.jpg 150w, https:\/\/lirolight.com\/wp-content\/uploads\/2025\/06\/11-1-500x263.jpg 500w, https:\/\/lirolight.com\/wp-content\/uploads\/2025\/06\/11-1-60x32.jpg 60w, https:\/\/lirolight.com\/wp-content\/uploads\/2025\/06\/11-1.jpg 1278w\" sizes=\"(max-width: 1024px) 100vw, 1024px\" \/><\/noscript><\/figure>\n\n\n\n<figure class=\"wp-block-image size-large\"><img loading=\"lazy\" decoding=\"async\" width=\"1024\" height=\"768\" data-src=\"https:\/\/lirolight.com\/wp-content\/uploads\/2025\/06\/444-3-1024x768.png\" alt=\"\" class=\"wp-image-7648 lazyload\" data-srcset=\"https:\/\/lirolight.com\/wp-content\/uploads\/2025\/06\/444-3-1024x768.png 1024w, https:\/\/lirolight.com\/wp-content\/uploads\/2025\/06\/444-3-300x225.png 300w, https:\/\/lirolight.com\/wp-content\/uploads\/2025\/06\/444-3-768x576.png 768w, https:\/\/lirolight.com\/wp-content\/uploads\/2025\/06\/444-3-1536x1152.png 1536w, https:\/\/lirolight.com\/wp-content\/uploads\/2025\/06\/444-3-16x12.png 16w, https:\/\/lirolight.com\/wp-content\/uploads\/2025\/06\/444-3-990x743.png 990w, https:\/\/lirolight.com\/wp-content\/uploads\/2025\/06\/444-3-441x331.png 441w, https:\/\/lirolight.com\/wp-content\/uploads\/2025\/06\/444-3-800x600.png 800w, https:\/\/lirolight.com\/wp-content\/uploads\/2025\/06\/444-3-150x113.png 150w, https:\/\/lirolight.com\/wp-content\/uploads\/2025\/06\/444-3-500x375.png 500w, https:\/\/lirolight.com\/wp-content\/uploads\/2025\/06\/444-3-53x40.png 53w, https:\/\/lirolight.com\/wp-content\/uploads\/2025\/06\/444-3.png 2048w\" data-sizes=\"(max-width: 1024px) 100vw, 1024px\" src=\"data:image\/gif;base64,R0lGODlhAQABAAAAACH5BAEKAAEALAAAAAABAAEAAAICTAEAOw==\" style=\"--smush-placeholder-width: 1024px; --smush-placeholder-aspect-ratio: 1024\/768;\" \/><noscript><img loading=\"lazy\" decoding=\"async\" width=\"1024\" height=\"768\" src=\"https:\/\/lirolight.com\/wp-content\/uploads\/2025\/06\/444-3-1024x768.png\" alt=\"\" class=\"wp-image-7648\" srcset=\"https:\/\/lirolight.com\/wp-content\/uploads\/2025\/06\/444-3-1024x768.png 1024w, https:\/\/lirolight.com\/wp-content\/uploads\/2025\/06\/444-3-300x225.png 300w, https:\/\/lirolight.com\/wp-content\/uploads\/2025\/06\/444-3-768x576.png 768w, https:\/\/lirolight.com\/wp-content\/uploads\/2025\/06\/444-3-1536x1152.png 1536w, https:\/\/lirolight.com\/wp-content\/uploads\/2025\/06\/444-3-16x12.png 16w, https:\/\/lirolight.com\/wp-content\/uploads\/2025\/06\/444-3-990x743.png 990w, https:\/\/lirolight.com\/wp-content\/uploads\/2025\/06\/444-3-441x331.png 441w, https:\/\/lirolight.com\/wp-content\/uploads\/2025\/06\/444-3-800x600.png 800w, https:\/\/lirolight.com\/wp-content\/uploads\/2025\/06\/444-3-150x113.png 150w, https:\/\/lirolight.com\/wp-content\/uploads\/2025\/06\/444-3-500x375.png 500w, https:\/\/lirolight.com\/wp-content\/uploads\/2025\/06\/444-3-53x40.png 53w, https:\/\/lirolight.com\/wp-content\/uploads\/2025\/06\/444-3.png 2048w\" sizes=\"(max-width: 1024px) 100vw, 1024px\" \/><\/noscript><\/figure>\n\n\n\n<p><\/p>","protected":false},"excerpt":{"rendered":"<p>Ce projecteur \u00e9tanche de 380 W est dot\u00e9 d'une lentille de 200 mm de diam\u00e8tre et \u00e9met un faisceau puissant et cibl\u00e9 gr\u00e2ce \u00e0 une ampoule Philips MSD380 qui lui conf\u00e8re une luminosit\u00e9 exceptionnelle. Id\u00e9al pour les \u00e9v\u00e9nements et les installations en ext\u00e9rieur, il est con\u00e7u pour r\u00e9sister aux conditions m\u00e9t\u00e9orologiques difficiles.<\/p>\n<p>&nbsp;<\/p>\n<blockquote><p>\u00a0<\/p><\/blockquote>\n<p>&nbsp;<\/p>","protected":false},"featured_media":7644,"comment_status":"open","ping_status":"closed","template":"","meta":[],"product_brand":[],"product_cat":[51,64],"product_tag":[74],"class_list":{"0":"post-7643","1":"product","2":"type-product","3":"status-publish","4":"has-post-thumbnail","6":"product_cat-waterproof-series","7":"product_cat-ip-beam-bsw","8":"product_tag-beam","10":"first","11":"instock","12":"shipping-taxable","13":"product-type-simple"},"_links":{"self":[{"href":"https:\/\/lirolight.com\/fr\/wp-json\/wp\/v2\/product\/7643","targetHints":{"allow":["GET"]}}],"collection":[{"href":"https:\/\/lirolight.com\/fr\/wp-json\/wp\/v2\/product"}],"about":[{"href":"https:\/\/lirolight.com\/fr\/wp-json\/wp\/v2\/types\/product"}],"replies":[{"embeddable":true,"href":"https:\/\/lirolight.com\/fr\/wp-json\/wp\/v2\/comments?post=7643"}],"version-history":[{"count":4,"href":"https:\/\/lirolight.com\/fr\/wp-json\/wp\/v2\/product\/7643\/revisions"}],"predecessor-version":[{"id":10570,"href":"https:\/\/lirolight.com\/fr\/wp-json\/wp\/v2\/product\/7643\/revisions\/10570"}],"wp:featuredmedia":[{"embeddable":true,"href":"https:\/\/lirolight.com\/fr\/wp-json\/wp\/v2\/media\/7644"}],"wp:attachment":[{"href":"https:\/\/lirolight.com\/fr\/wp-json\/wp\/v2\/media?parent=7643"}],"wp:term":[{"taxonomy":"product_brand","embeddable":true,"href":"https:\/\/lirolight.com\/fr\/wp-json\/wp\/v2\/product_brand?post=7643"},{"taxonomy":"product_cat","embeddable":true,"href":"https:\/\/lirolight.com\/fr\/wp-json\/wp\/v2\/product_cat?post=7643"},{"taxonomy":"product_tag","embeddable":true,"href":"https:\/\/lirolight.com\/fr\/wp-json\/wp\/v2\/product_tag?post=7643"}],"curies":[{"name":"wp","href":"https:\/\/api.w.org\/{rel}","templated":true}]}}