{"id":7668,"date":"2025-06-17T10:36:01","date_gmt":"2025-06-17T10:36:01","guid":{"rendered":"https:\/\/lirolight.com\/?post_type=product&#038;p=7668"},"modified":"2026-01-14T02:41:58","modified_gmt":"2026-01-14T02:41:58","slug":"outdoor-waterproof-double-layer-led-stage-lights-4412w-rgbw-dmx512-controlled-outdoor-flood-lights","status":"publish","type":"product","link":"https:\/\/lirolight.com\/fr\/produit\/outdoor-waterproof-double-layer-led-stage-lights-4412w-rgbw-dmx512-controlled-outdoor-flood-lights\/","title":{"rendered":"LiRO-LITE Lumi\u00e8re de sc\u00e8ne LED \u00e9tanche pour l'ext\u00e9rieur 44*12W RGBW DMX512 Controlled Outdoor Flood Lights"},"content":{"rendered":"<h2 class=\"wp-block-heading\"><strong><mark style=\"background-color:#000000\" class=\"has-inline-color has-white-color\">LR-IP PROJECTEUR 4412<\/mark><\/strong><\/h2>\n\n\n\n<hr class=\"wp-block-separator has-alpha-channel-opacity\"\/>\n\n\n\n<h2 class=\"wp-block-heading\">Photos :<\/h2>\n\n\n\n<div class=\"wp-block-columns is-layout-flex wp-container-core-columns-is-layout-28f84493 wp-block-columns-is-layout-flex\">\n<div class=\"wp-block-column is-layout-flow wp-block-column-is-layout-flow\">\n<figure class=\"wp-block-image size-large\"><img fetchpriority=\"high\" decoding=\"async\" width=\"1024\" height=\"1024\" src=\"https:\/\/lirolight.com\/wp-content\/uploads\/2025\/06\/\u5fae\u4fe1\u56fe\u7247_20250611162820-1-1024x1024.jpg\" alt=\"\" class=\"wp-image-7680\" srcset=\"https:\/\/lirolight.com\/wp-content\/uploads\/2025\/06\/\u5fae\u4fe1\u56fe\u7247_20250611162820-1-1024x1024.jpg 1024w, https:\/\/lirolight.com\/wp-content\/uploads\/2025\/06\/\u5fae\u4fe1\u56fe\u7247_20250611162820-1-300x300.jpg 300w, https:\/\/lirolight.com\/wp-content\/uploads\/2025\/06\/\u5fae\u4fe1\u56fe\u7247_20250611162820-1-150x150.jpg 150w, https:\/\/lirolight.com\/wp-content\/uploads\/2025\/06\/\u5fae\u4fe1\u56fe\u7247_20250611162820-1-768x768.jpg 768w, https:\/\/lirolight.com\/wp-content\/uploads\/2025\/06\/\u5fae\u4fe1\u56fe\u7247_20250611162820-1-12x12.jpg 12w, https:\/\/lirolight.com\/wp-content\/uploads\/2025\/06\/\u5fae\u4fe1\u56fe\u7247_20250611162820-1-990x990.jpg 990w, https:\/\/lirolight.com\/wp-content\/uploads\/2025\/06\/\u5fae\u4fe1\u56fe\u7247_20250611162820-1-441x441.jpg 441w, https:\/\/lirolight.com\/wp-content\/uploads\/2025\/06\/\u5fae\u4fe1\u56fe\u7247_20250611162820-1-100x100.jpg 100w, https:\/\/lirolight.com\/wp-content\/uploads\/2025\/06\/\u5fae\u4fe1\u56fe\u7247_20250611162820-1-800x800.jpg 800w, https:\/\/lirolight.com\/wp-content\/uploads\/2025\/06\/\u5fae\u4fe1\u56fe\u7247_20250611162820-1-500x500.jpg 500w, https:\/\/lirolight.com\/wp-content\/uploads\/2025\/06\/\u5fae\u4fe1\u56fe\u7247_20250611162820-1-40x40.jpg 40w, https:\/\/lirolight.com\/wp-content\/uploads\/2025\/06\/\u5fae\u4fe1\u56fe\u7247_20250611162820-1.jpg 1280w\" sizes=\"(max-width: 1024px) 100vw, 1024px\" \/><\/figure>\n<\/div>\n\n\n\n<div class=\"wp-block-column is-layout-flow wp-block-column-is-layout-flow\">\n<figure class=\"wp-block-image size-large\"><img decoding=\"async\" width=\"1024\" height=\"1024\" data-src=\"https:\/\/lirolight.com\/wp-content\/uploads\/2025\/06\/\u5fae\u4fe1\u56fe\u7247_20250611162824-1-1024x1024.jpg\" alt=\"\" class=\"wp-image-7677 lazyload\" data-srcset=\"https:\/\/lirolight.com\/wp-content\/uploads\/2025\/06\/\u5fae\u4fe1\u56fe\u7247_20250611162824-1-1024x1024.jpg 1024w, https:\/\/lirolight.com\/wp-content\/uploads\/2025\/06\/\u5fae\u4fe1\u56fe\u7247_20250611162824-1-300x300.jpg 300w, https:\/\/lirolight.com\/wp-content\/uploads\/2025\/06\/\u5fae\u4fe1\u56fe\u7247_20250611162824-1-150x150.jpg 150w, https:\/\/lirolight.com\/wp-content\/uploads\/2025\/06\/\u5fae\u4fe1\u56fe\u7247_20250611162824-1-768x768.jpg 768w, https:\/\/lirolight.com\/wp-content\/uploads\/2025\/06\/\u5fae\u4fe1\u56fe\u7247_20250611162824-1-12x12.jpg 12w, https:\/\/lirolight.com\/wp-content\/uploads\/2025\/06\/\u5fae\u4fe1\u56fe\u7247_20250611162824-1-990x990.jpg 990w, https:\/\/lirolight.com\/wp-content\/uploads\/2025\/06\/\u5fae\u4fe1\u56fe\u7247_20250611162824-1-441x441.jpg 441w, https:\/\/lirolight.com\/wp-content\/uploads\/2025\/06\/\u5fae\u4fe1\u56fe\u7247_20250611162824-1-100x100.jpg 100w, https:\/\/lirolight.com\/wp-content\/uploads\/2025\/06\/\u5fae\u4fe1\u56fe\u7247_20250611162824-1-800x800.jpg 800w, https:\/\/lirolight.com\/wp-content\/uploads\/2025\/06\/\u5fae\u4fe1\u56fe\u7247_20250611162824-1-500x500.jpg 500w, https:\/\/lirolight.com\/wp-content\/uploads\/2025\/06\/\u5fae\u4fe1\u56fe\u7247_20250611162824-1-40x40.jpg 40w, https:\/\/lirolight.com\/wp-content\/uploads\/2025\/06\/\u5fae\u4fe1\u56fe\u7247_20250611162824-1.jpg 1280w\" data-sizes=\"(max-width: 1024px) 100vw, 1024px\" src=\"data:image\/gif;base64,R0lGODlhAQABAAAAACH5BAEKAAEALAAAAAABAAEAAAICTAEAOw==\" style=\"--smush-placeholder-width: 1024px; --smush-placeholder-aspect-ratio: 1024\/1024;\" \/><noscript><img decoding=\"async\" width=\"1024\" height=\"1024\" src=\"https:\/\/lirolight.com\/wp-content\/uploads\/2025\/06\/\u5fae\u4fe1\u56fe\u7247_20250611162824-1-1024x1024.jpg\" alt=\"\" class=\"wp-image-7677\" srcset=\"https:\/\/lirolight.com\/wp-content\/uploads\/2025\/06\/\u5fae\u4fe1\u56fe\u7247_20250611162824-1-1024x1024.jpg 1024w, https:\/\/lirolight.com\/wp-content\/uploads\/2025\/06\/\u5fae\u4fe1\u56fe\u7247_20250611162824-1-300x300.jpg 300w, https:\/\/lirolight.com\/wp-content\/uploads\/2025\/06\/\u5fae\u4fe1\u56fe\u7247_20250611162824-1-150x150.jpg 150w, https:\/\/lirolight.com\/wp-content\/uploads\/2025\/06\/\u5fae\u4fe1\u56fe\u7247_20250611162824-1-768x768.jpg 768w, https:\/\/lirolight.com\/wp-content\/uploads\/2025\/06\/\u5fae\u4fe1\u56fe\u7247_20250611162824-1-12x12.jpg 12w, https:\/\/lirolight.com\/wp-content\/uploads\/2025\/06\/\u5fae\u4fe1\u56fe\u7247_20250611162824-1-990x990.jpg 990w, https:\/\/lirolight.com\/wp-content\/uploads\/2025\/06\/\u5fae\u4fe1\u56fe\u7247_20250611162824-1-441x441.jpg 441w, https:\/\/lirolight.com\/wp-content\/uploads\/2025\/06\/\u5fae\u4fe1\u56fe\u7247_20250611162824-1-100x100.jpg 100w, https:\/\/lirolight.com\/wp-content\/uploads\/2025\/06\/\u5fae\u4fe1\u56fe\u7247_20250611162824-1-800x800.jpg 800w, https:\/\/lirolight.com\/wp-content\/uploads\/2025\/06\/\u5fae\u4fe1\u56fe\u7247_20250611162824-1-500x500.jpg 500w, https:\/\/lirolight.com\/wp-content\/uploads\/2025\/06\/\u5fae\u4fe1\u56fe\u7247_20250611162824-1-40x40.jpg 40w, https:\/\/lirolight.com\/wp-content\/uploads\/2025\/06\/\u5fae\u4fe1\u56fe\u7247_20250611162824-1.jpg 1280w\" sizes=\"(max-width: 1024px) 100vw, 1024px\" \/><\/noscript><\/figure>\n<\/div>\n<\/div>\n\n\n\n<div class=\"wp-block-columns is-layout-flex wp-container-core-columns-is-layout-28f84493 wp-block-columns-is-layout-flex\">\n<div class=\"wp-block-column is-layout-flow wp-block-column-is-layout-flow\">\n<figure class=\"wp-block-image size-large\"><img decoding=\"async\" width=\"1024\" height=\"1024\" data-src=\"https:\/\/lirolight.com\/wp-content\/uploads\/2025\/06\/\u5fae\u4fe1\u56fe\u7247_20250611162859-1-1024x1024.jpg\" alt=\"\" class=\"wp-image-7678 lazyload\" data-srcset=\"https:\/\/lirolight.com\/wp-content\/uploads\/2025\/06\/\u5fae\u4fe1\u56fe\u7247_20250611162859-1-1024x1024.jpg 1024w, https:\/\/lirolight.com\/wp-content\/uploads\/2025\/06\/\u5fae\u4fe1\u56fe\u7247_20250611162859-1-300x300.jpg 300w, https:\/\/lirolight.com\/wp-content\/uploads\/2025\/06\/\u5fae\u4fe1\u56fe\u7247_20250611162859-1-150x150.jpg 150w, https:\/\/lirolight.com\/wp-content\/uploads\/2025\/06\/\u5fae\u4fe1\u56fe\u7247_20250611162859-1-768x768.jpg 768w, https:\/\/lirolight.com\/wp-content\/uploads\/2025\/06\/\u5fae\u4fe1\u56fe\u7247_20250611162859-1-1536x1536.jpg 1536w, https:\/\/lirolight.com\/wp-content\/uploads\/2025\/06\/\u5fae\u4fe1\u56fe\u7247_20250611162859-1-2048x2048.jpg 2048w, https:\/\/lirolight.com\/wp-content\/uploads\/2025\/06\/\u5fae\u4fe1\u56fe\u7247_20250611162859-1-12x12.jpg 12w, https:\/\/lirolight.com\/wp-content\/uploads\/2025\/06\/\u5fae\u4fe1\u56fe\u7247_20250611162859-1-990x990.jpg 990w, https:\/\/lirolight.com\/wp-content\/uploads\/2025\/06\/\u5fae\u4fe1\u56fe\u7247_20250611162859-1-441x441.jpg 441w, https:\/\/lirolight.com\/wp-content\/uploads\/2025\/06\/\u5fae\u4fe1\u56fe\u7247_20250611162859-1-100x100.jpg 100w, https:\/\/lirolight.com\/wp-content\/uploads\/2025\/06\/\u5fae\u4fe1\u56fe\u7247_20250611162859-1-800x800.jpg 800w, https:\/\/lirolight.com\/wp-content\/uploads\/2025\/06\/\u5fae\u4fe1\u56fe\u7247_20250611162859-1-500x500.jpg 500w, https:\/\/lirolight.com\/wp-content\/uploads\/2025\/06\/\u5fae\u4fe1\u56fe\u7247_20250611162859-1-40x40.jpg 40w\" data-sizes=\"(max-width: 1024px) 100vw, 1024px\" src=\"data:image\/gif;base64,R0lGODlhAQABAAAAACH5BAEKAAEALAAAAAABAAEAAAICTAEAOw==\" style=\"--smush-placeholder-width: 1024px; --smush-placeholder-aspect-ratio: 1024\/1024;\" \/><noscript><img decoding=\"async\" width=\"1024\" height=\"1024\" src=\"https:\/\/lirolight.com\/wp-content\/uploads\/2025\/06\/\u5fae\u4fe1\u56fe\u7247_20250611162859-1-1024x1024.jpg\" alt=\"\" class=\"wp-image-7678\" srcset=\"https:\/\/lirolight.com\/wp-content\/uploads\/2025\/06\/\u5fae\u4fe1\u56fe\u7247_20250611162859-1-1024x1024.jpg 1024w, https:\/\/lirolight.com\/wp-content\/uploads\/2025\/06\/\u5fae\u4fe1\u56fe\u7247_20250611162859-1-300x300.jpg 300w, https:\/\/lirolight.com\/wp-content\/uploads\/2025\/06\/\u5fae\u4fe1\u56fe\u7247_20250611162859-1-150x150.jpg 150w, https:\/\/lirolight.com\/wp-content\/uploads\/2025\/06\/\u5fae\u4fe1\u56fe\u7247_20250611162859-1-768x768.jpg 768w, https:\/\/lirolight.com\/wp-content\/uploads\/2025\/06\/\u5fae\u4fe1\u56fe\u7247_20250611162859-1-1536x1536.jpg 1536w, https:\/\/lirolight.com\/wp-content\/uploads\/2025\/06\/\u5fae\u4fe1\u56fe\u7247_20250611162859-1-2048x2048.jpg 2048w, https:\/\/lirolight.com\/wp-content\/uploads\/2025\/06\/\u5fae\u4fe1\u56fe\u7247_20250611162859-1-12x12.jpg 12w, https:\/\/lirolight.com\/wp-content\/uploads\/2025\/06\/\u5fae\u4fe1\u56fe\u7247_20250611162859-1-990x990.jpg 990w, https:\/\/lirolight.com\/wp-content\/uploads\/2025\/06\/\u5fae\u4fe1\u56fe\u7247_20250611162859-1-441x441.jpg 441w, https:\/\/lirolight.com\/wp-content\/uploads\/2025\/06\/\u5fae\u4fe1\u56fe\u7247_20250611162859-1-100x100.jpg 100w, https:\/\/lirolight.com\/wp-content\/uploads\/2025\/06\/\u5fae\u4fe1\u56fe\u7247_20250611162859-1-800x800.jpg 800w, https:\/\/lirolight.com\/wp-content\/uploads\/2025\/06\/\u5fae\u4fe1\u56fe\u7247_20250611162859-1-500x500.jpg 500w, https:\/\/lirolight.com\/wp-content\/uploads\/2025\/06\/\u5fae\u4fe1\u56fe\u7247_20250611162859-1-40x40.jpg 40w\" sizes=\"(max-width: 1024px) 100vw, 1024px\" \/><\/noscript><\/figure>\n<\/div>\n\n\n\n<div class=\"wp-block-column is-layout-flow wp-block-column-is-layout-flow\">\n<figure class=\"wp-block-image size-large\"><img loading=\"lazy\" decoding=\"async\" width=\"1024\" height=\"1024\" data-src=\"https:\/\/lirolight.com\/wp-content\/uploads\/2025\/06\/\u5fae\u4fe1\u56fe\u7247_20250611162816-1-1024x1024.jpg\" alt=\"\" class=\"wp-image-7679 lazyload\" data-srcset=\"https:\/\/lirolight.com\/wp-content\/uploads\/2025\/06\/\u5fae\u4fe1\u56fe\u7247_20250611162816-1-1024x1024.jpg 1024w, https:\/\/lirolight.com\/wp-content\/uploads\/2025\/06\/\u5fae\u4fe1\u56fe\u7247_20250611162816-1-300x300.jpg 300w, https:\/\/lirolight.com\/wp-content\/uploads\/2025\/06\/\u5fae\u4fe1\u56fe\u7247_20250611162816-1-150x150.jpg 150w, https:\/\/lirolight.com\/wp-content\/uploads\/2025\/06\/\u5fae\u4fe1\u56fe\u7247_20250611162816-1-768x768.jpg 768w, https:\/\/lirolight.com\/wp-content\/uploads\/2025\/06\/\u5fae\u4fe1\u56fe\u7247_20250611162816-1-12x12.jpg 12w, https:\/\/lirolight.com\/wp-content\/uploads\/2025\/06\/\u5fae\u4fe1\u56fe\u7247_20250611162816-1-990x990.jpg 990w, https:\/\/lirolight.com\/wp-content\/uploads\/2025\/06\/\u5fae\u4fe1\u56fe\u7247_20250611162816-1-441x441.jpg 441w, https:\/\/lirolight.com\/wp-content\/uploads\/2025\/06\/\u5fae\u4fe1\u56fe\u7247_20250611162816-1-100x100.jpg 100w, https:\/\/lirolight.com\/wp-content\/uploads\/2025\/06\/\u5fae\u4fe1\u56fe\u7247_20250611162816-1-800x800.jpg 800w, https:\/\/lirolight.com\/wp-content\/uploads\/2025\/06\/\u5fae\u4fe1\u56fe\u7247_20250611162816-1-500x500.jpg 500w, https:\/\/lirolight.com\/wp-content\/uploads\/2025\/06\/\u5fae\u4fe1\u56fe\u7247_20250611162816-1-40x40.jpg 40w, https:\/\/lirolight.com\/wp-content\/uploads\/2025\/06\/\u5fae\u4fe1\u56fe\u7247_20250611162816-1.jpg 1280w\" data-sizes=\"(max-width: 1024px) 100vw, 1024px\" src=\"data:image\/gif;base64,R0lGODlhAQABAAAAACH5BAEKAAEALAAAAAABAAEAAAICTAEAOw==\" style=\"--smush-placeholder-width: 1024px; --smush-placeholder-aspect-ratio: 1024\/1024;\" \/><noscript><img loading=\"lazy\" decoding=\"async\" width=\"1024\" height=\"1024\" src=\"https:\/\/lirolight.com\/wp-content\/uploads\/2025\/06\/\u5fae\u4fe1\u56fe\u7247_20250611162816-1-1024x1024.jpg\" alt=\"\" class=\"wp-image-7679\" srcset=\"https:\/\/lirolight.com\/wp-content\/uploads\/2025\/06\/\u5fae\u4fe1\u56fe\u7247_20250611162816-1-1024x1024.jpg 1024w, https:\/\/lirolight.com\/wp-content\/uploads\/2025\/06\/\u5fae\u4fe1\u56fe\u7247_20250611162816-1-300x300.jpg 300w, https:\/\/lirolight.com\/wp-content\/uploads\/2025\/06\/\u5fae\u4fe1\u56fe\u7247_20250611162816-1-150x150.jpg 150w, https:\/\/lirolight.com\/wp-content\/uploads\/2025\/06\/\u5fae\u4fe1\u56fe\u7247_20250611162816-1-768x768.jpg 768w, https:\/\/lirolight.com\/wp-content\/uploads\/2025\/06\/\u5fae\u4fe1\u56fe\u7247_20250611162816-1-12x12.jpg 12w, https:\/\/lirolight.com\/wp-content\/uploads\/2025\/06\/\u5fae\u4fe1\u56fe\u7247_20250611162816-1-990x990.jpg 990w, https:\/\/lirolight.com\/wp-content\/uploads\/2025\/06\/\u5fae\u4fe1\u56fe\u7247_20250611162816-1-441x441.jpg 441w, https:\/\/lirolight.com\/wp-content\/uploads\/2025\/06\/\u5fae\u4fe1\u56fe\u7247_20250611162816-1-100x100.jpg 100w, https:\/\/lirolight.com\/wp-content\/uploads\/2025\/06\/\u5fae\u4fe1\u56fe\u7247_20250611162816-1-800x800.jpg 800w, https:\/\/lirolight.com\/wp-content\/uploads\/2025\/06\/\u5fae\u4fe1\u56fe\u7247_20250611162816-1-500x500.jpg 500w, https:\/\/lirolight.com\/wp-content\/uploads\/2025\/06\/\u5fae\u4fe1\u56fe\u7247_20250611162816-1-40x40.jpg 40w, https:\/\/lirolight.com\/wp-content\/uploads\/2025\/06\/\u5fae\u4fe1\u56fe\u7247_20250611162816-1.jpg 1280w\" sizes=\"(max-width: 1024px) 100vw, 1024px\" \/><\/noscript><\/figure>\n<\/div>\n<\/div>\n\n\n\n<h2 class=\"wp-block-heading\"><font style=\"vertical-align: inherit;\"><font style=\"vertical-align: inherit;\">Sp\u00e9cification\uff1a<\/font><\/font><\/h2>\n\n\n\n<p>Tension : AC100~240V 50\/60HZ<br>Puissance : 400W<br>Source lumineuse LED : 44x10W RGBW (88*12W en option)<br>Temp\u00e9rature de couleur : 2700K~10000K<br>Mode de contr\u00f4le : DMX512, automoteur, ma\u00eetre-esclave, commande vocale<br>Angle : 15\u00b0, 25\u00b0, 30\u00b0, 40\u00b0.<br>Strobe : stroboscope \u00e9lectronique ind\u00e9pendant<br>Canal : 4\/8CH<br>Temp\u00e9rature de fonctionnement : -20 degr\u00e9s ~ 40 degr\u00e9s<br>Aspect : m\u00e9tal, noir<br>Dur\u00e9e de vie de la lampe : 50000h<br>Mode de connexion : Entr\u00e9e et sortie DMX512 \/ entr\u00e9e et sortie d'alimentation.<br>Niveau IP : IP65<br>Poids net : 7,9 kg<br>(avec feuille de protection l\u00e9g\u00e8re) Taille du carton : 585<em>340<\/em>230mm<\/p>\n\n\n\n<h2 class=\"wp-block-heading\">Param\u00e8tre : <\/h2>\n\n\n\n<figure class=\"wp-block-table\"><table class=\"has-fixed-layout\"><tbody><tr><td>Tension d'entr\u00e9e : <\/td><td>AC 110V-240V 50\/60Hz<\/td><\/tr><tr><td>Source lumineuse : <\/td><td>44x10W RGBW (88*12W en option)<\/td><\/tr><tr><td>Angle :<\/td><td>15\u00b0, 25\u00b0, 30\u00b0, 40\u00b0<\/td><\/tr><tr><td>Cha\u00eene :<\/td><td>4\/8CH<\/td><\/tr><tr><td>Niveau de protection : <\/td><td>IP65<\/td><\/tr><\/tbody><\/table><\/figure>\n\n\n\n<h2 class=\"wp-block-heading\">Heure du spectacle :<\/h2>\n\n\n\n<div class=\"wp-block-columns is-layout-flex wp-container-core-columns-is-layout-28f84493 wp-block-columns-is-layout-flex\">\n<div class=\"wp-block-column is-layout-flow wp-block-column-is-layout-flow\">\n<figure class=\"wp-block-image size-full\"><img loading=\"lazy\" decoding=\"async\" width=\"371\" height=\"564\" data-src=\"https:\/\/lirolight.com\/wp-content\/uploads\/2025\/06\/\u5fae\u4fe1\u622a\u56fe_20250611120110-1.jpg\" alt=\"\" class=\"wp-image-7682 lazyload\" data-srcset=\"https:\/\/lirolight.com\/wp-content\/uploads\/2025\/06\/\u5fae\u4fe1\u622a\u56fe_20250611120110-1.jpg 371w, https:\/\/lirolight.com\/wp-content\/uploads\/2025\/06\/\u5fae\u4fe1\u622a\u56fe_20250611120110-1-197x300.jpg 197w, https:\/\/lirolight.com\/wp-content\/uploads\/2025\/06\/\u5fae\u4fe1\u622a\u56fe_20250611120110-1-8x12.jpg 8w, https:\/\/lirolight.com\/wp-content\/uploads\/2025\/06\/\u5fae\u4fe1\u622a\u56fe_20250611120110-1-300x456.jpg 300w, https:\/\/lirolight.com\/wp-content\/uploads\/2025\/06\/\u5fae\u4fe1\u622a\u56fe_20250611120110-1-150x228.jpg 150w, https:\/\/lirolight.com\/wp-content\/uploads\/2025\/06\/\u5fae\u4fe1\u622a\u56fe_20250611120110-1-329x500.jpg 329w, https:\/\/lirolight.com\/wp-content\/uploads\/2025\/06\/\u5fae\u4fe1\u622a\u56fe_20250611120110-1-26x40.jpg 26w\" data-sizes=\"(max-width: 371px) 100vw, 371px\" src=\"data:image\/gif;base64,R0lGODlhAQABAAAAACH5BAEKAAEALAAAAAABAAEAAAICTAEAOw==\" style=\"--smush-placeholder-width: 371px; --smush-placeholder-aspect-ratio: 371\/564;\" \/><noscript><img loading=\"lazy\" decoding=\"async\" width=\"371\" height=\"564\" src=\"https:\/\/lirolight.com\/wp-content\/uploads\/2025\/06\/\u5fae\u4fe1\u622a\u56fe_20250611120110-1.jpg\" alt=\"\" class=\"wp-image-7682\" srcset=\"https:\/\/lirolight.com\/wp-content\/uploads\/2025\/06\/\u5fae\u4fe1\u622a\u56fe_20250611120110-1.jpg 371w, https:\/\/lirolight.com\/wp-content\/uploads\/2025\/06\/\u5fae\u4fe1\u622a\u56fe_20250611120110-1-197x300.jpg 197w, https:\/\/lirolight.com\/wp-content\/uploads\/2025\/06\/\u5fae\u4fe1\u622a\u56fe_20250611120110-1-8x12.jpg 8w, https:\/\/lirolight.com\/wp-content\/uploads\/2025\/06\/\u5fae\u4fe1\u622a\u56fe_20250611120110-1-300x456.jpg 300w, https:\/\/lirolight.com\/wp-content\/uploads\/2025\/06\/\u5fae\u4fe1\u622a\u56fe_20250611120110-1-150x228.jpg 150w, https:\/\/lirolight.com\/wp-content\/uploads\/2025\/06\/\u5fae\u4fe1\u622a\u56fe_20250611120110-1-329x500.jpg 329w, https:\/\/lirolight.com\/wp-content\/uploads\/2025\/06\/\u5fae\u4fe1\u622a\u56fe_20250611120110-1-26x40.jpg 26w\" sizes=\"(max-width: 371px) 100vw, 371px\" \/><\/noscript><\/figure>\n<\/div>\n\n\n\n<div class=\"wp-block-column is-layout-flow wp-block-column-is-layout-flow\">\n<figure class=\"wp-block-image size-full\"><img loading=\"lazy\" decoding=\"async\" width=\"374\" height=\"563\" data-src=\"https:\/\/lirolight.com\/wp-content\/uploads\/2025\/06\/\u5fae\u4fe1\u622a\u56fe_20250611120206.jpg\" alt=\"\" class=\"wp-image-7686 lazyload\" data-srcset=\"https:\/\/lirolight.com\/wp-content\/uploads\/2025\/06\/\u5fae\u4fe1\u622a\u56fe_20250611120206.jpg 374w, https:\/\/lirolight.com\/wp-content\/uploads\/2025\/06\/\u5fae\u4fe1\u622a\u56fe_20250611120206-199x300.jpg 199w, https:\/\/lirolight.com\/wp-content\/uploads\/2025\/06\/\u5fae\u4fe1\u622a\u56fe_20250611120206-8x12.jpg 8w, https:\/\/lirolight.com\/wp-content\/uploads\/2025\/06\/\u5fae\u4fe1\u622a\u56fe_20250611120206-300x452.jpg 300w, https:\/\/lirolight.com\/wp-content\/uploads\/2025\/06\/\u5fae\u4fe1\u622a\u56fe_20250611120206-150x226.jpg 150w, https:\/\/lirolight.com\/wp-content\/uploads\/2025\/06\/\u5fae\u4fe1\u622a\u56fe_20250611120206-332x500.jpg 332w, https:\/\/lirolight.com\/wp-content\/uploads\/2025\/06\/\u5fae\u4fe1\u622a\u56fe_20250611120206-27x40.jpg 27w\" data-sizes=\"(max-width: 374px) 100vw, 374px\" src=\"data:image\/gif;base64,R0lGODlhAQABAAAAACH5BAEKAAEALAAAAAABAAEAAAICTAEAOw==\" style=\"--smush-placeholder-width: 374px; --smush-placeholder-aspect-ratio: 374\/563;\" \/><noscript><img loading=\"lazy\" decoding=\"async\" width=\"374\" height=\"563\" src=\"https:\/\/lirolight.com\/wp-content\/uploads\/2025\/06\/\u5fae\u4fe1\u622a\u56fe_20250611120206.jpg\" alt=\"\" class=\"wp-image-7686\" srcset=\"https:\/\/lirolight.com\/wp-content\/uploads\/2025\/06\/\u5fae\u4fe1\u622a\u56fe_20250611120206.jpg 374w, https:\/\/lirolight.com\/wp-content\/uploads\/2025\/06\/\u5fae\u4fe1\u622a\u56fe_20250611120206-199x300.jpg 199w, https:\/\/lirolight.com\/wp-content\/uploads\/2025\/06\/\u5fae\u4fe1\u622a\u56fe_20250611120206-8x12.jpg 8w, https:\/\/lirolight.com\/wp-content\/uploads\/2025\/06\/\u5fae\u4fe1\u622a\u56fe_20250611120206-300x452.jpg 300w, https:\/\/lirolight.com\/wp-content\/uploads\/2025\/06\/\u5fae\u4fe1\u622a\u56fe_20250611120206-150x226.jpg 150w, https:\/\/lirolight.com\/wp-content\/uploads\/2025\/06\/\u5fae\u4fe1\u622a\u56fe_20250611120206-332x500.jpg 332w, https:\/\/lirolight.com\/wp-content\/uploads\/2025\/06\/\u5fae\u4fe1\u622a\u56fe_20250611120206-27x40.jpg 27w\" sizes=\"(max-width: 374px) 100vw, 374px\" \/><\/noscript><\/figure>\n<\/div>\n<\/div>\n\n\n\n<h2 class=\"wp-block-heading\"><strong>Lien vid\u00e9o :<\/strong><\/h2>\n\n\n\n<p><a href=\"https:\/\/www.instagram.com\/p\/DOnoA7REq6q\" target=\"_blank\" rel=\"noopener\">https:\/\/www.instagram.com\/p\/DOnoA7REq6q<\/a><\/p>","protected":false},"excerpt":{"rendered":"<p>&nbsp;<\/p>\n<p>&nbsp;<\/p>\n<blockquote><p>\u00a0<\/p><\/blockquote>\n<p>&nbsp;<\/p>","protected":false},"featured_media":7677,"comment_status":"open","ping_status":"closed","template":"","meta":[],"product_brand":[],"product_cat":[51,84],"product_tag":[73],"class_list":{"0":"post-7668","1":"product","2":"type-product","3":"status-publish","4":"has-post-thumbnail","6":"product_cat-waterproof-series","7":"product_cat-ip-led-wall-washer","8":"product_tag-wash","10":"first","11":"instock","12":"shipping-taxable","13":"product-type-simple"},"_links":{"self":[{"href":"https:\/\/lirolight.com\/fr\/wp-json\/wp\/v2\/product\/7668","targetHints":{"allow":["GET"]}}],"collection":[{"href":"https:\/\/lirolight.com\/fr\/wp-json\/wp\/v2\/product"}],"about":[{"href":"https:\/\/lirolight.com\/fr\/wp-json\/wp\/v2\/types\/product"}],"replies":[{"embeddable":true,"href":"https:\/\/lirolight.com\/fr\/wp-json\/wp\/v2\/comments?post=7668"}],"version-history":[{"count":5,"href":"https:\/\/lirolight.com\/fr\/wp-json\/wp\/v2\/product\/7668\/revisions"}],"predecessor-version":[{"id":10573,"href":"https:\/\/lirolight.com\/fr\/wp-json\/wp\/v2\/product\/7668\/revisions\/10573"}],"wp:featuredmedia":[{"embeddable":true,"href":"https:\/\/lirolight.com\/fr\/wp-json\/wp\/v2\/media\/7677"}],"wp:attachment":[{"href":"https:\/\/lirolight.com\/fr\/wp-json\/wp\/v2\/media?parent=7668"}],"wp:term":[{"taxonomy":"product_brand","embeddable":true,"href":"https:\/\/lirolight.com\/fr\/wp-json\/wp\/v2\/product_brand?post=7668"},{"taxonomy":"product_cat","embeddable":true,"href":"https:\/\/lirolight.com\/fr\/wp-json\/wp\/v2\/product_cat?post=7668"},{"taxonomy":"product_tag","embeddable":true,"href":"https:\/\/lirolight.com\/fr\/wp-json\/wp\/v2\/product_tag?post=7668"}],"curies":[{"name":"wp","href":"https:\/\/api.w.org\/{rel}","templated":true}]}}