{"id":7985,"date":"2025-07-08T07:03:02","date_gmt":"2025-07-08T07:03:02","guid":{"rendered":"https:\/\/lirolight.com\/?post_type=product&#038;p=7985"},"modified":"2026-01-14T02:54:41","modified_gmt":"2026-01-14T02:54:41","slug":"ip66-10x60w-rgbw-pixel-stage-bar-light-waterproof-beam-wash-moving-head-light-for-dj-disco-club-stage","status":"publish","type":"product","link":"https:\/\/lirolight.com\/fr\/produit\/ip66-10x60w-rgbw-pixel-stage-bar-light-waterproof-beam-wash-moving-head-light-for-dj-disco-club-stage\/","title":{"rendered":"LiRO-LITE IP66 10x60W RGBW Pixel Stage Bar Light Waterproof Beam Wash Moving Head Light for DJ Disco Club Stage"},"content":{"rendered":"<h2 class=\"wp-block-heading\"><strong><mark style=\"background-color:#000000\" class=\"has-inline-color has-white-color\">LR-IP MSD1060<\/mark><\/strong><\/h2>\n\n\n\n<div class=\"wp-block-columns is-layout-flex wp-container-core-columns-is-layout-28f84493 wp-block-columns-is-layout-flex\">\n<div class=\"wp-block-column is-layout-flow wp-block-column-is-layout-flow\"><\/div>\n<\/div>\n\n\n\n<hr class=\"wp-block-separator has-alpha-channel-opacity\"\/>\n\n\n\n<h2 class=\"wp-block-heading\">Photos :<\/h2>\n\n\n\n<div class=\"wp-block-columns is-layout-flex wp-container-core-columns-is-layout-28f84493 wp-block-columns-is-layout-flex\">\n<div class=\"wp-block-column is-layout-flow wp-block-column-is-layout-flow\">\n<figure class=\"wp-block-image size-large\"><img fetchpriority=\"high\" decoding=\"async\" width=\"1024\" height=\"1024\" src=\"https:\/\/lirolight.com\/wp-content\/uploads\/2022\/01\/\u5f695-1024x1024.png\" alt=\"\" class=\"wp-image-7839\" srcset=\"https:\/\/lirolight.com\/wp-content\/uploads\/2022\/01\/\u5f695-1024x1024.png 1024w, https:\/\/lirolight.com\/wp-content\/uploads\/2022\/01\/\u5f695-300x300.png 300w, https:\/\/lirolight.com\/wp-content\/uploads\/2022\/01\/\u5f695-150x150.png 150w, https:\/\/lirolight.com\/wp-content\/uploads\/2022\/01\/\u5f695-768x768.png 768w, https:\/\/lirolight.com\/wp-content\/uploads\/2022\/01\/\u5f695-1536x1536.png 1536w, https:\/\/lirolight.com\/wp-content\/uploads\/2022\/01\/\u5f695-2048x2048.png 2048w, https:\/\/lirolight.com\/wp-content\/uploads\/2022\/01\/\u5f695-12x12.png 12w, https:\/\/lirolight.com\/wp-content\/uploads\/2022\/01\/\u5f695-990x990.png 990w, https:\/\/lirolight.com\/wp-content\/uploads\/2022\/01\/\u5f695-441x441.png 441w, https:\/\/lirolight.com\/wp-content\/uploads\/2022\/01\/\u5f695-100x100.png 100w, https:\/\/lirolight.com\/wp-content\/uploads\/2022\/01\/\u5f695-800x800.png 800w, https:\/\/lirolight.com\/wp-content\/uploads\/2022\/01\/\u5f695-500x500.png 500w, https:\/\/lirolight.com\/wp-content\/uploads\/2022\/01\/\u5f695-40x40.png 40w\" sizes=\"(max-width: 1024px) 100vw, 1024px\" \/><\/figure>\n<\/div>\n\n\n\n<div class=\"wp-block-column is-layout-flow wp-block-column-is-layout-flow\">\n<figure class=\"wp-block-image size-large\"><img decoding=\"async\" width=\"1024\" height=\"1024\" data-src=\"https:\/\/lirolight.com\/wp-content\/uploads\/2025\/05\/\u8df32-1024x1024.png\" alt=\"\" class=\"wp-image-7847 lazyload\" data-srcset=\"https:\/\/lirolight.com\/wp-content\/uploads\/2025\/05\/\u8df32-1024x1024.png 1024w, https:\/\/lirolight.com\/wp-content\/uploads\/2025\/05\/\u8df32-300x300.png 300w, https:\/\/lirolight.com\/wp-content\/uploads\/2025\/05\/\u8df32-150x150.png 150w, https:\/\/lirolight.com\/wp-content\/uploads\/2025\/05\/\u8df32-768x768.png 768w, https:\/\/lirolight.com\/wp-content\/uploads\/2025\/05\/\u8df32-1536x1536.png 1536w, https:\/\/lirolight.com\/wp-content\/uploads\/2025\/05\/\u8df32-2048x2048.png 2048w, https:\/\/lirolight.com\/wp-content\/uploads\/2025\/05\/\u8df32-12x12.png 12w, https:\/\/lirolight.com\/wp-content\/uploads\/2025\/05\/\u8df32-990x990.png 990w, https:\/\/lirolight.com\/wp-content\/uploads\/2025\/05\/\u8df32-441x441.png 441w, https:\/\/lirolight.com\/wp-content\/uploads\/2025\/05\/\u8df32-100x100.png 100w, https:\/\/lirolight.com\/wp-content\/uploads\/2025\/05\/\u8df32-800x800.png 800w, https:\/\/lirolight.com\/wp-content\/uploads\/2025\/05\/\u8df32-500x500.png 500w, https:\/\/lirolight.com\/wp-content\/uploads\/2025\/05\/\u8df32-40x40.png 40w\" data-sizes=\"(max-width: 1024px) 100vw, 1024px\" src=\"data:image\/gif;base64,R0lGODlhAQABAAAAACH5BAEKAAEALAAAAAABAAEAAAICTAEAOw==\" style=\"--smush-placeholder-width: 1024px; --smush-placeholder-aspect-ratio: 1024\/1024;\" \/><noscript><img decoding=\"async\" width=\"1024\" height=\"1024\" src=\"https:\/\/lirolight.com\/wp-content\/uploads\/2025\/05\/\u8df32-1024x1024.png\" alt=\"\" class=\"wp-image-7847\" srcset=\"https:\/\/lirolight.com\/wp-content\/uploads\/2025\/05\/\u8df32-1024x1024.png 1024w, https:\/\/lirolight.com\/wp-content\/uploads\/2025\/05\/\u8df32-300x300.png 300w, https:\/\/lirolight.com\/wp-content\/uploads\/2025\/05\/\u8df32-150x150.png 150w, https:\/\/lirolight.com\/wp-content\/uploads\/2025\/05\/\u8df32-768x768.png 768w, https:\/\/lirolight.com\/wp-content\/uploads\/2025\/05\/\u8df32-1536x1536.png 1536w, https:\/\/lirolight.com\/wp-content\/uploads\/2025\/05\/\u8df32-2048x2048.png 2048w, https:\/\/lirolight.com\/wp-content\/uploads\/2025\/05\/\u8df32-12x12.png 12w, https:\/\/lirolight.com\/wp-content\/uploads\/2025\/05\/\u8df32-990x990.png 990w, https:\/\/lirolight.com\/wp-content\/uploads\/2025\/05\/\u8df32-441x441.png 441w, https:\/\/lirolight.com\/wp-content\/uploads\/2025\/05\/\u8df32-100x100.png 100w, https:\/\/lirolight.com\/wp-content\/uploads\/2025\/05\/\u8df32-800x800.png 800w, https:\/\/lirolight.com\/wp-content\/uploads\/2025\/05\/\u8df32-500x500.png 500w, https:\/\/lirolight.com\/wp-content\/uploads\/2025\/05\/\u8df32-40x40.png 40w\" sizes=\"(max-width: 1024px) 100vw, 1024px\" \/><\/noscript><\/figure>\n<\/div>\n<\/div>\n\n\n\n<figure class=\"wp-block-image size-large is-resized\"><img decoding=\"async\" width=\"585\" height=\"1024\" data-src=\"https:\/\/lirolight.com\/wp-content\/uploads\/2025\/07\/\u7ec6\u8282-585x1024.jpg\" alt=\"\" class=\"wp-image-9946 lazyload\" style=\"--smush-placeholder-width: 585px; --smush-placeholder-aspect-ratio: 585\/1024;width:900px;height:auto\" data-srcset=\"https:\/\/lirolight.com\/wp-content\/uploads\/2025\/07\/\u7ec6\u8282-585x1024.jpg 585w, https:\/\/lirolight.com\/wp-content\/uploads\/2025\/07\/\u7ec6\u8282-171x300.jpg 171w, https:\/\/lirolight.com\/wp-content\/uploads\/2025\/07\/\u7ec6\u8282-768x1344.jpg 768w, https:\/\/lirolight.com\/wp-content\/uploads\/2025\/07\/\u7ec6\u8282-878x1536.jpg 878w, https:\/\/lirolight.com\/wp-content\/uploads\/2025\/07\/\u7ec6\u8282-1170x2048.jpg 1170w, https:\/\/lirolight.com\/wp-content\/uploads\/2025\/07\/\u7ec6\u8282-7x12.jpg 7w, https:\/\/lirolight.com\/wp-content\/uploads\/2025\/07\/\u7ec6\u8282-990x1733.jpg 990w, https:\/\/lirolight.com\/wp-content\/uploads\/2025\/07\/\u7ec6\u8282-441x772.jpg 441w, https:\/\/lirolight.com\/wp-content\/uploads\/2025\/07\/\u7ec6\u8282-300x525.jpg 300w, https:\/\/lirolight.com\/wp-content\/uploads\/2025\/07\/\u7ec6\u8282-800x1400.jpg 800w, https:\/\/lirolight.com\/wp-content\/uploads\/2025\/07\/\u7ec6\u8282-150x263.jpg 150w, https:\/\/lirolight.com\/wp-content\/uploads\/2025\/07\/\u7ec6\u8282-286x500.jpg 286w, https:\/\/lirolight.com\/wp-content\/uploads\/2025\/07\/\u7ec6\u8282-23x40.jpg 23w, https:\/\/lirolight.com\/wp-content\/uploads\/2025\/07\/\u7ec6\u8282-scaled.jpg 1463w\" data-sizes=\"(max-width: 585px) 100vw, 585px\" src=\"data:image\/gif;base64,R0lGODlhAQABAAAAACH5BAEKAAEALAAAAAABAAEAAAICTAEAOw==\" \/><noscript><img decoding=\"async\" width=\"585\" height=\"1024\" src=\"https:\/\/lirolight.com\/wp-content\/uploads\/2025\/07\/\u7ec6\u8282-585x1024.jpg\" alt=\"\" class=\"wp-image-9946\" style=\"width:900px;height:auto\" srcset=\"https:\/\/lirolight.com\/wp-content\/uploads\/2025\/07\/\u7ec6\u8282-585x1024.jpg 585w, https:\/\/lirolight.com\/wp-content\/uploads\/2025\/07\/\u7ec6\u8282-171x300.jpg 171w, https:\/\/lirolight.com\/wp-content\/uploads\/2025\/07\/\u7ec6\u8282-768x1344.jpg 768w, https:\/\/lirolight.com\/wp-content\/uploads\/2025\/07\/\u7ec6\u8282-878x1536.jpg 878w, https:\/\/lirolight.com\/wp-content\/uploads\/2025\/07\/\u7ec6\u8282-1170x2048.jpg 1170w, https:\/\/lirolight.com\/wp-content\/uploads\/2025\/07\/\u7ec6\u8282-7x12.jpg 7w, https:\/\/lirolight.com\/wp-content\/uploads\/2025\/07\/\u7ec6\u8282-990x1733.jpg 990w, https:\/\/lirolight.com\/wp-content\/uploads\/2025\/07\/\u7ec6\u8282-441x772.jpg 441w, https:\/\/lirolight.com\/wp-content\/uploads\/2025\/07\/\u7ec6\u8282-300x525.jpg 300w, https:\/\/lirolight.com\/wp-content\/uploads\/2025\/07\/\u7ec6\u8282-800x1400.jpg 800w, https:\/\/lirolight.com\/wp-content\/uploads\/2025\/07\/\u7ec6\u8282-150x263.jpg 150w, https:\/\/lirolight.com\/wp-content\/uploads\/2025\/07\/\u7ec6\u8282-286x500.jpg 286w, https:\/\/lirolight.com\/wp-content\/uploads\/2025\/07\/\u7ec6\u8282-23x40.jpg 23w, https:\/\/lirolight.com\/wp-content\/uploads\/2025\/07\/\u7ec6\u8282-scaled.jpg 1463w\" sizes=\"(max-width: 585px) 100vw, 585px\" \/><\/noscript><\/figure>\n\n\n\n<h2 class=\"wp-block-heading\"><font style=\"vertical-align: inherit;\"><font style=\"vertical-align: inherit;\">Sp\u00e9cification\uff1a<\/font><\/font><\/h2>\n\n\n\n<p>Plage de tension d'entr\u00e9e : AC100~240V 50 \/60 HZ<br>Puissance : 1000W<br>Eclairage principal : 10x60W RGBW 4-in-1 LEDs<br>Strobe 1 : 120x1W 6500K white Leds<br>Strobe 2 : 120x1W 3000K white Leds<br>LED : Contr\u00f4le d'un seul point<br>Lumi\u00e8re principale Angle de rayonnement : 4,5\u00b0-36\u00b0.<br>Lumi\u00e8re auxiliaire Angle de rayonnement : 120\u00b0.<br>Canal : 29\/56\/216\/262\/282\/142\/ 247CH<br>Mode de contr\u00f4le : DMX512\/Ma\u00eetre-Esclave\/Auto Run\/RDM\/Manuel<br>Gradation : 0-100% gradation lin\u00e9aire<br>Strobe : 0-25Hz, une vari\u00e9t\u00e9 d'effets stroboscopiques au choix, vitesse r\u00e9glable.<br>Magnification : Grossissement \u00e9lectrique<br>Effet de m\u00e9lange des couleurs : M\u00e9lange de couleurs RGBW ou CMY<br>Taux de protection : IP66<\/p>\n\n\n\n<h2 class=\"wp-block-heading\">Param\u00e8tre : <\/h2>\n\n\n\n<figure class=\"wp-block-table\"><table class=\"has-fixed-layout\"><tbody><tr><td>Tension d'entr\u00e9e : <\/td><td>AC100~240V 50 \/60 HZ<\/td><\/tr><tr><td>Lumi\u00e8re principale :<\/td><td>10x60W RGBW 4-in-1 LEDs<\/td><\/tr><tr><td>Strobe 1 :<\/td><td>120x1W 6500K Leds blanches<\/td><\/tr><tr><td>Strobe 2 :<\/td><td>120x1W 3000K Leds blanches<\/td><\/tr><tr><td>Feu principal Angle de rayonnement<\/td><td>4.5\u00b0-36\u00b0<\/td><\/tr><tr><td>Lumi\u00e8re auxiliaire Angle du faisceau :<\/td><td>120\u00b0<\/td><\/tr><tr><td>Cha\u00eene :<\/td><td>29\/56\/216\/262\/282\/142\/ 247CH<\/td><\/tr><tr><td>Niveau de protection : <\/td><td>IP66<\/td><\/tr><\/tbody><\/table><\/figure>\n\n\n\n<h2 class=\"wp-block-heading\"><strong>Lien vid\u00e9o :<\/strong><\/h2>\n\n\n\n<p><a href=\"https:\/\/www.instagram.com\/p\/DSd2REkjyM8\" target=\"_blank\" rel=\"noopener\">https:\/\/www.instagram.com\/p\/DSd2REkjyM8<\/a><\/p>\n\n\n\n<p><a href=\"https:\/\/www.instagram.com\/p\/DSD-pbdAcWR\" target=\"_blank\" rel=\"noopener\">https:\/\/www.instagram.com\/p\/DSD-pbdAcWR<\/a><\/p>","protected":false},"excerpt":{"rendered":"<p>D\u00e9couvrez le Medusa B1060, qui allie un design innovant \u00e0 des performances robustes. Son apparence \u00e9l\u00e9gante est assortie d'une construction \u00e9tanche IP66 durable, parfaite pour les conditions de sc\u00e8ne exigeantes. L'encodeur magn\u00e9tique intelligent permet un mouvement et un positionnement ultra-pr\u00e9cis, garantissant que vos signaux lumineux sont exactement l\u00e0 o\u00f9 vous le souhaitez. Aliment\u00e9 par dix LED RGBW Quad \u00e0 haut rendement de 60W, il offre un m\u00e9lange de couleurs brillant et un \u00e9clairage puissant.<\/p>","protected":false},"featured_media":7838,"comment_status":"open","ping_status":"closed","template":"","meta":[],"product_brand":[],"product_cat":[51,53],"product_tag":[74,73],"class_list":{"0":"post-7985","1":"product","2":"type-product","3":"status-publish","4":"has-post-thumbnail","6":"product_cat-waterproof-series","7":"product_cat-ip-wash","8":"product_tag-beam","9":"product_tag-wash","11":"first","12":"instock","13":"shipping-taxable","14":"product-type-simple"},"_links":{"self":[{"href":"https:\/\/lirolight.com\/fr\/wp-json\/wp\/v2\/product\/7985","targetHints":{"allow":["GET"]}}],"collection":[{"href":"https:\/\/lirolight.com\/fr\/wp-json\/wp\/v2\/product"}],"about":[{"href":"https:\/\/lirolight.com\/fr\/wp-json\/wp\/v2\/types\/product"}],"replies":[{"embeddable":true,"href":"https:\/\/lirolight.com\/fr\/wp-json\/wp\/v2\/comments?post=7985"}],"version-history":[{"count":6,"href":"https:\/\/lirolight.com\/fr\/wp-json\/wp\/v2\/product\/7985\/revisions"}],"predecessor-version":[{"id":10578,"href":"https:\/\/lirolight.com\/fr\/wp-json\/wp\/v2\/product\/7985\/revisions\/10578"}],"wp:featuredmedia":[{"embeddable":true,"href":"https:\/\/lirolight.com\/fr\/wp-json\/wp\/v2\/media\/7838"}],"wp:attachment":[{"href":"https:\/\/lirolight.com\/fr\/wp-json\/wp\/v2\/media?parent=7985"}],"wp:term":[{"taxonomy":"product_brand","embeddable":true,"href":"https:\/\/lirolight.com\/fr\/wp-json\/wp\/v2\/product_brand?post=7985"},{"taxonomy":"product_cat","embeddable":true,"href":"https:\/\/lirolight.com\/fr\/wp-json\/wp\/v2\/product_cat?post=7985"},{"taxonomy":"product_tag","embeddable":true,"href":"https:\/\/lirolight.com\/fr\/wp-json\/wp\/v2\/product_tag?post=7985"}],"curies":[{"name":"wp","href":"https:\/\/api.w.org\/{rel}","templated":true}]}}