{"id":8096,"date":"2025-07-10T00:49:04","date_gmt":"2025-07-10T00:49:04","guid":{"rendered":"https:\/\/lirolight.com\/?post_type=product&#038;p=8096"},"modified":"2026-01-14T02:58:50","modified_gmt":"2026-01-14T02:58:50","slug":"ip66-outdoor-rgbw-4in1-flash-effect-light-rgbw-led-matrix-stage-lighting-800w-waterproof-led-moving-head-strobe-light","status":"publish","type":"product","link":"https:\/\/lirolight.com\/fr\/produit\/ip66-outdoor-rgbw-4in1-flash-effect-light-rgbw-led-matrix-stage-lighting-800w-waterproof-led-moving-head-strobe-light\/","title":{"rendered":"LiRO-LITE IP66 Outdoor RGBW 4IN1 Flash Effect Light RGBW LED Matrix Stage Lighting 800W Waterproof Led Moving Head Strobe Light"},"content":{"rendered":"<p class=\"has-medium-font-size\"><strong><mark style=\"background-color:#000000\" class=\"has-inline-color has-white-color\">LR-IP MOVING STROBE<\/mark><\/strong><\/p>\n\n\n\n<hr class=\"wp-block-separator has-alpha-channel-opacity\"\/>\n\n\n\n<h2 class=\"wp-block-heading\">Image :<\/h2>\n\n\n\n<div class=\"wp-block-columns is-layout-flex wp-container-core-columns-is-layout-28f84493 wp-block-columns-is-layout-flex\">\n<div class=\"wp-block-column is-layout-flow wp-block-column-is-layout-flow\">\n<figure class=\"wp-block-image size-large\"><img fetchpriority=\"high\" decoding=\"async\" width=\"1024\" height=\"1024\" src=\"https:\/\/lirolight.com\/wp-content\/uploads\/2025\/07\/\u767d1-2-1024x1024.png\" alt=\"\" class=\"wp-image-8101\" srcset=\"https:\/\/lirolight.com\/wp-content\/uploads\/2025\/07\/\u767d1-2-1024x1024.png 1024w, https:\/\/lirolight.com\/wp-content\/uploads\/2025\/07\/\u767d1-2-300x300.png 300w, https:\/\/lirolight.com\/wp-content\/uploads\/2025\/07\/\u767d1-2-150x150.png 150w, https:\/\/lirolight.com\/wp-content\/uploads\/2025\/07\/\u767d1-2-768x768.png 768w, https:\/\/lirolight.com\/wp-content\/uploads\/2025\/07\/\u767d1-2-1536x1536.png 1536w, https:\/\/lirolight.com\/wp-content\/uploads\/2025\/07\/\u767d1-2-12x12.png 12w, https:\/\/lirolight.com\/wp-content\/uploads\/2025\/07\/\u767d1-2-990x990.png 990w, https:\/\/lirolight.com\/wp-content\/uploads\/2025\/07\/\u767d1-2-441x441.png 441w, https:\/\/lirolight.com\/wp-content\/uploads\/2025\/07\/\u767d1-2-100x100.png 100w, https:\/\/lirolight.com\/wp-content\/uploads\/2025\/07\/\u767d1-2-800x800.png 800w, https:\/\/lirolight.com\/wp-content\/uploads\/2025\/07\/\u767d1-2-500x500.png 500w, https:\/\/lirolight.com\/wp-content\/uploads\/2025\/07\/\u767d1-2-40x40.png 40w, https:\/\/lirolight.com\/wp-content\/uploads\/2025\/07\/\u767d1-2.png 2000w\" sizes=\"(max-width: 1024px) 100vw, 1024px\" \/><\/figure>\n<\/div>\n\n\n\n<div class=\"wp-block-column is-layout-flow wp-block-column-is-layout-flow\">\n<figure class=\"wp-block-image size-large\"><img decoding=\"async\" width=\"1024\" height=\"1024\" data-src=\"https:\/\/lirolight.com\/wp-content\/uploads\/2025\/07\/\u767d2-1024x1024.png\" alt=\"\" class=\"wp-image-8097 lazyload\" data-srcset=\"https:\/\/lirolight.com\/wp-content\/uploads\/2025\/07\/\u767d2-1024x1024.png 1024w, https:\/\/lirolight.com\/wp-content\/uploads\/2025\/07\/\u767d2-300x300.png 300w, https:\/\/lirolight.com\/wp-content\/uploads\/2025\/07\/\u767d2-150x150.png 150w, https:\/\/lirolight.com\/wp-content\/uploads\/2025\/07\/\u767d2-768x768.png 768w, https:\/\/lirolight.com\/wp-content\/uploads\/2025\/07\/\u767d2-1536x1536.png 1536w, https:\/\/lirolight.com\/wp-content\/uploads\/2025\/07\/\u767d2-12x12.png 12w, https:\/\/lirolight.com\/wp-content\/uploads\/2025\/07\/\u767d2-990x990.png 990w, https:\/\/lirolight.com\/wp-content\/uploads\/2025\/07\/\u767d2-441x441.png 441w, https:\/\/lirolight.com\/wp-content\/uploads\/2025\/07\/\u767d2-100x100.png 100w, https:\/\/lirolight.com\/wp-content\/uploads\/2025\/07\/\u767d2-800x800.png 800w, https:\/\/lirolight.com\/wp-content\/uploads\/2025\/07\/\u767d2-40x40.png 40w, https:\/\/lirolight.com\/wp-content\/uploads\/2025\/07\/\u767d2.png 2000w\" data-sizes=\"(max-width: 1024px) 100vw, 1024px\" src=\"data:image\/gif;base64,R0lGODlhAQABAAAAACH5BAEKAAEALAAAAAABAAEAAAICTAEAOw==\" style=\"--smush-placeholder-width: 1024px; --smush-placeholder-aspect-ratio: 1024\/1024;\" \/><noscript><img decoding=\"async\" width=\"1024\" height=\"1024\" src=\"https:\/\/lirolight.com\/wp-content\/uploads\/2025\/07\/\u767d2-1024x1024.png\" alt=\"\" class=\"wp-image-8097\" srcset=\"https:\/\/lirolight.com\/wp-content\/uploads\/2025\/07\/\u767d2-1024x1024.png 1024w, https:\/\/lirolight.com\/wp-content\/uploads\/2025\/07\/\u767d2-300x300.png 300w, https:\/\/lirolight.com\/wp-content\/uploads\/2025\/07\/\u767d2-150x150.png 150w, https:\/\/lirolight.com\/wp-content\/uploads\/2025\/07\/\u767d2-768x768.png 768w, https:\/\/lirolight.com\/wp-content\/uploads\/2025\/07\/\u767d2-1536x1536.png 1536w, https:\/\/lirolight.com\/wp-content\/uploads\/2025\/07\/\u767d2-12x12.png 12w, https:\/\/lirolight.com\/wp-content\/uploads\/2025\/07\/\u767d2-990x990.png 990w, https:\/\/lirolight.com\/wp-content\/uploads\/2025\/07\/\u767d2-441x441.png 441w, https:\/\/lirolight.com\/wp-content\/uploads\/2025\/07\/\u767d2-100x100.png 100w, https:\/\/lirolight.com\/wp-content\/uploads\/2025\/07\/\u767d2-800x800.png 800w, https:\/\/lirolight.com\/wp-content\/uploads\/2025\/07\/\u767d2-40x40.png 40w, https:\/\/lirolight.com\/wp-content\/uploads\/2025\/07\/\u767d2.png 2000w\" sizes=\"(max-width: 1024px) 100vw, 1024px\" \/><\/noscript><\/figure>\n<\/div>\n<\/div>\n\n\n\n<div class=\"wp-block-columns is-layout-flex wp-container-core-columns-is-layout-28f84493 wp-block-columns-is-layout-flex\">\n<div class=\"wp-block-column is-layout-flow wp-block-column-is-layout-flow\">\n<figure class=\"wp-block-image size-large is-resized\"><img decoding=\"async\" width=\"1024\" height=\"1024\" data-src=\"https:\/\/lirolight.com\/wp-content\/uploads\/2025\/07\/\u767d4-1-1024x1024.png\" alt=\"\" class=\"wp-image-8103 lazyload\" style=\"--smush-placeholder-width: 1024px; --smush-placeholder-aspect-ratio: 1024\/1024;width:363px;height:auto\" data-srcset=\"https:\/\/lirolight.com\/wp-content\/uploads\/2025\/07\/\u767d4-1-1024x1024.png 1024w, https:\/\/lirolight.com\/wp-content\/uploads\/2025\/07\/\u767d4-1-300x300.png 300w, https:\/\/lirolight.com\/wp-content\/uploads\/2025\/07\/\u767d4-1-150x150.png 150w, https:\/\/lirolight.com\/wp-content\/uploads\/2025\/07\/\u767d4-1-768x768.png 768w, https:\/\/lirolight.com\/wp-content\/uploads\/2025\/07\/\u767d4-1-1536x1536.png 1536w, https:\/\/lirolight.com\/wp-content\/uploads\/2025\/07\/\u767d4-1-12x12.png 12w, https:\/\/lirolight.com\/wp-content\/uploads\/2025\/07\/\u767d4-1-990x990.png 990w, https:\/\/lirolight.com\/wp-content\/uploads\/2025\/07\/\u767d4-1-441x441.png 441w, https:\/\/lirolight.com\/wp-content\/uploads\/2025\/07\/\u767d4-1-100x100.png 100w, https:\/\/lirolight.com\/wp-content\/uploads\/2025\/07\/\u767d4-1-800x800.png 800w, https:\/\/lirolight.com\/wp-content\/uploads\/2025\/07\/\u767d4-1-40x40.png 40w, https:\/\/lirolight.com\/wp-content\/uploads\/2025\/07\/\u767d4-1.png 2000w\" data-sizes=\"(max-width: 1024px) 100vw, 1024px\" src=\"data:image\/gif;base64,R0lGODlhAQABAAAAACH5BAEKAAEALAAAAAABAAEAAAICTAEAOw==\" \/><noscript><img decoding=\"async\" width=\"1024\" height=\"1024\" src=\"https:\/\/lirolight.com\/wp-content\/uploads\/2025\/07\/\u767d4-1-1024x1024.png\" alt=\"\" class=\"wp-image-8103\" style=\"width:363px;height:auto\" srcset=\"https:\/\/lirolight.com\/wp-content\/uploads\/2025\/07\/\u767d4-1-1024x1024.png 1024w, https:\/\/lirolight.com\/wp-content\/uploads\/2025\/07\/\u767d4-1-300x300.png 300w, https:\/\/lirolight.com\/wp-content\/uploads\/2025\/07\/\u767d4-1-150x150.png 150w, https:\/\/lirolight.com\/wp-content\/uploads\/2025\/07\/\u767d4-1-768x768.png 768w, https:\/\/lirolight.com\/wp-content\/uploads\/2025\/07\/\u767d4-1-1536x1536.png 1536w, https:\/\/lirolight.com\/wp-content\/uploads\/2025\/07\/\u767d4-1-12x12.png 12w, https:\/\/lirolight.com\/wp-content\/uploads\/2025\/07\/\u767d4-1-990x990.png 990w, https:\/\/lirolight.com\/wp-content\/uploads\/2025\/07\/\u767d4-1-441x441.png 441w, https:\/\/lirolight.com\/wp-content\/uploads\/2025\/07\/\u767d4-1-100x100.png 100w, https:\/\/lirolight.com\/wp-content\/uploads\/2025\/07\/\u767d4-1-800x800.png 800w, https:\/\/lirolight.com\/wp-content\/uploads\/2025\/07\/\u767d4-1-40x40.png 40w, https:\/\/lirolight.com\/wp-content\/uploads\/2025\/07\/\u767d4-1.png 2000w\" sizes=\"(max-width: 1024px) 100vw, 1024px\" \/><\/noscript><\/figure>\n<\/div>\n\n\n\n<div class=\"wp-block-column is-layout-flow wp-block-column-is-layout-flow\">\n<figure class=\"wp-block-image size-large\"><img loading=\"lazy\" decoding=\"async\" width=\"1024\" height=\"1024\" data-src=\"https:\/\/lirolight.com\/wp-content\/uploads\/2025\/07\/\u767d5-1-1024x1024.png\" alt=\"\" class=\"wp-image-8104 lazyload\" data-srcset=\"https:\/\/lirolight.com\/wp-content\/uploads\/2025\/07\/\u767d5-1-1024x1024.png 1024w, https:\/\/lirolight.com\/wp-content\/uploads\/2025\/07\/\u767d5-1-300x300.png 300w, https:\/\/lirolight.com\/wp-content\/uploads\/2025\/07\/\u767d5-1-150x150.png 150w, https:\/\/lirolight.com\/wp-content\/uploads\/2025\/07\/\u767d5-1-768x768.png 768w, https:\/\/lirolight.com\/wp-content\/uploads\/2025\/07\/\u767d5-1-1536x1536.png 1536w, https:\/\/lirolight.com\/wp-content\/uploads\/2025\/07\/\u767d5-1-12x12.png 12w, https:\/\/lirolight.com\/wp-content\/uploads\/2025\/07\/\u767d5-1-990x990.png 990w, https:\/\/lirolight.com\/wp-content\/uploads\/2025\/07\/\u767d5-1-441x441.png 441w, https:\/\/lirolight.com\/wp-content\/uploads\/2025\/07\/\u767d5-1-100x100.png 100w, https:\/\/lirolight.com\/wp-content\/uploads\/2025\/07\/\u767d5-1-800x800.png 800w, https:\/\/lirolight.com\/wp-content\/uploads\/2025\/07\/\u767d5-1-40x40.png 40w, https:\/\/lirolight.com\/wp-content\/uploads\/2025\/07\/\u767d5-1.png 2000w\" data-sizes=\"(max-width: 1024px) 100vw, 1024px\" src=\"data:image\/gif;base64,R0lGODlhAQABAAAAACH5BAEKAAEALAAAAAABAAEAAAICTAEAOw==\" style=\"--smush-placeholder-width: 1024px; --smush-placeholder-aspect-ratio: 1024\/1024;\" \/><noscript><img loading=\"lazy\" decoding=\"async\" width=\"1024\" height=\"1024\" src=\"https:\/\/lirolight.com\/wp-content\/uploads\/2025\/07\/\u767d5-1-1024x1024.png\" alt=\"\" class=\"wp-image-8104\" srcset=\"https:\/\/lirolight.com\/wp-content\/uploads\/2025\/07\/\u767d5-1-1024x1024.png 1024w, https:\/\/lirolight.com\/wp-content\/uploads\/2025\/07\/\u767d5-1-300x300.png 300w, https:\/\/lirolight.com\/wp-content\/uploads\/2025\/07\/\u767d5-1-150x150.png 150w, https:\/\/lirolight.com\/wp-content\/uploads\/2025\/07\/\u767d5-1-768x768.png 768w, https:\/\/lirolight.com\/wp-content\/uploads\/2025\/07\/\u767d5-1-1536x1536.png 1536w, https:\/\/lirolight.com\/wp-content\/uploads\/2025\/07\/\u767d5-1-12x12.png 12w, https:\/\/lirolight.com\/wp-content\/uploads\/2025\/07\/\u767d5-1-990x990.png 990w, https:\/\/lirolight.com\/wp-content\/uploads\/2025\/07\/\u767d5-1-441x441.png 441w, https:\/\/lirolight.com\/wp-content\/uploads\/2025\/07\/\u767d5-1-100x100.png 100w, https:\/\/lirolight.com\/wp-content\/uploads\/2025\/07\/\u767d5-1-800x800.png 800w, https:\/\/lirolight.com\/wp-content\/uploads\/2025\/07\/\u767d5-1-40x40.png 40w, https:\/\/lirolight.com\/wp-content\/uploads\/2025\/07\/\u767d5-1.png 2000w\" sizes=\"(max-width: 1024px) 100vw, 1024px\" \/><\/noscript><\/figure>\n<\/div>\n<\/div>\n\n\n\n<h2 class=\"wp-block-heading\"><font style=\"vertical-align: inherit;\"><font style=\"vertical-align: inherit;\">Sp\u00e9cification\uff1a<\/font><\/font><\/h2>\n\n\n\n<ul class=\"wp-block-list\">\n<li>Source lumineuse :<\/li>\n\n\n\n<li>Lumi\u00e8re color\u00e9e : 504 x 0,5W RGB LED<\/li>\n\n\n\n<li>Lumi\u00e8re blanche : 96 x 5W CW LED<\/li>\n\n\n\n<li>Puissance : 800 W<\/li>\n\n\n\n<li>Angle du faisceau :<\/li>\n\n\n\n<li>Angle de rayonnement de la lumi\u00e8re color\u00e9e : 101\u00b0.<\/li>\n\n\n\n<li>Angle de rayonnement de la lumi\u00e8re blanche : 108\u00b0.<\/li>\n\n\n\n<li>Angle du spot :<\/li>\n\n\n\n<li>Angle d'\u00e9clairage color\u00e9 : 149\u00b0.<\/li>\n\n\n\n<li>Angle d'\u00e9clairage de la lumi\u00e8re blanche : 152\u00b0.<\/li>\n\n\n\n<li>Lumi\u00e8re color\u00e9e : 24 zones peuvent \u00eatre contr\u00f4l\u00e9es individuellement<\/li>\n\n\n\n<li>Lumi\u00e8re blanche : 8 zones peuvent \u00eatre contr\u00f4l\u00e9es individuellement<\/li>\n\n\n\n<li>Excellente fonction de m\u00e9lange des couleurs<\/li>\n\n\n\n<li>Effet stroboscopique puissant \u00e0 haut rendement<\/li>\n\n\n\n<li>Effet d'atomisation \u00e9lectronique<\/li>\n\n\n\n<li>0-100% fonction de gradation progressive<\/li>\n\n\n\n<li>Syst\u00e8me optique<\/li>\n\n\n\n<li>Syst\u00e8me optique efficace<\/li>\n\n\n\n<li>Contr\u00f4ler et programmer<\/li>\n\n\n\n<li>4 boutons tactiles<\/li>\n\n\n\n<li>Panneau de contr\u00f4le : \u00c9cran couleur de 1,77<\/li>\n\n\n\n<li>Protocole de contr\u00f4le : DMX512, RDM, Art-Net, sACN<\/li>\n\n\n\n<li>Mode canal DMX : 4 types<\/li>\n\n\n\n<li>Canal de contr\u00f4le : 7\/20\/100\/83CH<\/li>\n\n\n\n<li>Mise \u00e0 jour du logiciel : mise \u00e0 jour du logiciel par connexion DMX<\/li>\n\n\n\n<li>Niveau de protection : IP66<\/li>\n<\/ul>\n\n\n\n<h2 class=\"wp-block-heading\">Param\u00e8tre : <\/h2>\n\n\n\n<figure class=\"wp-block-table\"><table class=\"has-fixed-layout\"><tbody><tr><td>Tension d'entr\u00e9e : <\/td><td>AC100~240V 50 \/60 HZ<\/td><\/tr><tr><td>Perles de lampe :<\/td><td>504 LED RVB de 0,5 W + 96 LED CW de 5 W<\/td><\/tr><tr><td>M\u00e9thode de contr\u00f4le :<\/td><td>DMX512\u3001 Fonctions d'autopilotage et ma\u00eetre-esclave.<\/td><\/tr><tr><td>Cha\u00eene :<\/td><td>7\/20\/100\/83CH<\/td><\/tr><tr><td>Niveau de protection : <\/td><td>IP66<\/td><\/tr><\/tbody><\/table><\/figure>\n\n\n\n<h2 class=\"wp-block-heading\">Heure du spectacle :<\/h2>\n\n\n\n<figure class=\"wp-block-image size-full is-resized\"><img loading=\"lazy\" decoding=\"async\" width=\"2560\" height=\"1440\" data-src=\"https:\/\/lirolight.com\/wp-content\/uploads\/2025\/07\/1-1-scaled.jpg\" alt=\"\" class=\"wp-image-8106 lazyload\" style=\"--smush-placeholder-width: 2560px; --smush-placeholder-aspect-ratio: 2560\/1440;width:900px;height:auto\" data-srcset=\"https:\/\/lirolight.com\/wp-content\/uploads\/2025\/07\/1-1-scaled.jpg 2560w, https:\/\/lirolight.com\/wp-content\/uploads\/2025\/07\/1-1-300x169.jpg 300w, https:\/\/lirolight.com\/wp-content\/uploads\/2025\/07\/1-1-1024x576.jpg 1024w, https:\/\/lirolight.com\/wp-content\/uploads\/2025\/07\/1-1-768x432.jpg 768w, https:\/\/lirolight.com\/wp-content\/uploads\/2025\/07\/1-1-1536x864.jpg 1536w, https:\/\/lirolight.com\/wp-content\/uploads\/2025\/07\/1-1-2048x1152.jpg 2048w, https:\/\/lirolight.com\/wp-content\/uploads\/2025\/07\/1-1-18x10.jpg 18w, https:\/\/lirolight.com\/wp-content\/uploads\/2025\/07\/1-1-990x557.jpg 990w, https:\/\/lirolight.com\/wp-content\/uploads\/2025\/07\/1-1-441x248.jpg 441w, https:\/\/lirolight.com\/wp-content\/uploads\/2025\/07\/1-1-800x450.jpg 800w, https:\/\/lirolight.com\/wp-content\/uploads\/2025\/07\/1-1-150x84.jpg 150w, https:\/\/lirolight.com\/wp-content\/uploads\/2025\/07\/1-1-500x281.jpg 500w, https:\/\/lirolight.com\/wp-content\/uploads\/2025\/07\/1-1-60x34.jpg 60w\" data-sizes=\"(max-width: 2560px) 100vw, 2560px\" src=\"data:image\/gif;base64,R0lGODlhAQABAAAAACH5BAEKAAEALAAAAAABAAEAAAICTAEAOw==\" \/><noscript><img loading=\"lazy\" decoding=\"async\" width=\"2560\" height=\"1440\" src=\"https:\/\/lirolight.com\/wp-content\/uploads\/2025\/07\/1-1-scaled.jpg\" alt=\"\" class=\"wp-image-8106\" style=\"width:900px;height:auto\" srcset=\"https:\/\/lirolight.com\/wp-content\/uploads\/2025\/07\/1-1-scaled.jpg 2560w, https:\/\/lirolight.com\/wp-content\/uploads\/2025\/07\/1-1-300x169.jpg 300w, https:\/\/lirolight.com\/wp-content\/uploads\/2025\/07\/1-1-1024x576.jpg 1024w, https:\/\/lirolight.com\/wp-content\/uploads\/2025\/07\/1-1-768x432.jpg 768w, https:\/\/lirolight.com\/wp-content\/uploads\/2025\/07\/1-1-1536x864.jpg 1536w, https:\/\/lirolight.com\/wp-content\/uploads\/2025\/07\/1-1-2048x1152.jpg 2048w, https:\/\/lirolight.com\/wp-content\/uploads\/2025\/07\/1-1-18x10.jpg 18w, https:\/\/lirolight.com\/wp-content\/uploads\/2025\/07\/1-1-990x557.jpg 990w, https:\/\/lirolight.com\/wp-content\/uploads\/2025\/07\/1-1-441x248.jpg 441w, https:\/\/lirolight.com\/wp-content\/uploads\/2025\/07\/1-1-800x450.jpg 800w, https:\/\/lirolight.com\/wp-content\/uploads\/2025\/07\/1-1-150x84.jpg 150w, https:\/\/lirolight.com\/wp-content\/uploads\/2025\/07\/1-1-500x281.jpg 500w, https:\/\/lirolight.com\/wp-content\/uploads\/2025\/07\/1-1-60x34.jpg 60w\" sizes=\"(max-width: 2560px) 100vw, 2560px\" \/><\/noscript><\/figure>\n\n\n\n<figure class=\"wp-block-image size-large is-resized\"><img loading=\"lazy\" decoding=\"async\" width=\"747\" height=\"1024\" data-src=\"https:\/\/lirolight.com\/wp-content\/uploads\/2025\/07\/\u5fae\u4fe1\u56fe\u7247_20241216144310-747x1024.jpg\" alt=\"\" class=\"wp-image-8107 lazyload\" style=\"--smush-placeholder-width: 747px; --smush-placeholder-aspect-ratio: 747\/1024;width:900px;height:auto\" data-srcset=\"https:\/\/lirolight.com\/wp-content\/uploads\/2025\/07\/\u5fae\u4fe1\u56fe\u7247_20241216144310-747x1024.jpg 747w, https:\/\/lirolight.com\/wp-content\/uploads\/2025\/07\/\u5fae\u4fe1\u56fe\u7247_20241216144310-219x300.jpg 219w, https:\/\/lirolight.com\/wp-content\/uploads\/2025\/07\/\u5fae\u4fe1\u56fe\u7247_20241216144310-9x12.jpg 9w, https:\/\/lirolight.com\/wp-content\/uploads\/2025\/07\/\u5fae\u4fe1\u56fe\u7247_20241216144310-441x605.jpg 441w, https:\/\/lirolight.com\/wp-content\/uploads\/2025\/07\/\u5fae\u4fe1\u56fe\u7247_20241216144310-300x411.jpg 300w, https:\/\/lirolight.com\/wp-content\/uploads\/2025\/07\/\u5fae\u4fe1\u56fe\u7247_20241216144310-150x206.jpg 150w, https:\/\/lirolight.com\/wp-content\/uploads\/2025\/07\/\u5fae\u4fe1\u56fe\u7247_20241216144310-365x500.jpg 365w, https:\/\/lirolight.com\/wp-content\/uploads\/2025\/07\/\u5fae\u4fe1\u56fe\u7247_20241216144310-29x40.jpg 29w, https:\/\/lirolight.com\/wp-content\/uploads\/2025\/07\/\u5fae\u4fe1\u56fe\u7247_20241216144310.jpg 752w\" data-sizes=\"(max-width: 747px) 100vw, 747px\" src=\"data:image\/gif;base64,R0lGODlhAQABAAAAACH5BAEKAAEALAAAAAABAAEAAAICTAEAOw==\" \/><noscript><img loading=\"lazy\" decoding=\"async\" width=\"747\" height=\"1024\" src=\"https:\/\/lirolight.com\/wp-content\/uploads\/2025\/07\/\u5fae\u4fe1\u56fe\u7247_20241216144310-747x1024.jpg\" alt=\"\" class=\"wp-image-8107\" style=\"width:900px;height:auto\" srcset=\"https:\/\/lirolight.com\/wp-content\/uploads\/2025\/07\/\u5fae\u4fe1\u56fe\u7247_20241216144310-747x1024.jpg 747w, https:\/\/lirolight.com\/wp-content\/uploads\/2025\/07\/\u5fae\u4fe1\u56fe\u7247_20241216144310-219x300.jpg 219w, https:\/\/lirolight.com\/wp-content\/uploads\/2025\/07\/\u5fae\u4fe1\u56fe\u7247_20241216144310-9x12.jpg 9w, https:\/\/lirolight.com\/wp-content\/uploads\/2025\/07\/\u5fae\u4fe1\u56fe\u7247_20241216144310-441x605.jpg 441w, https:\/\/lirolight.com\/wp-content\/uploads\/2025\/07\/\u5fae\u4fe1\u56fe\u7247_20241216144310-300x411.jpg 300w, https:\/\/lirolight.com\/wp-content\/uploads\/2025\/07\/\u5fae\u4fe1\u56fe\u7247_20241216144310-150x206.jpg 150w, https:\/\/lirolight.com\/wp-content\/uploads\/2025\/07\/\u5fae\u4fe1\u56fe\u7247_20241216144310-365x500.jpg 365w, https:\/\/lirolight.com\/wp-content\/uploads\/2025\/07\/\u5fae\u4fe1\u56fe\u7247_20241216144310-29x40.jpg 29w, https:\/\/lirolight.com\/wp-content\/uploads\/2025\/07\/\u5fae\u4fe1\u56fe\u7247_20241216144310.jpg 752w\" sizes=\"(max-width: 747px) 100vw, 747px\" \/><\/noscript><\/figure>\n\n\n\n<h2 class=\"wp-block-heading\">Lien vid\u00e9o :<\/h2>\n\n\n\n<p><a href=\"https:\/\/www.instagram.com\/p\/DSRzEnaEvcX\" target=\"_blank\" rel=\"noopener\">https:\/\/www.instagram.com\/p\/DSRzEnaEvcX<\/a><\/p>","protected":false},"excerpt":{"rendered":"<p><strong><b>L'IP Moving Strobe est une lampe stroboscopique ext\u00e9rieure \u00e9tanche de grande puissance, con\u00e7ue pour produire des effets lumineux dynamiques. Avec ses effets d'atomisation \u00e9lectronique, sa construction robuste est adapt\u00e9e aux environnements ext\u00e9rieurs, offrant une solution r\u00e9sistante aux intemp\u00e9ries pour cr\u00e9er des affichages lumineux clignotants qui attirent l'attention. Il est parfait pour les \u00e9v\u00e9nements, les f\u00eates et les lieux qui n\u00e9cessitent des effets lumineux intenses et synchronis\u00e9s.<\/b><\/strong><\/p>","protected":false},"featured_media":8097,"comment_status":"open","ping_status":"closed","template":"","meta":[],"product_brand":[],"product_cat":[51,66],"product_tag":[108,107,78],"class_list":{"0":"post-8096","1":"product","2":"type-product","3":"status-publish","4":"has-post-thumbnail","6":"product_cat-waterproof-series","7":"product_cat-ip-strobe-bar","8":"product_tag-ledstagestrobelight","9":"product_tag-movinghead","10":"product_tag-strobe","12":"first","13":"instock","14":"shipping-taxable","15":"product-type-simple"},"_links":{"self":[{"href":"https:\/\/lirolight.com\/fr\/wp-json\/wp\/v2\/product\/8096","targetHints":{"allow":["GET"]}}],"collection":[{"href":"https:\/\/lirolight.com\/fr\/wp-json\/wp\/v2\/product"}],"about":[{"href":"https:\/\/lirolight.com\/fr\/wp-json\/wp\/v2\/types\/product"}],"replies":[{"embeddable":true,"href":"https:\/\/lirolight.com\/fr\/wp-json\/wp\/v2\/comments?post=8096"}],"version-history":[{"count":5,"href":"https:\/\/lirolight.com\/fr\/wp-json\/wp\/v2\/product\/8096\/revisions"}],"predecessor-version":[{"id":10582,"href":"https:\/\/lirolight.com\/fr\/wp-json\/wp\/v2\/product\/8096\/revisions\/10582"}],"wp:featuredmedia":[{"embeddable":true,"href":"https:\/\/lirolight.com\/fr\/wp-json\/wp\/v2\/media\/8097"}],"wp:attachment":[{"href":"https:\/\/lirolight.com\/fr\/wp-json\/wp\/v2\/media?parent=8096"}],"wp:term":[{"taxonomy":"product_brand","embeddable":true,"href":"https:\/\/lirolight.com\/fr\/wp-json\/wp\/v2\/product_brand?post=8096"},{"taxonomy":"product_cat","embeddable":true,"href":"https:\/\/lirolight.com\/fr\/wp-json\/wp\/v2\/product_cat?post=8096"},{"taxonomy":"product_tag","embeddable":true,"href":"https:\/\/lirolight.com\/fr\/wp-json\/wp\/v2\/product_tag?post=8096"}],"curies":[{"name":"wp","href":"https:\/\/api.w.org\/{rel}","templated":true}]}}