{"id":8108,"date":"2025-07-10T01:01:56","date_gmt":"2025-07-10T01:01:56","guid":{"rendered":"https:\/\/lirolight.com\/?post_type=product&#038;p=8108"},"modified":"2026-01-14T03:01:12","modified_gmt":"2026-01-14T03:01:12","slug":"ip65-waterproof-high-power-led-city-color-lighting-building-outdoor-wash-6012w-rgbw-4-in-1-led-city-color-wash-light","status":"publish","type":"product","link":"https:\/\/lirolight.com\/fr\/produit\/ip65-waterproof-high-power-led-city-color-lighting-building-outdoor-wash-6012w-rgbw-4-in-1-led-city-color-wash-light\/","title":{"rendered":"LiRO-LITE IP65 Waterproof High Power LED City Color Lighting Building Outdoor Wash 60*12w RGBW 4 in 1 Led City Color Wash Light"},"content":{"rendered":"<h2 class=\"wp-block-heading\"><strong><mark style=\"background-color:#000000\" class=\"has-inline-color has-white-color\">RONDELLE LR-IP 6012<\/mark><\/strong><\/h2>\n\n\n\n<hr class=\"wp-block-separator has-alpha-channel-opacity\"\/>\n\n\n\n<h2 class=\"wp-block-heading\">Photos :<\/h2>\n\n\n\n<div class=\"wp-block-columns is-layout-flex wp-container-core-columns-is-layout-28f84493 wp-block-columns-is-layout-flex\">\n<div class=\"wp-block-column is-layout-flow wp-block-column-is-layout-flow\">\n<figure class=\"wp-block-image size-large\"><img fetchpriority=\"high\" decoding=\"async\" width=\"1024\" height=\"1024\" src=\"https:\/\/lirolight.com\/wp-content\/uploads\/2025\/07\/ip-led-city-color-1024x1024.jpg\" alt=\"\" class=\"wp-image-8125\" srcset=\"https:\/\/lirolight.com\/wp-content\/uploads\/2025\/07\/ip-led-city-color-1024x1024.jpg 1024w, https:\/\/lirolight.com\/wp-content\/uploads\/2025\/07\/ip-led-city-color-300x300.jpg 300w, https:\/\/lirolight.com\/wp-content\/uploads\/2025\/07\/ip-led-city-color-150x150.jpg 150w, https:\/\/lirolight.com\/wp-content\/uploads\/2025\/07\/ip-led-city-color-768x768.jpg 768w, https:\/\/lirolight.com\/wp-content\/uploads\/2025\/07\/ip-led-city-color-1536x1536.jpg 1536w, https:\/\/lirolight.com\/wp-content\/uploads\/2025\/07\/ip-led-city-color-12x12.jpg 12w, https:\/\/lirolight.com\/wp-content\/uploads\/2025\/07\/ip-led-city-color-990x990.jpg 990w, https:\/\/lirolight.com\/wp-content\/uploads\/2025\/07\/ip-led-city-color-441x441.jpg 441w, https:\/\/lirolight.com\/wp-content\/uploads\/2025\/07\/ip-led-city-color-100x100.jpg 100w, https:\/\/lirolight.com\/wp-content\/uploads\/2025\/07\/ip-led-city-color-800x800.jpg 800w, https:\/\/lirolight.com\/wp-content\/uploads\/2025\/07\/ip-led-city-color-40x40.jpg 40w, https:\/\/lirolight.com\/wp-content\/uploads\/2025\/07\/ip-led-city-color.jpg 2000w\" sizes=\"(max-width: 1024px) 100vw, 1024px\" \/><\/figure>\n<\/div>\n\n\n\n<div class=\"wp-block-column is-layout-flow wp-block-column-is-layout-flow\">\n<figure class=\"wp-block-image size-large\"><img decoding=\"async\" width=\"1024\" height=\"1024\" data-src=\"https:\/\/lirolight.com\/wp-content\/uploads\/2025\/07\/ip-city-color-led-1024x1024.jpg\" alt=\"\" class=\"wp-image-8124 lazyload\" data-srcset=\"https:\/\/lirolight.com\/wp-content\/uploads\/2025\/07\/ip-city-color-led-1024x1024.jpg 1024w, https:\/\/lirolight.com\/wp-content\/uploads\/2025\/07\/ip-city-color-led-300x300.jpg 300w, https:\/\/lirolight.com\/wp-content\/uploads\/2025\/07\/ip-city-color-led-150x150.jpg 150w, https:\/\/lirolight.com\/wp-content\/uploads\/2025\/07\/ip-city-color-led-768x768.jpg 768w, https:\/\/lirolight.com\/wp-content\/uploads\/2025\/07\/ip-city-color-led-1536x1536.jpg 1536w, https:\/\/lirolight.com\/wp-content\/uploads\/2025\/07\/ip-city-color-led-12x12.jpg 12w, https:\/\/lirolight.com\/wp-content\/uploads\/2025\/07\/ip-city-color-led-990x990.jpg 990w, https:\/\/lirolight.com\/wp-content\/uploads\/2025\/07\/ip-city-color-led-441x441.jpg 441w, https:\/\/lirolight.com\/wp-content\/uploads\/2025\/07\/ip-city-color-led-100x100.jpg 100w, https:\/\/lirolight.com\/wp-content\/uploads\/2025\/07\/ip-city-color-led-800x800.jpg 800w, https:\/\/lirolight.com\/wp-content\/uploads\/2025\/07\/ip-city-color-led-40x40.jpg 40w, https:\/\/lirolight.com\/wp-content\/uploads\/2025\/07\/ip-city-color-led.jpg 2000w\" data-sizes=\"(max-width: 1024px) 100vw, 1024px\" src=\"data:image\/gif;base64,R0lGODlhAQABAAAAACH5BAEKAAEALAAAAAABAAEAAAICTAEAOw==\" style=\"--smush-placeholder-width: 1024px; --smush-placeholder-aspect-ratio: 1024\/1024;\" \/><noscript><img decoding=\"async\" width=\"1024\" height=\"1024\" src=\"https:\/\/lirolight.com\/wp-content\/uploads\/2025\/07\/ip-city-color-led-1024x1024.jpg\" alt=\"\" class=\"wp-image-8124\" srcset=\"https:\/\/lirolight.com\/wp-content\/uploads\/2025\/07\/ip-city-color-led-1024x1024.jpg 1024w, https:\/\/lirolight.com\/wp-content\/uploads\/2025\/07\/ip-city-color-led-300x300.jpg 300w, https:\/\/lirolight.com\/wp-content\/uploads\/2025\/07\/ip-city-color-led-150x150.jpg 150w, https:\/\/lirolight.com\/wp-content\/uploads\/2025\/07\/ip-city-color-led-768x768.jpg 768w, https:\/\/lirolight.com\/wp-content\/uploads\/2025\/07\/ip-city-color-led-1536x1536.jpg 1536w, https:\/\/lirolight.com\/wp-content\/uploads\/2025\/07\/ip-city-color-led-12x12.jpg 12w, https:\/\/lirolight.com\/wp-content\/uploads\/2025\/07\/ip-city-color-led-990x990.jpg 990w, https:\/\/lirolight.com\/wp-content\/uploads\/2025\/07\/ip-city-color-led-441x441.jpg 441w, https:\/\/lirolight.com\/wp-content\/uploads\/2025\/07\/ip-city-color-led-100x100.jpg 100w, https:\/\/lirolight.com\/wp-content\/uploads\/2025\/07\/ip-city-color-led-800x800.jpg 800w, https:\/\/lirolight.com\/wp-content\/uploads\/2025\/07\/ip-city-color-led-40x40.jpg 40w, https:\/\/lirolight.com\/wp-content\/uploads\/2025\/07\/ip-city-color-led.jpg 2000w\" sizes=\"(max-width: 1024px) 100vw, 1024px\" \/><\/noscript><\/figure>\n<\/div>\n<\/div>\n\n\n\n<div class=\"wp-block-columns is-layout-flex wp-container-core-columns-is-layout-28f84493 wp-block-columns-is-layout-flex\">\n<div class=\"wp-block-column is-layout-flow wp-block-column-is-layout-flow\">\n<div class=\"wp-block-columns is-layout-flex wp-container-core-columns-is-layout-28f84493 wp-block-columns-is-layout-flex\">\n<div class=\"wp-block-column is-layout-flow wp-block-column-is-layout-flow\">\n<figure class=\"wp-block-image size-large\"><img decoding=\"async\" width=\"1024\" height=\"1024\" data-src=\"https:\/\/lirolight.com\/wp-content\/uploads\/2025\/07\/led-city-color-ip-1024x1024.jpg\" alt=\"\" class=\"wp-image-8127 lazyload\" data-srcset=\"https:\/\/lirolight.com\/wp-content\/uploads\/2025\/07\/led-city-color-ip-1024x1024.jpg 1024w, https:\/\/lirolight.com\/wp-content\/uploads\/2025\/07\/led-city-color-ip-300x300.jpg 300w, https:\/\/lirolight.com\/wp-content\/uploads\/2025\/07\/led-city-color-ip-150x150.jpg 150w, https:\/\/lirolight.com\/wp-content\/uploads\/2025\/07\/led-city-color-ip-768x768.jpg 768w, https:\/\/lirolight.com\/wp-content\/uploads\/2025\/07\/led-city-color-ip-1536x1536.jpg 1536w, https:\/\/lirolight.com\/wp-content\/uploads\/2025\/07\/led-city-color-ip-12x12.jpg 12w, https:\/\/lirolight.com\/wp-content\/uploads\/2025\/07\/led-city-color-ip-990x990.jpg 990w, https:\/\/lirolight.com\/wp-content\/uploads\/2025\/07\/led-city-color-ip-441x441.jpg 441w, https:\/\/lirolight.com\/wp-content\/uploads\/2025\/07\/led-city-color-ip-100x100.jpg 100w, https:\/\/lirolight.com\/wp-content\/uploads\/2025\/07\/led-city-color-ip-800x800.jpg 800w, https:\/\/lirolight.com\/wp-content\/uploads\/2025\/07\/led-city-color-ip-40x40.jpg 40w, https:\/\/lirolight.com\/wp-content\/uploads\/2025\/07\/led-city-color-ip.jpg 2000w\" data-sizes=\"(max-width: 1024px) 100vw, 1024px\" src=\"data:image\/gif;base64,R0lGODlhAQABAAAAACH5BAEKAAEALAAAAAABAAEAAAICTAEAOw==\" style=\"--smush-placeholder-width: 1024px; --smush-placeholder-aspect-ratio: 1024\/1024;\" \/><noscript><img decoding=\"async\" width=\"1024\" height=\"1024\" src=\"https:\/\/lirolight.com\/wp-content\/uploads\/2025\/07\/led-city-color-ip-1024x1024.jpg\" alt=\"\" class=\"wp-image-8127\" srcset=\"https:\/\/lirolight.com\/wp-content\/uploads\/2025\/07\/led-city-color-ip-1024x1024.jpg 1024w, https:\/\/lirolight.com\/wp-content\/uploads\/2025\/07\/led-city-color-ip-300x300.jpg 300w, https:\/\/lirolight.com\/wp-content\/uploads\/2025\/07\/led-city-color-ip-150x150.jpg 150w, https:\/\/lirolight.com\/wp-content\/uploads\/2025\/07\/led-city-color-ip-768x768.jpg 768w, https:\/\/lirolight.com\/wp-content\/uploads\/2025\/07\/led-city-color-ip-1536x1536.jpg 1536w, https:\/\/lirolight.com\/wp-content\/uploads\/2025\/07\/led-city-color-ip-12x12.jpg 12w, https:\/\/lirolight.com\/wp-content\/uploads\/2025\/07\/led-city-color-ip-990x990.jpg 990w, https:\/\/lirolight.com\/wp-content\/uploads\/2025\/07\/led-city-color-ip-441x441.jpg 441w, https:\/\/lirolight.com\/wp-content\/uploads\/2025\/07\/led-city-color-ip-100x100.jpg 100w, https:\/\/lirolight.com\/wp-content\/uploads\/2025\/07\/led-city-color-ip-800x800.jpg 800w, https:\/\/lirolight.com\/wp-content\/uploads\/2025\/07\/led-city-color-ip-40x40.jpg 40w, https:\/\/lirolight.com\/wp-content\/uploads\/2025\/07\/led-city-color-ip.jpg 2000w\" sizes=\"(max-width: 1024px) 100vw, 1024px\" \/><\/noscript><\/figure>\n<\/div>\n\n\n\n<div class=\"wp-block-column is-layout-flow wp-block-column-is-layout-flow\">\n<figure class=\"wp-block-image size-large\"><img loading=\"lazy\" decoding=\"async\" width=\"1024\" height=\"1024\" data-src=\"https:\/\/lirolight.com\/wp-content\/uploads\/2025\/07\/led-city-color-ip-60X12w-1024x1024.jpg\" alt=\"\" class=\"wp-image-8126 lazyload\" data-srcset=\"https:\/\/lirolight.com\/wp-content\/uploads\/2025\/07\/led-city-color-ip-60X12w-1024x1024.jpg 1024w, https:\/\/lirolight.com\/wp-content\/uploads\/2025\/07\/led-city-color-ip-60X12w-300x300.jpg 300w, https:\/\/lirolight.com\/wp-content\/uploads\/2025\/07\/led-city-color-ip-60X12w-150x150.jpg 150w, https:\/\/lirolight.com\/wp-content\/uploads\/2025\/07\/led-city-color-ip-60X12w-768x768.jpg 768w, https:\/\/lirolight.com\/wp-content\/uploads\/2025\/07\/led-city-color-ip-60X12w-1536x1536.jpg 1536w, https:\/\/lirolight.com\/wp-content\/uploads\/2025\/07\/led-city-color-ip-60X12w-12x12.jpg 12w, https:\/\/lirolight.com\/wp-content\/uploads\/2025\/07\/led-city-color-ip-60X12w-990x990.jpg 990w, https:\/\/lirolight.com\/wp-content\/uploads\/2025\/07\/led-city-color-ip-60X12w-441x441.jpg 441w, https:\/\/lirolight.com\/wp-content\/uploads\/2025\/07\/led-city-color-ip-60X12w-100x100.jpg 100w, https:\/\/lirolight.com\/wp-content\/uploads\/2025\/07\/led-city-color-ip-60X12w-800x800.jpg 800w, https:\/\/lirolight.com\/wp-content\/uploads\/2025\/07\/led-city-color-ip-60X12w-40x40.jpg 40w, https:\/\/lirolight.com\/wp-content\/uploads\/2025\/07\/led-city-color-ip-60X12w.jpg 2000w\" data-sizes=\"(max-width: 1024px) 100vw, 1024px\" src=\"data:image\/gif;base64,R0lGODlhAQABAAAAACH5BAEKAAEALAAAAAABAAEAAAICTAEAOw==\" style=\"--smush-placeholder-width: 1024px; --smush-placeholder-aspect-ratio: 1024\/1024;\" \/><noscript><img loading=\"lazy\" decoding=\"async\" width=\"1024\" height=\"1024\" src=\"https:\/\/lirolight.com\/wp-content\/uploads\/2025\/07\/led-city-color-ip-60X12w-1024x1024.jpg\" alt=\"\" class=\"wp-image-8126\" srcset=\"https:\/\/lirolight.com\/wp-content\/uploads\/2025\/07\/led-city-color-ip-60X12w-1024x1024.jpg 1024w, https:\/\/lirolight.com\/wp-content\/uploads\/2025\/07\/led-city-color-ip-60X12w-300x300.jpg 300w, https:\/\/lirolight.com\/wp-content\/uploads\/2025\/07\/led-city-color-ip-60X12w-150x150.jpg 150w, https:\/\/lirolight.com\/wp-content\/uploads\/2025\/07\/led-city-color-ip-60X12w-768x768.jpg 768w, https:\/\/lirolight.com\/wp-content\/uploads\/2025\/07\/led-city-color-ip-60X12w-1536x1536.jpg 1536w, https:\/\/lirolight.com\/wp-content\/uploads\/2025\/07\/led-city-color-ip-60X12w-12x12.jpg 12w, https:\/\/lirolight.com\/wp-content\/uploads\/2025\/07\/led-city-color-ip-60X12w-990x990.jpg 990w, https:\/\/lirolight.com\/wp-content\/uploads\/2025\/07\/led-city-color-ip-60X12w-441x441.jpg 441w, https:\/\/lirolight.com\/wp-content\/uploads\/2025\/07\/led-city-color-ip-60X12w-100x100.jpg 100w, https:\/\/lirolight.com\/wp-content\/uploads\/2025\/07\/led-city-color-ip-60X12w-800x800.jpg 800w, https:\/\/lirolight.com\/wp-content\/uploads\/2025\/07\/led-city-color-ip-60X12w-40x40.jpg 40w, https:\/\/lirolight.com\/wp-content\/uploads\/2025\/07\/led-city-color-ip-60X12w.jpg 2000w\" sizes=\"(max-width: 1024px) 100vw, 1024px\" \/><\/noscript><\/figure>\n<\/div>\n<\/div>\n<\/div>\n<\/div>\n\n\n\n<h2 class=\"wp-block-heading\">Sp\u00e9cification :<\/h2>\n\n\n\n<p>Tension : AC100-240V, 50\/60Hz<br>Puissance : 650W<br>Source lumineuse : 60X12W RGBW 4in1 LED<br>Indice de protection IP : IP65<br>Dur\u00e9e de vie : environ 100 000 heures<br>Bo\u00eetier : Aluminium moul\u00e9 sous pression, finition par poudrage<br>Contr\u00f4le : DMX 512, 4\/6\/9CH<br>Mode de contr\u00f4le : DMX, Auto, Mode ma\u00eetre\/esclave<br>Variateur : 0-100%<br>Strobe : 0-20Hz<br>Angle du faisceau : 25\u00ba<br>POIDS NET : 16KG<\/p>\n\n\n\n<h2 class=\"wp-block-heading\">Param\u00e8tre : <\/h2>\n\n\n\n<figure class=\"wp-block-table\"><table class=\"has-fixed-layout\"><tbody><tr><td>Tension d'entr\u00e9e : <\/td><td>AC 110V-240V 50\/60Hz<\/td><\/tr><tr><td>Source lumineuse : <\/td><td>60X12W RGBW 4in1 LED<\/td><\/tr><tr><td>Angle :<\/td><td>25\u00ba<\/td><\/tr><tr><td>Cha\u00eene :<\/td><td>4\/6\/9CH<\/td><\/tr><tr><td>Niveau de protection : <\/td><td>IP65<\/td><\/tr><\/tbody><\/table><\/figure>\n\n\n\n<h2 class=\"wp-block-heading\">Heure du spectacle :<\/h2>\n\n\n\n<figure class=\"wp-block-image size-full is-resized\"><img loading=\"lazy\" decoding=\"async\" width=\"739\" height=\"583\" data-src=\"https:\/\/lirolight.com\/wp-content\/uploads\/2025\/07\/121.jpg\" alt=\"\" class=\"wp-image-8118 lazyload\" style=\"--smush-placeholder-width: 739px; --smush-placeholder-aspect-ratio: 739\/583;width:900px;height:auto\" data-srcset=\"https:\/\/lirolight.com\/wp-content\/uploads\/2025\/07\/121.jpg 739w, https:\/\/lirolight.com\/wp-content\/uploads\/2025\/07\/121-300x237.jpg 300w, https:\/\/lirolight.com\/wp-content\/uploads\/2025\/07\/121-15x12.jpg 15w, https:\/\/lirolight.com\/wp-content\/uploads\/2025\/07\/121-441x348.jpg 441w, https:\/\/lirolight.com\/wp-content\/uploads\/2025\/07\/121-150x118.jpg 150w, https:\/\/lirolight.com\/wp-content\/uploads\/2025\/07\/121-500x394.jpg 500w, https:\/\/lirolight.com\/wp-content\/uploads\/2025\/07\/121-51x40.jpg 51w\" data-sizes=\"(max-width: 739px) 100vw, 739px\" src=\"data:image\/gif;base64,R0lGODlhAQABAAAAACH5BAEKAAEALAAAAAABAAEAAAICTAEAOw==\" \/><noscript><img loading=\"lazy\" decoding=\"async\" width=\"739\" height=\"583\" src=\"https:\/\/lirolight.com\/wp-content\/uploads\/2025\/07\/121.jpg\" alt=\"\" class=\"wp-image-8118\" style=\"width:900px;height:auto\" srcset=\"https:\/\/lirolight.com\/wp-content\/uploads\/2025\/07\/121.jpg 739w, https:\/\/lirolight.com\/wp-content\/uploads\/2025\/07\/121-300x237.jpg 300w, https:\/\/lirolight.com\/wp-content\/uploads\/2025\/07\/121-15x12.jpg 15w, https:\/\/lirolight.com\/wp-content\/uploads\/2025\/07\/121-441x348.jpg 441w, https:\/\/lirolight.com\/wp-content\/uploads\/2025\/07\/121-150x118.jpg 150w, https:\/\/lirolight.com\/wp-content\/uploads\/2025\/07\/121-500x394.jpg 500w, https:\/\/lirolight.com\/wp-content\/uploads\/2025\/07\/121-51x40.jpg 51w\" sizes=\"(max-width: 739px) 100vw, 739px\" \/><\/noscript><\/figure>\n\n\n\n<div class=\"wp-block-columns is-layout-flex wp-container-core-columns-is-layout-28f84493 wp-block-columns-is-layout-flex\">\n<div class=\"wp-block-column is-layout-flow wp-block-column-is-layout-flow\">\n<figure class=\"wp-block-image size-full is-resized\"><img loading=\"lazy\" decoding=\"async\" width=\"617\" height=\"713\" data-src=\"https:\/\/lirolight.com\/wp-content\/uploads\/2025\/07\/666.png\" alt=\"\" class=\"wp-image-8117 lazyload\" style=\"--smush-placeholder-width: 617px; --smush-placeholder-aspect-ratio: 617\/713;width:900px;height:auto\" data-srcset=\"https:\/\/lirolight.com\/wp-content\/uploads\/2025\/07\/666.png 617w, https:\/\/lirolight.com\/wp-content\/uploads\/2025\/07\/666-260x300.png 260w, https:\/\/lirolight.com\/wp-content\/uploads\/2025\/07\/666-10x12.png 10w, https:\/\/lirolight.com\/wp-content\/uploads\/2025\/07\/666-441x510.png 441w, https:\/\/lirolight.com\/wp-content\/uploads\/2025\/07\/666-300x347.png 300w, https:\/\/lirolight.com\/wp-content\/uploads\/2025\/07\/666-150x173.png 150w, https:\/\/lirolight.com\/wp-content\/uploads\/2025\/07\/666-433x500.png 433w, https:\/\/lirolight.com\/wp-content\/uploads\/2025\/07\/666-35x40.png 35w\" data-sizes=\"(max-width: 617px) 100vw, 617px\" src=\"data:image\/gif;base64,R0lGODlhAQABAAAAACH5BAEKAAEALAAAAAABAAEAAAICTAEAOw==\" \/><noscript><img loading=\"lazy\" decoding=\"async\" width=\"617\" height=\"713\" src=\"https:\/\/lirolight.com\/wp-content\/uploads\/2025\/07\/666.png\" alt=\"\" class=\"wp-image-8117\" style=\"width:900px;height:auto\" srcset=\"https:\/\/lirolight.com\/wp-content\/uploads\/2025\/07\/666.png 617w, https:\/\/lirolight.com\/wp-content\/uploads\/2025\/07\/666-260x300.png 260w, https:\/\/lirolight.com\/wp-content\/uploads\/2025\/07\/666-10x12.png 10w, https:\/\/lirolight.com\/wp-content\/uploads\/2025\/07\/666-441x510.png 441w, https:\/\/lirolight.com\/wp-content\/uploads\/2025\/07\/666-300x347.png 300w, https:\/\/lirolight.com\/wp-content\/uploads\/2025\/07\/666-150x173.png 150w, https:\/\/lirolight.com\/wp-content\/uploads\/2025\/07\/666-433x500.png 433w, https:\/\/lirolight.com\/wp-content\/uploads\/2025\/07\/666-35x40.png 35w\" sizes=\"(max-width: 617px) 100vw, 617px\" \/><\/noscript><\/figure>\n<\/div>\n<\/div>\n\n\n\n<h2 class=\"wp-block-heading\">Lien vid\u00e9o :<\/h2>\n\n\n\n<p><a href=\"https:\/\/www.instagram.com\/p\/DOanZX7kiLP\" target=\"_blank\" rel=\"noopener\">https:\/\/www.instagram.com\/p\/DOanZX7kiLP<\/a><\/p>","protected":false},"excerpt":{"rendered":"<p>&nbsp;<\/p>\n<p>&nbsp;<\/p>\n<blockquote><p>\u00a0<\/p><\/blockquote>\n<p>&nbsp;<\/p>","protected":false},"featured_media":8125,"comment_status":"open","ping_status":"closed","template":"","meta":[],"product_brand":[],"product_cat":[51,84],"product_tag":[513,201,160,73],"class_list":{"0":"post-8108","1":"product","2":"type-product","3":"status-publish","4":"has-post-thumbnail","6":"product_cat-waterproof-series","7":"product_cat-ip-led-wall-washer","8":"product_tag-led-city-color","9":"product_tag-led-wall-washer","10":"product_tag-stagelights","11":"product_tag-wash","13":"first","14":"instock","15":"shipping-taxable","16":"product-type-simple"},"_links":{"self":[{"href":"https:\/\/lirolight.com\/fr\/wp-json\/wp\/v2\/product\/8108","targetHints":{"allow":["GET"]}}],"collection":[{"href":"https:\/\/lirolight.com\/fr\/wp-json\/wp\/v2\/product"}],"about":[{"href":"https:\/\/lirolight.com\/fr\/wp-json\/wp\/v2\/types\/product"}],"replies":[{"embeddable":true,"href":"https:\/\/lirolight.com\/fr\/wp-json\/wp\/v2\/comments?post=8108"}],"version-history":[{"count":5,"href":"https:\/\/lirolight.com\/fr\/wp-json\/wp\/v2\/product\/8108\/revisions"}],"predecessor-version":[{"id":10584,"href":"https:\/\/lirolight.com\/fr\/wp-json\/wp\/v2\/product\/8108\/revisions\/10584"}],"wp:featuredmedia":[{"embeddable":true,"href":"https:\/\/lirolight.com\/fr\/wp-json\/wp\/v2\/media\/8125"}],"wp:attachment":[{"href":"https:\/\/lirolight.com\/fr\/wp-json\/wp\/v2\/media?parent=8108"}],"wp:term":[{"taxonomy":"product_brand","embeddable":true,"href":"https:\/\/lirolight.com\/fr\/wp-json\/wp\/v2\/product_brand?post=8108"},{"taxonomy":"product_cat","embeddable":true,"href":"https:\/\/lirolight.com\/fr\/wp-json\/wp\/v2\/product_cat?post=8108"},{"taxonomy":"product_tag","embeddable":true,"href":"https:\/\/lirolight.com\/fr\/wp-json\/wp\/v2\/product_tag?post=8108"}],"curies":[{"name":"wp","href":"https:\/\/api.w.org\/{rel}","templated":true}]}}