{"id":8143,"date":"2025-07-10T01:43:16","date_gmt":"2025-07-10T01:43:16","guid":{"rendered":"https:\/\/lirolight.com\/?post_type=product&#038;p=8143"},"modified":"2026-01-14T03:04:45","modified_gmt":"2026-01-14T03:04:45","slug":"sky-beam-stage-lights-outdoor-ip66-waterproof-led-bsw-380w-beam-spot-wash-3in1-moving-head-light-for-project-event","status":"publish","type":"product","link":"https:\/\/lirolight.com\/fr\/produit\/sky-beam-stage-lights-outdoor-ip66-waterproof-led-bsw-380w-beam-spot-wash-3in1-moving-head-light-for-project-event\/","title":{"rendered":"LiRO-LITE Sky Beam Stage Lights Outdoor IP66 Waterproof LED BSW 380W Beam Spot Wash 3in1 Moving Head Light for Project Event"},"content":{"rendered":"<h2 class=\"wp-block-heading\"><strong><mark style=\"background-color:#000000\" class=\"has-inline-color has-white-color\">LR-IP BEAM380 3IN1<\/mark><\/strong><\/h2>\n\n\n\n<hr class=\"wp-block-separator has-alpha-channel-opacity\"\/>\n\n\n\n<h2 class=\"wp-block-heading\">Photos :<\/h2>\n\n\n\n<div class=\"wp-block-columns is-layout-flex wp-container-core-columns-is-layout-28f84493 wp-block-columns-is-layout-flex\">\n<div class=\"wp-block-column is-layout-flow wp-block-column-is-layout-flow\">\n<div class=\"wp-block-columns is-layout-flex wp-container-core-columns-is-layout-28f84493 wp-block-columns-is-layout-flex\">\n<div class=\"wp-block-column is-layout-flow wp-block-column-is-layout-flow\">\n<figure class=\"wp-block-image aligncenter size-large is-resized\"><img fetchpriority=\"high\" decoding=\"async\" width=\"1024\" height=\"1024\" src=\"https:\/\/lirolight.com\/wp-content\/uploads\/2025\/07\/IP-BEAM380-3IN1-Moving-head-light-1-1-1024x1024.jpg\" alt=\"\" class=\"wp-image-8153\" style=\"width:505px;height:auto\" srcset=\"https:\/\/lirolight.com\/wp-content\/uploads\/2025\/07\/IP-BEAM380-3IN1-Moving-head-light-1-1-1024x1024.jpg 1024w, https:\/\/lirolight.com\/wp-content\/uploads\/2025\/07\/IP-BEAM380-3IN1-Moving-head-light-1-1-300x300.jpg 300w, https:\/\/lirolight.com\/wp-content\/uploads\/2025\/07\/IP-BEAM380-3IN1-Moving-head-light-1-1-150x150.jpg 150w, https:\/\/lirolight.com\/wp-content\/uploads\/2025\/07\/IP-BEAM380-3IN1-Moving-head-light-1-1-768x768.jpg 768w, https:\/\/lirolight.com\/wp-content\/uploads\/2025\/07\/IP-BEAM380-3IN1-Moving-head-light-1-1-1536x1536.jpg 1536w, https:\/\/lirolight.com\/wp-content\/uploads\/2025\/07\/IP-BEAM380-3IN1-Moving-head-light-1-1-12x12.jpg 12w, https:\/\/lirolight.com\/wp-content\/uploads\/2025\/07\/IP-BEAM380-3IN1-Moving-head-light-1-1-990x990.jpg 990w, https:\/\/lirolight.com\/wp-content\/uploads\/2025\/07\/IP-BEAM380-3IN1-Moving-head-light-1-1-441x441.jpg 441w, https:\/\/lirolight.com\/wp-content\/uploads\/2025\/07\/IP-BEAM380-3IN1-Moving-head-light-1-1-100x100.jpg 100w, https:\/\/lirolight.com\/wp-content\/uploads\/2025\/07\/IP-BEAM380-3IN1-Moving-head-light-1-1-800x800.jpg 800w, https:\/\/lirolight.com\/wp-content\/uploads\/2025\/07\/IP-BEAM380-3IN1-Moving-head-light-1-1-500x500.jpg 500w, https:\/\/lirolight.com\/wp-content\/uploads\/2025\/07\/IP-BEAM380-3IN1-Moving-head-light-1-1-40x40.jpg 40w, https:\/\/lirolight.com\/wp-content\/uploads\/2025\/07\/IP-BEAM380-3IN1-Moving-head-light-1-1.jpg 2000w\" sizes=\"(max-width: 1024px) 100vw, 1024px\" \/><\/figure>\n<\/div>\n<\/div>\n<\/div>\n<\/div>\n\n\n\n<div class=\"wp-block-columns is-layout-flex wp-container-core-columns-is-layout-28f84493 wp-block-columns-is-layout-flex\">\n<div class=\"wp-block-column is-layout-flow wp-block-column-is-layout-flow\">\n<figure class=\"wp-block-image size-large\"><img decoding=\"async\" width=\"1024\" height=\"1024\" data-src=\"https:\/\/lirolight.com\/wp-content\/uploads\/2025\/07\/IP-BEAM380-3IN1-Moving-head-light-3-1024x1024.jpg\" alt=\"\" class=\"wp-image-8149 lazyload\" data-srcset=\"https:\/\/lirolight.com\/wp-content\/uploads\/2025\/07\/IP-BEAM380-3IN1-Moving-head-light-3-1024x1024.jpg 1024w, https:\/\/lirolight.com\/wp-content\/uploads\/2025\/07\/IP-BEAM380-3IN1-Moving-head-light-3-300x300.jpg 300w, https:\/\/lirolight.com\/wp-content\/uploads\/2025\/07\/IP-BEAM380-3IN1-Moving-head-light-3-150x150.jpg 150w, https:\/\/lirolight.com\/wp-content\/uploads\/2025\/07\/IP-BEAM380-3IN1-Moving-head-light-3-768x768.jpg 768w, https:\/\/lirolight.com\/wp-content\/uploads\/2025\/07\/IP-BEAM380-3IN1-Moving-head-light-3-1536x1536.jpg 1536w, https:\/\/lirolight.com\/wp-content\/uploads\/2025\/07\/IP-BEAM380-3IN1-Moving-head-light-3-12x12.jpg 12w, https:\/\/lirolight.com\/wp-content\/uploads\/2025\/07\/IP-BEAM380-3IN1-Moving-head-light-3-990x990.jpg 990w, https:\/\/lirolight.com\/wp-content\/uploads\/2025\/07\/IP-BEAM380-3IN1-Moving-head-light-3-441x441.jpg 441w, https:\/\/lirolight.com\/wp-content\/uploads\/2025\/07\/IP-BEAM380-3IN1-Moving-head-light-3-100x100.jpg 100w, https:\/\/lirolight.com\/wp-content\/uploads\/2025\/07\/IP-BEAM380-3IN1-Moving-head-light-3-800x800.jpg 800w, https:\/\/lirolight.com\/wp-content\/uploads\/2025\/07\/IP-BEAM380-3IN1-Moving-head-light-3-500x500.jpg 500w, https:\/\/lirolight.com\/wp-content\/uploads\/2025\/07\/IP-BEAM380-3IN1-Moving-head-light-3-40x40.jpg 40w, https:\/\/lirolight.com\/wp-content\/uploads\/2025\/07\/IP-BEAM380-3IN1-Moving-head-light-3.jpg 2000w\" data-sizes=\"(max-width: 1024px) 100vw, 1024px\" src=\"data:image\/gif;base64,R0lGODlhAQABAAAAACH5BAEKAAEALAAAAAABAAEAAAICTAEAOw==\" style=\"--smush-placeholder-width: 1024px; --smush-placeholder-aspect-ratio: 1024\/1024;\" \/><noscript><img decoding=\"async\" width=\"1024\" height=\"1024\" src=\"https:\/\/lirolight.com\/wp-content\/uploads\/2025\/07\/IP-BEAM380-3IN1-Moving-head-light-3-1024x1024.jpg\" alt=\"\" class=\"wp-image-8149\" srcset=\"https:\/\/lirolight.com\/wp-content\/uploads\/2025\/07\/IP-BEAM380-3IN1-Moving-head-light-3-1024x1024.jpg 1024w, https:\/\/lirolight.com\/wp-content\/uploads\/2025\/07\/IP-BEAM380-3IN1-Moving-head-light-3-300x300.jpg 300w, https:\/\/lirolight.com\/wp-content\/uploads\/2025\/07\/IP-BEAM380-3IN1-Moving-head-light-3-150x150.jpg 150w, https:\/\/lirolight.com\/wp-content\/uploads\/2025\/07\/IP-BEAM380-3IN1-Moving-head-light-3-768x768.jpg 768w, https:\/\/lirolight.com\/wp-content\/uploads\/2025\/07\/IP-BEAM380-3IN1-Moving-head-light-3-1536x1536.jpg 1536w, https:\/\/lirolight.com\/wp-content\/uploads\/2025\/07\/IP-BEAM380-3IN1-Moving-head-light-3-12x12.jpg 12w, https:\/\/lirolight.com\/wp-content\/uploads\/2025\/07\/IP-BEAM380-3IN1-Moving-head-light-3-990x990.jpg 990w, https:\/\/lirolight.com\/wp-content\/uploads\/2025\/07\/IP-BEAM380-3IN1-Moving-head-light-3-441x441.jpg 441w, https:\/\/lirolight.com\/wp-content\/uploads\/2025\/07\/IP-BEAM380-3IN1-Moving-head-light-3-100x100.jpg 100w, https:\/\/lirolight.com\/wp-content\/uploads\/2025\/07\/IP-BEAM380-3IN1-Moving-head-light-3-800x800.jpg 800w, https:\/\/lirolight.com\/wp-content\/uploads\/2025\/07\/IP-BEAM380-3IN1-Moving-head-light-3-500x500.jpg 500w, https:\/\/lirolight.com\/wp-content\/uploads\/2025\/07\/IP-BEAM380-3IN1-Moving-head-light-3-40x40.jpg 40w, https:\/\/lirolight.com\/wp-content\/uploads\/2025\/07\/IP-BEAM380-3IN1-Moving-head-light-3.jpg 2000w\" sizes=\"(max-width: 1024px) 100vw, 1024px\" \/><\/noscript><\/figure>\n<\/div>\n\n\n\n<div class=\"wp-block-column is-layout-flow wp-block-column-is-layout-flow\">\n<figure class=\"wp-block-image size-full\"><img decoding=\"async\" width=\"2000\" height=\"2000\" data-src=\"https:\/\/lirolight.com\/wp-content\/uploads\/2025\/07\/IP-BEAM380-3IN1-Moving-head-light-4.jpg\" alt=\"\" class=\"wp-image-8150 lazyload\" data-srcset=\"https:\/\/lirolight.com\/wp-content\/uploads\/2025\/07\/IP-BEAM380-3IN1-Moving-head-light-4.jpg 2000w, https:\/\/lirolight.com\/wp-content\/uploads\/2025\/07\/IP-BEAM380-3IN1-Moving-head-light-4-300x300.jpg 300w, https:\/\/lirolight.com\/wp-content\/uploads\/2025\/07\/IP-BEAM380-3IN1-Moving-head-light-4-1024x1024.jpg 1024w, https:\/\/lirolight.com\/wp-content\/uploads\/2025\/07\/IP-BEAM380-3IN1-Moving-head-light-4-150x150.jpg 150w, https:\/\/lirolight.com\/wp-content\/uploads\/2025\/07\/IP-BEAM380-3IN1-Moving-head-light-4-768x768.jpg 768w, https:\/\/lirolight.com\/wp-content\/uploads\/2025\/07\/IP-BEAM380-3IN1-Moving-head-light-4-1536x1536.jpg 1536w, https:\/\/lirolight.com\/wp-content\/uploads\/2025\/07\/IP-BEAM380-3IN1-Moving-head-light-4-12x12.jpg 12w, https:\/\/lirolight.com\/wp-content\/uploads\/2025\/07\/IP-BEAM380-3IN1-Moving-head-light-4-990x990.jpg 990w, https:\/\/lirolight.com\/wp-content\/uploads\/2025\/07\/IP-BEAM380-3IN1-Moving-head-light-4-441x441.jpg 441w, https:\/\/lirolight.com\/wp-content\/uploads\/2025\/07\/IP-BEAM380-3IN1-Moving-head-light-4-100x100.jpg 100w, https:\/\/lirolight.com\/wp-content\/uploads\/2025\/07\/IP-BEAM380-3IN1-Moving-head-light-4-800x800.jpg 800w, https:\/\/lirolight.com\/wp-content\/uploads\/2025\/07\/IP-BEAM380-3IN1-Moving-head-light-4-500x500.jpg 500w, https:\/\/lirolight.com\/wp-content\/uploads\/2025\/07\/IP-BEAM380-3IN1-Moving-head-light-4-40x40.jpg 40w\" data-sizes=\"(max-width: 2000px) 100vw, 2000px\" src=\"data:image\/gif;base64,R0lGODlhAQABAAAAACH5BAEKAAEALAAAAAABAAEAAAICTAEAOw==\" style=\"--smush-placeholder-width: 2000px; --smush-placeholder-aspect-ratio: 2000\/2000;\" \/><noscript><img decoding=\"async\" width=\"2000\" height=\"2000\" src=\"https:\/\/lirolight.com\/wp-content\/uploads\/2025\/07\/IP-BEAM380-3IN1-Moving-head-light-4.jpg\" alt=\"\" class=\"wp-image-8150\" srcset=\"https:\/\/lirolight.com\/wp-content\/uploads\/2025\/07\/IP-BEAM380-3IN1-Moving-head-light-4.jpg 2000w, https:\/\/lirolight.com\/wp-content\/uploads\/2025\/07\/IP-BEAM380-3IN1-Moving-head-light-4-300x300.jpg 300w, https:\/\/lirolight.com\/wp-content\/uploads\/2025\/07\/IP-BEAM380-3IN1-Moving-head-light-4-1024x1024.jpg 1024w, https:\/\/lirolight.com\/wp-content\/uploads\/2025\/07\/IP-BEAM380-3IN1-Moving-head-light-4-150x150.jpg 150w, https:\/\/lirolight.com\/wp-content\/uploads\/2025\/07\/IP-BEAM380-3IN1-Moving-head-light-4-768x768.jpg 768w, https:\/\/lirolight.com\/wp-content\/uploads\/2025\/07\/IP-BEAM380-3IN1-Moving-head-light-4-1536x1536.jpg 1536w, https:\/\/lirolight.com\/wp-content\/uploads\/2025\/07\/IP-BEAM380-3IN1-Moving-head-light-4-12x12.jpg 12w, https:\/\/lirolight.com\/wp-content\/uploads\/2025\/07\/IP-BEAM380-3IN1-Moving-head-light-4-990x990.jpg 990w, https:\/\/lirolight.com\/wp-content\/uploads\/2025\/07\/IP-BEAM380-3IN1-Moving-head-light-4-441x441.jpg 441w, https:\/\/lirolight.com\/wp-content\/uploads\/2025\/07\/IP-BEAM380-3IN1-Moving-head-light-4-100x100.jpg 100w, https:\/\/lirolight.com\/wp-content\/uploads\/2025\/07\/IP-BEAM380-3IN1-Moving-head-light-4-800x800.jpg 800w, https:\/\/lirolight.com\/wp-content\/uploads\/2025\/07\/IP-BEAM380-3IN1-Moving-head-light-4-500x500.jpg 500w, https:\/\/lirolight.com\/wp-content\/uploads\/2025\/07\/IP-BEAM380-3IN1-Moving-head-light-4-40x40.jpg 40w\" sizes=\"(max-width: 2000px) 100vw, 2000px\" \/><\/noscript><\/figure>\n<\/div>\n<\/div>\n\n\n\n<h2 class=\"wp-block-heading\"><font style=\"vertical-align: inherit;\"><font style=\"vertical-align: inherit;\">Sp\u00e9cification\uff1a<\/font><\/font><\/h2>\n\n\n\n<p>Tension large : AC90V-235V 50-60Hz<br>Puissance : 650W<br>Source lumineuse : 371W\/421W<br>Temp\u00e9rature de couleur : 8000K<br>Couleur : 11+lumi\u00e8re blanche<br>Gobo : 13 Gobo fixes + 1 lumi\u00e8re blanche<br>Mise au point : Mise au point \u00e9lectronique<br>Strobe : effet stroboscopique ind\u00e9pendant \u00e0 double moteur, 0,5-20 fois\/seconde, vitesse r\u00e9glable<br>Gobo rotatif : 9+1<br>Moteur : Moteur triphas\u00e9 sur l'axe XY, pour une vitesse \u00e9lev\u00e9e de la lampe et un angle de positionnement pr\u00e9cis !<br>Courbe de gradation : 0%-100% gradation lin\u00e9aire, douce et sans scintillement<br>Angle de rayonnement : 2-40\u00b0.<br>Canaux DMX : 17 \/21CH<br>Diam\u00e8tre de l'objectif : 135 mm<br>Degr\u00e9 d'\u00e9tanch\u00e9it\u00e9 : IP66<br>Mode de contr\u00f4le 1 : DMX 512, auto-propuls\u00e9, auto-propuls\u00e9 ma\u00eetre-esclave, fonction RDM, peut utiliser un grand contr\u00f4leur pour contr\u00f4ler le code d'adresse \u00e0 distance.<br>Prisme : 8 prismes (les prismes peuvent \u00eatre configur\u00e9s selon les besoins du client).<br>Affichage : \u00c9cran LCD, s'adapte \u00e0 diff\u00e9rentes positions d'installation, peut pivoter de 180\u00b0.<br>Pan\/Tilt : adoption d'un moteur triphas\u00e9 de haute pr\u00e9cision, positionnement pr\u00e9cis, fonctionnement souple, correction automatique du positionnement.<br>Panoramique : Rotation de 540\u00b0, r\u00e9solution 8\/16Bit, avec r\u00e9glage fin<br>Inclinaison : rotation de 270\u00b0, r\u00e9solution 8\/16Bit, avec r\u00e9glage fin.<br>Syst\u00e8me de refroidissement : fonte d'aluminium, dissipation de la chaleur de l'ensemble de la lampe.<br>M\u00e9thode d'installation : verticale\/invers\u00e9e<br>Taille de la lampe : 43x26x63cm<br>Dimensions de l'emballage en carton : 41x49x77cm<br>Poids net : 26KG<br>Poids brut 32KG<br>Chef-d'\u0153uvre : apparence haut de gamme, \u00e9nergie \u00e9norme, colonne lumineuse \u00e9paisse La lampe \u00e0 faisceau \u00e9tanche a atteint des normes \u00e9lev\u00e9es en termes d'optique, de structure, d'apparence, etc., utilisant la technologie la plus avanc\u00e9e, une source lumineuse \u00e0 haute luminosit\u00e9, une technologie optique et une conception industrielle rigoureuse pour assurer une pr\u00e9sentation parfaite de la conception de l'\u00e9clairage.<\/p>\n\n\n\n<h2 class=\"wp-block-heading\">Param\u00e8tre : <\/h2>\n\n\n\n<figure class=\"wp-block-table\"><table class=\"has-fixed-layout\"><tbody><tr><td>Nom du produit<\/td><td>Feu mobile \u00e9tanche BSW<\/td><\/tr><tr><td>Puissance<\/td><td><strong>Ampoule d'origine 421W\/ 371W<\/strong><\/td><\/tr><tr><td>Tension d'entr\u00e9e (V)<\/td><td>AC 100-240V, 50\/60Hz<\/td><\/tr><tr><td>Indice IP<\/td><td>IP66<\/td><\/tr><tr><td>roue des couleurs<\/td><td>11 couleurs + lumi\u00e8re blanche<\/td><\/tr><tr><td>Roue de gobos fixes<\/td><td>13 Gobo fixes + 1 lumi\u00e8re blanche<\/td><\/tr><tr><td>Roue de gobos rotatifs<\/td><td>9 Gobo de rotation + 1 lumi\u00e8re blanche<\/td><\/tr><tr><td>Prisme<\/td><td>8 prismes (les prismes peuvent \u00eatre configur\u00e9s selon les besoins du client).<\/td><\/tr><tr><td>Mode de contr\u00f4le<\/td><td>Commande vocale, programme int\u00e9gr\u00e9, ma\u00eetre-esclave, contr\u00f4le du signal DMX512<\/td><\/tr><tr><td>Application<\/td><td>Spectacles, sc\u00e8ne, projet de tourisme culturel<\/td><\/tr><tr><td>Garantie<\/td><td>2 ans<\/td><\/tr><tr><td>Service OEM&amp;ODM<\/td><td>24 heures en ligneSi vous avez des questions sur le produit, n'h\u00e9sitez pas \u00e0 nous contacter \u00e0 tout moment.<\/td><\/tr><tr><td>Capacit\u00e9 du projet<\/td><td>Nous avons plus de 500 ans d'exp\u00e9rience dans l'ing\u00e9nierie de projets \u00e0 l'\u00e9tranger.<\/td><\/tr><tr><td>Paquet<\/td><td>Carton et flight case disponibles<\/td><\/tr><tr><td>GW<\/td><td>26KG<\/td><\/tr><\/tbody><\/table><\/figure>\n\n\n\n<h2 class=\"wp-block-heading\">Heure du spectacle :<\/h2>\n\n\n\n<figure class=\"wp-block-image size-full is-resized\"><img loading=\"lazy\" decoding=\"async\" width=\"606\" height=\"80\" data-src=\"https:\/\/lirolight.com\/wp-content\/uploads\/2025\/07\/image.png\" alt=\"\" class=\"wp-image-8147 lazyload\" style=\"--smush-placeholder-width: 606px; --smush-placeholder-aspect-ratio: 606\/80;width:900px;height:auto\" data-srcset=\"https:\/\/lirolight.com\/wp-content\/uploads\/2025\/07\/image.png 606w, https:\/\/lirolight.com\/wp-content\/uploads\/2025\/07\/image-300x40.png 300w, https:\/\/lirolight.com\/wp-content\/uploads\/2025\/07\/image-18x2.png 18w, https:\/\/lirolight.com\/wp-content\/uploads\/2025\/07\/image-441x58.png 441w, https:\/\/lirolight.com\/wp-content\/uploads\/2025\/07\/image-150x20.png 150w, https:\/\/lirolight.com\/wp-content\/uploads\/2025\/07\/image-500x66.png 500w, https:\/\/lirolight.com\/wp-content\/uploads\/2025\/07\/image-60x8.png 60w\" data-sizes=\"(max-width: 606px) 100vw, 606px\" src=\"data:image\/gif;base64,R0lGODlhAQABAAAAACH5BAEKAAEALAAAAAABAAEAAAICTAEAOw==\" \/><noscript><img loading=\"lazy\" decoding=\"async\" width=\"606\" height=\"80\" src=\"https:\/\/lirolight.com\/wp-content\/uploads\/2025\/07\/image.png\" alt=\"\" class=\"wp-image-8147\" style=\"width:900px;height:auto\" srcset=\"https:\/\/lirolight.com\/wp-content\/uploads\/2025\/07\/image.png 606w, https:\/\/lirolight.com\/wp-content\/uploads\/2025\/07\/image-300x40.png 300w, https:\/\/lirolight.com\/wp-content\/uploads\/2025\/07\/image-18x2.png 18w, https:\/\/lirolight.com\/wp-content\/uploads\/2025\/07\/image-441x58.png 441w, https:\/\/lirolight.com\/wp-content\/uploads\/2025\/07\/image-150x20.png 150w, https:\/\/lirolight.com\/wp-content\/uploads\/2025\/07\/image-500x66.png 500w, https:\/\/lirolight.com\/wp-content\/uploads\/2025\/07\/image-60x8.png 60w\" sizes=\"(max-width: 606px) 100vw, 606px\" \/><\/noscript><\/figure>\n\n\n\n<figure class=\"wp-block-image size-full is-resized\"><img loading=\"lazy\" decoding=\"async\" width=\"600\" height=\"160\" data-src=\"https:\/\/lirolight.com\/wp-content\/uploads\/2025\/07\/image-1.png\" alt=\"\" class=\"wp-image-8148 lazyload\" style=\"--smush-placeholder-width: 600px; --smush-placeholder-aspect-ratio: 600\/160;width:900px;height:auto\" data-srcset=\"https:\/\/lirolight.com\/wp-content\/uploads\/2025\/07\/image-1.png 600w, https:\/\/lirolight.com\/wp-content\/uploads\/2025\/07\/image-1-300x80.png 300w, https:\/\/lirolight.com\/wp-content\/uploads\/2025\/07\/image-1-18x5.png 18w, https:\/\/lirolight.com\/wp-content\/uploads\/2025\/07\/image-1-441x118.png 441w, https:\/\/lirolight.com\/wp-content\/uploads\/2025\/07\/image-1-150x40.png 150w, https:\/\/lirolight.com\/wp-content\/uploads\/2025\/07\/image-1-500x133.png 500w, https:\/\/lirolight.com\/wp-content\/uploads\/2025\/07\/image-1-60x16.png 60w\" data-sizes=\"(max-width: 600px) 100vw, 600px\" src=\"data:image\/gif;base64,R0lGODlhAQABAAAAACH5BAEKAAEALAAAAAABAAEAAAICTAEAOw==\" \/><noscript><img loading=\"lazy\" decoding=\"async\" width=\"600\" height=\"160\" src=\"https:\/\/lirolight.com\/wp-content\/uploads\/2025\/07\/image-1.png\" alt=\"\" class=\"wp-image-8148\" style=\"width:900px;height:auto\" srcset=\"https:\/\/lirolight.com\/wp-content\/uploads\/2025\/07\/image-1.png 600w, https:\/\/lirolight.com\/wp-content\/uploads\/2025\/07\/image-1-300x80.png 300w, https:\/\/lirolight.com\/wp-content\/uploads\/2025\/07\/image-1-18x5.png 18w, https:\/\/lirolight.com\/wp-content\/uploads\/2025\/07\/image-1-441x118.png 441w, https:\/\/lirolight.com\/wp-content\/uploads\/2025\/07\/image-1-150x40.png 150w, https:\/\/lirolight.com\/wp-content\/uploads\/2025\/07\/image-1-500x133.png 500w, https:\/\/lirolight.com\/wp-content\/uploads\/2025\/07\/image-1-60x16.png 60w\" sizes=\"(max-width: 600px) 100vw, 600px\" \/><\/noscript><\/figure>\n\n\n\n<h2 class=\"wp-block-heading\">Lien vid\u00e9o :<\/h2>\n\n\n\n<p><a href=\"https:\/\/www.instagram.com\/p\/C6qHu-3J0kI\" target=\"_blank\" rel=\"noopener\">https:\/\/www.instagram.com\/p\/C6qHu-3J0kI<\/a><\/p>","protected":false},"excerpt":{"rendered":"<p>Apparence haut de gamme, \u00e9nergie consid\u00e9rable, colonne lumineuse \u00e9paisse La lampe \u00e0 faisceau \u00e9tanche a atteint des normes \u00e9lev\u00e9es en termes d'optique, de structure, d'apparence, etc., en utilisant la technologie la plus avanc\u00e9e, une source lumineuse \u00e0 haute luminosit\u00e9, une technologie optique et une conception industrielle rigoureuse pour assurer une pr\u00e9sentation parfaite de la conception de l'\u00e9clairage.<\/p>\n<p>&nbsp;<\/p>\n<blockquote><p>\u00a0<\/p><\/blockquote>\n<p>&nbsp;<\/p>","protected":false},"featured_media":8151,"comment_status":"open","ping_status":"closed","template":"","meta":[],"product_brand":[],"product_cat":[51,64],"product_tag":[74,118,113,107,115,117],"class_list":{"0":"post-8143","1":"product","2":"type-product","3":"status-publish","4":"has-post-thumbnail","6":"product_cat-waterproof-series","7":"product_cat-ip-beam-bsw","8":"product_tag-beam","9":"product_tag-beam-spot-wash-3in1-moving-head-light","10":"product_tag-beamspotwash","11":"product_tag-movinghead","12":"product_tag-movingheadlights","13":"product_tag-sky-beam-stage-lights","15":"first","16":"instock","17":"shipping-taxable","18":"product-type-simple"},"_links":{"self":[{"href":"https:\/\/lirolight.com\/fr\/wp-json\/wp\/v2\/product\/8143","targetHints":{"allow":["GET"]}}],"collection":[{"href":"https:\/\/lirolight.com\/fr\/wp-json\/wp\/v2\/product"}],"about":[{"href":"https:\/\/lirolight.com\/fr\/wp-json\/wp\/v2\/types\/product"}],"replies":[{"embeddable":true,"href":"https:\/\/lirolight.com\/fr\/wp-json\/wp\/v2\/comments?post=8143"}],"version-history":[{"count":5,"href":"https:\/\/lirolight.com\/fr\/wp-json\/wp\/v2\/product\/8143\/revisions"}],"predecessor-version":[{"id":10588,"href":"https:\/\/lirolight.com\/fr\/wp-json\/wp\/v2\/product\/8143\/revisions\/10588"}],"wp:featuredmedia":[{"embeddable":true,"href":"https:\/\/lirolight.com\/fr\/wp-json\/wp\/v2\/media\/8151"}],"wp:attachment":[{"href":"https:\/\/lirolight.com\/fr\/wp-json\/wp\/v2\/media?parent=8143"}],"wp:term":[{"taxonomy":"product_brand","embeddable":true,"href":"https:\/\/lirolight.com\/fr\/wp-json\/wp\/v2\/product_brand?post=8143"},{"taxonomy":"product_cat","embeddable":true,"href":"https:\/\/lirolight.com\/fr\/wp-json\/wp\/v2\/product_cat?post=8143"},{"taxonomy":"product_tag","embeddable":true,"href":"https:\/\/lirolight.com\/fr\/wp-json\/wp\/v2\/product_tag?post=8143"}],"curies":[{"name":"wp","href":"https:\/\/api.w.org\/{rel}","templated":true}]}}