{"id":8182,"date":"2025-07-10T03:25:11","date_gmt":"2025-07-10T03:25:11","guid":{"rendered":"https:\/\/lirolight.com\/?post_type=product&#038;p=8182"},"modified":"2026-01-14T03:18:26","modified_gmt":"2026-01-14T03:18:26","slug":"led-500w-bsw-3in1-moving-head-sharpy-light-cmycto-zoom-led-moving-head-lights-beam-spot-wash-moving-head-for-stage-for-event-stage-disco","status":"publish","type":"product","link":"https:\/\/lirolight.com\/fr\/produit\/led-500w-bsw-3in1-moving-head-sharpy-light-cmycto-zoom-led-moving-head-lights-beam-spot-wash-moving-head-for-stage-for-event-stage-disco\/","title":{"rendered":"LiRO-LITE Led 500W BSW 3in1 Moving Head Sharpy Light CMY+CTO Zoom Led Moving Head Lights Beam Spot Wash Moving Head for Stage for Event Stage Disco"},"content":{"rendered":"<h2 class=\"wp-block-heading\"><strong><mark style=\"background-color:#000000\" class=\"has-inline-color has-white-color\">LR-LED BSW500 CMY+CTO<\/mark><\/strong><\/h2>\n\n\n\n<hr class=\"wp-block-separator has-alpha-channel-opacity\"\/>\n\n\n\n<h2 class=\"wp-block-heading\">Photos :<\/h2>\n\n\n\n<div class=\"wp-block-columns is-layout-flex wp-container-core-columns-is-layout-28f84493 wp-block-columns-is-layout-flex\">\n<div class=\"wp-block-column is-layout-flow wp-block-column-is-layout-flow\">\n<figure class=\"wp-block-image size-full is-resized\"><img fetchpriority=\"high\" decoding=\"async\" width=\"720\" height=\"720\" src=\"https:\/\/lirolight.com\/wp-content\/uploads\/2025\/07\/13.png\" alt=\"\" class=\"wp-image-8184\" style=\"width:900px;height:auto\" srcset=\"https:\/\/lirolight.com\/wp-content\/uploads\/2025\/07\/13.png 720w, https:\/\/lirolight.com\/wp-content\/uploads\/2025\/07\/13-300x300.png 300w, https:\/\/lirolight.com\/wp-content\/uploads\/2025\/07\/13-150x150.png 150w, https:\/\/lirolight.com\/wp-content\/uploads\/2025\/07\/13-12x12.png 12w, https:\/\/lirolight.com\/wp-content\/uploads\/2025\/07\/13-441x441.png 441w, https:\/\/lirolight.com\/wp-content\/uploads\/2025\/07\/13-100x100.png 100w, https:\/\/lirolight.com\/wp-content\/uploads\/2025\/07\/13-500x500.png 500w, https:\/\/lirolight.com\/wp-content\/uploads\/2025\/07\/13-40x40.png 40w\" sizes=\"(max-width: 720px) 100vw, 720px\" \/><\/figure>\n<\/div>\n\n\n\n<div class=\"wp-block-column is-layout-flow wp-block-column-is-layout-flow\">\n<figure class=\"wp-block-image size-full is-resized\"><img decoding=\"async\" width=\"720\" height=\"720\" data-src=\"https:\/\/lirolight.com\/wp-content\/uploads\/2025\/07\/17.png\" alt=\"\" class=\"wp-image-8185 lazyload\" style=\"--smush-placeholder-width: 720px; --smush-placeholder-aspect-ratio: 720\/720;width:900px;height:auto\" data-srcset=\"https:\/\/lirolight.com\/wp-content\/uploads\/2025\/07\/17.png 720w, https:\/\/lirolight.com\/wp-content\/uploads\/2025\/07\/17-300x300.png 300w, https:\/\/lirolight.com\/wp-content\/uploads\/2025\/07\/17-150x150.png 150w, https:\/\/lirolight.com\/wp-content\/uploads\/2025\/07\/17-12x12.png 12w, https:\/\/lirolight.com\/wp-content\/uploads\/2025\/07\/17-441x441.png 441w, https:\/\/lirolight.com\/wp-content\/uploads\/2025\/07\/17-100x100.png 100w, https:\/\/lirolight.com\/wp-content\/uploads\/2025\/07\/17-500x500.png 500w, https:\/\/lirolight.com\/wp-content\/uploads\/2025\/07\/17-40x40.png 40w\" data-sizes=\"(max-width: 720px) 100vw, 720px\" src=\"data:image\/gif;base64,R0lGODlhAQABAAAAACH5BAEKAAEALAAAAAABAAEAAAICTAEAOw==\" \/><noscript><img decoding=\"async\" width=\"720\" height=\"720\" src=\"https:\/\/lirolight.com\/wp-content\/uploads\/2025\/07\/17.png\" alt=\"\" class=\"wp-image-8185\" style=\"width:900px;height:auto\" srcset=\"https:\/\/lirolight.com\/wp-content\/uploads\/2025\/07\/17.png 720w, https:\/\/lirolight.com\/wp-content\/uploads\/2025\/07\/17-300x300.png 300w, https:\/\/lirolight.com\/wp-content\/uploads\/2025\/07\/17-150x150.png 150w, https:\/\/lirolight.com\/wp-content\/uploads\/2025\/07\/17-12x12.png 12w, https:\/\/lirolight.com\/wp-content\/uploads\/2025\/07\/17-441x441.png 441w, https:\/\/lirolight.com\/wp-content\/uploads\/2025\/07\/17-100x100.png 100w, https:\/\/lirolight.com\/wp-content\/uploads\/2025\/07\/17-500x500.png 500w, https:\/\/lirolight.com\/wp-content\/uploads\/2025\/07\/17-40x40.png 40w\" sizes=\"(max-width: 720px) 100vw, 720px\" \/><\/noscript><\/figure>\n<\/div>\n<\/div>\n\n\n\n<div class=\"wp-block-columns is-layout-flex wp-container-core-columns-is-layout-28f84493 wp-block-columns-is-layout-flex\">\n<div class=\"wp-block-column is-layout-flow wp-block-column-is-layout-flow\">\n<div class=\"wp-block-columns is-layout-flex wp-container-core-columns-is-layout-28f84493 wp-block-columns-is-layout-flex\">\n<div class=\"wp-block-column is-layout-flow wp-block-column-is-layout-flow\">\n<figure class=\"wp-block-image aligncenter size-large\"><img decoding=\"async\" width=\"1024\" height=\"988\" data-src=\"https:\/\/lirolight.com\/wp-content\/uploads\/2025\/07\/QWEDD-1024x988.jpg\" alt=\"\" class=\"wp-image-8186 lazyload\" data-srcset=\"https:\/\/lirolight.com\/wp-content\/uploads\/2025\/07\/QWEDD-1024x988.jpg 1024w, https:\/\/lirolight.com\/wp-content\/uploads\/2025\/07\/QWEDD-300x289.jpg 300w, https:\/\/lirolight.com\/wp-content\/uploads\/2025\/07\/QWEDD-768x741.jpg 768w, https:\/\/lirolight.com\/wp-content\/uploads\/2025\/07\/QWEDD-12x12.jpg 12w, https:\/\/lirolight.com\/wp-content\/uploads\/2025\/07\/QWEDD-990x955.jpg 990w, https:\/\/lirolight.com\/wp-content\/uploads\/2025\/07\/QWEDD-441x425.jpg 441w, https:\/\/lirolight.com\/wp-content\/uploads\/2025\/07\/QWEDD-800x772.jpg 800w, https:\/\/lirolight.com\/wp-content\/uploads\/2025\/07\/QWEDD-150x145.jpg 150w, https:\/\/lirolight.com\/wp-content\/uploads\/2025\/07\/QWEDD-500x482.jpg 500w, https:\/\/lirolight.com\/wp-content\/uploads\/2025\/07\/QWEDD-41x40.jpg 41w, https:\/\/lirolight.com\/wp-content\/uploads\/2025\/07\/QWEDD.jpg 1103w\" data-sizes=\"(max-width: 1024px) 100vw, 1024px\" src=\"data:image\/gif;base64,R0lGODlhAQABAAAAACH5BAEKAAEALAAAAAABAAEAAAICTAEAOw==\" style=\"--smush-placeholder-width: 1024px; --smush-placeholder-aspect-ratio: 1024\/988;\" \/><noscript><img decoding=\"async\" width=\"1024\" height=\"988\" src=\"https:\/\/lirolight.com\/wp-content\/uploads\/2025\/07\/QWEDD-1024x988.jpg\" alt=\"\" class=\"wp-image-8186\" srcset=\"https:\/\/lirolight.com\/wp-content\/uploads\/2025\/07\/QWEDD-1024x988.jpg 1024w, https:\/\/lirolight.com\/wp-content\/uploads\/2025\/07\/QWEDD-300x289.jpg 300w, https:\/\/lirolight.com\/wp-content\/uploads\/2025\/07\/QWEDD-768x741.jpg 768w, https:\/\/lirolight.com\/wp-content\/uploads\/2025\/07\/QWEDD-12x12.jpg 12w, https:\/\/lirolight.com\/wp-content\/uploads\/2025\/07\/QWEDD-990x955.jpg 990w, https:\/\/lirolight.com\/wp-content\/uploads\/2025\/07\/QWEDD-441x425.jpg 441w, https:\/\/lirolight.com\/wp-content\/uploads\/2025\/07\/QWEDD-800x772.jpg 800w, https:\/\/lirolight.com\/wp-content\/uploads\/2025\/07\/QWEDD-150x145.jpg 150w, https:\/\/lirolight.com\/wp-content\/uploads\/2025\/07\/QWEDD-500x482.jpg 500w, https:\/\/lirolight.com\/wp-content\/uploads\/2025\/07\/QWEDD-41x40.jpg 41w, https:\/\/lirolight.com\/wp-content\/uploads\/2025\/07\/QWEDD.jpg 1103w\" sizes=\"(max-width: 1024px) 100vw, 1024px\" \/><\/noscript><\/figure>\n<\/div>\n<\/div>\n<\/div>\n<\/div>\n\n\n\n<h2 class=\"wp-block-heading\"><font style=\"vertical-align: inherit;\"><font style=\"vertical-align: inherit;\">Sp\u00e9cification\uff1a<\/font><\/font><\/h2>\n\n\n\n<ul class=\"wp-block-list\">\n<li>Tension d'entr\u00e9e : AC110V-240V\/50-60HZ<\/li>\n\n\n\n<li>Sp\u00e9cification de la source lumineuse : Module Led 500W<\/li>\n\n\n\n<li>Dur\u00e9e de vie de la source lumineuse : 20000 heures<\/li>\n\n\n\n<li>Puissance nominale : 600W<\/li>\n\n\n\n<li>Mode canal : 23\/25 canaux<\/li>\n\n\n\n<li>Panoramique : 540 degr\u00e9s (balayage de pr\u00e9cision 16 bits) correction \u00e9lectronique des erreurs<\/li>\n\n\n\n<li>Inclinaison : 270 degr\u00e9s (balayage de pr\u00e9cision 16 bits) correction \u00e9lectronique des erreurs<\/li>\n\n\n\n<li>Gradation : 0-100% r\u00e9glage lin\u00e9aire<\/li>\n\n\n\n<li>Mise au point : r\u00e9glage lin\u00e9aire de 4 m\u00e8tres \u00e0 50 m\u00e8tres<\/li>\n\n\n\n<li>Zoom : 1 effet de zoom ind\u00e9pendant, spot de lumi\u00e8re douce et naturelle<\/li>\n\n\n\n<li>Angle de grossissement : 4-50 degr\u00e9s<\/li>\n\n\n\n<li>Stroboscope \u00e0 grande vitesse : 0-30 fois\/sec. Effet stroboscopique \u00e0 vitesse r\u00e9glable. Fonction macro stroboscopique<\/li>\n\n\n\n<li>Couleur : 8 couleurs + lumi\u00e8re blanche. Fonction demi-couleur<\/li>\n\n\n\n<li>Syst\u00e8me de m\u00e9lange des couleurs : syst\u00e8me de m\u00e9lange des couleurs CMY+CTO lin\u00e9aire.<\/li>\n\n\n\n<li>Motifs fixes : 11 motifs fixes + lumi\u00e8re blanche<\/li>\n\n\n\n<li>Mod\u00e8le de rotation : 7 mod\u00e8les de verre, chaque mod\u00e8le de verre peut \u00eatre ind\u00e9pendamment avanc\u00e9 ou recul\u00e9.<\/li>\n\n\n\n<li>Prisme : prisme standard \u00e0 6 facettes et prisme \u00e0 8 facettes, chaque prisme peut \u00eatre ind\u00e9pendamment orient\u00e9 vers l'avant ou vers l'arri\u00e8re.<\/li>\n\n\n\n<li>Fonction macro : fonction de r\u00e9initialisation de la console, mode auto-propuls\u00e9, mode ma\u00eetre-esclave<\/li>\n\n\n\n<li>Mode d'affichage : \u00c9cran LCD, mode de fonctionnement double touche + touche<\/li>\n\n\n\n<li>Signal de contr\u00f4le : Norme internationale DMX512. Avec la fonction RDM, la mise \u00e0 jour du logiciel en ligne est disponible, composez le code d'adresse.<\/li>\n\n\n\n<li>M\u00e9thode de refroidissement : Ventilateur axial pour am\u00e9liorer le refroidissement<\/li>\n\n\n\n<li>Dispositif de s\u00e9curit\u00e9 : protection contre la surchauffe par contr\u00f4le \u00e9lectronique de la temp\u00e9rature, protection contre l'arr\u00eat automatique du contr\u00f4le \u00e9lectronique de la temp\u00e9rature en cas de d\u00e9faillance du syst\u00e8me de surchauffe.<\/li>\n\n\n\n<li>Mat\u00e9riau d'apparence : plastique r\u00e9sistant aux hautes temp\u00e9ratures<\/li>\n\n\n\n<li>Environnement de travail : -20 degr\u00e9s - 40 degr\u00e9s<\/li>\n\n\n\n<li>Niveau de protection : IP20<\/li>\n\n\n\n<li>Poids net du produit : 23KG<\/li>\n\n\n\n<li>Taille du produit : 38X27X65CM (LWH)<\/li>\n<\/ul>\n\n\n\n<h2 class=\"wp-block-heading\">Param\u00e8tre : <\/h2>\n\n\n\n<figure class=\"wp-block-table\"><table class=\"has-fixed-layout\"><tbody><tr><td>Tension large<\/td><td>AC100-240V, 50\/60Hz<\/td><\/tr><tr><td>Source :<\/td><td>LED 500W<\/td><\/tr><tr><td>Source Dur\u00e9e de vie<\/td><td>50000 heures<\/td><\/tr><tr><td>CRI<\/td><td>&gt;95<\/td><\/tr><tr><td>Variateur<\/td><td>0-100% lin\u00e9aire<\/td><\/tr><tr><td>Syst\u00e8me de refroidissement<\/td><td>Ventilateur \u00e0 vitesse automatique en fonction de la temp\u00e9rature, ventilateurs silencieux<\/td><\/tr><tr><td>Cha\u00eene<\/td><td>23\/25CH<\/td><\/tr><tr><td>Angle du zoom de lavage<\/td><td>10-50 degr\u00e9s<\/td><\/tr><tr><td>Angle de zoom ponctuel<\/td><td>4-35 degr\u00e9s<\/td><\/tr><tr><td>Couleur<\/td><td>8 couleurs + ouvert. Fonction demi-couleur<\/td><\/tr><tr><td>Syst\u00e8me de m\u00e9lange des couleurs<\/td><td>Syst\u00e8me de m\u00e9lange des couleurs CMY+CTO lin\u00e9aire<\/td><\/tr><tr><td>Gobos fixes<\/td><td>11 gobos fixes + ouverture, rotation et tremblement<\/td><\/tr><tr><td>Gobos rotatifs<\/td><td>7 gobos en verre, chaque gobo en verre peut \u00eatre tourn\u00e9<\/td><\/tr><tr><td>Syst\u00e8me Prism<\/td><td>standard 6 prisme de rev\u00eatement + 8 prisme, chaque prisme peut \u00eatre rotatif<\/td><\/tr><\/tbody><\/table><\/figure>\n\n\n\n<h2 class=\"wp-block-heading\">Heure du spectacle :<\/h2>\n\n\n\n<figure class=\"wp-block-image size-large\"><img loading=\"lazy\" decoding=\"async\" width=\"1024\" height=\"575\" data-src=\"https:\/\/lirolight.com\/wp-content\/uploads\/2025\/07\/c1-1024x575.jpg\" alt=\"\" class=\"wp-image-8187 lazyload\" data-srcset=\"https:\/\/lirolight.com\/wp-content\/uploads\/2025\/07\/c1-1024x575.jpg 1024w, https:\/\/lirolight.com\/wp-content\/uploads\/2025\/07\/c1-300x168.jpg 300w, https:\/\/lirolight.com\/wp-content\/uploads\/2025\/07\/c1-768x431.jpg 768w, https:\/\/lirolight.com\/wp-content\/uploads\/2025\/07\/c1-1536x863.jpg 1536w, https:\/\/lirolight.com\/wp-content\/uploads\/2025\/07\/c1-2048x1150.jpg 2048w, https:\/\/lirolight.com\/wp-content\/uploads\/2025\/07\/c1-18x10.jpg 18w, https:\/\/lirolight.com\/wp-content\/uploads\/2025\/07\/c1-990x556.jpg 990w, https:\/\/lirolight.com\/wp-content\/uploads\/2025\/07\/c1-441x248.jpg 441w, https:\/\/lirolight.com\/wp-content\/uploads\/2025\/07\/c1-800x449.jpg 800w, https:\/\/lirolight.com\/wp-content\/uploads\/2025\/07\/c1-150x84.jpg 150w, https:\/\/lirolight.com\/wp-content\/uploads\/2025\/07\/c1-500x281.jpg 500w, https:\/\/lirolight.com\/wp-content\/uploads\/2025\/07\/c1-60x34.jpg 60w\" data-sizes=\"(max-width: 1024px) 100vw, 1024px\" src=\"data:image\/gif;base64,R0lGODlhAQABAAAAACH5BAEKAAEALAAAAAABAAEAAAICTAEAOw==\" style=\"--smush-placeholder-width: 1024px; --smush-placeholder-aspect-ratio: 1024\/575;\" \/><noscript><img loading=\"lazy\" decoding=\"async\" width=\"1024\" height=\"575\" src=\"https:\/\/lirolight.com\/wp-content\/uploads\/2025\/07\/c1-1024x575.jpg\" alt=\"\" class=\"wp-image-8187\" srcset=\"https:\/\/lirolight.com\/wp-content\/uploads\/2025\/07\/c1-1024x575.jpg 1024w, https:\/\/lirolight.com\/wp-content\/uploads\/2025\/07\/c1-300x168.jpg 300w, https:\/\/lirolight.com\/wp-content\/uploads\/2025\/07\/c1-768x431.jpg 768w, https:\/\/lirolight.com\/wp-content\/uploads\/2025\/07\/c1-1536x863.jpg 1536w, https:\/\/lirolight.com\/wp-content\/uploads\/2025\/07\/c1-2048x1150.jpg 2048w, https:\/\/lirolight.com\/wp-content\/uploads\/2025\/07\/c1-18x10.jpg 18w, https:\/\/lirolight.com\/wp-content\/uploads\/2025\/07\/c1-990x556.jpg 990w, https:\/\/lirolight.com\/wp-content\/uploads\/2025\/07\/c1-441x248.jpg 441w, https:\/\/lirolight.com\/wp-content\/uploads\/2025\/07\/c1-800x449.jpg 800w, https:\/\/lirolight.com\/wp-content\/uploads\/2025\/07\/c1-150x84.jpg 150w, https:\/\/lirolight.com\/wp-content\/uploads\/2025\/07\/c1-500x281.jpg 500w, https:\/\/lirolight.com\/wp-content\/uploads\/2025\/07\/c1-60x34.jpg 60w\" sizes=\"(max-width: 1024px) 100vw, 1024px\" \/><\/noscript><\/figure>\n\n\n\n<div class=\"wp-block-columns is-layout-flex wp-container-core-columns-is-layout-28f84493 wp-block-columns-is-layout-flex\">\n<div class=\"wp-block-column is-layout-flow wp-block-column-is-layout-flow\">\n<figure class=\"wp-block-image size-large\"><img loading=\"lazy\" decoding=\"async\" width=\"1024\" height=\"575\" data-src=\"https:\/\/lirolight.com\/wp-content\/uploads\/2025\/07\/c2-1-1024x575.jpg\" alt=\"\" class=\"wp-image-8190 lazyload\" data-srcset=\"https:\/\/lirolight.com\/wp-content\/uploads\/2025\/07\/c2-1-1024x575.jpg 1024w, https:\/\/lirolight.com\/wp-content\/uploads\/2025\/07\/c2-1-300x168.jpg 300w, https:\/\/lirolight.com\/wp-content\/uploads\/2025\/07\/c2-1-768x431.jpg 768w, https:\/\/lirolight.com\/wp-content\/uploads\/2025\/07\/c2-1-1536x863.jpg 1536w, https:\/\/lirolight.com\/wp-content\/uploads\/2025\/07\/c2-1-2048x1150.jpg 2048w, https:\/\/lirolight.com\/wp-content\/uploads\/2025\/07\/c2-1-18x10.jpg 18w, https:\/\/lirolight.com\/wp-content\/uploads\/2025\/07\/c2-1-990x556.jpg 990w, https:\/\/lirolight.com\/wp-content\/uploads\/2025\/07\/c2-1-441x248.jpg 441w, https:\/\/lirolight.com\/wp-content\/uploads\/2025\/07\/c2-1-800x449.jpg 800w, https:\/\/lirolight.com\/wp-content\/uploads\/2025\/07\/c2-1-150x84.jpg 150w, https:\/\/lirolight.com\/wp-content\/uploads\/2025\/07\/c2-1-500x281.jpg 500w, https:\/\/lirolight.com\/wp-content\/uploads\/2025\/07\/c2-1-60x34.jpg 60w\" data-sizes=\"(max-width: 1024px) 100vw, 1024px\" src=\"data:image\/gif;base64,R0lGODlhAQABAAAAACH5BAEKAAEALAAAAAABAAEAAAICTAEAOw==\" style=\"--smush-placeholder-width: 1024px; --smush-placeholder-aspect-ratio: 1024\/575;\" \/><noscript><img loading=\"lazy\" decoding=\"async\" width=\"1024\" height=\"575\" src=\"https:\/\/lirolight.com\/wp-content\/uploads\/2025\/07\/c2-1-1024x575.jpg\" alt=\"\" class=\"wp-image-8190\" srcset=\"https:\/\/lirolight.com\/wp-content\/uploads\/2025\/07\/c2-1-1024x575.jpg 1024w, https:\/\/lirolight.com\/wp-content\/uploads\/2025\/07\/c2-1-300x168.jpg 300w, https:\/\/lirolight.com\/wp-content\/uploads\/2025\/07\/c2-1-768x431.jpg 768w, https:\/\/lirolight.com\/wp-content\/uploads\/2025\/07\/c2-1-1536x863.jpg 1536w, https:\/\/lirolight.com\/wp-content\/uploads\/2025\/07\/c2-1-2048x1150.jpg 2048w, https:\/\/lirolight.com\/wp-content\/uploads\/2025\/07\/c2-1-18x10.jpg 18w, https:\/\/lirolight.com\/wp-content\/uploads\/2025\/07\/c2-1-990x556.jpg 990w, https:\/\/lirolight.com\/wp-content\/uploads\/2025\/07\/c2-1-441x248.jpg 441w, https:\/\/lirolight.com\/wp-content\/uploads\/2025\/07\/c2-1-800x449.jpg 800w, https:\/\/lirolight.com\/wp-content\/uploads\/2025\/07\/c2-1-150x84.jpg 150w, https:\/\/lirolight.com\/wp-content\/uploads\/2025\/07\/c2-1-500x281.jpg 500w, https:\/\/lirolight.com\/wp-content\/uploads\/2025\/07\/c2-1-60x34.jpg 60w\" sizes=\"(max-width: 1024px) 100vw, 1024px\" \/><\/noscript><\/figure>\n<\/div>\n<\/div>\n\n\n\n<figure class=\"wp-block-image size-large\"><img loading=\"lazy\" decoding=\"async\" width=\"1024\" height=\"575\" data-src=\"https:\/\/lirolight.com\/wp-content\/uploads\/2025\/07\/c6-1024x575.jpg\" alt=\"\" class=\"wp-image-8191 lazyload\" data-srcset=\"https:\/\/lirolight.com\/wp-content\/uploads\/2025\/07\/c6-1024x575.jpg 1024w, https:\/\/lirolight.com\/wp-content\/uploads\/2025\/07\/c6-300x168.jpg 300w, https:\/\/lirolight.com\/wp-content\/uploads\/2025\/07\/c6-768x431.jpg 768w, https:\/\/lirolight.com\/wp-content\/uploads\/2025\/07\/c6-1536x863.jpg 1536w, https:\/\/lirolight.com\/wp-content\/uploads\/2025\/07\/c6-2048x1150.jpg 2048w, https:\/\/lirolight.com\/wp-content\/uploads\/2025\/07\/c6-18x10.jpg 18w, https:\/\/lirolight.com\/wp-content\/uploads\/2025\/07\/c6-990x556.jpg 990w, https:\/\/lirolight.com\/wp-content\/uploads\/2025\/07\/c6-441x248.jpg 441w, https:\/\/lirolight.com\/wp-content\/uploads\/2025\/07\/c6-800x449.jpg 800w, https:\/\/lirolight.com\/wp-content\/uploads\/2025\/07\/c6-150x84.jpg 150w, https:\/\/lirolight.com\/wp-content\/uploads\/2025\/07\/c6-500x281.jpg 500w, https:\/\/lirolight.com\/wp-content\/uploads\/2025\/07\/c6-60x34.jpg 60w\" data-sizes=\"(max-width: 1024px) 100vw, 1024px\" src=\"data:image\/gif;base64,R0lGODlhAQABAAAAACH5BAEKAAEALAAAAAABAAEAAAICTAEAOw==\" style=\"--smush-placeholder-width: 1024px; --smush-placeholder-aspect-ratio: 1024\/575;\" \/><noscript><img loading=\"lazy\" decoding=\"async\" width=\"1024\" height=\"575\" src=\"https:\/\/lirolight.com\/wp-content\/uploads\/2025\/07\/c6-1024x575.jpg\" alt=\"\" class=\"wp-image-8191\" srcset=\"https:\/\/lirolight.com\/wp-content\/uploads\/2025\/07\/c6-1024x575.jpg 1024w, https:\/\/lirolight.com\/wp-content\/uploads\/2025\/07\/c6-300x168.jpg 300w, https:\/\/lirolight.com\/wp-content\/uploads\/2025\/07\/c6-768x431.jpg 768w, https:\/\/lirolight.com\/wp-content\/uploads\/2025\/07\/c6-1536x863.jpg 1536w, https:\/\/lirolight.com\/wp-content\/uploads\/2025\/07\/c6-2048x1150.jpg 2048w, https:\/\/lirolight.com\/wp-content\/uploads\/2025\/07\/c6-18x10.jpg 18w, https:\/\/lirolight.com\/wp-content\/uploads\/2025\/07\/c6-990x556.jpg 990w, https:\/\/lirolight.com\/wp-content\/uploads\/2025\/07\/c6-441x248.jpg 441w, https:\/\/lirolight.com\/wp-content\/uploads\/2025\/07\/c6-800x449.jpg 800w, https:\/\/lirolight.com\/wp-content\/uploads\/2025\/07\/c6-150x84.jpg 150w, https:\/\/lirolight.com\/wp-content\/uploads\/2025\/07\/c6-500x281.jpg 500w, https:\/\/lirolight.com\/wp-content\/uploads\/2025\/07\/c6-60x34.jpg 60w\" sizes=\"(max-width: 1024px) 100vw, 1024px\" \/><\/noscript><\/figure>\n\n\n\n<figure class=\"wp-block-image size-large\"><img loading=\"lazy\" decoding=\"async\" width=\"1024\" height=\"575\" data-src=\"https:\/\/lirolight.com\/wp-content\/uploads\/2025\/07\/c9-1024x575.jpg\" alt=\"\" class=\"wp-image-8189 lazyload\" data-srcset=\"https:\/\/lirolight.com\/wp-content\/uploads\/2025\/07\/c9-1024x575.jpg 1024w, https:\/\/lirolight.com\/wp-content\/uploads\/2025\/07\/c9-300x168.jpg 300w, https:\/\/lirolight.com\/wp-content\/uploads\/2025\/07\/c9-768x431.jpg 768w, https:\/\/lirolight.com\/wp-content\/uploads\/2025\/07\/c9-1536x863.jpg 1536w, https:\/\/lirolight.com\/wp-content\/uploads\/2025\/07\/c9-2048x1150.jpg 2048w, https:\/\/lirolight.com\/wp-content\/uploads\/2025\/07\/c9-18x10.jpg 18w, https:\/\/lirolight.com\/wp-content\/uploads\/2025\/07\/c9-990x556.jpg 990w, https:\/\/lirolight.com\/wp-content\/uploads\/2025\/07\/c9-441x248.jpg 441w, https:\/\/lirolight.com\/wp-content\/uploads\/2025\/07\/c9-800x449.jpg 800w, https:\/\/lirolight.com\/wp-content\/uploads\/2025\/07\/c9-150x84.jpg 150w, https:\/\/lirolight.com\/wp-content\/uploads\/2025\/07\/c9-500x281.jpg 500w, https:\/\/lirolight.com\/wp-content\/uploads\/2025\/07\/c9-60x34.jpg 60w\" data-sizes=\"(max-width: 1024px) 100vw, 1024px\" src=\"data:image\/gif;base64,R0lGODlhAQABAAAAACH5BAEKAAEALAAAAAABAAEAAAICTAEAOw==\" style=\"--smush-placeholder-width: 1024px; --smush-placeholder-aspect-ratio: 1024\/575;\" \/><noscript><img loading=\"lazy\" decoding=\"async\" width=\"1024\" height=\"575\" src=\"https:\/\/lirolight.com\/wp-content\/uploads\/2025\/07\/c9-1024x575.jpg\" alt=\"\" class=\"wp-image-8189\" srcset=\"https:\/\/lirolight.com\/wp-content\/uploads\/2025\/07\/c9-1024x575.jpg 1024w, https:\/\/lirolight.com\/wp-content\/uploads\/2025\/07\/c9-300x168.jpg 300w, https:\/\/lirolight.com\/wp-content\/uploads\/2025\/07\/c9-768x431.jpg 768w, https:\/\/lirolight.com\/wp-content\/uploads\/2025\/07\/c9-1536x863.jpg 1536w, https:\/\/lirolight.com\/wp-content\/uploads\/2025\/07\/c9-2048x1150.jpg 2048w, https:\/\/lirolight.com\/wp-content\/uploads\/2025\/07\/c9-18x10.jpg 18w, https:\/\/lirolight.com\/wp-content\/uploads\/2025\/07\/c9-990x556.jpg 990w, https:\/\/lirolight.com\/wp-content\/uploads\/2025\/07\/c9-441x248.jpg 441w, https:\/\/lirolight.com\/wp-content\/uploads\/2025\/07\/c9-800x449.jpg 800w, https:\/\/lirolight.com\/wp-content\/uploads\/2025\/07\/c9-150x84.jpg 150w, https:\/\/lirolight.com\/wp-content\/uploads\/2025\/07\/c9-500x281.jpg 500w, https:\/\/lirolight.com\/wp-content\/uploads\/2025\/07\/c9-60x34.jpg 60w\" sizes=\"(max-width: 1024px) 100vw, 1024px\" \/><\/noscript><\/figure>\n\n\n\n<h2 class=\"wp-block-heading\">Lien vid\u00e9o :<\/h2>\n\n\n\n<p><a href=\"https:\/\/www.instagram.com\/p\/DCBOxxfJ5jL\" target=\"_blank\" rel=\"noopener\">https:\/\/www.instagram.com\/p\/DCBOxxfJ5jL<\/a><\/p>","protected":false},"excerpt":{"rendered":"<div class=\"QFw9Te BLojaf\">\n<div class=\"hlJJmd\">\n<div class=\"Bmcqed\" dir=\"ltr\">\n<div data-id=\"kvLWu\">\n<div data-slate-node=\"element\">L'\u00e9clairage LED BSW500W 3In1 spot moving head Light avec effet CTO+CMY, avec un nouveau moteur de module LED import\u00e9 de 450W, est un appareil d'\u00e9clairage sophistiqu\u00e9 con\u00e7u pour l'\u00e9clairage professionnel de sc\u00e8ne et d'\u00e9v\u00e9nements. <br \/>Ses gobos peuvent \u00eatre zoom\u00e9s et focalis\u00e9s\uff0cles gobos de rotation peuvent \u00eatre personnalis\u00e9s.<\/div>\n<\/div>\n<\/div>\n<\/div>\n<div class=\"cEWAef\">\u00a0<\/div>\n<div class=\"fXYY1b D5aOJc\">\u00a0<\/div>\n<div id=\"ow6\">\u00a0<\/div>\n<\/div>\n<div class=\"DVHrxd\">\u00a0<\/div>\n<div class=\"UdTY9 BwTYAc leDWne\" aria-hidden=\"true\" data-location=\"1\">\u00a0<\/div>\n<p>&nbsp;<\/p>\n<blockquote><p>\u00a0<\/p><\/blockquote>\n<p>&nbsp;<\/p>","protected":false},"featured_media":8193,"comment_status":"open","ping_status":"closed","template":"","meta":[],"product_brand":[],"product_cat":[61],"product_tag":[121,120,107,115],"class_list":{"0":"post-8182","1":"product","2":"type-product","3":"status-publish","4":"has-post-thumbnail","6":"product_cat-beam-bsw-moving-head-light","7":"product_tag-bsw-cmy-moving-head","8":"product_tag-led-bsw-400w-moving-head-cmy-cto-led-moving","9":"product_tag-movinghead","10":"product_tag-movingheadlights","12":"first","13":"instock","14":"shipping-taxable","15":"product-type-simple"},"_links":{"self":[{"href":"https:\/\/lirolight.com\/fr\/wp-json\/wp\/v2\/product\/8182","targetHints":{"allow":["GET"]}}],"collection":[{"href":"https:\/\/lirolight.com\/fr\/wp-json\/wp\/v2\/product"}],"about":[{"href":"https:\/\/lirolight.com\/fr\/wp-json\/wp\/v2\/types\/product"}],"replies":[{"embeddable":true,"href":"https:\/\/lirolight.com\/fr\/wp-json\/wp\/v2\/comments?post=8182"}],"version-history":[{"count":4,"href":"https:\/\/lirolight.com\/fr\/wp-json\/wp\/v2\/product\/8182\/revisions"}],"predecessor-version":[{"id":10594,"href":"https:\/\/lirolight.com\/fr\/wp-json\/wp\/v2\/product\/8182\/revisions\/10594"}],"wp:featuredmedia":[{"embeddable":true,"href":"https:\/\/lirolight.com\/fr\/wp-json\/wp\/v2\/media\/8193"}],"wp:attachment":[{"href":"https:\/\/lirolight.com\/fr\/wp-json\/wp\/v2\/media?parent=8182"}],"wp:term":[{"taxonomy":"product_brand","embeddable":true,"href":"https:\/\/lirolight.com\/fr\/wp-json\/wp\/v2\/product_brand?post=8182"},{"taxonomy":"product_cat","embeddable":true,"href":"https:\/\/lirolight.com\/fr\/wp-json\/wp\/v2\/product_cat?post=8182"},{"taxonomy":"product_tag","embeddable":true,"href":"https:\/\/lirolight.com\/fr\/wp-json\/wp\/v2\/product_tag?post=8182"}],"curies":[{"name":"wp","href":"https:\/\/api.w.org\/{rel}","templated":true}]}}