{"id":8334,"date":"2025-07-16T06:32:34","date_gmt":"2025-07-16T06:32:34","guid":{"rendered":"https:\/\/lirolight.com\/?post_type=product&#038;p=8334"},"modified":"2026-03-06T07:03:10","modified_gmt":"2026-03-06T07:03:10","slug":"led-profile-spot-light-300w-ww-cw-dmx-led-ellipsoidal-light-high-brightness-leko-cinema-church-theater-lights","status":"publish","type":"product","link":"https:\/\/lirolight.com\/fr\/produit\/led-profile-spot-light-300w-ww-cw-dmx-led-ellipsoidal-light-high-brightness-leko-cinema-church-theater-lights\/","title":{"rendered":"LiRO-LITE Led Profile Spot Light 300w WW\/CW DMX Led Ellipsoidal Light High Brightness Leko Cinema Church Theater Lights"},"content":{"rendered":"<h2 class=\"wp-block-heading\"><strong><mark style=\"background-color:#000000\" class=\"has-inline-color has-white-color\">LR-PS300<\/mark><\/strong><\/h2>\n\n\n\n<hr class=\"wp-block-separator has-alpha-channel-opacity\"\/>\n\n\n\n<h2 class=\"wp-block-heading\">Photos :<\/h2>\n\n\n\n<div class=\"wp-block-columns is-layout-flex wp-container-core-columns-is-layout-28f84493 wp-block-columns-is-layout-flex\">\n<div class=\"wp-block-column is-layout-flow wp-block-column-is-layout-flow\">\n<div class=\"wp-block-columns is-layout-flex wp-container-core-columns-is-layout-28f84493 wp-block-columns-is-layout-flex\">\n<div class=\"wp-block-column is-layout-flow wp-block-column-is-layout-flow\">\n<figure class=\"wp-block-image size-full\"><img fetchpriority=\"high\" decoding=\"async\" width=\"2000\" height=\"2000\" src=\"https:\/\/lirolight.com\/wp-content\/uploads\/2025\/07\/2_\u526f\u672c.png\" alt=\"\" class=\"wp-image-10809\" srcset=\"https:\/\/lirolight.com\/wp-content\/uploads\/2025\/07\/2_\u526f\u672c.png 2000w, https:\/\/lirolight.com\/wp-content\/uploads\/2025\/07\/2_\u526f\u672c-300x300.png 300w, https:\/\/lirolight.com\/wp-content\/uploads\/2025\/07\/2_\u526f\u672c-1024x1024.png 1024w, https:\/\/lirolight.com\/wp-content\/uploads\/2025\/07\/2_\u526f\u672c-150x150.png 150w, https:\/\/lirolight.com\/wp-content\/uploads\/2025\/07\/2_\u526f\u672c-768x768.png 768w, https:\/\/lirolight.com\/wp-content\/uploads\/2025\/07\/2_\u526f\u672c-1536x1536.png 1536w, https:\/\/lirolight.com\/wp-content\/uploads\/2025\/07\/2_\u526f\u672c-12x12.png 12w, https:\/\/lirolight.com\/wp-content\/uploads\/2025\/07\/2_\u526f\u672c-990x990.png 990w, https:\/\/lirolight.com\/wp-content\/uploads\/2025\/07\/2_\u526f\u672c-441x441.png 441w, https:\/\/lirolight.com\/wp-content\/uploads\/2025\/07\/2_\u526f\u672c-100x100.png 100w, https:\/\/lirolight.com\/wp-content\/uploads\/2025\/07\/2_\u526f\u672c-800x800.png 800w, https:\/\/lirolight.com\/wp-content\/uploads\/2025\/07\/2_\u526f\u672c-40x40.png 40w\" sizes=\"(max-width: 2000px) 100vw, 2000px\" \/><\/figure>\n<\/div>\n\n\n\n<div class=\"wp-block-column is-layout-flow wp-block-column-is-layout-flow\">\n<figure class=\"wp-block-image size-large\"><img decoding=\"async\" width=\"1024\" height=\"1024\" data-src=\"https:\/\/lirolight.com\/wp-content\/uploads\/2025\/07\/3_\u526f\u672c-1024x1024.png\" alt=\"\" class=\"wp-image-10808 lazyload\" data-srcset=\"https:\/\/lirolight.com\/wp-content\/uploads\/2025\/07\/3_\u526f\u672c-1024x1024.png 1024w, https:\/\/lirolight.com\/wp-content\/uploads\/2025\/07\/3_\u526f\u672c-300x300.png 300w, https:\/\/lirolight.com\/wp-content\/uploads\/2025\/07\/3_\u526f\u672c-150x150.png 150w, https:\/\/lirolight.com\/wp-content\/uploads\/2025\/07\/3_\u526f\u672c-768x768.png 768w, https:\/\/lirolight.com\/wp-content\/uploads\/2025\/07\/3_\u526f\u672c-1536x1536.png 1536w, https:\/\/lirolight.com\/wp-content\/uploads\/2025\/07\/3_\u526f\u672c-12x12.png 12w, https:\/\/lirolight.com\/wp-content\/uploads\/2025\/07\/3_\u526f\u672c-990x990.png 990w, https:\/\/lirolight.com\/wp-content\/uploads\/2025\/07\/3_\u526f\u672c-441x441.png 441w, https:\/\/lirolight.com\/wp-content\/uploads\/2025\/07\/3_\u526f\u672c-100x100.png 100w, https:\/\/lirolight.com\/wp-content\/uploads\/2025\/07\/3_\u526f\u672c-800x800.png 800w, https:\/\/lirolight.com\/wp-content\/uploads\/2025\/07\/3_\u526f\u672c-40x40.png 40w, https:\/\/lirolight.com\/wp-content\/uploads\/2025\/07\/3_\u526f\u672c.png 2000w\" data-sizes=\"(max-width: 1024px) 100vw, 1024px\" src=\"data:image\/gif;base64,R0lGODlhAQABAAAAACH5BAEKAAEALAAAAAABAAEAAAICTAEAOw==\" style=\"--smush-placeholder-width: 1024px; --smush-placeholder-aspect-ratio: 1024\/1024;\" \/><noscript><img decoding=\"async\" width=\"1024\" height=\"1024\" src=\"https:\/\/lirolight.com\/wp-content\/uploads\/2025\/07\/3_\u526f\u672c-1024x1024.png\" alt=\"\" class=\"wp-image-10808\" srcset=\"https:\/\/lirolight.com\/wp-content\/uploads\/2025\/07\/3_\u526f\u672c-1024x1024.png 1024w, https:\/\/lirolight.com\/wp-content\/uploads\/2025\/07\/3_\u526f\u672c-300x300.png 300w, https:\/\/lirolight.com\/wp-content\/uploads\/2025\/07\/3_\u526f\u672c-150x150.png 150w, https:\/\/lirolight.com\/wp-content\/uploads\/2025\/07\/3_\u526f\u672c-768x768.png 768w, https:\/\/lirolight.com\/wp-content\/uploads\/2025\/07\/3_\u526f\u672c-1536x1536.png 1536w, https:\/\/lirolight.com\/wp-content\/uploads\/2025\/07\/3_\u526f\u672c-12x12.png 12w, https:\/\/lirolight.com\/wp-content\/uploads\/2025\/07\/3_\u526f\u672c-990x990.png 990w, https:\/\/lirolight.com\/wp-content\/uploads\/2025\/07\/3_\u526f\u672c-441x441.png 441w, https:\/\/lirolight.com\/wp-content\/uploads\/2025\/07\/3_\u526f\u672c-100x100.png 100w, https:\/\/lirolight.com\/wp-content\/uploads\/2025\/07\/3_\u526f\u672c-800x800.png 800w, https:\/\/lirolight.com\/wp-content\/uploads\/2025\/07\/3_\u526f\u672c-40x40.png 40w, https:\/\/lirolight.com\/wp-content\/uploads\/2025\/07\/3_\u526f\u672c.png 2000w\" sizes=\"(max-width: 1024px) 100vw, 1024px\" \/><\/noscript><\/figure>\n<\/div>\n<\/div>\n<\/div>\n<\/div>\n\n\n\n<h2 class=\"wp-block-heading\">Sp\u00e9cification :<\/h2>\n\n\n\n<p>Puissance : 300W<br>Temp\u00e9rature de couleur : Blanc chaud (WW) et blanc froid (CW) s\u00e9lectionnables (RGBW personnalisable)<br>Indice de rendu des couleurs (CRI) : 90<br>Plage de zoom \u00e9lectronique : 15\u00b0 \u00e0 50\u00b0<br>M\u00e9thode de gradation : 0~100% gradation lin\u00e9aire<br>Tension de fonctionnement : AC100-240V, 50\/60Hz<br>Indice de protection IP : IP20<br>Dimensions : 320 x 285 x 440 mm : 320 x 285 x 440 mm<br>Poids : 8,5 kg<\/p>\n\n\n\n<div class=\"wp-block-columns is-layout-flex wp-container-core-columns-is-layout-28f84493 wp-block-columns-is-layout-flex\">\n<div class=\"wp-block-column is-layout-flow wp-block-column-is-layout-flow\">\n<h2 class=\"wp-block-heading\">Caract\u00e9ristiques :<\/h2>\n<\/div>\n<\/div>\n\n\n\n<p><strong>Source LED \u00e0 haute luminosit\u00e9<\/strong><br>\u00c9quip\u00e9 d'une source LED de 300 W, ce projecteur offre une grande luminosit\u00e9 et un indice de rendu des couleurs \u00e9lev\u00e9 (IRC 90). Il fournit une lumi\u00e8re claire et uniforme, ce qui le rend adapt\u00e9 \u00e0 des applications telles que les gros plans d'acteurs et l'\u00e9clairage de fond de sc\u00e8ne.<br><strong>S\u00e9lection de deux temp\u00e9ratures de couleur<\/strong><br>Prend en charge les modes de temp\u00e9rature de couleur blanc chaud (WW) et blanc froid (CW). Les utilisateurs peuvent s\u00e9lectionner la temp\u00e9rature appropri\u00e9e en fonction des exigences de la sc\u00e8ne, ce qui permet de r\u00e9pondre \u00e0 divers besoins en mati\u00e8re de performance ou de tournage.<br><strong>Fonction de contr\u00f4le DMX<\/strong><br>Le mode de contr\u00f4le DMX512 int\u00e9gr\u00e9 permet de r\u00e9gler facilement l'intensit\u00e9 de la lumi\u00e8re, les changements de couleur et les effets dynamiques. Il est donc id\u00e9al pour les installations complexes d'\u00e9clairage de sc\u00e8ne.<br><strong>Zoom \u00e9lectronique et fonction de mise au point<\/strong><br>Il offre g\u00e9n\u00e9ralement une plage de zoom \u00e9lectronique de 15\u00b0 \u00e0 50\u00b0. Les utilisateurs peuvent ajuster l'angle du faisceau en fonction de leurs besoins. Il permet \u00e9galement une mise au point manuelle et automatique pour une plus grande souplesse d'utilisation.<br><strong>Rendu des couleurs \u00e9lev\u00e9 et effet de lumi\u00e8re douce<\/strong><br>D\u00e9livre une lumi\u00e8re douce et uniforme avec un indice de rendu des couleurs (IRC) \u00e9lev\u00e9. Cette capacit\u00e9 garantit une reproduction fid\u00e8le des couleurs des objets \u00e9clair\u00e9s, ce qui la rend particuli\u00e8rement adapt\u00e9e aux applications n\u00e9cessitant un \u00e9clairage de haute pr\u00e9cision.<br><strong>Syst\u00e8me de refroidissement efficace et stable<\/strong><br>\u00c9quip\u00e9 d'un ventilateur silencieux Super Flower 3 et d'un syst\u00e8me de refroidissement d'une efficacit\u00e9 unique. Ce syst\u00e8me garantit un fonctionnement stable, m\u00eame \u00e0 haute puissance, et prolonge la dur\u00e9e de vie de l'appareil.<br><strong>Large gamme de temp\u00e9ratures de fonctionnement<\/strong><br>Il peut fonctionner normalement dans une plage de temp\u00e9ratures ambiantes allant de -30\u00b0C \u00e0 50\u00b0C, offrant ainsi une grande adaptabilit\u00e9 \u00e0 divers sc\u00e9narios d'utilisation.<br><strong>Efficacit\u00e9 \u00e9nerg\u00e9tique et respect de l'environnement<\/strong><br>La source LED consomme peu d'\u00e9nergie et a une dur\u00e9e de vie allant jusqu'\u00e0 50 000 heures. Cela permet de r\u00e9duire la fr\u00e9quence de remplacement des luminaires et les co\u00fbts de maintenance.<\/p>\n\n\n\n<h2 class=\"wp-block-heading\">Heure du spectacle.<\/h2>\n\n\n\n<figure class=\"wp-block-image alignwide size-full\"><img decoding=\"async\" width=\"600\" height=\"400\" data-src=\"https:\/\/lirolight.com\/wp-content\/uploads\/2025\/07\/8-1.png\" alt=\"\" class=\"wp-image-8337 lazyload\" data-srcset=\"https:\/\/lirolight.com\/wp-content\/uploads\/2025\/07\/8-1.png 600w, https:\/\/lirolight.com\/wp-content\/uploads\/2025\/07\/8-1-300x200.png 300w, https:\/\/lirolight.com\/wp-content\/uploads\/2025\/07\/8-1-18x12.png 18w, https:\/\/lirolight.com\/wp-content\/uploads\/2025\/07\/8-1-441x294.png 441w, https:\/\/lirolight.com\/wp-content\/uploads\/2025\/07\/8-1-150x100.png 150w, https:\/\/lirolight.com\/wp-content\/uploads\/2025\/07\/8-1-500x333.png 500w, https:\/\/lirolight.com\/wp-content\/uploads\/2025\/07\/8-1-60x40.png 60w\" data-sizes=\"(max-width: 600px) 100vw, 600px\" src=\"data:image\/gif;base64,R0lGODlhAQABAAAAACH5BAEKAAEALAAAAAABAAEAAAICTAEAOw==\" style=\"--smush-placeholder-width: 600px; --smush-placeholder-aspect-ratio: 600\/400;\" \/><noscript><img decoding=\"async\" width=\"600\" height=\"400\" src=\"https:\/\/lirolight.com\/wp-content\/uploads\/2025\/07\/8-1.png\" alt=\"\" class=\"wp-image-8337\" srcset=\"https:\/\/lirolight.com\/wp-content\/uploads\/2025\/07\/8-1.png 600w, https:\/\/lirolight.com\/wp-content\/uploads\/2025\/07\/8-1-300x200.png 300w, https:\/\/lirolight.com\/wp-content\/uploads\/2025\/07\/8-1-18x12.png 18w, https:\/\/lirolight.com\/wp-content\/uploads\/2025\/07\/8-1-441x294.png 441w, https:\/\/lirolight.com\/wp-content\/uploads\/2025\/07\/8-1-150x100.png 150w, https:\/\/lirolight.com\/wp-content\/uploads\/2025\/07\/8-1-500x333.png 500w, https:\/\/lirolight.com\/wp-content\/uploads\/2025\/07\/8-1-60x40.png 60w\" sizes=\"(max-width: 600px) 100vw, 600px\" \/><\/noscript><\/figure>\n\n\n\n<figure class=\"wp-block-image alignwide size-large\"><img loading=\"lazy\" decoding=\"async\" width=\"528\" height=\"1024\" data-src=\"https:\/\/lirolight.com\/wp-content\/uploads\/2025\/07\/X3-528x1024.png\" alt=\"\" class=\"wp-image-8338 lazyload\" data-srcset=\"https:\/\/lirolight.com\/wp-content\/uploads\/2025\/07\/X3-528x1024.png 528w, https:\/\/lirolight.com\/wp-content\/uploads\/2025\/07\/X3-155x300.png 155w, https:\/\/lirolight.com\/wp-content\/uploads\/2025\/07\/X3-768x1489.png 768w, https:\/\/lirolight.com\/wp-content\/uploads\/2025\/07\/X3-6x12.png 6w, https:\/\/lirolight.com\/wp-content\/uploads\/2025\/07\/X3-441x855.png 441w, https:\/\/lirolight.com\/wp-content\/uploads\/2025\/07\/X3-300x582.png 300w, https:\/\/lirolight.com\/wp-content\/uploads\/2025\/07\/X3-150x291.png 150w, https:\/\/lirolight.com\/wp-content\/uploads\/2025\/07\/X3-258x500.png 258w, https:\/\/lirolight.com\/wp-content\/uploads\/2025\/07\/X3-21x40.png 21w, https:\/\/lirolight.com\/wp-content\/uploads\/2025\/07\/X3.png 790w\" data-sizes=\"(max-width: 528px) 100vw, 528px\" src=\"data:image\/gif;base64,R0lGODlhAQABAAAAACH5BAEKAAEALAAAAAABAAEAAAICTAEAOw==\" style=\"--smush-placeholder-width: 528px; --smush-placeholder-aspect-ratio: 528\/1024;\" \/><noscript><img loading=\"lazy\" decoding=\"async\" width=\"528\" height=\"1024\" src=\"https:\/\/lirolight.com\/wp-content\/uploads\/2025\/07\/X3-528x1024.png\" alt=\"\" class=\"wp-image-8338\" srcset=\"https:\/\/lirolight.com\/wp-content\/uploads\/2025\/07\/X3-528x1024.png 528w, https:\/\/lirolight.com\/wp-content\/uploads\/2025\/07\/X3-155x300.png 155w, https:\/\/lirolight.com\/wp-content\/uploads\/2025\/07\/X3-768x1489.png 768w, https:\/\/lirolight.com\/wp-content\/uploads\/2025\/07\/X3-6x12.png 6w, https:\/\/lirolight.com\/wp-content\/uploads\/2025\/07\/X3-441x855.png 441w, https:\/\/lirolight.com\/wp-content\/uploads\/2025\/07\/X3-300x582.png 300w, https:\/\/lirolight.com\/wp-content\/uploads\/2025\/07\/X3-150x291.png 150w, https:\/\/lirolight.com\/wp-content\/uploads\/2025\/07\/X3-258x500.png 258w, https:\/\/lirolight.com\/wp-content\/uploads\/2025\/07\/X3-21x40.png 21w, https:\/\/lirolight.com\/wp-content\/uploads\/2025\/07\/X3.png 790w\" sizes=\"(max-width: 528px) 100vw, 528px\" \/><\/noscript><\/figure>\n\n\n\n<h2 class=\"wp-block-heading\">Sc\u00e9narios applicables :<\/h2>\n\n\n\n<p>Performances sur sc\u00e8ne : Id\u00e9al pour le th\u00e9\u00e2tre, les com\u00e9dies musicales, les concerts et autres besoins d'\u00e9clairage sur sc\u00e8ne, offrant un contr\u00f4le pr\u00e9cis de la lumi\u00e8re.<br>Projection cin\u00e9matographique : Utilis\u00e9 pour l'\u00e9clairage auxiliaire dans les cin\u00e9mas afin d'am\u00e9liorer la qualit\u00e9 de l'image projet\u00e9e.<br>\u00c9clairage d'\u00e9glise : Convient pour l'\u00e9clairage des lieux religieux, cr\u00e9ant une atmosph\u00e8re solennelle.<br>Salles de r\u00e9union et studios : Utilis\u00e9 pour l'\u00e9clairage des pr\u00e9sentateurs et l'\u00e9clairage des yeux dans les studios de diffusion afin d'am\u00e9liorer la qualit\u00e9 de l'image.<\/p>","protected":false},"excerpt":{"rendered":"<div class=\"QFw9Te BLojaf\">\n<div class=\"hlJJmd\">\n<div class=\"Bmcqed\" dir=\"ltr\">\n<div data-id=\"kvLWu\">Ce luminaire est un choix id\u00e9al pour les sc\u00e8nes, les cin\u00e9mas, les \u00e9glises et d'autres lieux en raison de sa haute luminosit\u00e9, de son rendu des couleurs \u00e9lev\u00e9, de ses capacit\u00e9s de contr\u00f4le multifonctionnel et de son efficacit\u00e9 \u00e9nerg\u00e9tique. Ses performances stables et son fonctionnement flexible offrent aux utilisateurs une solution d'\u00e9clairage pratique et professionnelle.<\/div>\n<\/div>\n<\/div>\n<\/div>\n<p>&nbsp;<\/p>","protected":false},"featured_media":10809,"comment_status":"open","ping_status":"closed","template":"","meta":[],"product_brand":[],"product_cat":[87,59],"product_tag":[148,149,147],"class_list":{"0":"post-8334","1":"product","2":"type-product","3":"status-publish","4":"has-post-thumbnail","6":"product_cat-led-studio-light","7":"product_cat-stage-effect-light","8":"product_tag-ledprofilelight","9":"product_tag-ledstudiolight300","10":"product_tag-stagelight","12":"first","13":"instock","14":"shipping-taxable","15":"product-type-simple"},"_links":{"self":[{"href":"https:\/\/lirolight.com\/fr\/wp-json\/wp\/v2\/product\/8334","targetHints":{"allow":["GET"]}}],"collection":[{"href":"https:\/\/lirolight.com\/fr\/wp-json\/wp\/v2\/product"}],"about":[{"href":"https:\/\/lirolight.com\/fr\/wp-json\/wp\/v2\/types\/product"}],"replies":[{"embeddable":true,"href":"https:\/\/lirolight.com\/fr\/wp-json\/wp\/v2\/comments?post=8334"}],"version-history":[{"count":6,"href":"https:\/\/lirolight.com\/fr\/wp-json\/wp\/v2\/product\/8334\/revisions"}],"predecessor-version":[{"id":10810,"href":"https:\/\/lirolight.com\/fr\/wp-json\/wp\/v2\/product\/8334\/revisions\/10810"}],"wp:featuredmedia":[{"embeddable":true,"href":"https:\/\/lirolight.com\/fr\/wp-json\/wp\/v2\/media\/10809"}],"wp:attachment":[{"href":"https:\/\/lirolight.com\/fr\/wp-json\/wp\/v2\/media?parent=8334"}],"wp:term":[{"taxonomy":"product_brand","embeddable":true,"href":"https:\/\/lirolight.com\/fr\/wp-json\/wp\/v2\/product_brand?post=8334"},{"taxonomy":"product_cat","embeddable":true,"href":"https:\/\/lirolight.com\/fr\/wp-json\/wp\/v2\/product_cat?post=8334"},{"taxonomy":"product_tag","embeddable":true,"href":"https:\/\/lirolight.com\/fr\/wp-json\/wp\/v2\/product_tag?post=8334"}],"curies":[{"name":"wp","href":"https:\/\/api.w.org\/{rel}","templated":true}]}}