{"id":8416,"date":"2025-07-17T08:05:39","date_gmt":"2025-07-17T08:05:39","guid":{"rendered":"https:\/\/lirolight.com\/?post_type=product&#038;p=8416"},"modified":"2026-01-14T06:29:19","modified_gmt":"2026-01-14T06:29:19","slug":"outdoor-waterproof-moving-head-beam-stage-light-ip65-sky-sharpy-beam-380w-for-stage-show-event-concert","status":"publish","type":"product","link":"https:\/\/lirolight.com\/fr\/produit\/outdoor-waterproof-moving-head-beam-stage-light-ip65-sky-sharpy-beam-380w-for-stage-show-event-concert\/","title":{"rendered":"LiRO-LITE Lumi\u00e8re de sc\u00e8ne \u00e0 t\u00eate mobile \u00e9tanche pour l'ext\u00e9rieur IP65 Sky Sharpy Beam 380W pour sc\u00e8ne, spectacle, \u00e9v\u00e9nement, concert"},"content":{"rendered":"<h2 class=\"wp-block-heading\"><strong><mark style=\"background-color:#000000\" class=\"has-inline-color has-white-color\">LR-IP BEAM380 ECO<\/mark><\/strong><\/h2>\n\n\n\n<p>Le projecteur IP MINI 380W est dot\u00e9 d'une lentille de 165 mm de diam\u00e8tre et d'une ampoule Philip MSD380 pour une luminosit\u00e9 exceptionnelle. Plus l\u00e9ger mais puissant.<br>Elles sont donc id\u00e9ales pour les \u00e9v\u00e9nements en plein air, les concerts et l'\u00e9clairage architectural.<\/p>\n\n\n\n<hr class=\"wp-block-separator has-alpha-channel-opacity\"\/>\n\n\n\n<h2 class=\"wp-block-heading\"><strong>Photos :<\/strong>:<\/h2>\n\n\n\n<div class=\"wp-block-columns is-layout-flex wp-container-core-columns-is-layout-28f84493 wp-block-columns-is-layout-flex\">\n<div class=\"wp-block-column is-layout-flow wp-block-column-is-layout-flow\">\n<figure class=\"wp-block-image size-full\"><img fetchpriority=\"high\" decoding=\"async\" width=\"800\" height=\"800\" src=\"https:\/\/lirolight.com\/wp-content\/uploads\/2025\/07\/2-5.jpg\" alt=\"\" class=\"wp-image-9949\" srcset=\"https:\/\/lirolight.com\/wp-content\/uploads\/2025\/07\/2-5.jpg 800w, https:\/\/lirolight.com\/wp-content\/uploads\/2025\/07\/2-5-300x300.jpg 300w, https:\/\/lirolight.com\/wp-content\/uploads\/2025\/07\/2-5-150x150.jpg 150w, https:\/\/lirolight.com\/wp-content\/uploads\/2025\/07\/2-5-768x768.jpg 768w, https:\/\/lirolight.com\/wp-content\/uploads\/2025\/07\/2-5-12x12.jpg 12w, https:\/\/lirolight.com\/wp-content\/uploads\/2025\/07\/2-5-441x441.jpg 441w, https:\/\/lirolight.com\/wp-content\/uploads\/2025\/07\/2-5-100x100.jpg 100w, https:\/\/lirolight.com\/wp-content\/uploads\/2025\/07\/2-5-500x500.jpg 500w, https:\/\/lirolight.com\/wp-content\/uploads\/2025\/07\/2-5-40x40.jpg 40w\" sizes=\"(max-width: 800px) 100vw, 800px\" \/><\/figure>\n<\/div>\n\n\n\n<div class=\"wp-block-column is-layout-flow wp-block-column-is-layout-flow\">\n<figure class=\"wp-block-image size-full\"><img decoding=\"async\" width=\"800\" height=\"800\" data-src=\"https:\/\/lirolight.com\/wp-content\/uploads\/2025\/07\/4-6.jpg\" alt=\"\" class=\"wp-image-9950 lazyload\" data-srcset=\"https:\/\/lirolight.com\/wp-content\/uploads\/2025\/07\/4-6.jpg 800w, https:\/\/lirolight.com\/wp-content\/uploads\/2025\/07\/4-6-300x300.jpg 300w, https:\/\/lirolight.com\/wp-content\/uploads\/2025\/07\/4-6-150x150.jpg 150w, https:\/\/lirolight.com\/wp-content\/uploads\/2025\/07\/4-6-768x768.jpg 768w, https:\/\/lirolight.com\/wp-content\/uploads\/2025\/07\/4-6-12x12.jpg 12w, https:\/\/lirolight.com\/wp-content\/uploads\/2025\/07\/4-6-441x441.jpg 441w, https:\/\/lirolight.com\/wp-content\/uploads\/2025\/07\/4-6-100x100.jpg 100w, https:\/\/lirolight.com\/wp-content\/uploads\/2025\/07\/4-6-500x500.jpg 500w, https:\/\/lirolight.com\/wp-content\/uploads\/2025\/07\/4-6-40x40.jpg 40w\" data-sizes=\"(max-width: 800px) 100vw, 800px\" src=\"data:image\/gif;base64,R0lGODlhAQABAAAAACH5BAEKAAEALAAAAAABAAEAAAICTAEAOw==\" style=\"--smush-placeholder-width: 800px; --smush-placeholder-aspect-ratio: 800\/800;\" \/><noscript><img decoding=\"async\" width=\"800\" height=\"800\" src=\"https:\/\/lirolight.com\/wp-content\/uploads\/2025\/07\/4-6.jpg\" alt=\"\" class=\"wp-image-9950\" srcset=\"https:\/\/lirolight.com\/wp-content\/uploads\/2025\/07\/4-6.jpg 800w, https:\/\/lirolight.com\/wp-content\/uploads\/2025\/07\/4-6-300x300.jpg 300w, https:\/\/lirolight.com\/wp-content\/uploads\/2025\/07\/4-6-150x150.jpg 150w, https:\/\/lirolight.com\/wp-content\/uploads\/2025\/07\/4-6-768x768.jpg 768w, https:\/\/lirolight.com\/wp-content\/uploads\/2025\/07\/4-6-12x12.jpg 12w, https:\/\/lirolight.com\/wp-content\/uploads\/2025\/07\/4-6-441x441.jpg 441w, https:\/\/lirolight.com\/wp-content\/uploads\/2025\/07\/4-6-100x100.jpg 100w, https:\/\/lirolight.com\/wp-content\/uploads\/2025\/07\/4-6-500x500.jpg 500w, https:\/\/lirolight.com\/wp-content\/uploads\/2025\/07\/4-6-40x40.jpg 40w\" sizes=\"(max-width: 800px) 100vw, 800px\" \/><\/noscript><\/figure>\n<\/div>\n<\/div>\n\n\n\n<div class=\"wp-block-columns is-layout-flex wp-container-core-columns-is-layout-28f84493 wp-block-columns-is-layout-flex\">\n<div class=\"wp-block-column is-layout-flow wp-block-column-is-layout-flow\">\n<figure class=\"wp-block-image size-full\"><img decoding=\"async\" width=\"800\" height=\"800\" data-src=\"https:\/\/lirolight.com\/wp-content\/uploads\/2025\/07\/5-4.jpg\" alt=\"\" class=\"wp-image-8421 lazyload\" data-srcset=\"https:\/\/lirolight.com\/wp-content\/uploads\/2025\/07\/5-4.jpg 800w, https:\/\/lirolight.com\/wp-content\/uploads\/2025\/07\/5-4-300x300.jpg 300w, https:\/\/lirolight.com\/wp-content\/uploads\/2025\/07\/5-4-150x150.jpg 150w, https:\/\/lirolight.com\/wp-content\/uploads\/2025\/07\/5-4-768x768.jpg 768w, https:\/\/lirolight.com\/wp-content\/uploads\/2025\/07\/5-4-12x12.jpg 12w, https:\/\/lirolight.com\/wp-content\/uploads\/2025\/07\/5-4-441x441.jpg 441w, https:\/\/lirolight.com\/wp-content\/uploads\/2025\/07\/5-4-100x100.jpg 100w, https:\/\/lirolight.com\/wp-content\/uploads\/2025\/07\/5-4-500x500.jpg 500w, https:\/\/lirolight.com\/wp-content\/uploads\/2025\/07\/5-4-40x40.jpg 40w\" data-sizes=\"(max-width: 800px) 100vw, 800px\" src=\"data:image\/gif;base64,R0lGODlhAQABAAAAACH5BAEKAAEALAAAAAABAAEAAAICTAEAOw==\" style=\"--smush-placeholder-width: 800px; --smush-placeholder-aspect-ratio: 800\/800;\" \/><noscript><img decoding=\"async\" width=\"800\" height=\"800\" src=\"https:\/\/lirolight.com\/wp-content\/uploads\/2025\/07\/5-4.jpg\" alt=\"\" class=\"wp-image-8421\" srcset=\"https:\/\/lirolight.com\/wp-content\/uploads\/2025\/07\/5-4.jpg 800w, https:\/\/lirolight.com\/wp-content\/uploads\/2025\/07\/5-4-300x300.jpg 300w, https:\/\/lirolight.com\/wp-content\/uploads\/2025\/07\/5-4-150x150.jpg 150w, https:\/\/lirolight.com\/wp-content\/uploads\/2025\/07\/5-4-768x768.jpg 768w, https:\/\/lirolight.com\/wp-content\/uploads\/2025\/07\/5-4-12x12.jpg 12w, https:\/\/lirolight.com\/wp-content\/uploads\/2025\/07\/5-4-441x441.jpg 441w, https:\/\/lirolight.com\/wp-content\/uploads\/2025\/07\/5-4-100x100.jpg 100w, https:\/\/lirolight.com\/wp-content\/uploads\/2025\/07\/5-4-500x500.jpg 500w, https:\/\/lirolight.com\/wp-content\/uploads\/2025\/07\/5-4-40x40.jpg 40w\" sizes=\"(max-width: 800px) 100vw, 800px\" \/><\/noscript><\/figure>\n<\/div>\n\n\n\n<div class=\"wp-block-column is-layout-flow wp-block-column-is-layout-flow\">\n<figure class=\"wp-block-image size-full\"><img loading=\"lazy\" decoding=\"async\" width=\"800\" height=\"800\" data-src=\"https:\/\/lirolight.com\/wp-content\/uploads\/2025\/07\/3-5.jpg\" alt=\"\" class=\"wp-image-8442 lazyload\" data-srcset=\"https:\/\/lirolight.com\/wp-content\/uploads\/2025\/07\/3-5.jpg 800w, https:\/\/lirolight.com\/wp-content\/uploads\/2025\/07\/3-5-300x300.jpg 300w, https:\/\/lirolight.com\/wp-content\/uploads\/2025\/07\/3-5-150x150.jpg 150w, https:\/\/lirolight.com\/wp-content\/uploads\/2025\/07\/3-5-768x768.jpg 768w, https:\/\/lirolight.com\/wp-content\/uploads\/2025\/07\/3-5-12x12.jpg 12w, https:\/\/lirolight.com\/wp-content\/uploads\/2025\/07\/3-5-441x441.jpg 441w, https:\/\/lirolight.com\/wp-content\/uploads\/2025\/07\/3-5-100x100.jpg 100w, https:\/\/lirolight.com\/wp-content\/uploads\/2025\/07\/3-5-40x40.jpg 40w\" data-sizes=\"(max-width: 800px) 100vw, 800px\" src=\"data:image\/gif;base64,R0lGODlhAQABAAAAACH5BAEKAAEALAAAAAABAAEAAAICTAEAOw==\" style=\"--smush-placeholder-width: 800px; --smush-placeholder-aspect-ratio: 800\/800;\" \/><noscript><img loading=\"lazy\" decoding=\"async\" width=\"800\" height=\"800\" src=\"https:\/\/lirolight.com\/wp-content\/uploads\/2025\/07\/3-5.jpg\" alt=\"\" class=\"wp-image-8442\" srcset=\"https:\/\/lirolight.com\/wp-content\/uploads\/2025\/07\/3-5.jpg 800w, https:\/\/lirolight.com\/wp-content\/uploads\/2025\/07\/3-5-300x300.jpg 300w, https:\/\/lirolight.com\/wp-content\/uploads\/2025\/07\/3-5-150x150.jpg 150w, https:\/\/lirolight.com\/wp-content\/uploads\/2025\/07\/3-5-768x768.jpg 768w, https:\/\/lirolight.com\/wp-content\/uploads\/2025\/07\/3-5-12x12.jpg 12w, https:\/\/lirolight.com\/wp-content\/uploads\/2025\/07\/3-5-441x441.jpg 441w, https:\/\/lirolight.com\/wp-content\/uploads\/2025\/07\/3-5-100x100.jpg 100w, https:\/\/lirolight.com\/wp-content\/uploads\/2025\/07\/3-5-40x40.jpg 40w\" sizes=\"(max-width: 800px) 100vw, 800px\" \/><\/noscript><\/figure>\n<\/div>\n\n\n\n<div class=\"wp-block-column is-layout-flow wp-block-column-is-layout-flow\">\n<figure class=\"wp-block-image size-full\"><img loading=\"lazy\" decoding=\"async\" width=\"800\" height=\"800\" data-src=\"https:\/\/lirolight.com\/wp-content\/uploads\/2025\/07\/6-1.jpg\" alt=\"\" class=\"wp-image-8422 lazyload\" data-srcset=\"https:\/\/lirolight.com\/wp-content\/uploads\/2025\/07\/6-1.jpg 800w, https:\/\/lirolight.com\/wp-content\/uploads\/2025\/07\/6-1-300x300.jpg 300w, https:\/\/lirolight.com\/wp-content\/uploads\/2025\/07\/6-1-150x150.jpg 150w, https:\/\/lirolight.com\/wp-content\/uploads\/2025\/07\/6-1-768x768.jpg 768w, https:\/\/lirolight.com\/wp-content\/uploads\/2025\/07\/6-1-12x12.jpg 12w, https:\/\/lirolight.com\/wp-content\/uploads\/2025\/07\/6-1-441x441.jpg 441w, https:\/\/lirolight.com\/wp-content\/uploads\/2025\/07\/6-1-100x100.jpg 100w, https:\/\/lirolight.com\/wp-content\/uploads\/2025\/07\/6-1-500x500.jpg 500w, https:\/\/lirolight.com\/wp-content\/uploads\/2025\/07\/6-1-40x40.jpg 40w\" data-sizes=\"(max-width: 800px) 100vw, 800px\" src=\"data:image\/gif;base64,R0lGODlhAQABAAAAACH5BAEKAAEALAAAAAABAAEAAAICTAEAOw==\" style=\"--smush-placeholder-width: 800px; --smush-placeholder-aspect-ratio: 800\/800;\" \/><noscript><img loading=\"lazy\" decoding=\"async\" width=\"800\" height=\"800\" src=\"https:\/\/lirolight.com\/wp-content\/uploads\/2025\/07\/6-1.jpg\" alt=\"\" class=\"wp-image-8422\" srcset=\"https:\/\/lirolight.com\/wp-content\/uploads\/2025\/07\/6-1.jpg 800w, https:\/\/lirolight.com\/wp-content\/uploads\/2025\/07\/6-1-300x300.jpg 300w, https:\/\/lirolight.com\/wp-content\/uploads\/2025\/07\/6-1-150x150.jpg 150w, https:\/\/lirolight.com\/wp-content\/uploads\/2025\/07\/6-1-768x768.jpg 768w, https:\/\/lirolight.com\/wp-content\/uploads\/2025\/07\/6-1-12x12.jpg 12w, https:\/\/lirolight.com\/wp-content\/uploads\/2025\/07\/6-1-441x441.jpg 441w, https:\/\/lirolight.com\/wp-content\/uploads\/2025\/07\/6-1-100x100.jpg 100w, https:\/\/lirolight.com\/wp-content\/uploads\/2025\/07\/6-1-500x500.jpg 500w, https:\/\/lirolight.com\/wp-content\/uploads\/2025\/07\/6-1-40x40.jpg 40w\" sizes=\"(max-width: 800px) 100vw, 800px\" \/><\/noscript><\/figure>\n<\/div>\n<\/div>\n\n\n\n<h2 class=\"wp-block-heading\"><font style=\"vertical-align: inherit;\"><font style=\"vertical-align: inherit;\">Sp\u00e9cification\uff1a<\/font><\/font><\/h2>\n\n\n\n<p>Tension : 100V-240V\/50-60Hz<br>Coque : Plastique + aluminium<br>Source lumineuse : Ampoule originale 420W\/ 380W<br>\u00c9clairement : 230000LUX@15m<br>Puissance totale : 500W<br>Temp\u00e9rature de couleur : 7800K Dur\u00e9e de vie moyenne : 3000 heures<br>Mode de contr\u00f4le : Mode ma\u00eetre-esclave DMX512, mode autopropuls\u00e9, mode de commande vocale<br>Mode canal : 16CH<br>Affichage : Interface de commande tactile permettant de contr\u00f4ler \u00e0 distance la fonction de commutation des ampoules et d'afficher la vitesse du ventilateur et la dur\u00e9e d'utilisation des ampoules.<br>Balayage : horizontal 540\u00b0 , vertical 270\u00b0 , positionnement pr\u00e9cis du codage magn\u00e9tique du moteur<br>Roue des couleurs : une roue des couleurs, 12 couleurs plus la lumi\u00e8re blanche<br>Roue de gobos : une roue de gobos fixe, 15 gobos<br>Prisme : un prisme 8, un prisme 16, superposables<br>Strobe : prend en charge les effets stroboscopiques m\u00e9caniques et les effets stroboscopiques \u00e0 vitesse r\u00e9glable, prend en charge la fonction macro stroboscopique et la fr\u00e9quence stroboscopique est de 15 fois\/seconde.<br>Objectif : 165 mm, objectif optique de haute pr\u00e9cision, syst\u00e8me optique \u00e0 groupe de lentilles, mise au point \u00e9lectrique.<br>M\u00e9thode de dissipation de la chaleur : refroidissement par air + alliage de magn\u00e9sium moul\u00e9 sous pression + radiateur<br>Angle du faisceau : 1,6\u00b0.<br>Mise au point : mise au point \u00e9lectronique lin\u00e9aire<br>Gradation : 0-100% r\u00e9glage lin\u00e9aire<br>Indice de protection IP : IP65<br>Poids : 19 kg<\/p>\n\n\n\n<h2 class=\"wp-block-heading\">Param\u00e8tre :<\/h2>\n\n\n\n<figure class=\"wp-block-table\"><table class=\"has-fixed-layout\"><tbody><tr><td>Nom du produit<\/td><td>Mini projecteur mobile \u00e9tanche \u00e0 faisceau de 380W<\/td><\/tr><tr><td>Puissance<\/td><td><strong>Ampoule d'origine 420W\/ 380W<\/strong><\/td><\/tr><tr><td>Tension d'entr\u00e9e (V)<\/td><td>AC 100-240V, 50\/60Hz<\/td><\/tr><tr><td>Indice IP<\/td><td>IP65<\/td><\/tr><tr><td>roue des couleurs<\/td><td>13 couleurs + lumi\u00e8re blanche<\/td><\/tr><tr><td>roue codeuse<\/td><td>17 + 1 mod\u00e8le fixe blanc<\/td><\/tr><tr><td>Prisme<\/td><td>8 prisme, rotation, fonction macro<\/td><\/tr><tr><td>Mode de contr\u00f4le<\/td><td>Commande vocale, programme int\u00e9gr\u00e9, ma\u00eetre-esclave, contr\u00f4le du signal DMX512<\/td><\/tr><tr><td>Application<\/td><td>Spectacles, sc\u00e8ne, projet de tourisme culturel<\/td><\/tr><tr><td>Garantie<\/td><td>2 ans<\/td><\/tr><tr><td>Service OEM&amp;ODM<\/td><td>24 heures en ligneSi vous avez des questions sur le produit, n'h\u00e9sitez pas \u00e0 nous contacter \u00e0 tout moment.<\/td><\/tr><tr><td>Capacit\u00e9 du projet<\/td><td>Nous avons plus de 500 ans d'exp\u00e9rience dans l'ing\u00e9nierie de projets \u00e0 l'\u00e9tranger.<\/td><\/tr><tr><td>Paquet<\/td><td>Carton et flight case disponibles<\/td><\/tr><tr><td>Taille de l'emballage<\/td><td>324*390*585mm<\/td><\/tr><tr><td>GW<\/td><td>21KG<\/td><\/tr><\/tbody><\/table><\/figure>\n\n\n\n<h2 class=\"wp-block-heading\">Caract\u00e9ristiques :<\/h2>\n\n\n\n<ol class=\"wp-block-list\">\n<li>L\u00e9ger et peu encombrant, il ne p\u00e8se que 19 kg.<\/li>\n\n\n\n<li>Niveau de protection \u00e9lev\u00e9 : IP66, ne craint pas les fortes pluies.<\/li>\n\n\n\n<li>Dissipation rapide de la chaleur : haute performance de dissipation de la chaleur, prolongeant la dur\u00e9e de vie de la lampe.<\/li>\n\n\n\n<li>Forte r\u00e9sistance \u00e0 la corrosion : convient \u00e0 divers environnements tels que le bord de mer et le d\u00e9sert.<\/li>\n\n\n\n<li>Bonne absorption des chocs : ne craint pas les collisions caus\u00e9es par les performances mobiles et le transport.<\/li>\n<\/ol>\n\n\n\n<h2 class=\"wp-block-heading\">Heure du spectacle :<\/h2>\n\n\n\n<figure class=\"wp-block-image size-full is-resized\"><img loading=\"lazy\" decoding=\"async\" width=\"716\" height=\"723\" data-src=\"https:\/\/lirolight.com\/wp-content\/uploads\/2025\/07\/Beam-IP.jpg\" alt=\"\" class=\"wp-image-8423 lazyload\" style=\"--smush-placeholder-width: 716px; --smush-placeholder-aspect-ratio: 716\/723;width:900px;height:auto\" data-srcset=\"https:\/\/lirolight.com\/wp-content\/uploads\/2025\/07\/Beam-IP.jpg 716w, https:\/\/lirolight.com\/wp-content\/uploads\/2025\/07\/Beam-IP-297x300.jpg 297w, https:\/\/lirolight.com\/wp-content\/uploads\/2025\/07\/Beam-IP-150x151.jpg 150w, https:\/\/lirolight.com\/wp-content\/uploads\/2025\/07\/Beam-IP-12x12.jpg 12w, https:\/\/lirolight.com\/wp-content\/uploads\/2025\/07\/Beam-IP-441x445.jpg 441w, https:\/\/lirolight.com\/wp-content\/uploads\/2025\/07\/Beam-IP-100x100.jpg 100w, https:\/\/lirolight.com\/wp-content\/uploads\/2025\/07\/Beam-IP-300x303.jpg 300w, https:\/\/lirolight.com\/wp-content\/uploads\/2025\/07\/Beam-IP-495x500.jpg 495w, https:\/\/lirolight.com\/wp-content\/uploads\/2025\/07\/Beam-IP-40x40.jpg 40w\" data-sizes=\"(max-width: 716px) 100vw, 716px\" src=\"data:image\/gif;base64,R0lGODlhAQABAAAAACH5BAEKAAEALAAAAAABAAEAAAICTAEAOw==\" \/><noscript><img loading=\"lazy\" decoding=\"async\" width=\"716\" height=\"723\" src=\"https:\/\/lirolight.com\/wp-content\/uploads\/2025\/07\/Beam-IP.jpg\" alt=\"\" class=\"wp-image-8423\" style=\"width:900px;height:auto\" srcset=\"https:\/\/lirolight.com\/wp-content\/uploads\/2025\/07\/Beam-IP.jpg 716w, https:\/\/lirolight.com\/wp-content\/uploads\/2025\/07\/Beam-IP-297x300.jpg 297w, https:\/\/lirolight.com\/wp-content\/uploads\/2025\/07\/Beam-IP-150x151.jpg 150w, https:\/\/lirolight.com\/wp-content\/uploads\/2025\/07\/Beam-IP-12x12.jpg 12w, https:\/\/lirolight.com\/wp-content\/uploads\/2025\/07\/Beam-IP-441x445.jpg 441w, https:\/\/lirolight.com\/wp-content\/uploads\/2025\/07\/Beam-IP-100x100.jpg 100w, https:\/\/lirolight.com\/wp-content\/uploads\/2025\/07\/Beam-IP-300x303.jpg 300w, https:\/\/lirolight.com\/wp-content\/uploads\/2025\/07\/Beam-IP-495x500.jpg 495w, https:\/\/lirolight.com\/wp-content\/uploads\/2025\/07\/Beam-IP-40x40.jpg 40w\" sizes=\"(max-width: 716px) 100vw, 716px\" \/><\/noscript><\/figure>\n\n\n\n<figure class=\"wp-block-image size-large\"><img loading=\"lazy\" decoding=\"async\" width=\"1024\" height=\"768\" data-src=\"https:\/\/lirolight.com\/wp-content\/uploads\/2025\/07\/175c2ef7e839f34ed88ec4eda3832d4-1024x768.jpg\" alt=\"\" class=\"wp-image-8424 lazyload\" data-srcset=\"https:\/\/lirolight.com\/wp-content\/uploads\/2025\/07\/175c2ef7e839f34ed88ec4eda3832d4-1024x768.jpg 1024w, https:\/\/lirolight.com\/wp-content\/uploads\/2025\/07\/175c2ef7e839f34ed88ec4eda3832d4-300x225.jpg 300w, https:\/\/lirolight.com\/wp-content\/uploads\/2025\/07\/175c2ef7e839f34ed88ec4eda3832d4-768x576.jpg 768w, https:\/\/lirolight.com\/wp-content\/uploads\/2025\/07\/175c2ef7e839f34ed88ec4eda3832d4-16x12.jpg 16w, https:\/\/lirolight.com\/wp-content\/uploads\/2025\/07\/175c2ef7e839f34ed88ec4eda3832d4-990x743.jpg 990w, https:\/\/lirolight.com\/wp-content\/uploads\/2025\/07\/175c2ef7e839f34ed88ec4eda3832d4-441x331.jpg 441w, https:\/\/lirolight.com\/wp-content\/uploads\/2025\/07\/175c2ef7e839f34ed88ec4eda3832d4-800x600.jpg 800w, https:\/\/lirolight.com\/wp-content\/uploads\/2025\/07\/175c2ef7e839f34ed88ec4eda3832d4-150x113.jpg 150w, https:\/\/lirolight.com\/wp-content\/uploads\/2025\/07\/175c2ef7e839f34ed88ec4eda3832d4-500x375.jpg 500w, https:\/\/lirolight.com\/wp-content\/uploads\/2025\/07\/175c2ef7e839f34ed88ec4eda3832d4-53x40.jpg 53w, https:\/\/lirolight.com\/wp-content\/uploads\/2025\/07\/175c2ef7e839f34ed88ec4eda3832d4.jpg 1440w\" data-sizes=\"(max-width: 1024px) 100vw, 1024px\" src=\"data:image\/gif;base64,R0lGODlhAQABAAAAACH5BAEKAAEALAAAAAABAAEAAAICTAEAOw==\" style=\"--smush-placeholder-width: 1024px; --smush-placeholder-aspect-ratio: 1024\/768;\" \/><noscript><img loading=\"lazy\" decoding=\"async\" width=\"1024\" height=\"768\" src=\"https:\/\/lirolight.com\/wp-content\/uploads\/2025\/07\/175c2ef7e839f34ed88ec4eda3832d4-1024x768.jpg\" alt=\"\" class=\"wp-image-8424\" srcset=\"https:\/\/lirolight.com\/wp-content\/uploads\/2025\/07\/175c2ef7e839f34ed88ec4eda3832d4-1024x768.jpg 1024w, https:\/\/lirolight.com\/wp-content\/uploads\/2025\/07\/175c2ef7e839f34ed88ec4eda3832d4-300x225.jpg 300w, https:\/\/lirolight.com\/wp-content\/uploads\/2025\/07\/175c2ef7e839f34ed88ec4eda3832d4-768x576.jpg 768w, https:\/\/lirolight.com\/wp-content\/uploads\/2025\/07\/175c2ef7e839f34ed88ec4eda3832d4-16x12.jpg 16w, https:\/\/lirolight.com\/wp-content\/uploads\/2025\/07\/175c2ef7e839f34ed88ec4eda3832d4-990x743.jpg 990w, https:\/\/lirolight.com\/wp-content\/uploads\/2025\/07\/175c2ef7e839f34ed88ec4eda3832d4-441x331.jpg 441w, https:\/\/lirolight.com\/wp-content\/uploads\/2025\/07\/175c2ef7e839f34ed88ec4eda3832d4-800x600.jpg 800w, https:\/\/lirolight.com\/wp-content\/uploads\/2025\/07\/175c2ef7e839f34ed88ec4eda3832d4-150x113.jpg 150w, https:\/\/lirolight.com\/wp-content\/uploads\/2025\/07\/175c2ef7e839f34ed88ec4eda3832d4-500x375.jpg 500w, https:\/\/lirolight.com\/wp-content\/uploads\/2025\/07\/175c2ef7e839f34ed88ec4eda3832d4-53x40.jpg 53w, https:\/\/lirolight.com\/wp-content\/uploads\/2025\/07\/175c2ef7e839f34ed88ec4eda3832d4.jpg 1440w\" sizes=\"(max-width: 1024px) 100vw, 1024px\" \/><\/noscript><\/figure>\n\n\n\n<figure class=\"wp-block-image size-large\"><img loading=\"lazy\" decoding=\"async\" width=\"1024\" height=\"697\" data-src=\"https:\/\/lirolight.com\/wp-content\/uploads\/2025\/07\/\u5fae\u4fe1\u56fe\u7247_20250417094146-1024x697.jpg\" alt=\"\" class=\"wp-image-8425 lazyload\" data-srcset=\"https:\/\/lirolight.com\/wp-content\/uploads\/2025\/07\/\u5fae\u4fe1\u56fe\u7247_20250417094146-1024x697.jpg 1024w, https:\/\/lirolight.com\/wp-content\/uploads\/2025\/07\/\u5fae\u4fe1\u56fe\u7247_20250417094146-300x204.jpg 300w, https:\/\/lirolight.com\/wp-content\/uploads\/2025\/07\/\u5fae\u4fe1\u56fe\u7247_20250417094146-768x523.jpg 768w, https:\/\/lirolight.com\/wp-content\/uploads\/2025\/07\/\u5fae\u4fe1\u56fe\u7247_20250417094146-1536x1045.jpg 1536w, https:\/\/lirolight.com\/wp-content\/uploads\/2025\/07\/\u5fae\u4fe1\u56fe\u7247_20250417094146-18x12.jpg 18w, https:\/\/lirolight.com\/wp-content\/uploads\/2025\/07\/\u5fae\u4fe1\u56fe\u7247_20250417094146-990x674.jpg 990w, https:\/\/lirolight.com\/wp-content\/uploads\/2025\/07\/\u5fae\u4fe1\u56fe\u7247_20250417094146-441x300.jpg 441w, https:\/\/lirolight.com\/wp-content\/uploads\/2025\/07\/\u5fae\u4fe1\u56fe\u7247_20250417094146-800x544.jpg 800w, https:\/\/lirolight.com\/wp-content\/uploads\/2025\/07\/\u5fae\u4fe1\u56fe\u7247_20250417094146-150x102.jpg 150w, https:\/\/lirolight.com\/wp-content\/uploads\/2025\/07\/\u5fae\u4fe1\u56fe\u7247_20250417094146-500x340.jpg 500w, https:\/\/lirolight.com\/wp-content\/uploads\/2025\/07\/\u5fae\u4fe1\u56fe\u7247_20250417094146-60x40.jpg 60w, https:\/\/lirolight.com\/wp-content\/uploads\/2025\/07\/\u5fae\u4fe1\u56fe\u7247_20250417094146.jpg 1587w\" data-sizes=\"(max-width: 1024px) 100vw, 1024px\" src=\"data:image\/gif;base64,R0lGODlhAQABAAAAACH5BAEKAAEALAAAAAABAAEAAAICTAEAOw==\" style=\"--smush-placeholder-width: 1024px; --smush-placeholder-aspect-ratio: 1024\/697;\" \/><noscript><img loading=\"lazy\" decoding=\"async\" width=\"1024\" height=\"697\" src=\"https:\/\/lirolight.com\/wp-content\/uploads\/2025\/07\/\u5fae\u4fe1\u56fe\u7247_20250417094146-1024x697.jpg\" alt=\"\" class=\"wp-image-8425\" srcset=\"https:\/\/lirolight.com\/wp-content\/uploads\/2025\/07\/\u5fae\u4fe1\u56fe\u7247_20250417094146-1024x697.jpg 1024w, https:\/\/lirolight.com\/wp-content\/uploads\/2025\/07\/\u5fae\u4fe1\u56fe\u7247_20250417094146-300x204.jpg 300w, https:\/\/lirolight.com\/wp-content\/uploads\/2025\/07\/\u5fae\u4fe1\u56fe\u7247_20250417094146-768x523.jpg 768w, https:\/\/lirolight.com\/wp-content\/uploads\/2025\/07\/\u5fae\u4fe1\u56fe\u7247_20250417094146-1536x1045.jpg 1536w, https:\/\/lirolight.com\/wp-content\/uploads\/2025\/07\/\u5fae\u4fe1\u56fe\u7247_20250417094146-18x12.jpg 18w, https:\/\/lirolight.com\/wp-content\/uploads\/2025\/07\/\u5fae\u4fe1\u56fe\u7247_20250417094146-990x674.jpg 990w, https:\/\/lirolight.com\/wp-content\/uploads\/2025\/07\/\u5fae\u4fe1\u56fe\u7247_20250417094146-441x300.jpg 441w, https:\/\/lirolight.com\/wp-content\/uploads\/2025\/07\/\u5fae\u4fe1\u56fe\u7247_20250417094146-800x544.jpg 800w, https:\/\/lirolight.com\/wp-content\/uploads\/2025\/07\/\u5fae\u4fe1\u56fe\u7247_20250417094146-150x102.jpg 150w, https:\/\/lirolight.com\/wp-content\/uploads\/2025\/07\/\u5fae\u4fe1\u56fe\u7247_20250417094146-500x340.jpg 500w, https:\/\/lirolight.com\/wp-content\/uploads\/2025\/07\/\u5fae\u4fe1\u56fe\u7247_20250417094146-60x40.jpg 60w, https:\/\/lirolight.com\/wp-content\/uploads\/2025\/07\/\u5fae\u4fe1\u56fe\u7247_20250417094146.jpg 1587w\" sizes=\"(max-width: 1024px) 100vw, 1024px\" \/><\/noscript><\/figure>\n\n\n\n<h2 class=\"wp-block-heading\">Lien vid\u00e9o :<\/h2>\n\n\n\n<p><a href=\"https:\/\/www.instagram.com\/p\/DKgCitzTgfO\" target=\"_blank\" rel=\"noopener\">https:\/\/www.instagram.com\/p\/DKgCitzTgfO<\/a><\/p>","protected":false},"excerpt":{"rendered":"<p>Le projecteur IP MINI 380W est dot\u00e9 d'une lentille de 165 mm de diam\u00e8tre et d'une ampoule Philip MSD380 pour une luminosit\u00e9 exceptionnelle. Plus l\u00e9ger mais puissant.<br \/>Elles sont donc id\u00e9ales pour les \u00e9v\u00e9nements en plein air, les concerts et l'\u00e9clairage architectural.<\/p>\n<p>&nbsp;<\/p>\n<blockquote><p>\u00a0<\/p><\/blockquote>\n<p>&nbsp;<\/p>","protected":false},"featured_media":8420,"comment_status":"open","ping_status":"closed","template":"","meta":[],"product_brand":[],"product_cat":[51,64],"product_tag":[151,74,152,107,115,150],"class_list":{"0":"post-8416","1":"product","2":"type-product","3":"status-publish","4":"has-post-thumbnail","6":"product_cat-waterproof-series","7":"product_cat-ip-beam-bsw","8":"product_tag-bea","9":"product_tag-beam","10":"product_tag-beammovingheadlight","11":"product_tag-movinghead","12":"product_tag-movingheadlights","13":"product_tag-skybeamlight","15":"first","16":"instock","17":"shipping-taxable","18":"product-type-simple"},"_links":{"self":[{"href":"https:\/\/lirolight.com\/fr\/wp-json\/wp\/v2\/product\/8416","targetHints":{"allow":["GET"]}}],"collection":[{"href":"https:\/\/lirolight.com\/fr\/wp-json\/wp\/v2\/product"}],"about":[{"href":"https:\/\/lirolight.com\/fr\/wp-json\/wp\/v2\/types\/product"}],"replies":[{"embeddable":true,"href":"https:\/\/lirolight.com\/fr\/wp-json\/wp\/v2\/comments?post=8416"}],"version-history":[{"count":8,"href":"https:\/\/lirolight.com\/fr\/wp-json\/wp\/v2\/product\/8416\/revisions"}],"predecessor-version":[{"id":10614,"href":"https:\/\/lirolight.com\/fr\/wp-json\/wp\/v2\/product\/8416\/revisions\/10614"}],"wp:featuredmedia":[{"embeddable":true,"href":"https:\/\/lirolight.com\/fr\/wp-json\/wp\/v2\/media\/8420"}],"wp:attachment":[{"href":"https:\/\/lirolight.com\/fr\/wp-json\/wp\/v2\/media?parent=8416"}],"wp:term":[{"taxonomy":"product_brand","embeddable":true,"href":"https:\/\/lirolight.com\/fr\/wp-json\/wp\/v2\/product_brand?post=8416"},{"taxonomy":"product_cat","embeddable":true,"href":"https:\/\/lirolight.com\/fr\/wp-json\/wp\/v2\/product_cat?post=8416"},{"taxonomy":"product_tag","embeddable":true,"href":"https:\/\/lirolight.com\/fr\/wp-json\/wp\/v2\/product_tag?post=8416"}],"curies":[{"name":"wp","href":"https:\/\/api.w.org\/{rel}","templated":true}]}}