{"id":8566,"date":"2025-07-21T08:00:21","date_gmt":"2025-07-21T08:00:21","guid":{"rendered":"https:\/\/lirolight.com\/?post_type=product&#038;p=8566"},"modified":"2026-01-14T06:42:07","modified_gmt":"2026-01-14T06:42:07","slug":"nled-280w-beam-spot-wash-3in1-hybrid-moving-head-stage-light-for-wedding-party","status":"publish","type":"product","link":"https:\/\/lirolight.com\/fr\/produit\/nled-280w-beam-spot-wash-3in1-hybrid-moving-head-stage-light-for-wedding-party\/","title":{"rendered":"LiRO-LITE NLED 280w Beam Spot Wash 3in1 Hybrid Moving Head Stage Light For Wedding Party"},"content":{"rendered":"<h2 class=\"wp-block-heading\"><strong><mark style=\"background-color:#000000\" class=\"has-inline-color has-white-color\">LR-NLED BSW280<\/mark><\/strong><\/h2>\n\n\n\n<hr class=\"wp-block-separator has-alpha-channel-opacity\"\/>\n\n\n\n<h2 class=\"wp-block-heading\"><strong>Photos<\/strong>:<\/h2>\n\n\n\n<div class=\"wp-block-columns is-layout-flex wp-container-core-columns-is-layout-28f84493 wp-block-columns-is-layout-flex\">\n<div class=\"wp-block-column is-layout-flow wp-block-column-is-layout-flow\">\n<figure class=\"wp-block-image size-large\"><img fetchpriority=\"high\" decoding=\"async\" width=\"1024\" height=\"1024\" src=\"https:\/\/lirolight.com\/wp-content\/uploads\/2025\/07\/\u767d4-7-1024x1024.png\" alt=\"\" class=\"wp-image-10158\" srcset=\"https:\/\/lirolight.com\/wp-content\/uploads\/2025\/07\/\u767d4-7-1024x1024.png 1024w, https:\/\/lirolight.com\/wp-content\/uploads\/2025\/07\/\u767d4-7-300x300.png 300w, https:\/\/lirolight.com\/wp-content\/uploads\/2025\/07\/\u767d4-7-150x150.png 150w, https:\/\/lirolight.com\/wp-content\/uploads\/2025\/07\/\u767d4-7-768x768.png 768w, https:\/\/lirolight.com\/wp-content\/uploads\/2025\/07\/\u767d4-7-1536x1536.png 1536w, https:\/\/lirolight.com\/wp-content\/uploads\/2025\/07\/\u767d4-7-2048x2048.png 2048w, https:\/\/lirolight.com\/wp-content\/uploads\/2025\/07\/\u767d4-7-12x12.png 12w, https:\/\/lirolight.com\/wp-content\/uploads\/2025\/07\/\u767d4-7-990x990.png 990w, https:\/\/lirolight.com\/wp-content\/uploads\/2025\/07\/\u767d4-7-441x441.png 441w, https:\/\/lirolight.com\/wp-content\/uploads\/2025\/07\/\u767d4-7-100x100.png 100w, https:\/\/lirolight.com\/wp-content\/uploads\/2025\/07\/\u767d4-7-800x800.png 800w, https:\/\/lirolight.com\/wp-content\/uploads\/2025\/07\/\u767d4-7-40x40.png 40w\" sizes=\"(max-width: 1024px) 100vw, 1024px\" \/><\/figure>\n<\/div>\n\n\n\n<div class=\"wp-block-column is-layout-flow wp-block-column-is-layout-flow\">\n<figure class=\"wp-block-image size-large\"><img decoding=\"async\" width=\"1024\" height=\"1024\" data-src=\"https:\/\/lirolight.com\/wp-content\/uploads\/2025\/07\/\u767d5-8-1024x1024.png\" alt=\"\" class=\"wp-image-10159 lazyload\" data-srcset=\"https:\/\/lirolight.com\/wp-content\/uploads\/2025\/07\/\u767d5-8-1024x1024.png 1024w, https:\/\/lirolight.com\/wp-content\/uploads\/2025\/07\/\u767d5-8-300x300.png 300w, https:\/\/lirolight.com\/wp-content\/uploads\/2025\/07\/\u767d5-8-150x150.png 150w, https:\/\/lirolight.com\/wp-content\/uploads\/2025\/07\/\u767d5-8-768x768.png 768w, https:\/\/lirolight.com\/wp-content\/uploads\/2025\/07\/\u767d5-8-1536x1536.png 1536w, https:\/\/lirolight.com\/wp-content\/uploads\/2025\/07\/\u767d5-8-2048x2048.png 2048w, https:\/\/lirolight.com\/wp-content\/uploads\/2025\/07\/\u767d5-8-12x12.png 12w, https:\/\/lirolight.com\/wp-content\/uploads\/2025\/07\/\u767d5-8-990x990.png 990w, https:\/\/lirolight.com\/wp-content\/uploads\/2025\/07\/\u767d5-8-441x441.png 441w, https:\/\/lirolight.com\/wp-content\/uploads\/2025\/07\/\u767d5-8-100x100.png 100w, https:\/\/lirolight.com\/wp-content\/uploads\/2025\/07\/\u767d5-8-800x800.png 800w, https:\/\/lirolight.com\/wp-content\/uploads\/2025\/07\/\u767d5-8-40x40.png 40w\" data-sizes=\"(max-width: 1024px) 100vw, 1024px\" src=\"data:image\/gif;base64,R0lGODlhAQABAAAAACH5BAEKAAEALAAAAAABAAEAAAICTAEAOw==\" style=\"--smush-placeholder-width: 1024px; --smush-placeholder-aspect-ratio: 1024\/1024;\" \/><noscript><img decoding=\"async\" width=\"1024\" height=\"1024\" src=\"https:\/\/lirolight.com\/wp-content\/uploads\/2025\/07\/\u767d5-8-1024x1024.png\" alt=\"\" class=\"wp-image-10159\" srcset=\"https:\/\/lirolight.com\/wp-content\/uploads\/2025\/07\/\u767d5-8-1024x1024.png 1024w, https:\/\/lirolight.com\/wp-content\/uploads\/2025\/07\/\u767d5-8-300x300.png 300w, https:\/\/lirolight.com\/wp-content\/uploads\/2025\/07\/\u767d5-8-150x150.png 150w, https:\/\/lirolight.com\/wp-content\/uploads\/2025\/07\/\u767d5-8-768x768.png 768w, https:\/\/lirolight.com\/wp-content\/uploads\/2025\/07\/\u767d5-8-1536x1536.png 1536w, https:\/\/lirolight.com\/wp-content\/uploads\/2025\/07\/\u767d5-8-2048x2048.png 2048w, https:\/\/lirolight.com\/wp-content\/uploads\/2025\/07\/\u767d5-8-12x12.png 12w, https:\/\/lirolight.com\/wp-content\/uploads\/2025\/07\/\u767d5-8-990x990.png 990w, https:\/\/lirolight.com\/wp-content\/uploads\/2025\/07\/\u767d5-8-441x441.png 441w, https:\/\/lirolight.com\/wp-content\/uploads\/2025\/07\/\u767d5-8-100x100.png 100w, https:\/\/lirolight.com\/wp-content\/uploads\/2025\/07\/\u767d5-8-800x800.png 800w, https:\/\/lirolight.com\/wp-content\/uploads\/2025\/07\/\u767d5-8-40x40.png 40w\" sizes=\"(max-width: 1024px) 100vw, 1024px\" \/><\/noscript><\/figure>\n<\/div>\n<\/div>\n\n\n\n<div class=\"wp-block-columns is-layout-flex wp-container-core-columns-is-layout-28f84493 wp-block-columns-is-layout-flex\">\n<div class=\"wp-block-column is-layout-flow wp-block-column-is-layout-flow\">\n<figure class=\"wp-block-image size-full\"><img decoding=\"async\" width=\"2500\" height=\"2500\" data-src=\"https:\/\/lirolight.com\/wp-content\/uploads\/2025\/07\/\u767d7-6.png\" alt=\"\" class=\"wp-image-10161 lazyload\" data-srcset=\"https:\/\/lirolight.com\/wp-content\/uploads\/2025\/07\/\u767d7-6.png 2500w, https:\/\/lirolight.com\/wp-content\/uploads\/2025\/07\/\u767d7-6-300x300.png 300w, https:\/\/lirolight.com\/wp-content\/uploads\/2025\/07\/\u767d7-6-1024x1024.png 1024w, https:\/\/lirolight.com\/wp-content\/uploads\/2025\/07\/\u767d7-6-150x150.png 150w, https:\/\/lirolight.com\/wp-content\/uploads\/2025\/07\/\u767d7-6-768x768.png 768w, https:\/\/lirolight.com\/wp-content\/uploads\/2025\/07\/\u767d7-6-1536x1536.png 1536w, https:\/\/lirolight.com\/wp-content\/uploads\/2025\/07\/\u767d7-6-2048x2048.png 2048w, https:\/\/lirolight.com\/wp-content\/uploads\/2025\/07\/\u767d7-6-12x12.png 12w, https:\/\/lirolight.com\/wp-content\/uploads\/2025\/07\/\u767d7-6-990x990.png 990w, https:\/\/lirolight.com\/wp-content\/uploads\/2025\/07\/\u767d7-6-441x441.png 441w, https:\/\/lirolight.com\/wp-content\/uploads\/2025\/07\/\u767d7-6-100x100.png 100w, https:\/\/lirolight.com\/wp-content\/uploads\/2025\/07\/\u767d7-6-800x800.png 800w, https:\/\/lirolight.com\/wp-content\/uploads\/2025\/07\/\u767d7-6-40x40.png 40w\" data-sizes=\"(max-width: 2500px) 100vw, 2500px\" src=\"data:image\/gif;base64,R0lGODlhAQABAAAAACH5BAEKAAEALAAAAAABAAEAAAICTAEAOw==\" style=\"--smush-placeholder-width: 2500px; --smush-placeholder-aspect-ratio: 2500\/2500;\" \/><noscript><img decoding=\"async\" width=\"2500\" height=\"2500\" src=\"https:\/\/lirolight.com\/wp-content\/uploads\/2025\/07\/\u767d7-6.png\" alt=\"\" class=\"wp-image-10161\" srcset=\"https:\/\/lirolight.com\/wp-content\/uploads\/2025\/07\/\u767d7-6.png 2500w, https:\/\/lirolight.com\/wp-content\/uploads\/2025\/07\/\u767d7-6-300x300.png 300w, https:\/\/lirolight.com\/wp-content\/uploads\/2025\/07\/\u767d7-6-1024x1024.png 1024w, https:\/\/lirolight.com\/wp-content\/uploads\/2025\/07\/\u767d7-6-150x150.png 150w, https:\/\/lirolight.com\/wp-content\/uploads\/2025\/07\/\u767d7-6-768x768.png 768w, https:\/\/lirolight.com\/wp-content\/uploads\/2025\/07\/\u767d7-6-1536x1536.png 1536w, https:\/\/lirolight.com\/wp-content\/uploads\/2025\/07\/\u767d7-6-2048x2048.png 2048w, https:\/\/lirolight.com\/wp-content\/uploads\/2025\/07\/\u767d7-6-12x12.png 12w, https:\/\/lirolight.com\/wp-content\/uploads\/2025\/07\/\u767d7-6-990x990.png 990w, https:\/\/lirolight.com\/wp-content\/uploads\/2025\/07\/\u767d7-6-441x441.png 441w, https:\/\/lirolight.com\/wp-content\/uploads\/2025\/07\/\u767d7-6-100x100.png 100w, https:\/\/lirolight.com\/wp-content\/uploads\/2025\/07\/\u767d7-6-800x800.png 800w, https:\/\/lirolight.com\/wp-content\/uploads\/2025\/07\/\u767d7-6-40x40.png 40w\" sizes=\"(max-width: 2500px) 100vw, 2500px\" \/><\/noscript><\/figure>\n\n\n\n<figure class=\"wp-block-image aligncenter size-full is-resized\"><img loading=\"lazy\" decoding=\"async\" width=\"845\" height=\"429\" data-src=\"https:\/\/lirolight.com\/wp-content\/uploads\/2025\/07\/1744366702663.png\" alt=\"\" class=\"wp-image-8580 lazyload\" style=\"--smush-placeholder-width: 845px; --smush-placeholder-aspect-ratio: 845\/429;width:900px;height:auto\" data-srcset=\"https:\/\/lirolight.com\/wp-content\/uploads\/2025\/07\/1744366702663.png 845w, https:\/\/lirolight.com\/wp-content\/uploads\/2025\/07\/1744366702663-300x152.png 300w, https:\/\/lirolight.com\/wp-content\/uploads\/2025\/07\/1744366702663-768x390.png 768w, https:\/\/lirolight.com\/wp-content\/uploads\/2025\/07\/1744366702663-18x9.png 18w, https:\/\/lirolight.com\/wp-content\/uploads\/2025\/07\/1744366702663-441x224.png 441w, https:\/\/lirolight.com\/wp-content\/uploads\/2025\/07\/1744366702663-800x406.png 800w, https:\/\/lirolight.com\/wp-content\/uploads\/2025\/07\/1744366702663-150x76.png 150w, https:\/\/lirolight.com\/wp-content\/uploads\/2025\/07\/1744366702663-500x254.png 500w, https:\/\/lirolight.com\/wp-content\/uploads\/2025\/07\/1744366702663-60x30.png 60w\" data-sizes=\"(max-width: 845px) 100vw, 845px\" src=\"data:image\/gif;base64,R0lGODlhAQABAAAAACH5BAEKAAEALAAAAAABAAEAAAICTAEAOw==\" \/><noscript><img loading=\"lazy\" decoding=\"async\" width=\"845\" height=\"429\" src=\"https:\/\/lirolight.com\/wp-content\/uploads\/2025\/07\/1744366702663.png\" alt=\"\" class=\"wp-image-8580\" style=\"width:900px;height:auto\" srcset=\"https:\/\/lirolight.com\/wp-content\/uploads\/2025\/07\/1744366702663.png 845w, https:\/\/lirolight.com\/wp-content\/uploads\/2025\/07\/1744366702663-300x152.png 300w, https:\/\/lirolight.com\/wp-content\/uploads\/2025\/07\/1744366702663-768x390.png 768w, https:\/\/lirolight.com\/wp-content\/uploads\/2025\/07\/1744366702663-18x9.png 18w, https:\/\/lirolight.com\/wp-content\/uploads\/2025\/07\/1744366702663-441x224.png 441w, https:\/\/lirolight.com\/wp-content\/uploads\/2025\/07\/1744366702663-800x406.png 800w, https:\/\/lirolight.com\/wp-content\/uploads\/2025\/07\/1744366702663-150x76.png 150w, https:\/\/lirolight.com\/wp-content\/uploads\/2025\/07\/1744366702663-500x254.png 500w, https:\/\/lirolight.com\/wp-content\/uploads\/2025\/07\/1744366702663-60x30.png 60w\" sizes=\"(max-width: 845px) 100vw, 845px\" \/><\/noscript><\/figure>\n\n\n\n<div class=\"wp-block-columns is-layout-flex wp-container-core-columns-is-layout-28f84493 wp-block-columns-is-layout-flex\">\n<div class=\"wp-block-column is-layout-flow wp-block-column-is-layout-flow\"><\/div>\n\n\n\n<div class=\"wp-block-column is-layout-flow wp-block-column-is-layout-flow\"><\/div>\n<\/div>\n<\/div>\n\n\n\n<div class=\"wp-block-column is-layout-flow wp-block-column-is-layout-flow\">\n<figure class=\"wp-block-image size-full\"><img loading=\"lazy\" decoding=\"async\" width=\"2500\" height=\"2500\" data-src=\"https:\/\/lirolight.com\/wp-content\/uploads\/2025\/07\/\u767d2-7.png\" alt=\"\" class=\"wp-image-10155 lazyload\" data-srcset=\"https:\/\/lirolight.com\/wp-content\/uploads\/2025\/07\/\u767d2-7.png 2500w, https:\/\/lirolight.com\/wp-content\/uploads\/2025\/07\/\u767d2-7-300x300.png 300w, https:\/\/lirolight.com\/wp-content\/uploads\/2025\/07\/\u767d2-7-1024x1024.png 1024w, https:\/\/lirolight.com\/wp-content\/uploads\/2025\/07\/\u767d2-7-150x150.png 150w, https:\/\/lirolight.com\/wp-content\/uploads\/2025\/07\/\u767d2-7-768x768.png 768w, https:\/\/lirolight.com\/wp-content\/uploads\/2025\/07\/\u767d2-7-1536x1536.png 1536w, https:\/\/lirolight.com\/wp-content\/uploads\/2025\/07\/\u767d2-7-2048x2048.png 2048w, https:\/\/lirolight.com\/wp-content\/uploads\/2025\/07\/\u767d2-7-12x12.png 12w, https:\/\/lirolight.com\/wp-content\/uploads\/2025\/07\/\u767d2-7-990x990.png 990w, https:\/\/lirolight.com\/wp-content\/uploads\/2025\/07\/\u767d2-7-441x441.png 441w, https:\/\/lirolight.com\/wp-content\/uploads\/2025\/07\/\u767d2-7-100x100.png 100w, https:\/\/lirolight.com\/wp-content\/uploads\/2025\/07\/\u767d2-7-800x800.png 800w, https:\/\/lirolight.com\/wp-content\/uploads\/2025\/07\/\u767d2-7-40x40.png 40w\" data-sizes=\"(max-width: 2500px) 100vw, 2500px\" src=\"data:image\/gif;base64,R0lGODlhAQABAAAAACH5BAEKAAEALAAAAAABAAEAAAICTAEAOw==\" style=\"--smush-placeholder-width: 2500px; --smush-placeholder-aspect-ratio: 2500\/2500;\" \/><noscript><img loading=\"lazy\" decoding=\"async\" width=\"2500\" height=\"2500\" src=\"https:\/\/lirolight.com\/wp-content\/uploads\/2025\/07\/\u767d2-7.png\" alt=\"\" class=\"wp-image-10155\" srcset=\"https:\/\/lirolight.com\/wp-content\/uploads\/2025\/07\/\u767d2-7.png 2500w, https:\/\/lirolight.com\/wp-content\/uploads\/2025\/07\/\u767d2-7-300x300.png 300w, https:\/\/lirolight.com\/wp-content\/uploads\/2025\/07\/\u767d2-7-1024x1024.png 1024w, https:\/\/lirolight.com\/wp-content\/uploads\/2025\/07\/\u767d2-7-150x150.png 150w, https:\/\/lirolight.com\/wp-content\/uploads\/2025\/07\/\u767d2-7-768x768.png 768w, https:\/\/lirolight.com\/wp-content\/uploads\/2025\/07\/\u767d2-7-1536x1536.png 1536w, https:\/\/lirolight.com\/wp-content\/uploads\/2025\/07\/\u767d2-7-2048x2048.png 2048w, https:\/\/lirolight.com\/wp-content\/uploads\/2025\/07\/\u767d2-7-12x12.png 12w, https:\/\/lirolight.com\/wp-content\/uploads\/2025\/07\/\u767d2-7-990x990.png 990w, https:\/\/lirolight.com\/wp-content\/uploads\/2025\/07\/\u767d2-7-441x441.png 441w, https:\/\/lirolight.com\/wp-content\/uploads\/2025\/07\/\u767d2-7-100x100.png 100w, https:\/\/lirolight.com\/wp-content\/uploads\/2025\/07\/\u767d2-7-800x800.png 800w, https:\/\/lirolight.com\/wp-content\/uploads\/2025\/07\/\u767d2-7-40x40.png 40w\" sizes=\"(max-width: 2500px) 100vw, 2500px\" \/><\/noscript><\/figure>\n\n\n\n<figure class=\"wp-block-image size-full is-resized\"><img loading=\"lazy\" decoding=\"async\" width=\"659\" height=\"329\" data-src=\"https:\/\/lirolight.com\/wp-content\/uploads\/2025\/07\/1744368250085.png\" alt=\"\" class=\"wp-image-8581 lazyload\" style=\"--smush-placeholder-width: 659px; --smush-placeholder-aspect-ratio: 659\/329;width:900px;height:auto\" data-srcset=\"https:\/\/lirolight.com\/wp-content\/uploads\/2025\/07\/1744368250085.png 659w, https:\/\/lirolight.com\/wp-content\/uploads\/2025\/07\/1744368250085-300x150.png 300w, https:\/\/lirolight.com\/wp-content\/uploads\/2025\/07\/1744368250085-18x9.png 18w, https:\/\/lirolight.com\/wp-content\/uploads\/2025\/07\/1744368250085-441x220.png 441w, https:\/\/lirolight.com\/wp-content\/uploads\/2025\/07\/1744368250085-150x75.png 150w, https:\/\/lirolight.com\/wp-content\/uploads\/2025\/07\/1744368250085-500x250.png 500w, https:\/\/lirolight.com\/wp-content\/uploads\/2025\/07\/1744368250085-60x30.png 60w\" data-sizes=\"(max-width: 659px) 100vw, 659px\" src=\"data:image\/gif;base64,R0lGODlhAQABAAAAACH5BAEKAAEALAAAAAABAAEAAAICTAEAOw==\" \/><noscript><img loading=\"lazy\" decoding=\"async\" width=\"659\" height=\"329\" src=\"https:\/\/lirolight.com\/wp-content\/uploads\/2025\/07\/1744368250085.png\" alt=\"\" class=\"wp-image-8581\" style=\"width:900px;height:auto\" srcset=\"https:\/\/lirolight.com\/wp-content\/uploads\/2025\/07\/1744368250085.png 659w, https:\/\/lirolight.com\/wp-content\/uploads\/2025\/07\/1744368250085-300x150.png 300w, https:\/\/lirolight.com\/wp-content\/uploads\/2025\/07\/1744368250085-18x9.png 18w, https:\/\/lirolight.com\/wp-content\/uploads\/2025\/07\/1744368250085-441x220.png 441w, https:\/\/lirolight.com\/wp-content\/uploads\/2025\/07\/1744368250085-150x75.png 150w, https:\/\/lirolight.com\/wp-content\/uploads\/2025\/07\/1744368250085-500x250.png 500w, https:\/\/lirolight.com\/wp-content\/uploads\/2025\/07\/1744368250085-60x30.png 60w\" sizes=\"(max-width: 659px) 100vw, 659px\" \/><\/noscript><\/figure>\n<\/div>\n<\/div>\n\n\n\n<h2 class=\"wp-block-heading\">Taille :<\/h2>\n\n\n\n<figure class=\"wp-block-image size-large\"><img loading=\"lazy\" decoding=\"async\" width=\"903\" height=\"1024\" data-src=\"https:\/\/lirolight.com\/wp-content\/uploads\/2025\/07\/LM280\u7ebf\u6761\u56fe_00-1-903x1024.jpg\" alt=\"\" class=\"wp-image-8584 lazyload\" data-srcset=\"https:\/\/lirolight.com\/wp-content\/uploads\/2025\/07\/LM280\u7ebf\u6761\u56fe_00-1-903x1024.jpg 903w, https:\/\/lirolight.com\/wp-content\/uploads\/2025\/07\/LM280\u7ebf\u6761\u56fe_00-1-265x300.jpg 265w, https:\/\/lirolight.com\/wp-content\/uploads\/2025\/07\/LM280\u7ebf\u6761\u56fe_00-1-768x871.jpg 768w, https:\/\/lirolight.com\/wp-content\/uploads\/2025\/07\/LM280\u7ebf\u6761\u56fe_00-1-11x12.jpg 11w, https:\/\/lirolight.com\/wp-content\/uploads\/2025\/07\/LM280\u7ebf\u6761\u56fe_00-1-990x1123.jpg 990w, https:\/\/lirolight.com\/wp-content\/uploads\/2025\/07\/LM280\u7ebf\u6761\u56fe_00-1-441x500.jpg 441w, https:\/\/lirolight.com\/wp-content\/uploads\/2025\/07\/LM280\u7ebf\u6761\u56fe_00-1-300x340.jpg 300w, https:\/\/lirolight.com\/wp-content\/uploads\/2025\/07\/LM280\u7ebf\u6761\u56fe_00-1-800x907.jpg 800w, https:\/\/lirolight.com\/wp-content\/uploads\/2025\/07\/LM280\u7ebf\u6761\u56fe_00-1-150x170.jpg 150w, https:\/\/lirolight.com\/wp-content\/uploads\/2025\/07\/LM280\u7ebf\u6761\u56fe_00-1-35x40.jpg 35w, https:\/\/lirolight.com\/wp-content\/uploads\/2025\/07\/LM280\u7ebf\u6761\u56fe_00-1.jpg 1337w\" data-sizes=\"(max-width: 903px) 100vw, 903px\" src=\"data:image\/gif;base64,R0lGODlhAQABAAAAACH5BAEKAAEALAAAAAABAAEAAAICTAEAOw==\" style=\"--smush-placeholder-width: 903px; --smush-placeholder-aspect-ratio: 903\/1024;\" \/><noscript><img loading=\"lazy\" decoding=\"async\" width=\"903\" height=\"1024\" src=\"https:\/\/lirolight.com\/wp-content\/uploads\/2025\/07\/LM280\u7ebf\u6761\u56fe_00-1-903x1024.jpg\" alt=\"\" class=\"wp-image-8584\" srcset=\"https:\/\/lirolight.com\/wp-content\/uploads\/2025\/07\/LM280\u7ebf\u6761\u56fe_00-1-903x1024.jpg 903w, https:\/\/lirolight.com\/wp-content\/uploads\/2025\/07\/LM280\u7ebf\u6761\u56fe_00-1-265x300.jpg 265w, https:\/\/lirolight.com\/wp-content\/uploads\/2025\/07\/LM280\u7ebf\u6761\u56fe_00-1-768x871.jpg 768w, https:\/\/lirolight.com\/wp-content\/uploads\/2025\/07\/LM280\u7ebf\u6761\u56fe_00-1-11x12.jpg 11w, https:\/\/lirolight.com\/wp-content\/uploads\/2025\/07\/LM280\u7ebf\u6761\u56fe_00-1-990x1123.jpg 990w, https:\/\/lirolight.com\/wp-content\/uploads\/2025\/07\/LM280\u7ebf\u6761\u56fe_00-1-441x500.jpg 441w, https:\/\/lirolight.com\/wp-content\/uploads\/2025\/07\/LM280\u7ebf\u6761\u56fe_00-1-300x340.jpg 300w, https:\/\/lirolight.com\/wp-content\/uploads\/2025\/07\/LM280\u7ebf\u6761\u56fe_00-1-800x907.jpg 800w, https:\/\/lirolight.com\/wp-content\/uploads\/2025\/07\/LM280\u7ebf\u6761\u56fe_00-1-150x170.jpg 150w, https:\/\/lirolight.com\/wp-content\/uploads\/2025\/07\/LM280\u7ebf\u6761\u56fe_00-1-35x40.jpg 35w, https:\/\/lirolight.com\/wp-content\/uploads\/2025\/07\/LM280\u7ebf\u6761\u56fe_00-1.jpg 1337w\" sizes=\"(max-width: 903px) 100vw, 903px\" \/><\/noscript><\/figure>\n\n\n\n<h2 class=\"wp-block-heading\"><font style=\"vertical-align: inherit;\"><font style=\"vertical-align: inherit;\">Sp\u00e9cification\uff1a<\/font><\/font><\/h2>\n\n\n\n<p>Tension d'entr\u00e9e : AC110v - 240v \/ 50-60HZ<br><strong>Source lumineuse : module LED 280W<\/strong><br>Dur\u00e9e de vie de la source lumineuse : 50000 heures<br>Puissance totale : 350w<br><strong>Mode canal : 16\/24\/30 canaux<\/strong><br>Pan : 540 degr\u00e9s (balayage de pr\u00e9cision 16 bits) correction \u00e9lectronique des erreurs<br>Inclinaison : 270 degr\u00e9s (balayage de pr\u00e9cision 16 bits) correction \u00e9lectronique des erreurs<br>Gradation : 0-100% r\u00e9glage lin\u00e9aire<br>Syst\u00e8me de givrage : 1 effet de givrage ind\u00e9pendant, spot lumineux doux et naturel<br><strong>Angle de zoom : 2,8-32 degr\u00e9s<\/strong><br>Strobe : 0-30 fois\/seconde. L'effet stroboscopique est r\u00e9glable en fonction de la vitesse.<br><strong>Couleur : 14 couleurs + lumi\u00e8re blanche<br>Gobo fixe : 12 gobos fixes + lumi\u00e8re blanche<br>Gobo rotatif : 7 gobos en verre + lumi\u00e8re blanche, chaque gobo en verre peut \u00eatre invers\u00e9 ind\u00e9pendamment.<br>Prisme : 3 prismes standard, pouvant \u00eatre invers\u00e9s ind\u00e9pendamment l'un de l'autre<\/strong><br>\u00c9cran : \u00c9cran LCD de 1,8 pouce, syst\u00e8me d'exploitation bilingue chinois et anglais, possibilit\u00e9 d'inverser l'affichage de 180\u00b0.<br>Dispositif optique : lentille optique combin\u00e9e<br>Mode de contr\u00f4le :DMX512\/Ma\u00eetre-Esclave\/Auto Run\/RDM\/Manuel<br>M\u00e9thode de refroidissement : Un ventilateur axial est utilis\u00e9 pour am\u00e9liorer le refroidissement.<br>Mat\u00e9riau d'apparence : plastique r\u00e9sistant aux hautes temp\u00e9ratures<br>Environnement de travail : -20 degr\u00e9s - 40 degr\u00e9s<br>Ligne de signal : ligne de signal entr\u00e9e XLR \u00e0 trois fils, ligne de signal sortie XLR \u00e0 trois fils<br>Ligne \u00e9lectrique : entr\u00e9e et sortie de la prise aviation<br>Niveau de protection : IP20<\/p>\n\n\n\n<h2 class=\"wp-block-heading\">Param\u00e8tre :<\/h2>\n\n\n\n<figure class=\"wp-block-table\"><table class=\"has-fixed-layout\"><tbody><tr><td>Source lumineuse<\/td><td><strong>Module LED 280W<\/strong><\/td><\/tr><tr><td>Tension d'entr\u00e9e (V)<\/td><td>AC 100-240V, 50\/60Hz<\/td><\/tr><tr><td>Indice IP<\/td><td>IP20<\/td><\/tr><tr><td>Roue des couleurs<\/td><td><strong>14 couleurs + lumi\u00e8re blanche<\/strong><\/td><\/tr><tr><td>Roue de gobos fixes<\/td><td><strong>12 gobos fixes + lumi\u00e8re blanche<\/strong><\/td><\/tr><tr><td>Roue de gobos de rotation<\/td><td><strong>7 gobos en verre + lumi\u00e8re blanche, chaque gobo en verre peut \u00eatre invers\u00e9 de mani\u00e8re ind\u00e9pendante<\/strong><\/td><\/tr><tr><td>Prisme<\/td><td><strong>3 prismes standard, pouvant \u00eatre invers\u00e9s ind\u00e9pendamment les uns des autres<\/strong><\/td><\/tr><tr><td>Mode de contr\u00f4le<\/td><td>DMX512\/Ma\u00eetre-Esclave\/Auto Run\/RDM\/Manuel<\/td><\/tr><tr><td>Garantie<\/td><td>2 ans<\/td><\/tr><tr><td>Service OEM&amp;ODM<\/td><td>24 heures en ligneSi vous avez des questions sur le produit, n'h\u00e9sitez pas \u00e0 nous contacter \u00e0 tout moment.<\/td><\/tr><tr><td>Capacit\u00e9 du projet<\/td><td>Nous avons plus de 500 ans d'exp\u00e9rience dans l'ing\u00e9nierie de projets \u00e0 l'\u00e9tranger.<\/td><\/tr><tr><td>Paquet<\/td><td>Carton et flight case disponibles<\/td><\/tr><tr><td>GW<\/td><td>14.3KG<\/td><\/tr><\/tbody><\/table><\/figure>\n\n\n\n<h2 class=\"wp-block-heading\">Caract\u00e9ristiques :<\/h2>\n\n\n\n<ol class=\"wp-block-list\">\n<li>Module LED puissant : \u00c9quip\u00e9 d'un module LED de 280 W, il offre un \u00e9clairage de haute luminosit\u00e9 avec une longue dur\u00e9e de vie de 50 000 heures.<\/li>\n\n\n\n<li>Compatibilit\u00e9 des canaux : Avec des modes de canaux 16\/24\/30 canaux, assurant une int\u00e9gration facile dans les syst\u00e8mes de contr\u00f4le.<\/li>\n\n\n\n<li>Angle de zoom : 2,8 \u00e0 32 degr\u00e9s<\/li>\n<\/ol>\n\n\n\n<h2 class=\"wp-block-heading\">Lien vid\u00e9o :<\/h2>\n\n\n\n<p><a href=\"https:\/\/www.instagram.com\/p\/DQTopCoEpAB\" target=\"_blank\" rel=\"noopener\">https:\/\/www.instagram.com\/p\/DQTopCoEpAB<\/a><\/p>\n\n\n\n<p><a href=\"https:\/\/youtu.be\/SYkg88i30eo\" target=\"_blank\" rel=\"noopener\">https:\/\/youtu.be\/SYkg88i30eo<\/a><\/p>","protected":false},"excerpt":{"rendered":"<p>Le LED BEAM SPOT WASH 280w est une merveille d'\u00e9clairage. Avec son module LED de 280W, il brille de mille feux et dure 50 000 heures. Sa compatibilit\u00e9 avec les canaux ROBE en fait un appareil facile \u00e0 contr\u00f4ler. Les larges plages de pan et de tilt, ainsi que les diverses fonctions telles que la gradation, le stroboscope et les options de couleur, offrent des possibilit\u00e9s cr\u00e9atives infinies. Qu'il s'agisse d'\u00e9clairer une sc\u00e8ne de concert ou un club, il produit des effets \u00e9poustouflants. L'\u00e9cran convivial et la construction durable en font un choix fiable pour tout professionnel de l'\u00e9clairage, garantissant des performances captivantes \u00e0 chaque fois.<\/p>\n<p>&nbsp;<\/p>\n<blockquote><p>\u00a0<\/p><\/blockquote>\n<p>&nbsp;<\/p>","protected":false},"featured_media":10163,"comment_status":"open","ping_status":"closed","template":"","meta":[],"product_brand":[],"product_cat":[61],"product_tag":[113,158,159,107,115,157,160],"class_list":{"0":"post-8566","1":"product","2":"type-product","3":"status-publish","4":"has-post-thumbnail","6":"product_cat-beam-bsw-moving-head-light","7":"product_tag-beamspotwash","8":"product_tag-bsw3in1","9":"product_tag-ledmovingheadlights","10":"product_tag-movinghead","11":"product_tag-movingheadlights","12":"product_tag-spotmovingheadlight","13":"product_tag-stagelights","15":"first","16":"instock","17":"shipping-taxable","18":"product-type-simple"},"_links":{"self":[{"href":"https:\/\/lirolight.com\/fr\/wp-json\/wp\/v2\/product\/8566","targetHints":{"allow":["GET"]}}],"collection":[{"href":"https:\/\/lirolight.com\/fr\/wp-json\/wp\/v2\/product"}],"about":[{"href":"https:\/\/lirolight.com\/fr\/wp-json\/wp\/v2\/types\/product"}],"replies":[{"embeddable":true,"href":"https:\/\/lirolight.com\/fr\/wp-json\/wp\/v2\/comments?post=8566"}],"version-history":[{"count":15,"href":"https:\/\/lirolight.com\/fr\/wp-json\/wp\/v2\/product\/8566\/revisions"}],"predecessor-version":[{"id":10619,"href":"https:\/\/lirolight.com\/fr\/wp-json\/wp\/v2\/product\/8566\/revisions\/10619"}],"wp:featuredmedia":[{"embeddable":true,"href":"https:\/\/lirolight.com\/fr\/wp-json\/wp\/v2\/media\/10163"}],"wp:attachment":[{"href":"https:\/\/lirolight.com\/fr\/wp-json\/wp\/v2\/media?parent=8566"}],"wp:term":[{"taxonomy":"product_brand","embeddable":true,"href":"https:\/\/lirolight.com\/fr\/wp-json\/wp\/v2\/product_brand?post=8566"},{"taxonomy":"product_cat","embeddable":true,"href":"https:\/\/lirolight.com\/fr\/wp-json\/wp\/v2\/product_cat?post=8566"},{"taxonomy":"product_tag","embeddable":true,"href":"https:\/\/lirolight.com\/fr\/wp-json\/wp\/v2\/product_tag?post=8566"}],"curies":[{"name":"wp","href":"https:\/\/api.w.org\/{rel}","templated":true}]}}