{"id":8609,"date":"2025-07-22T07:09:46","date_gmt":"2025-07-22T07:09:46","guid":{"rendered":"https:\/\/lirolight.com\/?post_type=product&#038;p=8609"},"modified":"2026-01-14T06:44:39","modified_gmt":"2026-01-14T06:44:39","slug":"led-cmy-cto-cutting-moving-head-light-1000w-led-bswf-framing-beam-spot-wash-stage-light","status":"publish","type":"product","link":"https:\/\/lirolight.com\/fr\/produit\/led-cmy-cto-cutting-moving-head-light-1000w-led-bswf-framing-beam-spot-wash-stage-light\/","title":{"rendered":"LiRO-LITE LED CMY CTO Cutting Moving Head Light 1000W LED BSWF Framing Beam Spot Wash Stage Light"},"content":{"rendered":"<h2 class=\"wp-block-heading\"><strong><mark style=\"background-color:#000000\" class=\"has-inline-color has-white-color\">Cadre LED LR-1000<\/mark><\/strong><\/h2>\n\n\n\n<hr class=\"wp-block-separator has-alpha-channel-opacity\"\/>\n\n\n\n<h2 class=\"wp-block-heading\"><strong>Photos<\/strong>:<\/h2>\n\n\n\n<div class=\"wp-block-columns is-layout-flex wp-container-core-columns-is-layout-28f84493 wp-block-columns-is-layout-flex\">\n<div class=\"wp-block-column is-layout-flow wp-block-column-is-layout-flow\">\n<figure class=\"wp-block-image size-large\"><img fetchpriority=\"high\" decoding=\"async\" width=\"1024\" height=\"1024\" src=\"https:\/\/lirolight.com\/wp-content\/uploads\/2025\/07\/1-7-1024x1024.jpg\" alt=\"\" class=\"wp-image-8610\" srcset=\"https:\/\/lirolight.com\/wp-content\/uploads\/2025\/07\/1-7-1024x1024.jpg 1024w, https:\/\/lirolight.com\/wp-content\/uploads\/2025\/07\/1-7-300x300.jpg 300w, https:\/\/lirolight.com\/wp-content\/uploads\/2025\/07\/1-7-150x150.jpg 150w, https:\/\/lirolight.com\/wp-content\/uploads\/2025\/07\/1-7-768x768.jpg 768w, https:\/\/lirolight.com\/wp-content\/uploads\/2025\/07\/1-7-12x12.jpg 12w, https:\/\/lirolight.com\/wp-content\/uploads\/2025\/07\/1-7-990x990.jpg 990w, https:\/\/lirolight.com\/wp-content\/uploads\/2025\/07\/1-7-441x441.jpg 441w, https:\/\/lirolight.com\/wp-content\/uploads\/2025\/07\/1-7-100x100.jpg 100w, https:\/\/lirolight.com\/wp-content\/uploads\/2025\/07\/1-7-800x800.jpg 800w, https:\/\/lirolight.com\/wp-content\/uploads\/2025\/07\/1-7-40x40.jpg 40w, https:\/\/lirolight.com\/wp-content\/uploads\/2025\/07\/1-7.jpg 1500w\" sizes=\"(max-width: 1024px) 100vw, 1024px\" \/><\/figure>\n<\/div>\n\n\n\n<div class=\"wp-block-column is-layout-flow wp-block-column-is-layout-flow\">\n<figure class=\"wp-block-image size-large\"><img decoding=\"async\" width=\"1024\" height=\"1024\" data-src=\"https:\/\/lirolight.com\/wp-content\/uploads\/2025\/07\/3-6-1024x1024.jpg\" alt=\"\" class=\"wp-image-8612 lazyload\" data-srcset=\"https:\/\/lirolight.com\/wp-content\/uploads\/2025\/07\/3-6-1024x1024.jpg 1024w, https:\/\/lirolight.com\/wp-content\/uploads\/2025\/07\/3-6-300x300.jpg 300w, https:\/\/lirolight.com\/wp-content\/uploads\/2025\/07\/3-6-150x150.jpg 150w, https:\/\/lirolight.com\/wp-content\/uploads\/2025\/07\/3-6-768x768.jpg 768w, https:\/\/lirolight.com\/wp-content\/uploads\/2025\/07\/3-6-1536x1536.jpg 1536w, https:\/\/lirolight.com\/wp-content\/uploads\/2025\/07\/3-6-2048x2048.jpg 2048w, https:\/\/lirolight.com\/wp-content\/uploads\/2025\/07\/3-6-12x12.jpg 12w, https:\/\/lirolight.com\/wp-content\/uploads\/2025\/07\/3-6-990x990.jpg 990w, https:\/\/lirolight.com\/wp-content\/uploads\/2025\/07\/3-6-441x441.jpg 441w, https:\/\/lirolight.com\/wp-content\/uploads\/2025\/07\/3-6-100x100.jpg 100w, https:\/\/lirolight.com\/wp-content\/uploads\/2025\/07\/3-6-800x800.jpg 800w, https:\/\/lirolight.com\/wp-content\/uploads\/2025\/07\/3-6-40x40.jpg 40w\" data-sizes=\"(max-width: 1024px) 100vw, 1024px\" src=\"data:image\/gif;base64,R0lGODlhAQABAAAAACH5BAEKAAEALAAAAAABAAEAAAICTAEAOw==\" style=\"--smush-placeholder-width: 1024px; --smush-placeholder-aspect-ratio: 1024\/1024;\" \/><noscript><img decoding=\"async\" width=\"1024\" height=\"1024\" src=\"https:\/\/lirolight.com\/wp-content\/uploads\/2025\/07\/3-6-1024x1024.jpg\" alt=\"\" class=\"wp-image-8612\" srcset=\"https:\/\/lirolight.com\/wp-content\/uploads\/2025\/07\/3-6-1024x1024.jpg 1024w, https:\/\/lirolight.com\/wp-content\/uploads\/2025\/07\/3-6-300x300.jpg 300w, https:\/\/lirolight.com\/wp-content\/uploads\/2025\/07\/3-6-150x150.jpg 150w, https:\/\/lirolight.com\/wp-content\/uploads\/2025\/07\/3-6-768x768.jpg 768w, https:\/\/lirolight.com\/wp-content\/uploads\/2025\/07\/3-6-1536x1536.jpg 1536w, https:\/\/lirolight.com\/wp-content\/uploads\/2025\/07\/3-6-2048x2048.jpg 2048w, https:\/\/lirolight.com\/wp-content\/uploads\/2025\/07\/3-6-12x12.jpg 12w, https:\/\/lirolight.com\/wp-content\/uploads\/2025\/07\/3-6-990x990.jpg 990w, https:\/\/lirolight.com\/wp-content\/uploads\/2025\/07\/3-6-441x441.jpg 441w, https:\/\/lirolight.com\/wp-content\/uploads\/2025\/07\/3-6-100x100.jpg 100w, https:\/\/lirolight.com\/wp-content\/uploads\/2025\/07\/3-6-800x800.jpg 800w, https:\/\/lirolight.com\/wp-content\/uploads\/2025\/07\/3-6-40x40.jpg 40w\" sizes=\"(max-width: 1024px) 100vw, 1024px\" \/><\/noscript><\/figure>\n<\/div>\n<\/div>\n\n\n\n<div class=\"wp-block-columns is-layout-flex wp-container-core-columns-is-layout-28f84493 wp-block-columns-is-layout-flex\">\n<div class=\"wp-block-column is-layout-flow wp-block-column-is-layout-flow\">\n<figure class=\"wp-block-image size-large\"><img decoding=\"async\" width=\"1024\" height=\"1024\" data-src=\"https:\/\/lirolight.com\/wp-content\/uploads\/2025\/07\/2-4-1024x1024.jpg\" alt=\"\" class=\"wp-image-8611 lazyload\" data-srcset=\"https:\/\/lirolight.com\/wp-content\/uploads\/2025\/07\/2-4-1024x1024.jpg 1024w, https:\/\/lirolight.com\/wp-content\/uploads\/2025\/07\/2-4-300x300.jpg 300w, https:\/\/lirolight.com\/wp-content\/uploads\/2025\/07\/2-4-150x150.jpg 150w, https:\/\/lirolight.com\/wp-content\/uploads\/2025\/07\/2-4-768x768.jpg 768w, https:\/\/lirolight.com\/wp-content\/uploads\/2025\/07\/2-4-12x12.jpg 12w, https:\/\/lirolight.com\/wp-content\/uploads\/2025\/07\/2-4-990x990.jpg 990w, https:\/\/lirolight.com\/wp-content\/uploads\/2025\/07\/2-4-441x441.jpg 441w, https:\/\/lirolight.com\/wp-content\/uploads\/2025\/07\/2-4-100x100.jpg 100w, https:\/\/lirolight.com\/wp-content\/uploads\/2025\/07\/2-4-800x800.jpg 800w, https:\/\/lirolight.com\/wp-content\/uploads\/2025\/07\/2-4-40x40.jpg 40w, https:\/\/lirolight.com\/wp-content\/uploads\/2025\/07\/2-4.jpg 1500w\" data-sizes=\"(max-width: 1024px) 100vw, 1024px\" src=\"data:image\/gif;base64,R0lGODlhAQABAAAAACH5BAEKAAEALAAAAAABAAEAAAICTAEAOw==\" style=\"--smush-placeholder-width: 1024px; --smush-placeholder-aspect-ratio: 1024\/1024;\" \/><noscript><img decoding=\"async\" width=\"1024\" height=\"1024\" src=\"https:\/\/lirolight.com\/wp-content\/uploads\/2025\/07\/2-4-1024x1024.jpg\" alt=\"\" class=\"wp-image-8611\" srcset=\"https:\/\/lirolight.com\/wp-content\/uploads\/2025\/07\/2-4-1024x1024.jpg 1024w, https:\/\/lirolight.com\/wp-content\/uploads\/2025\/07\/2-4-300x300.jpg 300w, https:\/\/lirolight.com\/wp-content\/uploads\/2025\/07\/2-4-150x150.jpg 150w, https:\/\/lirolight.com\/wp-content\/uploads\/2025\/07\/2-4-768x768.jpg 768w, https:\/\/lirolight.com\/wp-content\/uploads\/2025\/07\/2-4-12x12.jpg 12w, https:\/\/lirolight.com\/wp-content\/uploads\/2025\/07\/2-4-990x990.jpg 990w, https:\/\/lirolight.com\/wp-content\/uploads\/2025\/07\/2-4-441x441.jpg 441w, https:\/\/lirolight.com\/wp-content\/uploads\/2025\/07\/2-4-100x100.jpg 100w, https:\/\/lirolight.com\/wp-content\/uploads\/2025\/07\/2-4-800x800.jpg 800w, https:\/\/lirolight.com\/wp-content\/uploads\/2025\/07\/2-4-40x40.jpg 40w, https:\/\/lirolight.com\/wp-content\/uploads\/2025\/07\/2-4.jpg 1500w\" sizes=\"(max-width: 1024px) 100vw, 1024px\" \/><\/noscript><\/figure>\n<\/div>\n\n\n\n<div class=\"wp-block-column is-layout-flow wp-block-column-is-layout-flow\">\n<figure class=\"wp-block-image size-large\"><img loading=\"lazy\" decoding=\"async\" width=\"1024\" height=\"1024\" data-src=\"https:\/\/lirolight.com\/wp-content\/uploads\/2025\/07\/4-3-1024x1024.jpg\" alt=\"\" class=\"wp-image-8613 lazyload\" data-srcset=\"https:\/\/lirolight.com\/wp-content\/uploads\/2025\/07\/4-3-1024x1024.jpg 1024w, https:\/\/lirolight.com\/wp-content\/uploads\/2025\/07\/4-3-300x300.jpg 300w, https:\/\/lirolight.com\/wp-content\/uploads\/2025\/07\/4-3-150x150.jpg 150w, https:\/\/lirolight.com\/wp-content\/uploads\/2025\/07\/4-3-768x768.jpg 768w, https:\/\/lirolight.com\/wp-content\/uploads\/2025\/07\/4-3-12x12.jpg 12w, https:\/\/lirolight.com\/wp-content\/uploads\/2025\/07\/4-3-990x990.jpg 990w, https:\/\/lirolight.com\/wp-content\/uploads\/2025\/07\/4-3-441x441.jpg 441w, https:\/\/lirolight.com\/wp-content\/uploads\/2025\/07\/4-3-100x100.jpg 100w, https:\/\/lirolight.com\/wp-content\/uploads\/2025\/07\/4-3-800x800.jpg 800w, https:\/\/lirolight.com\/wp-content\/uploads\/2025\/07\/4-3-40x40.jpg 40w, https:\/\/lirolight.com\/wp-content\/uploads\/2025\/07\/4-3.jpg 1500w\" data-sizes=\"(max-width: 1024px) 100vw, 1024px\" src=\"data:image\/gif;base64,R0lGODlhAQABAAAAACH5BAEKAAEALAAAAAABAAEAAAICTAEAOw==\" style=\"--smush-placeholder-width: 1024px; --smush-placeholder-aspect-ratio: 1024\/1024;\" \/><noscript><img loading=\"lazy\" decoding=\"async\" width=\"1024\" height=\"1024\" src=\"https:\/\/lirolight.com\/wp-content\/uploads\/2025\/07\/4-3-1024x1024.jpg\" alt=\"\" class=\"wp-image-8613\" srcset=\"https:\/\/lirolight.com\/wp-content\/uploads\/2025\/07\/4-3-1024x1024.jpg 1024w, https:\/\/lirolight.com\/wp-content\/uploads\/2025\/07\/4-3-300x300.jpg 300w, https:\/\/lirolight.com\/wp-content\/uploads\/2025\/07\/4-3-150x150.jpg 150w, https:\/\/lirolight.com\/wp-content\/uploads\/2025\/07\/4-3-768x768.jpg 768w, https:\/\/lirolight.com\/wp-content\/uploads\/2025\/07\/4-3-12x12.jpg 12w, https:\/\/lirolight.com\/wp-content\/uploads\/2025\/07\/4-3-990x990.jpg 990w, https:\/\/lirolight.com\/wp-content\/uploads\/2025\/07\/4-3-441x441.jpg 441w, https:\/\/lirolight.com\/wp-content\/uploads\/2025\/07\/4-3-100x100.jpg 100w, https:\/\/lirolight.com\/wp-content\/uploads\/2025\/07\/4-3-800x800.jpg 800w, https:\/\/lirolight.com\/wp-content\/uploads\/2025\/07\/4-3-40x40.jpg 40w, https:\/\/lirolight.com\/wp-content\/uploads\/2025\/07\/4-3.jpg 1500w\" sizes=\"(max-width: 1024px) 100vw, 1024px\" \/><\/noscript><\/figure>\n<\/div>\n<\/div>\n\n\n\n<figure class=\"wp-block-image size-full is-resized\"><img loading=\"lazy\" decoding=\"async\" width=\"2092\" height=\"661\" data-src=\"https:\/\/lirolight.com\/wp-content\/uploads\/2025\/07\/1744619893130.png\" alt=\"\" class=\"wp-image-8614 lazyload\" style=\"--smush-placeholder-width: 2092px; --smush-placeholder-aspect-ratio: 2092\/661;width:900px;height:auto\" data-srcset=\"https:\/\/lirolight.com\/wp-content\/uploads\/2025\/07\/1744619893130.png 2092w, https:\/\/lirolight.com\/wp-content\/uploads\/2025\/07\/1744619893130-300x95.png 300w, https:\/\/lirolight.com\/wp-content\/uploads\/2025\/07\/1744619893130-1024x324.png 1024w, https:\/\/lirolight.com\/wp-content\/uploads\/2025\/07\/1744619893130-768x243.png 768w, https:\/\/lirolight.com\/wp-content\/uploads\/2025\/07\/1744619893130-1536x485.png 1536w, https:\/\/lirolight.com\/wp-content\/uploads\/2025\/07\/1744619893130-2048x647.png 2048w, https:\/\/lirolight.com\/wp-content\/uploads\/2025\/07\/1744619893130-18x6.png 18w, https:\/\/lirolight.com\/wp-content\/uploads\/2025\/07\/1744619893130-990x313.png 990w, https:\/\/lirolight.com\/wp-content\/uploads\/2025\/07\/1744619893130-441x139.png 441w, https:\/\/lirolight.com\/wp-content\/uploads\/2025\/07\/1744619893130-800x253.png 800w, https:\/\/lirolight.com\/wp-content\/uploads\/2025\/07\/1744619893130-150x47.png 150w, https:\/\/lirolight.com\/wp-content\/uploads\/2025\/07\/1744619893130-60x19.png 60w\" data-sizes=\"(max-width: 2092px) 100vw, 2092px\" src=\"data:image\/gif;base64,R0lGODlhAQABAAAAACH5BAEKAAEALAAAAAABAAEAAAICTAEAOw==\" \/><noscript><img loading=\"lazy\" decoding=\"async\" width=\"2092\" height=\"661\" src=\"https:\/\/lirolight.com\/wp-content\/uploads\/2025\/07\/1744619893130.png\" alt=\"\" class=\"wp-image-8614\" style=\"width:900px;height:auto\" srcset=\"https:\/\/lirolight.com\/wp-content\/uploads\/2025\/07\/1744619893130.png 2092w, https:\/\/lirolight.com\/wp-content\/uploads\/2025\/07\/1744619893130-300x95.png 300w, https:\/\/lirolight.com\/wp-content\/uploads\/2025\/07\/1744619893130-1024x324.png 1024w, https:\/\/lirolight.com\/wp-content\/uploads\/2025\/07\/1744619893130-768x243.png 768w, https:\/\/lirolight.com\/wp-content\/uploads\/2025\/07\/1744619893130-1536x485.png 1536w, https:\/\/lirolight.com\/wp-content\/uploads\/2025\/07\/1744619893130-2048x647.png 2048w, https:\/\/lirolight.com\/wp-content\/uploads\/2025\/07\/1744619893130-18x6.png 18w, https:\/\/lirolight.com\/wp-content\/uploads\/2025\/07\/1744619893130-990x313.png 990w, https:\/\/lirolight.com\/wp-content\/uploads\/2025\/07\/1744619893130-441x139.png 441w, https:\/\/lirolight.com\/wp-content\/uploads\/2025\/07\/1744619893130-800x253.png 800w, https:\/\/lirolight.com\/wp-content\/uploads\/2025\/07\/1744619893130-150x47.png 150w, https:\/\/lirolight.com\/wp-content\/uploads\/2025\/07\/1744619893130-60x19.png 60w\" sizes=\"(max-width: 2092px) 100vw, 2092px\" \/><\/noscript><\/figure>\n\n\n\n<h2 class=\"wp-block-heading\"><font style=\"vertical-align: inherit;\"><font style=\"vertical-align: inherit;\">Sp\u00e9cification\uff1a<\/font><\/font><\/h2>\n\n\n\n<p><strong>Sp\u00e9cification de la source lumineuse : Module LED 1000W<\/strong><br>Dur\u00e9e de vie de la source lumineuse : 20000 heures<br><strong>Angle de zoom : zoom lin\u00e9aire \u00e9lectronique 5-50 degr\u00e9s<\/strong><br>Indice de rendu des couleurs : mode d'affichage r\u00e9glable, mode standard Ra &gt;70, mode d'affichage \u00e9lev\u00e9 &gt;90<br>Syst\u00e8me de m\u00e9lange des couleurs : Syst\u00e8me ind\u00e9pendant de m\u00e9lange des couleurs CMJ<br>R\u00e9glage de la temp\u00e9rature de couleur : Correction de la temp\u00e9rature de couleur CTO (7200-3200K)<br>Temp\u00e9rature de couleur de la source lumineuse : 7000K<br><strong>Plaque de couleur : 4 couleurs + arc-en-ciel<br>Gobo fixe : 9 gobos fixes + blanc, qui peuvent changer de vitesse et d'agitation.<br>Gobo rotatif : 6 gobos optionnels (enfichables), vitesse variable, jitter et rotation dans les deux sens<br>Plateau d'effets : Simulation super \u00e9blouissante de flammes dynamiques, de gargouillis d'eau et d'autres effets dynamiques<\/strong><br>Prisme : 4 prismes \u00e0 facettes, rotation bidirectionnelle ind\u00e9pendante possible<br>Pan\/Tilt : 540\u00b0\/270\u00b0, retour automatique et r\u00e9glage pr\u00e9cis sur 16 bits<br><strong>Syst\u00e8me de coupe : 4 pi\u00e8ces de coupe ind\u00e9pendantes, chaque pi\u00e8ce peut \u00eatre ferm\u00e9e individuellement, peut \u00eatre tourn\u00e9e de 90\u00b0.<\/strong><br>Gradation : 0-100% r\u00e9glage lin\u00e9aire<br>Stroboscope : Stroboscopie \u00e9lectronique rapide 0-25Hz<br>Givrage : 1 givrage ind\u00e9pendant, 0-100% atomisation lin\u00e9aire, spot lumineux naturel doux<br>Tension d'entr\u00e9e : AC90V-240V \/50Hz-60Hz<br>Mode canal : 39CH<br>Protocole de contr\u00f4le : Protocole standard DMX512<br>Interface de signal : Entr\u00e9e\/sortie de signal XLR \u00e0 3 fils + 5 fils<br>Mode d'affichage : \u00c9cran tactile LCD, possibilit\u00e9 d'inverser l'affichage \u00e0 180<br>Mise en veille pour \u00e9conomiser l'\u00e9nergie : Entre automatiquement en \u00e9tat de veille lorsque le signal est d\u00e9connect\u00e9, ce qui est s\u00fbr et permet d'\u00e9conomiser de l'\u00e9nergie.<br>Mise \u00e0 jour du logiciel : le logiciel peut \u00eatre mis \u00e0 jour via le c\u00e2ble de signal DMX<br>Syst\u00e8me de refroidissement : syst\u00e8me de refroidissement efficace, ventilateur \u00e0 vitesse intelligente, capteur de temp\u00e9rature int\u00e9gr\u00e9, syst\u00e8me de refroidissement automatique.<br>Aspect du produit : retardateur de flamme, r\u00e9sistance aux temp\u00e9ratures \u00e9lev\u00e9es, avec pinces pliantes.<br>Poids net : 34KG<br>Taille du produit : 42.6x<em>28.9<\/em>x75.1CM<br>Niveau de protection : IP20<\/p>\n\n\n\n<h2 class=\"wp-block-heading\">Param\u00e8tre :<\/h2>\n\n\n\n<figure class=\"wp-block-table\"><table class=\"has-fixed-layout\"><tbody><tr><td>Source lumineuse<\/td><td><strong><strong>Module LED 1000w<\/strong><\/strong><\/td><\/tr><tr><td>Tension d'entr\u00e9e (V)<\/td><td>AC 100-240V, 50\/60Hz<\/td><\/tr><tr><td>Indice IP<\/td><td>IP20<\/td><\/tr><tr><td>Angle de zoom<\/td><td>zoom lin\u00e9aire \u00e9lectronique 5-50 degr\u00e9s<\/td><\/tr><tr><td>Roue des couleurs<\/td><td><strong><strong>4 couleurs+arc-en-ciel<\/strong><\/strong><\/td><\/tr><tr><td>Roue de gobos fixes<\/td><td><strong><strong><strong>9 gobos fixes + blanc, qui peuvent changer de vitesse et d'agitation<\/strong><\/strong><\/strong><\/td><\/tr><tr><td>Roue de gobos de rotation<\/td><td><strong><strong><strong>6 gobos optionnels (enfichables), vitesse variable et rotation bidirectionnelle<\/strong><\/strong><\/strong><\/td><\/tr><tr><td>Syst\u00e8me de coupe<\/td><td><strong>4 pi\u00e8ces de coupe ind\u00e9pendantes, chaque pi\u00e8ce peut \u00eatre ferm\u00e9e individuellement, la lumi\u00e8re peut \u00eatre tourn\u00e9e de 90\u00b0.<\/strong><\/td><\/tr><tr><td>Prisme<\/td><td><strong><strong>Prismes \u00e0 4 facettes, rotation bidirectionnelle ind\u00e9pendante<\/strong><\/strong><\/td><\/tr><tr><td>Mode de contr\u00f4le<\/td><td>DMX512\/Ma\u00eetre-Esclave\/Auto Run\/RDM\/Manuel<\/td><\/tr><tr><td>Garantie<\/td><td>2 ans<\/td><\/tr><tr><td>Service OEM&amp;ODM<\/td><td>24 heures en ligneSi vous avez des questions sur le produit, n'h\u00e9sitez pas \u00e0 nous contacter \u00e0 tout moment.<\/td><\/tr><tr><td>Capacit\u00e9 du projet<\/td><td>Nous avons plus de 500 ans d'exp\u00e9rience dans l'ing\u00e9nierie de projets \u00e0 l'\u00e9tranger.<\/td><\/tr><tr><td>Paquet<\/td><td>Carton et flight case disponibles<\/td><\/tr><tr><td>GW<\/td><td>34KG<\/td><\/tr><\/tbody><\/table><\/figure>\n\n\n\n<h2 class=\"wp-block-heading\">Sc\u00e9narios d'application :<\/h2>\n\n\n\n<p>Il convient aux th\u00e9\u00e2tres, aux repr\u00e9sentations sc\u00e9niques, aux grands concerts, aux studios de t\u00e9l\u00e9vision, \u00e0 l'\u00e9clairage de grands \u00e9v\u00e9nements et \u00e0 d'autres lieux qui n\u00e9cessitent des effets d'\u00e9clairage dynamiques et changeants.<\/p>\n\n\n\n<h2 class=\"wp-block-heading\">Lien vid\u00e9o :<\/h2>\n\n\n\n<figure class=\"wp-block-embed is-type-video is-provider-youtube wp-block-embed-youtube wp-embed-aspect-16-9 wp-has-aspect-ratio\"><div class=\"wp-block-embed__wrapper\">\n<div class=\"video-container\"><iframe title=\"1000 LED Frame Light demo video #LIRO-LITE #ledmovingheadlight  #1000LEDFrame #stagelight\" width=\"1170\" height=\"658\" data-src=\"https:\/\/www.youtube.com\/embed\/iejNdnyK9cc?feature=oembed\" frameborder=\"0\" allow=\"accelerometer; autoplay; clipboard-write; encrypted-media; gyroscope; picture-in-picture; web-share\" referrerpolicy=\"strict-origin-when-cross-origin\" allowfullscreen src=\"data:image\/gif;base64,R0lGODlhAQABAAAAACH5BAEKAAEALAAAAAABAAEAAAICTAEAOw==\" class=\"lazyload\" data-load-mode=\"1\"><\/iframe><\/div>\n<\/div><\/figure>\n\n\n\n<p><\/p>","protected":false},"excerpt":{"rendered":"<p>LiRO-LITE 1000W Frame utilise une source lumineuse \u00e0 module LED, un \u00e9clairage de sc\u00e8ne polyvalent 4-en-1 combinant les fonctionnalit\u00e9s de faisceau, spot, wash et cadrage. Elle est dot\u00e9e d'un zoom lin\u00e9aire \u00e9lectronique de 5,5\u00b0 \u00e0 50\u00b0, d'un m\u00e9lange de couleurs CMY+CTO et de deux roues pour les effets de couleur et d'arc-en-ciel. Equip\u00e9 de 2 roues de gobos, d'un obturateur \u00e0 4 lames avec mouvement ind\u00e9pendant et d'une roue d'effets dynamiques. Le prisme \u00e0 4 facettes am\u00e9liore la polyvalence. Id\u00e9ale pour les performances sc\u00e9niques, cette lumi\u00e8re offre des visuels \u00e9poustouflants et un contr\u00f4le pr\u00e9cis, garantissant que votre spectacle se d\u00e9marque par des couleurs vibrantes et des motifs dynamiques. \u00c9levez votre performance avec cette solution d'\u00e9clairage puissante et flexible.<\/p>\n<p>&nbsp;<\/p>\n<blockquote><p>\u00a0<\/p><\/blockquote>\n<p>&nbsp;<\/p>","protected":false},"featured_media":8610,"comment_status":"open","ping_status":"closed","template":"","meta":[],"product_brand":[],"product_cat":[61],"product_tag":[166,167,168,159,107,115,157,160],"class_list":{"0":"post-8609","1":"product","2":"type-product","3":"status-publish","4":"has-post-thumbnail","6":"product_cat-beam-bsw-moving-head-light","7":"product_tag-bswf4in1movingheadlight","8":"product_tag-bswfcuttinglight","9":"product_tag-bswfmovinghead","10":"product_tag-ledmovingheadlights","11":"product_tag-movinghead","12":"product_tag-movingheadlights","13":"product_tag-spotmovingheadlight","14":"product_tag-stagelights","16":"first","17":"instock","18":"shipping-taxable","19":"product-type-simple"},"_links":{"self":[{"href":"https:\/\/lirolight.com\/fr\/wp-json\/wp\/v2\/product\/8609","targetHints":{"allow":["GET"]}}],"collection":[{"href":"https:\/\/lirolight.com\/fr\/wp-json\/wp\/v2\/product"}],"about":[{"href":"https:\/\/lirolight.com\/fr\/wp-json\/wp\/v2\/types\/product"}],"replies":[{"embeddable":true,"href":"https:\/\/lirolight.com\/fr\/wp-json\/wp\/v2\/comments?post=8609"}],"version-history":[{"count":5,"href":"https:\/\/lirolight.com\/fr\/wp-json\/wp\/v2\/product\/8609\/revisions"}],"predecessor-version":[{"id":10622,"href":"https:\/\/lirolight.com\/fr\/wp-json\/wp\/v2\/product\/8609\/revisions\/10622"}],"wp:featuredmedia":[{"embeddable":true,"href":"https:\/\/lirolight.com\/fr\/wp-json\/wp\/v2\/media\/8610"}],"wp:attachment":[{"href":"https:\/\/lirolight.com\/fr\/wp-json\/wp\/v2\/media?parent=8609"}],"wp:term":[{"taxonomy":"product_brand","embeddable":true,"href":"https:\/\/lirolight.com\/fr\/wp-json\/wp\/v2\/product_brand?post=8609"},{"taxonomy":"product_cat","embeddable":true,"href":"https:\/\/lirolight.com\/fr\/wp-json\/wp\/v2\/product_cat?post=8609"},{"taxonomy":"product_tag","embeddable":true,"href":"https:\/\/lirolight.com\/fr\/wp-json\/wp\/v2\/product_tag?post=8609"}],"curies":[{"name":"wp","href":"https:\/\/api.w.org\/{rel}","templated":true}]}}