{"id":8617,"date":"2025-07-22T07:55:49","date_gmt":"2025-07-22T07:55:49","guid":{"rendered":"https:\/\/lirolight.com\/?post_type=product&#038;p=8617"},"modified":"2026-01-14T06:46:09","modified_gmt":"2026-01-14T06:46:09","slug":"liro-lite-bulb-beam-light-300w-moving-head-light-dmx512-sharpy-beam-nightclub-stage-lighting-for-wedding-concert","status":"publish","type":"product","link":"https:\/\/lirolight.com\/fr\/produit\/liro-lite-bulb-beam-light-300w-moving-head-light-dmx512-sharpy-beam-nightclub-stage-lighting-for-wedding-concert\/","title":{"rendered":"LiRO-LITE Bulb Beam Light 300W Moving Head Light DMX512 Sharpy Beam Nightclub Stage Lighting for Wedding Concert"},"content":{"rendered":"<h2 class=\"wp-block-heading\"><strong><mark style=\"background-color:#000000\" class=\"has-inline-color has-white-color\">LR-BEAM 300<\/mark><\/strong><\/h2>\n\n\n\n<hr class=\"wp-block-separator has-alpha-channel-opacity\"\/>\n\n\n\n<h2 class=\"wp-block-heading\"><strong>Photos<\/strong>:<\/h2>\n\n\n\n<div class=\"wp-block-columns is-layout-flex wp-container-core-columns-is-layout-28f84493 wp-block-columns-is-layout-flex\">\n<div class=\"wp-block-column is-layout-flow wp-block-column-is-layout-flow\">\n<figure class=\"wp-block-image size-full\"><img fetchpriority=\"high\" decoding=\"async\" width=\"2000\" height=\"2000\" src=\"https:\/\/lirolight.com\/wp-content\/uploads\/2025\/07\/\u5fae\u4fe1\u56fe\u7247_20250723162456.jpg\" alt=\"\" class=\"wp-image-8705\" srcset=\"https:\/\/lirolight.com\/wp-content\/uploads\/2025\/07\/\u5fae\u4fe1\u56fe\u7247_20250723162456.jpg 2000w, https:\/\/lirolight.com\/wp-content\/uploads\/2025\/07\/\u5fae\u4fe1\u56fe\u7247_20250723162456-300x300.jpg 300w, https:\/\/lirolight.com\/wp-content\/uploads\/2025\/07\/\u5fae\u4fe1\u56fe\u7247_20250723162456-1024x1024.jpg 1024w, https:\/\/lirolight.com\/wp-content\/uploads\/2025\/07\/\u5fae\u4fe1\u56fe\u7247_20250723162456-150x150.jpg 150w, https:\/\/lirolight.com\/wp-content\/uploads\/2025\/07\/\u5fae\u4fe1\u56fe\u7247_20250723162456-768x768.jpg 768w, https:\/\/lirolight.com\/wp-content\/uploads\/2025\/07\/\u5fae\u4fe1\u56fe\u7247_20250723162456-1536x1536.jpg 1536w, https:\/\/lirolight.com\/wp-content\/uploads\/2025\/07\/\u5fae\u4fe1\u56fe\u7247_20250723162456-12x12.jpg 12w, https:\/\/lirolight.com\/wp-content\/uploads\/2025\/07\/\u5fae\u4fe1\u56fe\u7247_20250723162456-990x990.jpg 990w, https:\/\/lirolight.com\/wp-content\/uploads\/2025\/07\/\u5fae\u4fe1\u56fe\u7247_20250723162456-441x441.jpg 441w, https:\/\/lirolight.com\/wp-content\/uploads\/2025\/07\/\u5fae\u4fe1\u56fe\u7247_20250723162456-100x100.jpg 100w, https:\/\/lirolight.com\/wp-content\/uploads\/2025\/07\/\u5fae\u4fe1\u56fe\u7247_20250723162456-800x800.jpg 800w, https:\/\/lirolight.com\/wp-content\/uploads\/2025\/07\/\u5fae\u4fe1\u56fe\u7247_20250723162456-40x40.jpg 40w\" sizes=\"(max-width: 2000px) 100vw, 2000px\" \/><\/figure>\n<\/div>\n\n\n\n<div class=\"wp-block-column is-layout-flow wp-block-column-is-layout-flow\">\n<figure class=\"wp-block-image size-full\"><img decoding=\"async\" width=\"2000\" height=\"2000\" data-src=\"https:\/\/lirolight.com\/wp-content\/uploads\/2025\/07\/3-9.jpg\" alt=\"\" class=\"wp-image-8708 lazyload\" data-srcset=\"https:\/\/lirolight.com\/wp-content\/uploads\/2025\/07\/3-9.jpg 2000w, https:\/\/lirolight.com\/wp-content\/uploads\/2025\/07\/3-9-300x300.jpg 300w, https:\/\/lirolight.com\/wp-content\/uploads\/2025\/07\/3-9-1024x1024.jpg 1024w, https:\/\/lirolight.com\/wp-content\/uploads\/2025\/07\/3-9-150x150.jpg 150w, https:\/\/lirolight.com\/wp-content\/uploads\/2025\/07\/3-9-768x768.jpg 768w, https:\/\/lirolight.com\/wp-content\/uploads\/2025\/07\/3-9-1536x1536.jpg 1536w, https:\/\/lirolight.com\/wp-content\/uploads\/2025\/07\/3-9-12x12.jpg 12w, https:\/\/lirolight.com\/wp-content\/uploads\/2025\/07\/3-9-990x990.jpg 990w, https:\/\/lirolight.com\/wp-content\/uploads\/2025\/07\/3-9-441x441.jpg 441w, https:\/\/lirolight.com\/wp-content\/uploads\/2025\/07\/3-9-100x100.jpg 100w, https:\/\/lirolight.com\/wp-content\/uploads\/2025\/07\/3-9-800x800.jpg 800w, https:\/\/lirolight.com\/wp-content\/uploads\/2025\/07\/3-9-40x40.jpg 40w\" data-sizes=\"(max-width: 2000px) 100vw, 2000px\" src=\"data:image\/gif;base64,R0lGODlhAQABAAAAACH5BAEKAAEALAAAAAABAAEAAAICTAEAOw==\" style=\"--smush-placeholder-width: 2000px; --smush-placeholder-aspect-ratio: 2000\/2000;\" \/><noscript><img decoding=\"async\" width=\"2000\" height=\"2000\" src=\"https:\/\/lirolight.com\/wp-content\/uploads\/2025\/07\/3-9.jpg\" alt=\"\" class=\"wp-image-8708\" srcset=\"https:\/\/lirolight.com\/wp-content\/uploads\/2025\/07\/3-9.jpg 2000w, https:\/\/lirolight.com\/wp-content\/uploads\/2025\/07\/3-9-300x300.jpg 300w, https:\/\/lirolight.com\/wp-content\/uploads\/2025\/07\/3-9-1024x1024.jpg 1024w, https:\/\/lirolight.com\/wp-content\/uploads\/2025\/07\/3-9-150x150.jpg 150w, https:\/\/lirolight.com\/wp-content\/uploads\/2025\/07\/3-9-768x768.jpg 768w, https:\/\/lirolight.com\/wp-content\/uploads\/2025\/07\/3-9-1536x1536.jpg 1536w, https:\/\/lirolight.com\/wp-content\/uploads\/2025\/07\/3-9-12x12.jpg 12w, https:\/\/lirolight.com\/wp-content\/uploads\/2025\/07\/3-9-990x990.jpg 990w, https:\/\/lirolight.com\/wp-content\/uploads\/2025\/07\/3-9-441x441.jpg 441w, https:\/\/lirolight.com\/wp-content\/uploads\/2025\/07\/3-9-100x100.jpg 100w, https:\/\/lirolight.com\/wp-content\/uploads\/2025\/07\/3-9-800x800.jpg 800w, https:\/\/lirolight.com\/wp-content\/uploads\/2025\/07\/3-9-40x40.jpg 40w\" sizes=\"(max-width: 2000px) 100vw, 2000px\" \/><\/noscript><\/figure>\n<\/div>\n<\/div>\n\n\n\n<div class=\"wp-block-columns is-layout-flex wp-container-core-columns-is-layout-28f84493 wp-block-columns-is-layout-flex\">\n<div class=\"wp-block-column is-layout-flow wp-block-column-is-layout-flow\">\n<figure class=\"wp-block-image size-full\"><img decoding=\"async\" width=\"2000\" height=\"2000\" data-src=\"https:\/\/lirolight.com\/wp-content\/uploads\/2025\/07\/b300-4.jpg\" alt=\"\" class=\"wp-image-8715 lazyload\" data-srcset=\"https:\/\/lirolight.com\/wp-content\/uploads\/2025\/07\/b300-4.jpg 2000w, https:\/\/lirolight.com\/wp-content\/uploads\/2025\/07\/b300-4-300x300.jpg 300w, https:\/\/lirolight.com\/wp-content\/uploads\/2025\/07\/b300-4-1024x1024.jpg 1024w, https:\/\/lirolight.com\/wp-content\/uploads\/2025\/07\/b300-4-150x150.jpg 150w, https:\/\/lirolight.com\/wp-content\/uploads\/2025\/07\/b300-4-768x768.jpg 768w, https:\/\/lirolight.com\/wp-content\/uploads\/2025\/07\/b300-4-1536x1536.jpg 1536w, https:\/\/lirolight.com\/wp-content\/uploads\/2025\/07\/b300-4-12x12.jpg 12w, https:\/\/lirolight.com\/wp-content\/uploads\/2025\/07\/b300-4-990x990.jpg 990w, https:\/\/lirolight.com\/wp-content\/uploads\/2025\/07\/b300-4-441x441.jpg 441w, https:\/\/lirolight.com\/wp-content\/uploads\/2025\/07\/b300-4-100x100.jpg 100w, https:\/\/lirolight.com\/wp-content\/uploads\/2025\/07\/b300-4-800x800.jpg 800w, https:\/\/lirolight.com\/wp-content\/uploads\/2025\/07\/b300-4-40x40.jpg 40w\" data-sizes=\"(max-width: 2000px) 100vw, 2000px\" src=\"data:image\/gif;base64,R0lGODlhAQABAAAAACH5BAEKAAEALAAAAAABAAEAAAICTAEAOw==\" style=\"--smush-placeholder-width: 2000px; --smush-placeholder-aspect-ratio: 2000\/2000;\" \/><noscript><img decoding=\"async\" width=\"2000\" height=\"2000\" src=\"https:\/\/lirolight.com\/wp-content\/uploads\/2025\/07\/b300-4.jpg\" alt=\"\" class=\"wp-image-8715\" srcset=\"https:\/\/lirolight.com\/wp-content\/uploads\/2025\/07\/b300-4.jpg 2000w, https:\/\/lirolight.com\/wp-content\/uploads\/2025\/07\/b300-4-300x300.jpg 300w, https:\/\/lirolight.com\/wp-content\/uploads\/2025\/07\/b300-4-1024x1024.jpg 1024w, https:\/\/lirolight.com\/wp-content\/uploads\/2025\/07\/b300-4-150x150.jpg 150w, https:\/\/lirolight.com\/wp-content\/uploads\/2025\/07\/b300-4-768x768.jpg 768w, https:\/\/lirolight.com\/wp-content\/uploads\/2025\/07\/b300-4-1536x1536.jpg 1536w, https:\/\/lirolight.com\/wp-content\/uploads\/2025\/07\/b300-4-12x12.jpg 12w, https:\/\/lirolight.com\/wp-content\/uploads\/2025\/07\/b300-4-990x990.jpg 990w, https:\/\/lirolight.com\/wp-content\/uploads\/2025\/07\/b300-4-441x441.jpg 441w, https:\/\/lirolight.com\/wp-content\/uploads\/2025\/07\/b300-4-100x100.jpg 100w, https:\/\/lirolight.com\/wp-content\/uploads\/2025\/07\/b300-4-800x800.jpg 800w, https:\/\/lirolight.com\/wp-content\/uploads\/2025\/07\/b300-4-40x40.jpg 40w\" sizes=\"(max-width: 2000px) 100vw, 2000px\" \/><\/noscript><\/figure>\n<\/div>\n\n\n\n<div class=\"wp-block-column is-layout-flow wp-block-column-is-layout-flow\">\n<figure class=\"wp-block-image size-full\"><img loading=\"lazy\" decoding=\"async\" width=\"2000\" height=\"2000\" data-src=\"https:\/\/lirolight.com\/wp-content\/uploads\/2025\/07\/b300-6.jpg\" alt=\"\" class=\"wp-image-8719 lazyload\" data-srcset=\"https:\/\/lirolight.com\/wp-content\/uploads\/2025\/07\/b300-6.jpg 2000w, https:\/\/lirolight.com\/wp-content\/uploads\/2025\/07\/b300-6-300x300.jpg 300w, https:\/\/lirolight.com\/wp-content\/uploads\/2025\/07\/b300-6-1024x1024.jpg 1024w, https:\/\/lirolight.com\/wp-content\/uploads\/2025\/07\/b300-6-150x150.jpg 150w, https:\/\/lirolight.com\/wp-content\/uploads\/2025\/07\/b300-6-768x768.jpg 768w, https:\/\/lirolight.com\/wp-content\/uploads\/2025\/07\/b300-6-1536x1536.jpg 1536w, https:\/\/lirolight.com\/wp-content\/uploads\/2025\/07\/b300-6-12x12.jpg 12w, https:\/\/lirolight.com\/wp-content\/uploads\/2025\/07\/b300-6-990x990.jpg 990w, https:\/\/lirolight.com\/wp-content\/uploads\/2025\/07\/b300-6-441x441.jpg 441w, https:\/\/lirolight.com\/wp-content\/uploads\/2025\/07\/b300-6-100x100.jpg 100w, https:\/\/lirolight.com\/wp-content\/uploads\/2025\/07\/b300-6-800x800.jpg 800w, https:\/\/lirolight.com\/wp-content\/uploads\/2025\/07\/b300-6-40x40.jpg 40w\" data-sizes=\"(max-width: 2000px) 100vw, 2000px\" src=\"data:image\/gif;base64,R0lGODlhAQABAAAAACH5BAEKAAEALAAAAAABAAEAAAICTAEAOw==\" style=\"--smush-placeholder-width: 2000px; --smush-placeholder-aspect-ratio: 2000\/2000;\" \/><noscript><img loading=\"lazy\" decoding=\"async\" width=\"2000\" height=\"2000\" src=\"https:\/\/lirolight.com\/wp-content\/uploads\/2025\/07\/b300-6.jpg\" alt=\"\" class=\"wp-image-8719\" srcset=\"https:\/\/lirolight.com\/wp-content\/uploads\/2025\/07\/b300-6.jpg 2000w, https:\/\/lirolight.com\/wp-content\/uploads\/2025\/07\/b300-6-300x300.jpg 300w, https:\/\/lirolight.com\/wp-content\/uploads\/2025\/07\/b300-6-1024x1024.jpg 1024w, https:\/\/lirolight.com\/wp-content\/uploads\/2025\/07\/b300-6-150x150.jpg 150w, https:\/\/lirolight.com\/wp-content\/uploads\/2025\/07\/b300-6-768x768.jpg 768w, https:\/\/lirolight.com\/wp-content\/uploads\/2025\/07\/b300-6-1536x1536.jpg 1536w, https:\/\/lirolight.com\/wp-content\/uploads\/2025\/07\/b300-6-12x12.jpg 12w, https:\/\/lirolight.com\/wp-content\/uploads\/2025\/07\/b300-6-990x990.jpg 990w, https:\/\/lirolight.com\/wp-content\/uploads\/2025\/07\/b300-6-441x441.jpg 441w, https:\/\/lirolight.com\/wp-content\/uploads\/2025\/07\/b300-6-100x100.jpg 100w, https:\/\/lirolight.com\/wp-content\/uploads\/2025\/07\/b300-6-800x800.jpg 800w, https:\/\/lirolight.com\/wp-content\/uploads\/2025\/07\/b300-6-40x40.jpg 40w\" sizes=\"(max-width: 2000px) 100vw, 2000px\" \/><\/noscript><\/figure>\n<\/div>\n<\/div>\n\n\n\n<h2 class=\"wp-block-heading\"><font style=\"vertical-align: inherit;\"><font style=\"vertical-align: inherit;\">Sp\u00e9cification\uff1a<\/font><\/font><\/h2>\n\n\n\n<p>Tension : 110-240V, 50\/60Hz<br><strong>Lampe : Lampe originale MSD Sliver 300w<\/strong><br>Puissance : 450W (alimentation conforme aux normes CE et ISO9000)<br><strong>Canal : 16\/20 canaux<\/strong><br>Pan : 540\u00b0 (balayage 16 bits) correction \u00e9lectronique<br>Inclinaison : 250\u00b0 (balayage 16 bits) correction \u00e9lectronique<br><strong>Roue des couleurs : 14 couleurs + lumi\u00e8re blanche, avec effet d'arc-en-ciel rotatif, une roue de six couleurs, effet d'arc-en-ciel<br>Roue de gobos : 17 gobos + blanc, avec rotation et secousses<\/strong><br>Strobe : jusqu'\u00e0 13 fois par seconde, avec fonction al\u00e9atoire ou impulsionnelle<br>Gradation :0-100% lin\u00e9aire<br><strong>Prisme : Effet de prisme, un prisme de 16, un prisme de 48, les prismes peuvent \u00eatre s\u00e9lectionn\u00e9s.<\/strong><br>Givre : 0-100% lin\u00e9aire<br>Focus \u00e9lectronique<br>Fonction sp\u00e9ciale :<br>L'arr\u00eat de l'obturateur pendant 5 secondes r\u00e9duit automatiquement la puissance de la lampe 35% afin de prolonger la dur\u00e9e de vie de la lampe.<br>Vitesse du ventilateur inf\u00e9rieure \u00e0 500RPM, la lampe s'\u00e9teint pour prot\u00e9ger le ventilateur.<br>Classe IP : IP20<br>Protection contre la surchauffe<br>Taille de la lampe : 32.1\u00d723.6\u00d753.8cm<br>POIDS NET : 15KG<\/p>\n\n\n\n<h2 class=\"wp-block-heading\">Param\u00e8tre :<\/h2>\n\n\n\n<figure class=\"wp-block-table\"><table class=\"has-fixed-layout\"><tbody><tr><td>Source lumineuse<\/td><td><strong><strong><strong>Lampe originale MSD Sliver 300w<\/strong><\/strong><\/strong><\/td><\/tr><tr><td>Tension d'entr\u00e9e (V)<\/td><td>110-240V, 50\/60Hz<\/td><\/tr><tr><td>Indice IP<\/td><td>IP20<\/td><\/tr><tr><td>Roue des couleurs<\/td><td><strong><strong><strong>14 couleurs + lumi\u00e8re blanche, avec effet arc-en-ciel rotatif, roue \u00e0 six couleurs, effet arc-en-ciel<\/strong><\/strong><\/strong><\/td><\/tr><tr><td>Roue de gobos<\/td><td><strong>17 Gobo + blanc, avec rotation et tremblement<\/strong><\/td><\/tr><tr><td>Prisme<\/td><td><strong><strong><strong>Effet de prisme, un prisme de 16, un prisme de 48, les prismes peuvent \u00eatre s\u00e9lectionn\u00e9s.<\/strong><\/strong><\/strong><\/td><\/tr><tr><td>Mode de contr\u00f4le<\/td><td>DMX512\/Ma\u00eetre-Esclave\/Auto Run\/RDM\/Manuel<\/td><\/tr><tr><td>Garantie<\/td><td>2 ans<\/td><\/tr><tr><td>Service OEM&amp;ODM<\/td><td>24 heures en ligneSi vous avez des questions sur le produit, n'h\u00e9sitez pas \u00e0 nous contacter \u00e0 tout moment.<\/td><\/tr><tr><td>Capacit\u00e9 du projet<\/td><td>Nous avons plus de 500 ans d'exp\u00e9rience dans l'ing\u00e9nierie de projets \u00e0 l'\u00e9tranger.<\/td><\/tr><tr><td>Paquet<\/td><td>Carton et flight case disponibles<\/td><\/tr><tr><td>GW<\/td><td>15KG<\/td><\/tr><\/tbody><\/table><\/figure>\n\n\n\n<figure class=\"wp-block-image size-full is-resized\"><img loading=\"lazy\" decoding=\"async\" width=\"800\" height=\"374\" data-src=\"https:\/\/lirolight.com\/wp-content\/uploads\/2025\/07\/333-1.jpg\" alt=\"\" class=\"wp-image-8622 lazyload\" style=\"--smush-placeholder-width: 800px; --smush-placeholder-aspect-ratio: 800\/374;width:900px;height:auto\" data-srcset=\"https:\/\/lirolight.com\/wp-content\/uploads\/2025\/07\/333-1.jpg 800w, https:\/\/lirolight.com\/wp-content\/uploads\/2025\/07\/333-1-300x140.jpg 300w, https:\/\/lirolight.com\/wp-content\/uploads\/2025\/07\/333-1-768x359.jpg 768w, https:\/\/lirolight.com\/wp-content\/uploads\/2025\/07\/333-1-18x8.jpg 18w, https:\/\/lirolight.com\/wp-content\/uploads\/2025\/07\/333-1-441x206.jpg 441w, https:\/\/lirolight.com\/wp-content\/uploads\/2025\/07\/333-1-150x70.jpg 150w, https:\/\/lirolight.com\/wp-content\/uploads\/2025\/07\/333-1-60x28.jpg 60w\" data-sizes=\"(max-width: 800px) 100vw, 800px\" src=\"data:image\/gif;base64,R0lGODlhAQABAAAAACH5BAEKAAEALAAAAAABAAEAAAICTAEAOw==\" \/><noscript><img loading=\"lazy\" decoding=\"async\" width=\"800\" height=\"374\" src=\"https:\/\/lirolight.com\/wp-content\/uploads\/2025\/07\/333-1.jpg\" alt=\"\" class=\"wp-image-8622\" style=\"width:900px;height:auto\" srcset=\"https:\/\/lirolight.com\/wp-content\/uploads\/2025\/07\/333-1.jpg 800w, https:\/\/lirolight.com\/wp-content\/uploads\/2025\/07\/333-1-300x140.jpg 300w, https:\/\/lirolight.com\/wp-content\/uploads\/2025\/07\/333-1-768x359.jpg 768w, https:\/\/lirolight.com\/wp-content\/uploads\/2025\/07\/333-1-18x8.jpg 18w, https:\/\/lirolight.com\/wp-content\/uploads\/2025\/07\/333-1-441x206.jpg 441w, https:\/\/lirolight.com\/wp-content\/uploads\/2025\/07\/333-1-150x70.jpg 150w, https:\/\/lirolight.com\/wp-content\/uploads\/2025\/07\/333-1-60x28.jpg 60w\" sizes=\"(max-width: 800px) 100vw, 800px\" \/><\/noscript><\/figure>\n\n\n\n<figure class=\"wp-block-image size-full is-resized\"><img loading=\"lazy\" decoding=\"async\" width=\"658\" height=\"465\" data-src=\"https:\/\/lirolight.com\/wp-content\/uploads\/2025\/07\/1703732980858.png\" alt=\"\" class=\"wp-image-8623 lazyload\" style=\"--smush-placeholder-width: 658px; --smush-placeholder-aspect-ratio: 658\/465;width:900px;height:auto\" data-srcset=\"https:\/\/lirolight.com\/wp-content\/uploads\/2025\/07\/1703732980858.png 658w, https:\/\/lirolight.com\/wp-content\/uploads\/2025\/07\/1703732980858-300x212.png 300w, https:\/\/lirolight.com\/wp-content\/uploads\/2025\/07\/1703732980858-18x12.png 18w, https:\/\/lirolight.com\/wp-content\/uploads\/2025\/07\/1703732980858-441x312.png 441w, https:\/\/lirolight.com\/wp-content\/uploads\/2025\/07\/1703732980858-150x106.png 150w, https:\/\/lirolight.com\/wp-content\/uploads\/2025\/07\/1703732980858-57x40.png 57w\" data-sizes=\"(max-width: 658px) 100vw, 658px\" src=\"data:image\/gif;base64,R0lGODlhAQABAAAAACH5BAEKAAEALAAAAAABAAEAAAICTAEAOw==\" \/><noscript><img loading=\"lazy\" decoding=\"async\" width=\"658\" height=\"465\" src=\"https:\/\/lirolight.com\/wp-content\/uploads\/2025\/07\/1703732980858.png\" alt=\"\" class=\"wp-image-8623\" style=\"width:900px;height:auto\" srcset=\"https:\/\/lirolight.com\/wp-content\/uploads\/2025\/07\/1703732980858.png 658w, https:\/\/lirolight.com\/wp-content\/uploads\/2025\/07\/1703732980858-300x212.png 300w, https:\/\/lirolight.com\/wp-content\/uploads\/2025\/07\/1703732980858-18x12.png 18w, https:\/\/lirolight.com\/wp-content\/uploads\/2025\/07\/1703732980858-441x312.png 441w, https:\/\/lirolight.com\/wp-content\/uploads\/2025\/07\/1703732980858-150x106.png 150w, https:\/\/lirolight.com\/wp-content\/uploads\/2025\/07\/1703732980858-57x40.png 57w\" sizes=\"(max-width: 658px) 100vw, 658px\" \/><\/noscript><\/figure>\n\n\n\n<h2 class=\"wp-block-heading\">Sc\u00e9narios d'application :<\/h2>\n\n\n\n<p>Il convient aux th\u00e9\u00e2tres, aux repr\u00e9sentations sc\u00e9niques, aux grands concerts, aux studios de t\u00e9l\u00e9vision, \u00e0 l'\u00e9clairage de grands \u00e9v\u00e9nements et \u00e0 d'autres lieux qui n\u00e9cessitent des effets d'\u00e9clairage dynamiques et changeants.<\/p>","protected":false},"excerpt":{"rendered":"<p>Le projecteur \u00e0 t\u00eate mobile Beam 300w est un appareil d'\u00e9clairage puissant ! Son utilisation d'une lampe originale Philips MSD Sliver 300w avec un angle de faisceau \u00e9troit de 2\u00b0 sugg\u00e8re que, sur les m\u00eames canaux que sharpy 7r 230, il est capable de fournir un \u00e9clairage pr\u00e9cis et intense, parfait pour cr\u00e9er des effets visuels dramatiques.<\/p>\n<p>&nbsp;<\/p>\n<blockquote><p>\u00a0<\/p><\/blockquote>\n<p>&nbsp;<\/p>","protected":false},"featured_media":8705,"comment_status":"open","ping_status":"closed","template":"","meta":[],"product_brand":[],"product_cat":[61],"product_tag":[169,152,170,107,115,172,160],"class_list":{"0":"post-8617","1":"product","2":"type-product","3":"status-publish","4":"has-post-thumbnail","6":"product_cat-beam-bsw-moving-head-light","7":"product_tag-beamlights","8":"product_tag-beammovingheadlight","9":"product_tag-beamstagelight","10":"product_tag-movinghead","11":"product_tag-movingheadlights","12":"product_tag-sharpybeamlight","13":"product_tag-stagelights","15":"first","16":"instock","17":"shipping-taxable","18":"product-type-simple"},"_links":{"self":[{"href":"https:\/\/lirolight.com\/fr\/wp-json\/wp\/v2\/product\/8617","targetHints":{"allow":["GET"]}}],"collection":[{"href":"https:\/\/lirolight.com\/fr\/wp-json\/wp\/v2\/product"}],"about":[{"href":"https:\/\/lirolight.com\/fr\/wp-json\/wp\/v2\/types\/product"}],"replies":[{"embeddable":true,"href":"https:\/\/lirolight.com\/fr\/wp-json\/wp\/v2\/comments?post=8617"}],"version-history":[{"count":5,"href":"https:\/\/lirolight.com\/fr\/wp-json\/wp\/v2\/product\/8617\/revisions"}],"predecessor-version":[{"id":10624,"href":"https:\/\/lirolight.com\/fr\/wp-json\/wp\/v2\/product\/8617\/revisions\/10624"}],"wp:featuredmedia":[{"embeddable":true,"href":"https:\/\/lirolight.com\/fr\/wp-json\/wp\/v2\/media\/8705"}],"wp:attachment":[{"href":"https:\/\/lirolight.com\/fr\/wp-json\/wp\/v2\/media?parent=8617"}],"wp:term":[{"taxonomy":"product_brand","embeddable":true,"href":"https:\/\/lirolight.com\/fr\/wp-json\/wp\/v2\/product_brand?post=8617"},{"taxonomy":"product_cat","embeddable":true,"href":"https:\/\/lirolight.com\/fr\/wp-json\/wp\/v2\/product_cat?post=8617"},{"taxonomy":"product_tag","embeddable":true,"href":"https:\/\/lirolight.com\/fr\/wp-json\/wp\/v2\/product_tag?post=8617"}],"curies":[{"name":"wp","href":"https:\/\/api.w.org\/{rel}","templated":true}]}}