{"id":8698,"date":"2025-07-23T07:22:08","date_gmt":"2025-07-23T07:22:08","guid":{"rendered":"https:\/\/lirolight.com\/?post_type=product&#038;p=8698"},"modified":"2026-01-14T06:52:09","modified_gmt":"2026-01-14T06:52:09","slug":"liro-lite-380w-19r-bws-3in1-sharpy-beam-light-wash-spot-moving-head-for-stage-show-event-concert","status":"publish","type":"product","link":"https:\/\/lirolight.com\/fr\/produit\/liro-lite-380w-19r-bws-3in1-sharpy-beam-light-wash-spot-moving-head-for-stage-show-event-concert\/","title":{"rendered":"LiRO-LITE 380W 19R BWS 3in1 Sharpy Beam Light Wash Spot Moving Head for Stage Show Event Concert"},"content":{"rendered":"<h2 class=\"wp-block-heading\"><strong><mark style=\"background-color:#000000\" class=\"has-inline-color has-white-color\">LR-BSW380<\/mark><\/strong><\/h2>\n\n\n\n<hr class=\"wp-block-separator has-alpha-channel-opacity\"\/>\n\n\n\n<h2 class=\"wp-block-heading\"><strong>Photos<\/strong>:<\/h2>\n\n\n\n<div class=\"wp-block-columns is-layout-flex wp-container-core-columns-is-layout-28f84493 wp-block-columns-is-layout-flex\">\n<div class=\"wp-block-column is-layout-flow wp-block-column-is-layout-flow\">\n<figure class=\"wp-block-image size-large\"><img fetchpriority=\"high\" decoding=\"async\" width=\"1024\" height=\"1024\" src=\"https:\/\/lirolight.com\/wp-content\/uploads\/2025\/07\/1-10-1024x1024.jpg\" alt=\"\" class=\"wp-image-8700\" srcset=\"https:\/\/lirolight.com\/wp-content\/uploads\/2025\/07\/1-10-1024x1024.jpg 1024w, https:\/\/lirolight.com\/wp-content\/uploads\/2025\/07\/1-10-300x300.jpg 300w, https:\/\/lirolight.com\/wp-content\/uploads\/2025\/07\/1-10-150x150.jpg 150w, https:\/\/lirolight.com\/wp-content\/uploads\/2025\/07\/1-10-768x768.jpg 768w, https:\/\/lirolight.com\/wp-content\/uploads\/2025\/07\/1-10-12x12.jpg 12w, https:\/\/lirolight.com\/wp-content\/uploads\/2025\/07\/1-10-990x990.jpg 990w, https:\/\/lirolight.com\/wp-content\/uploads\/2025\/07\/1-10-441x441.jpg 441w, https:\/\/lirolight.com\/wp-content\/uploads\/2025\/07\/1-10-100x100.jpg 100w, https:\/\/lirolight.com\/wp-content\/uploads\/2025\/07\/1-10-800x800.jpg 800w, https:\/\/lirolight.com\/wp-content\/uploads\/2025\/07\/1-10-40x40.jpg 40w, https:\/\/lirolight.com\/wp-content\/uploads\/2025\/07\/1-10.jpg 1080w\" sizes=\"(max-width: 1024px) 100vw, 1024px\" \/><\/figure>\n<\/div>\n\n\n\n<div class=\"wp-block-column is-layout-flow wp-block-column-is-layout-flow\">\n<figure class=\"wp-block-image size-full\"><img decoding=\"async\" width=\"2560\" height=\"2560\" data-src=\"https:\/\/lirolight.com\/wp-content\/uploads\/2025\/07\/3-8-scaled.jpg\" alt=\"\" class=\"wp-image-8702 lazyload\" data-srcset=\"https:\/\/lirolight.com\/wp-content\/uploads\/2025\/07\/3-8-scaled.jpg 2560w, https:\/\/lirolight.com\/wp-content\/uploads\/2025\/07\/3-8-300x300.jpg 300w, https:\/\/lirolight.com\/wp-content\/uploads\/2025\/07\/3-8-1024x1024.jpg 1024w, https:\/\/lirolight.com\/wp-content\/uploads\/2025\/07\/3-8-150x150.jpg 150w, https:\/\/lirolight.com\/wp-content\/uploads\/2025\/07\/3-8-768x768.jpg 768w, https:\/\/lirolight.com\/wp-content\/uploads\/2025\/07\/3-8-1536x1536.jpg 1536w, https:\/\/lirolight.com\/wp-content\/uploads\/2025\/07\/3-8-2048x2048.jpg 2048w, https:\/\/lirolight.com\/wp-content\/uploads\/2025\/07\/3-8-12x12.jpg 12w, https:\/\/lirolight.com\/wp-content\/uploads\/2025\/07\/3-8-990x990.jpg 990w, https:\/\/lirolight.com\/wp-content\/uploads\/2025\/07\/3-8-441x441.jpg 441w, https:\/\/lirolight.com\/wp-content\/uploads\/2025\/07\/3-8-100x100.jpg 100w, https:\/\/lirolight.com\/wp-content\/uploads\/2025\/07\/3-8-800x800.jpg 800w, https:\/\/lirolight.com\/wp-content\/uploads\/2025\/07\/3-8-40x40.jpg 40w\" data-sizes=\"(max-width: 2560px) 100vw, 2560px\" src=\"data:image\/gif;base64,R0lGODlhAQABAAAAACH5BAEKAAEALAAAAAABAAEAAAICTAEAOw==\" style=\"--smush-placeholder-width: 2560px; --smush-placeholder-aspect-ratio: 2560\/2560;\" \/><noscript><img decoding=\"async\" width=\"2560\" height=\"2560\" src=\"https:\/\/lirolight.com\/wp-content\/uploads\/2025\/07\/3-8-scaled.jpg\" alt=\"\" class=\"wp-image-8702\" srcset=\"https:\/\/lirolight.com\/wp-content\/uploads\/2025\/07\/3-8-scaled.jpg 2560w, https:\/\/lirolight.com\/wp-content\/uploads\/2025\/07\/3-8-300x300.jpg 300w, https:\/\/lirolight.com\/wp-content\/uploads\/2025\/07\/3-8-1024x1024.jpg 1024w, https:\/\/lirolight.com\/wp-content\/uploads\/2025\/07\/3-8-150x150.jpg 150w, https:\/\/lirolight.com\/wp-content\/uploads\/2025\/07\/3-8-768x768.jpg 768w, https:\/\/lirolight.com\/wp-content\/uploads\/2025\/07\/3-8-1536x1536.jpg 1536w, https:\/\/lirolight.com\/wp-content\/uploads\/2025\/07\/3-8-2048x2048.jpg 2048w, https:\/\/lirolight.com\/wp-content\/uploads\/2025\/07\/3-8-12x12.jpg 12w, https:\/\/lirolight.com\/wp-content\/uploads\/2025\/07\/3-8-990x990.jpg 990w, https:\/\/lirolight.com\/wp-content\/uploads\/2025\/07\/3-8-441x441.jpg 441w, https:\/\/lirolight.com\/wp-content\/uploads\/2025\/07\/3-8-100x100.jpg 100w, https:\/\/lirolight.com\/wp-content\/uploads\/2025\/07\/3-8-800x800.jpg 800w, https:\/\/lirolight.com\/wp-content\/uploads\/2025\/07\/3-8-40x40.jpg 40w\" sizes=\"(max-width: 2560px) 100vw, 2560px\" \/><\/noscript><\/figure>\n<\/div>\n\n\n\n<div class=\"wp-block-column is-layout-flow wp-block-column-is-layout-flow\">\n<figure class=\"wp-block-image size-large\"><img decoding=\"async\" width=\"1024\" height=\"1024\" data-src=\"https:\/\/lirolight.com\/wp-content\/uploads\/2025\/07\/5-5-1024x1024.jpg\" alt=\"\" class=\"wp-image-8634 lazyload\" data-srcset=\"https:\/\/lirolight.com\/wp-content\/uploads\/2025\/07\/5-5-1024x1024.jpg 1024w, https:\/\/lirolight.com\/wp-content\/uploads\/2025\/07\/5-5-300x300.jpg 300w, https:\/\/lirolight.com\/wp-content\/uploads\/2025\/07\/5-5-150x150.jpg 150w, https:\/\/lirolight.com\/wp-content\/uploads\/2025\/07\/5-5-768x768.jpg 768w, https:\/\/lirolight.com\/wp-content\/uploads\/2025\/07\/5-5-1536x1536.jpg 1536w, https:\/\/lirolight.com\/wp-content\/uploads\/2025\/07\/5-5-12x12.jpg 12w, https:\/\/lirolight.com\/wp-content\/uploads\/2025\/07\/5-5-990x990.jpg 990w, https:\/\/lirolight.com\/wp-content\/uploads\/2025\/07\/5-5-441x441.jpg 441w, https:\/\/lirolight.com\/wp-content\/uploads\/2025\/07\/5-5-100x100.jpg 100w, https:\/\/lirolight.com\/wp-content\/uploads\/2025\/07\/5-5-800x800.jpg 800w, https:\/\/lirolight.com\/wp-content\/uploads\/2025\/07\/5-5-40x40.jpg 40w, https:\/\/lirolight.com\/wp-content\/uploads\/2025\/07\/5-5.jpg 2000w\" data-sizes=\"(max-width: 1024px) 100vw, 1024px\" src=\"data:image\/gif;base64,R0lGODlhAQABAAAAACH5BAEKAAEALAAAAAABAAEAAAICTAEAOw==\" style=\"--smush-placeholder-width: 1024px; --smush-placeholder-aspect-ratio: 1024\/1024;\" \/><noscript><img decoding=\"async\" width=\"1024\" height=\"1024\" src=\"https:\/\/lirolight.com\/wp-content\/uploads\/2025\/07\/5-5-1024x1024.jpg\" alt=\"\" class=\"wp-image-8634\" srcset=\"https:\/\/lirolight.com\/wp-content\/uploads\/2025\/07\/5-5-1024x1024.jpg 1024w, https:\/\/lirolight.com\/wp-content\/uploads\/2025\/07\/5-5-300x300.jpg 300w, https:\/\/lirolight.com\/wp-content\/uploads\/2025\/07\/5-5-150x150.jpg 150w, https:\/\/lirolight.com\/wp-content\/uploads\/2025\/07\/5-5-768x768.jpg 768w, https:\/\/lirolight.com\/wp-content\/uploads\/2025\/07\/5-5-1536x1536.jpg 1536w, https:\/\/lirolight.com\/wp-content\/uploads\/2025\/07\/5-5-12x12.jpg 12w, https:\/\/lirolight.com\/wp-content\/uploads\/2025\/07\/5-5-990x990.jpg 990w, https:\/\/lirolight.com\/wp-content\/uploads\/2025\/07\/5-5-441x441.jpg 441w, https:\/\/lirolight.com\/wp-content\/uploads\/2025\/07\/5-5-100x100.jpg 100w, https:\/\/lirolight.com\/wp-content\/uploads\/2025\/07\/5-5-800x800.jpg 800w, https:\/\/lirolight.com\/wp-content\/uploads\/2025\/07\/5-5-40x40.jpg 40w, https:\/\/lirolight.com\/wp-content\/uploads\/2025\/07\/5-5.jpg 2000w\" sizes=\"(max-width: 1024px) 100vw, 1024px\" \/><\/noscript><\/figure>\n<\/div>\n<\/div>\n\n\n\n<figure class=\"wp-block-image size-full is-resized\"><img loading=\"lazy\" decoding=\"async\" width=\"2400\" height=\"2400\" data-src=\"https:\/\/lirolight.com\/wp-content\/uploads\/2025\/07\/5-6.jpg\" alt=\"\" class=\"wp-image-8704 lazyload\" style=\"--smush-placeholder-width: 2400px; --smush-placeholder-aspect-ratio: 2400\/2400;width:900px;height:auto\" data-srcset=\"https:\/\/lirolight.com\/wp-content\/uploads\/2025\/07\/5-6.jpg 2400w, https:\/\/lirolight.com\/wp-content\/uploads\/2025\/07\/5-6-300x300.jpg 300w, https:\/\/lirolight.com\/wp-content\/uploads\/2025\/07\/5-6-1024x1024.jpg 1024w, https:\/\/lirolight.com\/wp-content\/uploads\/2025\/07\/5-6-150x150.jpg 150w, https:\/\/lirolight.com\/wp-content\/uploads\/2025\/07\/5-6-768x768.jpg 768w, https:\/\/lirolight.com\/wp-content\/uploads\/2025\/07\/5-6-1536x1536.jpg 1536w, https:\/\/lirolight.com\/wp-content\/uploads\/2025\/07\/5-6-2048x2048.jpg 2048w, https:\/\/lirolight.com\/wp-content\/uploads\/2025\/07\/5-6-12x12.jpg 12w, https:\/\/lirolight.com\/wp-content\/uploads\/2025\/07\/5-6-990x990.jpg 990w, https:\/\/lirolight.com\/wp-content\/uploads\/2025\/07\/5-6-441x441.jpg 441w, https:\/\/lirolight.com\/wp-content\/uploads\/2025\/07\/5-6-100x100.jpg 100w, https:\/\/lirolight.com\/wp-content\/uploads\/2025\/07\/5-6-800x800.jpg 800w, https:\/\/lirolight.com\/wp-content\/uploads\/2025\/07\/5-6-40x40.jpg 40w\" data-sizes=\"(max-width: 2400px) 100vw, 2400px\" src=\"data:image\/gif;base64,R0lGODlhAQABAAAAACH5BAEKAAEALAAAAAABAAEAAAICTAEAOw==\" \/><noscript><img loading=\"lazy\" decoding=\"async\" width=\"2400\" height=\"2400\" src=\"https:\/\/lirolight.com\/wp-content\/uploads\/2025\/07\/5-6.jpg\" alt=\"\" class=\"wp-image-8704\" style=\"width:900px;height:auto\" srcset=\"https:\/\/lirolight.com\/wp-content\/uploads\/2025\/07\/5-6.jpg 2400w, https:\/\/lirolight.com\/wp-content\/uploads\/2025\/07\/5-6-300x300.jpg 300w, https:\/\/lirolight.com\/wp-content\/uploads\/2025\/07\/5-6-1024x1024.jpg 1024w, https:\/\/lirolight.com\/wp-content\/uploads\/2025\/07\/5-6-150x150.jpg 150w, https:\/\/lirolight.com\/wp-content\/uploads\/2025\/07\/5-6-768x768.jpg 768w, https:\/\/lirolight.com\/wp-content\/uploads\/2025\/07\/5-6-1536x1536.jpg 1536w, https:\/\/lirolight.com\/wp-content\/uploads\/2025\/07\/5-6-2048x2048.jpg 2048w, https:\/\/lirolight.com\/wp-content\/uploads\/2025\/07\/5-6-12x12.jpg 12w, https:\/\/lirolight.com\/wp-content\/uploads\/2025\/07\/5-6-990x990.jpg 990w, https:\/\/lirolight.com\/wp-content\/uploads\/2025\/07\/5-6-441x441.jpg 441w, https:\/\/lirolight.com\/wp-content\/uploads\/2025\/07\/5-6-100x100.jpg 100w, https:\/\/lirolight.com\/wp-content\/uploads\/2025\/07\/5-6-800x800.jpg 800w, https:\/\/lirolight.com\/wp-content\/uploads\/2025\/07\/5-6-40x40.jpg 40w\" sizes=\"(max-width: 2400px) 100vw, 2400px\" \/><\/noscript><\/figure>\n\n\n\n<h2 class=\"wp-block-heading\"><font style=\"vertical-align: inherit;\"><font style=\"vertical-align: inherit;\">Sp\u00e9cification\uff1a<\/font><\/font><\/h2>\n\n\n\n<p>Alimentation \u00e9lectrique : AC90V-240V 50HZ-60Hz<br>Puissance : 500W<br><strong>Ampoule : Lampe 371W<\/strong><br>Temp\u00e9rature de couleur : 8500 k<br>Dur\u00e9e de vie : 2500 heures<br><strong>Couleur : 8 couleurs + blanc<\/strong><br><strong>CTO : R\u00e9glage lin\u00e9aire de la temp\u00e9rature de couleur<br>Gobo fixe : 11 gobos fixes + lumi\u00e8re blanche, les gobos peuvent \u00eatre secou\u00e9s.<br>Gobo rotatif : 7 gobos rotatifs en verre + lumi\u00e8re blanche avec rotation dans le sens des aiguilles d'une montre.<br>Prisme : 1 prisme 8, 1 plaque \u00e0 effet d'eau, 1 prisme 6 lin\u00e9aire ; peut \u00eatre tourn\u00e9 dans les directions avant et arri\u00e8re et dispose d'une fonction de positionnement du prisme. Empilement de doubles prismes, effet de rotation des prismes (8+16, 16+24, 8+24 peuvent \u00eatre personnalis\u00e9s).<\/strong><br>Mise au point : zoom lin\u00e9aire \u00e9lectronique et syst\u00e8me de zoom lin\u00e9aire \u00e9lectronique.<br>Angle du faisceau : 2,5\u00b0.<br>Plage de zoom : 5\u00b0~40\u00b0 zoom lin\u00e9aire \u00e0 grande vitesse<br>Frost : 1 lentille de givre ind\u00e9pendante, spot de lumi\u00e8re douce et naturelle<br>Mode canal : 22CH<br>Mode de fonctionnement : Contr\u00f4le DMX512, mode automatique, mode ma\u00eetre\/esclave, RDM<br>Gradation : de 0 \u00e0 100<br>Mat\u00e9riau : Aluminium, cuivre, acier, plastique<br>Mouvement panoramique\/inclinaison : 540\u02da\/270\u02da<br>Environnement de travail :-20 degr\u00e9s ~ 50 degr\u00e9s<br>Niveau de protection : IP20<\/p>\n\n\n\n<h2 class=\"wp-block-heading\">Param\u00e8tre :<\/h2>\n\n\n\n<figure class=\"wp-block-table\"><table class=\"has-fixed-layout\"><tbody><tr><td>Source lumineuse<\/td><td><strong><strong><strong>Lampe 371W<\/strong><\/strong><\/strong><\/td><\/tr><tr><td>Tension d'entr\u00e9e (V)<\/td><td>110-240V, 50\/60Hz<\/td><\/tr><tr><td>Indice IP<\/td><td>IP20<\/td><\/tr><tr><td><strong>Roue des couleurs<\/strong><\/td><td><strong><strong><strong><strong>8 couleurs + blanc<\/strong><\/strong><\/strong><\/strong><\/td><\/tr><tr><td><strong>Roue de gobos fixes<\/strong><\/td><td><strong><strong>11 gobos fixes + lumi\u00e8re blanche, les gobos peuvent \u00eatre secou\u00e9s.<\/strong><\/strong><\/td><\/tr><tr><td><strong>Rotation Roue de gobos<\/strong><\/td><td><strong>7 gobos rotatifs en verre + lumi\u00e8re blanche avec rotation dans le sens des aiguilles d'une montre et dans le sens inverse<\/strong><\/td><\/tr><tr><td><strong>Prisme<\/strong><\/td><td><strong><strong><strong><strong>1 prisme 8, 1 plaque \u00e0 effet d'eau, 1 prisme 6 lin\u00e9aire<\/strong><\/strong><\/strong><\/strong><\/td><\/tr><tr><td>Mode de contr\u00f4le<\/td><td>DMX512\/Ma\u00eetre-Esclave\/Auto Run\/RDM\/Manuel<\/td><\/tr><tr><td>Garantie<\/td><td>2 ans<\/td><\/tr><tr><td>Service OEM&amp;ODM<\/td><td>24 heures en ligne. Si vous avez une id\u00e9e sur le produit, n'h\u00e9sitez pas \u00e0 nous contacter \u00e0 tout moment.<\/td><\/tr><tr><td>Capacit\u00e9 du projet<\/td><td>Nous avons plus de 500 ans d'exp\u00e9rience dans l'ing\u00e9nierie de projets \u00e0 l'\u00e9tranger.<\/td><\/tr><tr><td>Paquet<\/td><td>Carton et flight case disponibles<\/td><\/tr><tr><td>GW<\/td><td>22.5KG<\/td><\/tr><\/tbody><\/table><\/figure>\n\n\n\n<h2 class=\"wp-block-heading\">Lien vid\u00e9o :<\/h2>\n\n\n\n<p><a href=\"https:\/\/www.instagram.com\/p\/C1qeMMeJuy8\" target=\"_blank\" rel=\"noopener\">https:\/\/www.instagram.com\/p\/C1qeMMeJuy8<\/a><\/p>\n\n\n\n<p><\/p>","protected":false},"excerpt":{"rendered":"<p>LiRO-LITE 380W Beam Spot Wash Moving Head Light est un choix polyvalent pour les spectacles sur sc\u00e8ne, les concerts et les discoth\u00e8ques. Avec une alimentation de AC90V - 240V, il offre 8 couleurs plus le blanc, et une temp\u00e9rature de couleur de 8500K. Il comporte 11 gobos fixes et 7 gobos rotatifs en verre, ainsi que divers effets de prisme. L'angle de rayonnement va de 2,5\u00b0 \u00e0 40\u00b0 et il prend en charge le contr\u00f4le DMX512 22CH. Sa construction durable en aluminium, cuivre et acier garantit des performances fiables dans un environnement de travail \u00e9tendu.<\/p>\n<p>&nbsp;<\/p>\n<blockquote><p>\u00a0<\/p><\/blockquote>\n<p>&nbsp;<\/p>","protected":false},"featured_media":8700,"comment_status":"open","ping_status":"closed","template":"","meta":[],"product_brand":[],"product_cat":[61],"product_tag":[173,169,152,170,174,121,107,115,172,160],"class_list":{"0":"post-8698","1":"product","2":"type-product","3":"status-publish","4":"has-post-thumbnail","6":"product_cat-beam-bsw-moving-head-light","7":"product_tag-beam-spot-wash-moving-head-light","8":"product_tag-beamlights","9":"product_tag-beammovingheadlight","10":"product_tag-beamstagelight","11":"product_tag-bsw-3in1-light","12":"product_tag-bsw-cmy-moving-head","13":"product_tag-movinghead","14":"product_tag-movingheadlights","15":"product_tag-sharpybeamlight","16":"product_tag-stagelights","18":"first","19":"instock","20":"shipping-taxable","21":"product-type-simple"},"_links":{"self":[{"href":"https:\/\/lirolight.com\/fr\/wp-json\/wp\/v2\/product\/8698","targetHints":{"allow":["GET"]}}],"collection":[{"href":"https:\/\/lirolight.com\/fr\/wp-json\/wp\/v2\/product"}],"about":[{"href":"https:\/\/lirolight.com\/fr\/wp-json\/wp\/v2\/types\/product"}],"replies":[{"embeddable":true,"href":"https:\/\/lirolight.com\/fr\/wp-json\/wp\/v2\/comments?post=8698"}],"version-history":[{"count":4,"href":"https:\/\/lirolight.com\/fr\/wp-json\/wp\/v2\/product\/8698\/revisions"}],"predecessor-version":[{"id":10628,"href":"https:\/\/lirolight.com\/fr\/wp-json\/wp\/v2\/product\/8698\/revisions\/10628"}],"wp:featuredmedia":[{"embeddable":true,"href":"https:\/\/lirolight.com\/fr\/wp-json\/wp\/v2\/media\/8700"}],"wp:attachment":[{"href":"https:\/\/lirolight.com\/fr\/wp-json\/wp\/v2\/media?parent=8698"}],"wp:term":[{"taxonomy":"product_brand","embeddable":true,"href":"https:\/\/lirolight.com\/fr\/wp-json\/wp\/v2\/product_brand?post=8698"},{"taxonomy":"product_cat","embeddable":true,"href":"https:\/\/lirolight.com\/fr\/wp-json\/wp\/v2\/product_cat?post=8698"},{"taxonomy":"product_tag","embeddable":true,"href":"https:\/\/lirolight.com\/fr\/wp-json\/wp\/v2\/product_tag?post=8698"}],"curies":[{"name":"wp","href":"https:\/\/api.w.org\/{rel}","templated":true}]}}