{"id":8735,"date":"2025-07-24T07:43:12","date_gmt":"2025-07-24T07:43:12","guid":{"rendered":"https:\/\/lirolight.com\/?post_type=product&#038;p=8735"},"modified":"2026-01-14T06:57:57","modified_gmt":"2026-01-14T06:57:57","slug":"liro-lite-8-eyes-laser-stage-laser-light-red-rgb-single-laser-moving-head-laser-strips-for-night-club","status":"publish","type":"product","link":"https:\/\/lirolight.com\/fr\/produit\/liro-lite-8-eyes-laser-stage-laser-light-red-rgb-single-laser-moving-head-laser-strips-for-night-club\/","title":{"rendered":"LiRO-LITE 8 Eyes Laser Stage Laser Light Red\/RGB Single Laser Moving Head Laser Strips for Night Club"},"content":{"rendered":"<h2 class=\"wp-block-heading\"><strong><mark style=\"background-color:#000000\" class=\"has-inline-color has-white-color\">LR-8 EYES LASER<\/mark><\/strong><\/h2>\n\n\n\n<hr class=\"wp-block-separator has-alpha-channel-opacity\"\/>\n\n\n\n<h2 class=\"wp-block-heading\"><strong>Photos :<\/strong><\/h2>\n\n\n\n<figure class=\"wp-block-image size-full is-resized\"><img fetchpriority=\"high\" decoding=\"async\" width=\"720\" height=\"720\" src=\"https:\/\/lirolight.com\/wp-content\/uploads\/2025\/07\/XQ2.png\" alt=\"\" class=\"wp-image-8744\" style=\"width:900px;height:auto\" srcset=\"https:\/\/lirolight.com\/wp-content\/uploads\/2025\/07\/XQ2.png 720w, https:\/\/lirolight.com\/wp-content\/uploads\/2025\/07\/XQ2-300x300.png 300w, https:\/\/lirolight.com\/wp-content\/uploads\/2025\/07\/XQ2-150x150.png 150w, https:\/\/lirolight.com\/wp-content\/uploads\/2025\/07\/XQ2-12x12.png 12w, https:\/\/lirolight.com\/wp-content\/uploads\/2025\/07\/XQ2-441x441.png 441w, https:\/\/lirolight.com\/wp-content\/uploads\/2025\/07\/XQ2-100x100.png 100w, https:\/\/lirolight.com\/wp-content\/uploads\/2025\/07\/XQ2-40x40.png 40w\" sizes=\"(max-width: 720px) 100vw, 720px\" \/><\/figure>\n\n\n\n<h2 class=\"wp-block-heading\"><font style=\"vertical-align: inherit;\"><font style=\"vertical-align: inherit;\">Sp\u00e9cification\uff1a<\/font><\/font><\/h2>\n\n\n\n<p>Tension nominale : AC110V\uff5eAC230V\u00b110\uff05<br>Fr\u00e9quence nominale : 50Hz\uff5e60Hz<br>Puissance nominale : 120W<br>Couleur du laser : rouge simple<br>Puissance du laser : R4W<br>Source laser : R500mw\/638nm X8<br>Motif du laser : une vari\u00e9t\u00e9 de motifs \u00e0 effet de faisceau grossier<br>Signal de modulation laser : Signal de modulation TTL<br>Mode de contr\u00f4le : Contr\u00f4le du signal DMX-512, mode autopropuls\u00e9, mode de contr\u00f4le vocal,<br>Canal de contr\u00f4le : 7\/15 CH<br>Balayage de l'axe Y : 0-180 degr\u00e9s Syst\u00e8me de balayage : moteur pas \u00e0 pas<br>Angle de balayage : \u00b125 degr\u00e9s<br>Syst\u00e8me de refroidissement : syst\u00e8me de refroidissement forc\u00e9 par ventilateur<br>Environnement de travail : int\u00e9rieur<\/p>\n\n\n\n<h2 class=\"wp-block-heading\">Param\u00e8tre :<\/h2>\n\n\n\n<figure class=\"wp-block-table\"><table class=\"has-fixed-layout\"><tbody><tr><td>Source laser<\/td><td>R500mw\/638nm X8<\/td><\/tr><tr><td>Tension d'entr\u00e9e (V)<\/td><td>AC110V\uff5eAC230V\u00b110\uff05 50Hz\uff5e60Hz<\/td><\/tr><tr><td>Indice IP<\/td><td>IP20<\/td><\/tr><tr><td>Balayage de l'axe X<\/td><td>0-270 degr\u00e9s<\/td><\/tr><tr><td>Balayage de l'axe Y<\/td><td>0-135 degr\u00e9s<\/td><\/tr><tr><td>Angle de balayage du moteur<\/td><td> \u00b125 degr\u00e9s<\/td><\/tr><\/tbody><\/table><\/figure>\n\n\n\n<div class=\"wp-block-columns is-layout-flex wp-container-core-columns-is-layout-28f84493 wp-block-columns-is-layout-flex\">\n<div class=\"wp-block-column is-layout-flow wp-block-column-is-layout-flow\">\n<h2 class=\"wp-block-heading\">Heure du spectacle :<\/h2>\n<\/div>\n<\/div>\n\n\n\n<div class=\"wp-block-columns is-layout-flex wp-container-core-columns-is-layout-28f84493 wp-block-columns-is-layout-flex\">\n<div class=\"wp-block-column is-layout-flow wp-block-column-is-layout-flow\">\n<figure class=\"wp-block-image size-full\"><img decoding=\"async\" width=\"400\" height=\"400\" data-src=\"https:\/\/lirolight.com\/wp-content\/uploads\/2025\/07\/7-3.jpg\" alt=\"\" class=\"wp-image-8741 lazyload\" data-srcset=\"https:\/\/lirolight.com\/wp-content\/uploads\/2025\/07\/7-3.jpg 400w, https:\/\/lirolight.com\/wp-content\/uploads\/2025\/07\/7-3-300x300.jpg 300w, https:\/\/lirolight.com\/wp-content\/uploads\/2025\/07\/7-3-150x150.jpg 150w, https:\/\/lirolight.com\/wp-content\/uploads\/2025\/07\/7-3-12x12.jpg 12w, https:\/\/lirolight.com\/wp-content\/uploads\/2025\/07\/7-3-100x100.jpg 100w, https:\/\/lirolight.com\/wp-content\/uploads\/2025\/07\/7-3-40x40.jpg 40w\" data-sizes=\"(max-width: 400px) 100vw, 400px\" src=\"data:image\/gif;base64,R0lGODlhAQABAAAAACH5BAEKAAEALAAAAAABAAEAAAICTAEAOw==\" style=\"--smush-placeholder-width: 400px; --smush-placeholder-aspect-ratio: 400\/400;\" \/><noscript><img decoding=\"async\" width=\"400\" height=\"400\" src=\"https:\/\/lirolight.com\/wp-content\/uploads\/2025\/07\/7-3.jpg\" alt=\"\" class=\"wp-image-8741\" srcset=\"https:\/\/lirolight.com\/wp-content\/uploads\/2025\/07\/7-3.jpg 400w, https:\/\/lirolight.com\/wp-content\/uploads\/2025\/07\/7-3-300x300.jpg 300w, https:\/\/lirolight.com\/wp-content\/uploads\/2025\/07\/7-3-150x150.jpg 150w, https:\/\/lirolight.com\/wp-content\/uploads\/2025\/07\/7-3-12x12.jpg 12w, https:\/\/lirolight.com\/wp-content\/uploads\/2025\/07\/7-3-100x100.jpg 100w, https:\/\/lirolight.com\/wp-content\/uploads\/2025\/07\/7-3-40x40.jpg 40w\" sizes=\"(max-width: 400px) 100vw, 400px\" \/><\/noscript><\/figure>\n<\/div>\n\n\n\n<div class=\"wp-block-column is-layout-flow wp-block-column-is-layout-flow\">\n<figure class=\"wp-block-image size-full\"><img decoding=\"async\" width=\"400\" height=\"400\" data-src=\"https:\/\/lirolight.com\/wp-content\/uploads\/2025\/07\/8.jpg\" alt=\"\" class=\"wp-image-8742 lazyload\" data-srcset=\"https:\/\/lirolight.com\/wp-content\/uploads\/2025\/07\/8.jpg 400w, https:\/\/lirolight.com\/wp-content\/uploads\/2025\/07\/8-300x300.jpg 300w, https:\/\/lirolight.com\/wp-content\/uploads\/2025\/07\/8-150x150.jpg 150w, https:\/\/lirolight.com\/wp-content\/uploads\/2025\/07\/8-12x12.jpg 12w, https:\/\/lirolight.com\/wp-content\/uploads\/2025\/07\/8-100x100.jpg 100w, https:\/\/lirolight.com\/wp-content\/uploads\/2025\/07\/8-40x40.jpg 40w\" data-sizes=\"(max-width: 400px) 100vw, 400px\" src=\"data:image\/gif;base64,R0lGODlhAQABAAAAACH5BAEKAAEALAAAAAABAAEAAAICTAEAOw==\" style=\"--smush-placeholder-width: 400px; --smush-placeholder-aspect-ratio: 400\/400;\" \/><noscript><img decoding=\"async\" width=\"400\" height=\"400\" src=\"https:\/\/lirolight.com\/wp-content\/uploads\/2025\/07\/8.jpg\" alt=\"\" class=\"wp-image-8742\" srcset=\"https:\/\/lirolight.com\/wp-content\/uploads\/2025\/07\/8.jpg 400w, https:\/\/lirolight.com\/wp-content\/uploads\/2025\/07\/8-300x300.jpg 300w, https:\/\/lirolight.com\/wp-content\/uploads\/2025\/07\/8-150x150.jpg 150w, https:\/\/lirolight.com\/wp-content\/uploads\/2025\/07\/8-12x12.jpg 12w, https:\/\/lirolight.com\/wp-content\/uploads\/2025\/07\/8-100x100.jpg 100w, https:\/\/lirolight.com\/wp-content\/uploads\/2025\/07\/8-40x40.jpg 40w\" sizes=\"(max-width: 400px) 100vw, 400px\" \/><\/noscript><\/figure>\n<\/div>\n\n\n\n<div class=\"wp-block-column is-layout-flow wp-block-column-is-layout-flow\">\n<figure class=\"wp-block-image size-full\"><img loading=\"lazy\" decoding=\"async\" width=\"400\" height=\"400\" data-src=\"https:\/\/lirolight.com\/wp-content\/uploads\/2025\/07\/9-3.jpg\" alt=\"\" class=\"wp-image-8743 lazyload\" data-srcset=\"https:\/\/lirolight.com\/wp-content\/uploads\/2025\/07\/9-3.jpg 400w, https:\/\/lirolight.com\/wp-content\/uploads\/2025\/07\/9-3-300x300.jpg 300w, https:\/\/lirolight.com\/wp-content\/uploads\/2025\/07\/9-3-150x150.jpg 150w, https:\/\/lirolight.com\/wp-content\/uploads\/2025\/07\/9-3-12x12.jpg 12w, https:\/\/lirolight.com\/wp-content\/uploads\/2025\/07\/9-3-100x100.jpg 100w, https:\/\/lirolight.com\/wp-content\/uploads\/2025\/07\/9-3-40x40.jpg 40w\" data-sizes=\"(max-width: 400px) 100vw, 400px\" src=\"data:image\/gif;base64,R0lGODlhAQABAAAAACH5BAEKAAEALAAAAAABAAEAAAICTAEAOw==\" style=\"--smush-placeholder-width: 400px; --smush-placeholder-aspect-ratio: 400\/400;\" \/><noscript><img loading=\"lazy\" decoding=\"async\" width=\"400\" height=\"400\" src=\"https:\/\/lirolight.com\/wp-content\/uploads\/2025\/07\/9-3.jpg\" alt=\"\" class=\"wp-image-8743\" srcset=\"https:\/\/lirolight.com\/wp-content\/uploads\/2025\/07\/9-3.jpg 400w, https:\/\/lirolight.com\/wp-content\/uploads\/2025\/07\/9-3-300x300.jpg 300w, https:\/\/lirolight.com\/wp-content\/uploads\/2025\/07\/9-3-150x150.jpg 150w, https:\/\/lirolight.com\/wp-content\/uploads\/2025\/07\/9-3-12x12.jpg 12w, https:\/\/lirolight.com\/wp-content\/uploads\/2025\/07\/9-3-100x100.jpg 100w, https:\/\/lirolight.com\/wp-content\/uploads\/2025\/07\/9-3-40x40.jpg 40w\" sizes=\"(max-width: 400px) 100vw, 400px\" \/><\/noscript><\/figure>\n<\/div>\n<\/div>","protected":false},"excerpt":{"rendered":"<p>Le LiRO-LITE 8 Eyes Laser Stage Laser Light constitue une solution d'\u00e9clairage dynamique et polyvalente pour les bo\u00eetes de nuit. Avec une tension nominale de AC110V\uff5eAC230V\u00b110\uff05 et une puissance de 120W, il fonctionne efficacement dans divers environnements. \u00c9mettant des faisceaux laser rouges simples avec une source laser 8x R500mw\/638nm, il offre des effets RVB personnalisables. Contr\u00f4l\u00e9 par DMX-512, autopropuls\u00e9 ou \u00e0 la voix, il dispose d'un canal de contr\u00f4le 7\/15 CH. Son moteur pas \u00e0 pas permet un balayage de l'axe Y de 0 \u00e0 180\u00b0 et un angle de balayage de \u00b125\u00b0. \u00c9quip\u00e9 d'un ventilateur de refroidissement, il est parfait pour une utilisation en int\u00e9rieur et permet de cr\u00e9er des spectacles lumineux captivants.<\/p>\n<p>&nbsp;<\/p>\n<blockquote><p>\u00a0<\/p><\/blockquote>\n<p>&nbsp;<\/p>","protected":false},"featured_media":8739,"comment_status":"open","ping_status":"closed","template":"","meta":[],"product_brand":[],"product_cat":[56],"product_tag":[179,176,175,178,177,160],"class_list":{"0":"post-8735","1":"product","2":"type-product","3":"status-publish","4":"has-post-thumbnail","6":"product_cat-stage-laser-light","7":"product_tag-8eyeslaser","8":"product_tag-lasermovingheadlight","9":"product_tag-lasetlight","10":"product_tag-rgblaser","11":"product_tag-stagelaserlight","12":"product_tag-stagelights","14":"first","15":"instock","16":"shipping-taxable","17":"product-type-simple"},"_links":{"self":[{"href":"https:\/\/lirolight.com\/fr\/wp-json\/wp\/v2\/product\/8735","targetHints":{"allow":["GET"]}}],"collection":[{"href":"https:\/\/lirolight.com\/fr\/wp-json\/wp\/v2\/product"}],"about":[{"href":"https:\/\/lirolight.com\/fr\/wp-json\/wp\/v2\/types\/product"}],"replies":[{"embeddable":true,"href":"https:\/\/lirolight.com\/fr\/wp-json\/wp\/v2\/comments?post=8735"}],"version-history":[{"count":4,"href":"https:\/\/lirolight.com\/fr\/wp-json\/wp\/v2\/product\/8735\/revisions"}],"predecessor-version":[{"id":10633,"href":"https:\/\/lirolight.com\/fr\/wp-json\/wp\/v2\/product\/8735\/revisions\/10633"}],"wp:featuredmedia":[{"embeddable":true,"href":"https:\/\/lirolight.com\/fr\/wp-json\/wp\/v2\/media\/8739"}],"wp:attachment":[{"href":"https:\/\/lirolight.com\/fr\/wp-json\/wp\/v2\/media?parent=8735"}],"wp:term":[{"taxonomy":"product_brand","embeddable":true,"href":"https:\/\/lirolight.com\/fr\/wp-json\/wp\/v2\/product_brand?post=8735"},{"taxonomy":"product_cat","embeddable":true,"href":"https:\/\/lirolight.com\/fr\/wp-json\/wp\/v2\/product_cat?post=8735"},{"taxonomy":"product_tag","embeddable":true,"href":"https:\/\/lirolight.com\/fr\/wp-json\/wp\/v2\/product_tag?post=8735"}],"curies":[{"name":"wp","href":"https:\/\/api.w.org\/{rel}","templated":true}]}}