{"id":8750,"date":"2025-07-24T08:02:58","date_gmt":"2025-07-24T08:02:58","guid":{"rendered":"https:\/\/lirolight.com\/?post_type=product&#038;p=8750"},"modified":"2026-01-14T06:55:05","modified_gmt":"2026-01-14T06:55:05","slug":"liro-lite-battery-wireless-led-uplight-app-wifi-remote-rechargeable-9x18w-6-in-1-rgbw-uv-led-stage-par-lights-for-wedding-parties","status":"publish","type":"product","link":"https:\/\/lirolight.com\/fr\/produit\/liro-lite-battery-wireless-led-uplight-app-wifi-remote-rechargeable-9x18w-6-in-1-rgbw-uv-led-stage-par-lights-for-wedding-parties\/","title":{"rendered":"LiRO-LITE Battery Wireless Led Uplight App\/Wifi Remote Rechargeable 9x18w 6 in 1 RGBW UV Stage Par Lights For Wedding Parties"},"content":{"rendered":"<h2 class=\"wp-block-heading\"><strong><mark style=\"background-color:#000000\" class=\"has-inline-color has-white-color\">Batterie LR P918<\/mark><\/strong><\/h2>\n\n\n\n<hr class=\"wp-block-separator has-alpha-channel-opacity\"\/>\n\n\n\n<h2 class=\"wp-block-heading\">Photos :<\/h2>\n\n\n\n<div class=\"wp-block-columns is-layout-flex wp-container-core-columns-is-layout-28f84493 wp-block-columns-is-layout-flex\">\n<div class=\"wp-block-column is-layout-flow wp-block-column-is-layout-flow\">\n<figure class=\"wp-block-image size-full\"><img fetchpriority=\"high\" decoding=\"async\" width=\"800\" height=\"800\" src=\"https:\/\/lirolight.com\/wp-content\/uploads\/2025\/07\/Battery-Wireless-Led-Uplight-9x18w-7.jpg\" alt=\"\" class=\"wp-image-8752\" srcset=\"https:\/\/lirolight.com\/wp-content\/uploads\/2025\/07\/Battery-Wireless-Led-Uplight-9x18w-7.jpg 800w, https:\/\/lirolight.com\/wp-content\/uploads\/2025\/07\/Battery-Wireless-Led-Uplight-9x18w-7-300x300.jpg 300w, https:\/\/lirolight.com\/wp-content\/uploads\/2025\/07\/Battery-Wireless-Led-Uplight-9x18w-7-150x150.jpg 150w, https:\/\/lirolight.com\/wp-content\/uploads\/2025\/07\/Battery-Wireless-Led-Uplight-9x18w-7-768x768.jpg 768w, https:\/\/lirolight.com\/wp-content\/uploads\/2025\/07\/Battery-Wireless-Led-Uplight-9x18w-7-12x12.jpg 12w, https:\/\/lirolight.com\/wp-content\/uploads\/2025\/07\/Battery-Wireless-Led-Uplight-9x18w-7-441x441.jpg 441w, https:\/\/lirolight.com\/wp-content\/uploads\/2025\/07\/Battery-Wireless-Led-Uplight-9x18w-7-100x100.jpg 100w, https:\/\/lirolight.com\/wp-content\/uploads\/2025\/07\/Battery-Wireless-Led-Uplight-9x18w-7-500x500.jpg 500w, https:\/\/lirolight.com\/wp-content\/uploads\/2025\/07\/Battery-Wireless-Led-Uplight-9x18w-7-40x40.jpg 40w\" sizes=\"(max-width: 800px) 100vw, 800px\" \/><\/figure>\n<\/div>\n\n\n\n<div class=\"wp-block-column is-layout-flow wp-block-column-is-layout-flow\">\n<figure class=\"wp-block-image size-full\"><img decoding=\"async\" width=\"800\" height=\"800\" data-src=\"https:\/\/lirolight.com\/wp-content\/uploads\/2025\/07\/Battery-Wireless-Led-Uplight-9x18w-6.jpg\" alt=\"\" class=\"wp-image-8757 lazyload\" data-srcset=\"https:\/\/lirolight.com\/wp-content\/uploads\/2025\/07\/Battery-Wireless-Led-Uplight-9x18w-6.jpg 800w, https:\/\/lirolight.com\/wp-content\/uploads\/2025\/07\/Battery-Wireless-Led-Uplight-9x18w-6-300x300.jpg 300w, https:\/\/lirolight.com\/wp-content\/uploads\/2025\/07\/Battery-Wireless-Led-Uplight-9x18w-6-150x150.jpg 150w, https:\/\/lirolight.com\/wp-content\/uploads\/2025\/07\/Battery-Wireless-Led-Uplight-9x18w-6-768x768.jpg 768w, https:\/\/lirolight.com\/wp-content\/uploads\/2025\/07\/Battery-Wireless-Led-Uplight-9x18w-6-12x12.jpg 12w, https:\/\/lirolight.com\/wp-content\/uploads\/2025\/07\/Battery-Wireless-Led-Uplight-9x18w-6-441x441.jpg 441w, https:\/\/lirolight.com\/wp-content\/uploads\/2025\/07\/Battery-Wireless-Led-Uplight-9x18w-6-100x100.jpg 100w, https:\/\/lirolight.com\/wp-content\/uploads\/2025\/07\/Battery-Wireless-Led-Uplight-9x18w-6-40x40.jpg 40w\" data-sizes=\"(max-width: 800px) 100vw, 800px\" src=\"data:image\/gif;base64,R0lGODlhAQABAAAAACH5BAEKAAEALAAAAAABAAEAAAICTAEAOw==\" style=\"--smush-placeholder-width: 800px; --smush-placeholder-aspect-ratio: 800\/800;\" \/><noscript><img decoding=\"async\" width=\"800\" height=\"800\" src=\"https:\/\/lirolight.com\/wp-content\/uploads\/2025\/07\/Battery-Wireless-Led-Uplight-9x18w-6.jpg\" alt=\"\" class=\"wp-image-8757\" srcset=\"https:\/\/lirolight.com\/wp-content\/uploads\/2025\/07\/Battery-Wireless-Led-Uplight-9x18w-6.jpg 800w, https:\/\/lirolight.com\/wp-content\/uploads\/2025\/07\/Battery-Wireless-Led-Uplight-9x18w-6-300x300.jpg 300w, https:\/\/lirolight.com\/wp-content\/uploads\/2025\/07\/Battery-Wireless-Led-Uplight-9x18w-6-150x150.jpg 150w, https:\/\/lirolight.com\/wp-content\/uploads\/2025\/07\/Battery-Wireless-Led-Uplight-9x18w-6-768x768.jpg 768w, https:\/\/lirolight.com\/wp-content\/uploads\/2025\/07\/Battery-Wireless-Led-Uplight-9x18w-6-12x12.jpg 12w, https:\/\/lirolight.com\/wp-content\/uploads\/2025\/07\/Battery-Wireless-Led-Uplight-9x18w-6-441x441.jpg 441w, https:\/\/lirolight.com\/wp-content\/uploads\/2025\/07\/Battery-Wireless-Led-Uplight-9x18w-6-100x100.jpg 100w, https:\/\/lirolight.com\/wp-content\/uploads\/2025\/07\/Battery-Wireless-Led-Uplight-9x18w-6-40x40.jpg 40w\" sizes=\"(max-width: 800px) 100vw, 800px\" \/><\/noscript><\/figure>\n<\/div>\n<\/div>\n\n\n\n<div class=\"wp-block-columns is-layout-flex wp-container-core-columns-is-layout-28f84493 wp-block-columns-is-layout-flex\">\n<div class=\"wp-block-column is-layout-flow wp-block-column-is-layout-flow\">\n<div class=\"wp-block-columns is-layout-flex wp-container-core-columns-is-layout-28f84493 wp-block-columns-is-layout-flex\">\n<div class=\"wp-block-column is-layout-flow wp-block-column-is-layout-flow\">\n<div class=\"wp-block-columns is-layout-flex wp-container-core-columns-is-layout-28f84493 wp-block-columns-is-layout-flex\">\n<div class=\"wp-block-column is-layout-flow wp-block-column-is-layout-flow\">\n<div class=\"wp-block-columns is-layout-flex wp-container-core-columns-is-layout-28f84493 wp-block-columns-is-layout-flex\">\n<div class=\"wp-block-column is-layout-flow wp-block-column-is-layout-flow\">\n<figure class=\"wp-block-image size-full\"><img decoding=\"async\" width=\"800\" height=\"800\" data-src=\"https:\/\/lirolight.com\/wp-content\/uploads\/2025\/07\/Battery-Wireless-Led-Uplight-9x18w-4.jpg\" alt=\"\" class=\"wp-image-8755 lazyload\" data-srcset=\"https:\/\/lirolight.com\/wp-content\/uploads\/2025\/07\/Battery-Wireless-Led-Uplight-9x18w-4.jpg 800w, https:\/\/lirolight.com\/wp-content\/uploads\/2025\/07\/Battery-Wireless-Led-Uplight-9x18w-4-300x300.jpg 300w, https:\/\/lirolight.com\/wp-content\/uploads\/2025\/07\/Battery-Wireless-Led-Uplight-9x18w-4-150x150.jpg 150w, https:\/\/lirolight.com\/wp-content\/uploads\/2025\/07\/Battery-Wireless-Led-Uplight-9x18w-4-768x768.jpg 768w, https:\/\/lirolight.com\/wp-content\/uploads\/2025\/07\/Battery-Wireless-Led-Uplight-9x18w-4-12x12.jpg 12w, https:\/\/lirolight.com\/wp-content\/uploads\/2025\/07\/Battery-Wireless-Led-Uplight-9x18w-4-441x441.jpg 441w, https:\/\/lirolight.com\/wp-content\/uploads\/2025\/07\/Battery-Wireless-Led-Uplight-9x18w-4-100x100.jpg 100w, https:\/\/lirolight.com\/wp-content\/uploads\/2025\/07\/Battery-Wireless-Led-Uplight-9x18w-4-40x40.jpg 40w\" data-sizes=\"(max-width: 800px) 100vw, 800px\" src=\"data:image\/gif;base64,R0lGODlhAQABAAAAACH5BAEKAAEALAAAAAABAAEAAAICTAEAOw==\" style=\"--smush-placeholder-width: 800px; --smush-placeholder-aspect-ratio: 800\/800;\" \/><noscript><img decoding=\"async\" width=\"800\" height=\"800\" src=\"https:\/\/lirolight.com\/wp-content\/uploads\/2025\/07\/Battery-Wireless-Led-Uplight-9x18w-4.jpg\" alt=\"\" class=\"wp-image-8755\" srcset=\"https:\/\/lirolight.com\/wp-content\/uploads\/2025\/07\/Battery-Wireless-Led-Uplight-9x18w-4.jpg 800w, https:\/\/lirolight.com\/wp-content\/uploads\/2025\/07\/Battery-Wireless-Led-Uplight-9x18w-4-300x300.jpg 300w, https:\/\/lirolight.com\/wp-content\/uploads\/2025\/07\/Battery-Wireless-Led-Uplight-9x18w-4-150x150.jpg 150w, https:\/\/lirolight.com\/wp-content\/uploads\/2025\/07\/Battery-Wireless-Led-Uplight-9x18w-4-768x768.jpg 768w, https:\/\/lirolight.com\/wp-content\/uploads\/2025\/07\/Battery-Wireless-Led-Uplight-9x18w-4-12x12.jpg 12w, https:\/\/lirolight.com\/wp-content\/uploads\/2025\/07\/Battery-Wireless-Led-Uplight-9x18w-4-441x441.jpg 441w, https:\/\/lirolight.com\/wp-content\/uploads\/2025\/07\/Battery-Wireless-Led-Uplight-9x18w-4-100x100.jpg 100w, https:\/\/lirolight.com\/wp-content\/uploads\/2025\/07\/Battery-Wireless-Led-Uplight-9x18w-4-40x40.jpg 40w\" sizes=\"(max-width: 800px) 100vw, 800px\" \/><\/noscript><\/figure>\n<\/div>\n\n\n\n<div class=\"wp-block-column is-layout-flow wp-block-column-is-layout-flow\">\n<figure class=\"wp-block-image size-full\"><img loading=\"lazy\" decoding=\"async\" width=\"800\" height=\"800\" data-src=\"https:\/\/lirolight.com\/wp-content\/uploads\/2025\/07\/Battery-Wireless-Led-Uplight-9x18w-3.jpg\" alt=\"\" class=\"wp-image-8754 lazyload\" data-srcset=\"https:\/\/lirolight.com\/wp-content\/uploads\/2025\/07\/Battery-Wireless-Led-Uplight-9x18w-3.jpg 800w, https:\/\/lirolight.com\/wp-content\/uploads\/2025\/07\/Battery-Wireless-Led-Uplight-9x18w-3-300x300.jpg 300w, https:\/\/lirolight.com\/wp-content\/uploads\/2025\/07\/Battery-Wireless-Led-Uplight-9x18w-3-150x150.jpg 150w, https:\/\/lirolight.com\/wp-content\/uploads\/2025\/07\/Battery-Wireless-Led-Uplight-9x18w-3-768x768.jpg 768w, https:\/\/lirolight.com\/wp-content\/uploads\/2025\/07\/Battery-Wireless-Led-Uplight-9x18w-3-12x12.jpg 12w, https:\/\/lirolight.com\/wp-content\/uploads\/2025\/07\/Battery-Wireless-Led-Uplight-9x18w-3-441x441.jpg 441w, https:\/\/lirolight.com\/wp-content\/uploads\/2025\/07\/Battery-Wireless-Led-Uplight-9x18w-3-100x100.jpg 100w, https:\/\/lirolight.com\/wp-content\/uploads\/2025\/07\/Battery-Wireless-Led-Uplight-9x18w-3-40x40.jpg 40w\" data-sizes=\"(max-width: 800px) 100vw, 800px\" src=\"data:image\/gif;base64,R0lGODlhAQABAAAAACH5BAEKAAEALAAAAAABAAEAAAICTAEAOw==\" style=\"--smush-placeholder-width: 800px; --smush-placeholder-aspect-ratio: 800\/800;\" \/><noscript><img loading=\"lazy\" decoding=\"async\" width=\"800\" height=\"800\" src=\"https:\/\/lirolight.com\/wp-content\/uploads\/2025\/07\/Battery-Wireless-Led-Uplight-9x18w-3.jpg\" alt=\"\" class=\"wp-image-8754\" srcset=\"https:\/\/lirolight.com\/wp-content\/uploads\/2025\/07\/Battery-Wireless-Led-Uplight-9x18w-3.jpg 800w, https:\/\/lirolight.com\/wp-content\/uploads\/2025\/07\/Battery-Wireless-Led-Uplight-9x18w-3-300x300.jpg 300w, https:\/\/lirolight.com\/wp-content\/uploads\/2025\/07\/Battery-Wireless-Led-Uplight-9x18w-3-150x150.jpg 150w, https:\/\/lirolight.com\/wp-content\/uploads\/2025\/07\/Battery-Wireless-Led-Uplight-9x18w-3-768x768.jpg 768w, https:\/\/lirolight.com\/wp-content\/uploads\/2025\/07\/Battery-Wireless-Led-Uplight-9x18w-3-12x12.jpg 12w, https:\/\/lirolight.com\/wp-content\/uploads\/2025\/07\/Battery-Wireless-Led-Uplight-9x18w-3-441x441.jpg 441w, https:\/\/lirolight.com\/wp-content\/uploads\/2025\/07\/Battery-Wireless-Led-Uplight-9x18w-3-100x100.jpg 100w, https:\/\/lirolight.com\/wp-content\/uploads\/2025\/07\/Battery-Wireless-Led-Uplight-9x18w-3-40x40.jpg 40w\" sizes=\"(max-width: 800px) 100vw, 800px\" \/><\/noscript><\/figure>\n<\/div>\n\n\n\n<div class=\"wp-block-column is-layout-flow wp-block-column-is-layout-flow\">\n<figure class=\"wp-block-image size-full\"><img loading=\"lazy\" decoding=\"async\" width=\"800\" height=\"800\" data-src=\"https:\/\/lirolight.com\/wp-content\/uploads\/2025\/07\/Battery-Wireless-Led-Uplight-9x18w-5.jpg\" alt=\"\" class=\"wp-image-8756 lazyload\" data-srcset=\"https:\/\/lirolight.com\/wp-content\/uploads\/2025\/07\/Battery-Wireless-Led-Uplight-9x18w-5.jpg 800w, https:\/\/lirolight.com\/wp-content\/uploads\/2025\/07\/Battery-Wireless-Led-Uplight-9x18w-5-300x300.jpg 300w, https:\/\/lirolight.com\/wp-content\/uploads\/2025\/07\/Battery-Wireless-Led-Uplight-9x18w-5-150x150.jpg 150w, https:\/\/lirolight.com\/wp-content\/uploads\/2025\/07\/Battery-Wireless-Led-Uplight-9x18w-5-768x768.jpg 768w, https:\/\/lirolight.com\/wp-content\/uploads\/2025\/07\/Battery-Wireless-Led-Uplight-9x18w-5-12x12.jpg 12w, https:\/\/lirolight.com\/wp-content\/uploads\/2025\/07\/Battery-Wireless-Led-Uplight-9x18w-5-441x441.jpg 441w, https:\/\/lirolight.com\/wp-content\/uploads\/2025\/07\/Battery-Wireless-Led-Uplight-9x18w-5-100x100.jpg 100w, https:\/\/lirolight.com\/wp-content\/uploads\/2025\/07\/Battery-Wireless-Led-Uplight-9x18w-5-40x40.jpg 40w\" data-sizes=\"(max-width: 800px) 100vw, 800px\" src=\"data:image\/gif;base64,R0lGODlhAQABAAAAACH5BAEKAAEALAAAAAABAAEAAAICTAEAOw==\" style=\"--smush-placeholder-width: 800px; --smush-placeholder-aspect-ratio: 800\/800;\" \/><noscript><img loading=\"lazy\" decoding=\"async\" width=\"800\" height=\"800\" src=\"https:\/\/lirolight.com\/wp-content\/uploads\/2025\/07\/Battery-Wireless-Led-Uplight-9x18w-5.jpg\" alt=\"\" class=\"wp-image-8756\" srcset=\"https:\/\/lirolight.com\/wp-content\/uploads\/2025\/07\/Battery-Wireless-Led-Uplight-9x18w-5.jpg 800w, https:\/\/lirolight.com\/wp-content\/uploads\/2025\/07\/Battery-Wireless-Led-Uplight-9x18w-5-300x300.jpg 300w, https:\/\/lirolight.com\/wp-content\/uploads\/2025\/07\/Battery-Wireless-Led-Uplight-9x18w-5-150x150.jpg 150w, https:\/\/lirolight.com\/wp-content\/uploads\/2025\/07\/Battery-Wireless-Led-Uplight-9x18w-5-768x768.jpg 768w, https:\/\/lirolight.com\/wp-content\/uploads\/2025\/07\/Battery-Wireless-Led-Uplight-9x18w-5-12x12.jpg 12w, https:\/\/lirolight.com\/wp-content\/uploads\/2025\/07\/Battery-Wireless-Led-Uplight-9x18w-5-441x441.jpg 441w, https:\/\/lirolight.com\/wp-content\/uploads\/2025\/07\/Battery-Wireless-Led-Uplight-9x18w-5-100x100.jpg 100w, https:\/\/lirolight.com\/wp-content\/uploads\/2025\/07\/Battery-Wireless-Led-Uplight-9x18w-5-40x40.jpg 40w\" sizes=\"(max-width: 800px) 100vw, 800px\" \/><\/noscript><\/figure>\n<\/div>\n<\/div>\n<\/div>\n<\/div>\n\n\n\n<figure class=\"wp-block-image alignwide size-full\"><img loading=\"lazy\" decoding=\"async\" width=\"720\" height=\"720\" data-src=\"https:\/\/lirolight.com\/wp-content\/uploads\/2025\/07\/Battery-Wireless-Led-Uplight-9x18w-2.png\" alt=\"\" class=\"wp-image-8753 lazyload\" data-srcset=\"https:\/\/lirolight.com\/wp-content\/uploads\/2025\/07\/Battery-Wireless-Led-Uplight-9x18w-2.png 720w, https:\/\/lirolight.com\/wp-content\/uploads\/2025\/07\/Battery-Wireless-Led-Uplight-9x18w-2-300x300.png 300w, https:\/\/lirolight.com\/wp-content\/uploads\/2025\/07\/Battery-Wireless-Led-Uplight-9x18w-2-150x150.png 150w, https:\/\/lirolight.com\/wp-content\/uploads\/2025\/07\/Battery-Wireless-Led-Uplight-9x18w-2-12x12.png 12w, https:\/\/lirolight.com\/wp-content\/uploads\/2025\/07\/Battery-Wireless-Led-Uplight-9x18w-2-441x441.png 441w, https:\/\/lirolight.com\/wp-content\/uploads\/2025\/07\/Battery-Wireless-Led-Uplight-9x18w-2-100x100.png 100w, https:\/\/lirolight.com\/wp-content\/uploads\/2025\/07\/Battery-Wireless-Led-Uplight-9x18w-2-40x40.png 40w\" data-sizes=\"(max-width: 720px) 100vw, 720px\" src=\"data:image\/gif;base64,R0lGODlhAQABAAAAACH5BAEKAAEALAAAAAABAAEAAAICTAEAOw==\" style=\"--smush-placeholder-width: 720px; --smush-placeholder-aspect-ratio: 720\/720;\" \/><noscript><img loading=\"lazy\" decoding=\"async\" width=\"720\" height=\"720\" src=\"https:\/\/lirolight.com\/wp-content\/uploads\/2025\/07\/Battery-Wireless-Led-Uplight-9x18w-2.png\" alt=\"\" class=\"wp-image-8753\" srcset=\"https:\/\/lirolight.com\/wp-content\/uploads\/2025\/07\/Battery-Wireless-Led-Uplight-9x18w-2.png 720w, https:\/\/lirolight.com\/wp-content\/uploads\/2025\/07\/Battery-Wireless-Led-Uplight-9x18w-2-300x300.png 300w, https:\/\/lirolight.com\/wp-content\/uploads\/2025\/07\/Battery-Wireless-Led-Uplight-9x18w-2-150x150.png 150w, https:\/\/lirolight.com\/wp-content\/uploads\/2025\/07\/Battery-Wireless-Led-Uplight-9x18w-2-12x12.png 12w, https:\/\/lirolight.com\/wp-content\/uploads\/2025\/07\/Battery-Wireless-Led-Uplight-9x18w-2-441x441.png 441w, https:\/\/lirolight.com\/wp-content\/uploads\/2025\/07\/Battery-Wireless-Led-Uplight-9x18w-2-100x100.png 100w, https:\/\/lirolight.com\/wp-content\/uploads\/2025\/07\/Battery-Wireless-Led-Uplight-9x18w-2-40x40.png 40w\" sizes=\"(max-width: 720px) 100vw, 720px\" \/><\/noscript><\/figure>\n\n\n\n<h2 class=\"wp-block-heading\">Sp\u00e9cification :<\/h2>\n\n\n\n<ul class=\"wp-block-list\">\n<li>9pcs 18W RGBWAP 6in1 LED<\/li>\n\n\n\n<li>Sans fil<\/li>\n\n\n\n<li>Batterie 13200MAH<\/li>\n<\/ul>\n<\/div>\n<\/div>\n<\/div>\n<\/div>\n\n\n\n<div class=\"wp-block-columns is-layout-flex wp-container-core-columns-is-layout-28f84493 wp-block-columns-is-layout-flex\">\n<div class=\"wp-block-column is-layout-flow wp-block-column-is-layout-flow\">\n<h2 class=\"wp-block-heading\"><strong>Param\u00e8tre :<\/strong><\/h2>\n\n\n\n<figure class=\"wp-block-table\"><table class=\"has-fixed-layout\"><tbody><tr><td>Tension d'entr\u00e9e<\/td><td>AC100-220V, 50\/60Hz<\/td><\/tr><tr><td>Puissance<\/td><td>180W<\/td><\/tr><tr><td>Angle du faisceau<\/td><td>25\u00b0<\/td><\/tr><tr><td>Dur\u00e9e de fonctionnement de la batterie<\/td><td>10 heures<\/td><\/tr><tr><td>Modes de contr\u00f4le<\/td><td>DMX\/Wifi App\/ IR remote\/ Wireless\/auto run\/master slave<\/td><\/tr><tr><td>Cha\u00eene<\/td><td>6\/10 Cha\u00eene<\/td><\/tr><\/tbody><\/table><\/figure>\n<\/div>\n<\/div>\n\n\n\n<h2 class=\"wp-block-heading\"><strong>Caract\u00e9ristiques :<\/strong><\/h2>\n\n\n\n<ul class=\"wp-block-list\">\n<li>Conception sans fil : La lampe est sans fil, ce qui \u00e9limine le probl\u00e8me des c\u00e2bles et permet une grande souplesse d'installation et d'utilisation.<\/li>\n\n\n\n<li>Alimentation par batterie : \u00c9quip\u00e9 d'une batterie int\u00e9gr\u00e9e, il ne n\u00e9cessite pas de source d'alimentation externe, ce qui le rend adapt\u00e9 aux lieux ext\u00e9rieurs ou \u00e9loign\u00e9s o\u00f9 il n'y a pas de prise de courant.<\/li>\n\n\n\n<li>Spectre de couleurs RGBWAP : il prend en charge les couleurs RGBWA+UV (rouge, vert, bleu, blanc, ambre et UV), offrant un large \u00e9ventail de teintes qui peuvent \u00eatre m\u00e9lang\u00e9es et assorties pour cr\u00e9er divers effets d'\u00e9clairage.<\/li>\n\n\n\n<li>Contr\u00f4le multifonctionnel : La lampe offre de multiples options de contr\u00f4le, notamment DMX512, t\u00e9l\u00e9commande IR, contr\u00f4le ma\u00eetre-esclave sans fil, mode automatique et activation sonore, afin de r\u00e9pondre aux diff\u00e9rentes pr\u00e9f\u00e9rences et sc\u00e9narios de contr\u00f4le.<\/li>\n\n\n\n<li>Efficacit\u00e9 \u00e9nerg\u00e9tique et longue dur\u00e9e de vie : Dot\u00e9 de sources lumineuses LED, il consomme peu d'\u00e9nergie tout en offrant une grande efficacit\u00e9 lumineuse et une longue dur\u00e9e de vie, r\u00e9duisant ainsi les co\u00fbts de maintenance et l'impact sur l'environnement.<\/li>\n<\/ul>\n\n\n\n<div class=\"wp-block-columns is-layout-flex wp-container-core-columns-is-layout-28f84493 wp-block-columns-is-layout-flex\">\n<div class=\"wp-block-column is-layout-flow wp-block-column-is-layout-flow\"><\/div>\n<\/div>","protected":false},"excerpt":{"rendered":"<div class=\"QFw9Te BLojaf\">\n<div class=\"hlJJmd\">\n<div class=\"Bmcqed\" dir=\"ltr\">\n<div data-id=\"kvLWu\">Cette lampe LED sans fil \u00e0 batterie est une solution d'\u00e9clairage polyvalente. Sa conception sans fil vous lib\u00e8re des c\u00e2bles et permet un placement flexible. Aliment\u00e9e par une batterie de 13200mAh, elle fonctionne sans prise de courant, ce qui est parfait pour les mariages, les f\u00eates et les \u00e9v\u00e9nements isol\u00e9s. Offrant un spectre RGBWAP+UV, il cr\u00e9e une vaste gamme de couleurs pour des effets vari\u00e9s. Le contr\u00f4le est flexible via DMX512, une t\u00e9l\u00e9commande IR, ou de mani\u00e8re pratique via une application pour t\u00e9l\u00e9phone\/WiFi. Les LED 18W \u00e0 haute efficacit\u00e9 \u00e9nerg\u00e9tique garantissent une longue dur\u00e9e de vie et une faible consommation d'\u00e9nergie. Id\u00e9al pour l'\u00e9clairage de sc\u00e8ne, il rehausse toute c\u00e9l\u00e9bration avec facilit\u00e9 et style.<\/div>\n<\/div>\n<\/div>\n<\/div>\n<div class=\"DVHrxd\">\u00a0<\/div>\n<div class=\"UdTY9 BwTYAc leDWne\" aria-hidden=\"true\" data-location=\"1\">\u00a0<\/div>\n<p>&nbsp;<\/p>\n<blockquote><p>\u00a0<\/p><\/blockquote>\n<p>&nbsp;<\/p>","protected":false},"featured_media":8752,"comment_status":"open","ping_status":"closed","template":"","meta":[],"product_brand":[],"product_cat":[83],"product_tag":[180,128,125,126,127],"class_list":{"0":"post-8750","1":"product","2":"type-product","3":"status-publish","4":"has-post-thumbnail","6":"product_cat-battery-wireless-light","7":"product_tag-918w-battery-uplights","8":"product_tag-battery-par-lights-rgba-uv","9":"product_tag-dj-uplights","10":"product_tag-uplights","11":"product_tag-wireless-uplights","13":"first","14":"instock","15":"shipping-taxable","16":"product-type-simple"},"_links":{"self":[{"href":"https:\/\/lirolight.com\/fr\/wp-json\/wp\/v2\/product\/8750","targetHints":{"allow":["GET"]}}],"collection":[{"href":"https:\/\/lirolight.com\/fr\/wp-json\/wp\/v2\/product"}],"about":[{"href":"https:\/\/lirolight.com\/fr\/wp-json\/wp\/v2\/types\/product"}],"replies":[{"embeddable":true,"href":"https:\/\/lirolight.com\/fr\/wp-json\/wp\/v2\/comments?post=8750"}],"version-history":[{"count":5,"href":"https:\/\/lirolight.com\/fr\/wp-json\/wp\/v2\/product\/8750\/revisions"}],"predecessor-version":[{"id":10630,"href":"https:\/\/lirolight.com\/fr\/wp-json\/wp\/v2\/product\/8750\/revisions\/10630"}],"wp:featuredmedia":[{"embeddable":true,"href":"https:\/\/lirolight.com\/fr\/wp-json\/wp\/v2\/media\/8752"}],"wp:attachment":[{"href":"https:\/\/lirolight.com\/fr\/wp-json\/wp\/v2\/media?parent=8750"}],"wp:term":[{"taxonomy":"product_brand","embeddable":true,"href":"https:\/\/lirolight.com\/fr\/wp-json\/wp\/v2\/product_brand?post=8750"},{"taxonomy":"product_cat","embeddable":true,"href":"https:\/\/lirolight.com\/fr\/wp-json\/wp\/v2\/product_cat?post=8750"},{"taxonomy":"product_tag","embeddable":true,"href":"https:\/\/lirolight.com\/fr\/wp-json\/wp\/v2\/product_tag?post=8750"}],"curies":[{"name":"wp","href":"https:\/\/api.w.org\/{rel}","templated":true}]}}