{"id":8883,"date":"2025-07-30T01:35:09","date_gmt":"2025-07-30T01:35:09","guid":{"rendered":"https:\/\/lirolight.com\/?post_type=product&#038;p=8883"},"modified":"2026-01-13T03:38:38","modified_gmt":"2026-01-13T03:38:38","slug":"liro-lite-9x18w-par-led-battery-powered-wireless-dmx-stage-wash-up-light-rgbwauv-led-wireless-par-light-remote-control-uplights","status":"publish","type":"product","link":"https:\/\/lirolight.com\/fr\/produit\/liro-lite-9x18w-par-led-battery-powered-wireless-dmx-stage-wash-up-light-rgbwauv-led-wireless-par-light-remote-control-uplights\/","title":{"rendered":"LiRO-LITE 9X18w Par Led Battery Powered Wireless Dmx Stage Wash up Light RGBWA+Uv Led Wireless Par Light Remote Control Uplights"},"content":{"rendered":"<h2 class=\"wp-block-heading\"><strong><mark style=\"background-color:#000000\" class=\"has-inline-color has-white-color\">Batterie LR-IP C918<\/mark><\/strong><\/h2>\n\n\n\n<p>Cette lampe PAR sans fil RGBAW UV 9x18W aliment\u00e9e par batterie est une solution polyvalente de lavage de sc\u00e8ne, offrant un m\u00e9lange de couleurs RGBAW+UV vibrantes pour des effets d'\u00e9clairage dynamiques. Avec une batterie de 13200mAh, elle offre 20 heures d'utilisation d'une seule couleur, 3 heures avec toutes les LED allum\u00e9es, et 7 heures en mode automatique. Le chargement en 5 heures assure une disponibilit\u00e9 rapide, tandis que le DMX sans fil et la t\u00e9l\u00e9commande permettent un fonctionnement flexible et sans c\u00e2ble. Id\u00e9al pour les \u00e9v\u00e9nements, les f\u00eates ou les spectacles, ce projecteur portable fournit un \u00e9clairage professionnel sans contrainte de puissance, ce qui le rend parfait pour les besoins d'\u00e9clairage en d\u00e9placement.<\/p>\n\n\n\n<hr class=\"wp-block-separator has-alpha-channel-opacity\"\/>\n\n\n\n<h2 class=\"wp-block-heading\">Photos :<\/h2>\n\n\n\n<figure class=\"wp-block-image aligncenter size-full\"><img fetchpriority=\"high\" decoding=\"async\" width=\"650\" height=\"650\" src=\"https:\/\/lirolight.com\/wp-content\/uploads\/2025\/07\/Battery-C918-2.jpg\" alt=\"\" class=\"wp-image-8885\" srcset=\"https:\/\/lirolight.com\/wp-content\/uploads\/2025\/07\/Battery-C918-2.jpg 650w, https:\/\/lirolight.com\/wp-content\/uploads\/2025\/07\/Battery-C918-2-300x300.jpg 300w, https:\/\/lirolight.com\/wp-content\/uploads\/2025\/07\/Battery-C918-2-150x150.jpg 150w, https:\/\/lirolight.com\/wp-content\/uploads\/2025\/07\/Battery-C918-2-12x12.jpg 12w, https:\/\/lirolight.com\/wp-content\/uploads\/2025\/07\/Battery-C918-2-441x441.jpg 441w, https:\/\/lirolight.com\/wp-content\/uploads\/2025\/07\/Battery-C918-2-100x100.jpg 100w, https:\/\/lirolight.com\/wp-content\/uploads\/2025\/07\/Battery-C918-2-40x40.jpg 40w\" sizes=\"(max-width: 650px) 100vw, 650px\" \/><\/figure>\n\n\n\n<div class=\"wp-block-columns is-layout-flex wp-container-core-columns-is-layout-28f84493 wp-block-columns-is-layout-flex\">\n<div class=\"wp-block-column is-layout-flow wp-block-column-is-layout-flow\">\n<div class=\"wp-block-columns is-layout-flex wp-container-core-columns-is-layout-28f84493 wp-block-columns-is-layout-flex\">\n<div class=\"wp-block-column is-layout-flow wp-block-column-is-layout-flow\">\n<figure class=\"wp-block-image size-full\"><img decoding=\"async\" width=\"650\" height=\"650\" data-src=\"https:\/\/lirolight.com\/wp-content\/uploads\/2025\/07\/Battery-C918-1.jpg\" alt=\"\" class=\"wp-image-8884 lazyload\" data-srcset=\"https:\/\/lirolight.com\/wp-content\/uploads\/2025\/07\/Battery-C918-1.jpg 650w, https:\/\/lirolight.com\/wp-content\/uploads\/2025\/07\/Battery-C918-1-300x300.jpg 300w, https:\/\/lirolight.com\/wp-content\/uploads\/2025\/07\/Battery-C918-1-150x150.jpg 150w, https:\/\/lirolight.com\/wp-content\/uploads\/2025\/07\/Battery-C918-1-12x12.jpg 12w, https:\/\/lirolight.com\/wp-content\/uploads\/2025\/07\/Battery-C918-1-441x441.jpg 441w, https:\/\/lirolight.com\/wp-content\/uploads\/2025\/07\/Battery-C918-1-100x100.jpg 100w, https:\/\/lirolight.com\/wp-content\/uploads\/2025\/07\/Battery-C918-1-40x40.jpg 40w\" data-sizes=\"(max-width: 650px) 100vw, 650px\" src=\"data:image\/gif;base64,R0lGODlhAQABAAAAACH5BAEKAAEALAAAAAABAAEAAAICTAEAOw==\" style=\"--smush-placeholder-width: 650px; --smush-placeholder-aspect-ratio: 650\/650;\" \/><noscript><img decoding=\"async\" width=\"650\" height=\"650\" src=\"https:\/\/lirolight.com\/wp-content\/uploads\/2025\/07\/Battery-C918-1.jpg\" alt=\"\" class=\"wp-image-8884\" srcset=\"https:\/\/lirolight.com\/wp-content\/uploads\/2025\/07\/Battery-C918-1.jpg 650w, https:\/\/lirolight.com\/wp-content\/uploads\/2025\/07\/Battery-C918-1-300x300.jpg 300w, https:\/\/lirolight.com\/wp-content\/uploads\/2025\/07\/Battery-C918-1-150x150.jpg 150w, https:\/\/lirolight.com\/wp-content\/uploads\/2025\/07\/Battery-C918-1-12x12.jpg 12w, https:\/\/lirolight.com\/wp-content\/uploads\/2025\/07\/Battery-C918-1-441x441.jpg 441w, https:\/\/lirolight.com\/wp-content\/uploads\/2025\/07\/Battery-C918-1-100x100.jpg 100w, https:\/\/lirolight.com\/wp-content\/uploads\/2025\/07\/Battery-C918-1-40x40.jpg 40w\" sizes=\"(max-width: 650px) 100vw, 650px\" \/><\/noscript><\/figure>\n<\/div>\n\n\n\n<div class=\"wp-block-column is-layout-flow wp-block-column-is-layout-flow\">\n<figure class=\"wp-block-image size-full\"><img decoding=\"async\" width=\"650\" height=\"650\" data-src=\"https:\/\/lirolight.com\/wp-content\/uploads\/2025\/07\/Battery-C918-3.jpg\" alt=\"\" class=\"wp-image-8886 lazyload\" data-srcset=\"https:\/\/lirolight.com\/wp-content\/uploads\/2025\/07\/Battery-C918-3.jpg 650w, https:\/\/lirolight.com\/wp-content\/uploads\/2025\/07\/Battery-C918-3-300x300.jpg 300w, https:\/\/lirolight.com\/wp-content\/uploads\/2025\/07\/Battery-C918-3-150x150.jpg 150w, https:\/\/lirolight.com\/wp-content\/uploads\/2025\/07\/Battery-C918-3-12x12.jpg 12w, https:\/\/lirolight.com\/wp-content\/uploads\/2025\/07\/Battery-C918-3-441x441.jpg 441w, https:\/\/lirolight.com\/wp-content\/uploads\/2025\/07\/Battery-C918-3-100x100.jpg 100w, https:\/\/lirolight.com\/wp-content\/uploads\/2025\/07\/Battery-C918-3-40x40.jpg 40w\" data-sizes=\"(max-width: 650px) 100vw, 650px\" src=\"data:image\/gif;base64,R0lGODlhAQABAAAAACH5BAEKAAEALAAAAAABAAEAAAICTAEAOw==\" style=\"--smush-placeholder-width: 650px; --smush-placeholder-aspect-ratio: 650\/650;\" \/><noscript><img decoding=\"async\" width=\"650\" height=\"650\" src=\"https:\/\/lirolight.com\/wp-content\/uploads\/2025\/07\/Battery-C918-3.jpg\" alt=\"\" class=\"wp-image-8886\" srcset=\"https:\/\/lirolight.com\/wp-content\/uploads\/2025\/07\/Battery-C918-3.jpg 650w, https:\/\/lirolight.com\/wp-content\/uploads\/2025\/07\/Battery-C918-3-300x300.jpg 300w, https:\/\/lirolight.com\/wp-content\/uploads\/2025\/07\/Battery-C918-3-150x150.jpg 150w, https:\/\/lirolight.com\/wp-content\/uploads\/2025\/07\/Battery-C918-3-12x12.jpg 12w, https:\/\/lirolight.com\/wp-content\/uploads\/2025\/07\/Battery-C918-3-441x441.jpg 441w, https:\/\/lirolight.com\/wp-content\/uploads\/2025\/07\/Battery-C918-3-100x100.jpg 100w, https:\/\/lirolight.com\/wp-content\/uploads\/2025\/07\/Battery-C918-3-40x40.jpg 40w\" sizes=\"(max-width: 650px) 100vw, 650px\" \/><\/noscript><\/figure>\n<\/div>\n<\/div>\n<\/div>\n<\/div>\n\n\n\n<h2 class=\"wp-block-heading\">Sp\u00e9cification :<\/h2>\n\n\n\n<ul class=\"wp-block-list\">\n<li>Application WIFI<\/li>\n\n\n\n<li>9x18W RGBAW UV<\/li>\n\n\n\n<li>Sans fil aliment\u00e9 par batterie<\/li>\n\n\n\n<li>Capacit\u00e9 de la batterie : 13200MAH<\/li>\n\n\n\n<li>Temps de charge : 5 heures<\/li>\n\n\n\n<li>Dur\u00e9e d'utilisation de la batterie :<\/li>\n\n\n\n<li>Une couleur:20 heures,<\/li>\n\n\n\n<li>Toutes les LED sont allum\u00e9es pendant 3 heures<\/li>\n\n\n\n<li>Mode de fonctionnement automatique : 7 heures<\/li>\n<\/ul>\n\n\n\n<div class=\"wp-block-columns is-layout-flex wp-container-core-columns-is-layout-28f84493 wp-block-columns-is-layout-flex\">\n<div class=\"wp-block-column is-layout-flow wp-block-column-is-layout-flow\">\n<h2 class=\"wp-block-heading\"><strong>Param\u00e8tre :<\/strong><\/h2>\n\n\n\n<figure class=\"wp-block-table\"><table class=\"has-fixed-layout\"><tbody><tr><td>Consommation \u00e9lectrique<\/td><td>120W<\/td><\/tr><tr><td>Enveloppe<\/td><td>Corps enti\u00e8rement en aluminium, meilleure dissipation de la chaleur<\/td><\/tr><tr><td>Dur\u00e9e de vie des diodes \u00e9lectroluminescentes<\/td><td>50000 heures<\/td><\/tr><tr><td>Angle de la LED<\/td><td>25\/40 degr\u00e9s<\/td><\/tr><tr><td>Couleur<\/td><td>16,7 millions de couleurs diff\u00e9rentes<\/td><\/tr><tr><td>Canaux de contr\u00f4le<\/td><td>6\/11 CanalDMX<\/td><\/tr><tr><td>Menu d'exploitation<\/td><td>Affichage num\u00e9rique \u00e0 4 chiffres par LED<\/td><\/tr><tr><td>Capacit\u00e9 de la batterie<\/td><td>13200MAH<\/td><\/tr><\/tbody><\/table><\/figure>\n<\/div>\n<\/div>\n\n\n\n<h2 class=\"wp-block-heading\">Heure du spectacle :<\/h2>\n\n\n\n<div class=\"wp-block-columns is-layout-flex wp-container-core-columns-is-layout-28f84493 wp-block-columns-is-layout-flex\">\n<div class=\"wp-block-column is-layout-flow wp-block-column-is-layout-flow\">\n<figure class=\"wp-block-image alignwide size-large\"><img loading=\"lazy\" decoding=\"async\" width=\"1024\" height=\"1024\" data-src=\"https:\/\/lirolight.com\/wp-content\/uploads\/2025\/07\/Battery-C918-6-1024x1024.jpg\" alt=\"\" class=\"wp-image-8889 lazyload\" data-srcset=\"https:\/\/lirolight.com\/wp-content\/uploads\/2025\/07\/Battery-C918-6-1024x1024.jpg 1024w, https:\/\/lirolight.com\/wp-content\/uploads\/2025\/07\/Battery-C918-6-300x300.jpg 300w, https:\/\/lirolight.com\/wp-content\/uploads\/2025\/07\/Battery-C918-6-150x150.jpg 150w, https:\/\/lirolight.com\/wp-content\/uploads\/2025\/07\/Battery-C918-6-768x768.jpg 768w, https:\/\/lirolight.com\/wp-content\/uploads\/2025\/07\/Battery-C918-6-12x12.jpg 12w, https:\/\/lirolight.com\/wp-content\/uploads\/2025\/07\/Battery-C918-6-990x990.jpg 990w, https:\/\/lirolight.com\/wp-content\/uploads\/2025\/07\/Battery-C918-6-441x441.jpg 441w, https:\/\/lirolight.com\/wp-content\/uploads\/2025\/07\/Battery-C918-6-100x100.jpg 100w, https:\/\/lirolight.com\/wp-content\/uploads\/2025\/07\/Battery-C918-6-800x800.jpg 800w, https:\/\/lirolight.com\/wp-content\/uploads\/2025\/07\/Battery-C918-6-40x40.jpg 40w, https:\/\/lirolight.com\/wp-content\/uploads\/2025\/07\/Battery-C918-6.jpg 1200w\" data-sizes=\"(max-width: 1024px) 100vw, 1024px\" src=\"data:image\/gif;base64,R0lGODlhAQABAAAAACH5BAEKAAEALAAAAAABAAEAAAICTAEAOw==\" style=\"--smush-placeholder-width: 1024px; --smush-placeholder-aspect-ratio: 1024\/1024;\" \/><noscript><img loading=\"lazy\" decoding=\"async\" width=\"1024\" height=\"1024\" src=\"https:\/\/lirolight.com\/wp-content\/uploads\/2025\/07\/Battery-C918-6-1024x1024.jpg\" alt=\"\" class=\"wp-image-8889\" srcset=\"https:\/\/lirolight.com\/wp-content\/uploads\/2025\/07\/Battery-C918-6-1024x1024.jpg 1024w, https:\/\/lirolight.com\/wp-content\/uploads\/2025\/07\/Battery-C918-6-300x300.jpg 300w, https:\/\/lirolight.com\/wp-content\/uploads\/2025\/07\/Battery-C918-6-150x150.jpg 150w, https:\/\/lirolight.com\/wp-content\/uploads\/2025\/07\/Battery-C918-6-768x768.jpg 768w, https:\/\/lirolight.com\/wp-content\/uploads\/2025\/07\/Battery-C918-6-12x12.jpg 12w, https:\/\/lirolight.com\/wp-content\/uploads\/2025\/07\/Battery-C918-6-990x990.jpg 990w, https:\/\/lirolight.com\/wp-content\/uploads\/2025\/07\/Battery-C918-6-441x441.jpg 441w, https:\/\/lirolight.com\/wp-content\/uploads\/2025\/07\/Battery-C918-6-100x100.jpg 100w, https:\/\/lirolight.com\/wp-content\/uploads\/2025\/07\/Battery-C918-6-800x800.jpg 800w, https:\/\/lirolight.com\/wp-content\/uploads\/2025\/07\/Battery-C918-6-40x40.jpg 40w, https:\/\/lirolight.com\/wp-content\/uploads\/2025\/07\/Battery-C918-6.jpg 1200w\" sizes=\"(max-width: 1024px) 100vw, 1024px\" \/><\/noscript><\/figure>\n<\/div>\n<\/div>","protected":false},"excerpt":{"rendered":"<div class=\"QFw9Te BLojaf\">\n<div class=\"hlJJmd\">\n<div class=\"Bmcqed\" dir=\"ltr\">\n<div data-id=\"kvLWu\">Cette lampe PAR sans fil RGBAW UV 9x18W aliment\u00e9e par batterie est une solution polyvalente de lavage de sc\u00e8ne, offrant un m\u00e9lange de couleurs RGBAW+UV vibrantes pour des effets d'\u00e9clairage dynamiques. Avec une batterie de 13200mAh, elle offre 20 heures d'utilisation d'une seule couleur, 3 heures avec toutes les LED allum\u00e9es, et 7 heures en mode automatique. Le chargement en 5 heures assure une disponibilit\u00e9 rapide, tandis que le DMX sans fil et la t\u00e9l\u00e9commande permettent un fonctionnement flexible et sans c\u00e2ble. Id\u00e9al pour les \u00e9v\u00e9nements, les f\u00eates ou les spectacles, ce projecteur portable fournit un \u00e9clairage professionnel sans contrainte de puissance, ce qui le rend parfait pour les besoins d'\u00e9clairage en d\u00e9placement.<\/div>\n<\/div>\n<\/div>\n<\/div>\n<div class=\"DVHrxd\">\u00a0<\/div>\n<div class=\"UdTY9 BwTYAc leDWne\" aria-hidden=\"true\" data-location=\"1\">\u00a0<\/div>\n<p>&nbsp;<\/p>\n<blockquote><p>\u00a0<\/p><\/blockquote>\n<p>&nbsp;<\/p>","protected":false},"featured_media":8885,"comment_status":"open","ping_status":"closed","template":"","meta":[],"product_brand":[],"product_cat":[83],"product_tag":[128,197,196,199,200,198,126,182,127],"class_list":{"0":"post-8883","1":"product","2":"type-product","3":"status-publish","4":"has-post-thumbnail","6":"product_cat-battery-wireless-light","7":"product_tag-battery-par-lights-rgba-uv","8":"product_tag-battery-powered-pan-can","9":"product_tag-led-uplights","10":"product_tag-led-wireless-par-light","11":"product_tag-remote-control-uplights","12":"product_tag-stage-wash-up-light","13":"product_tag-uplights","14":"product_tag-wireless-dmx-uplights","15":"product_tag-wireless-uplights","17":"first","18":"instock","19":"shipping-taxable","20":"product-type-simple"},"_links":{"self":[{"href":"https:\/\/lirolight.com\/fr\/wp-json\/wp\/v2\/product\/8883","targetHints":{"allow":["GET"]}}],"collection":[{"href":"https:\/\/lirolight.com\/fr\/wp-json\/wp\/v2\/product"}],"about":[{"href":"https:\/\/lirolight.com\/fr\/wp-json\/wp\/v2\/types\/product"}],"replies":[{"embeddable":true,"href":"https:\/\/lirolight.com\/fr\/wp-json\/wp\/v2\/comments?post=8883"}],"version-history":[{"count":5,"href":"https:\/\/lirolight.com\/fr\/wp-json\/wp\/v2\/product\/8883\/revisions"}],"predecessor-version":[{"id":10541,"href":"https:\/\/lirolight.com\/fr\/wp-json\/wp\/v2\/product\/8883\/revisions\/10541"}],"wp:featuredmedia":[{"embeddable":true,"href":"https:\/\/lirolight.com\/fr\/wp-json\/wp\/v2\/media\/8885"}],"wp:attachment":[{"href":"https:\/\/lirolight.com\/fr\/wp-json\/wp\/v2\/media?parent=8883"}],"wp:term":[{"taxonomy":"product_brand","embeddable":true,"href":"https:\/\/lirolight.com\/fr\/wp-json\/wp\/v2\/product_brand?post=8883"},{"taxonomy":"product_cat","embeddable":true,"href":"https:\/\/lirolight.com\/fr\/wp-json\/wp\/v2\/product_cat?post=8883"},{"taxonomy":"product_tag","embeddable":true,"href":"https:\/\/lirolight.com\/fr\/wp-json\/wp\/v2\/product_tag?post=8883"}],"curies":[{"name":"wp","href":"https:\/\/api.w.org\/{rel}","templated":true}]}}