{"id":8892,"date":"2025-07-30T01:49:57","date_gmt":"2025-07-30T01:49:57","guid":{"rendered":"https:\/\/lirolight.com\/?post_type=product&#038;p=8892"},"modified":"2026-01-13T03:26:31","modified_gmt":"2026-01-13T03:26:31","slug":"liro-lite-ip65-waterproof-1820w-battery-led-city-color-light-wifi-app-18x20w-rgbwa-uv-6in1-wireless-battery-uplight-led-wall-washer","status":"publish","type":"product","link":"https:\/\/lirolight.com\/fr\/produit\/liro-lite-ip65-waterproof-1820w-battery-led-city-color-light-wifi-app-18x20w-rgbwa-uv-6in1-wireless-battery-uplight-led-wall-washer\/","title":{"rendered":"LiRO-LITE IP65 Waterproof 18*20w Battery Led City Color Light Wifi APP 18x20w RGBWA UV 6in1 Wireless Battery Uplight Led Wall Washer"},"content":{"rendered":"<h2 class=\"wp-block-heading\"><strong><mark style=\"background-color:#000000\" class=\"has-inline-color has-white-color\">Batterie LR-IP C1820<\/mark><\/strong><\/h2>\n\n\n\n<p>Le l\u00e8che-mur \u00e0 LED RGBWA UV 18x20W LiRO-LITE IP65 \u00e9tanche est une solution d'\u00e9clairage professionnelle puissante. Dot\u00e9e de 18 LED 6-en-1 de 20W \u00e0 haut rendement, elle offre un m\u00e9lange de couleurs RGBWA+UV vibrant pour des effets \u00e9poustouflants. Son indice de protection IP65 garantit des performances fiables dans n'importe quel environnement, tandis que le film diffuseur inclus (en option) permet de cr\u00e9er des effets plus doux. Le contr\u00f4le se fait sans effort via l'application iPhone\/Android ou l'\u00e9cran tactile OLED intuitif. Aliment\u00e9 par une batterie robuste de 24 000 mAh, il offre une libert\u00e9 totale sans fil pour les \u00e9v\u00e9nements, les lieux et l'\u00e9clairage architectural, ce qui en fait un choix polyvalent et fiable pour l'\u00e9clairage dynamique.<\/p>\n\n\n\n<hr class=\"wp-block-separator has-alpha-channel-opacity\"\/>\n\n\n\n<h2 class=\"wp-block-heading\">Photos :<\/h2>\n\n\n\n<figure class=\"wp-block-image alignwide size-full\"><img fetchpriority=\"high\" decoding=\"async\" width=\"750\" height=\"827\" src=\"https:\/\/lirolight.com\/wp-content\/uploads\/2025\/07\/IP-BATTERY-C1820-0.jpg\" alt=\"\" class=\"wp-image-8894\" srcset=\"https:\/\/lirolight.com\/wp-content\/uploads\/2025\/07\/IP-BATTERY-C1820-0.jpg 750w, https:\/\/lirolight.com\/wp-content\/uploads\/2025\/07\/IP-BATTERY-C1820-0-272x300.jpg 272w, https:\/\/lirolight.com\/wp-content\/uploads\/2025\/07\/IP-BATTERY-C1820-0-11x12.jpg 11w, https:\/\/lirolight.com\/wp-content\/uploads\/2025\/07\/IP-BATTERY-C1820-0-441x486.jpg 441w, https:\/\/lirolight.com\/wp-content\/uploads\/2025\/07\/IP-BATTERY-C1820-0-300x331.jpg 300w, https:\/\/lirolight.com\/wp-content\/uploads\/2025\/07\/IP-BATTERY-C1820-0-150x165.jpg 150w, https:\/\/lirolight.com\/wp-content\/uploads\/2025\/07\/IP-BATTERY-C1820-0-36x40.jpg 36w\" sizes=\"(max-width: 750px) 100vw, 750px\" \/><\/figure>\n\n\n\n<div class=\"wp-block-columns is-layout-flex wp-container-core-columns-is-layout-28f84493 wp-block-columns-is-layout-flex\">\n<div class=\"wp-block-column is-layout-flow wp-block-column-is-layout-flow\">\n<figure class=\"wp-block-image size-full\"><img decoding=\"async\" width=\"1280\" height=\"1280\" data-src=\"https:\/\/lirolight.com\/wp-content\/uploads\/2025\/07\/IP-BATTERY-C1820-5.jpg\" alt=\"\" class=\"wp-image-8899 lazyload\" data-srcset=\"https:\/\/lirolight.com\/wp-content\/uploads\/2025\/07\/IP-BATTERY-C1820-5.jpg 1280w, https:\/\/lirolight.com\/wp-content\/uploads\/2025\/07\/IP-BATTERY-C1820-5-300x300.jpg 300w, https:\/\/lirolight.com\/wp-content\/uploads\/2025\/07\/IP-BATTERY-C1820-5-1024x1024.jpg 1024w, https:\/\/lirolight.com\/wp-content\/uploads\/2025\/07\/IP-BATTERY-C1820-5-150x150.jpg 150w, https:\/\/lirolight.com\/wp-content\/uploads\/2025\/07\/IP-BATTERY-C1820-5-768x768.jpg 768w, https:\/\/lirolight.com\/wp-content\/uploads\/2025\/07\/IP-BATTERY-C1820-5-12x12.jpg 12w, https:\/\/lirolight.com\/wp-content\/uploads\/2025\/07\/IP-BATTERY-C1820-5-990x990.jpg 990w, https:\/\/lirolight.com\/wp-content\/uploads\/2025\/07\/IP-BATTERY-C1820-5-441x441.jpg 441w, https:\/\/lirolight.com\/wp-content\/uploads\/2025\/07\/IP-BATTERY-C1820-5-100x100.jpg 100w, https:\/\/lirolight.com\/wp-content\/uploads\/2025\/07\/IP-BATTERY-C1820-5-800x800.jpg 800w, https:\/\/lirolight.com\/wp-content\/uploads\/2025\/07\/IP-BATTERY-C1820-5-40x40.jpg 40w\" data-sizes=\"(max-width: 1280px) 100vw, 1280px\" src=\"data:image\/gif;base64,R0lGODlhAQABAAAAACH5BAEKAAEALAAAAAABAAEAAAICTAEAOw==\" style=\"--smush-placeholder-width: 1280px; --smush-placeholder-aspect-ratio: 1280\/1280;\" \/><noscript><img decoding=\"async\" width=\"1280\" height=\"1280\" src=\"https:\/\/lirolight.com\/wp-content\/uploads\/2025\/07\/IP-BATTERY-C1820-5.jpg\" alt=\"\" class=\"wp-image-8899\" srcset=\"https:\/\/lirolight.com\/wp-content\/uploads\/2025\/07\/IP-BATTERY-C1820-5.jpg 1280w, https:\/\/lirolight.com\/wp-content\/uploads\/2025\/07\/IP-BATTERY-C1820-5-300x300.jpg 300w, https:\/\/lirolight.com\/wp-content\/uploads\/2025\/07\/IP-BATTERY-C1820-5-1024x1024.jpg 1024w, https:\/\/lirolight.com\/wp-content\/uploads\/2025\/07\/IP-BATTERY-C1820-5-150x150.jpg 150w, https:\/\/lirolight.com\/wp-content\/uploads\/2025\/07\/IP-BATTERY-C1820-5-768x768.jpg 768w, https:\/\/lirolight.com\/wp-content\/uploads\/2025\/07\/IP-BATTERY-C1820-5-12x12.jpg 12w, https:\/\/lirolight.com\/wp-content\/uploads\/2025\/07\/IP-BATTERY-C1820-5-990x990.jpg 990w, https:\/\/lirolight.com\/wp-content\/uploads\/2025\/07\/IP-BATTERY-C1820-5-441x441.jpg 441w, https:\/\/lirolight.com\/wp-content\/uploads\/2025\/07\/IP-BATTERY-C1820-5-100x100.jpg 100w, https:\/\/lirolight.com\/wp-content\/uploads\/2025\/07\/IP-BATTERY-C1820-5-800x800.jpg 800w, https:\/\/lirolight.com\/wp-content\/uploads\/2025\/07\/IP-BATTERY-C1820-5-40x40.jpg 40w\" sizes=\"(max-width: 1280px) 100vw, 1280px\" \/><\/noscript><\/figure>\n<\/div>\n\n\n\n<div class=\"wp-block-column is-layout-flow wp-block-column-is-layout-flow\">\n<figure class=\"wp-block-image size-full\"><img decoding=\"async\" width=\"2560\" height=\"2560\" data-src=\"https:\/\/lirolight.com\/wp-content\/uploads\/2025\/07\/IP-BATTERY-C1820-2-scaled.jpg\" alt=\"\" class=\"wp-image-8896 lazyload\" data-srcset=\"https:\/\/lirolight.com\/wp-content\/uploads\/2025\/07\/IP-BATTERY-C1820-2-scaled.jpg 2560w, https:\/\/lirolight.com\/wp-content\/uploads\/2025\/07\/IP-BATTERY-C1820-2-300x300.jpg 300w, https:\/\/lirolight.com\/wp-content\/uploads\/2025\/07\/IP-BATTERY-C1820-2-1024x1024.jpg 1024w, https:\/\/lirolight.com\/wp-content\/uploads\/2025\/07\/IP-BATTERY-C1820-2-150x150.jpg 150w, https:\/\/lirolight.com\/wp-content\/uploads\/2025\/07\/IP-BATTERY-C1820-2-768x768.jpg 768w, https:\/\/lirolight.com\/wp-content\/uploads\/2025\/07\/IP-BATTERY-C1820-2-1536x1536.jpg 1536w, https:\/\/lirolight.com\/wp-content\/uploads\/2025\/07\/IP-BATTERY-C1820-2-2048x2048.jpg 2048w, https:\/\/lirolight.com\/wp-content\/uploads\/2025\/07\/IP-BATTERY-C1820-2-12x12.jpg 12w, https:\/\/lirolight.com\/wp-content\/uploads\/2025\/07\/IP-BATTERY-C1820-2-990x990.jpg 990w, https:\/\/lirolight.com\/wp-content\/uploads\/2025\/07\/IP-BATTERY-C1820-2-441x441.jpg 441w, https:\/\/lirolight.com\/wp-content\/uploads\/2025\/07\/IP-BATTERY-C1820-2-100x100.jpg 100w, https:\/\/lirolight.com\/wp-content\/uploads\/2025\/07\/IP-BATTERY-C1820-2-800x800.jpg 800w, https:\/\/lirolight.com\/wp-content\/uploads\/2025\/07\/IP-BATTERY-C1820-2-40x40.jpg 40w\" data-sizes=\"(max-width: 2560px) 100vw, 2560px\" src=\"data:image\/gif;base64,R0lGODlhAQABAAAAACH5BAEKAAEALAAAAAABAAEAAAICTAEAOw==\" style=\"--smush-placeholder-width: 2560px; --smush-placeholder-aspect-ratio: 2560\/2560;\" \/><noscript><img decoding=\"async\" width=\"2560\" height=\"2560\" src=\"https:\/\/lirolight.com\/wp-content\/uploads\/2025\/07\/IP-BATTERY-C1820-2-scaled.jpg\" alt=\"\" class=\"wp-image-8896\" srcset=\"https:\/\/lirolight.com\/wp-content\/uploads\/2025\/07\/IP-BATTERY-C1820-2-scaled.jpg 2560w, https:\/\/lirolight.com\/wp-content\/uploads\/2025\/07\/IP-BATTERY-C1820-2-300x300.jpg 300w, https:\/\/lirolight.com\/wp-content\/uploads\/2025\/07\/IP-BATTERY-C1820-2-1024x1024.jpg 1024w, https:\/\/lirolight.com\/wp-content\/uploads\/2025\/07\/IP-BATTERY-C1820-2-150x150.jpg 150w, https:\/\/lirolight.com\/wp-content\/uploads\/2025\/07\/IP-BATTERY-C1820-2-768x768.jpg 768w, https:\/\/lirolight.com\/wp-content\/uploads\/2025\/07\/IP-BATTERY-C1820-2-1536x1536.jpg 1536w, https:\/\/lirolight.com\/wp-content\/uploads\/2025\/07\/IP-BATTERY-C1820-2-2048x2048.jpg 2048w, https:\/\/lirolight.com\/wp-content\/uploads\/2025\/07\/IP-BATTERY-C1820-2-12x12.jpg 12w, https:\/\/lirolight.com\/wp-content\/uploads\/2025\/07\/IP-BATTERY-C1820-2-990x990.jpg 990w, https:\/\/lirolight.com\/wp-content\/uploads\/2025\/07\/IP-BATTERY-C1820-2-441x441.jpg 441w, https:\/\/lirolight.com\/wp-content\/uploads\/2025\/07\/IP-BATTERY-C1820-2-100x100.jpg 100w, https:\/\/lirolight.com\/wp-content\/uploads\/2025\/07\/IP-BATTERY-C1820-2-800x800.jpg 800w, https:\/\/lirolight.com\/wp-content\/uploads\/2025\/07\/IP-BATTERY-C1820-2-40x40.jpg 40w\" sizes=\"(max-width: 2560px) 100vw, 2560px\" \/><\/noscript><\/figure>\n<\/div>\n<\/div>\n\n\n\n<div class=\"wp-block-columns is-layout-flex wp-container-core-columns-is-layout-28f84493 wp-block-columns-is-layout-flex\">\n<div class=\"wp-block-column is-layout-flow wp-block-column-is-layout-flow\">\n<figure class=\"wp-block-image size-large\"><img loading=\"lazy\" decoding=\"async\" width=\"1024\" height=\"1024\" data-src=\"https:\/\/lirolight.com\/wp-content\/uploads\/2025\/07\/IP-BATTERY-C1820-3-1024x1024.jpg\" alt=\"\" class=\"wp-image-8897 lazyload\" data-srcset=\"https:\/\/lirolight.com\/wp-content\/uploads\/2025\/07\/IP-BATTERY-C1820-3-1024x1024.jpg 1024w, https:\/\/lirolight.com\/wp-content\/uploads\/2025\/07\/IP-BATTERY-C1820-3-300x300.jpg 300w, https:\/\/lirolight.com\/wp-content\/uploads\/2025\/07\/IP-BATTERY-C1820-3-150x150.jpg 150w, https:\/\/lirolight.com\/wp-content\/uploads\/2025\/07\/IP-BATTERY-C1820-3-768x768.jpg 768w, https:\/\/lirolight.com\/wp-content\/uploads\/2025\/07\/IP-BATTERY-C1820-3-1536x1536.jpg 1536w, https:\/\/lirolight.com\/wp-content\/uploads\/2025\/07\/IP-BATTERY-C1820-3-2048x2048.jpg 2048w, https:\/\/lirolight.com\/wp-content\/uploads\/2025\/07\/IP-BATTERY-C1820-3-12x12.jpg 12w, https:\/\/lirolight.com\/wp-content\/uploads\/2025\/07\/IP-BATTERY-C1820-3-990x990.jpg 990w, https:\/\/lirolight.com\/wp-content\/uploads\/2025\/07\/IP-BATTERY-C1820-3-441x441.jpg 441w, https:\/\/lirolight.com\/wp-content\/uploads\/2025\/07\/IP-BATTERY-C1820-3-100x100.jpg 100w, https:\/\/lirolight.com\/wp-content\/uploads\/2025\/07\/IP-BATTERY-C1820-3-800x800.jpg 800w, https:\/\/lirolight.com\/wp-content\/uploads\/2025\/07\/IP-BATTERY-C1820-3-40x40.jpg 40w\" data-sizes=\"(max-width: 1024px) 100vw, 1024px\" src=\"data:image\/gif;base64,R0lGODlhAQABAAAAACH5BAEKAAEALAAAAAABAAEAAAICTAEAOw==\" style=\"--smush-placeholder-width: 1024px; --smush-placeholder-aspect-ratio: 1024\/1024;\" \/><noscript><img loading=\"lazy\" decoding=\"async\" width=\"1024\" height=\"1024\" src=\"https:\/\/lirolight.com\/wp-content\/uploads\/2025\/07\/IP-BATTERY-C1820-3-1024x1024.jpg\" alt=\"\" class=\"wp-image-8897\" srcset=\"https:\/\/lirolight.com\/wp-content\/uploads\/2025\/07\/IP-BATTERY-C1820-3-1024x1024.jpg 1024w, https:\/\/lirolight.com\/wp-content\/uploads\/2025\/07\/IP-BATTERY-C1820-3-300x300.jpg 300w, https:\/\/lirolight.com\/wp-content\/uploads\/2025\/07\/IP-BATTERY-C1820-3-150x150.jpg 150w, https:\/\/lirolight.com\/wp-content\/uploads\/2025\/07\/IP-BATTERY-C1820-3-768x768.jpg 768w, https:\/\/lirolight.com\/wp-content\/uploads\/2025\/07\/IP-BATTERY-C1820-3-1536x1536.jpg 1536w, https:\/\/lirolight.com\/wp-content\/uploads\/2025\/07\/IP-BATTERY-C1820-3-2048x2048.jpg 2048w, https:\/\/lirolight.com\/wp-content\/uploads\/2025\/07\/IP-BATTERY-C1820-3-12x12.jpg 12w, https:\/\/lirolight.com\/wp-content\/uploads\/2025\/07\/IP-BATTERY-C1820-3-990x990.jpg 990w, https:\/\/lirolight.com\/wp-content\/uploads\/2025\/07\/IP-BATTERY-C1820-3-441x441.jpg 441w, https:\/\/lirolight.com\/wp-content\/uploads\/2025\/07\/IP-BATTERY-C1820-3-100x100.jpg 100w, https:\/\/lirolight.com\/wp-content\/uploads\/2025\/07\/IP-BATTERY-C1820-3-800x800.jpg 800w, https:\/\/lirolight.com\/wp-content\/uploads\/2025\/07\/IP-BATTERY-C1820-3-40x40.jpg 40w\" sizes=\"(max-width: 1024px) 100vw, 1024px\" \/><\/noscript><\/figure>\n<\/div>\n\n\n\n<div class=\"wp-block-column is-layout-flow wp-block-column-is-layout-flow\">\n<figure class=\"wp-block-image size-large\"><img loading=\"lazy\" decoding=\"async\" width=\"1024\" height=\"1024\" data-src=\"https:\/\/lirolight.com\/wp-content\/uploads\/2025\/07\/IP-BATTERY-C1820-4-1024x1024.jpg\" alt=\"\" class=\"wp-image-8898 lazyload\" data-srcset=\"https:\/\/lirolight.com\/wp-content\/uploads\/2025\/07\/IP-BATTERY-C1820-4-1024x1024.jpg 1024w, https:\/\/lirolight.com\/wp-content\/uploads\/2025\/07\/IP-BATTERY-C1820-4-300x300.jpg 300w, https:\/\/lirolight.com\/wp-content\/uploads\/2025\/07\/IP-BATTERY-C1820-4-150x150.jpg 150w, https:\/\/lirolight.com\/wp-content\/uploads\/2025\/07\/IP-BATTERY-C1820-4-768x768.jpg 768w, https:\/\/lirolight.com\/wp-content\/uploads\/2025\/07\/IP-BATTERY-C1820-4-1536x1536.jpg 1536w, https:\/\/lirolight.com\/wp-content\/uploads\/2025\/07\/IP-BATTERY-C1820-4-2048x2048.jpg 2048w, https:\/\/lirolight.com\/wp-content\/uploads\/2025\/07\/IP-BATTERY-C1820-4-12x12.jpg 12w, https:\/\/lirolight.com\/wp-content\/uploads\/2025\/07\/IP-BATTERY-C1820-4-990x990.jpg 990w, https:\/\/lirolight.com\/wp-content\/uploads\/2025\/07\/IP-BATTERY-C1820-4-441x441.jpg 441w, https:\/\/lirolight.com\/wp-content\/uploads\/2025\/07\/IP-BATTERY-C1820-4-100x100.jpg 100w, https:\/\/lirolight.com\/wp-content\/uploads\/2025\/07\/IP-BATTERY-C1820-4-800x800.jpg 800w, https:\/\/lirolight.com\/wp-content\/uploads\/2025\/07\/IP-BATTERY-C1820-4-40x40.jpg 40w\" data-sizes=\"(max-width: 1024px) 100vw, 1024px\" src=\"data:image\/gif;base64,R0lGODlhAQABAAAAACH5BAEKAAEALAAAAAABAAEAAAICTAEAOw==\" style=\"--smush-placeholder-width: 1024px; --smush-placeholder-aspect-ratio: 1024\/1024;\" \/><noscript><img loading=\"lazy\" decoding=\"async\" width=\"1024\" height=\"1024\" src=\"https:\/\/lirolight.com\/wp-content\/uploads\/2025\/07\/IP-BATTERY-C1820-4-1024x1024.jpg\" alt=\"\" class=\"wp-image-8898\" srcset=\"https:\/\/lirolight.com\/wp-content\/uploads\/2025\/07\/IP-BATTERY-C1820-4-1024x1024.jpg 1024w, https:\/\/lirolight.com\/wp-content\/uploads\/2025\/07\/IP-BATTERY-C1820-4-300x300.jpg 300w, https:\/\/lirolight.com\/wp-content\/uploads\/2025\/07\/IP-BATTERY-C1820-4-150x150.jpg 150w, https:\/\/lirolight.com\/wp-content\/uploads\/2025\/07\/IP-BATTERY-C1820-4-768x768.jpg 768w, https:\/\/lirolight.com\/wp-content\/uploads\/2025\/07\/IP-BATTERY-C1820-4-1536x1536.jpg 1536w, https:\/\/lirolight.com\/wp-content\/uploads\/2025\/07\/IP-BATTERY-C1820-4-2048x2048.jpg 2048w, https:\/\/lirolight.com\/wp-content\/uploads\/2025\/07\/IP-BATTERY-C1820-4-12x12.jpg 12w, https:\/\/lirolight.com\/wp-content\/uploads\/2025\/07\/IP-BATTERY-C1820-4-990x990.jpg 990w, https:\/\/lirolight.com\/wp-content\/uploads\/2025\/07\/IP-BATTERY-C1820-4-441x441.jpg 441w, https:\/\/lirolight.com\/wp-content\/uploads\/2025\/07\/IP-BATTERY-C1820-4-100x100.jpg 100w, https:\/\/lirolight.com\/wp-content\/uploads\/2025\/07\/IP-BATTERY-C1820-4-800x800.jpg 800w, https:\/\/lirolight.com\/wp-content\/uploads\/2025\/07\/IP-BATTERY-C1820-4-40x40.jpg 40w\" sizes=\"(max-width: 1024px) 100vw, 1024px\" \/><\/noscript><\/figure>\n<\/div>\n<\/div>\n\n\n\n<h2 class=\"wp-block-heading\">Sp\u00e9cification :<\/h2>\n\n\n\n<ul class=\"wp-block-list\">\n<li>\u00c9tanch\u00e9it\u00e9 IP65<\/li>\n\n\n\n<li>Film diffuseur (en option)<\/li>\n\n\n\n<li>18pcs 20W RGBWAP 6in1 LED<\/li>\n\n\n\n<li>\u00c9cran tactile OLED<\/li>\n\n\n\n<li>Sans fil<\/li>\n\n\n\n<li>Contr\u00f4le de l'APP iPhone\/Android<\/li>\n\n\n\n<li>Batterie 24000MAH<\/li>\n<\/ul>\n\n\n\n<div class=\"wp-block-columns is-layout-flex wp-container-core-columns-is-layout-28f84493 wp-block-columns-is-layout-flex\">\n<div class=\"wp-block-column is-layout-flow wp-block-column-is-layout-flow\">\n<h2 class=\"wp-block-heading\"><strong>Param\u00e8tre :<\/strong><\/h2>\n\n\n\n<figure class=\"wp-block-table\"><table class=\"has-fixed-layout\"><tbody><tr><td>Tension d'entr\u00e9e<\/td><td>AC100-220V, 50\/60Hz<\/td><\/tr><tr><td>Puissance<\/td><td>360W<\/td><\/tr><tr><td>IP<\/td><td>\u00c9tanch\u00e9it\u00e9 IP65<\/td><\/tr><tr><td>Source lumineuse<\/td><td>18pcs 20W RGBWAP 6in1 LED<\/td><\/tr><tr><td>Capacit\u00e9 de la batterie<\/td><td>Batterie 24000MAH<\/td><\/tr><tr><td>Affichage<\/td><td>\u00c9cran tactile OLED<\/td><\/tr><\/tbody><\/table><\/figure>\n<\/div>\n<\/div>\n\n\n\n<div class=\"wp-block-columns is-layout-flex wp-container-core-columns-is-layout-28f84493 wp-block-columns-is-layout-flex\">\n<div class=\"wp-block-column is-layout-flow wp-block-column-is-layout-flow\">\n<h2 class=\"wp-block-heading\">Lien vid\u00e9o :<\/h2>\n\n\n\n<p><a href=\"https:\/\/www.instagram.com\/reel\/DP54iRJklNw\" target=\"_blank\" rel=\"noopener\">https:\/\/www.instagram.com\/reel\/DP54iRJklNw<\/a><\/p>\n<\/div>\n<\/div>","protected":false},"excerpt":{"rendered":"<div class=\"QFw9Te BLojaf\">\n<div class=\"hlJJmd\">\n<div class=\"Bmcqed\" dir=\"ltr\">\n<div data-id=\"kvLWu\">Le l\u00e8che-mur \u00e0 LED RGBWA UV 18x20W LiRO-LITE IP65 \u00e9tanche est une solution d'\u00e9clairage professionnelle puissante. Dot\u00e9e de 18 LED 6-en-1 de 20W \u00e0 haut rendement, elle offre un m\u00e9lange de couleurs RGBWA+UV vibrant pour des effets \u00e9poustouflants. Son indice de protection IP65 garantit des performances fiables dans n'importe quel environnement, tandis que le film diffuseur inclus (en option) permet de cr\u00e9er des effets plus doux. Le contr\u00f4le se fait sans effort via l'application iPhone\/Android ou l'\u00e9cran tactile OLED intuitif. Aliment\u00e9 par une batterie robuste de 24 000 mAh, il offre une libert\u00e9 totale sans fil pour les \u00e9v\u00e9nements, les lieux et l'\u00e9clairage architectural, ce qui en fait un choix polyvalent et fiable pour l'\u00e9clairage dynamique.<\/div>\n<\/div>\n<\/div>\n<\/div>\n<div class=\"DVHrxd\">\u00a0<\/div>\n<div class=\"UdTY9 BwTYAc leDWne\" aria-hidden=\"true\" data-location=\"1\">\u00a0<\/div>\n<p>&nbsp;<\/p>\n<blockquote><p>\u00a0<\/p><\/blockquote>\n<p>&nbsp;<\/p>","protected":false},"featured_media":8899,"comment_status":"open","ping_status":"closed","template":"","meta":[],"product_brand":[],"product_cat":[83],"product_tag":[203,201,202,127],"class_list":{"0":"post-8892","1":"product","2":"type-product","3":"status-publish","4":"has-post-thumbnail","6":"product_cat-battery-wireless-light","7":"product_tag-battery-led-city-color","8":"product_tag-led-wall-washer","9":"product_tag-wireless-battery-uplight","10":"product_tag-wireless-uplights","12":"first","13":"instock","14":"shipping-taxable","15":"product-type-simple"},"_links":{"self":[{"href":"https:\/\/lirolight.com\/fr\/wp-json\/wp\/v2\/product\/8892","targetHints":{"allow":["GET"]}}],"collection":[{"href":"https:\/\/lirolight.com\/fr\/wp-json\/wp\/v2\/product"}],"about":[{"href":"https:\/\/lirolight.com\/fr\/wp-json\/wp\/v2\/types\/product"}],"replies":[{"embeddable":true,"href":"https:\/\/lirolight.com\/fr\/wp-json\/wp\/v2\/comments?post=8892"}],"version-history":[{"count":5,"href":"https:\/\/lirolight.com\/fr\/wp-json\/wp\/v2\/product\/8892\/revisions"}],"predecessor-version":[{"id":10537,"href":"https:\/\/lirolight.com\/fr\/wp-json\/wp\/v2\/product\/8892\/revisions\/10537"}],"wp:featuredmedia":[{"embeddable":true,"href":"https:\/\/lirolight.com\/fr\/wp-json\/wp\/v2\/media\/8899"}],"wp:attachment":[{"href":"https:\/\/lirolight.com\/fr\/wp-json\/wp\/v2\/media?parent=8892"}],"wp:term":[{"taxonomy":"product_brand","embeddable":true,"href":"https:\/\/lirolight.com\/fr\/wp-json\/wp\/v2\/product_brand?post=8892"},{"taxonomy":"product_cat","embeddable":true,"href":"https:\/\/lirolight.com\/fr\/wp-json\/wp\/v2\/product_cat?post=8892"},{"taxonomy":"product_tag","embeddable":true,"href":"https:\/\/lirolight.com\/fr\/wp-json\/wp\/v2\/product_tag?post=8892"}],"curies":[{"name":"wp","href":"https:\/\/api.w.org\/{rel}","templated":true}]}}