{"id":8930,"date":"2025-07-30T02:26:08","date_gmt":"2025-07-30T02:26:08","guid":{"rendered":"https:\/\/lirolight.com\/?post_type=product&#038;p=8930"},"modified":"2026-01-13T02:36:23","modified_gmt":"2026-01-13T02:36:23","slug":"liro-lite-waterproof-ip65-1218w-led-par-light-wireless-dmx-ir-remote-rgbwa-uv-for-djs-party-decorate-wedding","status":"publish","type":"product","link":"https:\/\/lirolight.com\/fr\/produit\/liro-lite-waterproof-ip65-1218w-led-par-light-wireless-dmx-ir-remote-rgbwa-uv-for-djs-party-decorate-wedding\/","title":{"rendered":"LiRO-LITE Lumi\u00e8re Par sans fil Dmx IR Remote RGBWA UV pour DJs Party Decorate Wedding, \u00e9tanche IP65 12*18W"},"content":{"rendered":"<h2 class=\"wp-block-heading\"><strong><mark style=\"background-color:#000000\" class=\"has-inline-color has-white-color\">Batterie LR-IP P1218<\/mark><\/strong><\/h2>\n\n\n\n<p>Ce par light 12x18W RGBWA UV LED \u00e9tanche IP65 est la solution sans fil ultime pour les DJ, les f\u00eates et les mariages. Dot\u00e9e de 12 LED 6-en-1 haute puissance, elle offre un m\u00e9lange de couleurs \u00e0 spectre complet \u00e9poustouflant. Sa conception robuste et r\u00e9sistante aux intemp\u00e9ries garantit des performances fiables pour tout \u00e9v\u00e9nement en int\u00e9rieur ou en ext\u00e9rieur. Profitez d'un contr\u00f4le total via l'application iPhone\/Android ou le DMX sans fil. Aliment\u00e9 par une batterie de 9600mAh, il offre une libert\u00e9 totale sans c\u00e2ble, ce qui en fait l'uplight portable parfait pour transformer n'importe quel espace avec une illumination vibrante de qualit\u00e9 professionnelle.<\/p>\n\n\n\n<hr class=\"wp-block-separator has-alpha-channel-opacity\"\/>\n\n\n\n<h2 class=\"wp-block-heading\">Photos :<\/h2>\n\n\n\n<figure class=\"wp-block-image alignwide size-full\"><img fetchpriority=\"high\" decoding=\"async\" width=\"750\" height=\"827\" src=\"https:\/\/lirolight.com\/wp-content\/uploads\/2025\/07\/IP-Battery-P1218-1.jpg\" alt=\"\" class=\"wp-image-8931\" srcset=\"https:\/\/lirolight.com\/wp-content\/uploads\/2025\/07\/IP-Battery-P1218-1.jpg 750w, https:\/\/lirolight.com\/wp-content\/uploads\/2025\/07\/IP-Battery-P1218-1-272x300.jpg 272w, https:\/\/lirolight.com\/wp-content\/uploads\/2025\/07\/IP-Battery-P1218-1-11x12.jpg 11w, https:\/\/lirolight.com\/wp-content\/uploads\/2025\/07\/IP-Battery-P1218-1-441x486.jpg 441w, https:\/\/lirolight.com\/wp-content\/uploads\/2025\/07\/IP-Battery-P1218-1-300x331.jpg 300w, https:\/\/lirolight.com\/wp-content\/uploads\/2025\/07\/IP-Battery-P1218-1-150x165.jpg 150w, https:\/\/lirolight.com\/wp-content\/uploads\/2025\/07\/IP-Battery-P1218-1-36x40.jpg 36w\" sizes=\"(max-width: 750px) 100vw, 750px\" \/><\/figure>\n\n\n\n<figure class=\"wp-block-image alignwide size-full\"><img decoding=\"async\" width=\"2560\" height=\"2560\" data-src=\"https:\/\/lirolight.com\/wp-content\/uploads\/2025\/07\/IP-Battery-P1218-5-scaled.png\" alt=\"\" class=\"wp-image-8945 lazyload\" data-srcset=\"https:\/\/lirolight.com\/wp-content\/uploads\/2025\/07\/IP-Battery-P1218-5-scaled.png 2560w, https:\/\/lirolight.com\/wp-content\/uploads\/2025\/07\/IP-Battery-P1218-5-300x300.png 300w, https:\/\/lirolight.com\/wp-content\/uploads\/2025\/07\/IP-Battery-P1218-5-1024x1024.png 1024w, https:\/\/lirolight.com\/wp-content\/uploads\/2025\/07\/IP-Battery-P1218-5-150x150.png 150w, https:\/\/lirolight.com\/wp-content\/uploads\/2025\/07\/IP-Battery-P1218-5-768x768.png 768w, https:\/\/lirolight.com\/wp-content\/uploads\/2025\/07\/IP-Battery-P1218-5-1536x1536.png 1536w, https:\/\/lirolight.com\/wp-content\/uploads\/2025\/07\/IP-Battery-P1218-5-2048x2048.png 2048w, https:\/\/lirolight.com\/wp-content\/uploads\/2025\/07\/IP-Battery-P1218-5-12x12.png 12w, https:\/\/lirolight.com\/wp-content\/uploads\/2025\/07\/IP-Battery-P1218-5-990x990.png 990w, https:\/\/lirolight.com\/wp-content\/uploads\/2025\/07\/IP-Battery-P1218-5-441x441.png 441w, https:\/\/lirolight.com\/wp-content\/uploads\/2025\/07\/IP-Battery-P1218-5-100x100.png 100w, https:\/\/lirolight.com\/wp-content\/uploads\/2025\/07\/IP-Battery-P1218-5-800x800.png 800w, https:\/\/lirolight.com\/wp-content\/uploads\/2025\/07\/IP-Battery-P1218-5-40x40.png 40w\" data-sizes=\"(max-width: 2560px) 100vw, 2560px\" src=\"data:image\/gif;base64,R0lGODlhAQABAAAAACH5BAEKAAEALAAAAAABAAEAAAICTAEAOw==\" style=\"--smush-placeholder-width: 2560px; --smush-placeholder-aspect-ratio: 2560\/2560;\" \/><noscript><img decoding=\"async\" width=\"2560\" height=\"2560\" src=\"https:\/\/lirolight.com\/wp-content\/uploads\/2025\/07\/IP-Battery-P1218-5-scaled.png\" alt=\"\" class=\"wp-image-8945\" srcset=\"https:\/\/lirolight.com\/wp-content\/uploads\/2025\/07\/IP-Battery-P1218-5-scaled.png 2560w, https:\/\/lirolight.com\/wp-content\/uploads\/2025\/07\/IP-Battery-P1218-5-300x300.png 300w, https:\/\/lirolight.com\/wp-content\/uploads\/2025\/07\/IP-Battery-P1218-5-1024x1024.png 1024w, https:\/\/lirolight.com\/wp-content\/uploads\/2025\/07\/IP-Battery-P1218-5-150x150.png 150w, https:\/\/lirolight.com\/wp-content\/uploads\/2025\/07\/IP-Battery-P1218-5-768x768.png 768w, https:\/\/lirolight.com\/wp-content\/uploads\/2025\/07\/IP-Battery-P1218-5-1536x1536.png 1536w, https:\/\/lirolight.com\/wp-content\/uploads\/2025\/07\/IP-Battery-P1218-5-2048x2048.png 2048w, https:\/\/lirolight.com\/wp-content\/uploads\/2025\/07\/IP-Battery-P1218-5-12x12.png 12w, https:\/\/lirolight.com\/wp-content\/uploads\/2025\/07\/IP-Battery-P1218-5-990x990.png 990w, https:\/\/lirolight.com\/wp-content\/uploads\/2025\/07\/IP-Battery-P1218-5-441x441.png 441w, https:\/\/lirolight.com\/wp-content\/uploads\/2025\/07\/IP-Battery-P1218-5-100x100.png 100w, https:\/\/lirolight.com\/wp-content\/uploads\/2025\/07\/IP-Battery-P1218-5-800x800.png 800w, https:\/\/lirolight.com\/wp-content\/uploads\/2025\/07\/IP-Battery-P1218-5-40x40.png 40w\" sizes=\"(max-width: 2560px) 100vw, 2560px\" \/><\/noscript><\/figure>\n\n\n\n<div class=\"wp-block-columns is-layout-flex wp-container-core-columns-is-layout-28f84493 wp-block-columns-is-layout-flex\">\n<div class=\"wp-block-column is-layout-flow wp-block-column-is-layout-flow\">\n<div class=\"wp-block-columns is-layout-flex wp-container-core-columns-is-layout-28f84493 wp-block-columns-is-layout-flex\">\n<div class=\"wp-block-column is-layout-flow wp-block-column-is-layout-flow\">\n<figure class=\"wp-block-image size-large\"><img decoding=\"async\" width=\"1024\" height=\"1024\" data-src=\"https:\/\/lirolight.com\/wp-content\/uploads\/2025\/07\/IP-Battery-P1218-6-1024x1024.png\" alt=\"\" class=\"wp-image-8946 lazyload\" data-srcset=\"https:\/\/lirolight.com\/wp-content\/uploads\/2025\/07\/IP-Battery-P1218-6-1024x1024.png 1024w, https:\/\/lirolight.com\/wp-content\/uploads\/2025\/07\/IP-Battery-P1218-6-300x300.png 300w, https:\/\/lirolight.com\/wp-content\/uploads\/2025\/07\/IP-Battery-P1218-6-150x150.png 150w, https:\/\/lirolight.com\/wp-content\/uploads\/2025\/07\/IP-Battery-P1218-6-768x768.png 768w, https:\/\/lirolight.com\/wp-content\/uploads\/2025\/07\/IP-Battery-P1218-6-1536x1536.png 1536w, https:\/\/lirolight.com\/wp-content\/uploads\/2025\/07\/IP-Battery-P1218-6-2048x2048.png 2048w, https:\/\/lirolight.com\/wp-content\/uploads\/2025\/07\/IP-Battery-P1218-6-12x12.png 12w, https:\/\/lirolight.com\/wp-content\/uploads\/2025\/07\/IP-Battery-P1218-6-990x990.png 990w, https:\/\/lirolight.com\/wp-content\/uploads\/2025\/07\/IP-Battery-P1218-6-441x441.png 441w, https:\/\/lirolight.com\/wp-content\/uploads\/2025\/07\/IP-Battery-P1218-6-100x100.png 100w, https:\/\/lirolight.com\/wp-content\/uploads\/2025\/07\/IP-Battery-P1218-6-800x800.png 800w, https:\/\/lirolight.com\/wp-content\/uploads\/2025\/07\/IP-Battery-P1218-6-40x40.png 40w\" data-sizes=\"(max-width: 1024px) 100vw, 1024px\" src=\"data:image\/gif;base64,R0lGODlhAQABAAAAACH5BAEKAAEALAAAAAABAAEAAAICTAEAOw==\" style=\"--smush-placeholder-width: 1024px; --smush-placeholder-aspect-ratio: 1024\/1024;\" \/><noscript><img decoding=\"async\" width=\"1024\" height=\"1024\" src=\"https:\/\/lirolight.com\/wp-content\/uploads\/2025\/07\/IP-Battery-P1218-6-1024x1024.png\" alt=\"\" class=\"wp-image-8946\" srcset=\"https:\/\/lirolight.com\/wp-content\/uploads\/2025\/07\/IP-Battery-P1218-6-1024x1024.png 1024w, https:\/\/lirolight.com\/wp-content\/uploads\/2025\/07\/IP-Battery-P1218-6-300x300.png 300w, https:\/\/lirolight.com\/wp-content\/uploads\/2025\/07\/IP-Battery-P1218-6-150x150.png 150w, https:\/\/lirolight.com\/wp-content\/uploads\/2025\/07\/IP-Battery-P1218-6-768x768.png 768w, https:\/\/lirolight.com\/wp-content\/uploads\/2025\/07\/IP-Battery-P1218-6-1536x1536.png 1536w, https:\/\/lirolight.com\/wp-content\/uploads\/2025\/07\/IP-Battery-P1218-6-2048x2048.png 2048w, https:\/\/lirolight.com\/wp-content\/uploads\/2025\/07\/IP-Battery-P1218-6-12x12.png 12w, https:\/\/lirolight.com\/wp-content\/uploads\/2025\/07\/IP-Battery-P1218-6-990x990.png 990w, https:\/\/lirolight.com\/wp-content\/uploads\/2025\/07\/IP-Battery-P1218-6-441x441.png 441w, https:\/\/lirolight.com\/wp-content\/uploads\/2025\/07\/IP-Battery-P1218-6-100x100.png 100w, https:\/\/lirolight.com\/wp-content\/uploads\/2025\/07\/IP-Battery-P1218-6-800x800.png 800w, https:\/\/lirolight.com\/wp-content\/uploads\/2025\/07\/IP-Battery-P1218-6-40x40.png 40w\" sizes=\"(max-width: 1024px) 100vw, 1024px\" \/><\/noscript><\/figure>\n<\/div>\n\n\n\n<div class=\"wp-block-column is-layout-flow wp-block-column-is-layout-flow\">\n<figure class=\"wp-block-image size-large\"><img loading=\"lazy\" decoding=\"async\" width=\"1024\" height=\"1024\" data-src=\"https:\/\/lirolight.com\/wp-content\/uploads\/2025\/07\/IP-Battery-P1218-4-1024x1024.png\" alt=\"\" class=\"wp-image-8944 lazyload\" data-srcset=\"https:\/\/lirolight.com\/wp-content\/uploads\/2025\/07\/IP-Battery-P1218-4-1024x1024.png 1024w, https:\/\/lirolight.com\/wp-content\/uploads\/2025\/07\/IP-Battery-P1218-4-300x300.png 300w, https:\/\/lirolight.com\/wp-content\/uploads\/2025\/07\/IP-Battery-P1218-4-150x150.png 150w, https:\/\/lirolight.com\/wp-content\/uploads\/2025\/07\/IP-Battery-P1218-4-768x768.png 768w, https:\/\/lirolight.com\/wp-content\/uploads\/2025\/07\/IP-Battery-P1218-4-1536x1536.png 1536w, https:\/\/lirolight.com\/wp-content\/uploads\/2025\/07\/IP-Battery-P1218-4-2048x2048.png 2048w, https:\/\/lirolight.com\/wp-content\/uploads\/2025\/07\/IP-Battery-P1218-4-12x12.png 12w, https:\/\/lirolight.com\/wp-content\/uploads\/2025\/07\/IP-Battery-P1218-4-990x990.png 990w, https:\/\/lirolight.com\/wp-content\/uploads\/2025\/07\/IP-Battery-P1218-4-441x441.png 441w, https:\/\/lirolight.com\/wp-content\/uploads\/2025\/07\/IP-Battery-P1218-4-100x100.png 100w, https:\/\/lirolight.com\/wp-content\/uploads\/2025\/07\/IP-Battery-P1218-4-800x800.png 800w, https:\/\/lirolight.com\/wp-content\/uploads\/2025\/07\/IP-Battery-P1218-4-40x40.png 40w\" data-sizes=\"(max-width: 1024px) 100vw, 1024px\" src=\"data:image\/gif;base64,R0lGODlhAQABAAAAACH5BAEKAAEALAAAAAABAAEAAAICTAEAOw==\" style=\"--smush-placeholder-width: 1024px; --smush-placeholder-aspect-ratio: 1024\/1024;\" \/><noscript><img loading=\"lazy\" decoding=\"async\" width=\"1024\" height=\"1024\" src=\"https:\/\/lirolight.com\/wp-content\/uploads\/2025\/07\/IP-Battery-P1218-4-1024x1024.png\" alt=\"\" class=\"wp-image-8944\" srcset=\"https:\/\/lirolight.com\/wp-content\/uploads\/2025\/07\/IP-Battery-P1218-4-1024x1024.png 1024w, https:\/\/lirolight.com\/wp-content\/uploads\/2025\/07\/IP-Battery-P1218-4-300x300.png 300w, https:\/\/lirolight.com\/wp-content\/uploads\/2025\/07\/IP-Battery-P1218-4-150x150.png 150w, https:\/\/lirolight.com\/wp-content\/uploads\/2025\/07\/IP-Battery-P1218-4-768x768.png 768w, https:\/\/lirolight.com\/wp-content\/uploads\/2025\/07\/IP-Battery-P1218-4-1536x1536.png 1536w, https:\/\/lirolight.com\/wp-content\/uploads\/2025\/07\/IP-Battery-P1218-4-2048x2048.png 2048w, https:\/\/lirolight.com\/wp-content\/uploads\/2025\/07\/IP-Battery-P1218-4-12x12.png 12w, https:\/\/lirolight.com\/wp-content\/uploads\/2025\/07\/IP-Battery-P1218-4-990x990.png 990w, https:\/\/lirolight.com\/wp-content\/uploads\/2025\/07\/IP-Battery-P1218-4-441x441.png 441w, https:\/\/lirolight.com\/wp-content\/uploads\/2025\/07\/IP-Battery-P1218-4-100x100.png 100w, https:\/\/lirolight.com\/wp-content\/uploads\/2025\/07\/IP-Battery-P1218-4-800x800.png 800w, https:\/\/lirolight.com\/wp-content\/uploads\/2025\/07\/IP-Battery-P1218-4-40x40.png 40w\" sizes=\"(max-width: 1024px) 100vw, 1024px\" \/><\/noscript><\/figure>\n<\/div>\n<\/div>\n<\/div>\n<\/div>\n\n\n\n<div class=\"wp-block-columns is-layout-flex wp-container-core-columns-is-layout-28f84493 wp-block-columns-is-layout-flex\">\n<div class=\"wp-block-column is-layout-flow wp-block-column-is-layout-flow\">\n<figure class=\"wp-block-image aligncenter size-large\"><img loading=\"lazy\" decoding=\"async\" width=\"1024\" height=\"1024\" data-src=\"https:\/\/lirolight.com\/wp-content\/uploads\/2025\/07\/IP-Battery-P1218-7-1024x1024.png\" alt=\"\" class=\"wp-image-8947 lazyload\" data-srcset=\"https:\/\/lirolight.com\/wp-content\/uploads\/2025\/07\/IP-Battery-P1218-7-1024x1024.png 1024w, https:\/\/lirolight.com\/wp-content\/uploads\/2025\/07\/IP-Battery-P1218-7-300x300.png 300w, https:\/\/lirolight.com\/wp-content\/uploads\/2025\/07\/IP-Battery-P1218-7-150x150.png 150w, https:\/\/lirolight.com\/wp-content\/uploads\/2025\/07\/IP-Battery-P1218-7-768x768.png 768w, https:\/\/lirolight.com\/wp-content\/uploads\/2025\/07\/IP-Battery-P1218-7-1536x1536.png 1536w, https:\/\/lirolight.com\/wp-content\/uploads\/2025\/07\/IP-Battery-P1218-7-2048x2048.png 2048w, https:\/\/lirolight.com\/wp-content\/uploads\/2025\/07\/IP-Battery-P1218-7-12x12.png 12w, https:\/\/lirolight.com\/wp-content\/uploads\/2025\/07\/IP-Battery-P1218-7-990x990.png 990w, https:\/\/lirolight.com\/wp-content\/uploads\/2025\/07\/IP-Battery-P1218-7-441x441.png 441w, https:\/\/lirolight.com\/wp-content\/uploads\/2025\/07\/IP-Battery-P1218-7-100x100.png 100w, https:\/\/lirolight.com\/wp-content\/uploads\/2025\/07\/IP-Battery-P1218-7-800x800.png 800w, https:\/\/lirolight.com\/wp-content\/uploads\/2025\/07\/IP-Battery-P1218-7-40x40.png 40w\" data-sizes=\"(max-width: 1024px) 100vw, 1024px\" src=\"data:image\/gif;base64,R0lGODlhAQABAAAAACH5BAEKAAEALAAAAAABAAEAAAICTAEAOw==\" style=\"--smush-placeholder-width: 1024px; --smush-placeholder-aspect-ratio: 1024\/1024;\" \/><noscript><img loading=\"lazy\" decoding=\"async\" width=\"1024\" height=\"1024\" src=\"https:\/\/lirolight.com\/wp-content\/uploads\/2025\/07\/IP-Battery-P1218-7-1024x1024.png\" alt=\"\" class=\"wp-image-8947\" srcset=\"https:\/\/lirolight.com\/wp-content\/uploads\/2025\/07\/IP-Battery-P1218-7-1024x1024.png 1024w, https:\/\/lirolight.com\/wp-content\/uploads\/2025\/07\/IP-Battery-P1218-7-300x300.png 300w, https:\/\/lirolight.com\/wp-content\/uploads\/2025\/07\/IP-Battery-P1218-7-150x150.png 150w, https:\/\/lirolight.com\/wp-content\/uploads\/2025\/07\/IP-Battery-P1218-7-768x768.png 768w, https:\/\/lirolight.com\/wp-content\/uploads\/2025\/07\/IP-Battery-P1218-7-1536x1536.png 1536w, https:\/\/lirolight.com\/wp-content\/uploads\/2025\/07\/IP-Battery-P1218-7-2048x2048.png 2048w, https:\/\/lirolight.com\/wp-content\/uploads\/2025\/07\/IP-Battery-P1218-7-12x12.png 12w, https:\/\/lirolight.com\/wp-content\/uploads\/2025\/07\/IP-Battery-P1218-7-990x990.png 990w, https:\/\/lirolight.com\/wp-content\/uploads\/2025\/07\/IP-Battery-P1218-7-441x441.png 441w, https:\/\/lirolight.com\/wp-content\/uploads\/2025\/07\/IP-Battery-P1218-7-100x100.png 100w, https:\/\/lirolight.com\/wp-content\/uploads\/2025\/07\/IP-Battery-P1218-7-800x800.png 800w, https:\/\/lirolight.com\/wp-content\/uploads\/2025\/07\/IP-Battery-P1218-7-40x40.png 40w\" sizes=\"(max-width: 1024px) 100vw, 1024px\" \/><\/noscript><\/figure>\n<\/div>\n\n\n\n<div class=\"wp-block-column is-layout-flow wp-block-column-is-layout-flow\">\n<figure class=\"wp-block-image aligncenter size-large\"><img loading=\"lazy\" decoding=\"async\" width=\"1024\" height=\"1024\" data-src=\"https:\/\/lirolight.com\/wp-content\/uploads\/2025\/07\/IP-Battery-P1218-3-1024x1024.png\" alt=\"\" class=\"wp-image-8943 lazyload\" data-srcset=\"https:\/\/lirolight.com\/wp-content\/uploads\/2025\/07\/IP-Battery-P1218-3-1024x1024.png 1024w, https:\/\/lirolight.com\/wp-content\/uploads\/2025\/07\/IP-Battery-P1218-3-300x300.png 300w, https:\/\/lirolight.com\/wp-content\/uploads\/2025\/07\/IP-Battery-P1218-3-150x150.png 150w, https:\/\/lirolight.com\/wp-content\/uploads\/2025\/07\/IP-Battery-P1218-3-768x768.png 768w, https:\/\/lirolight.com\/wp-content\/uploads\/2025\/07\/IP-Battery-P1218-3-1536x1536.png 1536w, https:\/\/lirolight.com\/wp-content\/uploads\/2025\/07\/IP-Battery-P1218-3-2048x2048.png 2048w, https:\/\/lirolight.com\/wp-content\/uploads\/2025\/07\/IP-Battery-P1218-3-12x12.png 12w, https:\/\/lirolight.com\/wp-content\/uploads\/2025\/07\/IP-Battery-P1218-3-990x990.png 990w, https:\/\/lirolight.com\/wp-content\/uploads\/2025\/07\/IP-Battery-P1218-3-441x441.png 441w, https:\/\/lirolight.com\/wp-content\/uploads\/2025\/07\/IP-Battery-P1218-3-100x100.png 100w, https:\/\/lirolight.com\/wp-content\/uploads\/2025\/07\/IP-Battery-P1218-3-800x800.png 800w, https:\/\/lirolight.com\/wp-content\/uploads\/2025\/07\/IP-Battery-P1218-3-40x40.png 40w\" data-sizes=\"(max-width: 1024px) 100vw, 1024px\" src=\"data:image\/gif;base64,R0lGODlhAQABAAAAACH5BAEKAAEALAAAAAABAAEAAAICTAEAOw==\" style=\"--smush-placeholder-width: 1024px; --smush-placeholder-aspect-ratio: 1024\/1024;\" \/><noscript><img loading=\"lazy\" decoding=\"async\" width=\"1024\" height=\"1024\" src=\"https:\/\/lirolight.com\/wp-content\/uploads\/2025\/07\/IP-Battery-P1218-3-1024x1024.png\" alt=\"\" class=\"wp-image-8943\" srcset=\"https:\/\/lirolight.com\/wp-content\/uploads\/2025\/07\/IP-Battery-P1218-3-1024x1024.png 1024w, https:\/\/lirolight.com\/wp-content\/uploads\/2025\/07\/IP-Battery-P1218-3-300x300.png 300w, https:\/\/lirolight.com\/wp-content\/uploads\/2025\/07\/IP-Battery-P1218-3-150x150.png 150w, https:\/\/lirolight.com\/wp-content\/uploads\/2025\/07\/IP-Battery-P1218-3-768x768.png 768w, https:\/\/lirolight.com\/wp-content\/uploads\/2025\/07\/IP-Battery-P1218-3-1536x1536.png 1536w, https:\/\/lirolight.com\/wp-content\/uploads\/2025\/07\/IP-Battery-P1218-3-2048x2048.png 2048w, https:\/\/lirolight.com\/wp-content\/uploads\/2025\/07\/IP-Battery-P1218-3-12x12.png 12w, https:\/\/lirolight.com\/wp-content\/uploads\/2025\/07\/IP-Battery-P1218-3-990x990.png 990w, https:\/\/lirolight.com\/wp-content\/uploads\/2025\/07\/IP-Battery-P1218-3-441x441.png 441w, https:\/\/lirolight.com\/wp-content\/uploads\/2025\/07\/IP-Battery-P1218-3-100x100.png 100w, https:\/\/lirolight.com\/wp-content\/uploads\/2025\/07\/IP-Battery-P1218-3-800x800.png 800w, https:\/\/lirolight.com\/wp-content\/uploads\/2025\/07\/IP-Battery-P1218-3-40x40.png 40w\" sizes=\"(max-width: 1024px) 100vw, 1024px\" \/><\/noscript><\/figure>\n<\/div>\n<\/div>\n\n\n\n<h2 class=\"wp-block-heading\">Sp\u00e9cification :<\/h2>\n\n\n\n<ul class=\"wp-block-list\">\n<li>\u00c9tanch\u00e9it\u00e9 IP65<\/li>\n\n\n\n<li>12pcs 18W RGBWAP 6in1 LED<\/li>\n\n\n\n<li>Sans fil<\/li>\n\n\n\n<li>Contr\u00f4le de l'APP iPhone\/Android<\/li>\n\n\n\n<li>Batterie 9600MAH<\/li>\n<\/ul>\n\n\n\n<div class=\"wp-block-columns is-layout-flex wp-container-core-columns-is-layout-28f84493 wp-block-columns-is-layout-flex\">\n<div class=\"wp-block-column is-layout-flow wp-block-column-is-layout-flow\">\n<h2 class=\"wp-block-heading\"><strong>Param\u00e8tre :<\/strong>\u200b<\/h2>\n\n\n\n<figure class=\"wp-block-table\"><table class=\"has-fixed-layout\"><tbody><tr><td><strong>Niveau d'\u00e9tanch\u00e9it\u00e9<\/strong><\/td><td>IP65<\/td><\/tr><tr><td><strong>Tension large<\/strong><\/td><td>AC100-240V, 50\/60Hz<\/td><\/tr><tr><td><strong>Source LED<\/strong><\/td><td>12 LEDs 18W 6in1<\/td><\/tr><tr><td><strong>Dur\u00e9e de vie<\/strong><\/td><td>60000 heures<\/td><\/tr><tr><td><strong>Capacit\u00e9 de la batterie<\/strong><\/td><td>Batterie 9600MAH<\/td><\/tr><tr><td><strong>Angle du faisceau<\/strong><\/td><td>25 \u00b0Syst\u00e8me optique sp\u00e9cifique<\/td><\/tr><\/tbody><\/table><\/figure>\n<\/div>\n<\/div>\n\n\n\n<div class=\"wp-block-columns is-layout-flex wp-container-core-columns-is-layout-28f84493 wp-block-columns-is-layout-flex\">\n<div class=\"wp-block-column is-layout-flow wp-block-column-is-layout-flow\">\n<div class=\"wp-block-columns is-layout-flex wp-container-core-columns-is-layout-28f84493 wp-block-columns-is-layout-flex\">\n<div class=\"wp-block-column is-layout-flow wp-block-column-is-layout-flow\">\n<h2 class=\"wp-block-heading\">Heure du spectacle :<\/h2>\n<\/div>\n<\/div>\n<\/div>\n<\/div>\n\n\n\n<figure class=\"wp-block-image alignwide size-full\"><img loading=\"lazy\" decoding=\"async\" width=\"800\" height=\"180\" data-src=\"https:\/\/lirolight.com\/wp-content\/uploads\/2025\/07\/IP-Battery-P1218-10.png\" alt=\"\" class=\"wp-image-8949 lazyload\" data-srcset=\"https:\/\/lirolight.com\/wp-content\/uploads\/2025\/07\/IP-Battery-P1218-10.png 800w, https:\/\/lirolight.com\/wp-content\/uploads\/2025\/07\/IP-Battery-P1218-10-300x68.png 300w, https:\/\/lirolight.com\/wp-content\/uploads\/2025\/07\/IP-Battery-P1218-10-768x173.png 768w, https:\/\/lirolight.com\/wp-content\/uploads\/2025\/07\/IP-Battery-P1218-10-18x4.png 18w, https:\/\/lirolight.com\/wp-content\/uploads\/2025\/07\/IP-Battery-P1218-10-441x99.png 441w, https:\/\/lirolight.com\/wp-content\/uploads\/2025\/07\/IP-Battery-P1218-10-150x34.png 150w, https:\/\/lirolight.com\/wp-content\/uploads\/2025\/07\/IP-Battery-P1218-10-60x14.png 60w\" data-sizes=\"(max-width: 800px) 100vw, 800px\" src=\"data:image\/gif;base64,R0lGODlhAQABAAAAACH5BAEKAAEALAAAAAABAAEAAAICTAEAOw==\" style=\"--smush-placeholder-width: 800px; --smush-placeholder-aspect-ratio: 800\/180;\" \/><noscript><img loading=\"lazy\" decoding=\"async\" width=\"800\" height=\"180\" src=\"https:\/\/lirolight.com\/wp-content\/uploads\/2025\/07\/IP-Battery-P1218-10.png\" alt=\"\" class=\"wp-image-8949\" srcset=\"https:\/\/lirolight.com\/wp-content\/uploads\/2025\/07\/IP-Battery-P1218-10.png 800w, https:\/\/lirolight.com\/wp-content\/uploads\/2025\/07\/IP-Battery-P1218-10-300x68.png 300w, https:\/\/lirolight.com\/wp-content\/uploads\/2025\/07\/IP-Battery-P1218-10-768x173.png 768w, https:\/\/lirolight.com\/wp-content\/uploads\/2025\/07\/IP-Battery-P1218-10-18x4.png 18w, https:\/\/lirolight.com\/wp-content\/uploads\/2025\/07\/IP-Battery-P1218-10-441x99.png 441w, https:\/\/lirolight.com\/wp-content\/uploads\/2025\/07\/IP-Battery-P1218-10-150x34.png 150w, https:\/\/lirolight.com\/wp-content\/uploads\/2025\/07\/IP-Battery-P1218-10-60x14.png 60w\" sizes=\"(max-width: 800px) 100vw, 800px\" \/><\/noscript><\/figure>\n\n\n\n<figure class=\"wp-block-image alignwide size-full\"><img loading=\"lazy\" decoding=\"async\" width=\"800\" height=\"181\" data-src=\"https:\/\/lirolight.com\/wp-content\/uploads\/2025\/07\/IP-Battery-P1218-9.png\" alt=\"\" class=\"wp-image-8948 lazyload\" data-srcset=\"https:\/\/lirolight.com\/wp-content\/uploads\/2025\/07\/IP-Battery-P1218-9.png 800w, https:\/\/lirolight.com\/wp-content\/uploads\/2025\/07\/IP-Battery-P1218-9-300x68.png 300w, https:\/\/lirolight.com\/wp-content\/uploads\/2025\/07\/IP-Battery-P1218-9-768x174.png 768w, https:\/\/lirolight.com\/wp-content\/uploads\/2025\/07\/IP-Battery-P1218-9-18x4.png 18w, https:\/\/lirolight.com\/wp-content\/uploads\/2025\/07\/IP-Battery-P1218-9-441x100.png 441w, https:\/\/lirolight.com\/wp-content\/uploads\/2025\/07\/IP-Battery-P1218-9-150x34.png 150w, https:\/\/lirolight.com\/wp-content\/uploads\/2025\/07\/IP-Battery-P1218-9-60x14.png 60w\" data-sizes=\"(max-width: 800px) 100vw, 800px\" src=\"data:image\/gif;base64,R0lGODlhAQABAAAAACH5BAEKAAEALAAAAAABAAEAAAICTAEAOw==\" style=\"--smush-placeholder-width: 800px; --smush-placeholder-aspect-ratio: 800\/181;\" \/><noscript><img loading=\"lazy\" decoding=\"async\" width=\"800\" height=\"181\" src=\"https:\/\/lirolight.com\/wp-content\/uploads\/2025\/07\/IP-Battery-P1218-9.png\" alt=\"\" class=\"wp-image-8948\" srcset=\"https:\/\/lirolight.com\/wp-content\/uploads\/2025\/07\/IP-Battery-P1218-9.png 800w, https:\/\/lirolight.com\/wp-content\/uploads\/2025\/07\/IP-Battery-P1218-9-300x68.png 300w, https:\/\/lirolight.com\/wp-content\/uploads\/2025\/07\/IP-Battery-P1218-9-768x174.png 768w, https:\/\/lirolight.com\/wp-content\/uploads\/2025\/07\/IP-Battery-P1218-9-18x4.png 18w, https:\/\/lirolight.com\/wp-content\/uploads\/2025\/07\/IP-Battery-P1218-9-441x100.png 441w, https:\/\/lirolight.com\/wp-content\/uploads\/2025\/07\/IP-Battery-P1218-9-150x34.png 150w, https:\/\/lirolight.com\/wp-content\/uploads\/2025\/07\/IP-Battery-P1218-9-60x14.png 60w\" sizes=\"(max-width: 800px) 100vw, 800px\" \/><\/noscript><\/figure>","protected":false},"excerpt":{"rendered":"<div class=\"QFw9Te BLojaf\">\n<div class=\"hlJJmd\">\n<div class=\"Bmcqed\" dir=\"ltr\">\n<div data-id=\"kvLWu\">Ce par light 12x18W RGBWA UV LED \u00e9tanche IP65 est la solution sans fil ultime pour les DJ, les f\u00eates et les mariages. Dot\u00e9e de 12 LED 6-en-1 haute puissance, elle offre un m\u00e9lange de couleurs \u00e0 spectre complet \u00e9poustouflant. Sa conception robuste et r\u00e9sistante aux intemp\u00e9ries garantit des performances fiables pour tout \u00e9v\u00e9nement en int\u00e9rieur ou en ext\u00e9rieur. Profitez d'un contr\u00f4le total via l'application iPhone\/Android ou le DMX sans fil. Aliment\u00e9 par une batterie de 9600mAh, il offre une libert\u00e9 totale sans c\u00e2ble, ce qui en fait l'uplight portable parfait pour transformer n'importe quel espace avec une illumination vibrante de qualit\u00e9 professionnelle.<\/div>\n<\/div>\n<\/div>\n<\/div>\n<div class=\"DVHrxd\">\u00a0<\/div>\n<div class=\"UdTY9 BwTYAc leDWne\" aria-hidden=\"true\" data-location=\"1\">\u00a0<\/div>\n<p>&nbsp;<\/p>\n<blockquote><p>\u00a0<\/p><\/blockquote>\n<p>&nbsp;<\/p>","protected":false},"featured_media":8945,"comment_status":"open","ping_status":"closed","template":"","meta":[],"product_brand":[],"product_cat":[83],"product_tag":[128,134,211,126,202,127],"class_list":{"0":"post-8930","1":"product","2":"type-product","3":"status-publish","4":"has-post-thumbnail","6":"product_cat-battery-wireless-light","7":"product_tag-battery-par-lights-rgba-uv","8":"product_tag-led-par-light","9":"product_tag-remote-led-par-lights","10":"product_tag-uplights","11":"product_tag-wireless-battery-uplight","12":"product_tag-wireless-uplights","14":"first","15":"instock","16":"shipping-taxable","17":"product-type-simple"},"_links":{"self":[{"href":"https:\/\/lirolight.com\/fr\/wp-json\/wp\/v2\/product\/8930","targetHints":{"allow":["GET"]}}],"collection":[{"href":"https:\/\/lirolight.com\/fr\/wp-json\/wp\/v2\/product"}],"about":[{"href":"https:\/\/lirolight.com\/fr\/wp-json\/wp\/v2\/types\/product"}],"replies":[{"embeddable":true,"href":"https:\/\/lirolight.com\/fr\/wp-json\/wp\/v2\/comments?post=8930"}],"version-history":[{"count":5,"href":"https:\/\/lirolight.com\/fr\/wp-json\/wp\/v2\/product\/8930\/revisions"}],"predecessor-version":[{"id":10531,"href":"https:\/\/lirolight.com\/fr\/wp-json\/wp\/v2\/product\/8930\/revisions\/10531"}],"wp:featuredmedia":[{"embeddable":true,"href":"https:\/\/lirolight.com\/fr\/wp-json\/wp\/v2\/media\/8945"}],"wp:attachment":[{"href":"https:\/\/lirolight.com\/fr\/wp-json\/wp\/v2\/media?parent=8930"}],"wp:term":[{"taxonomy":"product_brand","embeddable":true,"href":"https:\/\/lirolight.com\/fr\/wp-json\/wp\/v2\/product_brand?post=8930"},{"taxonomy":"product_cat","embeddable":true,"href":"https:\/\/lirolight.com\/fr\/wp-json\/wp\/v2\/product_cat?post=8930"},{"taxonomy":"product_tag","embeddable":true,"href":"https:\/\/lirolight.com\/fr\/wp-json\/wp\/v2\/product_tag?post=8930"}],"curies":[{"name":"wp","href":"https:\/\/api.w.org\/{rel}","templated":true}]}}