{"id":8971,"date":"2025-07-30T03:10:18","date_gmt":"2025-07-30T03:10:18","guid":{"rendered":"https:\/\/lirolight.com\/?post_type=product&#038;p=8971"},"modified":"2026-01-13T02:44:16","modified_gmt":"2026-01-13T02:44:16","slug":"liro-lite-waterproof-ip65-4pcs-20w-led-battery-wireless-dmx-par-uplights-flat-rgbawap-6in1-led-par-can-stage-lights","status":"publish","type":"product","link":"https:\/\/lirolight.com\/fr\/produit\/liro-lite-waterproof-ip65-4pcs-20w-led-battery-wireless-dmx-par-uplights-flat-rgbawap-6in1-led-par-can-stage-lights\/","title":{"rendered":"LiRO-LITE 4pcs 20W Led Battery Wireless DMX Par Uplights Flat RGBAWAP 6in1 LED Par Can Stage Lights \u00e9tanche IP65"},"content":{"rendered":"<h2 class=\"wp-block-heading\"><strong><mark style=\"background-color:#000000\" class=\"has-inline-color has-white-color\">Batterie LR-IP P420<\/mark><\/strong><\/h2>\n\n\n\n<p>Cet ensemble de quatre projecteurs sans fil DMX IP65 \u00e9tanches est con\u00e7u pour l'\u00e9clairage professionnel de sc\u00e8nes et d'\u00e9v\u00e9nements. Chaque appareil est \u00e9quip\u00e9 d'une puissante LED RGBWA+UV 6-en-1 de 20W, offrant un m\u00e9lange de couleurs vibrantes et des effets \u00e9tonnants. Avec une batterie de 12 000mAh, ils offrent un fonctionnement sans fil fiable. Le contr\u00f4le se fait sans effort via l'application iPhone\/Android ou le DMX sans fil. Parfaites pour les mariages, les f\u00eates et les festivals, ces LED \u00e0 faible consommation d'\u00e9nergie et \u00e0 longue dur\u00e9e de vie offrent une illumination brillante et personnalisable, am\u00e9liorant toute atmosph\u00e8re avec facilit\u00e9 et polyvalence.<\/p>\n\n\n\n<hr class=\"wp-block-separator has-alpha-channel-opacity\"\/>\n\n\n\n<h2 class=\"wp-block-heading\">Photos :<\/h2>\n\n\n\n<figure class=\"wp-block-image alignwide size-full\"><img fetchpriority=\"high\" decoding=\"async\" width=\"750\" height=\"827\" src=\"https:\/\/lirolight.com\/wp-content\/uploads\/2025\/07\/IP-Battery-P420-0.jpg\" alt=\"\" class=\"wp-image-8972\" srcset=\"https:\/\/lirolight.com\/wp-content\/uploads\/2025\/07\/IP-Battery-P420-0.jpg 750w, https:\/\/lirolight.com\/wp-content\/uploads\/2025\/07\/IP-Battery-P420-0-272x300.jpg 272w, https:\/\/lirolight.com\/wp-content\/uploads\/2025\/07\/IP-Battery-P420-0-11x12.jpg 11w, https:\/\/lirolight.com\/wp-content\/uploads\/2025\/07\/IP-Battery-P420-0-441x486.jpg 441w, https:\/\/lirolight.com\/wp-content\/uploads\/2025\/07\/IP-Battery-P420-0-300x331.jpg 300w, https:\/\/lirolight.com\/wp-content\/uploads\/2025\/07\/IP-Battery-P420-0-150x165.jpg 150w, https:\/\/lirolight.com\/wp-content\/uploads\/2025\/07\/IP-Battery-P420-0-36x40.jpg 36w\" sizes=\"(max-width: 750px) 100vw, 750px\" \/><\/figure>\n\n\n\n<figure class=\"wp-block-image alignwide size-full\"><img decoding=\"async\" width=\"800\" height=\"800\" data-src=\"https:\/\/lirolight.com\/wp-content\/uploads\/2025\/07\/IP-Battery-P420-1.png\" alt=\"\" class=\"wp-image-8973 lazyload\" data-srcset=\"https:\/\/lirolight.com\/wp-content\/uploads\/2025\/07\/IP-Battery-P420-1.png 800w, https:\/\/lirolight.com\/wp-content\/uploads\/2025\/07\/IP-Battery-P420-1-300x300.png 300w, https:\/\/lirolight.com\/wp-content\/uploads\/2025\/07\/IP-Battery-P420-1-150x150.png 150w, https:\/\/lirolight.com\/wp-content\/uploads\/2025\/07\/IP-Battery-P420-1-768x768.png 768w, https:\/\/lirolight.com\/wp-content\/uploads\/2025\/07\/IP-Battery-P420-1-12x12.png 12w, https:\/\/lirolight.com\/wp-content\/uploads\/2025\/07\/IP-Battery-P420-1-441x441.png 441w, https:\/\/lirolight.com\/wp-content\/uploads\/2025\/07\/IP-Battery-P420-1-100x100.png 100w, https:\/\/lirolight.com\/wp-content\/uploads\/2025\/07\/IP-Battery-P420-1-40x40.png 40w\" data-sizes=\"(max-width: 800px) 100vw, 800px\" src=\"data:image\/gif;base64,R0lGODlhAQABAAAAACH5BAEKAAEALAAAAAABAAEAAAICTAEAOw==\" style=\"--smush-placeholder-width: 800px; --smush-placeholder-aspect-ratio: 800\/800;\" \/><noscript><img decoding=\"async\" width=\"800\" height=\"800\" src=\"https:\/\/lirolight.com\/wp-content\/uploads\/2025\/07\/IP-Battery-P420-1.png\" alt=\"\" class=\"wp-image-8973\" srcset=\"https:\/\/lirolight.com\/wp-content\/uploads\/2025\/07\/IP-Battery-P420-1.png 800w, https:\/\/lirolight.com\/wp-content\/uploads\/2025\/07\/IP-Battery-P420-1-300x300.png 300w, https:\/\/lirolight.com\/wp-content\/uploads\/2025\/07\/IP-Battery-P420-1-150x150.png 150w, https:\/\/lirolight.com\/wp-content\/uploads\/2025\/07\/IP-Battery-P420-1-768x768.png 768w, https:\/\/lirolight.com\/wp-content\/uploads\/2025\/07\/IP-Battery-P420-1-12x12.png 12w, https:\/\/lirolight.com\/wp-content\/uploads\/2025\/07\/IP-Battery-P420-1-441x441.png 441w, https:\/\/lirolight.com\/wp-content\/uploads\/2025\/07\/IP-Battery-P420-1-100x100.png 100w, https:\/\/lirolight.com\/wp-content\/uploads\/2025\/07\/IP-Battery-P420-1-40x40.png 40w\" sizes=\"(max-width: 800px) 100vw, 800px\" \/><\/noscript><\/figure>\n\n\n\n<div class=\"wp-block-columns is-layout-flex wp-container-core-columns-is-layout-28f84493 wp-block-columns-is-layout-flex\">\n<div class=\"wp-block-column is-layout-flow wp-block-column-is-layout-flow\">\n<div class=\"wp-block-columns is-layout-flex wp-container-core-columns-is-layout-28f84493 wp-block-columns-is-layout-flex\">\n<div class=\"wp-block-column is-layout-flow wp-block-column-is-layout-flow\">\n<figure class=\"wp-block-image size-full\"><img decoding=\"async\" width=\"800\" height=\"800\" data-src=\"https:\/\/lirolight.com\/wp-content\/uploads\/2025\/07\/IP-Battery-P420-6.jpg\" alt=\"\" class=\"wp-image-8978 lazyload\" data-srcset=\"https:\/\/lirolight.com\/wp-content\/uploads\/2025\/07\/IP-Battery-P420-6.jpg 800w, https:\/\/lirolight.com\/wp-content\/uploads\/2025\/07\/IP-Battery-P420-6-300x300.jpg 300w, https:\/\/lirolight.com\/wp-content\/uploads\/2025\/07\/IP-Battery-P420-6-150x150.jpg 150w, https:\/\/lirolight.com\/wp-content\/uploads\/2025\/07\/IP-Battery-P420-6-768x768.jpg 768w, https:\/\/lirolight.com\/wp-content\/uploads\/2025\/07\/IP-Battery-P420-6-12x12.jpg 12w, https:\/\/lirolight.com\/wp-content\/uploads\/2025\/07\/IP-Battery-P420-6-441x441.jpg 441w, https:\/\/lirolight.com\/wp-content\/uploads\/2025\/07\/IP-Battery-P420-6-100x100.jpg 100w, https:\/\/lirolight.com\/wp-content\/uploads\/2025\/07\/IP-Battery-P420-6-40x40.jpg 40w\" data-sizes=\"(max-width: 800px) 100vw, 800px\" src=\"data:image\/gif;base64,R0lGODlhAQABAAAAACH5BAEKAAEALAAAAAABAAEAAAICTAEAOw==\" style=\"--smush-placeholder-width: 800px; --smush-placeholder-aspect-ratio: 800\/800;\" \/><noscript><img decoding=\"async\" width=\"800\" height=\"800\" src=\"https:\/\/lirolight.com\/wp-content\/uploads\/2025\/07\/IP-Battery-P420-6.jpg\" alt=\"\" class=\"wp-image-8978\" srcset=\"https:\/\/lirolight.com\/wp-content\/uploads\/2025\/07\/IP-Battery-P420-6.jpg 800w, https:\/\/lirolight.com\/wp-content\/uploads\/2025\/07\/IP-Battery-P420-6-300x300.jpg 300w, https:\/\/lirolight.com\/wp-content\/uploads\/2025\/07\/IP-Battery-P420-6-150x150.jpg 150w, https:\/\/lirolight.com\/wp-content\/uploads\/2025\/07\/IP-Battery-P420-6-768x768.jpg 768w, https:\/\/lirolight.com\/wp-content\/uploads\/2025\/07\/IP-Battery-P420-6-12x12.jpg 12w, https:\/\/lirolight.com\/wp-content\/uploads\/2025\/07\/IP-Battery-P420-6-441x441.jpg 441w, https:\/\/lirolight.com\/wp-content\/uploads\/2025\/07\/IP-Battery-P420-6-100x100.jpg 100w, https:\/\/lirolight.com\/wp-content\/uploads\/2025\/07\/IP-Battery-P420-6-40x40.jpg 40w\" sizes=\"(max-width: 800px) 100vw, 800px\" \/><\/noscript><\/figure>\n<\/div>\n\n\n\n<div class=\"wp-block-column is-layout-flow wp-block-column-is-layout-flow\">\n<figure class=\"wp-block-image size-full\"><img loading=\"lazy\" decoding=\"async\" width=\"800\" height=\"800\" data-src=\"https:\/\/lirolight.com\/wp-content\/uploads\/2025\/07\/IP-Battery-P420-5.jpg\" alt=\"\" class=\"wp-image-8977 lazyload\" data-srcset=\"https:\/\/lirolight.com\/wp-content\/uploads\/2025\/07\/IP-Battery-P420-5.jpg 800w, https:\/\/lirolight.com\/wp-content\/uploads\/2025\/07\/IP-Battery-P420-5-300x300.jpg 300w, https:\/\/lirolight.com\/wp-content\/uploads\/2025\/07\/IP-Battery-P420-5-150x150.jpg 150w, https:\/\/lirolight.com\/wp-content\/uploads\/2025\/07\/IP-Battery-P420-5-768x768.jpg 768w, https:\/\/lirolight.com\/wp-content\/uploads\/2025\/07\/IP-Battery-P420-5-12x12.jpg 12w, https:\/\/lirolight.com\/wp-content\/uploads\/2025\/07\/IP-Battery-P420-5-441x441.jpg 441w, https:\/\/lirolight.com\/wp-content\/uploads\/2025\/07\/IP-Battery-P420-5-100x100.jpg 100w, https:\/\/lirolight.com\/wp-content\/uploads\/2025\/07\/IP-Battery-P420-5-40x40.jpg 40w\" data-sizes=\"(max-width: 800px) 100vw, 800px\" src=\"data:image\/gif;base64,R0lGODlhAQABAAAAACH5BAEKAAEALAAAAAABAAEAAAICTAEAOw==\" style=\"--smush-placeholder-width: 800px; --smush-placeholder-aspect-ratio: 800\/800;\" \/><noscript><img loading=\"lazy\" decoding=\"async\" width=\"800\" height=\"800\" src=\"https:\/\/lirolight.com\/wp-content\/uploads\/2025\/07\/IP-Battery-P420-5.jpg\" alt=\"\" class=\"wp-image-8977\" srcset=\"https:\/\/lirolight.com\/wp-content\/uploads\/2025\/07\/IP-Battery-P420-5.jpg 800w, https:\/\/lirolight.com\/wp-content\/uploads\/2025\/07\/IP-Battery-P420-5-300x300.jpg 300w, https:\/\/lirolight.com\/wp-content\/uploads\/2025\/07\/IP-Battery-P420-5-150x150.jpg 150w, https:\/\/lirolight.com\/wp-content\/uploads\/2025\/07\/IP-Battery-P420-5-768x768.jpg 768w, https:\/\/lirolight.com\/wp-content\/uploads\/2025\/07\/IP-Battery-P420-5-12x12.jpg 12w, https:\/\/lirolight.com\/wp-content\/uploads\/2025\/07\/IP-Battery-P420-5-441x441.jpg 441w, https:\/\/lirolight.com\/wp-content\/uploads\/2025\/07\/IP-Battery-P420-5-100x100.jpg 100w, https:\/\/lirolight.com\/wp-content\/uploads\/2025\/07\/IP-Battery-P420-5-40x40.jpg 40w\" sizes=\"(max-width: 800px) 100vw, 800px\" \/><\/noscript><\/figure>\n<\/div>\n<\/div>\n<\/div>\n<\/div>\n\n\n\n<div class=\"wp-block-columns is-layout-flex wp-container-core-columns-is-layout-28f84493 wp-block-columns-is-layout-flex\">\n<div class=\"wp-block-column is-layout-flow wp-block-column-is-layout-flow\">\n<figure class=\"wp-block-image size-full\"><img loading=\"lazy\" decoding=\"async\" width=\"800\" height=\"800\" data-src=\"https:\/\/lirolight.com\/wp-content\/uploads\/2025\/07\/IP-Battery-P420-7.jpg\" alt=\"\" class=\"wp-image-8979 lazyload\" data-srcset=\"https:\/\/lirolight.com\/wp-content\/uploads\/2025\/07\/IP-Battery-P420-7.jpg 800w, https:\/\/lirolight.com\/wp-content\/uploads\/2025\/07\/IP-Battery-P420-7-300x300.jpg 300w, https:\/\/lirolight.com\/wp-content\/uploads\/2025\/07\/IP-Battery-P420-7-150x150.jpg 150w, https:\/\/lirolight.com\/wp-content\/uploads\/2025\/07\/IP-Battery-P420-7-768x768.jpg 768w, https:\/\/lirolight.com\/wp-content\/uploads\/2025\/07\/IP-Battery-P420-7-12x12.jpg 12w, https:\/\/lirolight.com\/wp-content\/uploads\/2025\/07\/IP-Battery-P420-7-441x441.jpg 441w, https:\/\/lirolight.com\/wp-content\/uploads\/2025\/07\/IP-Battery-P420-7-100x100.jpg 100w, https:\/\/lirolight.com\/wp-content\/uploads\/2025\/07\/IP-Battery-P420-7-40x40.jpg 40w\" data-sizes=\"(max-width: 800px) 100vw, 800px\" src=\"data:image\/gif;base64,R0lGODlhAQABAAAAACH5BAEKAAEALAAAAAABAAEAAAICTAEAOw==\" style=\"--smush-placeholder-width: 800px; --smush-placeholder-aspect-ratio: 800\/800;\" \/><noscript><img loading=\"lazy\" decoding=\"async\" width=\"800\" height=\"800\" src=\"https:\/\/lirolight.com\/wp-content\/uploads\/2025\/07\/IP-Battery-P420-7.jpg\" alt=\"\" class=\"wp-image-8979\" srcset=\"https:\/\/lirolight.com\/wp-content\/uploads\/2025\/07\/IP-Battery-P420-7.jpg 800w, https:\/\/lirolight.com\/wp-content\/uploads\/2025\/07\/IP-Battery-P420-7-300x300.jpg 300w, https:\/\/lirolight.com\/wp-content\/uploads\/2025\/07\/IP-Battery-P420-7-150x150.jpg 150w, https:\/\/lirolight.com\/wp-content\/uploads\/2025\/07\/IP-Battery-P420-7-768x768.jpg 768w, https:\/\/lirolight.com\/wp-content\/uploads\/2025\/07\/IP-Battery-P420-7-12x12.jpg 12w, https:\/\/lirolight.com\/wp-content\/uploads\/2025\/07\/IP-Battery-P420-7-441x441.jpg 441w, https:\/\/lirolight.com\/wp-content\/uploads\/2025\/07\/IP-Battery-P420-7-100x100.jpg 100w, https:\/\/lirolight.com\/wp-content\/uploads\/2025\/07\/IP-Battery-P420-7-40x40.jpg 40w\" sizes=\"(max-width: 800px) 100vw, 800px\" \/><\/noscript><\/figure>\n<\/div>\n\n\n\n<div class=\"wp-block-column is-layout-flow wp-block-column-is-layout-flow\">\n<figure class=\"wp-block-image size-full\"><img loading=\"lazy\" decoding=\"async\" width=\"800\" height=\"800\" data-src=\"https:\/\/lirolight.com\/wp-content\/uploads\/2025\/07\/IP-Battery-P420-8.jpg\" alt=\"\" class=\"wp-image-8980 lazyload\" data-srcset=\"https:\/\/lirolight.com\/wp-content\/uploads\/2025\/07\/IP-Battery-P420-8.jpg 800w, https:\/\/lirolight.com\/wp-content\/uploads\/2025\/07\/IP-Battery-P420-8-300x300.jpg 300w, https:\/\/lirolight.com\/wp-content\/uploads\/2025\/07\/IP-Battery-P420-8-150x150.jpg 150w, https:\/\/lirolight.com\/wp-content\/uploads\/2025\/07\/IP-Battery-P420-8-768x768.jpg 768w, https:\/\/lirolight.com\/wp-content\/uploads\/2025\/07\/IP-Battery-P420-8-12x12.jpg 12w, https:\/\/lirolight.com\/wp-content\/uploads\/2025\/07\/IP-Battery-P420-8-441x441.jpg 441w, https:\/\/lirolight.com\/wp-content\/uploads\/2025\/07\/IP-Battery-P420-8-100x100.jpg 100w, https:\/\/lirolight.com\/wp-content\/uploads\/2025\/07\/IP-Battery-P420-8-40x40.jpg 40w\" data-sizes=\"(max-width: 800px) 100vw, 800px\" src=\"data:image\/gif;base64,R0lGODlhAQABAAAAACH5BAEKAAEALAAAAAABAAEAAAICTAEAOw==\" style=\"--smush-placeholder-width: 800px; --smush-placeholder-aspect-ratio: 800\/800;\" \/><noscript><img loading=\"lazy\" decoding=\"async\" width=\"800\" height=\"800\" src=\"https:\/\/lirolight.com\/wp-content\/uploads\/2025\/07\/IP-Battery-P420-8.jpg\" alt=\"\" class=\"wp-image-8980\" srcset=\"https:\/\/lirolight.com\/wp-content\/uploads\/2025\/07\/IP-Battery-P420-8.jpg 800w, https:\/\/lirolight.com\/wp-content\/uploads\/2025\/07\/IP-Battery-P420-8-300x300.jpg 300w, https:\/\/lirolight.com\/wp-content\/uploads\/2025\/07\/IP-Battery-P420-8-150x150.jpg 150w, https:\/\/lirolight.com\/wp-content\/uploads\/2025\/07\/IP-Battery-P420-8-768x768.jpg 768w, https:\/\/lirolight.com\/wp-content\/uploads\/2025\/07\/IP-Battery-P420-8-12x12.jpg 12w, https:\/\/lirolight.com\/wp-content\/uploads\/2025\/07\/IP-Battery-P420-8-441x441.jpg 441w, https:\/\/lirolight.com\/wp-content\/uploads\/2025\/07\/IP-Battery-P420-8-100x100.jpg 100w, https:\/\/lirolight.com\/wp-content\/uploads\/2025\/07\/IP-Battery-P420-8-40x40.jpg 40w\" sizes=\"(max-width: 800px) 100vw, 800px\" \/><\/noscript><\/figure>\n<\/div>\n<\/div>\n\n\n\n<h2 class=\"wp-block-heading\">Sp\u00e9cification :<\/h2>\n\n\n\n<ul class=\"wp-block-list\">\n<li>\u00c9tanch\u00e9it\u00e9 IP65<\/li>\n\n\n\n<li>4pcs LED 20W RGBW A UV 6in1<\/li>\n\n\n\n<li>Sans fil<\/li>\n\n\n\n<li>Contr\u00f4le de l'APP iPhone\/Android<\/li>\n\n\n\n<li>Batterie 12000MAH<\/li>\n<\/ul>\n\n\n\n<div class=\"wp-block-columns is-layout-flex wp-container-core-columns-is-layout-28f84493 wp-block-columns-is-layout-flex\">\n<div class=\"wp-block-column is-layout-flow wp-block-column-is-layout-flow\">\n<h2 class=\"wp-block-heading\"><strong>Param\u00e8tre :<\/strong>\u200b<\/h2>\n\n\n\n<figure class=\"wp-block-table\"><table class=\"has-fixed-layout\"><tbody><tr><td>Tension d'entr\u00e9e :<\/td><td>AC100V-250V\/50-60HZ<\/td><\/tr><tr><td>Coquille :<\/td><td>Corps enti\u00e8rement en aluminium, meilleure dissipation de la chaleur<\/td><\/tr><tr><td>Couleur :<\/td><td>16,7 millions de changements de couleur<\/td><\/tr><tr><td>Affichage :<\/td><td>\u00c9cran tactile OLED, pratique et rapide, touche de menu CCT<\/td><\/tr><tr><td>Temp\u00e9rature de couleur :<\/td><td>2700-10000K r\u00e9glable (300K est une unit\u00e9)<\/td><\/tr><tr><td>Mode horaire :<\/td><td>Mode 2 heures\/4 heures\/6 heures\/8 heures en option<\/td><\/tr><tr><td>Mode canal :<\/td><td>2CH\/6CH\/8CH\/11CH<\/td><\/tr><tr><td>Dur\u00e9e de vie de la source lumineuse :<\/td><td>50000 heures<\/td><\/tr><\/tbody><\/table><\/figure>\n<\/div>\n<\/div>\n\n\n\n<h2 class=\"wp-block-heading\">Lien vid\u00e9o :<\/h2>\n\n\n\n<p><a href=\"https:\/\/www.instagram.com\/reel\/DISlcfqSWl9\" target=\"_blank\" rel=\"noopener\">https:\/\/www.instagram.com\/reel\/DISlcfqSWl9<\/a><\/p>","protected":false},"excerpt":{"rendered":"<div class=\"QFw9Te BLojaf\">\n<div class=\"hlJJmd\">\n<div class=\"Bmcqed\" dir=\"ltr\">\n<div data-id=\"kvLWu\">Cet ensemble de quatre projecteurs sans fil DMX IP65 \u00e9tanches est con\u00e7u pour l'\u00e9clairage professionnel de sc\u00e8nes et d'\u00e9v\u00e9nements. Chaque appareil est \u00e9quip\u00e9 d'une puissante LED RGBWA+UV 6-en-1 de 20W, offrant un m\u00e9lange de couleurs vibrantes et des effets \u00e9tonnants. Avec une batterie de 12 000mAh, ils offrent un fonctionnement sans fil fiable. Le contr\u00f4le se fait sans effort via l'application iPhone\/Android ou le DMX sans fil. Parfaites pour les mariages, les f\u00eates et les festivals, ces LED \u00e0 faible consommation d'\u00e9nergie et \u00e0 longue dur\u00e9e de vie offrent une illumination brillante et personnalisable, am\u00e9liorant toute atmosph\u00e8re avec facilit\u00e9 et polyvalence.<\/div>\n<\/div>\n<\/div>\n<\/div>\n<div class=\"DVHrxd\">\u00a0<\/div>\n<div class=\"UdTY9 BwTYAc leDWne\" aria-hidden=\"true\" data-location=\"1\">\u00a0<\/div>\n<p>&nbsp;<\/p>\n<blockquote><p>\u00a0<\/p><\/blockquote>\n<p>&nbsp;<\/p>","protected":false},"featured_media":8973,"comment_status":"open","ping_status":"closed","template":"","meta":[],"product_brand":[],"product_cat":[83],"product_tag":[128,134,211,126,202,127],"class_list":{"0":"post-8971","1":"product","2":"type-product","3":"status-publish","4":"has-post-thumbnail","6":"product_cat-battery-wireless-light","7":"product_tag-battery-par-lights-rgba-uv","8":"product_tag-led-par-light","9":"product_tag-remote-led-par-lights","10":"product_tag-uplights","11":"product_tag-wireless-battery-uplight","12":"product_tag-wireless-uplights","14":"first","15":"instock","16":"shipping-taxable","17":"product-type-simple"},"_links":{"self":[{"href":"https:\/\/lirolight.com\/fr\/wp-json\/wp\/v2\/product\/8971","targetHints":{"allow":["GET"]}}],"collection":[{"href":"https:\/\/lirolight.com\/fr\/wp-json\/wp\/v2\/product"}],"about":[{"href":"https:\/\/lirolight.com\/fr\/wp-json\/wp\/v2\/types\/product"}],"replies":[{"embeddable":true,"href":"https:\/\/lirolight.com\/fr\/wp-json\/wp\/v2\/comments?post=8971"}],"version-history":[{"count":6,"href":"https:\/\/lirolight.com\/fr\/wp-json\/wp\/v2\/product\/8971\/revisions"}],"predecessor-version":[{"id":10533,"href":"https:\/\/lirolight.com\/fr\/wp-json\/wp\/v2\/product\/8971\/revisions\/10533"}],"wp:featuredmedia":[{"embeddable":true,"href":"https:\/\/lirolight.com\/fr\/wp-json\/wp\/v2\/media\/8973"}],"wp:attachment":[{"href":"https:\/\/lirolight.com\/fr\/wp-json\/wp\/v2\/media?parent=8971"}],"wp:term":[{"taxonomy":"product_brand","embeddable":true,"href":"https:\/\/lirolight.com\/fr\/wp-json\/wp\/v2\/product_brand?post=8971"},{"taxonomy":"product_cat","embeddable":true,"href":"https:\/\/lirolight.com\/fr\/wp-json\/wp\/v2\/product_cat?post=8971"},{"taxonomy":"product_tag","embeddable":true,"href":"https:\/\/lirolight.com\/fr\/wp-json\/wp\/v2\/product_tag?post=8971"}],"curies":[{"name":"wp","href":"https:\/\/api.w.org\/{rel}","templated":true}]}}