{"id":9174,"date":"2025-08-07T02:24:59","date_gmt":"2025-08-07T02:24:59","guid":{"rendered":"https:\/\/lirolight.com\/?post_type=product&#038;p=9174"},"modified":"2026-01-13T01:51:40","modified_gmt":"2026-01-13T01:51:40","slug":"liro-lite-37x40w-k25-led-bee-eye-wash-rgbw-4in1-dmx-control-zoom-wash-led-moving-head-lights","status":"publish","type":"product","link":"https:\/\/lirolight.com\/fr\/produit\/liro-lite-37x40w-k25-led-bee-eye-wash-rgbw-4in1-dmx-control-zoom-wash-led-moving-head-lights\/","title":{"rendered":"LiRO-LITE 37X40W K25 LED Bee Eye Wash RGBW 4in1 DMX Control Zoom Wash Led Moving Head Lights"},"content":{"rendered":"<h2 class=\"wp-block-heading\"><strong><mark style=\"background-color:#000000\" class=\"has-inline-color has-white-color\">LR-B-EYE K25<\/mark><\/strong><\/h2>\n\n\n\n<hr class=\"wp-block-separator has-alpha-channel-opacity\"\/>\n\n\n\n<h2 class=\"wp-block-heading\">Photos :<\/h2>\n\n\n\n<figure class=\"wp-block-image size-large\"><img fetchpriority=\"high\" decoding=\"async\" width=\"1024\" height=\"1024\" src=\"https:\/\/lirolight.com\/wp-content\/uploads\/2025\/08\/beye-wash-37x40w-moving-head-light-1-1024x1024.png\" alt=\"\" class=\"wp-image-9175\" srcset=\"https:\/\/lirolight.com\/wp-content\/uploads\/2025\/08\/beye-wash-37x40w-moving-head-light-1-1024x1024.png 1024w, https:\/\/lirolight.com\/wp-content\/uploads\/2025\/08\/beye-wash-37x40w-moving-head-light-1-300x300.png 300w, https:\/\/lirolight.com\/wp-content\/uploads\/2025\/08\/beye-wash-37x40w-moving-head-light-1-150x150.png 150w, https:\/\/lirolight.com\/wp-content\/uploads\/2025\/08\/beye-wash-37x40w-moving-head-light-1-768x768.png 768w, https:\/\/lirolight.com\/wp-content\/uploads\/2025\/08\/beye-wash-37x40w-moving-head-light-1-12x12.png 12w, https:\/\/lirolight.com\/wp-content\/uploads\/2025\/08\/beye-wash-37x40w-moving-head-light-1-990x990.png 990w, https:\/\/lirolight.com\/wp-content\/uploads\/2025\/08\/beye-wash-37x40w-moving-head-light-1-441x441.png 441w, https:\/\/lirolight.com\/wp-content\/uploads\/2025\/08\/beye-wash-37x40w-moving-head-light-1-100x100.png 100w, https:\/\/lirolight.com\/wp-content\/uploads\/2025\/08\/beye-wash-37x40w-moving-head-light-1-800x800.png 800w, https:\/\/lirolight.com\/wp-content\/uploads\/2025\/08\/beye-wash-37x40w-moving-head-light-1-40x40.png 40w, https:\/\/lirolight.com\/wp-content\/uploads\/2025\/08\/beye-wash-37x40w-moving-head-light-1.png 1200w\" sizes=\"(max-width: 1024px) 100vw, 1024px\" \/><\/figure>\n\n\n\n<h2 class=\"wp-block-heading\">Sp\u00e9cification :<\/h2>\n\n\n\n<ul class=\"wp-block-list\">\n<li>La m\u00eame cha\u00eene avec Clay Paky<\/li>\n\n\n\n<li>37*40W 4in1 RGBW LEDs<\/li>\n\n\n\n<li>Ventilateurs silencieux \u00e0 vitesse automatique<\/li>\n\n\n\n<li>Contr\u00f4le individuel des LED<\/li>\n\n\n\n<li>Formes int\u00e9gr\u00e9es<\/li>\n\n\n\n<li>4-60\u00b0zoom<\/li>\n\n\n\n<li>Continuit\u00e9 de la lentille frontale<\/li>\n<\/ul>\n\n\n\n<h2 class=\"wp-block-heading\">Param\u00e8tres :<\/h2>\n\n\n\n<figure class=\"wp-block-table\"><table class=\"has-fixed-layout\"><tbody><tr><td>Tension large<\/td><td>AC100-240V, 50\/60Hz<\/td><\/tr><tr><td>Source<\/td><td>37*40W 4in1 RGBW LEDs<\/td><\/tr><tr><td>LED<\/td><td>Contr\u00f4le individuel des LED<\/td><\/tr><tr><td>Effet<\/td><td>Lentille de rotation, avec effets \"vortex\" et \"kal\u00e9idoscope\".<\/td><\/tr><tr><td>Temp\u00e9rature de couleur<\/td><td>2500K-8000K<\/td><\/tr><tr><td>Variateur<\/td><td>4 Courbes de gradation de la doublure<\/td><\/tr><tr><td>Syst\u00e8me de refroidissement<\/td><td>Ventilateur \u00e0 vitesse automatique en fonction de la temp\u00e9rature, ventilateurs silencieux<\/td><\/tr><tr><td>Cha\u00eene<\/td><td>21\/35\/78\/92\/97<\/td><\/tr><tr><td>Angle du zoom de lavage<\/td><td>4-60\u00b0zoom<\/td><\/tr><tr><td>Syst\u00e8me de m\u00e9lange des couleurs<\/td><td>Syst\u00e8me de m\u00e9lange lin\u00e9aire RGBW+CMY<\/td><\/tr><\/tbody><\/table><\/figure>\n\n\n\n<h2 class=\"wp-block-heading has-medium-font-size\">Heure du spectacle.<\/h2>\n\n\n\n<figure class=\"wp-block-image size-large\"><img decoding=\"async\" width=\"1024\" height=\"683\" data-src=\"https:\/\/lirolight.com\/wp-content\/uploads\/2025\/08\/wash-3740-1024x683.png\" alt=\"\" class=\"wp-image-9177 lazyload\" data-srcset=\"https:\/\/lirolight.com\/wp-content\/uploads\/2025\/08\/wash-3740-1024x683.png 1024w, https:\/\/lirolight.com\/wp-content\/uploads\/2025\/08\/wash-3740-300x200.png 300w, https:\/\/lirolight.com\/wp-content\/uploads\/2025\/08\/wash-3740-768x512.png 768w, https:\/\/lirolight.com\/wp-content\/uploads\/2025\/08\/wash-3740-1536x1025.png 1536w, https:\/\/lirolight.com\/wp-content\/uploads\/2025\/08\/wash-3740-18x12.png 18w, https:\/\/lirolight.com\/wp-content\/uploads\/2025\/08\/wash-3740-990x661.png 990w, https:\/\/lirolight.com\/wp-content\/uploads\/2025\/08\/wash-3740-441x294.png 441w, https:\/\/lirolight.com\/wp-content\/uploads\/2025\/08\/wash-3740-800x534.png 800w, https:\/\/lirolight.com\/wp-content\/uploads\/2025\/08\/wash-3740-150x100.png 150w, https:\/\/lirolight.com\/wp-content\/uploads\/2025\/08\/wash-3740-60x40.png 60w, https:\/\/lirolight.com\/wp-content\/uploads\/2025\/08\/wash-3740.png 1800w\" data-sizes=\"(max-width: 1024px) 100vw, 1024px\" src=\"data:image\/gif;base64,R0lGODlhAQABAAAAACH5BAEKAAEALAAAAAABAAEAAAICTAEAOw==\" style=\"--smush-placeholder-width: 1024px; --smush-placeholder-aspect-ratio: 1024\/683;\" \/><noscript><img decoding=\"async\" width=\"1024\" height=\"683\" src=\"https:\/\/lirolight.com\/wp-content\/uploads\/2025\/08\/wash-3740-1024x683.png\" alt=\"\" class=\"wp-image-9177\" srcset=\"https:\/\/lirolight.com\/wp-content\/uploads\/2025\/08\/wash-3740-1024x683.png 1024w, https:\/\/lirolight.com\/wp-content\/uploads\/2025\/08\/wash-3740-300x200.png 300w, https:\/\/lirolight.com\/wp-content\/uploads\/2025\/08\/wash-3740-768x512.png 768w, https:\/\/lirolight.com\/wp-content\/uploads\/2025\/08\/wash-3740-1536x1025.png 1536w, https:\/\/lirolight.com\/wp-content\/uploads\/2025\/08\/wash-3740-18x12.png 18w, https:\/\/lirolight.com\/wp-content\/uploads\/2025\/08\/wash-3740-990x661.png 990w, https:\/\/lirolight.com\/wp-content\/uploads\/2025\/08\/wash-3740-441x294.png 441w, https:\/\/lirolight.com\/wp-content\/uploads\/2025\/08\/wash-3740-800x534.png 800w, https:\/\/lirolight.com\/wp-content\/uploads\/2025\/08\/wash-3740-150x100.png 150w, https:\/\/lirolight.com\/wp-content\/uploads\/2025\/08\/wash-3740-60x40.png 60w, https:\/\/lirolight.com\/wp-content\/uploads\/2025\/08\/wash-3740.png 1800w\" sizes=\"(max-width: 1024px) 100vw, 1024px\" \/><\/noscript><\/figure>\n\n\n\n<figure class=\"wp-block-image size-large\"><img decoding=\"async\" width=\"1024\" height=\"684\" data-src=\"https:\/\/lirolight.com\/wp-content\/uploads\/2025\/08\/wash-37x40w-1024x684.png\" alt=\"\" class=\"wp-image-9176 lazyload\" data-srcset=\"https:\/\/lirolight.com\/wp-content\/uploads\/2025\/08\/wash-37x40w-1024x684.png 1024w, https:\/\/lirolight.com\/wp-content\/uploads\/2025\/08\/wash-37x40w-300x200.png 300w, https:\/\/lirolight.com\/wp-content\/uploads\/2025\/08\/wash-37x40w-768x513.png 768w, https:\/\/lirolight.com\/wp-content\/uploads\/2025\/08\/wash-37x40w-1536x1026.png 1536w, https:\/\/lirolight.com\/wp-content\/uploads\/2025\/08\/wash-37x40w-18x12.png 18w, https:\/\/lirolight.com\/wp-content\/uploads\/2025\/08\/wash-37x40w-990x661.png 990w, https:\/\/lirolight.com\/wp-content\/uploads\/2025\/08\/wash-37x40w-441x294.png 441w, https:\/\/lirolight.com\/wp-content\/uploads\/2025\/08\/wash-37x40w-800x534.png 800w, https:\/\/lirolight.com\/wp-content\/uploads\/2025\/08\/wash-37x40w-150x100.png 150w, https:\/\/lirolight.com\/wp-content\/uploads\/2025\/08\/wash-37x40w-60x40.png 60w, https:\/\/lirolight.com\/wp-content\/uploads\/2025\/08\/wash-37x40w.png 1800w\" data-sizes=\"(max-width: 1024px) 100vw, 1024px\" src=\"data:image\/gif;base64,R0lGODlhAQABAAAAACH5BAEKAAEALAAAAAABAAEAAAICTAEAOw==\" style=\"--smush-placeholder-width: 1024px; --smush-placeholder-aspect-ratio: 1024\/684;\" \/><noscript><img decoding=\"async\" width=\"1024\" height=\"684\" src=\"https:\/\/lirolight.com\/wp-content\/uploads\/2025\/08\/wash-37x40w-1024x684.png\" alt=\"\" class=\"wp-image-9176\" srcset=\"https:\/\/lirolight.com\/wp-content\/uploads\/2025\/08\/wash-37x40w-1024x684.png 1024w, https:\/\/lirolight.com\/wp-content\/uploads\/2025\/08\/wash-37x40w-300x200.png 300w, https:\/\/lirolight.com\/wp-content\/uploads\/2025\/08\/wash-37x40w-768x513.png 768w, https:\/\/lirolight.com\/wp-content\/uploads\/2025\/08\/wash-37x40w-1536x1026.png 1536w, https:\/\/lirolight.com\/wp-content\/uploads\/2025\/08\/wash-37x40w-18x12.png 18w, https:\/\/lirolight.com\/wp-content\/uploads\/2025\/08\/wash-37x40w-990x661.png 990w, https:\/\/lirolight.com\/wp-content\/uploads\/2025\/08\/wash-37x40w-441x294.png 441w, https:\/\/lirolight.com\/wp-content\/uploads\/2025\/08\/wash-37x40w-800x534.png 800w, https:\/\/lirolight.com\/wp-content\/uploads\/2025\/08\/wash-37x40w-150x100.png 150w, https:\/\/lirolight.com\/wp-content\/uploads\/2025\/08\/wash-37x40w-60x40.png 60w, https:\/\/lirolight.com\/wp-content\/uploads\/2025\/08\/wash-37x40w.png 1800w\" sizes=\"(max-width: 1024px) 100vw, 1024px\" \/><\/noscript><\/figure>","protected":false},"excerpt":{"rendered":"<p>Le projecteur \u00e0 t\u00eate mobile LiRO-LITE 37X40W K25 LED Bee Eye Wash est \u00e9quip\u00e9 de 37x40W LED RGBW 4in1, offrant un m\u00e9lange de couleurs vibrantes et une dur\u00e9e de vie de 50,000h. Avec le contr\u00f4le DMX512\/RDM, il offre un mouvement Pan\/Tilt pr\u00e9cis (540\u00b0\/270\u00b0), un zoom lin\u00e9aire de 4-60\u00b0 et une lentille rotative de 360\u00b0 pour des effets dynamiques de faisceau\/lavage. Parmi les points forts, citons le contr\u00f4le individuel des LED, la temp\u00e9rature de couleur r\u00e9glable (2500-10000K), le stroboscope, quatre courbes de gradation et des macros d'effets int\u00e9gr\u00e9es. Les fonctions intelligentes comprennent un \u00e9cran LCD de 2,8 pouces, le contr\u00f4le de la temp\u00e9rature avec trois modes de ventilation et les mises \u00e0 jour du logiciel DMX. Log\u00e9 dans un bo\u00eetier en plastique ignifug\u00e9 (IP20), il est id\u00e9al pour les sc\u00e8nes professionnelles.<\/p>","protected":false},"featured_media":9175,"comment_status":"open","ping_status":"closed","template":"","meta":[],"product_brand":[],"product_cat":[54],"product_tag":[263,265,264,267,73],"class_list":{"0":"post-9174","1":"product","2":"type-product","3":"status-publish","4":"has-post-thumbnail","6":"product_cat-wash-moving-head-light","7":"product_tag-37x40w","8":"product_tag-dmx-control","9":"product_tag-led-bee-eye-wash","10":"product_tag-led-moving-head-lights","11":"product_tag-wash","13":"first","14":"instock","15":"shipping-taxable","16":"product-type-simple"},"_links":{"self":[{"href":"https:\/\/lirolight.com\/fr\/wp-json\/wp\/v2\/product\/9174","targetHints":{"allow":["GET"]}}],"collection":[{"href":"https:\/\/lirolight.com\/fr\/wp-json\/wp\/v2\/product"}],"about":[{"href":"https:\/\/lirolight.com\/fr\/wp-json\/wp\/v2\/types\/product"}],"replies":[{"embeddable":true,"href":"https:\/\/lirolight.com\/fr\/wp-json\/wp\/v2\/comments?post=9174"}],"version-history":[{"count":4,"href":"https:\/\/lirolight.com\/fr\/wp-json\/wp\/v2\/product\/9174\/revisions"}],"predecessor-version":[{"id":10507,"href":"https:\/\/lirolight.com\/fr\/wp-json\/wp\/v2\/product\/9174\/revisions\/10507"}],"wp:featuredmedia":[{"embeddable":true,"href":"https:\/\/lirolight.com\/fr\/wp-json\/wp\/v2\/media\/9175"}],"wp:attachment":[{"href":"https:\/\/lirolight.com\/fr\/wp-json\/wp\/v2\/media?parent=9174"}],"wp:term":[{"taxonomy":"product_brand","embeddable":true,"href":"https:\/\/lirolight.com\/fr\/wp-json\/wp\/v2\/product_brand?post=9174"},{"taxonomy":"product_cat","embeddable":true,"href":"https:\/\/lirolight.com\/fr\/wp-json\/wp\/v2\/product_cat?post=9174"},{"taxonomy":"product_tag","embeddable":true,"href":"https:\/\/lirolight.com\/fr\/wp-json\/wp\/v2\/product_tag?post=9174"}],"curies":[{"name":"wp","href":"https:\/\/api.w.org\/{rel}","templated":true}]}}