{"id":9180,"date":"2025-08-07T02:38:01","date_gmt":"2025-08-07T02:38:01","guid":{"rendered":"https:\/\/lirolight.com\/?post_type=product&#038;p=9180"},"modified":"2026-01-13T01:50:31","modified_gmt":"2026-01-13T01:50:31","slug":"liro-lite-dmx-7-eyes-60w-retro-stage-light-rgb-control-new-halogen-smd5050-7x60w-led-retro-portman-light","status":"publish","type":"product","link":"https:\/\/lirolight.com\/fr\/produit\/liro-lite-dmx-7-eyes-60w-retro-stage-light-rgb-control-new-halogen-smd5050-7x60w-led-retro-portman-light\/","title":{"rendered":"LiRO-LITE DMX 7 Eyes 60w Retro Stage Light RGB Control New Halogen SMD5050 7X60W LED Retro Portman Light"},"content":{"rendered":"<h2 class=\"wp-block-heading\"><strong><mark style=\"background-color:#000000\" class=\"has-inline-color has-white-color\">LR-M P1 RGB<\/mark><\/strong><\/h2>\n\n\n\n<hr class=\"wp-block-separator has-alpha-channel-opacity\"\/>\n\n\n\n<h2 class=\"wp-block-heading\">Photos\uff1a<\/h2>\n\n\n\n<div class=\"wp-block-columns is-layout-flex wp-container-core-columns-is-layout-28f84493 wp-block-columns-is-layout-flex\">\n<div class=\"wp-block-column is-layout-flow wp-block-column-is-layout-flow\">\n<figure class=\"wp-block-image size-full\"><img fetchpriority=\"high\" decoding=\"async\" width=\"1000\" height=\"1000\" src=\"https:\/\/lirolight.com\/wp-content\/uploads\/2025\/08\/DMX-7-Eyes-60w-Retro-Stage-Light-RGB-Control-New-Halogen-SMD5050-7X60W-LED-Retro-Portman-Light-2.png\" alt=\"\" class=\"wp-image-9181\" srcset=\"https:\/\/lirolight.com\/wp-content\/uploads\/2025\/08\/DMX-7-Eyes-60w-Retro-Stage-Light-RGB-Control-New-Halogen-SMD5050-7X60W-LED-Retro-Portman-Light-2.png 1000w, https:\/\/lirolight.com\/wp-content\/uploads\/2025\/08\/DMX-7-Eyes-60w-Retro-Stage-Light-RGB-Control-New-Halogen-SMD5050-7X60W-LED-Retro-Portman-Light-2-300x300.png 300w, https:\/\/lirolight.com\/wp-content\/uploads\/2025\/08\/DMX-7-Eyes-60w-Retro-Stage-Light-RGB-Control-New-Halogen-SMD5050-7X60W-LED-Retro-Portman-Light-2-150x150.png 150w, https:\/\/lirolight.com\/wp-content\/uploads\/2025\/08\/DMX-7-Eyes-60w-Retro-Stage-Light-RGB-Control-New-Halogen-SMD5050-7X60W-LED-Retro-Portman-Light-2-768x768.png 768w, https:\/\/lirolight.com\/wp-content\/uploads\/2025\/08\/DMX-7-Eyes-60w-Retro-Stage-Light-RGB-Control-New-Halogen-SMD5050-7X60W-LED-Retro-Portman-Light-2-12x12.png 12w, https:\/\/lirolight.com\/wp-content\/uploads\/2025\/08\/DMX-7-Eyes-60w-Retro-Stage-Light-RGB-Control-New-Halogen-SMD5050-7X60W-LED-Retro-Portman-Light-2-990x990.png 990w, https:\/\/lirolight.com\/wp-content\/uploads\/2025\/08\/DMX-7-Eyes-60w-Retro-Stage-Light-RGB-Control-New-Halogen-SMD5050-7X60W-LED-Retro-Portman-Light-2-441x441.png 441w, https:\/\/lirolight.com\/wp-content\/uploads\/2025\/08\/DMX-7-Eyes-60w-Retro-Stage-Light-RGB-Control-New-Halogen-SMD5050-7X60W-LED-Retro-Portman-Light-2-100x100.png 100w, https:\/\/lirolight.com\/wp-content\/uploads\/2025\/08\/DMX-7-Eyes-60w-Retro-Stage-Light-RGB-Control-New-Halogen-SMD5050-7X60W-LED-Retro-Portman-Light-2-800x800.png 800w, https:\/\/lirolight.com\/wp-content\/uploads\/2025\/08\/DMX-7-Eyes-60w-Retro-Stage-Light-RGB-Control-New-Halogen-SMD5050-7X60W-LED-Retro-Portman-Light-2-40x40.png 40w\" sizes=\"(max-width: 1000px) 100vw, 1000px\" \/><\/figure>\n<\/div>\n\n\n\n<div class=\"wp-block-column is-layout-flow wp-block-column-is-layout-flow\">\n<figure class=\"wp-block-image size-full\"><img decoding=\"async\" width=\"800\" height=\"800\" data-src=\"https:\/\/lirolight.com\/wp-content\/uploads\/2025\/07\/12-1.jpg\" alt=\"\" class=\"wp-image-8268 lazyload\" data-srcset=\"https:\/\/lirolight.com\/wp-content\/uploads\/2025\/07\/12-1.jpg 800w, https:\/\/lirolight.com\/wp-content\/uploads\/2025\/07\/12-1-300x300.jpg 300w, https:\/\/lirolight.com\/wp-content\/uploads\/2025\/07\/12-1-150x150.jpg 150w, https:\/\/lirolight.com\/wp-content\/uploads\/2025\/07\/12-1-768x768.jpg 768w, https:\/\/lirolight.com\/wp-content\/uploads\/2025\/07\/12-1-12x12.jpg 12w, https:\/\/lirolight.com\/wp-content\/uploads\/2025\/07\/12-1-441x441.jpg 441w, https:\/\/lirolight.com\/wp-content\/uploads\/2025\/07\/12-1-100x100.jpg 100w, https:\/\/lirolight.com\/wp-content\/uploads\/2025\/07\/12-1-500x500.jpg 500w, https:\/\/lirolight.com\/wp-content\/uploads\/2025\/07\/12-1-40x40.jpg 40w\" data-sizes=\"(max-width: 800px) 100vw, 800px\" src=\"data:image\/gif;base64,R0lGODlhAQABAAAAACH5BAEKAAEALAAAAAABAAEAAAICTAEAOw==\" style=\"--smush-placeholder-width: 800px; --smush-placeholder-aspect-ratio: 800\/800;\" \/><noscript><img decoding=\"async\" width=\"800\" height=\"800\" src=\"https:\/\/lirolight.com\/wp-content\/uploads\/2025\/07\/12-1.jpg\" alt=\"\" class=\"wp-image-8268\" srcset=\"https:\/\/lirolight.com\/wp-content\/uploads\/2025\/07\/12-1.jpg 800w, https:\/\/lirolight.com\/wp-content\/uploads\/2025\/07\/12-1-300x300.jpg 300w, https:\/\/lirolight.com\/wp-content\/uploads\/2025\/07\/12-1-150x150.jpg 150w, https:\/\/lirolight.com\/wp-content\/uploads\/2025\/07\/12-1-768x768.jpg 768w, https:\/\/lirolight.com\/wp-content\/uploads\/2025\/07\/12-1-12x12.jpg 12w, https:\/\/lirolight.com\/wp-content\/uploads\/2025\/07\/12-1-441x441.jpg 441w, https:\/\/lirolight.com\/wp-content\/uploads\/2025\/07\/12-1-100x100.jpg 100w, https:\/\/lirolight.com\/wp-content\/uploads\/2025\/07\/12-1-500x500.jpg 500w, https:\/\/lirolight.com\/wp-content\/uploads\/2025\/07\/12-1-40x40.jpg 40w\" sizes=\"(max-width: 800px) 100vw, 800px\" \/><\/noscript><\/figure>\n<\/div>\n<\/div>\n\n\n\n<h2 class=\"wp-block-heading has-medium-font-size\">Sp\u00e9cification :<\/h2>\n\n\n\n<p>Puissance d'entr\u00e9e : AC90V-240V<br>Fr\u00e9quence d'alimentation : 50\/60Hz<br>Puissance : 480W<br>M\u00e9thode de dissipation de la chaleur : conduction de la chaleur par le m\u00e9tal<br>Temp\u00e9rature ambiante maximale de fonctionnement : 45\u00b0C<br>Nombre de billes lumineuses : 7 perles lumineuses haute luminosit\u00e9 de 60W + 168 perles lumineuses LED trois-en-un<br>type de perle lumineuse : Perle lumineuse RVB trois-en-un + perle lumineuse int\u00e9gr\u00e9e<br>Strobe : 1-25 fois\/seconde<br>Nombre de canaux de contr\u00f4le DMX : 8CH+32CH<br>Connecteur DMX : XLR 3 broches<br>Mode de fonctionnement : DMX\/Auto\/Contr\u00f4le vocal<br>Mode d'affichage : Tube num\u00e9rique LED<\/p>\n\n\n\n<p class=\"has-medium-font-size\"><strong>Param\u00e8tre :<\/strong><\/p>\n\n\n\n<figure class=\"wp-block-table\"><table class=\"has-fixed-layout\"><tbody><tr><td>Puissance<\/td><td>480W<\/td><\/tr><tr><td>M\u00e9thode de dissipation de la chaleur<\/td><td>conduction thermique du m\u00e9tal<\/td><\/tr><tr><td>Temp\u00e9rature ambiante maximale de fonctionnement<\/td><td>45\u00b0C<\/td><\/tr><tr><td>Nombre de perles lumineuses<\/td><td>7 perles lumineuses haute luminosit\u00e9 de 60W + 168 perles lumineuses LED trois-en-un<\/td><\/tr><tr><td>type de perle lumineuse<\/td><td>Perle lumineuse RVB trois en un + perle lumineuse int\u00e9gr\u00e9e<\/td><\/tr><tr><td>Strobe<\/td><td>1-25 fois\/seconde<\/td><\/tr><tr><td>Nombre de canaux de contr\u00f4le DMX<\/td><td>8CH+32CH<\/td><\/tr><tr><td>Connecteur DMX<\/td><td>3Pin XLR<br><\/td><\/tr><\/tbody><\/table><\/figure>\n\n\n\n<hr class=\"wp-block-separator has-alpha-channel-opacity\"\/>\n\n\n\n<h2 class=\"wp-block-heading\">Heure du spectacle :<\/h2>\n\n\n\n<figure class=\"wp-block-image alignwide size-large\"><img decoding=\"async\" width=\"1024\" height=\"576\" data-src=\"https:\/\/lirolight.com\/wp-content\/uploads\/2025\/08\/DMX-7-Eyes-60w-Retro-Stage-Light-RGB-Control-New-Halogen-SMD5050-7X60W-LED-Retro-Portman-Light-4-1024x576.jpg\" alt=\"\" class=\"wp-image-9184 lazyload\" data-srcset=\"https:\/\/lirolight.com\/wp-content\/uploads\/2025\/08\/DMX-7-Eyes-60w-Retro-Stage-Light-RGB-Control-New-Halogen-SMD5050-7X60W-LED-Retro-Portman-Light-4-1024x576.jpg 1024w, https:\/\/lirolight.com\/wp-content\/uploads\/2025\/08\/DMX-7-Eyes-60w-Retro-Stage-Light-RGB-Control-New-Halogen-SMD5050-7X60W-LED-Retro-Portman-Light-4-300x169.jpg 300w, https:\/\/lirolight.com\/wp-content\/uploads\/2025\/08\/DMX-7-Eyes-60w-Retro-Stage-Light-RGB-Control-New-Halogen-SMD5050-7X60W-LED-Retro-Portman-Light-4-768x432.jpg 768w, https:\/\/lirolight.com\/wp-content\/uploads\/2025\/08\/DMX-7-Eyes-60w-Retro-Stage-Light-RGB-Control-New-Halogen-SMD5050-7X60W-LED-Retro-Portman-Light-4-1536x864.jpg 1536w, https:\/\/lirolight.com\/wp-content\/uploads\/2025\/08\/DMX-7-Eyes-60w-Retro-Stage-Light-RGB-Control-New-Halogen-SMD5050-7X60W-LED-Retro-Portman-Light-4-18x10.jpg 18w, https:\/\/lirolight.com\/wp-content\/uploads\/2025\/08\/DMX-7-Eyes-60w-Retro-Stage-Light-RGB-Control-New-Halogen-SMD5050-7X60W-LED-Retro-Portman-Light-4-990x557.jpg 990w, https:\/\/lirolight.com\/wp-content\/uploads\/2025\/08\/DMX-7-Eyes-60w-Retro-Stage-Light-RGB-Control-New-Halogen-SMD5050-7X60W-LED-Retro-Portman-Light-4-441x248.jpg 441w, https:\/\/lirolight.com\/wp-content\/uploads\/2025\/08\/DMX-7-Eyes-60w-Retro-Stage-Light-RGB-Control-New-Halogen-SMD5050-7X60W-LED-Retro-Portman-Light-4-800x450.jpg 800w, https:\/\/lirolight.com\/wp-content\/uploads\/2025\/08\/DMX-7-Eyes-60w-Retro-Stage-Light-RGB-Control-New-Halogen-SMD5050-7X60W-LED-Retro-Portman-Light-4-150x84.jpg 150w, https:\/\/lirolight.com\/wp-content\/uploads\/2025\/08\/DMX-7-Eyes-60w-Retro-Stage-Light-RGB-Control-New-Halogen-SMD5050-7X60W-LED-Retro-Portman-Light-4-60x34.jpg 60w, https:\/\/lirolight.com\/wp-content\/uploads\/2025\/08\/DMX-7-Eyes-60w-Retro-Stage-Light-RGB-Control-New-Halogen-SMD5050-7X60W-LED-Retro-Portman-Light-4.jpg 1920w\" data-sizes=\"(max-width: 1024px) 100vw, 1024px\" src=\"data:image\/gif;base64,R0lGODlhAQABAAAAACH5BAEKAAEALAAAAAABAAEAAAICTAEAOw==\" style=\"--smush-placeholder-width: 1024px; --smush-placeholder-aspect-ratio: 1024\/576;\" \/><noscript><img decoding=\"async\" width=\"1024\" height=\"576\" src=\"https:\/\/lirolight.com\/wp-content\/uploads\/2025\/08\/DMX-7-Eyes-60w-Retro-Stage-Light-RGB-Control-New-Halogen-SMD5050-7X60W-LED-Retro-Portman-Light-4-1024x576.jpg\" alt=\"\" class=\"wp-image-9184\" srcset=\"https:\/\/lirolight.com\/wp-content\/uploads\/2025\/08\/DMX-7-Eyes-60w-Retro-Stage-Light-RGB-Control-New-Halogen-SMD5050-7X60W-LED-Retro-Portman-Light-4-1024x576.jpg 1024w, https:\/\/lirolight.com\/wp-content\/uploads\/2025\/08\/DMX-7-Eyes-60w-Retro-Stage-Light-RGB-Control-New-Halogen-SMD5050-7X60W-LED-Retro-Portman-Light-4-300x169.jpg 300w, https:\/\/lirolight.com\/wp-content\/uploads\/2025\/08\/DMX-7-Eyes-60w-Retro-Stage-Light-RGB-Control-New-Halogen-SMD5050-7X60W-LED-Retro-Portman-Light-4-768x432.jpg 768w, https:\/\/lirolight.com\/wp-content\/uploads\/2025\/08\/DMX-7-Eyes-60w-Retro-Stage-Light-RGB-Control-New-Halogen-SMD5050-7X60W-LED-Retro-Portman-Light-4-1536x864.jpg 1536w, https:\/\/lirolight.com\/wp-content\/uploads\/2025\/08\/DMX-7-Eyes-60w-Retro-Stage-Light-RGB-Control-New-Halogen-SMD5050-7X60W-LED-Retro-Portman-Light-4-18x10.jpg 18w, https:\/\/lirolight.com\/wp-content\/uploads\/2025\/08\/DMX-7-Eyes-60w-Retro-Stage-Light-RGB-Control-New-Halogen-SMD5050-7X60W-LED-Retro-Portman-Light-4-990x557.jpg 990w, https:\/\/lirolight.com\/wp-content\/uploads\/2025\/08\/DMX-7-Eyes-60w-Retro-Stage-Light-RGB-Control-New-Halogen-SMD5050-7X60W-LED-Retro-Portman-Light-4-441x248.jpg 441w, https:\/\/lirolight.com\/wp-content\/uploads\/2025\/08\/DMX-7-Eyes-60w-Retro-Stage-Light-RGB-Control-New-Halogen-SMD5050-7X60W-LED-Retro-Portman-Light-4-800x450.jpg 800w, https:\/\/lirolight.com\/wp-content\/uploads\/2025\/08\/DMX-7-Eyes-60w-Retro-Stage-Light-RGB-Control-New-Halogen-SMD5050-7X60W-LED-Retro-Portman-Light-4-150x84.jpg 150w, https:\/\/lirolight.com\/wp-content\/uploads\/2025\/08\/DMX-7-Eyes-60w-Retro-Stage-Light-RGB-Control-New-Halogen-SMD5050-7X60W-LED-Retro-Portman-Light-4-60x34.jpg 60w, https:\/\/lirolight.com\/wp-content\/uploads\/2025\/08\/DMX-7-Eyes-60w-Retro-Stage-Light-RGB-Control-New-Halogen-SMD5050-7X60W-LED-Retro-Portman-Light-4.jpg 1920w\" sizes=\"(max-width: 1024px) 100vw, 1024px\" \/><\/noscript><\/figure>\n\n\n\n<figure class=\"wp-block-image alignwide size-large\"><img loading=\"lazy\" decoding=\"async\" width=\"1024\" height=\"576\" data-src=\"https:\/\/lirolight.com\/wp-content\/uploads\/2025\/08\/DMX-7-Eyes-60w-Retro-Stage-Light-RGB-Control-New-Halogen-SMD5050-7X60W-LED-Retro-Portman-Light-3-1024x576.jpg\" alt=\"\" class=\"wp-image-9183 lazyload\" data-srcset=\"https:\/\/lirolight.com\/wp-content\/uploads\/2025\/08\/DMX-7-Eyes-60w-Retro-Stage-Light-RGB-Control-New-Halogen-SMD5050-7X60W-LED-Retro-Portman-Light-3-1024x576.jpg 1024w, https:\/\/lirolight.com\/wp-content\/uploads\/2025\/08\/DMX-7-Eyes-60w-Retro-Stage-Light-RGB-Control-New-Halogen-SMD5050-7X60W-LED-Retro-Portman-Light-3-300x169.jpg 300w, https:\/\/lirolight.com\/wp-content\/uploads\/2025\/08\/DMX-7-Eyes-60w-Retro-Stage-Light-RGB-Control-New-Halogen-SMD5050-7X60W-LED-Retro-Portman-Light-3-768x432.jpg 768w, https:\/\/lirolight.com\/wp-content\/uploads\/2025\/08\/DMX-7-Eyes-60w-Retro-Stage-Light-RGB-Control-New-Halogen-SMD5050-7X60W-LED-Retro-Portman-Light-3-1536x864.jpg 1536w, https:\/\/lirolight.com\/wp-content\/uploads\/2025\/08\/DMX-7-Eyes-60w-Retro-Stage-Light-RGB-Control-New-Halogen-SMD5050-7X60W-LED-Retro-Portman-Light-3-18x10.jpg 18w, https:\/\/lirolight.com\/wp-content\/uploads\/2025\/08\/DMX-7-Eyes-60w-Retro-Stage-Light-RGB-Control-New-Halogen-SMD5050-7X60W-LED-Retro-Portman-Light-3-990x557.jpg 990w, https:\/\/lirolight.com\/wp-content\/uploads\/2025\/08\/DMX-7-Eyes-60w-Retro-Stage-Light-RGB-Control-New-Halogen-SMD5050-7X60W-LED-Retro-Portman-Light-3-441x248.jpg 441w, https:\/\/lirolight.com\/wp-content\/uploads\/2025\/08\/DMX-7-Eyes-60w-Retro-Stage-Light-RGB-Control-New-Halogen-SMD5050-7X60W-LED-Retro-Portman-Light-3-800x450.jpg 800w, https:\/\/lirolight.com\/wp-content\/uploads\/2025\/08\/DMX-7-Eyes-60w-Retro-Stage-Light-RGB-Control-New-Halogen-SMD5050-7X60W-LED-Retro-Portman-Light-3-150x84.jpg 150w, https:\/\/lirolight.com\/wp-content\/uploads\/2025\/08\/DMX-7-Eyes-60w-Retro-Stage-Light-RGB-Control-New-Halogen-SMD5050-7X60W-LED-Retro-Portman-Light-3-60x34.jpg 60w, https:\/\/lirolight.com\/wp-content\/uploads\/2025\/08\/DMX-7-Eyes-60w-Retro-Stage-Light-RGB-Control-New-Halogen-SMD5050-7X60W-LED-Retro-Portman-Light-3.jpg 1920w\" data-sizes=\"(max-width: 1024px) 100vw, 1024px\" src=\"data:image\/gif;base64,R0lGODlhAQABAAAAACH5BAEKAAEALAAAAAABAAEAAAICTAEAOw==\" style=\"--smush-placeholder-width: 1024px; --smush-placeholder-aspect-ratio: 1024\/576;\" \/><noscript><img loading=\"lazy\" decoding=\"async\" width=\"1024\" height=\"576\" src=\"https:\/\/lirolight.com\/wp-content\/uploads\/2025\/08\/DMX-7-Eyes-60w-Retro-Stage-Light-RGB-Control-New-Halogen-SMD5050-7X60W-LED-Retro-Portman-Light-3-1024x576.jpg\" alt=\"\" class=\"wp-image-9183\" srcset=\"https:\/\/lirolight.com\/wp-content\/uploads\/2025\/08\/DMX-7-Eyes-60w-Retro-Stage-Light-RGB-Control-New-Halogen-SMD5050-7X60W-LED-Retro-Portman-Light-3-1024x576.jpg 1024w, https:\/\/lirolight.com\/wp-content\/uploads\/2025\/08\/DMX-7-Eyes-60w-Retro-Stage-Light-RGB-Control-New-Halogen-SMD5050-7X60W-LED-Retro-Portman-Light-3-300x169.jpg 300w, https:\/\/lirolight.com\/wp-content\/uploads\/2025\/08\/DMX-7-Eyes-60w-Retro-Stage-Light-RGB-Control-New-Halogen-SMD5050-7X60W-LED-Retro-Portman-Light-3-768x432.jpg 768w, https:\/\/lirolight.com\/wp-content\/uploads\/2025\/08\/DMX-7-Eyes-60w-Retro-Stage-Light-RGB-Control-New-Halogen-SMD5050-7X60W-LED-Retro-Portman-Light-3-1536x864.jpg 1536w, https:\/\/lirolight.com\/wp-content\/uploads\/2025\/08\/DMX-7-Eyes-60w-Retro-Stage-Light-RGB-Control-New-Halogen-SMD5050-7X60W-LED-Retro-Portman-Light-3-18x10.jpg 18w, https:\/\/lirolight.com\/wp-content\/uploads\/2025\/08\/DMX-7-Eyes-60w-Retro-Stage-Light-RGB-Control-New-Halogen-SMD5050-7X60W-LED-Retro-Portman-Light-3-990x557.jpg 990w, https:\/\/lirolight.com\/wp-content\/uploads\/2025\/08\/DMX-7-Eyes-60w-Retro-Stage-Light-RGB-Control-New-Halogen-SMD5050-7X60W-LED-Retro-Portman-Light-3-441x248.jpg 441w, https:\/\/lirolight.com\/wp-content\/uploads\/2025\/08\/DMX-7-Eyes-60w-Retro-Stage-Light-RGB-Control-New-Halogen-SMD5050-7X60W-LED-Retro-Portman-Light-3-800x450.jpg 800w, https:\/\/lirolight.com\/wp-content\/uploads\/2025\/08\/DMX-7-Eyes-60w-Retro-Stage-Light-RGB-Control-New-Halogen-SMD5050-7X60W-LED-Retro-Portman-Light-3-150x84.jpg 150w, https:\/\/lirolight.com\/wp-content\/uploads\/2025\/08\/DMX-7-Eyes-60w-Retro-Stage-Light-RGB-Control-New-Halogen-SMD5050-7X60W-LED-Retro-Portman-Light-3-60x34.jpg 60w, https:\/\/lirolight.com\/wp-content\/uploads\/2025\/08\/DMX-7-Eyes-60w-Retro-Stage-Light-RGB-Control-New-Halogen-SMD5050-7X60W-LED-Retro-Portman-Light-3.jpg 1920w\" sizes=\"(max-width: 1024px) 100vw, 1024px\" \/><\/noscript><\/figure>","protected":false},"excerpt":{"rendered":"<div class=\"QFw9Te BLojaf\">\n<div class=\"hlJJmd\">\n<div class=\"Bmcqed\" dir=\"ltr\">\n<div data-id=\"kvLWu\">\u00c9quip\u00e9e de sept LED COB (Chip On Board) de 60w, cette lampe d\u00e9livre une puissance impressionnante pour des couleurs vibrantes et satur\u00e9es.<br \/>La prise en charge d'un spectre complet de couleurs RVB permet d'obtenir une large gamme d'effets de couleurs dynamiques adapt\u00e9s \u00e0 diff\u00e9rents th\u00e8mes et ambiances.<\/div>\n<\/div>\n<\/div>\n<\/div>\n<blockquote><p>\u00a0<\/p><\/blockquote>\n<p>&nbsp;<\/p>","protected":false},"featured_media":9182,"comment_status":"open","ping_status":"closed","template":"","meta":[],"product_brand":[],"product_cat":[86],"product_tag":[272,271,270,268,269],"class_list":{"0":"post-9180","1":"product","2":"type-product","3":"status-publish","4":"has-post-thumbnail","6":"product_cat-led-retro-light","7":"product_tag-liro-lite-dmx-7-eyes-60w-retro-stage-light-rgb-control-new-halogen-smd5050-7x60w-led-retro-portman-light","8":"product_tag-pixel-strobe-stage-lighting","9":"product_tag-retro-led-strobe-light","10":"product_tag-retro-stage-light","11":"product_tag-retro-stage-strobe-light","13":"first","14":"instock","15":"shipping-taxable","16":"product-type-simple"},"_links":{"self":[{"href":"https:\/\/lirolight.com\/fr\/wp-json\/wp\/v2\/product\/9180","targetHints":{"allow":["GET"]}}],"collection":[{"href":"https:\/\/lirolight.com\/fr\/wp-json\/wp\/v2\/product"}],"about":[{"href":"https:\/\/lirolight.com\/fr\/wp-json\/wp\/v2\/types\/product"}],"replies":[{"embeddable":true,"href":"https:\/\/lirolight.com\/fr\/wp-json\/wp\/v2\/comments?post=9180"}],"version-history":[{"count":6,"href":"https:\/\/lirolight.com\/fr\/wp-json\/wp\/v2\/product\/9180\/revisions"}],"predecessor-version":[{"id":10506,"href":"https:\/\/lirolight.com\/fr\/wp-json\/wp\/v2\/product\/9180\/revisions\/10506"}],"wp:featuredmedia":[{"embeddable":true,"href":"https:\/\/lirolight.com\/fr\/wp-json\/wp\/v2\/media\/9182"}],"wp:attachment":[{"href":"https:\/\/lirolight.com\/fr\/wp-json\/wp\/v2\/media?parent=9180"}],"wp:term":[{"taxonomy":"product_brand","embeddable":true,"href":"https:\/\/lirolight.com\/fr\/wp-json\/wp\/v2\/product_brand?post=9180"},{"taxonomy":"product_cat","embeddable":true,"href":"https:\/\/lirolight.com\/fr\/wp-json\/wp\/v2\/product_cat?post=9180"},{"taxonomy":"product_tag","embeddable":true,"href":"https:\/\/lirolight.com\/fr\/wp-json\/wp\/v2\/product_tag?post=9180"}],"curies":[{"name":"wp","href":"https:\/\/api.w.org\/{rel}","templated":true}]}}